{"id":38970,"date":"2025-01-27T14:14:32","date_gmt":"2025-01-28T14:39:54","guid":{"rendered":"https:\/\/naturalpoland.com\/produkty\/non class\u00e9\/benfotiamine\/"},"modified":"2025-01-28T15:39:54","modified_gmt":"2025-01-28T14:39:54","slug":"benfotiamine","status":"publish","type":"product","link":"https:\/\/naturalpoland.com\/fr\/produkty\/produits-pour-les-industries-pharmaceutiques-et-medicales\/vitamines\/benfotiamine\/","title":{"rendered":"Benfotiamine"},"content":{"rendered":"<h2>Propri\u00e9t\u00e9s de la benfotiamine pour la sant\u00e9<\/h2>\n<p>La benfotiamine soutient le m\u00e9tabolisme des cellules nerveuses, contribuant ainsi \u00e0 prot\u00e9ger le syst\u00e8me nerveux contre les dommages. Elle active les enzymes impliqu\u00e9es dans le m\u00e9tabolisme \u00e9nerg\u00e9tique (y compris la pyruvate d\u00e9shydrog\u00e9nase), contribuant \u00e0 d\u00e9composer le glucose et \u00e0 g\u00e9n\u00e9rer de l&rsquo;\u00e9nergie dans les cellules. Ce produit est extr\u00eamement efficace pour r\u00e9duire les effets de l&rsquo;exc\u00e8s de glucose dans l&rsquo;organisme, contribuant ainsi au traitement et \u00e0 la pr\u00e9vention du diab\u00e8te. La benfotiamine, gr\u00e2ce \u00e0 ses propri\u00e9t\u00e9s antioxydantes, prot\u00e8ge l&rsquo;organisme du stress oxydatif, r\u00e9duisant ainsi le risque de dommages caus\u00e9s aux cellules par les radicaux libres. Elle a \u00e9galement des effets anti-inflammatoires, ce qui est important dans le traitement des maladies chroniques telles que la r\u00e9tinopathie, la n\u00e9phropathie et la neuropathie diab\u00e9tiques. Des \u00e9tudes sugg\u00e8rent qu&rsquo;une suppl\u00e9mentation en benfotiamine favorise la sant\u00e9 cardiaque, r\u00e9duit le risque d&rsquo;ath\u00e9roscl\u00e9rose et am\u00e9liore les fonctions cognitives.  <\/p>\n<h2>Utilisation de la benfotiamine<\/h2>\n<p>La benfotiamine est recommand\u00e9e dans la suppl\u00e9mentation alimentaire des personnes souffrant de neuropathie diab\u00e9tique, de syndrome m\u00e9tabolique et de maladies du syst\u00e8me nerveux. Elle est \u00e9galement efficace pour combler les carences en thiamine chez les personnes sous dialyse, vivant sous stress et suivant des r\u00e9gimes hypocaloriques. Elle est \u00e9galement utilis\u00e9e dans la pr\u00e9vention de l&rsquo;ath\u00e9roscl\u00e9rose et pour prot\u00e9ger les reins des effets n\u00e9fastes de l&rsquo;exc\u00e8s de glucose.  <\/p>\n","protected":false},"excerpt":{"rendered":"<p>La benfotiamine est un d\u00e9riv\u00e9 synth\u00e9tique de la thiamine (<a href=\"https:\/\/naturalpoland.com\/produkty\/produkty-dla-przemyslu-farmaceutycznego-i-medycznego\/witaminy\/witamina-b1\/\"><strong>vitamine B1<\/strong><\/a>). Elle est hautement biodisponible et liposoluble. Elle se caract\u00e9rise par ses effets b\u00e9n\u00e9fiques sur les syst\u00e8mes nerveux et circulatoire.  <\/p>\n","protected":false},"featured_media":38916,"template":"","meta":{"_acf_changed":false},"product_brand":[],"product_cat":[1302],"product_tag":[],"class_list":{"0":"post-38970","1":"product","2":"type-product","3":"status-publish","4":"has-post-thumbnail","6":"product_cat-vitamines","7":"pa_skladnik-aktywny-benfotiamine","9":"first","10":"instock","11":"shipping-taxable","12":"product-type-simple"},"acf":[],"yoast_head":"<!-- This site is optimized with the Yoast SEO plugin v27.5 - https:\/\/yoast.com\/product\/yoast-seo-wordpress\/ -->\n<title>Benfotiamine - Distributeur en gros de mati\u00e8res premi\u00e8res<\/title>\n<meta name=\"description\" content=\"La benfotiamine est un suppl\u00e9ment avanc\u00e9 qui favorise la sant\u00e9 m\u00e9tabolique, neurologique et circulatoire. C&#039;est un d\u00e9riv\u00e9 synth\u00e9tique de la thiamine (vitamine B1).\" \/>\n<meta name=\"robots\" content=\"index, follow, max-snippet:-1, max-image-preview:large, max-video-preview:-1\" \/>\n<link rel=\"canonical\" href=\"https:\/\/naturalpoland.com\/fr\/produkty\/produits-pour-les-industries-pharmaceutiques-et-medicales\/vitamines\/benfotiamine\/\" \/>\n<meta property=\"og:locale\" content=\"fr_FR\" \/>\n<meta property=\"og:type\" content=\"article\" \/>\n<meta property=\"og:title\" content=\"Benfotiamine - Distributeur en gros de mati\u00e8res premi\u00e8res\" \/>\n<meta property=\"og:description\" content=\"La benfotiamine est un suppl\u00e9ment avanc\u00e9 qui favorise la sant\u00e9 m\u00e9tabolique, neurologique et circulatoire. C&#039;est un d\u00e9riv\u00e9 synth\u00e9tique de la thiamine (vitamine B1).\" \/>\n<meta property=\"og:url\" content=\"https:\/\/naturalpoland.com\/fr\/produkty\/produits-pour-les-industries-pharmaceutiques-et-medicales\/vitamines\/benfotiamine\/\" \/>\n<meta property=\"og:site_name\" content=\"NATURAL POLAND - Distributeur de mati\u00e8res premi\u00e8res en gros\" \/>\n<meta property=\"article:publisher\" content=\"https:\/\/www.facebook.com\/naturalpoland.b2b\" \/>\n<meta property=\"og:image\" content=\"https:\/\/naturalpoland.com\/wp-content\/uploads\/benfotiamina.webp\" \/>\n\t<meta property=\"og:image:width\" content=\"590\" \/>\n\t<meta property=\"og:image:height\" content=\"590\" \/>\n\t<meta property=\"og:image:type\" content=\"image\/webp\" \/>\n<script type=\"application\/ld+json\" class=\"yoast-schema-graph\">{\"@context\":\"https:\\\/\\\/schema.org\",\"@graph\":[{\"@type\":\"WebPage\",\"@id\":\"https:\\\/\\\/naturalpoland.com\\\/fr\\\/produkty\\\/produits-pour-les-industries-pharmaceutiques-et-medicales\\\/vitamines\\\/benfotiamine\\\/\",\"url\":\"https:\\\/\\\/naturalpoland.com\\\/fr\\\/produkty\\\/produits-pour-les-industries-pharmaceutiques-et-medicales\\\/vitamines\\\/benfotiamine\\\/\",\"name\":\"Benfotiamine - Distributeur en gros de mati\u00e8res premi\u00e8res\",\"isPartOf\":{\"@id\":\"https:\\\/\\\/naturalpoland.com\\\/fr\\\/#website\"},\"primaryImageOfPage\":{\"@id\":\"https:\\\/\\\/naturalpoland.com\\\/fr\\\/produkty\\\/produits-pour-les-industries-pharmaceutiques-et-medicales\\\/vitamines\\\/benfotiamine\\\/#primaryimage\"},\"image\":{\"@id\":\"https:\\\/\\\/naturalpoland.com\\\/fr\\\/produkty\\\/produits-pour-les-industries-pharmaceutiques-et-medicales\\\/vitamines\\\/benfotiamine\\\/#primaryimage\"},\"thumbnailUrl\":\"https:\\\/\\\/naturalpoland.com\\\/wp-content\\\/uploads\\\/benfotiamina.webp\",\"datePublished\":\"2025-01-28T14:39:54+00:00\",\"description\":\"La benfotiamine est un suppl\u00e9ment avanc\u00e9 qui favorise la sant\u00e9 m\u00e9tabolique, neurologique et circulatoire. C'est un d\u00e9riv\u00e9 synth\u00e9tique de la thiamine (vitamine B1).\",\"breadcrumb\":{\"@id\":\"https:\\\/\\\/naturalpoland.com\\\/fr\\\/produkty\\\/produits-pour-les-industries-pharmaceutiques-et-medicales\\\/vitamines\\\/benfotiamine\\\/#breadcrumb\"},\"inLanguage\":\"fr-FR\",\"potentialAction\":[{\"@type\":\"ReadAction\",\"target\":[\"https:\\\/\\\/naturalpoland.com\\\/fr\\\/produkty\\\/produits-pour-les-industries-pharmaceutiques-et-medicales\\\/vitamines\\\/benfotiamine\\\/\"]}]},{\"@type\":\"ImageObject\",\"inLanguage\":\"fr-FR\",\"@id\":\"https:\\\/\\\/naturalpoland.com\\\/fr\\\/produkty\\\/produits-pour-les-industries-pharmaceutiques-et-medicales\\\/vitamines\\\/benfotiamine\\\/#primaryimage\",\"url\":\"https:\\\/\\\/naturalpoland.com\\\/wp-content\\\/uploads\\\/benfotiamina.webp\",\"contentUrl\":\"https:\\\/\\\/naturalpoland.com\\\/wp-content\\\/uploads\\\/benfotiamina.webp\",\"width\":590,\"height\":590,\"caption\":\"Benfotiamina\"},{\"@type\":\"BreadcrumbList\",\"@id\":\"https:\\\/\\\/naturalpoland.com\\\/fr\\\/produkty\\\/produits-pour-les-industries-pharmaceutiques-et-medicales\\\/vitamines\\\/benfotiamine\\\/#breadcrumb\",\"itemListElement\":[{\"@type\":\"ListItem\",\"position\":1,\"name\":\"Accueil\",\"item\":\"https:\\\/\\\/naturalpoland.com\\\/fr\\\/\"},{\"@type\":\"ListItem\",\"position\":2,\"name\":\"Produits\",\"item\":\"https:\\\/\\\/naturalpoland.com\\\/fr\\\/produits\\\/\"},{\"@type\":\"ListItem\",\"position\":3,\"name\":\"Benfotiamine\"}]},{\"@type\":\"WebSite\",\"@id\":\"https:\\\/\\\/naturalpoland.com\\\/fr\\\/#website\",\"url\":\"https:\\\/\\\/naturalpoland.com\\\/fr\\\/\",\"name\":\"NATURAL POLAND - Distributeur de mati\u00e8res premi\u00e8res en gros\",\"description\":\"Surowce dla przemys\u0142u spo\u017cywczego, kosmetycznego i farmaceutycznego\",\"publisher\":{\"@id\":\"https:\\\/\\\/naturalpoland.com\\\/fr\\\/#organization\"},\"potentialAction\":[{\"@type\":\"SearchAction\",\"target\":{\"@type\":\"EntryPoint\",\"urlTemplate\":\"https:\\\/\\\/naturalpoland.com\\\/fr\\\/?s={search_term_string}\"},\"query-input\":{\"@type\":\"PropertyValueSpecification\",\"valueRequired\":true,\"valueName\":\"search_term_string\"}}],\"inLanguage\":\"fr-FR\"},{\"@type\":\"Organization\",\"@id\":\"https:\\\/\\\/naturalpoland.com\\\/fr\\\/#organization\",\"name\":\"Natural Poland\",\"url\":\"https:\\\/\\\/naturalpoland.com\\\/fr\\\/\",\"logo\":{\"@type\":\"ImageObject\",\"inLanguage\":\"fr-FR\",\"@id\":\"https:\\\/\\\/naturalpoland.com\\\/fr\\\/#\\\/schema\\\/logo\\\/image\\\/\",\"url\":\"https:\\\/\\\/naturalpoland.com\\\/wp-content\\\/uploads\\\/2021\\\/05\\\/natural-poland-icon.png\",\"contentUrl\":\"https:\\\/\\\/naturalpoland.com\\\/wp-content\\\/uploads\\\/2021\\\/05\\\/natural-poland-icon.png\",\"width\":512,\"height\":512,\"caption\":\"Natural Poland\"},\"image\":{\"@id\":\"https:\\\/\\\/naturalpoland.com\\\/fr\\\/#\\\/schema\\\/logo\\\/image\\\/\"},\"sameAs\":[\"https:\\\/\\\/www.facebook.com\\\/naturalpoland.b2b\",\"https:\\\/\\\/pl.linkedin.com\\\/company\\\/natural-poland\",\"https:\\\/\\\/www.youtube.com\\\/channel\\\/UCgeGGkvOMahZo-xu_MSEWxg\"]}]}<\/script>\n<!-- \/ Yoast SEO plugin. -->","yoast_head_json":{"title":"Benfotiamine - Distributeur en gros de mati\u00e8res premi\u00e8res","description":"La benfotiamine est un suppl\u00e9ment avanc\u00e9 qui favorise la sant\u00e9 m\u00e9tabolique, neurologique et circulatoire. C'est un d\u00e9riv\u00e9 synth\u00e9tique de la thiamine (vitamine B1).","robots":{"index":"index","follow":"follow","max-snippet":"max-snippet:-1","max-image-preview":"max-image-preview:large","max-video-preview":"max-video-preview:-1"},"canonical":"https:\/\/naturalpoland.com\/fr\/produkty\/produits-pour-les-industries-pharmaceutiques-et-medicales\/vitamines\/benfotiamine\/","og_locale":"fr_FR","og_type":"article","og_title":"Benfotiamine - Distributeur en gros de mati\u00e8res premi\u00e8res","og_description":"La benfotiamine est un suppl\u00e9ment avanc\u00e9 qui favorise la sant\u00e9 m\u00e9tabolique, neurologique et circulatoire. C'est un d\u00e9riv\u00e9 synth\u00e9tique de la thiamine (vitamine B1).","og_url":"https:\/\/naturalpoland.com\/fr\/produkty\/produits-pour-les-industries-pharmaceutiques-et-medicales\/vitamines\/benfotiamine\/","og_site_name":"NATURAL POLAND - Distributeur de mati\u00e8res premi\u00e8res en gros","article_publisher":"https:\/\/www.facebook.com\/naturalpoland.b2b","og_image":[{"width":590,"height":590,"url":"https:\/\/naturalpoland.com\/wp-content\/uploads\/benfotiamina.webp","type":"image\/webp"}],"schema":{"@context":"https:\/\/schema.org","@graph":[{"@type":"WebPage","@id":"https:\/\/naturalpoland.com\/fr\/produkty\/produits-pour-les-industries-pharmaceutiques-et-medicales\/vitamines\/benfotiamine\/","url":"https:\/\/naturalpoland.com\/fr\/produkty\/produits-pour-les-industries-pharmaceutiques-et-medicales\/vitamines\/benfotiamine\/","name":"Benfotiamine - Distributeur en gros de mati\u00e8res premi\u00e8res","isPartOf":{"@id":"https:\/\/naturalpoland.com\/fr\/#website"},"primaryImageOfPage":{"@id":"https:\/\/naturalpoland.com\/fr\/produkty\/produits-pour-les-industries-pharmaceutiques-et-medicales\/vitamines\/benfotiamine\/#primaryimage"},"image":{"@id":"https:\/\/naturalpoland.com\/fr\/produkty\/produits-pour-les-industries-pharmaceutiques-et-medicales\/vitamines\/benfotiamine\/#primaryimage"},"thumbnailUrl":"https:\/\/naturalpoland.com\/wp-content\/uploads\/benfotiamina.webp","datePublished":"2025-01-28T14:39:54+00:00","description":"La benfotiamine est un suppl\u00e9ment avanc\u00e9 qui favorise la sant\u00e9 m\u00e9tabolique, neurologique et circulatoire. C'est un d\u00e9riv\u00e9 synth\u00e9tique de la thiamine (vitamine B1).","breadcrumb":{"@id":"https:\/\/naturalpoland.com\/fr\/produkty\/produits-pour-les-industries-pharmaceutiques-et-medicales\/vitamines\/benfotiamine\/#breadcrumb"},"inLanguage":"fr-FR","potentialAction":[{"@type":"ReadAction","target":["https:\/\/naturalpoland.com\/fr\/produkty\/produits-pour-les-industries-pharmaceutiques-et-medicales\/vitamines\/benfotiamine\/"]}]},{"@type":"ImageObject","inLanguage":"fr-FR","@id":"https:\/\/naturalpoland.com\/fr\/produkty\/produits-pour-les-industries-pharmaceutiques-et-medicales\/vitamines\/benfotiamine\/#primaryimage","url":"https:\/\/naturalpoland.com\/wp-content\/uploads\/benfotiamina.webp","contentUrl":"https:\/\/naturalpoland.com\/wp-content\/uploads\/benfotiamina.webp","width":590,"height":590,"caption":"Benfotiamina"},{"@type":"BreadcrumbList","@id":"https:\/\/naturalpoland.com\/fr\/produkty\/produits-pour-les-industries-pharmaceutiques-et-medicales\/vitamines\/benfotiamine\/#breadcrumb","itemListElement":[{"@type":"ListItem","position":1,"name":"Accueil","item":"https:\/\/naturalpoland.com\/fr\/"},{"@type":"ListItem","position":2,"name":"Produits","item":"https:\/\/naturalpoland.com\/fr\/produits\/"},{"@type":"ListItem","position":3,"name":"Benfotiamine"}]},{"@type":"WebSite","@id":"https:\/\/naturalpoland.com\/fr\/#website","url":"https:\/\/naturalpoland.com\/fr\/","name":"NATURAL POLAND - Distributeur de mati\u00e8res premi\u00e8res en gros","description":"Surowce dla przemys\u0142u spo\u017cywczego, kosmetycznego i farmaceutycznego","publisher":{"@id":"https:\/\/naturalpoland.com\/fr\/#organization"},"potentialAction":[{"@type":"SearchAction","target":{"@type":"EntryPoint","urlTemplate":"https:\/\/naturalpoland.com\/fr\/?s={search_term_string}"},"query-input":{"@type":"PropertyValueSpecification","valueRequired":true,"valueName":"search_term_string"}}],"inLanguage":"fr-FR"},{"@type":"Organization","@id":"https:\/\/naturalpoland.com\/fr\/#organization","name":"Natural Poland","url":"https:\/\/naturalpoland.com\/fr\/","logo":{"@type":"ImageObject","inLanguage":"fr-FR","@id":"https:\/\/naturalpoland.com\/fr\/#\/schema\/logo\/image\/","url":"https:\/\/naturalpoland.com\/wp-content\/uploads\/2021\/05\/natural-poland-icon.png","contentUrl":"https:\/\/naturalpoland.com\/wp-content\/uploads\/2021\/05\/natural-poland-icon.png","width":512,"height":512,"caption":"Natural Poland"},"image":{"@id":"https:\/\/naturalpoland.com\/fr\/#\/schema\/logo\/image\/"},"sameAs":["https:\/\/www.facebook.com\/naturalpoland.b2b","https:\/\/pl.linkedin.com\/company\/natural-poland","https:\/\/www.youtube.com\/channel\/UCgeGGkvOMahZo-xu_MSEWxg"]}]}},"_links":{"self":[{"href":"https:\/\/naturalpoland.com\/fr\/wp-json\/wp\/v2\/product\/38970","targetHints":{"allow":["GET"]}}],"collection":[{"href":"https:\/\/naturalpoland.com\/fr\/wp-json\/wp\/v2\/product"}],"about":[{"href":"https:\/\/naturalpoland.com\/fr\/wp-json\/wp\/v2\/types\/product"}],"wp:featuredmedia":[{"embeddable":true,"href":"https:\/\/naturalpoland.com\/fr\/wp-json\/wp\/v2\/media\/38916"}],"wp:attachment":[{"href":"https:\/\/naturalpoland.com\/fr\/wp-json\/wp\/v2\/media?parent=38970"}],"wp:term":[{"taxonomy":"product_brand","embeddable":true,"href":"https:\/\/naturalpoland.com\/fr\/wp-json\/wp\/v2\/product_brand?post=38970"},{"taxonomy":"product_cat","embeddable":true,"href":"https:\/\/naturalpoland.com\/fr\/wp-json\/wp\/v2\/product_cat?post=38970"},{"taxonomy":"product_tag","embeddable":true,"href":"https:\/\/naturalpoland.com\/fr\/wp-json\/wp\/v2\/product_tag?post=38970"}],"curies":[{"name":"wp","href":"https:\/\/api.w.org\/{rel}","templated":true}]}}