{"id":38988,"date":"2025-01-30T12:06:58","date_gmt":"2025-01-30T13:14:54","guid":{"rendered":"https:\/\/naturalpoland.com\/produkty\/non class\u00e9\/huile-darachide\/"},"modified":"2025-01-30T14:14:54","modified_gmt":"2025-01-30T13:14:54","slug":"huile-darachide","status":"publish","type":"product","link":"https:\/\/naturalpoland.com\/fr\/produkty\/huiles-alimentaires-et-cosmetiques\/huile-darachide\/","title":{"rendered":"Huile d&rsquo;arachide"},"content":{"rendered":"<h2>Caract\u00e9ristiques de l&rsquo;huile d&rsquo;arachide<\/h2>\n<p>L&rsquo;huile d&rsquo;arachide se caract\u00e9rise par une couleur jaune-or p\u00e2le, qui d\u00e9pend de la m\u00e9thode de pressage et du degr\u00e9 de purification de l&rsquo;huile. L&rsquo;huile a un ar\u00f4me doux, l\u00e9g\u00e8rement noiset\u00e9, qui donne aux produits cosm\u00e9tiques une saveur agr\u00e9able et naturelle. Dans le cas de l&rsquo;huile non raffin\u00e9e, l&rsquo;odeur est plus prononc\u00e9e, caract\u00e9ristique des arachides, tandis que l&rsquo;huile raffin\u00e9e est presque inodore, ce qui en fait une base appropri\u00e9e pour les cosm\u00e9tiques parfum\u00e9s. L&rsquo;huile d&rsquo;arachide est riche en de nombreux acides gras ayant des effets b\u00e9n\u00e9fiques sur la peau et les cheveux, notamment :  <\/p>\n<ul>\n<li>l&rsquo;acide linol\u00e9ique (om\u00e9ga-6), qui a des effets r\u00e9g\u00e9n\u00e9rateurs et hydratants,<\/li>\n<li>Acide ol\u00e9ique (om\u00e9ga-9) &#8211; effets nourrissants et adoucissants sur la peau,<\/li>\n<li>Acide palmitol\u00e9ique &#8211; forme une couche protectrice \u00e0 la surface de la peau, emp\u00eachant la perte d&rsquo;eau,<\/li>\n<li>Acide st\u00e9arique &#8211; aux effets apaisants et calmants.<\/li>\n<\/ul>\n<p>En outre, l&rsquo;huile d&rsquo;arachide est riche en <a href=\"https:\/\/naturalpoland.com\/produkty\/produkty-dla-przemyslu-farmaceutycznego-i-medycznego\/witaminy\/witamina-e\/\"><strong>vitamine E<\/strong><\/a>un puissant antioxydant qui prot\u00e8ge les cellules des radicaux libres, retardant ainsi le processus de vieillissement.<\/p>\n<h2>Propri\u00e9t\u00e9s de l&rsquo;huile d&rsquo;arachide<\/h2>\n<p>L&rsquo;huile pr\u00e9sente des propri\u00e9t\u00e9s de soin exceptionnelles pour les <strong>peaux s\u00e8ches et matures<\/strong>. Gr\u00e2ce \u00e0 sa teneur \u00e9lev\u00e9e en acides gras, l&rsquo;huile favorise la r\u00e9g\u00e9n\u00e9ration de la peau, am\u00e9liore son \u00e9lasticit\u00e9 et r\u00e9duit les signes du vieillissement. Ses propri\u00e9t\u00e9s anti-inflammatoires et apaisantes permettent de l&rsquo;utiliser dans des produits destin\u00e9s aux peaux <strong>sensibles<\/strong>, sujettes aux irritations et \u00e0 probl\u00e8mes, y compris les soins pour l&rsquo;acn\u00e9 et l&rsquo;ecz\u00e9ma. L&rsquo;huile d&rsquo;arachide est \u00e9galement un ingr\u00e9dient appr\u00e9ci\u00e9 en <strong>cosm\u00e9tique capillaire<\/strong>. Ce produit renforce efficacement la structure des cheveux, am\u00e9liore leur \u00e9lasticit\u00e9 et pr\u00e9vient la casse et la s\u00e9cheresse. Dans les produits de <strong>soin du cuir chevelu<\/strong>, elle pr\u00e9sente des propri\u00e9t\u00e9s apaisantes, soulageant les irritations et favorisant la sant\u00e9 des follicules pileux. Elle est \u00e9galement tr\u00e8s utilis\u00e9e dans les <strong>huiles de massage<\/strong>, car elle conf\u00e8re douceur et \u00e9lasticit\u00e9 \u00e0 la peau tout en contribuant \u00e0 sa r\u00e9g\u00e9n\u00e9ration. <\/p>\n<h2>Application<\/h2>\n<p>L&rsquo;huile d&rsquo;arachide se marie bien avec d&rsquo;autres ingr\u00e9dients actifs et est donc un ajout populaire \u00e0 une vari\u00e9t\u00e9 de produits cosm\u00e9tiques. Elle peut \u00eatre trouv\u00e9e dans la formulation : <\/p>\n<ul>\n<li>les cr\u00e8mes,<\/li>\n<li>lotions,<\/li>\n<li>\u00e9mulsions nettoyantes,<\/li>\n<li>les revitalisants capillaires,<\/li>\n<li>huiles corporelles,<\/li>\n<li>cosm\u00e9tiques pour les peaux sensibles et irritables,<\/li>\n<li>pour prot\u00e9ger la peau des effets n\u00e9gatifs de facteurs externes tels que les rayons UV ou les polluants environnementaux.<\/li>\n<\/ul>\n<h2>S\u00e9curit\u00e9<\/h2>\n<p>Bien que l&rsquo;huile d&rsquo;arachide puisse \u00eatre utilis\u00e9e sans danger dans les cosm\u00e9tiques, l&rsquo;Union europ\u00e9enne a adopt\u00e9 une r\u00e9glementation stricte concernant sa teneur dans les produits. En raison du risque potentiel d&rsquo;allergie associ\u00e9 aux prot\u00e9ines d&rsquo;arachide, sa<strong> concentration maximale dans les cosm\u00e9tiques a \u00e9t\u00e9 limit\u00e9e \u00e0 0,5 ppm<\/strong>. Les produits contenant de l&rsquo;huile d&rsquo;arachide doivent respecter ces exigences strictes.  <\/p>\n","protected":false},"excerpt":{"rendered":"<p><strong>Huile d&rsquo;arachide<\/strong> (<em><strong>huile d&rsquo;Arachis Hypogaea<\/strong><\/em>) est extraite par pression \u00e0 froid des arachides. Elle est utilis\u00e9e dans des produits cosm\u00e9tiques aux effets hydratants, protecteurs et r\u00e9g\u00e9n\u00e9rateurs. <\/p>\n","protected":false},"featured_media":38981,"template":"","meta":{"_acf_changed":false},"product_brand":[],"product_cat":[1296],"product_tag":[7524],"class_list":{"0":"post-38988","1":"product","2":"type-product","3":"status-publish","4":"has-post-thumbnail","6":"product_cat-huiles-alimentaires-et-cosmetiques","7":"product_tag-huile-de-noix","9":"first","10":"instock","11":"shipping-taxable","12":"product-type-simple"},"acf":[],"yoast_head":"<!-- This site is optimized with the Yoast SEO plugin v27.5 - https:\/\/yoast.com\/product\/yoast-seo-wordpress\/ -->\n<title>Huile d&#039;arachide - Distributeur en gros<\/title>\n<meta name=\"description\" content=\"L&#039;huile d&#039;arachide, \u00e9galement connue sous le nom d&#039;huile d&#039;Arachis Hypogaea, est une mati\u00e8re premi\u00e8re cosm\u00e9tique obtenue par pression \u00e0 froid des arachides.\" \/>\n<meta name=\"robots\" content=\"index, follow, max-snippet:-1, max-image-preview:large, max-video-preview:-1\" \/>\n<link rel=\"canonical\" href=\"https:\/\/naturalpoland.com\/fr\/produkty\/huiles-alimentaires-et-cosmetiques\/huile-darachide\/\" \/>\n<meta property=\"og:locale\" content=\"fr_FR\" \/>\n<meta property=\"og:type\" content=\"article\" \/>\n<meta property=\"og:title\" content=\"Huile d&#039;arachide - Distributeur en gros\" \/>\n<meta property=\"og:description\" content=\"L&#039;huile d&#039;arachide, \u00e9galement connue sous le nom d&#039;huile d&#039;Arachis Hypogaea, est une mati\u00e8re premi\u00e8re cosm\u00e9tique obtenue par pression \u00e0 froid des arachides.\" \/>\n<meta property=\"og:url\" content=\"https:\/\/naturalpoland.com\/fr\/produkty\/huiles-alimentaires-et-cosmetiques\/huile-darachide\/\" \/>\n<meta property=\"og:site_name\" content=\"NATURAL POLAND - Distributeur de mati\u00e8res premi\u00e8res en gros\" \/>\n<meta property=\"article:publisher\" content=\"https:\/\/www.facebook.com\/naturalpoland.b2b\" \/>\n<meta property=\"og:image\" content=\"https:\/\/naturalpoland.com\/wp-content\/uploads\/olej-arachidowy.webp\" \/>\n\t<meta property=\"og:image:width\" content=\"597\" \/>\n\t<meta property=\"og:image:height\" content=\"597\" \/>\n\t<meta property=\"og:image:type\" content=\"image\/webp\" \/>\n<script type=\"application\/ld+json\" class=\"yoast-schema-graph\">{\"@context\":\"https:\\\/\\\/schema.org\",\"@graph\":[{\"@type\":\"WebPage\",\"@id\":\"https:\\\/\\\/naturalpoland.com\\\/fr\\\/produkty\\\/huiles-alimentaires-et-cosmetiques\\\/huile-darachide\\\/\",\"url\":\"https:\\\/\\\/naturalpoland.com\\\/fr\\\/produkty\\\/huiles-alimentaires-et-cosmetiques\\\/huile-darachide\\\/\",\"name\":\"Huile d'arachide - Distributeur en gros\",\"isPartOf\":{\"@id\":\"https:\\\/\\\/naturalpoland.com\\\/fr\\\/#website\"},\"primaryImageOfPage\":{\"@id\":\"https:\\\/\\\/naturalpoland.com\\\/fr\\\/produkty\\\/huiles-alimentaires-et-cosmetiques\\\/huile-darachide\\\/#primaryimage\"},\"image\":{\"@id\":\"https:\\\/\\\/naturalpoland.com\\\/fr\\\/produkty\\\/huiles-alimentaires-et-cosmetiques\\\/huile-darachide\\\/#primaryimage\"},\"thumbnailUrl\":\"https:\\\/\\\/naturalpoland.com\\\/wp-content\\\/uploads\\\/olej-arachidowy.webp\",\"datePublished\":\"2025-01-30T13:14:54+00:00\",\"description\":\"L'huile d'arachide, \u00e9galement connue sous le nom d'huile d'Arachis Hypogaea, est une mati\u00e8re premi\u00e8re cosm\u00e9tique obtenue par pression \u00e0 froid des arachides.\",\"breadcrumb\":{\"@id\":\"https:\\\/\\\/naturalpoland.com\\\/fr\\\/produkty\\\/huiles-alimentaires-et-cosmetiques\\\/huile-darachide\\\/#breadcrumb\"},\"inLanguage\":\"fr-FR\",\"potentialAction\":[{\"@type\":\"ReadAction\",\"target\":[\"https:\\\/\\\/naturalpoland.com\\\/fr\\\/produkty\\\/huiles-alimentaires-et-cosmetiques\\\/huile-darachide\\\/\"]}]},{\"@type\":\"ImageObject\",\"inLanguage\":\"fr-FR\",\"@id\":\"https:\\\/\\\/naturalpoland.com\\\/fr\\\/produkty\\\/huiles-alimentaires-et-cosmetiques\\\/huile-darachide\\\/#primaryimage\",\"url\":\"https:\\\/\\\/naturalpoland.com\\\/wp-content\\\/uploads\\\/olej-arachidowy.webp\",\"contentUrl\":\"https:\\\/\\\/naturalpoland.com\\\/wp-content\\\/uploads\\\/olej-arachidowy.webp\",\"width\":597,\"height\":597,\"caption\":\"Olej arachidowy\"},{\"@type\":\"BreadcrumbList\",\"@id\":\"https:\\\/\\\/naturalpoland.com\\\/fr\\\/produkty\\\/huiles-alimentaires-et-cosmetiques\\\/huile-darachide\\\/#breadcrumb\",\"itemListElement\":[{\"@type\":\"ListItem\",\"position\":1,\"name\":\"Accueil\",\"item\":\"https:\\\/\\\/naturalpoland.com\\\/fr\\\/\"},{\"@type\":\"ListItem\",\"position\":2,\"name\":\"Produits\",\"item\":\"https:\\\/\\\/naturalpoland.com\\\/fr\\\/produits\\\/\"},{\"@type\":\"ListItem\",\"position\":3,\"name\":\"Huile d&rsquo;arachide\"}]},{\"@type\":\"WebSite\",\"@id\":\"https:\\\/\\\/naturalpoland.com\\\/fr\\\/#website\",\"url\":\"https:\\\/\\\/naturalpoland.com\\\/fr\\\/\",\"name\":\"NATURAL POLAND - Distributeur de mati\u00e8res premi\u00e8res en gros\",\"description\":\"Surowce dla przemys\u0142u spo\u017cywczego, kosmetycznego i farmaceutycznego\",\"publisher\":{\"@id\":\"https:\\\/\\\/naturalpoland.com\\\/fr\\\/#organization\"},\"potentialAction\":[{\"@type\":\"SearchAction\",\"target\":{\"@type\":\"EntryPoint\",\"urlTemplate\":\"https:\\\/\\\/naturalpoland.com\\\/fr\\\/?s={search_term_string}\"},\"query-input\":{\"@type\":\"PropertyValueSpecification\",\"valueRequired\":true,\"valueName\":\"search_term_string\"}}],\"inLanguage\":\"fr-FR\"},{\"@type\":\"Organization\",\"@id\":\"https:\\\/\\\/naturalpoland.com\\\/fr\\\/#organization\",\"name\":\"Natural Poland\",\"url\":\"https:\\\/\\\/naturalpoland.com\\\/fr\\\/\",\"logo\":{\"@type\":\"ImageObject\",\"inLanguage\":\"fr-FR\",\"@id\":\"https:\\\/\\\/naturalpoland.com\\\/fr\\\/#\\\/schema\\\/logo\\\/image\\\/\",\"url\":\"https:\\\/\\\/naturalpoland.com\\\/wp-content\\\/uploads\\\/2021\\\/05\\\/natural-poland-icon.png\",\"contentUrl\":\"https:\\\/\\\/naturalpoland.com\\\/wp-content\\\/uploads\\\/2021\\\/05\\\/natural-poland-icon.png\",\"width\":512,\"height\":512,\"caption\":\"Natural Poland\"},\"image\":{\"@id\":\"https:\\\/\\\/naturalpoland.com\\\/fr\\\/#\\\/schema\\\/logo\\\/image\\\/\"},\"sameAs\":[\"https:\\\/\\\/www.facebook.com\\\/naturalpoland.b2b\",\"https:\\\/\\\/pl.linkedin.com\\\/company\\\/natural-poland\",\"https:\\\/\\\/www.youtube.com\\\/channel\\\/UCgeGGkvOMahZo-xu_MSEWxg\"]}]}<\/script>\n<!-- \/ Yoast SEO plugin. -->","yoast_head_json":{"title":"Huile d'arachide - Distributeur en gros","description":"L'huile d'arachide, \u00e9galement connue sous le nom d'huile d'Arachis Hypogaea, est une mati\u00e8re premi\u00e8re cosm\u00e9tique obtenue par pression \u00e0 froid des arachides.","robots":{"index":"index","follow":"follow","max-snippet":"max-snippet:-1","max-image-preview":"max-image-preview:large","max-video-preview":"max-video-preview:-1"},"canonical":"https:\/\/naturalpoland.com\/fr\/produkty\/huiles-alimentaires-et-cosmetiques\/huile-darachide\/","og_locale":"fr_FR","og_type":"article","og_title":"Huile d'arachide - Distributeur en gros","og_description":"L'huile d'arachide, \u00e9galement connue sous le nom d'huile d'Arachis Hypogaea, est une mati\u00e8re premi\u00e8re cosm\u00e9tique obtenue par pression \u00e0 froid des arachides.","og_url":"https:\/\/naturalpoland.com\/fr\/produkty\/huiles-alimentaires-et-cosmetiques\/huile-darachide\/","og_site_name":"NATURAL POLAND - Distributeur de mati\u00e8res premi\u00e8res en gros","article_publisher":"https:\/\/www.facebook.com\/naturalpoland.b2b","og_image":[{"width":597,"height":597,"url":"https:\/\/naturalpoland.com\/wp-content\/uploads\/olej-arachidowy.webp","type":"image\/webp"}],"schema":{"@context":"https:\/\/schema.org","@graph":[{"@type":"WebPage","@id":"https:\/\/naturalpoland.com\/fr\/produkty\/huiles-alimentaires-et-cosmetiques\/huile-darachide\/","url":"https:\/\/naturalpoland.com\/fr\/produkty\/huiles-alimentaires-et-cosmetiques\/huile-darachide\/","name":"Huile d'arachide - Distributeur en gros","isPartOf":{"@id":"https:\/\/naturalpoland.com\/fr\/#website"},"primaryImageOfPage":{"@id":"https:\/\/naturalpoland.com\/fr\/produkty\/huiles-alimentaires-et-cosmetiques\/huile-darachide\/#primaryimage"},"image":{"@id":"https:\/\/naturalpoland.com\/fr\/produkty\/huiles-alimentaires-et-cosmetiques\/huile-darachide\/#primaryimage"},"thumbnailUrl":"https:\/\/naturalpoland.com\/wp-content\/uploads\/olej-arachidowy.webp","datePublished":"2025-01-30T13:14:54+00:00","description":"L'huile d'arachide, \u00e9galement connue sous le nom d'huile d'Arachis Hypogaea, est une mati\u00e8re premi\u00e8re cosm\u00e9tique obtenue par pression \u00e0 froid des arachides.","breadcrumb":{"@id":"https:\/\/naturalpoland.com\/fr\/produkty\/huiles-alimentaires-et-cosmetiques\/huile-darachide\/#breadcrumb"},"inLanguage":"fr-FR","potentialAction":[{"@type":"ReadAction","target":["https:\/\/naturalpoland.com\/fr\/produkty\/huiles-alimentaires-et-cosmetiques\/huile-darachide\/"]}]},{"@type":"ImageObject","inLanguage":"fr-FR","@id":"https:\/\/naturalpoland.com\/fr\/produkty\/huiles-alimentaires-et-cosmetiques\/huile-darachide\/#primaryimage","url":"https:\/\/naturalpoland.com\/wp-content\/uploads\/olej-arachidowy.webp","contentUrl":"https:\/\/naturalpoland.com\/wp-content\/uploads\/olej-arachidowy.webp","width":597,"height":597,"caption":"Olej arachidowy"},{"@type":"BreadcrumbList","@id":"https:\/\/naturalpoland.com\/fr\/produkty\/huiles-alimentaires-et-cosmetiques\/huile-darachide\/#breadcrumb","itemListElement":[{"@type":"ListItem","position":1,"name":"Accueil","item":"https:\/\/naturalpoland.com\/fr\/"},{"@type":"ListItem","position":2,"name":"Produits","item":"https:\/\/naturalpoland.com\/fr\/produits\/"},{"@type":"ListItem","position":3,"name":"Huile d&rsquo;arachide"}]},{"@type":"WebSite","@id":"https:\/\/naturalpoland.com\/fr\/#website","url":"https:\/\/naturalpoland.com\/fr\/","name":"NATURAL POLAND - Distributeur de mati\u00e8res premi\u00e8res en gros","description":"Surowce dla przemys\u0142u spo\u017cywczego, kosmetycznego i farmaceutycznego","publisher":{"@id":"https:\/\/naturalpoland.com\/fr\/#organization"},"potentialAction":[{"@type":"SearchAction","target":{"@type":"EntryPoint","urlTemplate":"https:\/\/naturalpoland.com\/fr\/?s={search_term_string}"},"query-input":{"@type":"PropertyValueSpecification","valueRequired":true,"valueName":"search_term_string"}}],"inLanguage":"fr-FR"},{"@type":"Organization","@id":"https:\/\/naturalpoland.com\/fr\/#organization","name":"Natural Poland","url":"https:\/\/naturalpoland.com\/fr\/","logo":{"@type":"ImageObject","inLanguage":"fr-FR","@id":"https:\/\/naturalpoland.com\/fr\/#\/schema\/logo\/image\/","url":"https:\/\/naturalpoland.com\/wp-content\/uploads\/2021\/05\/natural-poland-icon.png","contentUrl":"https:\/\/naturalpoland.com\/wp-content\/uploads\/2021\/05\/natural-poland-icon.png","width":512,"height":512,"caption":"Natural Poland"},"image":{"@id":"https:\/\/naturalpoland.com\/fr\/#\/schema\/logo\/image\/"},"sameAs":["https:\/\/www.facebook.com\/naturalpoland.b2b","https:\/\/pl.linkedin.com\/company\/natural-poland","https:\/\/www.youtube.com\/channel\/UCgeGGkvOMahZo-xu_MSEWxg"]}]}},"_links":{"self":[{"href":"https:\/\/naturalpoland.com\/fr\/wp-json\/wp\/v2\/product\/38988","targetHints":{"allow":["GET"]}}],"collection":[{"href":"https:\/\/naturalpoland.com\/fr\/wp-json\/wp\/v2\/product"}],"about":[{"href":"https:\/\/naturalpoland.com\/fr\/wp-json\/wp\/v2\/types\/product"}],"wp:featuredmedia":[{"embeddable":true,"href":"https:\/\/naturalpoland.com\/fr\/wp-json\/wp\/v2\/media\/38981"}],"wp:attachment":[{"href":"https:\/\/naturalpoland.com\/fr\/wp-json\/wp\/v2\/media?parent=38988"}],"wp:term":[{"taxonomy":"product_brand","embeddable":true,"href":"https:\/\/naturalpoland.com\/fr\/wp-json\/wp\/v2\/product_brand?post=38988"},{"taxonomy":"product_cat","embeddable":true,"href":"https:\/\/naturalpoland.com\/fr\/wp-json\/wp\/v2\/product_cat?post=38988"},{"taxonomy":"product_tag","embeddable":true,"href":"https:\/\/naturalpoland.com\/fr\/wp-json\/wp\/v2\/product_tag?post=38988"}],"curies":[{"name":"wp","href":"https:\/\/api.w.org\/{rel}","templated":true}]}}