{"id":39393,"date":"2025-02-07T13:34:05","date_gmt":"2025-02-07T12:34:05","guid":{"rendered":"https:\/\/naturalpoland.com\/produkty\/non class\u00e9\/arome-de-fraise\/"},"modified":"2025-02-07T15:15:17","modified_gmt":"2025-02-07T14:15:17","slug":"arome-de-fraise","status":"publish","type":"product","link":"https:\/\/naturalpoland.com\/fr\/produkty\/produits-pour-lindustrie-alimentaire\/aromes\/aromes-fruites\/arome-de-fraise\/","title":{"rendered":"Ar\u00f4me de fraise"},"content":{"rendered":"<h2>Ar\u00f4mes naturels de fraise<\/h2>\n<h3>Ar\u00f4me naturel liquide de fraise<\/h3>\n<p>Les ar\u00f4mes naturels sont des compositions de qualit\u00e9 sup\u00e9rieure qui reproduisent fid\u00e8lement le parfum des vrais fruits. <strong> L&rsquo;ar\u00f4me quantitatif de fraise WONF<\/strong>, avec son caract\u00e8re profond et bordeaux, reproduit parfaitement une fraise m\u00fbre et juteuse et r\u00e9siste aux temp\u00e9ratures \u00e9lev\u00e9es. Il est recommand\u00e9 pour les produits de boulangerie et les applications n\u00e9cessitant une stabilit\u00e9 \u00e0 la chaleur. La deuxi\u00e8me variante de cet ar\u00f4me combine un \u00e9quilibre entre une chair m\u00fbre et des notes vertes subtiles qui lui conf\u00e8rent un caract\u00e8re frais et naturel.   <\/p>\n<p>En revanche, <strong>NATURAL TRUSCUMBER AROMATE<\/strong> est une fraise classique, fra\u00eeche et m\u00fbre, dont l&rsquo;intensit\u00e9 et l&rsquo;authenticit\u00e9 conviennent parfaitement aux applications haut de gamme.<\/p>\n<h3>Ar\u00f4me naturel de fraise en poudre<\/h3>\n<p>Les ar\u00f4mes en poudre sont con\u00e7us pour \u00eatre utilis\u00e9s dans les m\u00e9langes secs. L&rsquo;ar\u00f4me en poudre <strong>WONF QUALITY TRUSKberry<\/strong> est l&rsquo;essence m\u00eame de la fraise m\u00fbre de Bourgogne, capturant la profondeur et la pl\u00e9nitude de la saveur de ce fruit. <\/p>\n<p>&nbsp;<\/p>\n<h2>Ar\u00f4mes de fraises liquides :<\/h2>\n<p>Notre gamme comprend \u00e9galement des <strong>ar\u00f4mes liquides de fraise aux caract\u00e8res vari\u00e9s<\/strong>, adapt\u00e9s aux besoins sp\u00e9cifiques des fabricants de produits alimentaires : <\/p>\n<ul>\n<li><strong>TRUCK LANDRINE<\/strong> se distingue par son caract\u00e8re sucr\u00e9, proche du bonbon, avec des notes de cerise et de framboise,<\/li>\n<li><strong>CONCENTRATED TRUCK<\/strong> est l&rsquo;ar\u00f4me intense de fraises fra\u00eeches et sucr\u00e9es cueillies directement sur le buisson,<\/li>\n<li><strong>L&rsquo;AROME DE LA TRUSKBERRY TR\u00c8S ROSE ET DOUCE <\/strong>souligne la profondeur de la saveur du fruit m\u00fbr,<\/li>\n<li><strong>EXOTIC TRUSCRAVY AROMATIC<\/strong> associe la fraise juteuse \u00e0 des accents exotiques,<\/li>\n<li>L&rsquo;<strong>AROMATH STRAWBERRY WHITE <\/strong>est une combinaison de fraises fra\u00eeches et de jus d&rsquo;ananas m\u00fbr,<\/li>\n<li>L&rsquo;<strong>AROMATE TRUSCUMBRE DESSERT<\/strong> est une variante au toucher cr\u00e9meux et laiteux qui s&rsquo;int\u00e8gre parfaitement dans les glaces, les cr\u00e8mes p\u00e2tissi\u00e8res et les garnitures de confiserie,<\/li>\n<li><strong>Ar\u00f4me de<\/strong> fraise <strong>m\u00fbre<\/strong> &#8211; fraise pleine et juteuse,<\/li>\n<li><strong>KASHUBA TRUSKAWKA AROMATIC <\/strong>a un ar\u00f4me de fraise plus \u00e9labor\u00e9,<\/li>\n<li><strong>TRUSKAWAWAK PREMIUM AROMATE<\/strong> est une fraise aromatique et sucr\u00e9e avec un accent de fraise,<\/li>\n<li>L&rsquo;<strong>AROMATE POUR CAKE TRUSKAWAWA<\/strong> offre une d\u00e9licate touche de cr\u00e8me, qui rappelle les p\u00e2tisseries et les cr\u00e8mes traditionnelles.<\/li>\n<\/ul>\n<p>&nbsp;<\/p>\n","protected":false},"excerpt":{"rendered":"<p>L&rsquo;ar\u00f4me de fraise est l&rsquo;un des parfums les plus populaires et les plus polyvalents utilis\u00e9s dans l&rsquo;industrie alimentaire. Gr\u00e2ce \u00e0 son large \u00e9ventail de variantes, les ar\u00f4mes de fraise peuvent \u00eatre adapt\u00e9s \u00e0 une grande vari\u00e9t\u00e9 d&rsquo;applications &#8211; des notes intenses et terreuses aux compositions naturelles qui imitent le fruit frais. <\/p>\n","protected":false},"featured_media":39293,"template":"","meta":[],"product_brand":[],"product_cat":[7607],"product_tag":[],"class_list":{"0":"post-39393","1":"product","2":"type-product","3":"status-publish","4":"has-post-thumbnail","6":"product_cat-aromes-fruites","8":"first","9":"instock","10":"shipping-taxable","11":"product-type-simple"},"yoast_head":"<!-- This site is optimized with the Yoast SEO plugin v27.3 - https:\/\/yoast.com\/product\/yoast-seo-wordpress\/ -->\n<title>Ar\u00f4me de fraise - Distributeur en gros<\/title>\n<meta name=\"description\" content=\"L&#039;ar\u00f4me de fraise est l&#039;un des parfums les plus populaires et les plus polyvalents utilis\u00e9s dans l&#039;industrie alimentaire et cosm\u00e9tique.\" \/>\n<meta name=\"robots\" content=\"index, follow, max-snippet:-1, max-image-preview:large, max-video-preview:-1\" \/>\n<link rel=\"canonical\" href=\"https:\/\/naturalpoland.com\/fr\/produkty\/produits-pour-lindustrie-alimentaire\/aromes\/aromes-fruites\/arome-de-fraise\/\" \/>\n<meta property=\"og:locale\" content=\"fr_FR\" \/>\n<meta property=\"og:type\" content=\"article\" \/>\n<meta property=\"og:title\" content=\"Ar\u00f4me de fraise - Distributeur en gros\" \/>\n<meta property=\"og:description\" content=\"L&#039;ar\u00f4me de fraise est l&#039;un des parfums les plus populaires et les plus polyvalents utilis\u00e9s dans l&#039;industrie alimentaire et cosm\u00e9tique.\" \/>\n<meta property=\"og:url\" content=\"https:\/\/naturalpoland.com\/fr\/produkty\/produits-pour-lindustrie-alimentaire\/aromes\/aromes-fruites\/arome-de-fraise\/\" \/>\n<meta property=\"og:site_name\" content=\"NATURAL POLAND - Distributeur de mati\u00e8res premi\u00e8res en gros\" \/>\n<meta property=\"article:publisher\" content=\"https:\/\/www.facebook.com\/naturalpoland.b2b\" \/>\n<meta property=\"article:modified_time\" content=\"2025-02-07T14:15:17+00:00\" \/>\n<meta property=\"og:image\" content=\"https:\/\/naturalpoland.com\/wp-content\/uploads\/aromat-truskawkowy.webp\" \/>\n\t<meta property=\"og:image:width\" content=\"596\" \/>\n\t<meta property=\"og:image:height\" content=\"596\" \/>\n\t<meta property=\"og:image:type\" content=\"image\/webp\" \/>\n<script type=\"application\/ld+json\" class=\"yoast-schema-graph\">{\"@context\":\"https:\\\/\\\/schema.org\",\"@graph\":[{\"@type\":\"WebPage\",\"@id\":\"https:\\\/\\\/naturalpoland.com\\\/fr\\\/produkty\\\/produits-pour-lindustrie-alimentaire\\\/aromes\\\/aromes-fruites\\\/arome-de-fraise\\\/\",\"url\":\"https:\\\/\\\/naturalpoland.com\\\/fr\\\/produkty\\\/produits-pour-lindustrie-alimentaire\\\/aromes\\\/aromes-fruites\\\/arome-de-fraise\\\/\",\"name\":\"Ar\u00f4me de fraise - Distributeur en gros\",\"isPartOf\":{\"@id\":\"https:\\\/\\\/naturalpoland.com\\\/fr\\\/#website\"},\"primaryImageOfPage\":{\"@id\":\"https:\\\/\\\/naturalpoland.com\\\/fr\\\/produkty\\\/produits-pour-lindustrie-alimentaire\\\/aromes\\\/aromes-fruites\\\/arome-de-fraise\\\/#primaryimage\"},\"image\":{\"@id\":\"https:\\\/\\\/naturalpoland.com\\\/fr\\\/produkty\\\/produits-pour-lindustrie-alimentaire\\\/aromes\\\/aromes-fruites\\\/arome-de-fraise\\\/#primaryimage\"},\"thumbnailUrl\":\"https:\\\/\\\/naturalpoland.com\\\/wp-content\\\/uploads\\\/aromat-truskawkowy.webp\",\"datePublished\":\"2025-02-07T12:34:05+00:00\",\"dateModified\":\"2025-02-07T14:15:17+00:00\",\"description\":\"L'ar\u00f4me de fraise est l'un des parfums les plus populaires et les plus polyvalents utilis\u00e9s dans l'industrie alimentaire et cosm\u00e9tique.\",\"breadcrumb\":{\"@id\":\"https:\\\/\\\/naturalpoland.com\\\/fr\\\/produkty\\\/produits-pour-lindustrie-alimentaire\\\/aromes\\\/aromes-fruites\\\/arome-de-fraise\\\/#breadcrumb\"},\"inLanguage\":\"fr-FR\",\"potentialAction\":[{\"@type\":\"ReadAction\",\"target\":[\"https:\\\/\\\/naturalpoland.com\\\/fr\\\/produkty\\\/produits-pour-lindustrie-alimentaire\\\/aromes\\\/aromes-fruites\\\/arome-de-fraise\\\/\"]}]},{\"@type\":\"ImageObject\",\"inLanguage\":\"fr-FR\",\"@id\":\"https:\\\/\\\/naturalpoland.com\\\/fr\\\/produkty\\\/produits-pour-lindustrie-alimentaire\\\/aromes\\\/aromes-fruites\\\/arome-de-fraise\\\/#primaryimage\",\"url\":\"https:\\\/\\\/naturalpoland.com\\\/wp-content\\\/uploads\\\/aromat-truskawkowy.webp\",\"contentUrl\":\"https:\\\/\\\/naturalpoland.com\\\/wp-content\\\/uploads\\\/aromat-truskawkowy.webp\",\"width\":596,\"height\":596,\"caption\":\"aromat truskawkowy\"},{\"@type\":\"BreadcrumbList\",\"@id\":\"https:\\\/\\\/naturalpoland.com\\\/fr\\\/produkty\\\/produits-pour-lindustrie-alimentaire\\\/aromes\\\/aromes-fruites\\\/arome-de-fraise\\\/#breadcrumb\",\"itemListElement\":[{\"@type\":\"ListItem\",\"position\":1,\"name\":\"Accueil\",\"item\":\"https:\\\/\\\/naturalpoland.com\\\/fr\\\/\"},{\"@type\":\"ListItem\",\"position\":2,\"name\":\"Produits\",\"item\":\"https:\\\/\\\/naturalpoland.com\\\/fr\\\/produits\\\/\"},{\"@type\":\"ListItem\",\"position\":3,\"name\":\"Ar\u00f4me de fraise\"}]},{\"@type\":\"WebSite\",\"@id\":\"https:\\\/\\\/naturalpoland.com\\\/fr\\\/#website\",\"url\":\"https:\\\/\\\/naturalpoland.com\\\/fr\\\/\",\"name\":\"NATURAL POLAND - Distributeur de mati\u00e8res premi\u00e8res en gros\",\"description\":\"Surowce dla przemys\u0142u spo\u017cywczego, kosmetycznego i farmaceutycznego\",\"publisher\":{\"@id\":\"https:\\\/\\\/naturalpoland.com\\\/fr\\\/#organization\"},\"potentialAction\":[{\"@type\":\"SearchAction\",\"target\":{\"@type\":\"EntryPoint\",\"urlTemplate\":\"https:\\\/\\\/naturalpoland.com\\\/fr\\\/?s={search_term_string}\"},\"query-input\":{\"@type\":\"PropertyValueSpecification\",\"valueRequired\":true,\"valueName\":\"search_term_string\"}}],\"inLanguage\":\"fr-FR\"},{\"@type\":\"Organization\",\"@id\":\"https:\\\/\\\/naturalpoland.com\\\/fr\\\/#organization\",\"name\":\"Natural Poland\",\"url\":\"https:\\\/\\\/naturalpoland.com\\\/fr\\\/\",\"logo\":{\"@type\":\"ImageObject\",\"inLanguage\":\"fr-FR\",\"@id\":\"https:\\\/\\\/naturalpoland.com\\\/fr\\\/#\\\/schema\\\/logo\\\/image\\\/\",\"url\":\"https:\\\/\\\/naturalpoland.com\\\/wp-content\\\/uploads\\\/2021\\\/05\\\/natural-poland-icon.png\",\"contentUrl\":\"https:\\\/\\\/naturalpoland.com\\\/wp-content\\\/uploads\\\/2021\\\/05\\\/natural-poland-icon.png\",\"width\":512,\"height\":512,\"caption\":\"Natural Poland\"},\"image\":{\"@id\":\"https:\\\/\\\/naturalpoland.com\\\/fr\\\/#\\\/schema\\\/logo\\\/image\\\/\"},\"sameAs\":[\"https:\\\/\\\/www.facebook.com\\\/naturalpoland.b2b\",\"https:\\\/\\\/pl.linkedin.com\\\/company\\\/natural-poland\",\"https:\\\/\\\/www.youtube.com\\\/channel\\\/UCgeGGkvOMahZo-xu_MSEWxg\"]}]}<\/script>\n<!-- \/ Yoast SEO plugin. -->","yoast_head_json":{"title":"Ar\u00f4me de fraise - Distributeur en gros","description":"L'ar\u00f4me de fraise est l'un des parfums les plus populaires et les plus polyvalents utilis\u00e9s dans l'industrie alimentaire et cosm\u00e9tique.","robots":{"index":"index","follow":"follow","max-snippet":"max-snippet:-1","max-image-preview":"max-image-preview:large","max-video-preview":"max-video-preview:-1"},"canonical":"https:\/\/naturalpoland.com\/fr\/produkty\/produits-pour-lindustrie-alimentaire\/aromes\/aromes-fruites\/arome-de-fraise\/","og_locale":"fr_FR","og_type":"article","og_title":"Ar\u00f4me de fraise - Distributeur en gros","og_description":"L'ar\u00f4me de fraise est l'un des parfums les plus populaires et les plus polyvalents utilis\u00e9s dans l'industrie alimentaire et cosm\u00e9tique.","og_url":"https:\/\/naturalpoland.com\/fr\/produkty\/produits-pour-lindustrie-alimentaire\/aromes\/aromes-fruites\/arome-de-fraise\/","og_site_name":"NATURAL POLAND - Distributeur de mati\u00e8res premi\u00e8res en gros","article_publisher":"https:\/\/www.facebook.com\/naturalpoland.b2b","article_modified_time":"2025-02-07T14:15:17+00:00","og_image":[{"width":596,"height":596,"url":"https:\/\/naturalpoland.com\/wp-content\/uploads\/aromat-truskawkowy.webp","type":"image\/webp"}],"schema":{"@context":"https:\/\/schema.org","@graph":[{"@type":"WebPage","@id":"https:\/\/naturalpoland.com\/fr\/produkty\/produits-pour-lindustrie-alimentaire\/aromes\/aromes-fruites\/arome-de-fraise\/","url":"https:\/\/naturalpoland.com\/fr\/produkty\/produits-pour-lindustrie-alimentaire\/aromes\/aromes-fruites\/arome-de-fraise\/","name":"Ar\u00f4me de fraise - Distributeur en gros","isPartOf":{"@id":"https:\/\/naturalpoland.com\/fr\/#website"},"primaryImageOfPage":{"@id":"https:\/\/naturalpoland.com\/fr\/produkty\/produits-pour-lindustrie-alimentaire\/aromes\/aromes-fruites\/arome-de-fraise\/#primaryimage"},"image":{"@id":"https:\/\/naturalpoland.com\/fr\/produkty\/produits-pour-lindustrie-alimentaire\/aromes\/aromes-fruites\/arome-de-fraise\/#primaryimage"},"thumbnailUrl":"https:\/\/naturalpoland.com\/wp-content\/uploads\/aromat-truskawkowy.webp","datePublished":"2025-02-07T12:34:05+00:00","dateModified":"2025-02-07T14:15:17+00:00","description":"L'ar\u00f4me de fraise est l'un des parfums les plus populaires et les plus polyvalents utilis\u00e9s dans l'industrie alimentaire et cosm\u00e9tique.","breadcrumb":{"@id":"https:\/\/naturalpoland.com\/fr\/produkty\/produits-pour-lindustrie-alimentaire\/aromes\/aromes-fruites\/arome-de-fraise\/#breadcrumb"},"inLanguage":"fr-FR","potentialAction":[{"@type":"ReadAction","target":["https:\/\/naturalpoland.com\/fr\/produkty\/produits-pour-lindustrie-alimentaire\/aromes\/aromes-fruites\/arome-de-fraise\/"]}]},{"@type":"ImageObject","inLanguage":"fr-FR","@id":"https:\/\/naturalpoland.com\/fr\/produkty\/produits-pour-lindustrie-alimentaire\/aromes\/aromes-fruites\/arome-de-fraise\/#primaryimage","url":"https:\/\/naturalpoland.com\/wp-content\/uploads\/aromat-truskawkowy.webp","contentUrl":"https:\/\/naturalpoland.com\/wp-content\/uploads\/aromat-truskawkowy.webp","width":596,"height":596,"caption":"aromat truskawkowy"},{"@type":"BreadcrumbList","@id":"https:\/\/naturalpoland.com\/fr\/produkty\/produits-pour-lindustrie-alimentaire\/aromes\/aromes-fruites\/arome-de-fraise\/#breadcrumb","itemListElement":[{"@type":"ListItem","position":1,"name":"Accueil","item":"https:\/\/naturalpoland.com\/fr\/"},{"@type":"ListItem","position":2,"name":"Produits","item":"https:\/\/naturalpoland.com\/fr\/produits\/"},{"@type":"ListItem","position":3,"name":"Ar\u00f4me de fraise"}]},{"@type":"WebSite","@id":"https:\/\/naturalpoland.com\/fr\/#website","url":"https:\/\/naturalpoland.com\/fr\/","name":"NATURAL POLAND - Distributeur de mati\u00e8res premi\u00e8res en gros","description":"Surowce dla przemys\u0142u spo\u017cywczego, kosmetycznego i farmaceutycznego","publisher":{"@id":"https:\/\/naturalpoland.com\/fr\/#organization"},"potentialAction":[{"@type":"SearchAction","target":{"@type":"EntryPoint","urlTemplate":"https:\/\/naturalpoland.com\/fr\/?s={search_term_string}"},"query-input":{"@type":"PropertyValueSpecification","valueRequired":true,"valueName":"search_term_string"}}],"inLanguage":"fr-FR"},{"@type":"Organization","@id":"https:\/\/naturalpoland.com\/fr\/#organization","name":"Natural Poland","url":"https:\/\/naturalpoland.com\/fr\/","logo":{"@type":"ImageObject","inLanguage":"fr-FR","@id":"https:\/\/naturalpoland.com\/fr\/#\/schema\/logo\/image\/","url":"https:\/\/naturalpoland.com\/wp-content\/uploads\/2021\/05\/natural-poland-icon.png","contentUrl":"https:\/\/naturalpoland.com\/wp-content\/uploads\/2021\/05\/natural-poland-icon.png","width":512,"height":512,"caption":"Natural Poland"},"image":{"@id":"https:\/\/naturalpoland.com\/fr\/#\/schema\/logo\/image\/"},"sameAs":["https:\/\/www.facebook.com\/naturalpoland.b2b","https:\/\/pl.linkedin.com\/company\/natural-poland","https:\/\/www.youtube.com\/channel\/UCgeGGkvOMahZo-xu_MSEWxg"]}]}},"_links":{"self":[{"href":"https:\/\/naturalpoland.com\/fr\/wp-json\/wp\/v2\/product\/39393","targetHints":{"allow":["GET"]}}],"collection":[{"href":"https:\/\/naturalpoland.com\/fr\/wp-json\/wp\/v2\/product"}],"about":[{"href":"https:\/\/naturalpoland.com\/fr\/wp-json\/wp\/v2\/types\/product"}],"wp:featuredmedia":[{"embeddable":true,"href":"https:\/\/naturalpoland.com\/fr\/wp-json\/wp\/v2\/media\/39293"}],"wp:attachment":[{"href":"https:\/\/naturalpoland.com\/fr\/wp-json\/wp\/v2\/media?parent=39393"}],"wp:term":[{"taxonomy":"product_brand","embeddable":true,"href":"https:\/\/naturalpoland.com\/fr\/wp-json\/wp\/v2\/product_brand?post=39393"},{"taxonomy":"product_cat","embeddable":true,"href":"https:\/\/naturalpoland.com\/fr\/wp-json\/wp\/v2\/product_cat?post=39393"},{"taxonomy":"product_tag","embeddable":true,"href":"https:\/\/naturalpoland.com\/fr\/wp-json\/wp\/v2\/product_tag?post=39393"}],"curies":[{"name":"wp","href":"https:\/\/api.w.org\/{rel}","templated":true}]}}