{"id":39773,"date":"2025-02-11T15:20:08","date_gmt":"2025-02-12T16:00:38","guid":{"rendered":"https:\/\/naturalpoland.com\/produkty\/non class\u00e9\/arome-de-rhum\/"},"modified":"2025-02-12T17:00:38","modified_gmt":"2025-02-12T16:00:38","slug":"arome-de-rhum","status":"publish","type":"product","link":"https:\/\/naturalpoland.com\/fr\/produkty\/produits-pour-lindustrie-alimentaire\/aromes\/aromes-alcooliques\/arome-de-rhum\/","title":{"rendered":"Ar\u00f4me de rhum"},"content":{"rendered":"<p data-start=\"2105\" data-end=\"2681\">L&rsquo;<strong>ar\u00f4me naturel de rhum en liquide de qualit\u00e9 WONF<\/strong> se distingue par son caract\u00e8re de rhum sec, enrichi d&rsquo;un soup\u00e7on de praline de truffe. Il est recommand\u00e9 pour les produits haut de gamme tels que les chocolats, les desserts ou les produits de boulangerie exclusifs. <\/p>\n<p data-start=\"2105\" data-end=\"2681\"><strong>Les variantes liquides \u00e0 base de glycol<\/strong> couvrent un large \u00e9ventail de profils aromatiques :<\/p>\n<ul>\n<li data-start=\"2105\" data-end=\"2681\">Un parfum de rhum classique avec des notes subtiles de miel et d&rsquo;orange,<\/li>\n<li data-start=\"2105\" data-end=\"2681\">des versions plus douces et sucr\u00e9es du parfum de rhum,<\/li>\n<li data-start=\"2105\" data-end=\"2681\">le parfum du rhum enrichi d&rsquo;\u00e9l\u00e9ments vinicoles,<\/li>\n<li data-start=\"2105\" data-end=\"2681\">Une essence concentr\u00e9e et intense dans le style du rhum jama\u00efcain, avec des notes perceptibles de prune s\u00e9ch\u00e9e et d&rsquo;alcool.<\/li>\n<\/ul>\n<p data-start=\"2683\" data-end=\"2959\">Les <strong>ar\u00f4mes en poudre<\/strong>, quant \u00e0 eux, transf\u00e8rent l&rsquo;essence du rhum sous forme s\u00e8che, ce qui permet de les utiliser facilement dans les pr\u00e9parations pour g\u00e2teaux, les produits laitiers ou les confiseries. Le rhum doux avec des \u00e9l\u00e9ments de la vari\u00e9t\u00e9 jama\u00efcaine de cette composition donne aux produits un profil aromatique intense et profond. <\/p>\n","protected":false},"excerpt":{"rendered":"<p><strong>Rum Aroma<\/strong> est une composition parfum\u00e9e classique qui capture le caract\u00e8re riche et complexe du rhum, qu&rsquo;il s&rsquo;agisse de variantes sucr\u00e9es ou de variantes plus s\u00e8ches inspir\u00e9es du rhum jama\u00efcain.<\/p>\n","protected":false},"featured_media":39735,"template":"","meta":[],"product_brand":[],"product_cat":[7767],"product_tag":[],"class_list":{"0":"post-39773","1":"product","2":"type-product","3":"status-publish","4":"has-post-thumbnail","6":"product_cat-aromes-alcooliques","8":"first","9":"instock","10":"shipping-taxable","11":"product-type-simple"},"yoast_head":"<!-- This site is optimized with the Yoast SEO plugin v27.3 - https:\/\/yoast.com\/product\/yoast-seo-wordpress\/ -->\n<title>Ar\u00f4me de rhum - Distributeur en gros<\/title>\n<meta name=\"description\" content=\"L&#039;ar\u00f4me de rhum capture le caract\u00e8re riche et complexe du rhum - des variantes sucr\u00e9es et de dessert aux variantes plus s\u00e8ches, inspir\u00e9es du rhum jama\u00efcain.\" \/>\n<meta name=\"robots\" content=\"index, follow, max-snippet:-1, max-image-preview:large, max-video-preview:-1\" \/>\n<link rel=\"canonical\" href=\"https:\/\/naturalpoland.com\/fr\/produkty\/produits-pour-lindustrie-alimentaire\/aromes\/aromes-alcooliques\/arome-de-rhum\/\" \/>\n<meta property=\"og:locale\" content=\"fr_FR\" \/>\n<meta property=\"og:type\" content=\"article\" \/>\n<meta property=\"og:title\" content=\"Ar\u00f4me de rhum - Distributeur en gros\" \/>\n<meta property=\"og:description\" content=\"L&#039;ar\u00f4me de rhum capture le caract\u00e8re riche et complexe du rhum - des variantes sucr\u00e9es et de dessert aux variantes plus s\u00e8ches, inspir\u00e9es du rhum jama\u00efcain.\" \/>\n<meta property=\"og:url\" content=\"https:\/\/naturalpoland.com\/fr\/produkty\/produits-pour-lindustrie-alimentaire\/aromes\/aromes-alcooliques\/arome-de-rhum\/\" \/>\n<meta property=\"og:site_name\" content=\"NATURAL POLAND - Distributeur de mati\u00e8res premi\u00e8res en gros\" \/>\n<meta property=\"article:publisher\" content=\"https:\/\/www.facebook.com\/naturalpoland.b2b\" \/>\n<meta property=\"og:image\" content=\"https:\/\/naturalpoland.com\/wp-content\/uploads\/aromat-rumowy.webp\" \/>\n\t<meta property=\"og:image:width\" content=\"592\" \/>\n\t<meta property=\"og:image:height\" content=\"592\" \/>\n\t<meta property=\"og:image:type\" content=\"image\/webp\" \/>\n<script type=\"application\/ld+json\" class=\"yoast-schema-graph\">{\"@context\":\"https:\\\/\\\/schema.org\",\"@graph\":[{\"@type\":\"WebPage\",\"@id\":\"https:\\\/\\\/naturalpoland.com\\\/fr\\\/produkty\\\/produits-pour-lindustrie-alimentaire\\\/aromes\\\/aromes-alcooliques\\\/arome-de-rhum\\\/\",\"url\":\"https:\\\/\\\/naturalpoland.com\\\/fr\\\/produkty\\\/produits-pour-lindustrie-alimentaire\\\/aromes\\\/aromes-alcooliques\\\/arome-de-rhum\\\/\",\"name\":\"Ar\u00f4me de rhum - Distributeur en gros\",\"isPartOf\":{\"@id\":\"https:\\\/\\\/naturalpoland.com\\\/fr\\\/#website\"},\"primaryImageOfPage\":{\"@id\":\"https:\\\/\\\/naturalpoland.com\\\/fr\\\/produkty\\\/produits-pour-lindustrie-alimentaire\\\/aromes\\\/aromes-alcooliques\\\/arome-de-rhum\\\/#primaryimage\"},\"image\":{\"@id\":\"https:\\\/\\\/naturalpoland.com\\\/fr\\\/produkty\\\/produits-pour-lindustrie-alimentaire\\\/aromes\\\/aromes-alcooliques\\\/arome-de-rhum\\\/#primaryimage\"},\"thumbnailUrl\":\"https:\\\/\\\/naturalpoland.com\\\/wp-content\\\/uploads\\\/aromat-rumowy.webp\",\"datePublished\":\"2025-02-12T16:00:38+00:00\",\"description\":\"L'ar\u00f4me de rhum capture le caract\u00e8re riche et complexe du rhum - des variantes sucr\u00e9es et de dessert aux variantes plus s\u00e8ches, inspir\u00e9es du rhum jama\u00efcain.\",\"breadcrumb\":{\"@id\":\"https:\\\/\\\/naturalpoland.com\\\/fr\\\/produkty\\\/produits-pour-lindustrie-alimentaire\\\/aromes\\\/aromes-alcooliques\\\/arome-de-rhum\\\/#breadcrumb\"},\"inLanguage\":\"fr-FR\",\"potentialAction\":[{\"@type\":\"ReadAction\",\"target\":[\"https:\\\/\\\/naturalpoland.com\\\/fr\\\/produkty\\\/produits-pour-lindustrie-alimentaire\\\/aromes\\\/aromes-alcooliques\\\/arome-de-rhum\\\/\"]}]},{\"@type\":\"ImageObject\",\"inLanguage\":\"fr-FR\",\"@id\":\"https:\\\/\\\/naturalpoland.com\\\/fr\\\/produkty\\\/produits-pour-lindustrie-alimentaire\\\/aromes\\\/aromes-alcooliques\\\/arome-de-rhum\\\/#primaryimage\",\"url\":\"https:\\\/\\\/naturalpoland.com\\\/wp-content\\\/uploads\\\/aromat-rumowy.webp\",\"contentUrl\":\"https:\\\/\\\/naturalpoland.com\\\/wp-content\\\/uploads\\\/aromat-rumowy.webp\",\"width\":592,\"height\":592,\"caption\":\"Aromat rumowy\"},{\"@type\":\"BreadcrumbList\",\"@id\":\"https:\\\/\\\/naturalpoland.com\\\/fr\\\/produkty\\\/produits-pour-lindustrie-alimentaire\\\/aromes\\\/aromes-alcooliques\\\/arome-de-rhum\\\/#breadcrumb\",\"itemListElement\":[{\"@type\":\"ListItem\",\"position\":1,\"name\":\"Accueil\",\"item\":\"https:\\\/\\\/naturalpoland.com\\\/fr\\\/\"},{\"@type\":\"ListItem\",\"position\":2,\"name\":\"Produits\",\"item\":\"https:\\\/\\\/naturalpoland.com\\\/fr\\\/produits\\\/\"},{\"@type\":\"ListItem\",\"position\":3,\"name\":\"Ar\u00f4me de rhum\"}]},{\"@type\":\"WebSite\",\"@id\":\"https:\\\/\\\/naturalpoland.com\\\/fr\\\/#website\",\"url\":\"https:\\\/\\\/naturalpoland.com\\\/fr\\\/\",\"name\":\"NATURAL POLAND - Distributeur de mati\u00e8res premi\u00e8res en gros\",\"description\":\"Surowce dla przemys\u0142u spo\u017cywczego, kosmetycznego i farmaceutycznego\",\"publisher\":{\"@id\":\"https:\\\/\\\/naturalpoland.com\\\/fr\\\/#organization\"},\"potentialAction\":[{\"@type\":\"SearchAction\",\"target\":{\"@type\":\"EntryPoint\",\"urlTemplate\":\"https:\\\/\\\/naturalpoland.com\\\/fr\\\/?s={search_term_string}\"},\"query-input\":{\"@type\":\"PropertyValueSpecification\",\"valueRequired\":true,\"valueName\":\"search_term_string\"}}],\"inLanguage\":\"fr-FR\"},{\"@type\":\"Organization\",\"@id\":\"https:\\\/\\\/naturalpoland.com\\\/fr\\\/#organization\",\"name\":\"Natural Poland\",\"url\":\"https:\\\/\\\/naturalpoland.com\\\/fr\\\/\",\"logo\":{\"@type\":\"ImageObject\",\"inLanguage\":\"fr-FR\",\"@id\":\"https:\\\/\\\/naturalpoland.com\\\/fr\\\/#\\\/schema\\\/logo\\\/image\\\/\",\"url\":\"https:\\\/\\\/naturalpoland.com\\\/wp-content\\\/uploads\\\/2021\\\/05\\\/natural-poland-icon.png\",\"contentUrl\":\"https:\\\/\\\/naturalpoland.com\\\/wp-content\\\/uploads\\\/2021\\\/05\\\/natural-poland-icon.png\",\"width\":512,\"height\":512,\"caption\":\"Natural Poland\"},\"image\":{\"@id\":\"https:\\\/\\\/naturalpoland.com\\\/fr\\\/#\\\/schema\\\/logo\\\/image\\\/\"},\"sameAs\":[\"https:\\\/\\\/www.facebook.com\\\/naturalpoland.b2b\",\"https:\\\/\\\/pl.linkedin.com\\\/company\\\/natural-poland\",\"https:\\\/\\\/www.youtube.com\\\/channel\\\/UCgeGGkvOMahZo-xu_MSEWxg\"]}]}<\/script>\n<!-- \/ Yoast SEO plugin. -->","yoast_head_json":{"title":"Ar\u00f4me de rhum - Distributeur en gros","description":"L'ar\u00f4me de rhum capture le caract\u00e8re riche et complexe du rhum - des variantes sucr\u00e9es et de dessert aux variantes plus s\u00e8ches, inspir\u00e9es du rhum jama\u00efcain.","robots":{"index":"index","follow":"follow","max-snippet":"max-snippet:-1","max-image-preview":"max-image-preview:large","max-video-preview":"max-video-preview:-1"},"canonical":"https:\/\/naturalpoland.com\/fr\/produkty\/produits-pour-lindustrie-alimentaire\/aromes\/aromes-alcooliques\/arome-de-rhum\/","og_locale":"fr_FR","og_type":"article","og_title":"Ar\u00f4me de rhum - Distributeur en gros","og_description":"L'ar\u00f4me de rhum capture le caract\u00e8re riche et complexe du rhum - des variantes sucr\u00e9es et de dessert aux variantes plus s\u00e8ches, inspir\u00e9es du rhum jama\u00efcain.","og_url":"https:\/\/naturalpoland.com\/fr\/produkty\/produits-pour-lindustrie-alimentaire\/aromes\/aromes-alcooliques\/arome-de-rhum\/","og_site_name":"NATURAL POLAND - Distributeur de mati\u00e8res premi\u00e8res en gros","article_publisher":"https:\/\/www.facebook.com\/naturalpoland.b2b","og_image":[{"width":592,"height":592,"url":"https:\/\/naturalpoland.com\/wp-content\/uploads\/aromat-rumowy.webp","type":"image\/webp"}],"schema":{"@context":"https:\/\/schema.org","@graph":[{"@type":"WebPage","@id":"https:\/\/naturalpoland.com\/fr\/produkty\/produits-pour-lindustrie-alimentaire\/aromes\/aromes-alcooliques\/arome-de-rhum\/","url":"https:\/\/naturalpoland.com\/fr\/produkty\/produits-pour-lindustrie-alimentaire\/aromes\/aromes-alcooliques\/arome-de-rhum\/","name":"Ar\u00f4me de rhum - Distributeur en gros","isPartOf":{"@id":"https:\/\/naturalpoland.com\/fr\/#website"},"primaryImageOfPage":{"@id":"https:\/\/naturalpoland.com\/fr\/produkty\/produits-pour-lindustrie-alimentaire\/aromes\/aromes-alcooliques\/arome-de-rhum\/#primaryimage"},"image":{"@id":"https:\/\/naturalpoland.com\/fr\/produkty\/produits-pour-lindustrie-alimentaire\/aromes\/aromes-alcooliques\/arome-de-rhum\/#primaryimage"},"thumbnailUrl":"https:\/\/naturalpoland.com\/wp-content\/uploads\/aromat-rumowy.webp","datePublished":"2025-02-12T16:00:38+00:00","description":"L'ar\u00f4me de rhum capture le caract\u00e8re riche et complexe du rhum - des variantes sucr\u00e9es et de dessert aux variantes plus s\u00e8ches, inspir\u00e9es du rhum jama\u00efcain.","breadcrumb":{"@id":"https:\/\/naturalpoland.com\/fr\/produkty\/produits-pour-lindustrie-alimentaire\/aromes\/aromes-alcooliques\/arome-de-rhum\/#breadcrumb"},"inLanguage":"fr-FR","potentialAction":[{"@type":"ReadAction","target":["https:\/\/naturalpoland.com\/fr\/produkty\/produits-pour-lindustrie-alimentaire\/aromes\/aromes-alcooliques\/arome-de-rhum\/"]}]},{"@type":"ImageObject","inLanguage":"fr-FR","@id":"https:\/\/naturalpoland.com\/fr\/produkty\/produits-pour-lindustrie-alimentaire\/aromes\/aromes-alcooliques\/arome-de-rhum\/#primaryimage","url":"https:\/\/naturalpoland.com\/wp-content\/uploads\/aromat-rumowy.webp","contentUrl":"https:\/\/naturalpoland.com\/wp-content\/uploads\/aromat-rumowy.webp","width":592,"height":592,"caption":"Aromat rumowy"},{"@type":"BreadcrumbList","@id":"https:\/\/naturalpoland.com\/fr\/produkty\/produits-pour-lindustrie-alimentaire\/aromes\/aromes-alcooliques\/arome-de-rhum\/#breadcrumb","itemListElement":[{"@type":"ListItem","position":1,"name":"Accueil","item":"https:\/\/naturalpoland.com\/fr\/"},{"@type":"ListItem","position":2,"name":"Produits","item":"https:\/\/naturalpoland.com\/fr\/produits\/"},{"@type":"ListItem","position":3,"name":"Ar\u00f4me de rhum"}]},{"@type":"WebSite","@id":"https:\/\/naturalpoland.com\/fr\/#website","url":"https:\/\/naturalpoland.com\/fr\/","name":"NATURAL POLAND - Distributeur de mati\u00e8res premi\u00e8res en gros","description":"Surowce dla przemys\u0142u spo\u017cywczego, kosmetycznego i farmaceutycznego","publisher":{"@id":"https:\/\/naturalpoland.com\/fr\/#organization"},"potentialAction":[{"@type":"SearchAction","target":{"@type":"EntryPoint","urlTemplate":"https:\/\/naturalpoland.com\/fr\/?s={search_term_string}"},"query-input":{"@type":"PropertyValueSpecification","valueRequired":true,"valueName":"search_term_string"}}],"inLanguage":"fr-FR"},{"@type":"Organization","@id":"https:\/\/naturalpoland.com\/fr\/#organization","name":"Natural Poland","url":"https:\/\/naturalpoland.com\/fr\/","logo":{"@type":"ImageObject","inLanguage":"fr-FR","@id":"https:\/\/naturalpoland.com\/fr\/#\/schema\/logo\/image\/","url":"https:\/\/naturalpoland.com\/wp-content\/uploads\/2021\/05\/natural-poland-icon.png","contentUrl":"https:\/\/naturalpoland.com\/wp-content\/uploads\/2021\/05\/natural-poland-icon.png","width":512,"height":512,"caption":"Natural Poland"},"image":{"@id":"https:\/\/naturalpoland.com\/fr\/#\/schema\/logo\/image\/"},"sameAs":["https:\/\/www.facebook.com\/naturalpoland.b2b","https:\/\/pl.linkedin.com\/company\/natural-poland","https:\/\/www.youtube.com\/channel\/UCgeGGkvOMahZo-xu_MSEWxg"]}]}},"_links":{"self":[{"href":"https:\/\/naturalpoland.com\/fr\/wp-json\/wp\/v2\/product\/39773","targetHints":{"allow":["GET"]}}],"collection":[{"href":"https:\/\/naturalpoland.com\/fr\/wp-json\/wp\/v2\/product"}],"about":[{"href":"https:\/\/naturalpoland.com\/fr\/wp-json\/wp\/v2\/types\/product"}],"wp:featuredmedia":[{"embeddable":true,"href":"https:\/\/naturalpoland.com\/fr\/wp-json\/wp\/v2\/media\/39735"}],"wp:attachment":[{"href":"https:\/\/naturalpoland.com\/fr\/wp-json\/wp\/v2\/media?parent=39773"}],"wp:term":[{"taxonomy":"product_brand","embeddable":true,"href":"https:\/\/naturalpoland.com\/fr\/wp-json\/wp\/v2\/product_brand?post=39773"},{"taxonomy":"product_cat","embeddable":true,"href":"https:\/\/naturalpoland.com\/fr\/wp-json\/wp\/v2\/product_cat?post=39773"},{"taxonomy":"product_tag","embeddable":true,"href":"https:\/\/naturalpoland.com\/fr\/wp-json\/wp\/v2\/product_tag?post=39773"}],"curies":[{"name":"wp","href":"https:\/\/api.w.org\/{rel}","templated":true}]}}