{"id":40072,"date":"2025-02-28T14:07:23","date_gmt":"2025-02-28T15:23:20","guid":{"rendered":"https:\/\/naturalpoland.com\/produkty\/non class\u00e9\/arome-de-chocolat\/"},"modified":"2025-02-28T16:23:20","modified_gmt":"2025-02-28T15:23:20","slug":"arome-de-chocolat","status":"publish","type":"product","link":"https:\/\/naturalpoland.com\/fr\/produkty\/produits-pour-lindustrie-alimentaire\/aromes\/aromes-de-dessert\/arome-de-chocolat\/","title":{"rendered":"Ar\u00f4me de chocolat"},"content":{"rendered":"<p>L&rsquo;<strong>ar\u00f4me de chocolat en poudre<\/strong> est un m\u00e9lange de <strong>substances<\/strong> aromatiques, de <strong>maltodextrine<\/strong> et de <strong>gomme arabique (E414)<\/strong>. Il se caract\u00e9rise par une saveur et un ar\u00f4me de chocolat intenses et une couleur beige \u00e0 brun clair. Il ne contient pas d&rsquo;ingr\u00e9dients d&rsquo;origine animale, d&rsquo;allerg\u00e8nes ou d&rsquo;OGM et sa s\u00e9curit\u00e9 a \u00e9t\u00e9 confirm\u00e9e par le respect des normes de l&rsquo;UE. Le produit est utilis\u00e9 dans la production de g\u00e2teaux, de confiseries, de desserts lact\u00e9s, de cr\u00e8mes glac\u00e9es et de masses grasses, o\u00f9 son dosage optimal varie de 0,7 \u00e0 5 g\/kg, selon l&rsquo;application.   <\/p>\n<p>L&rsquo;<strong>ar\u00f4me de chocolat blanc en poudre<\/strong> est une variante qui capture le go\u00fbt et l&rsquo;ar\u00f4me caract\u00e9ristiques du chocolat blanc, avec une couleur allant du jaune p\u00e2le \u00e0 l&rsquo;orange ros\u00e9. Il est principalement utilis\u00e9 dans les boissons non alcoolis\u00e9es, o\u00f9 il est dos\u00e9 entre 0,5 et 1,2 g\/kg. <\/p>\n<p>L&rsquo;<strong>ar\u00f4me de chocolat au lait en poudre<\/strong> a une couleur beige cr\u00e9meuse \u00e0 brun clair et un profil d&rsquo;ar\u00f4me complet et laiteux. Il est principalement utilis\u00e9 dans les cr\u00e8mes glac\u00e9es et les boissons non alcoolis\u00e9es, avec un dosage optimal compris entre 0,5 et 2,5 g\/kg. <\/p>\n","protected":false},"excerpt":{"rendered":"<p>L&rsquo;ar\u00f4me de chocolat est un ingr\u00e9dient qui entre dans la composition de nombreux produits alimentaires auxquels il conf\u00e8re la saveur intense caract\u00e9ristique du chocolat. Le produit se pr\u00e9sente sous diff\u00e9rentes variantes pour r\u00e9pondre aux besoins sp\u00e9cifiques des fabricants de produits alimentaires, notamment sous forme de poudre et de liquide. <\/p>\n","protected":false},"featured_media":40040,"template":"","meta":{"_acf_changed":false},"product_brand":[],"product_cat":[7604],"product_tag":[],"class_list":{"0":"post-40072","1":"product","2":"type-product","3":"status-publish","4":"has-post-thumbnail","6":"product_cat-aromes-de-dessert","8":"first","9":"instock","10":"shipping-taxable","11":"product-type-simple"},"acf":[],"yoast_head":"<!-- This site is optimized with the Yoast SEO plugin v27.4 - https:\/\/yoast.com\/product\/yoast-seo-wordpress\/ -->\n<title>Ar\u00f4me de chocolat - Distributeur en gros<\/title>\n<meta name=\"description\" content=\"Les ar\u00f4mes de chocolat permettent aux fabricants d&#039;obtenir un profil sensoriel unique dans une large gamme de produits, des confiseries aux boissons.\" \/>\n<meta name=\"robots\" content=\"index, follow, max-snippet:-1, max-image-preview:large, max-video-preview:-1\" \/>\n<link rel=\"canonical\" href=\"https:\/\/naturalpoland.com\/fr\/produkty\/produits-pour-lindustrie-alimentaire\/aromes\/aromes-de-dessert\/arome-de-chocolat\/\" \/>\n<meta property=\"og:locale\" content=\"fr_FR\" \/>\n<meta property=\"og:type\" content=\"article\" \/>\n<meta property=\"og:title\" content=\"Ar\u00f4me de chocolat - Distributeur en gros\" \/>\n<meta property=\"og:description\" content=\"Les ar\u00f4mes de chocolat permettent aux fabricants d&#039;obtenir un profil sensoriel unique dans une large gamme de produits, des confiseries aux boissons.\" \/>\n<meta property=\"og:url\" content=\"https:\/\/naturalpoland.com\/fr\/produkty\/produits-pour-lindustrie-alimentaire\/aromes\/aromes-de-dessert\/arome-de-chocolat\/\" \/>\n<meta property=\"og:site_name\" content=\"NATURAL POLAND - Distributeur de mati\u00e8res premi\u00e8res en gros\" \/>\n<meta property=\"article:publisher\" content=\"https:\/\/www.facebook.com\/naturalpoland.b2b\" \/>\n<meta property=\"og:image\" content=\"https:\/\/naturalpoland.com\/wp-content\/uploads\/aromat-czekoladowy.webp\" \/>\n\t<meta property=\"og:image:width\" content=\"821\" \/>\n\t<meta property=\"og:image:height\" content=\"821\" \/>\n\t<meta property=\"og:image:type\" content=\"image\/webp\" \/>\n<script type=\"application\/ld+json\" class=\"yoast-schema-graph\">{\"@context\":\"https:\\\/\\\/schema.org\",\"@graph\":[{\"@type\":\"WebPage\",\"@id\":\"https:\\\/\\\/naturalpoland.com\\\/fr\\\/produkty\\\/produits-pour-lindustrie-alimentaire\\\/aromes\\\/aromes-de-dessert\\\/arome-de-chocolat\\\/\",\"url\":\"https:\\\/\\\/naturalpoland.com\\\/fr\\\/produkty\\\/produits-pour-lindustrie-alimentaire\\\/aromes\\\/aromes-de-dessert\\\/arome-de-chocolat\\\/\",\"name\":\"Ar\u00f4me de chocolat - Distributeur en gros\",\"isPartOf\":{\"@id\":\"https:\\\/\\\/naturalpoland.com\\\/fr\\\/#website\"},\"primaryImageOfPage\":{\"@id\":\"https:\\\/\\\/naturalpoland.com\\\/fr\\\/produkty\\\/produits-pour-lindustrie-alimentaire\\\/aromes\\\/aromes-de-dessert\\\/arome-de-chocolat\\\/#primaryimage\"},\"image\":{\"@id\":\"https:\\\/\\\/naturalpoland.com\\\/fr\\\/produkty\\\/produits-pour-lindustrie-alimentaire\\\/aromes\\\/aromes-de-dessert\\\/arome-de-chocolat\\\/#primaryimage\"},\"thumbnailUrl\":\"https:\\\/\\\/naturalpoland.com\\\/wp-content\\\/uploads\\\/aromat-czekoladowy.webp\",\"datePublished\":\"2025-02-28T15:23:20+00:00\",\"description\":\"Les ar\u00f4mes de chocolat permettent aux fabricants d'obtenir un profil sensoriel unique dans une large gamme de produits, des confiseries aux boissons.\",\"breadcrumb\":{\"@id\":\"https:\\\/\\\/naturalpoland.com\\\/fr\\\/produkty\\\/produits-pour-lindustrie-alimentaire\\\/aromes\\\/aromes-de-dessert\\\/arome-de-chocolat\\\/#breadcrumb\"},\"inLanguage\":\"fr-FR\",\"potentialAction\":[{\"@type\":\"ReadAction\",\"target\":[\"https:\\\/\\\/naturalpoland.com\\\/fr\\\/produkty\\\/produits-pour-lindustrie-alimentaire\\\/aromes\\\/aromes-de-dessert\\\/arome-de-chocolat\\\/\"]}]},{\"@type\":\"ImageObject\",\"inLanguage\":\"fr-FR\",\"@id\":\"https:\\\/\\\/naturalpoland.com\\\/fr\\\/produkty\\\/produits-pour-lindustrie-alimentaire\\\/aromes\\\/aromes-de-dessert\\\/arome-de-chocolat\\\/#primaryimage\",\"url\":\"https:\\\/\\\/naturalpoland.com\\\/wp-content\\\/uploads\\\/aromat-czekoladowy.webp\",\"contentUrl\":\"https:\\\/\\\/naturalpoland.com\\\/wp-content\\\/uploads\\\/aromat-czekoladowy.webp\",\"width\":821,\"height\":821,\"caption\":\"aromat czekoladowy\"},{\"@type\":\"BreadcrumbList\",\"@id\":\"https:\\\/\\\/naturalpoland.com\\\/fr\\\/produkty\\\/produits-pour-lindustrie-alimentaire\\\/aromes\\\/aromes-de-dessert\\\/arome-de-chocolat\\\/#breadcrumb\",\"itemListElement\":[{\"@type\":\"ListItem\",\"position\":1,\"name\":\"Accueil\",\"item\":\"https:\\\/\\\/naturalpoland.com\\\/fr\\\/\"},{\"@type\":\"ListItem\",\"position\":2,\"name\":\"Produits\",\"item\":\"https:\\\/\\\/naturalpoland.com\\\/fr\\\/produits\\\/\"},{\"@type\":\"ListItem\",\"position\":3,\"name\":\"Ar\u00f4me de chocolat\"}]},{\"@type\":\"WebSite\",\"@id\":\"https:\\\/\\\/naturalpoland.com\\\/fr\\\/#website\",\"url\":\"https:\\\/\\\/naturalpoland.com\\\/fr\\\/\",\"name\":\"NATURAL POLAND - Distributeur de mati\u00e8res premi\u00e8res en gros\",\"description\":\"Surowce dla przemys\u0142u spo\u017cywczego, kosmetycznego i farmaceutycznego\",\"publisher\":{\"@id\":\"https:\\\/\\\/naturalpoland.com\\\/fr\\\/#organization\"},\"potentialAction\":[{\"@type\":\"SearchAction\",\"target\":{\"@type\":\"EntryPoint\",\"urlTemplate\":\"https:\\\/\\\/naturalpoland.com\\\/fr\\\/?s={search_term_string}\"},\"query-input\":{\"@type\":\"PropertyValueSpecification\",\"valueRequired\":true,\"valueName\":\"search_term_string\"}}],\"inLanguage\":\"fr-FR\"},{\"@type\":\"Organization\",\"@id\":\"https:\\\/\\\/naturalpoland.com\\\/fr\\\/#organization\",\"name\":\"Natural Poland\",\"url\":\"https:\\\/\\\/naturalpoland.com\\\/fr\\\/\",\"logo\":{\"@type\":\"ImageObject\",\"inLanguage\":\"fr-FR\",\"@id\":\"https:\\\/\\\/naturalpoland.com\\\/fr\\\/#\\\/schema\\\/logo\\\/image\\\/\",\"url\":\"https:\\\/\\\/naturalpoland.com\\\/wp-content\\\/uploads\\\/2021\\\/05\\\/natural-poland-icon.png\",\"contentUrl\":\"https:\\\/\\\/naturalpoland.com\\\/wp-content\\\/uploads\\\/2021\\\/05\\\/natural-poland-icon.png\",\"width\":512,\"height\":512,\"caption\":\"Natural Poland\"},\"image\":{\"@id\":\"https:\\\/\\\/naturalpoland.com\\\/fr\\\/#\\\/schema\\\/logo\\\/image\\\/\"},\"sameAs\":[\"https:\\\/\\\/www.facebook.com\\\/naturalpoland.b2b\",\"https:\\\/\\\/pl.linkedin.com\\\/company\\\/natural-poland\",\"https:\\\/\\\/www.youtube.com\\\/channel\\\/UCgeGGkvOMahZo-xu_MSEWxg\"]}]}<\/script>\n<!-- \/ Yoast SEO plugin. -->","yoast_head_json":{"title":"Ar\u00f4me de chocolat - Distributeur en gros","description":"Les ar\u00f4mes de chocolat permettent aux fabricants d'obtenir un profil sensoriel unique dans une large gamme de produits, des confiseries aux boissons.","robots":{"index":"index","follow":"follow","max-snippet":"max-snippet:-1","max-image-preview":"max-image-preview:large","max-video-preview":"max-video-preview:-1"},"canonical":"https:\/\/naturalpoland.com\/fr\/produkty\/produits-pour-lindustrie-alimentaire\/aromes\/aromes-de-dessert\/arome-de-chocolat\/","og_locale":"fr_FR","og_type":"article","og_title":"Ar\u00f4me de chocolat - Distributeur en gros","og_description":"Les ar\u00f4mes de chocolat permettent aux fabricants d'obtenir un profil sensoriel unique dans une large gamme de produits, des confiseries aux boissons.","og_url":"https:\/\/naturalpoland.com\/fr\/produkty\/produits-pour-lindustrie-alimentaire\/aromes\/aromes-de-dessert\/arome-de-chocolat\/","og_site_name":"NATURAL POLAND - Distributeur de mati\u00e8res premi\u00e8res en gros","article_publisher":"https:\/\/www.facebook.com\/naturalpoland.b2b","og_image":[{"width":821,"height":821,"url":"https:\/\/naturalpoland.com\/wp-content\/uploads\/aromat-czekoladowy.webp","type":"image\/webp"}],"schema":{"@context":"https:\/\/schema.org","@graph":[{"@type":"WebPage","@id":"https:\/\/naturalpoland.com\/fr\/produkty\/produits-pour-lindustrie-alimentaire\/aromes\/aromes-de-dessert\/arome-de-chocolat\/","url":"https:\/\/naturalpoland.com\/fr\/produkty\/produits-pour-lindustrie-alimentaire\/aromes\/aromes-de-dessert\/arome-de-chocolat\/","name":"Ar\u00f4me de chocolat - Distributeur en gros","isPartOf":{"@id":"https:\/\/naturalpoland.com\/fr\/#website"},"primaryImageOfPage":{"@id":"https:\/\/naturalpoland.com\/fr\/produkty\/produits-pour-lindustrie-alimentaire\/aromes\/aromes-de-dessert\/arome-de-chocolat\/#primaryimage"},"image":{"@id":"https:\/\/naturalpoland.com\/fr\/produkty\/produits-pour-lindustrie-alimentaire\/aromes\/aromes-de-dessert\/arome-de-chocolat\/#primaryimage"},"thumbnailUrl":"https:\/\/naturalpoland.com\/wp-content\/uploads\/aromat-czekoladowy.webp","datePublished":"2025-02-28T15:23:20+00:00","description":"Les ar\u00f4mes de chocolat permettent aux fabricants d'obtenir un profil sensoriel unique dans une large gamme de produits, des confiseries aux boissons.","breadcrumb":{"@id":"https:\/\/naturalpoland.com\/fr\/produkty\/produits-pour-lindustrie-alimentaire\/aromes\/aromes-de-dessert\/arome-de-chocolat\/#breadcrumb"},"inLanguage":"fr-FR","potentialAction":[{"@type":"ReadAction","target":["https:\/\/naturalpoland.com\/fr\/produkty\/produits-pour-lindustrie-alimentaire\/aromes\/aromes-de-dessert\/arome-de-chocolat\/"]}]},{"@type":"ImageObject","inLanguage":"fr-FR","@id":"https:\/\/naturalpoland.com\/fr\/produkty\/produits-pour-lindustrie-alimentaire\/aromes\/aromes-de-dessert\/arome-de-chocolat\/#primaryimage","url":"https:\/\/naturalpoland.com\/wp-content\/uploads\/aromat-czekoladowy.webp","contentUrl":"https:\/\/naturalpoland.com\/wp-content\/uploads\/aromat-czekoladowy.webp","width":821,"height":821,"caption":"aromat czekoladowy"},{"@type":"BreadcrumbList","@id":"https:\/\/naturalpoland.com\/fr\/produkty\/produits-pour-lindustrie-alimentaire\/aromes\/aromes-de-dessert\/arome-de-chocolat\/#breadcrumb","itemListElement":[{"@type":"ListItem","position":1,"name":"Accueil","item":"https:\/\/naturalpoland.com\/fr\/"},{"@type":"ListItem","position":2,"name":"Produits","item":"https:\/\/naturalpoland.com\/fr\/produits\/"},{"@type":"ListItem","position":3,"name":"Ar\u00f4me de chocolat"}]},{"@type":"WebSite","@id":"https:\/\/naturalpoland.com\/fr\/#website","url":"https:\/\/naturalpoland.com\/fr\/","name":"NATURAL POLAND - Distributeur de mati\u00e8res premi\u00e8res en gros","description":"Surowce dla przemys\u0142u spo\u017cywczego, kosmetycznego i farmaceutycznego","publisher":{"@id":"https:\/\/naturalpoland.com\/fr\/#organization"},"potentialAction":[{"@type":"SearchAction","target":{"@type":"EntryPoint","urlTemplate":"https:\/\/naturalpoland.com\/fr\/?s={search_term_string}"},"query-input":{"@type":"PropertyValueSpecification","valueRequired":true,"valueName":"search_term_string"}}],"inLanguage":"fr-FR"},{"@type":"Organization","@id":"https:\/\/naturalpoland.com\/fr\/#organization","name":"Natural Poland","url":"https:\/\/naturalpoland.com\/fr\/","logo":{"@type":"ImageObject","inLanguage":"fr-FR","@id":"https:\/\/naturalpoland.com\/fr\/#\/schema\/logo\/image\/","url":"https:\/\/naturalpoland.com\/wp-content\/uploads\/2021\/05\/natural-poland-icon.png","contentUrl":"https:\/\/naturalpoland.com\/wp-content\/uploads\/2021\/05\/natural-poland-icon.png","width":512,"height":512,"caption":"Natural Poland"},"image":{"@id":"https:\/\/naturalpoland.com\/fr\/#\/schema\/logo\/image\/"},"sameAs":["https:\/\/www.facebook.com\/naturalpoland.b2b","https:\/\/pl.linkedin.com\/company\/natural-poland","https:\/\/www.youtube.com\/channel\/UCgeGGkvOMahZo-xu_MSEWxg"]}]}},"_links":{"self":[{"href":"https:\/\/naturalpoland.com\/fr\/wp-json\/wp\/v2\/product\/40072","targetHints":{"allow":["GET"]}}],"collection":[{"href":"https:\/\/naturalpoland.com\/fr\/wp-json\/wp\/v2\/product"}],"about":[{"href":"https:\/\/naturalpoland.com\/fr\/wp-json\/wp\/v2\/types\/product"}],"wp:featuredmedia":[{"embeddable":true,"href":"https:\/\/naturalpoland.com\/fr\/wp-json\/wp\/v2\/media\/40040"}],"wp:attachment":[{"href":"https:\/\/naturalpoland.com\/fr\/wp-json\/wp\/v2\/media?parent=40072"}],"wp:term":[{"taxonomy":"product_brand","embeddable":true,"href":"https:\/\/naturalpoland.com\/fr\/wp-json\/wp\/v2\/product_brand?post=40072"},{"taxonomy":"product_cat","embeddable":true,"href":"https:\/\/naturalpoland.com\/fr\/wp-json\/wp\/v2\/product_cat?post=40072"},{"taxonomy":"product_tag","embeddable":true,"href":"https:\/\/naturalpoland.com\/fr\/wp-json\/wp\/v2\/product_tag?post=40072"}],"curies":[{"name":"wp","href":"https:\/\/api.w.org\/{rel}","templated":true}]}}