{"id":40378,"date":"2025-03-06T15:12:17","date_gmt":"2025-03-07T14:13:10","guid":{"rendered":"https:\/\/naturalpoland.com\/produkty\/non class\u00e9\/pigments-inorganiques\/"},"modified":"2025-03-07T15:13:10","modified_gmt":"2025-03-07T14:13:10","slug":"pigments-inorganiques","status":"publish","type":"product","link":"https:\/\/naturalpoland.com\/fr\/produkty\/produits-pour-lindustrie-cosmetique\/colorants-cosmetiques\/pigments-inorganiques\/","title":{"rendered":"Pigments inorganiques"},"content":{"rendered":"<h2>Avantages des pigments inorganiques :<\/h2>\n<ul>\n<li>Ils peuvent \u00eatre utilis\u00e9s en toute s\u00e9curit\u00e9 sur la peau et dans les cosm\u00e9tiques.<\/li>\n<li>Excellente couverture et couleur intense<\/li>\n<li>R\u00e9sistant \u00e0 la lumi\u00e8re et \u00e0 la temp\u00e9rature<\/li>\n<li>Ils sont chimiquement stables et ne r\u00e9agissent pas avec d&rsquo;autres ingr\u00e9dients cosm\u00e9tiques.<\/li>\n<li>Ils ne se dissolvent pas dans l&rsquo;eau ou les huiles et restent donc \u00e0 la surface de la peau.<\/li>\n<li>Ils sont hypoallerg\u00e9niques et provoquent rarement des r\u00e9actions allergiques.<\/li>\n<li>Tient plus longtemps sur la peau que les pigments organiques<\/li>\n<li>Ils peuvent \u00eatre mats ou nacr\u00e9s &#8211; selon la forme de traitement.<\/li>\n<\/ul>\n<h2>Types de pigments inorganiques :<\/h2>\n<h3>1. LES OXYDES DE FER<\/h3>\n<p>Ces pigments sont parmi les plus populaires en cosm\u00e9tique. Ils sont stables et sans danger pour la peau, c&rsquo;est pourquoi ils sont recommand\u00e9s pour les cosm\u00e9tiques min\u00e9raux et biologiques. Ils existent dans une grande vari\u00e9t\u00e9 de teintes :  <\/p>\n<ol>\n<li style=\"list-style-type: none;\">\n<ul>\n<li>Jaune (C.I. 77492) &#8211; utilis\u00e9 dans les fonds de teint, les correcteurs, les poudres, les ombres \u00e0 paupi\u00e8res et les rouges \u00e0 l\u00e8vres.<\/li>\n<li>Rouge (C.I. 77491) &#8211; utilis\u00e9 dans les fards \u00e0 joues, les rouges \u00e0 l\u00e8vres, les vernis \u00e0 ongles et les produits de coloration des cheveux.<\/li>\n<li>Brun (C.I. 77491, 77492, 77499) &#8211; pigment cl\u00e9 dans les bronzants, les poudres, les cosm\u00e9tiques pour les sourcils et les produits de contournement.<\/li>\n<li>Noir (C.I. 77499) &#8211; ingr\u00e9dient de base des mascaras, eye-liners, crayons pour les yeux et produits cosm\u00e9tiques pour les sourcils.<\/li>\n<\/ul>\n<\/li>\n<\/ol>\n<h3>2. LES ULTRAMARINES<\/h3>\n<p>Il s&rsquo;agit de pigments d&rsquo;origine naturelle. Ils sont r\u00e9sistants \u00e0 la lumi\u00e8re et \u00e0 la temp\u00e9rature, mais peuvent \u00eatre sensibles aux acides, ce qui peut n\u00e9cessiter des stabilisateurs sp\u00e9ciaux dans certains produits. Les ultramarines ont des nuances intenses de bleu, de violet et de rose :  <\/p>\n<ul>\n<li style=\"list-style-type: none;\">\n<ul>\n<li>Bleu outremer (C.I. 77007) &#8211; utilis\u00e9 dans les ombres \u00e0 paupi\u00e8res, les vernis \u00e0 ongles et les eye-liners.<\/li>\n<li>Violet et rose ultramarins (C.I. 77007) &#8211; donne de la couleur aux fards \u00e0 joues, aux rouges \u00e0 l\u00e8vres et aux ombres \u00e0 paupi\u00e8res.<\/li>\n<\/ul>\n<\/li>\n<\/ul>\n<h3>3. BLEU DE PRUSSE (C.I. 77510)<\/h3>\n<p>Il s&rsquo;agit d&rsquo;un pigment bleu intense utilis\u00e9 principalement dans les cosm\u00e9tiques pour les yeux tels que les ombres \u00e0 paupi\u00e8res, les eyeliners, les mascaras et \u00e9galement dans les produits de coloration pour les cheveux.<\/p>\n<h3>4. PIGMENTS BLANCS<\/h3>\n<ul>\n<li style=\"list-style-type: none;\">\n<ul>\n<li>Dioxyde de titane (C.I. 77891) &#8211; pigment tr\u00e8s populaire utilis\u00e9 dans les fonds de teint, les correcteurs, les poudres, les cr\u00e8mes BB, les \u00e9crans solaires (r\u00e9fl\u00e9chit les rayons UV), les rouges \u00e0 l\u00e8vres, les ombres \u00e0 paupi\u00e8res.<\/li>\n<li>Oxyde de zinc (C.I. 77947) &#8211; utilis\u00e9 dans les \u00e9crans solaires, les poudres et les poudres pour peaux sensibles<\/li>\n<\/ul>\n<\/li>\n<\/ul>\n<h2>Utilisation de pigments inorganiques dans les cosm\u00e9tiques :<\/h2>\n<ul>\n<li>Maquillage &#8211; fonds de teint, correcteurs, ombres \u00e0 paupi\u00e8res, rouges \u00e0 l\u00e8vres, fards \u00e0 joues, crayons \u00e0 sourcils<\/li>\n<li>Coloration des cheveux &#8211; teintures et toners<\/li>\n<li>Produits pour les ongles &#8211; vernis \u00e0 ongles, bases, top coats<\/li>\n<li>Cosm\u00e9tiques pour le soin de la peau &#8211; poudres, bronzants, \u00e9crans solaires<\/li>\n<\/ul>\n","protected":false},"excerpt":{"rendered":"<p>Les <strong>pigments cosm\u00e9tiques inorganiques<\/strong> sont chimiquement et physiquement stables, r\u00e9sistants \u00e0 la lumi\u00e8re, \u00e0 la temp\u00e9rature et aux effets chimiques. Ils sont utilis\u00e9s pour la coloration de divers produits cosm\u00e9tiques : maquillage, soins de la peau, produits pour les ongles, teintures pour les cheveux. Les pigments inorganiques sont principalement constitu\u00e9s de min\u00e9raux et d&rsquo;oxydes m\u00e9talliques.  <\/p>\n","protected":false},"featured_media":40275,"template":"","meta":[],"product_brand":[],"product_cat":[7793],"product_tag":[],"class_list":{"0":"post-40378","1":"product","2":"type-product","3":"status-publish","4":"has-post-thumbnail","6":"product_cat-colorants-cosmetiques","8":"first","9":"instock","10":"shipping-taxable","11":"product-type-simple"},"yoast_head":"<!-- This site is optimized with the Yoast SEO plugin v27.3 - https:\/\/yoast.com\/product\/yoast-seo-wordpress\/ -->\n<title>Pigments inorganiques - Distributeur en gros<\/title>\n<meta name=\"description\" content=\"Les pigments inorganiques sont les pigments de base utilis\u00e9s dans les cosm\u00e9tiques. Ils sont stables, durables, s\u00fbrs et ont une bonne dur\u00e9e de conservation.\" \/>\n<meta name=\"robots\" content=\"index, follow, max-snippet:-1, max-image-preview:large, max-video-preview:-1\" \/>\n<link rel=\"canonical\" href=\"https:\/\/naturalpoland.com\/fr\/produkty\/produits-pour-lindustrie-cosmetique\/colorants-cosmetiques\/pigments-inorganiques\/\" \/>\n<meta property=\"og:locale\" content=\"fr_FR\" \/>\n<meta property=\"og:type\" content=\"article\" \/>\n<meta property=\"og:title\" content=\"Pigments inorganiques - Distributeur en gros\" \/>\n<meta property=\"og:description\" content=\"Les pigments inorganiques sont les pigments de base utilis\u00e9s dans les cosm\u00e9tiques. Ils sont stables, durables, s\u00fbrs et ont une bonne dur\u00e9e de conservation.\" \/>\n<meta property=\"og:url\" content=\"https:\/\/naturalpoland.com\/fr\/produkty\/produits-pour-lindustrie-cosmetique\/colorants-cosmetiques\/pigments-inorganiques\/\" \/>\n<meta property=\"og:site_name\" content=\"NATURAL POLAND - Distributeur de mati\u00e8res premi\u00e8res en gros\" \/>\n<meta property=\"article:publisher\" content=\"https:\/\/www.facebook.com\/naturalpoland.b2b\" \/>\n<meta property=\"og:image\" content=\"https:\/\/naturalpoland.com\/wp-content\/uploads\/pigmenty-nieorganiczne.webp\" \/>\n\t<meta property=\"og:image:width\" content=\"821\" \/>\n\t<meta property=\"og:image:height\" content=\"821\" \/>\n\t<meta property=\"og:image:type\" content=\"image\/webp\" \/>\n<script type=\"application\/ld+json\" class=\"yoast-schema-graph\">{\"@context\":\"https:\\\/\\\/schema.org\",\"@graph\":[{\"@type\":\"WebPage\",\"@id\":\"https:\\\/\\\/naturalpoland.com\\\/fr\\\/produkty\\\/produits-pour-lindustrie-cosmetique\\\/colorants-cosmetiques\\\/pigments-inorganiques\\\/\",\"url\":\"https:\\\/\\\/naturalpoland.com\\\/fr\\\/produkty\\\/produits-pour-lindustrie-cosmetique\\\/colorants-cosmetiques\\\/pigments-inorganiques\\\/\",\"name\":\"Pigments inorganiques - Distributeur en gros\",\"isPartOf\":{\"@id\":\"https:\\\/\\\/naturalpoland.com\\\/fr\\\/#website\"},\"primaryImageOfPage\":{\"@id\":\"https:\\\/\\\/naturalpoland.com\\\/fr\\\/produkty\\\/produits-pour-lindustrie-cosmetique\\\/colorants-cosmetiques\\\/pigments-inorganiques\\\/#primaryimage\"},\"image\":{\"@id\":\"https:\\\/\\\/naturalpoland.com\\\/fr\\\/produkty\\\/produits-pour-lindustrie-cosmetique\\\/colorants-cosmetiques\\\/pigments-inorganiques\\\/#primaryimage\"},\"thumbnailUrl\":\"https:\\\/\\\/naturalpoland.com\\\/wp-content\\\/uploads\\\/pigmenty-nieorganiczne.webp\",\"datePublished\":\"2025-03-07T14:13:10+00:00\",\"description\":\"Les pigments inorganiques sont les pigments de base utilis\u00e9s dans les cosm\u00e9tiques. Ils sont stables, durables, s\u00fbrs et ont une bonne dur\u00e9e de conservation.\",\"breadcrumb\":{\"@id\":\"https:\\\/\\\/naturalpoland.com\\\/fr\\\/produkty\\\/produits-pour-lindustrie-cosmetique\\\/colorants-cosmetiques\\\/pigments-inorganiques\\\/#breadcrumb\"},\"inLanguage\":\"fr-FR\",\"potentialAction\":[{\"@type\":\"ReadAction\",\"target\":[\"https:\\\/\\\/naturalpoland.com\\\/fr\\\/produkty\\\/produits-pour-lindustrie-cosmetique\\\/colorants-cosmetiques\\\/pigments-inorganiques\\\/\"]}]},{\"@type\":\"ImageObject\",\"inLanguage\":\"fr-FR\",\"@id\":\"https:\\\/\\\/naturalpoland.com\\\/fr\\\/produkty\\\/produits-pour-lindustrie-cosmetique\\\/colorants-cosmetiques\\\/pigments-inorganiques\\\/#primaryimage\",\"url\":\"https:\\\/\\\/naturalpoland.com\\\/wp-content\\\/uploads\\\/pigmenty-nieorganiczne.webp\",\"contentUrl\":\"https:\\\/\\\/naturalpoland.com\\\/wp-content\\\/uploads\\\/pigmenty-nieorganiczne.webp\",\"width\":821,\"height\":821,\"caption\":\"Pigmenty nieorganiczne\"},{\"@type\":\"BreadcrumbList\",\"@id\":\"https:\\\/\\\/naturalpoland.com\\\/fr\\\/produkty\\\/produits-pour-lindustrie-cosmetique\\\/colorants-cosmetiques\\\/pigments-inorganiques\\\/#breadcrumb\",\"itemListElement\":[{\"@type\":\"ListItem\",\"position\":1,\"name\":\"Accueil\",\"item\":\"https:\\\/\\\/naturalpoland.com\\\/fr\\\/\"},{\"@type\":\"ListItem\",\"position\":2,\"name\":\"Produits\",\"item\":\"https:\\\/\\\/naturalpoland.com\\\/fr\\\/produits\\\/\"},{\"@type\":\"ListItem\",\"position\":3,\"name\":\"Pigments inorganiques\"}]},{\"@type\":\"WebSite\",\"@id\":\"https:\\\/\\\/naturalpoland.com\\\/fr\\\/#website\",\"url\":\"https:\\\/\\\/naturalpoland.com\\\/fr\\\/\",\"name\":\"NATURAL POLAND - Distributeur de mati\u00e8res premi\u00e8res en gros\",\"description\":\"Surowce dla przemys\u0142u spo\u017cywczego, kosmetycznego i farmaceutycznego\",\"publisher\":{\"@id\":\"https:\\\/\\\/naturalpoland.com\\\/fr\\\/#organization\"},\"potentialAction\":[{\"@type\":\"SearchAction\",\"target\":{\"@type\":\"EntryPoint\",\"urlTemplate\":\"https:\\\/\\\/naturalpoland.com\\\/fr\\\/?s={search_term_string}\"},\"query-input\":{\"@type\":\"PropertyValueSpecification\",\"valueRequired\":true,\"valueName\":\"search_term_string\"}}],\"inLanguage\":\"fr-FR\"},{\"@type\":\"Organization\",\"@id\":\"https:\\\/\\\/naturalpoland.com\\\/fr\\\/#organization\",\"name\":\"Natural Poland\",\"url\":\"https:\\\/\\\/naturalpoland.com\\\/fr\\\/\",\"logo\":{\"@type\":\"ImageObject\",\"inLanguage\":\"fr-FR\",\"@id\":\"https:\\\/\\\/naturalpoland.com\\\/fr\\\/#\\\/schema\\\/logo\\\/image\\\/\",\"url\":\"https:\\\/\\\/naturalpoland.com\\\/wp-content\\\/uploads\\\/2021\\\/05\\\/natural-poland-icon.png\",\"contentUrl\":\"https:\\\/\\\/naturalpoland.com\\\/wp-content\\\/uploads\\\/2021\\\/05\\\/natural-poland-icon.png\",\"width\":512,\"height\":512,\"caption\":\"Natural Poland\"},\"image\":{\"@id\":\"https:\\\/\\\/naturalpoland.com\\\/fr\\\/#\\\/schema\\\/logo\\\/image\\\/\"},\"sameAs\":[\"https:\\\/\\\/www.facebook.com\\\/naturalpoland.b2b\",\"https:\\\/\\\/pl.linkedin.com\\\/company\\\/natural-poland\",\"https:\\\/\\\/www.youtube.com\\\/channel\\\/UCgeGGkvOMahZo-xu_MSEWxg\"]}]}<\/script>\n<!-- \/ Yoast SEO plugin. -->","yoast_head_json":{"title":"Pigments inorganiques - Distributeur en gros","description":"Les pigments inorganiques sont les pigments de base utilis\u00e9s dans les cosm\u00e9tiques. Ils sont stables, durables, s\u00fbrs et ont une bonne dur\u00e9e de conservation.","robots":{"index":"index","follow":"follow","max-snippet":"max-snippet:-1","max-image-preview":"max-image-preview:large","max-video-preview":"max-video-preview:-1"},"canonical":"https:\/\/naturalpoland.com\/fr\/produkty\/produits-pour-lindustrie-cosmetique\/colorants-cosmetiques\/pigments-inorganiques\/","og_locale":"fr_FR","og_type":"article","og_title":"Pigments inorganiques - Distributeur en gros","og_description":"Les pigments inorganiques sont les pigments de base utilis\u00e9s dans les cosm\u00e9tiques. Ils sont stables, durables, s\u00fbrs et ont une bonne dur\u00e9e de conservation.","og_url":"https:\/\/naturalpoland.com\/fr\/produkty\/produits-pour-lindustrie-cosmetique\/colorants-cosmetiques\/pigments-inorganiques\/","og_site_name":"NATURAL POLAND - Distributeur de mati\u00e8res premi\u00e8res en gros","article_publisher":"https:\/\/www.facebook.com\/naturalpoland.b2b","og_image":[{"width":821,"height":821,"url":"https:\/\/naturalpoland.com\/wp-content\/uploads\/pigmenty-nieorganiczne.webp","type":"image\/webp"}],"schema":{"@context":"https:\/\/schema.org","@graph":[{"@type":"WebPage","@id":"https:\/\/naturalpoland.com\/fr\/produkty\/produits-pour-lindustrie-cosmetique\/colorants-cosmetiques\/pigments-inorganiques\/","url":"https:\/\/naturalpoland.com\/fr\/produkty\/produits-pour-lindustrie-cosmetique\/colorants-cosmetiques\/pigments-inorganiques\/","name":"Pigments inorganiques - Distributeur en gros","isPartOf":{"@id":"https:\/\/naturalpoland.com\/fr\/#website"},"primaryImageOfPage":{"@id":"https:\/\/naturalpoland.com\/fr\/produkty\/produits-pour-lindustrie-cosmetique\/colorants-cosmetiques\/pigments-inorganiques\/#primaryimage"},"image":{"@id":"https:\/\/naturalpoland.com\/fr\/produkty\/produits-pour-lindustrie-cosmetique\/colorants-cosmetiques\/pigments-inorganiques\/#primaryimage"},"thumbnailUrl":"https:\/\/naturalpoland.com\/wp-content\/uploads\/pigmenty-nieorganiczne.webp","datePublished":"2025-03-07T14:13:10+00:00","description":"Les pigments inorganiques sont les pigments de base utilis\u00e9s dans les cosm\u00e9tiques. Ils sont stables, durables, s\u00fbrs et ont une bonne dur\u00e9e de conservation.","breadcrumb":{"@id":"https:\/\/naturalpoland.com\/fr\/produkty\/produits-pour-lindustrie-cosmetique\/colorants-cosmetiques\/pigments-inorganiques\/#breadcrumb"},"inLanguage":"fr-FR","potentialAction":[{"@type":"ReadAction","target":["https:\/\/naturalpoland.com\/fr\/produkty\/produits-pour-lindustrie-cosmetique\/colorants-cosmetiques\/pigments-inorganiques\/"]}]},{"@type":"ImageObject","inLanguage":"fr-FR","@id":"https:\/\/naturalpoland.com\/fr\/produkty\/produits-pour-lindustrie-cosmetique\/colorants-cosmetiques\/pigments-inorganiques\/#primaryimage","url":"https:\/\/naturalpoland.com\/wp-content\/uploads\/pigmenty-nieorganiczne.webp","contentUrl":"https:\/\/naturalpoland.com\/wp-content\/uploads\/pigmenty-nieorganiczne.webp","width":821,"height":821,"caption":"Pigmenty nieorganiczne"},{"@type":"BreadcrumbList","@id":"https:\/\/naturalpoland.com\/fr\/produkty\/produits-pour-lindustrie-cosmetique\/colorants-cosmetiques\/pigments-inorganiques\/#breadcrumb","itemListElement":[{"@type":"ListItem","position":1,"name":"Accueil","item":"https:\/\/naturalpoland.com\/fr\/"},{"@type":"ListItem","position":2,"name":"Produits","item":"https:\/\/naturalpoland.com\/fr\/produits\/"},{"@type":"ListItem","position":3,"name":"Pigments inorganiques"}]},{"@type":"WebSite","@id":"https:\/\/naturalpoland.com\/fr\/#website","url":"https:\/\/naturalpoland.com\/fr\/","name":"NATURAL POLAND - Distributeur de mati\u00e8res premi\u00e8res en gros","description":"Surowce dla przemys\u0142u spo\u017cywczego, kosmetycznego i farmaceutycznego","publisher":{"@id":"https:\/\/naturalpoland.com\/fr\/#organization"},"potentialAction":[{"@type":"SearchAction","target":{"@type":"EntryPoint","urlTemplate":"https:\/\/naturalpoland.com\/fr\/?s={search_term_string}"},"query-input":{"@type":"PropertyValueSpecification","valueRequired":true,"valueName":"search_term_string"}}],"inLanguage":"fr-FR"},{"@type":"Organization","@id":"https:\/\/naturalpoland.com\/fr\/#organization","name":"Natural Poland","url":"https:\/\/naturalpoland.com\/fr\/","logo":{"@type":"ImageObject","inLanguage":"fr-FR","@id":"https:\/\/naturalpoland.com\/fr\/#\/schema\/logo\/image\/","url":"https:\/\/naturalpoland.com\/wp-content\/uploads\/2021\/05\/natural-poland-icon.png","contentUrl":"https:\/\/naturalpoland.com\/wp-content\/uploads\/2021\/05\/natural-poland-icon.png","width":512,"height":512,"caption":"Natural Poland"},"image":{"@id":"https:\/\/naturalpoland.com\/fr\/#\/schema\/logo\/image\/"},"sameAs":["https:\/\/www.facebook.com\/naturalpoland.b2b","https:\/\/pl.linkedin.com\/company\/natural-poland","https:\/\/www.youtube.com\/channel\/UCgeGGkvOMahZo-xu_MSEWxg"]}]}},"_links":{"self":[{"href":"https:\/\/naturalpoland.com\/fr\/wp-json\/wp\/v2\/product\/40378","targetHints":{"allow":["GET"]}}],"collection":[{"href":"https:\/\/naturalpoland.com\/fr\/wp-json\/wp\/v2\/product"}],"about":[{"href":"https:\/\/naturalpoland.com\/fr\/wp-json\/wp\/v2\/types\/product"}],"wp:featuredmedia":[{"embeddable":true,"href":"https:\/\/naturalpoland.com\/fr\/wp-json\/wp\/v2\/media\/40275"}],"wp:attachment":[{"href":"https:\/\/naturalpoland.com\/fr\/wp-json\/wp\/v2\/media?parent=40378"}],"wp:term":[{"taxonomy":"product_brand","embeddable":true,"href":"https:\/\/naturalpoland.com\/fr\/wp-json\/wp\/v2\/product_brand?post=40378"},{"taxonomy":"product_cat","embeddable":true,"href":"https:\/\/naturalpoland.com\/fr\/wp-json\/wp\/v2\/product_cat?post=40378"},{"taxonomy":"product_tag","embeddable":true,"href":"https:\/\/naturalpoland.com\/fr\/wp-json\/wp\/v2\/product_tag?post=40378"}],"curies":[{"name":"wp","href":"https:\/\/api.w.org\/{rel}","templated":true}]}}