{"id":41268,"date":"2025-05-29T14:41:56","date_gmt":"2025-05-29T13:51:51","guid":{"rendered":"https:\/\/naturalpoland.com\/produkty\/non class\u00e9\/extrait-de-pivoine\/"},"modified":"2025-05-29T15:51:51","modified_gmt":"2025-05-29T13:51:51","slug":"extrait-de-pivoine","status":"publish","type":"product","link":"https:\/\/naturalpoland.com\/fr\/produkty\/extraits-de-plantes\/extrait-de-pivoine\/","title":{"rendered":"Extrait de pivoine"},"content":{"rendered":"<h2>Propri\u00e9t\u00e9s<\/h2>\n<p>L&rsquo;extrait de pivoine se pr\u00e9sente sous la forme d&rsquo;une poudre finement broy\u00e9e, de couleur brun-jaune, \u00e0 l&rsquo;odeur caract\u00e9ristique l\u00e9g\u00e8rement astringente. Il est obtenu par la m\u00e9thode aqueuse, en ajoutant de la maltodextrine comme support. <\/p>\n<p data-start=\"766\" data-end=\"1438\">La mati\u00e8re premi\u00e8re pr\u00e9sente un large spectre d&rsquo;activit\u00e9 biologique, gr\u00e2ce \u00e0 la pr\u00e9sence de compos\u00e9s tels que la <strong>paeoniflorine<\/strong>, <a href=\"https:\/\/naturalpoland.com\/artykuly\/produkty-naturalne\/czym-sa-i-jak-dzialaja-flawonoidy\/\"><strong>flavono\u00efdes<\/strong><\/a>de <strong>flavono\u00efdes<\/strong>, de <strong>tanins<\/strong> et d&rsquo;<strong>acides organiques<\/strong>. Elle est traditionnellement utilis\u00e9e comme <strong>s\u00e9datif naturel<\/strong> pour soulager la tension nerveuse, l&rsquo;anxi\u00e9t\u00e9 et les sympt\u00f4mes pr\u00e9menstruels. Elle soutient le fonctionnement du syst\u00e8me immunitaire et aide l&rsquo;organisme \u00e0 lutter contre l&rsquo;inflammation, la douleur et les rhumatismes. La pivoine a \u00e9galement un effet diastolique <strong>et anti\u0153d\u00e9mateux<\/strong>, ce qui explique qu&rsquo;elle soit parfois utilis\u00e9e pour soulager les troubles menstruels et les probl\u00e8mes circulatoires. Certaines \u00e9tudes soulignent \u00e9galement son potentiel neuroprotecteur et adaptog\u00e8ne.    <\/p>\n<p data-start=\"1440\" data-end=\"1860\"><strong>En cosm\u00e9tique naturelle<\/strong>, l&rsquo;extrait de pivoine est appr\u00e9ci\u00e9 pour ses propri\u00e9t\u00e9s antioxydantes, \u00e9claircissantes et apaisantes. Il aide \u00e0 calmer les inflammations cutan\u00e9es, \u00e0 r\u00e9duire les rougeurs, \u00e0 soutenir la barri\u00e8re \u00e9pidermique et \u00e0 am\u00e9liorer l&rsquo;\u00e9lasticit\u00e9 de la peau. Gr\u00e2ce \u00e0 ces propri\u00e9t\u00e9s, il est utilis\u00e9 dans les formulations pour les peaux sensibles, vasculaires, irrit\u00e9es et matures, notamment dans les produits anti-\u00e2ge.  <\/p>\n<h2 data-start=\"1862\" data-end=\"1895\">Application et s\u00e9curit\u00e9<\/h2>\n<p data-start=\"1897\" data-end=\"1940\">L&rsquo;extrait de pivoine est utilis\u00e9 dans :<\/p>\n<ul data-start=\"1941\" data-end=\"2253\">\n<li data-start=\"1941\" data-end=\"2019\">\n<p data-start=\"1943\" data-end=\"2019\"><strong>des compl\u00e9ments alimentaires<\/strong> pour soutenir les syst\u00e8mes nerveux, endocrinien et immunitaire ;<\/p>\n<\/li>\n<li data-start=\"2020\" data-end=\"2099\">\n<p data-start=\"2022\" data-end=\"2099\"><strong>pr\u00e9parations pour soulager les douleurs musculaires<\/strong>, les <strong>douleurs<\/strong> rhumatismales et les tensions menstruelles ;<\/p>\n<\/li>\n<li data-start=\"2100\" data-end=\"2185\">\n<p data-start=\"2102\" data-end=\"2185\"><strong>cosm\u00e9tiques<\/strong> apaisants, anti-\u00e2ge et illuminants pour le visage et le corps ;<\/p>\n<\/li>\n<li data-start=\"2186\" data-end=\"2253\">\n<p data-start=\"2188\" data-end=\"2253\">pour favoriser l&rsquo;\u00e9quilibre \u00e9motionnel et la r\u00e9duction du stress.<\/p>\n<\/li>\n<\/ul>\n<p data-start=\"2255\" data-end=\"2783\" data-is-last-node=\"\" data-is-only-node=\"\">Bien que la pivoine soit consid\u00e9r\u00e9e comme ayant un profil de s\u00e9curit\u00e9 \u00e9lev\u00e9, elle peut, comme tout ingr\u00e9dient v\u00e9g\u00e9tal, provoquer une r\u00e9action allergique chez les personnes particuli\u00e8rement sensibles. Des sympt\u00f4mes tels que d\u00e9mangeaisons, \u00e9ruptions cutan\u00e9es ou irritations sont tr\u00e8s rares, mais un test cutan\u00e9 est recommand\u00e9 lors de la premi\u00e8re utilisation de produits cosm\u00e9tiques en contenant. Dans le cas d&rsquo;une suppl\u00e9mentation orale, les femmes enceintes ou allaitantes et les personnes prenant des anticoagulants doivent consulter un m\u00e9decin avant de commencer \u00e0 l&rsquo;utiliser.  <\/p>\n","protected":false},"excerpt":{"rendered":"<p>L&rsquo;<strong>extrait de pivoine<\/strong> est <strong>extrait<\/strong> de la racine de la plante <em data-start=\"132\" data-end=\"152\">Paeonia lactiflora. <\/em>Il \u00e9tait utilis\u00e9 dans la m\u00e9decine traditionnelle chinoise et est aujourd&rsquo;hui de plus en plus utilis\u00e9 dans les pr\u00e9parations phytoth\u00e9rapeutiques et cosm\u00e9tiques modernes et dans les compl\u00e9ments alimentaires.<\/p>\n","protected":false},"featured_media":41239,"template":"","meta":[],"product_brand":[],"product_cat":[1293],"product_tag":[],"class_list":{"0":"post-41268","1":"product","2":"type-product","3":"status-publish","4":"has-post-thumbnail","6":"product_cat-extraits-de-plantes","7":"pa_czesc-rosliny-racine","9":"first","10":"instock","11":"shipping-taxable","12":"product-type-simple"},"yoast_head":"<!-- This site is optimized with the Yoast SEO plugin v27.4 - https:\/\/yoast.com\/product\/yoast-seo-wordpress\/ -->\n<title>Extrait de pivoine - Distributeur en gros<\/title>\n<meta name=\"description\" content=\"L&#039;extrait de pivoine, extrait de la racine de la plante Paeonia lactiflora, est une mati\u00e8re premi\u00e8re de plus en plus utilis\u00e9e dans les pr\u00e9parations phytoth\u00e9rapeutiques modernes.\" \/>\n<meta name=\"robots\" content=\"index, follow, max-snippet:-1, max-image-preview:large, max-video-preview:-1\" \/>\n<link rel=\"canonical\" href=\"https:\/\/naturalpoland.com\/fr\/produkty\/extraits-de-plantes\/extrait-de-pivoine\/\" \/>\n<meta property=\"og:locale\" content=\"fr_FR\" \/>\n<meta property=\"og:type\" content=\"article\" \/>\n<meta property=\"og:title\" content=\"Extrait de pivoine - Distributeur en gros\" \/>\n<meta property=\"og:description\" content=\"L&#039;extrait de pivoine, extrait de la racine de la plante Paeonia lactiflora, est une mati\u00e8re premi\u00e8re de plus en plus utilis\u00e9e dans les pr\u00e9parations phytoth\u00e9rapeutiques modernes.\" \/>\n<meta property=\"og:url\" content=\"https:\/\/naturalpoland.com\/fr\/produkty\/extraits-de-plantes\/extrait-de-pivoine\/\" \/>\n<meta property=\"og:site_name\" content=\"NATURAL POLAND - Distributeur de mati\u00e8res premi\u00e8res en gros\" \/>\n<meta property=\"article:publisher\" content=\"https:\/\/www.facebook.com\/naturalpoland.b2b\" \/>\n<meta property=\"og:image\" content=\"https:\/\/naturalpoland.com\/wp-content\/uploads\/ekstrakt-z-piwoni.webp\" \/>\n\t<meta property=\"og:image:width\" content=\"1024\" \/>\n\t<meta property=\"og:image:height\" content=\"1024\" \/>\n\t<meta property=\"og:image:type\" content=\"image\/webp\" \/>\n<script type=\"application\/ld+json\" class=\"yoast-schema-graph\">{\"@context\":\"https:\\\/\\\/schema.org\",\"@graph\":[{\"@type\":\"WebPage\",\"@id\":\"https:\\\/\\\/naturalpoland.com\\\/fr\\\/produkty\\\/extraits-de-plantes\\\/extrait-de-pivoine\\\/\",\"url\":\"https:\\\/\\\/naturalpoland.com\\\/fr\\\/produkty\\\/extraits-de-plantes\\\/extrait-de-pivoine\\\/\",\"name\":\"Extrait de pivoine - Distributeur en gros\",\"isPartOf\":{\"@id\":\"https:\\\/\\\/naturalpoland.com\\\/fr\\\/#website\"},\"primaryImageOfPage\":{\"@id\":\"https:\\\/\\\/naturalpoland.com\\\/fr\\\/produkty\\\/extraits-de-plantes\\\/extrait-de-pivoine\\\/#primaryimage\"},\"image\":{\"@id\":\"https:\\\/\\\/naturalpoland.com\\\/fr\\\/produkty\\\/extraits-de-plantes\\\/extrait-de-pivoine\\\/#primaryimage\"},\"thumbnailUrl\":\"https:\\\/\\\/naturalpoland.com\\\/wp-content\\\/uploads\\\/ekstrakt-z-piwoni.webp\",\"datePublished\":\"2025-05-29T13:51:51+00:00\",\"description\":\"L'extrait de pivoine, extrait de la racine de la plante Paeonia lactiflora, est une mati\u00e8re premi\u00e8re de plus en plus utilis\u00e9e dans les pr\u00e9parations phytoth\u00e9rapeutiques modernes.\",\"breadcrumb\":{\"@id\":\"https:\\\/\\\/naturalpoland.com\\\/fr\\\/produkty\\\/extraits-de-plantes\\\/extrait-de-pivoine\\\/#breadcrumb\"},\"inLanguage\":\"fr-FR\",\"potentialAction\":[{\"@type\":\"ReadAction\",\"target\":[\"https:\\\/\\\/naturalpoland.com\\\/fr\\\/produkty\\\/extraits-de-plantes\\\/extrait-de-pivoine\\\/\"]}]},{\"@type\":\"ImageObject\",\"inLanguage\":\"fr-FR\",\"@id\":\"https:\\\/\\\/naturalpoland.com\\\/fr\\\/produkty\\\/extraits-de-plantes\\\/extrait-de-pivoine\\\/#primaryimage\",\"url\":\"https:\\\/\\\/naturalpoland.com\\\/wp-content\\\/uploads\\\/ekstrakt-z-piwoni.webp\",\"contentUrl\":\"https:\\\/\\\/naturalpoland.com\\\/wp-content\\\/uploads\\\/ekstrakt-z-piwoni.webp\",\"width\":1024,\"height\":1024,\"caption\":\"Ekstrakt z korzenia piwonii w proszku\"},{\"@type\":\"BreadcrumbList\",\"@id\":\"https:\\\/\\\/naturalpoland.com\\\/fr\\\/produkty\\\/extraits-de-plantes\\\/extrait-de-pivoine\\\/#breadcrumb\",\"itemListElement\":[{\"@type\":\"ListItem\",\"position\":1,\"name\":\"Accueil\",\"item\":\"https:\\\/\\\/naturalpoland.com\\\/fr\\\/\"},{\"@type\":\"ListItem\",\"position\":2,\"name\":\"Produits\",\"item\":\"https:\\\/\\\/naturalpoland.com\\\/fr\\\/produits\\\/\"},{\"@type\":\"ListItem\",\"position\":3,\"name\":\"Extrait de pivoine\"}]},{\"@type\":\"WebSite\",\"@id\":\"https:\\\/\\\/naturalpoland.com\\\/fr\\\/#website\",\"url\":\"https:\\\/\\\/naturalpoland.com\\\/fr\\\/\",\"name\":\"NATURAL POLAND - Distributeur de mati\u00e8res premi\u00e8res en gros\",\"description\":\"Surowce dla przemys\u0142u spo\u017cywczego, kosmetycznego i farmaceutycznego\",\"publisher\":{\"@id\":\"https:\\\/\\\/naturalpoland.com\\\/fr\\\/#organization\"},\"potentialAction\":[{\"@type\":\"SearchAction\",\"target\":{\"@type\":\"EntryPoint\",\"urlTemplate\":\"https:\\\/\\\/naturalpoland.com\\\/fr\\\/?s={search_term_string}\"},\"query-input\":{\"@type\":\"PropertyValueSpecification\",\"valueRequired\":true,\"valueName\":\"search_term_string\"}}],\"inLanguage\":\"fr-FR\"},{\"@type\":\"Organization\",\"@id\":\"https:\\\/\\\/naturalpoland.com\\\/fr\\\/#organization\",\"name\":\"Natural Poland\",\"url\":\"https:\\\/\\\/naturalpoland.com\\\/fr\\\/\",\"logo\":{\"@type\":\"ImageObject\",\"inLanguage\":\"fr-FR\",\"@id\":\"https:\\\/\\\/naturalpoland.com\\\/fr\\\/#\\\/schema\\\/logo\\\/image\\\/\",\"url\":\"https:\\\/\\\/naturalpoland.com\\\/wp-content\\\/uploads\\\/2021\\\/05\\\/natural-poland-icon.png\",\"contentUrl\":\"https:\\\/\\\/naturalpoland.com\\\/wp-content\\\/uploads\\\/2021\\\/05\\\/natural-poland-icon.png\",\"width\":512,\"height\":512,\"caption\":\"Natural Poland\"},\"image\":{\"@id\":\"https:\\\/\\\/naturalpoland.com\\\/fr\\\/#\\\/schema\\\/logo\\\/image\\\/\"},\"sameAs\":[\"https:\\\/\\\/www.facebook.com\\\/naturalpoland.b2b\",\"https:\\\/\\\/pl.linkedin.com\\\/company\\\/natural-poland\",\"https:\\\/\\\/www.youtube.com\\\/channel\\\/UCgeGGkvOMahZo-xu_MSEWxg\"]}]}<\/script>\n<!-- \/ Yoast SEO plugin. -->","yoast_head_json":{"title":"Extrait de pivoine - Distributeur en gros","description":"L'extrait de pivoine, extrait de la racine de la plante Paeonia lactiflora, est une mati\u00e8re premi\u00e8re de plus en plus utilis\u00e9e dans les pr\u00e9parations phytoth\u00e9rapeutiques modernes.","robots":{"index":"index","follow":"follow","max-snippet":"max-snippet:-1","max-image-preview":"max-image-preview:large","max-video-preview":"max-video-preview:-1"},"canonical":"https:\/\/naturalpoland.com\/fr\/produkty\/extraits-de-plantes\/extrait-de-pivoine\/","og_locale":"fr_FR","og_type":"article","og_title":"Extrait de pivoine - Distributeur en gros","og_description":"L'extrait de pivoine, extrait de la racine de la plante Paeonia lactiflora, est une mati\u00e8re premi\u00e8re de plus en plus utilis\u00e9e dans les pr\u00e9parations phytoth\u00e9rapeutiques modernes.","og_url":"https:\/\/naturalpoland.com\/fr\/produkty\/extraits-de-plantes\/extrait-de-pivoine\/","og_site_name":"NATURAL POLAND - Distributeur de mati\u00e8res premi\u00e8res en gros","article_publisher":"https:\/\/www.facebook.com\/naturalpoland.b2b","og_image":[{"width":1024,"height":1024,"url":"https:\/\/naturalpoland.com\/wp-content\/uploads\/ekstrakt-z-piwoni.webp","type":"image\/webp"}],"schema":{"@context":"https:\/\/schema.org","@graph":[{"@type":"WebPage","@id":"https:\/\/naturalpoland.com\/fr\/produkty\/extraits-de-plantes\/extrait-de-pivoine\/","url":"https:\/\/naturalpoland.com\/fr\/produkty\/extraits-de-plantes\/extrait-de-pivoine\/","name":"Extrait de pivoine - Distributeur en gros","isPartOf":{"@id":"https:\/\/naturalpoland.com\/fr\/#website"},"primaryImageOfPage":{"@id":"https:\/\/naturalpoland.com\/fr\/produkty\/extraits-de-plantes\/extrait-de-pivoine\/#primaryimage"},"image":{"@id":"https:\/\/naturalpoland.com\/fr\/produkty\/extraits-de-plantes\/extrait-de-pivoine\/#primaryimage"},"thumbnailUrl":"https:\/\/naturalpoland.com\/wp-content\/uploads\/ekstrakt-z-piwoni.webp","datePublished":"2025-05-29T13:51:51+00:00","description":"L'extrait de pivoine, extrait de la racine de la plante Paeonia lactiflora, est une mati\u00e8re premi\u00e8re de plus en plus utilis\u00e9e dans les pr\u00e9parations phytoth\u00e9rapeutiques modernes.","breadcrumb":{"@id":"https:\/\/naturalpoland.com\/fr\/produkty\/extraits-de-plantes\/extrait-de-pivoine\/#breadcrumb"},"inLanguage":"fr-FR","potentialAction":[{"@type":"ReadAction","target":["https:\/\/naturalpoland.com\/fr\/produkty\/extraits-de-plantes\/extrait-de-pivoine\/"]}]},{"@type":"ImageObject","inLanguage":"fr-FR","@id":"https:\/\/naturalpoland.com\/fr\/produkty\/extraits-de-plantes\/extrait-de-pivoine\/#primaryimage","url":"https:\/\/naturalpoland.com\/wp-content\/uploads\/ekstrakt-z-piwoni.webp","contentUrl":"https:\/\/naturalpoland.com\/wp-content\/uploads\/ekstrakt-z-piwoni.webp","width":1024,"height":1024,"caption":"Ekstrakt z korzenia piwonii w proszku"},{"@type":"BreadcrumbList","@id":"https:\/\/naturalpoland.com\/fr\/produkty\/extraits-de-plantes\/extrait-de-pivoine\/#breadcrumb","itemListElement":[{"@type":"ListItem","position":1,"name":"Accueil","item":"https:\/\/naturalpoland.com\/fr\/"},{"@type":"ListItem","position":2,"name":"Produits","item":"https:\/\/naturalpoland.com\/fr\/produits\/"},{"@type":"ListItem","position":3,"name":"Extrait de pivoine"}]},{"@type":"WebSite","@id":"https:\/\/naturalpoland.com\/fr\/#website","url":"https:\/\/naturalpoland.com\/fr\/","name":"NATURAL POLAND - Distributeur de mati\u00e8res premi\u00e8res en gros","description":"Surowce dla przemys\u0142u spo\u017cywczego, kosmetycznego i farmaceutycznego","publisher":{"@id":"https:\/\/naturalpoland.com\/fr\/#organization"},"potentialAction":[{"@type":"SearchAction","target":{"@type":"EntryPoint","urlTemplate":"https:\/\/naturalpoland.com\/fr\/?s={search_term_string}"},"query-input":{"@type":"PropertyValueSpecification","valueRequired":true,"valueName":"search_term_string"}}],"inLanguage":"fr-FR"},{"@type":"Organization","@id":"https:\/\/naturalpoland.com\/fr\/#organization","name":"Natural Poland","url":"https:\/\/naturalpoland.com\/fr\/","logo":{"@type":"ImageObject","inLanguage":"fr-FR","@id":"https:\/\/naturalpoland.com\/fr\/#\/schema\/logo\/image\/","url":"https:\/\/naturalpoland.com\/wp-content\/uploads\/2021\/05\/natural-poland-icon.png","contentUrl":"https:\/\/naturalpoland.com\/wp-content\/uploads\/2021\/05\/natural-poland-icon.png","width":512,"height":512,"caption":"Natural Poland"},"image":{"@id":"https:\/\/naturalpoland.com\/fr\/#\/schema\/logo\/image\/"},"sameAs":["https:\/\/www.facebook.com\/naturalpoland.b2b","https:\/\/pl.linkedin.com\/company\/natural-poland","https:\/\/www.youtube.com\/channel\/UCgeGGkvOMahZo-xu_MSEWxg"]}]}},"_links":{"self":[{"href":"https:\/\/naturalpoland.com\/fr\/wp-json\/wp\/v2\/product\/41268","targetHints":{"allow":["GET"]}}],"collection":[{"href":"https:\/\/naturalpoland.com\/fr\/wp-json\/wp\/v2\/product"}],"about":[{"href":"https:\/\/naturalpoland.com\/fr\/wp-json\/wp\/v2\/types\/product"}],"wp:featuredmedia":[{"embeddable":true,"href":"https:\/\/naturalpoland.com\/fr\/wp-json\/wp\/v2\/media\/41239"}],"wp:attachment":[{"href":"https:\/\/naturalpoland.com\/fr\/wp-json\/wp\/v2\/media?parent=41268"}],"wp:term":[{"taxonomy":"product_brand","embeddable":true,"href":"https:\/\/naturalpoland.com\/fr\/wp-json\/wp\/v2\/product_brand?post=41268"},{"taxonomy":"product_cat","embeddable":true,"href":"https:\/\/naturalpoland.com\/fr\/wp-json\/wp\/v2\/product_cat?post=41268"},{"taxonomy":"product_tag","embeddable":true,"href":"https:\/\/naturalpoland.com\/fr\/wp-json\/wp\/v2\/product_tag?post=41268"}],"curies":[{"name":"wp","href":"https:\/\/api.w.org\/{rel}","templated":true}]}}