{"id":41754,"date":"2025-06-12T14:38:24","date_gmt":"2025-06-12T12:38:24","guid":{"rendered":"https:\/\/naturalpoland.com\/produkty\/non class\u00e9\/ekstrakt-z-tarczycy-bajkalskiej\/"},"modified":"2025-07-01T13:46:21","modified_gmt":"2025-07-01T11:46:21","slug":"ekstrakt-z-tarczycy-bajkalskiej","status":"publish","type":"product","link":"https:\/\/naturalpoland.com\/fr\/produkty\/extraits-de-plantes\/ekstrakt-z-tarczycy-bajkalskiej\/","title":{"rendered":"Extrait de scutellaire du Ba\u00efkal"},"content":{"rendered":"<h2>Propri\u00e9t\u00e9s de l&rsquo;extrait de Scutellaria baicalensis<\/h2>\n<p>L&rsquo;extrait se pr\u00e9sente sous forme de poudre de couleur jaune clair \u00e0 brun-jaune. Il est soluble dans l&rsquo;eau et l&rsquo;\u00e9thanol, et contient de la maltodextrine comme support. <\/p>\n<p>La mati\u00e8re premi\u00e8re pr\u00e9sente des propri\u00e9t\u00e9s neuroprotectrices, antivirales, antibact\u00e9riennes et antiallergiques. La <strong>baicaline<\/strong>, principal composant actif, d\u00e9montre une capacit\u00e9 \u00e0 neutraliser les radicaux libres et \u00e0 prot\u00e9ger l&rsquo;ADN contre le stress oxydatif. La substance aide \u00e9galement \u00e0 r\u00e9guler les processus inflammatoires, c&rsquo;est pourquoi elle est utilis\u00e9e dans les compl\u00e9ments alimentaires d\u00e9di\u00e9s aux syst\u00e8mes immunitaire, nerveux et cardiovasculaire. Les \u00e9tudes indiquent \u00e9galement son potentiel dans la r\u00e9duction des sympt\u00f4mes d&rsquo;allergies, d&rsquo;infections et comme compl\u00e9ment dans le traitement des maladies chroniques.  <\/p>\n<h2>Applications de l&rsquo;extrait de scutellaire du Ba\u00efkal<\/h2>\n<p>L&rsquo;extrait est principalement utilis\u00e9 dans les compl\u00e9ments alimentaires, les produits de m\u00e9decine naturelle, ainsi que dans les cosm\u00e9tiques anti-\u00e2ge. En raison de ses propri\u00e9t\u00e9s apaisantes et antioxydantes, il est souvent utilis\u00e9 dans les pr\u00e9parations pour les peaux sensibles, irrit\u00e9es ou expos\u00e9es au stress environnemental. Gr\u00e2ce \u00e0 son large spectre d&rsquo;action et son origine naturelle, cet extrait gagne en popularit\u00e9 comme soutien pour l&rsquo;organisme dans les \u00e9tats de besoin accru en protection immunitaire et r\u00e9g\u00e9n\u00e9ration cellulaire.  <\/p>\n","protected":false},"excerpt":{"rendered":"<p><strong data-start=\"0\" data-end=\"61\">L&rsquo;extrait de scutellaire du Ba\u00efkal (<em>Scutellaria baicalensis<\/em>)<\/strong> est obtenu \u00e0 partir de la racine de cette plante traditionnellement utilis\u00e9e en m\u00e9decine chinoise. L&rsquo;extrait est standardis\u00e9 pour sa teneur en <strong>baicaline<\/strong> aux puissantes propri\u00e9t\u00e9s anti-inflammatoires, antioxydantes et immunostimulantes. <\/p>\n","protected":false},"featured_media":41487,"template":"","meta":[],"product_brand":[],"product_cat":[1293],"product_tag":[],"class_list":{"0":"post-41754","1":"product","2":"type-product","3":"status-publish","4":"has-post-thumbnail","6":"product_cat-extraits-de-plantes","7":"pa_czesc-rosliny-racine","8":"pa_skladnik-aktywny-baicaline","10":"first","11":"instock","12":"shipping-taxable","13":"product-type-simple"},"yoast_head":"<!-- This site is optimized with the Yoast SEO plugin v27.3 - https:\/\/yoast.com\/product\/yoast-seo-wordpress\/ -->\n<title>Extrait de scutellaire du Ba\u00efkal - Distributeur en gros<\/title>\n<meta name=\"description\" content=\"L&#039;extrait de scutellaire du Ba\u00efkal est une mati\u00e8re premi\u00e8re de racine utilis\u00e9e en m\u00e9decine chinoise.\" \/>\n<meta name=\"robots\" content=\"index, follow, max-snippet:-1, max-image-preview:large, max-video-preview:-1\" \/>\n<link rel=\"canonical\" href=\"https:\/\/naturalpoland.com\/fr\/produkty\/extraits-de-plantes\/ekstrakt-z-tarczycy-bajkalskiej\/\" \/>\n<meta property=\"og:locale\" content=\"fr_FR\" \/>\n<meta property=\"og:type\" content=\"article\" \/>\n<meta property=\"og:title\" content=\"Extrait de scutellaire du Ba\u00efkal - Distributeur en gros\" \/>\n<meta property=\"og:description\" content=\"L&#039;extrait de scutellaire du Ba\u00efkal est une mati\u00e8re premi\u00e8re de racine utilis\u00e9e en m\u00e9decine chinoise.\" \/>\n<meta property=\"og:url\" content=\"https:\/\/naturalpoland.com\/fr\/produkty\/extraits-de-plantes\/ekstrakt-z-tarczycy-bajkalskiej\/\" \/>\n<meta property=\"og:site_name\" content=\"NATURAL POLAND - Distributeur de mati\u00e8res premi\u00e8res en gros\" \/>\n<meta property=\"article:publisher\" content=\"https:\/\/www.facebook.com\/naturalpoland.b2b\" \/>\n<meta property=\"article:modified_time\" content=\"2025-07-01T11:46:21+00:00\" \/>\n<meta property=\"og:image\" content=\"https:\/\/naturalpoland.com\/wp-content\/uploads\/ekstrakt-z-tarczycy-bajkalskiej.webp\" \/>\n\t<meta property=\"og:image:width\" content=\"1024\" \/>\n\t<meta property=\"og:image:height\" content=\"1024\" \/>\n\t<meta property=\"og:image:type\" content=\"image\/webp\" \/>\n<script type=\"application\/ld+json\" class=\"yoast-schema-graph\">{\"@context\":\"https:\\\/\\\/schema.org\",\"@graph\":[{\"@type\":\"WebPage\",\"@id\":\"https:\\\/\\\/naturalpoland.com\\\/fr\\\/produkty\\\/extraits-de-plantes\\\/ekstrakt-z-tarczycy-bajkalskiej\\\/\",\"url\":\"https:\\\/\\\/naturalpoland.com\\\/fr\\\/produkty\\\/extraits-de-plantes\\\/ekstrakt-z-tarczycy-bajkalskiej\\\/\",\"name\":\"Extrait de scutellaire du Ba\u00efkal - Distributeur en gros\",\"isPartOf\":{\"@id\":\"https:\\\/\\\/naturalpoland.com\\\/fr\\\/#website\"},\"primaryImageOfPage\":{\"@id\":\"https:\\\/\\\/naturalpoland.com\\\/fr\\\/produkty\\\/extraits-de-plantes\\\/ekstrakt-z-tarczycy-bajkalskiej\\\/#primaryimage\"},\"image\":{\"@id\":\"https:\\\/\\\/naturalpoland.com\\\/fr\\\/produkty\\\/extraits-de-plantes\\\/ekstrakt-z-tarczycy-bajkalskiej\\\/#primaryimage\"},\"thumbnailUrl\":\"https:\\\/\\\/naturalpoland.com\\\/wp-content\\\/uploads\\\/ekstrakt-z-tarczycy-bajkalskiej.webp\",\"datePublished\":\"2025-06-12T12:38:24+00:00\",\"dateModified\":\"2025-07-01T11:46:21+00:00\",\"description\":\"L'extrait de scutellaire du Ba\u00efkal est une mati\u00e8re premi\u00e8re de racine utilis\u00e9e en m\u00e9decine chinoise.\",\"breadcrumb\":{\"@id\":\"https:\\\/\\\/naturalpoland.com\\\/fr\\\/produkty\\\/extraits-de-plantes\\\/ekstrakt-z-tarczycy-bajkalskiej\\\/#breadcrumb\"},\"inLanguage\":\"fr-FR\",\"potentialAction\":[{\"@type\":\"ReadAction\",\"target\":[\"https:\\\/\\\/naturalpoland.com\\\/fr\\\/produkty\\\/extraits-de-plantes\\\/ekstrakt-z-tarczycy-bajkalskiej\\\/\"]}]},{\"@type\":\"ImageObject\",\"inLanguage\":\"fr-FR\",\"@id\":\"https:\\\/\\\/naturalpoland.com\\\/fr\\\/produkty\\\/extraits-de-plantes\\\/ekstrakt-z-tarczycy-bajkalskiej\\\/#primaryimage\",\"url\":\"https:\\\/\\\/naturalpoland.com\\\/wp-content\\\/uploads\\\/ekstrakt-z-tarczycy-bajkalskiej.webp\",\"contentUrl\":\"https:\\\/\\\/naturalpoland.com\\\/wp-content\\\/uploads\\\/ekstrakt-z-tarczycy-bajkalskiej.webp\",\"width\":1024,\"height\":1024,\"caption\":\"Ekstrakt z tarczycy bajkalskiej\"},{\"@type\":\"BreadcrumbList\",\"@id\":\"https:\\\/\\\/naturalpoland.com\\\/fr\\\/produkty\\\/extraits-de-plantes\\\/ekstrakt-z-tarczycy-bajkalskiej\\\/#breadcrumb\",\"itemListElement\":[{\"@type\":\"ListItem\",\"position\":1,\"name\":\"Accueil\",\"item\":\"https:\\\/\\\/naturalpoland.com\\\/fr\\\/\"},{\"@type\":\"ListItem\",\"position\":2,\"name\":\"Produits\",\"item\":\"https:\\\/\\\/naturalpoland.com\\\/fr\\\/produits\\\/\"},{\"@type\":\"ListItem\",\"position\":3,\"name\":\"Extrait de scutellaire du Ba\u00efkal\"}]},{\"@type\":\"WebSite\",\"@id\":\"https:\\\/\\\/naturalpoland.com\\\/fr\\\/#website\",\"url\":\"https:\\\/\\\/naturalpoland.com\\\/fr\\\/\",\"name\":\"NATURAL POLAND - Distributeur de mati\u00e8res premi\u00e8res en gros\",\"description\":\"Surowce dla przemys\u0142u spo\u017cywczego, kosmetycznego i farmaceutycznego\",\"publisher\":{\"@id\":\"https:\\\/\\\/naturalpoland.com\\\/fr\\\/#organization\"},\"potentialAction\":[{\"@type\":\"SearchAction\",\"target\":{\"@type\":\"EntryPoint\",\"urlTemplate\":\"https:\\\/\\\/naturalpoland.com\\\/fr\\\/?s={search_term_string}\"},\"query-input\":{\"@type\":\"PropertyValueSpecification\",\"valueRequired\":true,\"valueName\":\"search_term_string\"}}],\"inLanguage\":\"fr-FR\"},{\"@type\":\"Organization\",\"@id\":\"https:\\\/\\\/naturalpoland.com\\\/fr\\\/#organization\",\"name\":\"Natural Poland\",\"url\":\"https:\\\/\\\/naturalpoland.com\\\/fr\\\/\",\"logo\":{\"@type\":\"ImageObject\",\"inLanguage\":\"fr-FR\",\"@id\":\"https:\\\/\\\/naturalpoland.com\\\/fr\\\/#\\\/schema\\\/logo\\\/image\\\/\",\"url\":\"https:\\\/\\\/naturalpoland.com\\\/wp-content\\\/uploads\\\/2021\\\/05\\\/natural-poland-icon.png\",\"contentUrl\":\"https:\\\/\\\/naturalpoland.com\\\/wp-content\\\/uploads\\\/2021\\\/05\\\/natural-poland-icon.png\",\"width\":512,\"height\":512,\"caption\":\"Natural Poland\"},\"image\":{\"@id\":\"https:\\\/\\\/naturalpoland.com\\\/fr\\\/#\\\/schema\\\/logo\\\/image\\\/\"},\"sameAs\":[\"https:\\\/\\\/www.facebook.com\\\/naturalpoland.b2b\",\"https:\\\/\\\/pl.linkedin.com\\\/company\\\/natural-poland\",\"https:\\\/\\\/www.youtube.com\\\/channel\\\/UCgeGGkvOMahZo-xu_MSEWxg\"]}]}<\/script>\n<!-- \/ Yoast SEO plugin. -->","yoast_head_json":{"title":"Extrait de scutellaire du Ba\u00efkal - Distributeur en gros","description":"L'extrait de scutellaire du Ba\u00efkal est une mati\u00e8re premi\u00e8re de racine utilis\u00e9e en m\u00e9decine chinoise.","robots":{"index":"index","follow":"follow","max-snippet":"max-snippet:-1","max-image-preview":"max-image-preview:large","max-video-preview":"max-video-preview:-1"},"canonical":"https:\/\/naturalpoland.com\/fr\/produkty\/extraits-de-plantes\/ekstrakt-z-tarczycy-bajkalskiej\/","og_locale":"fr_FR","og_type":"article","og_title":"Extrait de scutellaire du Ba\u00efkal - Distributeur en gros","og_description":"L'extrait de scutellaire du Ba\u00efkal est une mati\u00e8re premi\u00e8re de racine utilis\u00e9e en m\u00e9decine chinoise.","og_url":"https:\/\/naturalpoland.com\/fr\/produkty\/extraits-de-plantes\/ekstrakt-z-tarczycy-bajkalskiej\/","og_site_name":"NATURAL POLAND - Distributeur de mati\u00e8res premi\u00e8res en gros","article_publisher":"https:\/\/www.facebook.com\/naturalpoland.b2b","article_modified_time":"2025-07-01T11:46:21+00:00","og_image":[{"width":1024,"height":1024,"url":"https:\/\/naturalpoland.com\/wp-content\/uploads\/ekstrakt-z-tarczycy-bajkalskiej.webp","type":"image\/webp"}],"schema":{"@context":"https:\/\/schema.org","@graph":[{"@type":"WebPage","@id":"https:\/\/naturalpoland.com\/fr\/produkty\/extraits-de-plantes\/ekstrakt-z-tarczycy-bajkalskiej\/","url":"https:\/\/naturalpoland.com\/fr\/produkty\/extraits-de-plantes\/ekstrakt-z-tarczycy-bajkalskiej\/","name":"Extrait de scutellaire du Ba\u00efkal - Distributeur en gros","isPartOf":{"@id":"https:\/\/naturalpoland.com\/fr\/#website"},"primaryImageOfPage":{"@id":"https:\/\/naturalpoland.com\/fr\/produkty\/extraits-de-plantes\/ekstrakt-z-tarczycy-bajkalskiej\/#primaryimage"},"image":{"@id":"https:\/\/naturalpoland.com\/fr\/produkty\/extraits-de-plantes\/ekstrakt-z-tarczycy-bajkalskiej\/#primaryimage"},"thumbnailUrl":"https:\/\/naturalpoland.com\/wp-content\/uploads\/ekstrakt-z-tarczycy-bajkalskiej.webp","datePublished":"2025-06-12T12:38:24+00:00","dateModified":"2025-07-01T11:46:21+00:00","description":"L'extrait de scutellaire du Ba\u00efkal est une mati\u00e8re premi\u00e8re de racine utilis\u00e9e en m\u00e9decine chinoise.","breadcrumb":{"@id":"https:\/\/naturalpoland.com\/fr\/produkty\/extraits-de-plantes\/ekstrakt-z-tarczycy-bajkalskiej\/#breadcrumb"},"inLanguage":"fr-FR","potentialAction":[{"@type":"ReadAction","target":["https:\/\/naturalpoland.com\/fr\/produkty\/extraits-de-plantes\/ekstrakt-z-tarczycy-bajkalskiej\/"]}]},{"@type":"ImageObject","inLanguage":"fr-FR","@id":"https:\/\/naturalpoland.com\/fr\/produkty\/extraits-de-plantes\/ekstrakt-z-tarczycy-bajkalskiej\/#primaryimage","url":"https:\/\/naturalpoland.com\/wp-content\/uploads\/ekstrakt-z-tarczycy-bajkalskiej.webp","contentUrl":"https:\/\/naturalpoland.com\/wp-content\/uploads\/ekstrakt-z-tarczycy-bajkalskiej.webp","width":1024,"height":1024,"caption":"Ekstrakt z tarczycy bajkalskiej"},{"@type":"BreadcrumbList","@id":"https:\/\/naturalpoland.com\/fr\/produkty\/extraits-de-plantes\/ekstrakt-z-tarczycy-bajkalskiej\/#breadcrumb","itemListElement":[{"@type":"ListItem","position":1,"name":"Accueil","item":"https:\/\/naturalpoland.com\/fr\/"},{"@type":"ListItem","position":2,"name":"Produits","item":"https:\/\/naturalpoland.com\/fr\/produits\/"},{"@type":"ListItem","position":3,"name":"Extrait de scutellaire du Ba\u00efkal"}]},{"@type":"WebSite","@id":"https:\/\/naturalpoland.com\/fr\/#website","url":"https:\/\/naturalpoland.com\/fr\/","name":"NATURAL POLAND - Distributeur de mati\u00e8res premi\u00e8res en gros","description":"Surowce dla przemys\u0142u spo\u017cywczego, kosmetycznego i farmaceutycznego","publisher":{"@id":"https:\/\/naturalpoland.com\/fr\/#organization"},"potentialAction":[{"@type":"SearchAction","target":{"@type":"EntryPoint","urlTemplate":"https:\/\/naturalpoland.com\/fr\/?s={search_term_string}"},"query-input":{"@type":"PropertyValueSpecification","valueRequired":true,"valueName":"search_term_string"}}],"inLanguage":"fr-FR"},{"@type":"Organization","@id":"https:\/\/naturalpoland.com\/fr\/#organization","name":"Natural Poland","url":"https:\/\/naturalpoland.com\/fr\/","logo":{"@type":"ImageObject","inLanguage":"fr-FR","@id":"https:\/\/naturalpoland.com\/fr\/#\/schema\/logo\/image\/","url":"https:\/\/naturalpoland.com\/wp-content\/uploads\/2021\/05\/natural-poland-icon.png","contentUrl":"https:\/\/naturalpoland.com\/wp-content\/uploads\/2021\/05\/natural-poland-icon.png","width":512,"height":512,"caption":"Natural Poland"},"image":{"@id":"https:\/\/naturalpoland.com\/fr\/#\/schema\/logo\/image\/"},"sameAs":["https:\/\/www.facebook.com\/naturalpoland.b2b","https:\/\/pl.linkedin.com\/company\/natural-poland","https:\/\/www.youtube.com\/channel\/UCgeGGkvOMahZo-xu_MSEWxg"]}]}},"_links":{"self":[{"href":"https:\/\/naturalpoland.com\/fr\/wp-json\/wp\/v2\/product\/41754","targetHints":{"allow":["GET"]}}],"collection":[{"href":"https:\/\/naturalpoland.com\/fr\/wp-json\/wp\/v2\/product"}],"about":[{"href":"https:\/\/naturalpoland.com\/fr\/wp-json\/wp\/v2\/types\/product"}],"wp:featuredmedia":[{"embeddable":true,"href":"https:\/\/naturalpoland.com\/fr\/wp-json\/wp\/v2\/media\/41487"}],"wp:attachment":[{"href":"https:\/\/naturalpoland.com\/fr\/wp-json\/wp\/v2\/media?parent=41754"}],"wp:term":[{"taxonomy":"product_brand","embeddable":true,"href":"https:\/\/naturalpoland.com\/fr\/wp-json\/wp\/v2\/product_brand?post=41754"},{"taxonomy":"product_cat","embeddable":true,"href":"https:\/\/naturalpoland.com\/fr\/wp-json\/wp\/v2\/product_cat?post=41754"},{"taxonomy":"product_tag","embeddable":true,"href":"https:\/\/naturalpoland.com\/fr\/wp-json\/wp\/v2\/product_tag?post=41754"}],"curies":[{"name":"wp","href":"https:\/\/api.w.org\/{rel}","templated":true}]}}