{"id":41759,"date":"2025-06-13T10:14:19","date_gmt":"2025-06-13T08:14:19","guid":{"rendered":"https:\/\/naturalpoland.com\/produkty\/non class\u00e9\/macerat-z-cytrynca-chinskiego\/"},"modified":"2025-07-03T11:07:05","modified_gmt":"2025-07-03T09:07:05","slug":"macerat-z-cytrynca-chinskiego","status":"publish","type":"product","link":"https:\/\/naturalpoland.com\/fr\/produkty\/produits-pour-lindustrie-cosmetique\/macerat\/macerat-z-cytrynca-chinskiego\/","title":{"rendered":"Mac\u00e9rat de schisandra chinois"},"content":{"rendered":"<p>La couleur jaune-bordeaux caract\u00e9ristique, la consistance trouble et l&rsquo;odeur v\u00e9g\u00e9tale prononc\u00e9e t\u00e9moignent de la haute teneur en substances actives d&rsquo;origine v\u00e9g\u00e9tale. La pr\u00e9sence d&rsquo;acides gras \u00e0 cha\u00eene moyenne (principalement <strong>caprylique<\/strong> et <strong>caprique<\/strong>) dans l&rsquo;huile MCT favorise davantage l&rsquo;absorption des ingr\u00e9dients actifs et augmente la biodisponibilit\u00e9 des substances contenues dans le schisandra. <\/p>\n<h2>Application :<\/h2>\n<p>Le mac\u00e9rat de schisandra chinois est principalement utilis\u00e9 dans les <strong>cosm\u00e9tiques naturels<\/strong>, o\u00f9 il agit comme un ingr\u00e9dient fortifiant, revitalisant et protecteur pour les peaux matures, fatigu\u00e9es et expos\u00e9es aux facteurs externes. Gr\u00e2ce \u00e0 son action antioxydante et adaptog\u00e8ne, il peut \u00e9galement \u00eatre utilis\u00e9 dans les cosm\u00e9tiques anti-\u00e2ge, les produits apaisant le stress oxydatif et renfor\u00e7ant la barri\u00e8re lipidique de l&rsquo;\u00e9piderme. Il est parfaitement adapt\u00e9 aux s\u00e9rums, huiles pour le visage, baumes et produits de soin pour le corps et les cheveux.  <\/p>\n<h2 data-start=\"738\" data-end=\"1302\">Valeur nutritionnelle pour 12 g (1 portion) :<\/h2>\n<ul>\n<li data-start=\"738\" data-end=\"1302\">Valeur \u00e9nerg\u00e9tique : 444 kJ \/ 108 kcal<\/li>\n<li data-start=\"738\" data-end=\"1302\">Mati\u00e8res grasses : 12 g (17 %)\n<ul>\n<li data-start=\"738\" data-end=\"1302\">dont acides gras satur\u00e9s : 12 g (60 %)<\/li>\n<li data-start=\"738\" data-end=\"1302\">C8:0 Acide caprylique : 6,6 &#8211; 7,8 g<\/li>\n<li data-start=\"738\" data-end=\"1302\">C10:0 Acide caprique : 4,2 g &#8211; 5,4 g<\/li>\n<\/ul>\n<\/li>\n<li data-start=\"738\" data-end=\"1302\">Glucides : 0 g<\/li>\n<li data-start=\"738\" data-end=\"1302\">Prot\u00e9ines : 0 g<\/li>\n<li data-start=\"738\" data-end=\"1302\">Sel : 0 g<\/li>\n<\/ul>\n<h2>Profil des acides gras :<\/h2>\n<table>\n<tbody>\n<tr>\n<td><strong>NOM DE L&rsquo;ACIDE<\/strong><\/td>\n<td><strong>CHA\u00ceNE C<\/strong><\/td>\n<td><strong>PLAGE %<\/strong><\/td>\n<\/tr>\n<tr>\n<td>CAPRO\u00cfQUE<\/td>\n<td>C6:0<\/td>\n<td>&lt;2,0<\/td>\n<\/tr>\n<tr>\n<td>CAPRYLIQUE<\/td>\n<td>C8:0<\/td>\n<td>50,0 \u2013 80,0<\/td>\n<\/tr>\n<tr>\n<td>CAPRIQUE<\/td>\n<td>C10:0<\/td>\n<td>20,0 \u2013 50,0<\/td>\n<\/tr>\n<tr>\n<td>LAURIQUE<\/td>\n<td>C12:0<\/td>\n<td>&lt;3,0<\/td>\n<\/tr>\n<\/tbody>\n<\/table>\n","protected":false},"excerpt":{"rendered":"<p><strong data-start=\"0\" data-end=\"46\">Le mac\u00e9rat de schisandra chinois dans l&rsquo;huile MCT<\/strong> est obtenu par mac\u00e9ration des fruits de <em data-start=\"138\" data-end=\"160\">Schisandra chinensis<\/em> dans l&rsquo;huile de coco fractionn\u00e9e (MCT). Il contient un extrait de schisandra, connu pour sa richesse en lignanes, flavono\u00efdes et acides organiques, qui pr\u00e9sentent des propri\u00e9t\u00e9s adaptog\u00e8nes, antioxydantes et tonifiantes. <\/p>\n","protected":false},"featured_media":41518,"template":"","meta":[],"product_brand":[],"product_cat":[1305],"product_tag":[],"class_list":{"0":"post-41759","1":"product","2":"type-product","3":"status-publish","4":"has-post-thumbnail","6":"product_cat-macerat","7":"pa_metoda-pozyskiwania-maceration-fr","9":"first","10":"instock","11":"shipping-taxable","12":"product-type-simple"},"yoast_head":"<!-- This site is optimized with the Yoast SEO plugin v27.3 - https:\/\/yoast.com\/product\/yoast-seo-wordpress\/ -->\n<title>Mac\u00e9rat de schisandra chinois - Distributeur en gros<\/title>\n<meta name=\"description\" content=\"Mac\u00e9rat de Schisandra Chinois dans l&#039;huile MCT, mati\u00e8re v\u00e9g\u00e9tale naturelle de qualit\u00e9 obtenue par mac\u00e9ration des fruits.\" \/>\n<meta name=\"robots\" content=\"index, follow, max-snippet:-1, max-image-preview:large, max-video-preview:-1\" \/>\n<link rel=\"canonical\" href=\"https:\/\/naturalpoland.com\/fr\/produkty\/produits-pour-lindustrie-cosmetique\/macerat\/macerat-z-cytrynca-chinskiego\/\" \/>\n<meta property=\"og:locale\" content=\"fr_FR\" \/>\n<meta property=\"og:type\" content=\"article\" \/>\n<meta property=\"og:title\" content=\"Mac\u00e9rat de schisandra chinois - Distributeur en gros\" \/>\n<meta property=\"og:description\" content=\"Mac\u00e9rat de Schisandra Chinois dans l&#039;huile MCT, mati\u00e8re v\u00e9g\u00e9tale naturelle de qualit\u00e9 obtenue par mac\u00e9ration des fruits.\" \/>\n<meta property=\"og:url\" content=\"https:\/\/naturalpoland.com\/fr\/produkty\/produits-pour-lindustrie-cosmetique\/macerat\/macerat-z-cytrynca-chinskiego\/\" \/>\n<meta property=\"og:site_name\" content=\"NATURAL POLAND - Distributeur de mati\u00e8res premi\u00e8res en gros\" \/>\n<meta property=\"article:publisher\" content=\"https:\/\/www.facebook.com\/naturalpoland.b2b\" \/>\n<meta property=\"article:modified_time\" content=\"2025-07-03T09:07:05+00:00\" \/>\n<meta property=\"og:image\" content=\"https:\/\/naturalpoland.com\/wp-content\/uploads\/macerat-z-cytrynca-chinskiego.webp\" \/>\n\t<meta property=\"og:image:width\" content=\"1024\" \/>\n\t<meta property=\"og:image:height\" content=\"1024\" \/>\n\t<meta property=\"og:image:type\" content=\"image\/webp\" \/>\n<script type=\"application\/ld+json\" class=\"yoast-schema-graph\">{\"@context\":\"https:\\\/\\\/schema.org\",\"@graph\":[{\"@type\":\"WebPage\",\"@id\":\"https:\\\/\\\/naturalpoland.com\\\/fr\\\/produkty\\\/produits-pour-lindustrie-cosmetique\\\/macerat\\\/macerat-z-cytrynca-chinskiego\\\/\",\"url\":\"https:\\\/\\\/naturalpoland.com\\\/fr\\\/produkty\\\/produits-pour-lindustrie-cosmetique\\\/macerat\\\/macerat-z-cytrynca-chinskiego\\\/\",\"name\":\"Mac\u00e9rat de schisandra chinois - Distributeur en gros\",\"isPartOf\":{\"@id\":\"https:\\\/\\\/naturalpoland.com\\\/fr\\\/#website\"},\"primaryImageOfPage\":{\"@id\":\"https:\\\/\\\/naturalpoland.com\\\/fr\\\/produkty\\\/produits-pour-lindustrie-cosmetique\\\/macerat\\\/macerat-z-cytrynca-chinskiego\\\/#primaryimage\"},\"image\":{\"@id\":\"https:\\\/\\\/naturalpoland.com\\\/fr\\\/produkty\\\/produits-pour-lindustrie-cosmetique\\\/macerat\\\/macerat-z-cytrynca-chinskiego\\\/#primaryimage\"},\"thumbnailUrl\":\"https:\\\/\\\/naturalpoland.com\\\/wp-content\\\/uploads\\\/macerat-z-cytrynca-chinskiego.webp\",\"datePublished\":\"2025-06-13T08:14:19+00:00\",\"dateModified\":\"2025-07-03T09:07:05+00:00\",\"description\":\"Mac\u00e9rat de Schisandra Chinois dans l'huile MCT, mati\u00e8re v\u00e9g\u00e9tale naturelle de qualit\u00e9 obtenue par mac\u00e9ration des fruits.\",\"breadcrumb\":{\"@id\":\"https:\\\/\\\/naturalpoland.com\\\/fr\\\/produkty\\\/produits-pour-lindustrie-cosmetique\\\/macerat\\\/macerat-z-cytrynca-chinskiego\\\/#breadcrumb\"},\"inLanguage\":\"fr-FR\",\"potentialAction\":[{\"@type\":\"ReadAction\",\"target\":[\"https:\\\/\\\/naturalpoland.com\\\/fr\\\/produkty\\\/produits-pour-lindustrie-cosmetique\\\/macerat\\\/macerat-z-cytrynca-chinskiego\\\/\"]}]},{\"@type\":\"ImageObject\",\"inLanguage\":\"fr-FR\",\"@id\":\"https:\\\/\\\/naturalpoland.com\\\/fr\\\/produkty\\\/produits-pour-lindustrie-cosmetique\\\/macerat\\\/macerat-z-cytrynca-chinskiego\\\/#primaryimage\",\"url\":\"https:\\\/\\\/naturalpoland.com\\\/wp-content\\\/uploads\\\/macerat-z-cytrynca-chinskiego.webp\",\"contentUrl\":\"https:\\\/\\\/naturalpoland.com\\\/wp-content\\\/uploads\\\/macerat-z-cytrynca-chinskiego.webp\",\"width\":1024,\"height\":1024,\"caption\":\"Macerat z Cytry\u0144ca Chi\u0144skiego\"},{\"@type\":\"BreadcrumbList\",\"@id\":\"https:\\\/\\\/naturalpoland.com\\\/fr\\\/produkty\\\/produits-pour-lindustrie-cosmetique\\\/macerat\\\/macerat-z-cytrynca-chinskiego\\\/#breadcrumb\",\"itemListElement\":[{\"@type\":\"ListItem\",\"position\":1,\"name\":\"Accueil\",\"item\":\"https:\\\/\\\/naturalpoland.com\\\/fr\\\/\"},{\"@type\":\"ListItem\",\"position\":2,\"name\":\"Produits\",\"item\":\"https:\\\/\\\/naturalpoland.com\\\/fr\\\/produits\\\/\"},{\"@type\":\"ListItem\",\"position\":3,\"name\":\"Mac\u00e9rat de schisandra chinois\"}]},{\"@type\":\"WebSite\",\"@id\":\"https:\\\/\\\/naturalpoland.com\\\/fr\\\/#website\",\"url\":\"https:\\\/\\\/naturalpoland.com\\\/fr\\\/\",\"name\":\"NATURAL POLAND - Distributeur de mati\u00e8res premi\u00e8res en gros\",\"description\":\"Surowce dla przemys\u0142u spo\u017cywczego, kosmetycznego i farmaceutycznego\",\"publisher\":{\"@id\":\"https:\\\/\\\/naturalpoland.com\\\/fr\\\/#organization\"},\"potentialAction\":[{\"@type\":\"SearchAction\",\"target\":{\"@type\":\"EntryPoint\",\"urlTemplate\":\"https:\\\/\\\/naturalpoland.com\\\/fr\\\/?s={search_term_string}\"},\"query-input\":{\"@type\":\"PropertyValueSpecification\",\"valueRequired\":true,\"valueName\":\"search_term_string\"}}],\"inLanguage\":\"fr-FR\"},{\"@type\":\"Organization\",\"@id\":\"https:\\\/\\\/naturalpoland.com\\\/fr\\\/#organization\",\"name\":\"Natural Poland\",\"url\":\"https:\\\/\\\/naturalpoland.com\\\/fr\\\/\",\"logo\":{\"@type\":\"ImageObject\",\"inLanguage\":\"fr-FR\",\"@id\":\"https:\\\/\\\/naturalpoland.com\\\/fr\\\/#\\\/schema\\\/logo\\\/image\\\/\",\"url\":\"https:\\\/\\\/naturalpoland.com\\\/wp-content\\\/uploads\\\/2021\\\/05\\\/natural-poland-icon.png\",\"contentUrl\":\"https:\\\/\\\/naturalpoland.com\\\/wp-content\\\/uploads\\\/2021\\\/05\\\/natural-poland-icon.png\",\"width\":512,\"height\":512,\"caption\":\"Natural Poland\"},\"image\":{\"@id\":\"https:\\\/\\\/naturalpoland.com\\\/fr\\\/#\\\/schema\\\/logo\\\/image\\\/\"},\"sameAs\":[\"https:\\\/\\\/www.facebook.com\\\/naturalpoland.b2b\",\"https:\\\/\\\/pl.linkedin.com\\\/company\\\/natural-poland\",\"https:\\\/\\\/www.youtube.com\\\/channel\\\/UCgeGGkvOMahZo-xu_MSEWxg\"]}]}<\/script>\n<!-- \/ Yoast SEO plugin. -->","yoast_head_json":{"title":"Mac\u00e9rat de schisandra chinois - Distributeur en gros","description":"Mac\u00e9rat de Schisandra Chinois dans l'huile MCT, mati\u00e8re v\u00e9g\u00e9tale naturelle de qualit\u00e9 obtenue par mac\u00e9ration des fruits.","robots":{"index":"index","follow":"follow","max-snippet":"max-snippet:-1","max-image-preview":"max-image-preview:large","max-video-preview":"max-video-preview:-1"},"canonical":"https:\/\/naturalpoland.com\/fr\/produkty\/produits-pour-lindustrie-cosmetique\/macerat\/macerat-z-cytrynca-chinskiego\/","og_locale":"fr_FR","og_type":"article","og_title":"Mac\u00e9rat de schisandra chinois - Distributeur en gros","og_description":"Mac\u00e9rat de Schisandra Chinois dans l'huile MCT, mati\u00e8re v\u00e9g\u00e9tale naturelle de qualit\u00e9 obtenue par mac\u00e9ration des fruits.","og_url":"https:\/\/naturalpoland.com\/fr\/produkty\/produits-pour-lindustrie-cosmetique\/macerat\/macerat-z-cytrynca-chinskiego\/","og_site_name":"NATURAL POLAND - Distributeur de mati\u00e8res premi\u00e8res en gros","article_publisher":"https:\/\/www.facebook.com\/naturalpoland.b2b","article_modified_time":"2025-07-03T09:07:05+00:00","og_image":[{"width":1024,"height":1024,"url":"https:\/\/naturalpoland.com\/wp-content\/uploads\/macerat-z-cytrynca-chinskiego.webp","type":"image\/webp"}],"schema":{"@context":"https:\/\/schema.org","@graph":[{"@type":"WebPage","@id":"https:\/\/naturalpoland.com\/fr\/produkty\/produits-pour-lindustrie-cosmetique\/macerat\/macerat-z-cytrynca-chinskiego\/","url":"https:\/\/naturalpoland.com\/fr\/produkty\/produits-pour-lindustrie-cosmetique\/macerat\/macerat-z-cytrynca-chinskiego\/","name":"Mac\u00e9rat de schisandra chinois - Distributeur en gros","isPartOf":{"@id":"https:\/\/naturalpoland.com\/fr\/#website"},"primaryImageOfPage":{"@id":"https:\/\/naturalpoland.com\/fr\/produkty\/produits-pour-lindustrie-cosmetique\/macerat\/macerat-z-cytrynca-chinskiego\/#primaryimage"},"image":{"@id":"https:\/\/naturalpoland.com\/fr\/produkty\/produits-pour-lindustrie-cosmetique\/macerat\/macerat-z-cytrynca-chinskiego\/#primaryimage"},"thumbnailUrl":"https:\/\/naturalpoland.com\/wp-content\/uploads\/macerat-z-cytrynca-chinskiego.webp","datePublished":"2025-06-13T08:14:19+00:00","dateModified":"2025-07-03T09:07:05+00:00","description":"Mac\u00e9rat de Schisandra Chinois dans l'huile MCT, mati\u00e8re v\u00e9g\u00e9tale naturelle de qualit\u00e9 obtenue par mac\u00e9ration des fruits.","breadcrumb":{"@id":"https:\/\/naturalpoland.com\/fr\/produkty\/produits-pour-lindustrie-cosmetique\/macerat\/macerat-z-cytrynca-chinskiego\/#breadcrumb"},"inLanguage":"fr-FR","potentialAction":[{"@type":"ReadAction","target":["https:\/\/naturalpoland.com\/fr\/produkty\/produits-pour-lindustrie-cosmetique\/macerat\/macerat-z-cytrynca-chinskiego\/"]}]},{"@type":"ImageObject","inLanguage":"fr-FR","@id":"https:\/\/naturalpoland.com\/fr\/produkty\/produits-pour-lindustrie-cosmetique\/macerat\/macerat-z-cytrynca-chinskiego\/#primaryimage","url":"https:\/\/naturalpoland.com\/wp-content\/uploads\/macerat-z-cytrynca-chinskiego.webp","contentUrl":"https:\/\/naturalpoland.com\/wp-content\/uploads\/macerat-z-cytrynca-chinskiego.webp","width":1024,"height":1024,"caption":"Macerat z Cytry\u0144ca Chi\u0144skiego"},{"@type":"BreadcrumbList","@id":"https:\/\/naturalpoland.com\/fr\/produkty\/produits-pour-lindustrie-cosmetique\/macerat\/macerat-z-cytrynca-chinskiego\/#breadcrumb","itemListElement":[{"@type":"ListItem","position":1,"name":"Accueil","item":"https:\/\/naturalpoland.com\/fr\/"},{"@type":"ListItem","position":2,"name":"Produits","item":"https:\/\/naturalpoland.com\/fr\/produits\/"},{"@type":"ListItem","position":3,"name":"Mac\u00e9rat de schisandra chinois"}]},{"@type":"WebSite","@id":"https:\/\/naturalpoland.com\/fr\/#website","url":"https:\/\/naturalpoland.com\/fr\/","name":"NATURAL POLAND - Distributeur de mati\u00e8res premi\u00e8res en gros","description":"Surowce dla przemys\u0142u spo\u017cywczego, kosmetycznego i farmaceutycznego","publisher":{"@id":"https:\/\/naturalpoland.com\/fr\/#organization"},"potentialAction":[{"@type":"SearchAction","target":{"@type":"EntryPoint","urlTemplate":"https:\/\/naturalpoland.com\/fr\/?s={search_term_string}"},"query-input":{"@type":"PropertyValueSpecification","valueRequired":true,"valueName":"search_term_string"}}],"inLanguage":"fr-FR"},{"@type":"Organization","@id":"https:\/\/naturalpoland.com\/fr\/#organization","name":"Natural Poland","url":"https:\/\/naturalpoland.com\/fr\/","logo":{"@type":"ImageObject","inLanguage":"fr-FR","@id":"https:\/\/naturalpoland.com\/fr\/#\/schema\/logo\/image\/","url":"https:\/\/naturalpoland.com\/wp-content\/uploads\/2021\/05\/natural-poland-icon.png","contentUrl":"https:\/\/naturalpoland.com\/wp-content\/uploads\/2021\/05\/natural-poland-icon.png","width":512,"height":512,"caption":"Natural Poland"},"image":{"@id":"https:\/\/naturalpoland.com\/fr\/#\/schema\/logo\/image\/"},"sameAs":["https:\/\/www.facebook.com\/naturalpoland.b2b","https:\/\/pl.linkedin.com\/company\/natural-poland","https:\/\/www.youtube.com\/channel\/UCgeGGkvOMahZo-xu_MSEWxg"]}]}},"_links":{"self":[{"href":"https:\/\/naturalpoland.com\/fr\/wp-json\/wp\/v2\/product\/41759","targetHints":{"allow":["GET"]}}],"collection":[{"href":"https:\/\/naturalpoland.com\/fr\/wp-json\/wp\/v2\/product"}],"about":[{"href":"https:\/\/naturalpoland.com\/fr\/wp-json\/wp\/v2\/types\/product"}],"wp:featuredmedia":[{"embeddable":true,"href":"https:\/\/naturalpoland.com\/fr\/wp-json\/wp\/v2\/media\/41518"}],"wp:attachment":[{"href":"https:\/\/naturalpoland.com\/fr\/wp-json\/wp\/v2\/media?parent=41759"}],"wp:term":[{"taxonomy":"product_brand","embeddable":true,"href":"https:\/\/naturalpoland.com\/fr\/wp-json\/wp\/v2\/product_brand?post=41759"},{"taxonomy":"product_cat","embeddable":true,"href":"https:\/\/naturalpoland.com\/fr\/wp-json\/wp\/v2\/product_cat?post=41759"},{"taxonomy":"product_tag","embeddable":true,"href":"https:\/\/naturalpoland.com\/fr\/wp-json\/wp\/v2\/product_tag?post=41759"}],"curies":[{"name":"wp","href":"https:\/\/api.w.org\/{rel}","templated":true}]}}