{"id":41877,"date":"2025-07-09T14:07:22","date_gmt":"2025-07-09T12:07:22","guid":{"rendered":"https:\/\/naturalpoland.com\/produkty\/non%20class\u00e9\/ekstrakt-z-nasion-prosa\/"},"modified":"2025-07-10T12:01:56","modified_gmt":"2025-07-10T10:01:56","slug":"ekstrakt-z-nasion-prosa","status":"publish","type":"product","link":"https:\/\/naturalpoland.com\/fr\/produkty\/extraits-de-plantes\/ekstrakt-z-nasion-prosa\/","title":{"rendered":"Extrait de graines de millet"},"content":{"rendered":"<h2>Propri\u00e9t\u00e9s et applications potentielles de l&rsquo;extrait de millet<\/h2>\n<p>Le millet est une c\u00e9r\u00e9ale au profil nutritionnel exceptionnellement b\u00e9n\u00e9fique, riche en min\u00e9raux (notamment en fer, magn\u00e9sium, phosphore) et en antioxydants, ainsi qu&rsquo;en prot\u00e9ines facilement assimilables. L&rsquo;extrait de ses graines est particuli\u00e8rement appr\u00e9ci\u00e9 pour son action <strong>fortifiante sur l&rsquo;organisme<\/strong> et son effet <strong>b\u00e9n\u00e9fique sur les syst\u00e8mes digestif et nerveux<\/strong>. Dans ses utilisations traditionnelles, le millet \u00e9tait reconnu comme une mati\u00e8re premi\u00e8re <strong>favorisant la sant\u00e9 de la peau, des cheveux et des ongles<\/strong>, et ses extraits sont de plus en plus utilis\u00e9s dans les compl\u00e9ments alimentaires visant \u00e0 renforcer naturellement l&rsquo;organisme et \u00e0 <strong>am\u00e9liorer le m\u00e9tabolisme<\/strong>.  <\/p>\n<p>L&rsquo;extrait de graines de millet est principalement utilis\u00e9 dans l&rsquo;industrie <strong>nutraceutique<\/strong> et <strong>des compl\u00e9ments alimentaires<\/strong> &#8211; comme ingr\u00e9dient dans les g\u00e9lules, comprim\u00e9s ou poudres soutenant l&rsquo;organisme en cas de carence en micronutriments ou de faiblesse g\u00e9n\u00e9rale. En raison de sa composition naturelle et de son action douce, le produit peut \u00e9galement \u00eatre utilis\u00e9 en <strong>cosm\u00e9tique naturelle<\/strong> &#8211; particuli\u00e8rement pour le soin des cheveux et du cuir chevelu. Gr\u00e2ce \u00e0 sa puret\u00e9 microbiologique et son profil sensoriel doux (go\u00fbt et odeur caract\u00e9ristiques), l&rsquo;extrait est bien tol\u00e9r\u00e9 et peut \u00e9galement \u00eatre utilis\u00e9 dans les m\u00e9langes fonctionnels, <strong>l&rsquo;alimentation di\u00e9t\u00e9tique<\/strong> et les pr\u00e9parations alimentaires.  <\/p>\n","protected":false},"excerpt":{"rendered":"<p><strong>L&rsquo;extrait de graines de millet<\/strong> est obtenu \u00e0 partir des graines de <em>Panicum miliaceum<\/em> &#8211; l&rsquo;une des plus anciennes c\u00e9r\u00e9ales cultiv\u00e9es. Le produit est standardis\u00e9. L&rsquo;extrait est obtenu par un processus d&rsquo;extraction aqueuse, avec l&rsquo;ajout de maltodextrine comme support et ne contient ni gluten ni OGM.  <\/p>\n","protected":false},"featured_media":41865,"template":"","meta":[],"product_brand":[],"product_cat":[1293],"product_tag":[],"class_list":{"0":"post-41877","1":"product","2":"type-product","3":"status-publish","4":"has-post-thumbnail","6":"product_cat-extraits-de-plantes","7":"pa_czesc-rosliny-des-graines","8":"pa_metoda-pozyskiwania-extraction-deau","10":"first","11":"instock","12":"shipping-taxable","13":"product-type-simple"},"yoast_head":"<!-- This site is optimized with the Yoast SEO plugin v27.3 - https:\/\/yoast.com\/product\/yoast-seo-wordpress\/ -->\n<title>Extrait de graines de millet - Distributeur en gros<\/title>\n<meta name=\"description\" content=\"Extrait de graines de millet, mati\u00e8re premi\u00e8re naturelle du Panicum miliaceum, ancienne c\u00e9r\u00e9ale cultiv\u00e9e.\" \/>\n<meta name=\"robots\" content=\"index, follow, max-snippet:-1, max-image-preview:large, max-video-preview:-1\" \/>\n<link rel=\"canonical\" href=\"https:\/\/naturalpoland.com\/fr\/produkty\/extraits-de-plantes\/ekstrakt-z-nasion-prosa\/\" \/>\n<meta property=\"og:locale\" content=\"fr_FR\" \/>\n<meta property=\"og:type\" content=\"article\" \/>\n<meta property=\"og:title\" content=\"Extrait de graines de millet - Distributeur en gros\" \/>\n<meta property=\"og:description\" content=\"Extrait de graines de millet, mati\u00e8re premi\u00e8re naturelle du Panicum miliaceum, ancienne c\u00e9r\u00e9ale cultiv\u00e9e.\" \/>\n<meta property=\"og:url\" content=\"https:\/\/naturalpoland.com\/fr\/produkty\/extraits-de-plantes\/ekstrakt-z-nasion-prosa\/\" \/>\n<meta property=\"og:site_name\" content=\"NATURAL POLAND - Distributeur de mati\u00e8res premi\u00e8res en gros\" \/>\n<meta property=\"article:publisher\" content=\"https:\/\/www.facebook.com\/naturalpoland.b2b\" \/>\n<meta property=\"article:modified_time\" content=\"2025-07-10T10:01:56+00:00\" \/>\n<meta property=\"og:image\" content=\"https:\/\/naturalpoland.com\/wp-content\/uploads\/ekstrakt-z-nasion-prosa.webp\" \/>\n\t<meta property=\"og:image:width\" content=\"1024\" \/>\n\t<meta property=\"og:image:height\" content=\"1024\" \/>\n\t<meta property=\"og:image:type\" content=\"image\/webp\" \/>\n<script type=\"application\/ld+json\" class=\"yoast-schema-graph\">{\"@context\":\"https:\\\/\\\/schema.org\",\"@graph\":[{\"@type\":\"WebPage\",\"@id\":\"https:\\\/\\\/naturalpoland.com\\\/fr\\\/produkty\\\/extraits-de-plantes\\\/ekstrakt-z-nasion-prosa\\\/\",\"url\":\"https:\\\/\\\/naturalpoland.com\\\/fr\\\/produkty\\\/extraits-de-plantes\\\/ekstrakt-z-nasion-prosa\\\/\",\"name\":\"Extrait de graines de millet - Distributeur en gros\",\"isPartOf\":{\"@id\":\"https:\\\/\\\/naturalpoland.com\\\/fr\\\/#website\"},\"primaryImageOfPage\":{\"@id\":\"https:\\\/\\\/naturalpoland.com\\\/fr\\\/produkty\\\/extraits-de-plantes\\\/ekstrakt-z-nasion-prosa\\\/#primaryimage\"},\"image\":{\"@id\":\"https:\\\/\\\/naturalpoland.com\\\/fr\\\/produkty\\\/extraits-de-plantes\\\/ekstrakt-z-nasion-prosa\\\/#primaryimage\"},\"thumbnailUrl\":\"https:\\\/\\\/naturalpoland.com\\\/wp-content\\\/uploads\\\/ekstrakt-z-nasion-prosa.webp\",\"datePublished\":\"2025-07-09T12:07:22+00:00\",\"dateModified\":\"2025-07-10T10:01:56+00:00\",\"description\":\"Extrait de graines de millet, mati\u00e8re premi\u00e8re naturelle du Panicum miliaceum, ancienne c\u00e9r\u00e9ale cultiv\u00e9e.\",\"breadcrumb\":{\"@id\":\"https:\\\/\\\/naturalpoland.com\\\/fr\\\/produkty\\\/extraits-de-plantes\\\/ekstrakt-z-nasion-prosa\\\/#breadcrumb\"},\"inLanguage\":\"fr-FR\",\"potentialAction\":[{\"@type\":\"ReadAction\",\"target\":[\"https:\\\/\\\/naturalpoland.com\\\/fr\\\/produkty\\\/extraits-de-plantes\\\/ekstrakt-z-nasion-prosa\\\/\"]}]},{\"@type\":\"ImageObject\",\"inLanguage\":\"fr-FR\",\"@id\":\"https:\\\/\\\/naturalpoland.com\\\/fr\\\/produkty\\\/extraits-de-plantes\\\/ekstrakt-z-nasion-prosa\\\/#primaryimage\",\"url\":\"https:\\\/\\\/naturalpoland.com\\\/wp-content\\\/uploads\\\/ekstrakt-z-nasion-prosa.webp\",\"contentUrl\":\"https:\\\/\\\/naturalpoland.com\\\/wp-content\\\/uploads\\\/ekstrakt-z-nasion-prosa.webp\",\"width\":1024,\"height\":1024,\"caption\":\"ekstrakt z nasion prosa\"},{\"@type\":\"BreadcrumbList\",\"@id\":\"https:\\\/\\\/naturalpoland.com\\\/fr\\\/produkty\\\/extraits-de-plantes\\\/ekstrakt-z-nasion-prosa\\\/#breadcrumb\",\"itemListElement\":[{\"@type\":\"ListItem\",\"position\":1,\"name\":\"Accueil\",\"item\":\"https:\\\/\\\/naturalpoland.com\\\/fr\\\/\"},{\"@type\":\"ListItem\",\"position\":2,\"name\":\"Produits\",\"item\":\"https:\\\/\\\/naturalpoland.com\\\/fr\\\/produits\\\/\"},{\"@type\":\"ListItem\",\"position\":3,\"name\":\"Extrait de graines de millet\"}]},{\"@type\":\"WebSite\",\"@id\":\"https:\\\/\\\/naturalpoland.com\\\/fr\\\/#website\",\"url\":\"https:\\\/\\\/naturalpoland.com\\\/fr\\\/\",\"name\":\"NATURAL POLAND - Distributeur de mati\u00e8res premi\u00e8res en gros\",\"description\":\"Surowce dla przemys\u0142u spo\u017cywczego, kosmetycznego i farmaceutycznego\",\"publisher\":{\"@id\":\"https:\\\/\\\/naturalpoland.com\\\/fr\\\/#organization\"},\"potentialAction\":[{\"@type\":\"SearchAction\",\"target\":{\"@type\":\"EntryPoint\",\"urlTemplate\":\"https:\\\/\\\/naturalpoland.com\\\/fr\\\/?s={search_term_string}\"},\"query-input\":{\"@type\":\"PropertyValueSpecification\",\"valueRequired\":true,\"valueName\":\"search_term_string\"}}],\"inLanguage\":\"fr-FR\"},{\"@type\":\"Organization\",\"@id\":\"https:\\\/\\\/naturalpoland.com\\\/fr\\\/#organization\",\"name\":\"Natural Poland\",\"url\":\"https:\\\/\\\/naturalpoland.com\\\/fr\\\/\",\"logo\":{\"@type\":\"ImageObject\",\"inLanguage\":\"fr-FR\",\"@id\":\"https:\\\/\\\/naturalpoland.com\\\/fr\\\/#\\\/schema\\\/logo\\\/image\\\/\",\"url\":\"https:\\\/\\\/naturalpoland.com\\\/wp-content\\\/uploads\\\/2021\\\/05\\\/natural-poland-icon.png\",\"contentUrl\":\"https:\\\/\\\/naturalpoland.com\\\/wp-content\\\/uploads\\\/2021\\\/05\\\/natural-poland-icon.png\",\"width\":512,\"height\":512,\"caption\":\"Natural Poland\"},\"image\":{\"@id\":\"https:\\\/\\\/naturalpoland.com\\\/fr\\\/#\\\/schema\\\/logo\\\/image\\\/\"},\"sameAs\":[\"https:\\\/\\\/www.facebook.com\\\/naturalpoland.b2b\",\"https:\\\/\\\/pl.linkedin.com\\\/company\\\/natural-poland\",\"https:\\\/\\\/www.youtube.com\\\/channel\\\/UCgeGGkvOMahZo-xu_MSEWxg\"]}]}<\/script>\n<!-- \/ Yoast SEO plugin. -->","yoast_head_json":{"title":"Extrait de graines de millet - Distributeur en gros","description":"Extrait de graines de millet, mati\u00e8re premi\u00e8re naturelle du Panicum miliaceum, ancienne c\u00e9r\u00e9ale cultiv\u00e9e.","robots":{"index":"index","follow":"follow","max-snippet":"max-snippet:-1","max-image-preview":"max-image-preview:large","max-video-preview":"max-video-preview:-1"},"canonical":"https:\/\/naturalpoland.com\/fr\/produkty\/extraits-de-plantes\/ekstrakt-z-nasion-prosa\/","og_locale":"fr_FR","og_type":"article","og_title":"Extrait de graines de millet - Distributeur en gros","og_description":"Extrait de graines de millet, mati\u00e8re premi\u00e8re naturelle du Panicum miliaceum, ancienne c\u00e9r\u00e9ale cultiv\u00e9e.","og_url":"https:\/\/naturalpoland.com\/fr\/produkty\/extraits-de-plantes\/ekstrakt-z-nasion-prosa\/","og_site_name":"NATURAL POLAND - Distributeur de mati\u00e8res premi\u00e8res en gros","article_publisher":"https:\/\/www.facebook.com\/naturalpoland.b2b","article_modified_time":"2025-07-10T10:01:56+00:00","og_image":[{"width":1024,"height":1024,"url":"https:\/\/naturalpoland.com\/wp-content\/uploads\/ekstrakt-z-nasion-prosa.webp","type":"image\/webp"}],"schema":{"@context":"https:\/\/schema.org","@graph":[{"@type":"WebPage","@id":"https:\/\/naturalpoland.com\/fr\/produkty\/extraits-de-plantes\/ekstrakt-z-nasion-prosa\/","url":"https:\/\/naturalpoland.com\/fr\/produkty\/extraits-de-plantes\/ekstrakt-z-nasion-prosa\/","name":"Extrait de graines de millet - Distributeur en gros","isPartOf":{"@id":"https:\/\/naturalpoland.com\/fr\/#website"},"primaryImageOfPage":{"@id":"https:\/\/naturalpoland.com\/fr\/produkty\/extraits-de-plantes\/ekstrakt-z-nasion-prosa\/#primaryimage"},"image":{"@id":"https:\/\/naturalpoland.com\/fr\/produkty\/extraits-de-plantes\/ekstrakt-z-nasion-prosa\/#primaryimage"},"thumbnailUrl":"https:\/\/naturalpoland.com\/wp-content\/uploads\/ekstrakt-z-nasion-prosa.webp","datePublished":"2025-07-09T12:07:22+00:00","dateModified":"2025-07-10T10:01:56+00:00","description":"Extrait de graines de millet, mati\u00e8re premi\u00e8re naturelle du Panicum miliaceum, ancienne c\u00e9r\u00e9ale cultiv\u00e9e.","breadcrumb":{"@id":"https:\/\/naturalpoland.com\/fr\/produkty\/extraits-de-plantes\/ekstrakt-z-nasion-prosa\/#breadcrumb"},"inLanguage":"fr-FR","potentialAction":[{"@type":"ReadAction","target":["https:\/\/naturalpoland.com\/fr\/produkty\/extraits-de-plantes\/ekstrakt-z-nasion-prosa\/"]}]},{"@type":"ImageObject","inLanguage":"fr-FR","@id":"https:\/\/naturalpoland.com\/fr\/produkty\/extraits-de-plantes\/ekstrakt-z-nasion-prosa\/#primaryimage","url":"https:\/\/naturalpoland.com\/wp-content\/uploads\/ekstrakt-z-nasion-prosa.webp","contentUrl":"https:\/\/naturalpoland.com\/wp-content\/uploads\/ekstrakt-z-nasion-prosa.webp","width":1024,"height":1024,"caption":"ekstrakt z nasion prosa"},{"@type":"BreadcrumbList","@id":"https:\/\/naturalpoland.com\/fr\/produkty\/extraits-de-plantes\/ekstrakt-z-nasion-prosa\/#breadcrumb","itemListElement":[{"@type":"ListItem","position":1,"name":"Accueil","item":"https:\/\/naturalpoland.com\/fr\/"},{"@type":"ListItem","position":2,"name":"Produits","item":"https:\/\/naturalpoland.com\/fr\/produits\/"},{"@type":"ListItem","position":3,"name":"Extrait de graines de millet"}]},{"@type":"WebSite","@id":"https:\/\/naturalpoland.com\/fr\/#website","url":"https:\/\/naturalpoland.com\/fr\/","name":"NATURAL POLAND - Distributeur de mati\u00e8res premi\u00e8res en gros","description":"Surowce dla przemys\u0142u spo\u017cywczego, kosmetycznego i farmaceutycznego","publisher":{"@id":"https:\/\/naturalpoland.com\/fr\/#organization"},"potentialAction":[{"@type":"SearchAction","target":{"@type":"EntryPoint","urlTemplate":"https:\/\/naturalpoland.com\/fr\/?s={search_term_string}"},"query-input":{"@type":"PropertyValueSpecification","valueRequired":true,"valueName":"search_term_string"}}],"inLanguage":"fr-FR"},{"@type":"Organization","@id":"https:\/\/naturalpoland.com\/fr\/#organization","name":"Natural Poland","url":"https:\/\/naturalpoland.com\/fr\/","logo":{"@type":"ImageObject","inLanguage":"fr-FR","@id":"https:\/\/naturalpoland.com\/fr\/#\/schema\/logo\/image\/","url":"https:\/\/naturalpoland.com\/wp-content\/uploads\/2021\/05\/natural-poland-icon.png","contentUrl":"https:\/\/naturalpoland.com\/wp-content\/uploads\/2021\/05\/natural-poland-icon.png","width":512,"height":512,"caption":"Natural Poland"},"image":{"@id":"https:\/\/naturalpoland.com\/fr\/#\/schema\/logo\/image\/"},"sameAs":["https:\/\/www.facebook.com\/naturalpoland.b2b","https:\/\/pl.linkedin.com\/company\/natural-poland","https:\/\/www.youtube.com\/channel\/UCgeGGkvOMahZo-xu_MSEWxg"]}]}},"_links":{"self":[{"href":"https:\/\/naturalpoland.com\/fr\/wp-json\/wp\/v2\/product\/41877","targetHints":{"allow":["GET"]}}],"collection":[{"href":"https:\/\/naturalpoland.com\/fr\/wp-json\/wp\/v2\/product"}],"about":[{"href":"https:\/\/naturalpoland.com\/fr\/wp-json\/wp\/v2\/types\/product"}],"wp:featuredmedia":[{"embeddable":true,"href":"https:\/\/naturalpoland.com\/fr\/wp-json\/wp\/v2\/media\/41865"}],"wp:attachment":[{"href":"https:\/\/naturalpoland.com\/fr\/wp-json\/wp\/v2\/media?parent=41877"}],"wp:term":[{"taxonomy":"product_brand","embeddable":true,"href":"https:\/\/naturalpoland.com\/fr\/wp-json\/wp\/v2\/product_brand?post=41877"},{"taxonomy":"product_cat","embeddable":true,"href":"https:\/\/naturalpoland.com\/fr\/wp-json\/wp\/v2\/product_cat?post=41877"},{"taxonomy":"product_tag","embeddable":true,"href":"https:\/\/naturalpoland.com\/fr\/wp-json\/wp\/v2\/product_tag?post=41877"}],"curies":[{"name":"wp","href":"https:\/\/api.w.org\/{rel}","templated":true}]}}