{"id":42538,"date":"2025-07-17T15:11:45","date_gmt":"2025-07-17T13:11:45","guid":{"rendered":"https:\/\/naturalpoland.com\/produkty\/non class\u00e9\/poudre-de-fruits-de-baobab\/"},"modified":"2025-08-07T14:14:29","modified_gmt":"2025-08-07T12:14:29","slug":"poudre-de-fruits-de-baobab","status":"publish","type":"product","link":"https:\/\/naturalpoland.com\/fr\/produkty\/produits-pour-lindustrie-alimentaire\/matieres-premieres-pour-la-production\/poudre-de-fruits-de-baobab\/","title":{"rendered":"Poudre de fruits de baobab"},"content":{"rendered":"<h2>Propri\u00e9t\u00e9s de la poudre de baobab<\/h2>\n<p>La poudre de baobab constitue une source pr\u00e9cieuse de vitamines (particuli\u00e8rement la vitamine C), d&rsquo;antioxydants, de fibres et de composants min\u00e9raux, tels que le calcium, le potassium, le magn\u00e9sium et le fer. Gr\u00e2ce \u00e0 ses propri\u00e9t\u00e9s, elle peut : <\/p>\n<ul>\n<li>soutenir le syst\u00e8me immunitaire,<\/li>\n<li>am\u00e9liorer la digestion,<\/li>\n<li>favoriser le m\u00e9tabolisme,<\/li>\n<li>augmenter naturellement le niveau d&rsquo;\u00e9nergie.<\/li>\n<\/ul>\n<p>En raison de sa forte teneur en fibres, elle est aussi fr\u00e9quemment utilis\u00e9e comme ingr\u00e9dient favorisant le p\u00e9ristaltisme intestinal et la <strong>sant\u00e9 du microbiote intestinal<\/strong>.<\/p>\n<h2>Application<\/h2>\n<p>L&rsquo;application de la poudre de baobab comprend l&rsquo;industrie alimentaire, des compl\u00e9ments alimentaires et cosm\u00e9tique. Elle peut \u00eatre utilis\u00e9e comme ingr\u00e9dient de boissons fonctionnelles, de barres, de poudres nutritionnelles, de yaourts v\u00e9g\u00e9taux ou comme \u00e9paississant naturel et amplificateur de valeur nutritionnelle. En cosm\u00e9tique \u2013 particuli\u00e8rement dans les produits naturels \u2013 elle est utilis\u00e9e comme ingr\u00e9dient aux propri\u00e9t\u00e9s hydratantes, \u00e9claircissantes et antioxydantes.  <\/p>\n<p>Gr\u00e2ce \u00e0 son go\u00fbt doux et \u00e0 ses propri\u00e9t\u00e9s b\u00e9n\u00e9fiques pour la sant\u00e9, la poudre de baobab constitue un additif pr\u00e9cieux et polyvalent pour de nombreuses formulations, soutenant la fonctionnalit\u00e9 et la valeur des produits finaux.<\/p>\n","protected":false},"excerpt":{"rendered":"<p>La <strong>poudre biologique de fruits de baobab<\/strong> est obtenue \u00e0 partir de la pulpe des fruits de l&rsquo;arbre baobab (<em>Adansonia digitata<\/em>), \u00e9galement connu sous le nom d&rsquo;\u00ab arbre de vie \u00bb. Cette mati\u00e8re premi\u00e8re se distingue par son ar\u00f4me et son go\u00fbt caract\u00e9ristiques, d\u00e9pourvus de toute note \u00e9trang\u00e8re. Il s&rsquo;agit d&rsquo;un produit 100 % naturel et certifi\u00e9 biologique.  <\/p>\n","protected":false},"featured_media":42058,"template":"","meta":[],"product_brand":[],"product_cat":[1300,1312],"product_tag":[],"class_list":{"0":"post-42538","1":"product","2":"type-product","3":"status-publish","4":"has-post-thumbnail","6":"product_cat-additifs-de-complements-alimentaires","7":"product_cat-matieres-premieres-pour-la-production","8":"pa_czesc-rosliny-fruits","10":"first","11":"instock","12":"shipping-taxable","13":"product-type-simple"},"yoast_head":"<!-- This site is optimized with the Yoast SEO plugin v27.3 - https:\/\/yoast.com\/product\/yoast-seo-wordpress\/ -->\n<title>Poudre de fruits de baobab - Distributeur en gros<\/title>\n<meta name=\"description\" content=\"La poudre biologique de fruits de baobab est une mati\u00e8re premi\u00e8re naturelle obtenue \u00e0 partir de la pulpe des fruits de l&#039;arbre baobab (Adansonia digitata).\" \/>\n<meta name=\"robots\" content=\"index, follow, max-snippet:-1, max-image-preview:large, max-video-preview:-1\" \/>\n<link rel=\"canonical\" href=\"https:\/\/naturalpoland.com\/fr\/produkty\/produits-pour-lindustrie-alimentaire\/matieres-premieres-pour-la-production\/poudre-de-fruits-de-baobab\/\" \/>\n<meta property=\"og:locale\" content=\"fr_FR\" \/>\n<meta property=\"og:type\" content=\"article\" \/>\n<meta property=\"og:title\" content=\"Poudre de fruits de baobab - Distributeur en gros\" \/>\n<meta property=\"og:description\" content=\"La poudre biologique de fruits de baobab est une mati\u00e8re premi\u00e8re naturelle obtenue \u00e0 partir de la pulpe des fruits de l&#039;arbre baobab (Adansonia digitata).\" \/>\n<meta property=\"og:url\" content=\"https:\/\/naturalpoland.com\/fr\/produkty\/produits-pour-lindustrie-alimentaire\/matieres-premieres-pour-la-production\/poudre-de-fruits-de-baobab\/\" \/>\n<meta property=\"og:site_name\" content=\"NATURAL POLAND - Distributeur de mati\u00e8res premi\u00e8res en gros\" \/>\n<meta property=\"article:publisher\" content=\"https:\/\/www.facebook.com\/naturalpoland.b2b\" \/>\n<meta property=\"article:modified_time\" content=\"2025-08-07T12:14:29+00:00\" \/>\n<meta property=\"og:image\" content=\"https:\/\/naturalpoland.com\/wp-content\/uploads\/proszek-z-owocu-baobabu.webp\" \/>\n\t<meta property=\"og:image:width\" content=\"1024\" \/>\n\t<meta property=\"og:image:height\" content=\"1024\" \/>\n\t<meta property=\"og:image:type\" content=\"image\/webp\" \/>\n<script type=\"application\/ld+json\" class=\"yoast-schema-graph\">{\"@context\":\"https:\\\/\\\/schema.org\",\"@graph\":[{\"@type\":\"WebPage\",\"@id\":\"https:\\\/\\\/naturalpoland.com\\\/fr\\\/produkty\\\/produits-pour-lindustrie-alimentaire\\\/matieres-premieres-pour-la-production\\\/poudre-de-fruits-de-baobab\\\/\",\"url\":\"https:\\\/\\\/naturalpoland.com\\\/fr\\\/produkty\\\/produits-pour-lindustrie-alimentaire\\\/matieres-premieres-pour-la-production\\\/poudre-de-fruits-de-baobab\\\/\",\"name\":\"Poudre de fruits de baobab - Distributeur en gros\",\"isPartOf\":{\"@id\":\"https:\\\/\\\/naturalpoland.com\\\/fr\\\/#website\"},\"primaryImageOfPage\":{\"@id\":\"https:\\\/\\\/naturalpoland.com\\\/fr\\\/produkty\\\/produits-pour-lindustrie-alimentaire\\\/matieres-premieres-pour-la-production\\\/poudre-de-fruits-de-baobab\\\/#primaryimage\"},\"image\":{\"@id\":\"https:\\\/\\\/naturalpoland.com\\\/fr\\\/produkty\\\/produits-pour-lindustrie-alimentaire\\\/matieres-premieres-pour-la-production\\\/poudre-de-fruits-de-baobab\\\/#primaryimage\"},\"thumbnailUrl\":\"https:\\\/\\\/naturalpoland.com\\\/wp-content\\\/uploads\\\/proszek-z-owocu-baobabu.webp\",\"datePublished\":\"2025-07-17T13:11:45+00:00\",\"dateModified\":\"2025-08-07T12:14:29+00:00\",\"description\":\"La poudre biologique de fruits de baobab est une mati\u00e8re premi\u00e8re naturelle obtenue \u00e0 partir de la pulpe des fruits de l'arbre baobab (Adansonia digitata).\",\"breadcrumb\":{\"@id\":\"https:\\\/\\\/naturalpoland.com\\\/fr\\\/produkty\\\/produits-pour-lindustrie-alimentaire\\\/matieres-premieres-pour-la-production\\\/poudre-de-fruits-de-baobab\\\/#breadcrumb\"},\"inLanguage\":\"fr-FR\",\"potentialAction\":[{\"@type\":\"ReadAction\",\"target\":[\"https:\\\/\\\/naturalpoland.com\\\/fr\\\/produkty\\\/produits-pour-lindustrie-alimentaire\\\/matieres-premieres-pour-la-production\\\/poudre-de-fruits-de-baobab\\\/\"]}]},{\"@type\":\"ImageObject\",\"inLanguage\":\"fr-FR\",\"@id\":\"https:\\\/\\\/naturalpoland.com\\\/fr\\\/produkty\\\/produits-pour-lindustrie-alimentaire\\\/matieres-premieres-pour-la-production\\\/poudre-de-fruits-de-baobab\\\/#primaryimage\",\"url\":\"https:\\\/\\\/naturalpoland.com\\\/wp-content\\\/uploads\\\/proszek-z-owocu-baobabu.webp\",\"contentUrl\":\"https:\\\/\\\/naturalpoland.com\\\/wp-content\\\/uploads\\\/proszek-z-owocu-baobabu.webp\",\"width\":1024,\"height\":1024,\"caption\":\"proszek z owoc\u00f3w baobabu\"},{\"@type\":\"BreadcrumbList\",\"@id\":\"https:\\\/\\\/naturalpoland.com\\\/fr\\\/produkty\\\/produits-pour-lindustrie-alimentaire\\\/matieres-premieres-pour-la-production\\\/poudre-de-fruits-de-baobab\\\/#breadcrumb\",\"itemListElement\":[{\"@type\":\"ListItem\",\"position\":1,\"name\":\"Accueil\",\"item\":\"https:\\\/\\\/naturalpoland.com\\\/fr\\\/\"},{\"@type\":\"ListItem\",\"position\":2,\"name\":\"Produits\",\"item\":\"https:\\\/\\\/naturalpoland.com\\\/fr\\\/produits\\\/\"},{\"@type\":\"ListItem\",\"position\":3,\"name\":\"Poudre de fruits de baobab\"}]},{\"@type\":\"WebSite\",\"@id\":\"https:\\\/\\\/naturalpoland.com\\\/fr\\\/#website\",\"url\":\"https:\\\/\\\/naturalpoland.com\\\/fr\\\/\",\"name\":\"NATURAL POLAND - Distributeur de mati\u00e8res premi\u00e8res en gros\",\"description\":\"Surowce dla przemys\u0142u spo\u017cywczego, kosmetycznego i farmaceutycznego\",\"publisher\":{\"@id\":\"https:\\\/\\\/naturalpoland.com\\\/fr\\\/#organization\"},\"potentialAction\":[{\"@type\":\"SearchAction\",\"target\":{\"@type\":\"EntryPoint\",\"urlTemplate\":\"https:\\\/\\\/naturalpoland.com\\\/fr\\\/?s={search_term_string}\"},\"query-input\":{\"@type\":\"PropertyValueSpecification\",\"valueRequired\":true,\"valueName\":\"search_term_string\"}}],\"inLanguage\":\"fr-FR\"},{\"@type\":\"Organization\",\"@id\":\"https:\\\/\\\/naturalpoland.com\\\/fr\\\/#organization\",\"name\":\"Natural Poland\",\"url\":\"https:\\\/\\\/naturalpoland.com\\\/fr\\\/\",\"logo\":{\"@type\":\"ImageObject\",\"inLanguage\":\"fr-FR\",\"@id\":\"https:\\\/\\\/naturalpoland.com\\\/fr\\\/#\\\/schema\\\/logo\\\/image\\\/\",\"url\":\"https:\\\/\\\/naturalpoland.com\\\/wp-content\\\/uploads\\\/2021\\\/05\\\/natural-poland-icon.png\",\"contentUrl\":\"https:\\\/\\\/naturalpoland.com\\\/wp-content\\\/uploads\\\/2021\\\/05\\\/natural-poland-icon.png\",\"width\":512,\"height\":512,\"caption\":\"Natural Poland\"},\"image\":{\"@id\":\"https:\\\/\\\/naturalpoland.com\\\/fr\\\/#\\\/schema\\\/logo\\\/image\\\/\"},\"sameAs\":[\"https:\\\/\\\/www.facebook.com\\\/naturalpoland.b2b\",\"https:\\\/\\\/pl.linkedin.com\\\/company\\\/natural-poland\",\"https:\\\/\\\/www.youtube.com\\\/channel\\\/UCgeGGkvOMahZo-xu_MSEWxg\"]}]}<\/script>\n<!-- \/ Yoast SEO plugin. -->","yoast_head_json":{"title":"Poudre de fruits de baobab - Distributeur en gros","description":"La poudre biologique de fruits de baobab est une mati\u00e8re premi\u00e8re naturelle obtenue \u00e0 partir de la pulpe des fruits de l'arbre baobab (Adansonia digitata).","robots":{"index":"index","follow":"follow","max-snippet":"max-snippet:-1","max-image-preview":"max-image-preview:large","max-video-preview":"max-video-preview:-1"},"canonical":"https:\/\/naturalpoland.com\/fr\/produkty\/produits-pour-lindustrie-alimentaire\/matieres-premieres-pour-la-production\/poudre-de-fruits-de-baobab\/","og_locale":"fr_FR","og_type":"article","og_title":"Poudre de fruits de baobab - Distributeur en gros","og_description":"La poudre biologique de fruits de baobab est une mati\u00e8re premi\u00e8re naturelle obtenue \u00e0 partir de la pulpe des fruits de l'arbre baobab (Adansonia digitata).","og_url":"https:\/\/naturalpoland.com\/fr\/produkty\/produits-pour-lindustrie-alimentaire\/matieres-premieres-pour-la-production\/poudre-de-fruits-de-baobab\/","og_site_name":"NATURAL POLAND - Distributeur de mati\u00e8res premi\u00e8res en gros","article_publisher":"https:\/\/www.facebook.com\/naturalpoland.b2b","article_modified_time":"2025-08-07T12:14:29+00:00","og_image":[{"width":1024,"height":1024,"url":"https:\/\/naturalpoland.com\/wp-content\/uploads\/proszek-z-owocu-baobabu.webp","type":"image\/webp"}],"schema":{"@context":"https:\/\/schema.org","@graph":[{"@type":"WebPage","@id":"https:\/\/naturalpoland.com\/fr\/produkty\/produits-pour-lindustrie-alimentaire\/matieres-premieres-pour-la-production\/poudre-de-fruits-de-baobab\/","url":"https:\/\/naturalpoland.com\/fr\/produkty\/produits-pour-lindustrie-alimentaire\/matieres-premieres-pour-la-production\/poudre-de-fruits-de-baobab\/","name":"Poudre de fruits de baobab - Distributeur en gros","isPartOf":{"@id":"https:\/\/naturalpoland.com\/fr\/#website"},"primaryImageOfPage":{"@id":"https:\/\/naturalpoland.com\/fr\/produkty\/produits-pour-lindustrie-alimentaire\/matieres-premieres-pour-la-production\/poudre-de-fruits-de-baobab\/#primaryimage"},"image":{"@id":"https:\/\/naturalpoland.com\/fr\/produkty\/produits-pour-lindustrie-alimentaire\/matieres-premieres-pour-la-production\/poudre-de-fruits-de-baobab\/#primaryimage"},"thumbnailUrl":"https:\/\/naturalpoland.com\/wp-content\/uploads\/proszek-z-owocu-baobabu.webp","datePublished":"2025-07-17T13:11:45+00:00","dateModified":"2025-08-07T12:14:29+00:00","description":"La poudre biologique de fruits de baobab est une mati\u00e8re premi\u00e8re naturelle obtenue \u00e0 partir de la pulpe des fruits de l'arbre baobab (Adansonia digitata).","breadcrumb":{"@id":"https:\/\/naturalpoland.com\/fr\/produkty\/produits-pour-lindustrie-alimentaire\/matieres-premieres-pour-la-production\/poudre-de-fruits-de-baobab\/#breadcrumb"},"inLanguage":"fr-FR","potentialAction":[{"@type":"ReadAction","target":["https:\/\/naturalpoland.com\/fr\/produkty\/produits-pour-lindustrie-alimentaire\/matieres-premieres-pour-la-production\/poudre-de-fruits-de-baobab\/"]}]},{"@type":"ImageObject","inLanguage":"fr-FR","@id":"https:\/\/naturalpoland.com\/fr\/produkty\/produits-pour-lindustrie-alimentaire\/matieres-premieres-pour-la-production\/poudre-de-fruits-de-baobab\/#primaryimage","url":"https:\/\/naturalpoland.com\/wp-content\/uploads\/proszek-z-owocu-baobabu.webp","contentUrl":"https:\/\/naturalpoland.com\/wp-content\/uploads\/proszek-z-owocu-baobabu.webp","width":1024,"height":1024,"caption":"proszek z owoc\u00f3w baobabu"},{"@type":"BreadcrumbList","@id":"https:\/\/naturalpoland.com\/fr\/produkty\/produits-pour-lindustrie-alimentaire\/matieres-premieres-pour-la-production\/poudre-de-fruits-de-baobab\/#breadcrumb","itemListElement":[{"@type":"ListItem","position":1,"name":"Accueil","item":"https:\/\/naturalpoland.com\/fr\/"},{"@type":"ListItem","position":2,"name":"Produits","item":"https:\/\/naturalpoland.com\/fr\/produits\/"},{"@type":"ListItem","position":3,"name":"Poudre de fruits de baobab"}]},{"@type":"WebSite","@id":"https:\/\/naturalpoland.com\/fr\/#website","url":"https:\/\/naturalpoland.com\/fr\/","name":"NATURAL POLAND - Distributeur de mati\u00e8res premi\u00e8res en gros","description":"Surowce dla przemys\u0142u spo\u017cywczego, kosmetycznego i farmaceutycznego","publisher":{"@id":"https:\/\/naturalpoland.com\/fr\/#organization"},"potentialAction":[{"@type":"SearchAction","target":{"@type":"EntryPoint","urlTemplate":"https:\/\/naturalpoland.com\/fr\/?s={search_term_string}"},"query-input":{"@type":"PropertyValueSpecification","valueRequired":true,"valueName":"search_term_string"}}],"inLanguage":"fr-FR"},{"@type":"Organization","@id":"https:\/\/naturalpoland.com\/fr\/#organization","name":"Natural Poland","url":"https:\/\/naturalpoland.com\/fr\/","logo":{"@type":"ImageObject","inLanguage":"fr-FR","@id":"https:\/\/naturalpoland.com\/fr\/#\/schema\/logo\/image\/","url":"https:\/\/naturalpoland.com\/wp-content\/uploads\/2021\/05\/natural-poland-icon.png","contentUrl":"https:\/\/naturalpoland.com\/wp-content\/uploads\/2021\/05\/natural-poland-icon.png","width":512,"height":512,"caption":"Natural Poland"},"image":{"@id":"https:\/\/naturalpoland.com\/fr\/#\/schema\/logo\/image\/"},"sameAs":["https:\/\/www.facebook.com\/naturalpoland.b2b","https:\/\/pl.linkedin.com\/company\/natural-poland","https:\/\/www.youtube.com\/channel\/UCgeGGkvOMahZo-xu_MSEWxg"]}]}},"_links":{"self":[{"href":"https:\/\/naturalpoland.com\/fr\/wp-json\/wp\/v2\/product\/42538","targetHints":{"allow":["GET"]}}],"collection":[{"href":"https:\/\/naturalpoland.com\/fr\/wp-json\/wp\/v2\/product"}],"about":[{"href":"https:\/\/naturalpoland.com\/fr\/wp-json\/wp\/v2\/types\/product"}],"wp:featuredmedia":[{"embeddable":true,"href":"https:\/\/naturalpoland.com\/fr\/wp-json\/wp\/v2\/media\/42058"}],"wp:attachment":[{"href":"https:\/\/naturalpoland.com\/fr\/wp-json\/wp\/v2\/media?parent=42538"}],"wp:term":[{"taxonomy":"product_brand","embeddable":true,"href":"https:\/\/naturalpoland.com\/fr\/wp-json\/wp\/v2\/product_brand?post=42538"},{"taxonomy":"product_cat","embeddable":true,"href":"https:\/\/naturalpoland.com\/fr\/wp-json\/wp\/v2\/product_cat?post=42538"},{"taxonomy":"product_tag","embeddable":true,"href":"https:\/\/naturalpoland.com\/fr\/wp-json\/wp\/v2\/product_tag?post=42538"}],"curies":[{"name":"wp","href":"https:\/\/api.w.org\/{rel}","templated":true}]}}