{"id":42545,"date":"2025-07-17T16:36:08","date_gmt":"2025-07-17T14:36:08","guid":{"rendered":"https:\/\/naturalpoland.com\/produkty\/non class\u00e9\/ricinoleate-de-zinc\/"},"modified":"2025-08-07T14:16:00","modified_gmt":"2025-08-07T12:16:00","slug":"ricinoleate-de-zinc","status":"publish","type":"product","link":"https:\/\/naturalpoland.com\/fr\/produkty\/produits-pour-lindustrie-cosmetique\/matieres-premieres-cosmetiques\/ricinoleate-de-zinc\/","title":{"rendered":"Ricinol\u00e9ate de zinc"},"content":{"rendered":"<h2>Propri\u00e9t\u00e9s et applications du ricinol\u00e9ate de zinc<\/h2>\n<p>Le ricinol\u00e9ate de zinc est largement utilis\u00e9 dans l&rsquo;industrie cosm\u00e9tique, principalement comme <strong>neutraliseur d&rsquo;odeurs<\/strong> efficace. Gr\u00e2ce \u00e0 sa capacit\u00e9 exceptionnelle \u00e0 lier les mol\u00e9cules odorantes volatiles, il ne masque pas leur odeur comme les substances parfumantes classiques, mais les lie chimiquement et les \u00e9limine ainsi. Cela le rend particuli\u00e8rement appr\u00e9ci\u00e9 dans les d\u00e9odorants et antisudorifiques, ainsi que dans les pr\u00e9parations de soins pour les pieds ou les peaux \u00e0 probl\u00e8mes.  <\/p>\n<p>Le produit se caract\u00e9rise par une puret\u00e9 et une stabilit\u00e9 \u00e9lev\u00e9es. Il a un pH l\u00e9g\u00e8rement acide dans la plage de 3-5, il est donc bien tol\u00e9r\u00e9 par la peau. L&rsquo;humidit\u00e9 du produit se maintient \u00e0 un niveau tr\u00e8s bas, ce qui t\u00e9moigne de sa durabilit\u00e9 et de sa stabilit\u00e9.  <\/p>\n<p>Le ricinol\u00e9ate de zinc peut \u00e9galement \u00eatre utilis\u00e9 dans les cosm\u00e9tiques pour les soins de la peau sensible, les cosm\u00e9tiques naturels et les formules \u00ab \u00ab free from \u00bb \u00bb \u2013 par exemple sans alcool, sans sels d&rsquo;aluminium ou sans parfums artificiels.<\/p>\n","protected":false},"excerpt":{"rendered":"<p>Le <strong>ricinol\u00e9ate de zinc<\/strong> est un compos\u00e9 chimique form\u00e9 \u00e0 partir de l&rsquo;acide ricinol\u00e9ique (naturellement pr\u00e9sent dans l&rsquo;huile de ricin) et du zinc.<\/p>\n","protected":false},"featured_media":42087,"template":"","meta":[],"product_brand":[],"product_cat":[1309],"product_tag":[],"class_list":{"0":"post-42545","1":"product","2":"type-product","3":"status-publish","4":"has-post-thumbnail","6":"product_cat-matieres-premieres-cosmetiques","8":"first","9":"instock","10":"shipping-taxable","11":"product-type-simple"},"yoast_head":"<!-- This site is optimized with the Yoast SEO plugin v27.4 - https:\/\/yoast.com\/product\/yoast-seo-wordpress\/ -->\n<title>Ricinol\u00e9ate de zinc - Distributeur en gros<\/title>\n<meta name=\"description\" content=\"Le ricinol\u00e9ate de zinc est un compos\u00e9 chimique form\u00e9 \u00e0 partir de l&#039;acide ricinol\u00e9ique (naturellement pr\u00e9sent dans l&#039;huile de ricin) et du zinc.\" \/>\n<meta name=\"robots\" content=\"index, follow, max-snippet:-1, max-image-preview:large, max-video-preview:-1\" \/>\n<link rel=\"canonical\" href=\"https:\/\/naturalpoland.com\/fr\/produkty\/produits-pour-lindustrie-cosmetique\/matieres-premieres-cosmetiques\/ricinoleate-de-zinc\/\" \/>\n<meta property=\"og:locale\" content=\"fr_FR\" \/>\n<meta property=\"og:type\" content=\"article\" \/>\n<meta property=\"og:title\" content=\"Ricinol\u00e9ate de zinc - Distributeur en gros\" \/>\n<meta property=\"og:description\" content=\"Le ricinol\u00e9ate de zinc est un compos\u00e9 chimique form\u00e9 \u00e0 partir de l&#039;acide ricinol\u00e9ique (naturellement pr\u00e9sent dans l&#039;huile de ricin) et du zinc.\" \/>\n<meta property=\"og:url\" content=\"https:\/\/naturalpoland.com\/fr\/produkty\/produits-pour-lindustrie-cosmetique\/matieres-premieres-cosmetiques\/ricinoleate-de-zinc\/\" \/>\n<meta property=\"og:site_name\" content=\"NATURAL POLAND - Distributeur de mati\u00e8res premi\u00e8res en gros\" \/>\n<meta property=\"article:publisher\" content=\"https:\/\/www.facebook.com\/naturalpoland.b2b\" \/>\n<meta property=\"article:modified_time\" content=\"2025-08-07T12:16:00+00:00\" \/>\n<meta property=\"og:image\" content=\"https:\/\/naturalpoland.com\/wp-content\/uploads\/rycynooleinian-cynku.webp\" \/>\n\t<meta property=\"og:image:width\" content=\"1024\" \/>\n\t<meta property=\"og:image:height\" content=\"1024\" \/>\n\t<meta property=\"og:image:type\" content=\"image\/webp\" \/>\n<script type=\"application\/ld+json\" class=\"yoast-schema-graph\">{\"@context\":\"https:\\\/\\\/schema.org\",\"@graph\":[{\"@type\":\"WebPage\",\"@id\":\"https:\\\/\\\/naturalpoland.com\\\/fr\\\/produkty\\\/produits-pour-lindustrie-cosmetique\\\/matieres-premieres-cosmetiques\\\/ricinoleate-de-zinc\\\/\",\"url\":\"https:\\\/\\\/naturalpoland.com\\\/fr\\\/produkty\\\/produits-pour-lindustrie-cosmetique\\\/matieres-premieres-cosmetiques\\\/ricinoleate-de-zinc\\\/\",\"name\":\"Ricinol\u00e9ate de zinc - Distributeur en gros\",\"isPartOf\":{\"@id\":\"https:\\\/\\\/naturalpoland.com\\\/fr\\\/#website\"},\"primaryImageOfPage\":{\"@id\":\"https:\\\/\\\/naturalpoland.com\\\/fr\\\/produkty\\\/produits-pour-lindustrie-cosmetique\\\/matieres-premieres-cosmetiques\\\/ricinoleate-de-zinc\\\/#primaryimage\"},\"image\":{\"@id\":\"https:\\\/\\\/naturalpoland.com\\\/fr\\\/produkty\\\/produits-pour-lindustrie-cosmetique\\\/matieres-premieres-cosmetiques\\\/ricinoleate-de-zinc\\\/#primaryimage\"},\"thumbnailUrl\":\"https:\\\/\\\/naturalpoland.com\\\/wp-content\\\/uploads\\\/rycynooleinian-cynku.webp\",\"datePublished\":\"2025-07-17T14:36:08+00:00\",\"dateModified\":\"2025-08-07T12:16:00+00:00\",\"description\":\"Le ricinol\u00e9ate de zinc est un compos\u00e9 chimique form\u00e9 \u00e0 partir de l'acide ricinol\u00e9ique (naturellement pr\u00e9sent dans l'huile de ricin) et du zinc.\",\"breadcrumb\":{\"@id\":\"https:\\\/\\\/naturalpoland.com\\\/fr\\\/produkty\\\/produits-pour-lindustrie-cosmetique\\\/matieres-premieres-cosmetiques\\\/ricinoleate-de-zinc\\\/#breadcrumb\"},\"inLanguage\":\"fr-FR\",\"potentialAction\":[{\"@type\":\"ReadAction\",\"target\":[\"https:\\\/\\\/naturalpoland.com\\\/fr\\\/produkty\\\/produits-pour-lindustrie-cosmetique\\\/matieres-premieres-cosmetiques\\\/ricinoleate-de-zinc\\\/\"]}]},{\"@type\":\"ImageObject\",\"inLanguage\":\"fr-FR\",\"@id\":\"https:\\\/\\\/naturalpoland.com\\\/fr\\\/produkty\\\/produits-pour-lindustrie-cosmetique\\\/matieres-premieres-cosmetiques\\\/ricinoleate-de-zinc\\\/#primaryimage\",\"url\":\"https:\\\/\\\/naturalpoland.com\\\/wp-content\\\/uploads\\\/rycynooleinian-cynku.webp\",\"contentUrl\":\"https:\\\/\\\/naturalpoland.com\\\/wp-content\\\/uploads\\\/rycynooleinian-cynku.webp\",\"width\":1024,\"height\":1024,\"caption\":\"rycynooleinian cynku\"},{\"@type\":\"BreadcrumbList\",\"@id\":\"https:\\\/\\\/naturalpoland.com\\\/fr\\\/produkty\\\/produits-pour-lindustrie-cosmetique\\\/matieres-premieres-cosmetiques\\\/ricinoleate-de-zinc\\\/#breadcrumb\",\"itemListElement\":[{\"@type\":\"ListItem\",\"position\":1,\"name\":\"Accueil\",\"item\":\"https:\\\/\\\/naturalpoland.com\\\/fr\\\/\"},{\"@type\":\"ListItem\",\"position\":2,\"name\":\"Produits\",\"item\":\"https:\\\/\\\/naturalpoland.com\\\/fr\\\/produits\\\/\"},{\"@type\":\"ListItem\",\"position\":3,\"name\":\"Ricinol\u00e9ate de zinc\"}]},{\"@type\":\"WebSite\",\"@id\":\"https:\\\/\\\/naturalpoland.com\\\/fr\\\/#website\",\"url\":\"https:\\\/\\\/naturalpoland.com\\\/fr\\\/\",\"name\":\"NATURAL POLAND - Distributeur de mati\u00e8res premi\u00e8res en gros\",\"description\":\"Surowce dla przemys\u0142u spo\u017cywczego, kosmetycznego i farmaceutycznego\",\"publisher\":{\"@id\":\"https:\\\/\\\/naturalpoland.com\\\/fr\\\/#organization\"},\"potentialAction\":[{\"@type\":\"SearchAction\",\"target\":{\"@type\":\"EntryPoint\",\"urlTemplate\":\"https:\\\/\\\/naturalpoland.com\\\/fr\\\/?s={search_term_string}\"},\"query-input\":{\"@type\":\"PropertyValueSpecification\",\"valueRequired\":true,\"valueName\":\"search_term_string\"}}],\"inLanguage\":\"fr-FR\"},{\"@type\":\"Organization\",\"@id\":\"https:\\\/\\\/naturalpoland.com\\\/fr\\\/#organization\",\"name\":\"Natural Poland\",\"url\":\"https:\\\/\\\/naturalpoland.com\\\/fr\\\/\",\"logo\":{\"@type\":\"ImageObject\",\"inLanguage\":\"fr-FR\",\"@id\":\"https:\\\/\\\/naturalpoland.com\\\/fr\\\/#\\\/schema\\\/logo\\\/image\\\/\",\"url\":\"https:\\\/\\\/naturalpoland.com\\\/wp-content\\\/uploads\\\/2021\\\/05\\\/natural-poland-icon.png\",\"contentUrl\":\"https:\\\/\\\/naturalpoland.com\\\/wp-content\\\/uploads\\\/2021\\\/05\\\/natural-poland-icon.png\",\"width\":512,\"height\":512,\"caption\":\"Natural Poland\"},\"image\":{\"@id\":\"https:\\\/\\\/naturalpoland.com\\\/fr\\\/#\\\/schema\\\/logo\\\/image\\\/\"},\"sameAs\":[\"https:\\\/\\\/www.facebook.com\\\/naturalpoland.b2b\",\"https:\\\/\\\/pl.linkedin.com\\\/company\\\/natural-poland\",\"https:\\\/\\\/www.youtube.com\\\/channel\\\/UCgeGGkvOMahZo-xu_MSEWxg\"]}]}<\/script>\n<!-- \/ Yoast SEO plugin. -->","yoast_head_json":{"title":"Ricinol\u00e9ate de zinc - Distributeur en gros","description":"Le ricinol\u00e9ate de zinc est un compos\u00e9 chimique form\u00e9 \u00e0 partir de l'acide ricinol\u00e9ique (naturellement pr\u00e9sent dans l'huile de ricin) et du zinc.","robots":{"index":"index","follow":"follow","max-snippet":"max-snippet:-1","max-image-preview":"max-image-preview:large","max-video-preview":"max-video-preview:-1"},"canonical":"https:\/\/naturalpoland.com\/fr\/produkty\/produits-pour-lindustrie-cosmetique\/matieres-premieres-cosmetiques\/ricinoleate-de-zinc\/","og_locale":"fr_FR","og_type":"article","og_title":"Ricinol\u00e9ate de zinc - Distributeur en gros","og_description":"Le ricinol\u00e9ate de zinc est un compos\u00e9 chimique form\u00e9 \u00e0 partir de l'acide ricinol\u00e9ique (naturellement pr\u00e9sent dans l'huile de ricin) et du zinc.","og_url":"https:\/\/naturalpoland.com\/fr\/produkty\/produits-pour-lindustrie-cosmetique\/matieres-premieres-cosmetiques\/ricinoleate-de-zinc\/","og_site_name":"NATURAL POLAND - Distributeur de mati\u00e8res premi\u00e8res en gros","article_publisher":"https:\/\/www.facebook.com\/naturalpoland.b2b","article_modified_time":"2025-08-07T12:16:00+00:00","og_image":[{"width":1024,"height":1024,"url":"https:\/\/naturalpoland.com\/wp-content\/uploads\/rycynooleinian-cynku.webp","type":"image\/webp"}],"schema":{"@context":"https:\/\/schema.org","@graph":[{"@type":"WebPage","@id":"https:\/\/naturalpoland.com\/fr\/produkty\/produits-pour-lindustrie-cosmetique\/matieres-premieres-cosmetiques\/ricinoleate-de-zinc\/","url":"https:\/\/naturalpoland.com\/fr\/produkty\/produits-pour-lindustrie-cosmetique\/matieres-premieres-cosmetiques\/ricinoleate-de-zinc\/","name":"Ricinol\u00e9ate de zinc - Distributeur en gros","isPartOf":{"@id":"https:\/\/naturalpoland.com\/fr\/#website"},"primaryImageOfPage":{"@id":"https:\/\/naturalpoland.com\/fr\/produkty\/produits-pour-lindustrie-cosmetique\/matieres-premieres-cosmetiques\/ricinoleate-de-zinc\/#primaryimage"},"image":{"@id":"https:\/\/naturalpoland.com\/fr\/produkty\/produits-pour-lindustrie-cosmetique\/matieres-premieres-cosmetiques\/ricinoleate-de-zinc\/#primaryimage"},"thumbnailUrl":"https:\/\/naturalpoland.com\/wp-content\/uploads\/rycynooleinian-cynku.webp","datePublished":"2025-07-17T14:36:08+00:00","dateModified":"2025-08-07T12:16:00+00:00","description":"Le ricinol\u00e9ate de zinc est un compos\u00e9 chimique form\u00e9 \u00e0 partir de l'acide ricinol\u00e9ique (naturellement pr\u00e9sent dans l'huile de ricin) et du zinc.","breadcrumb":{"@id":"https:\/\/naturalpoland.com\/fr\/produkty\/produits-pour-lindustrie-cosmetique\/matieres-premieres-cosmetiques\/ricinoleate-de-zinc\/#breadcrumb"},"inLanguage":"fr-FR","potentialAction":[{"@type":"ReadAction","target":["https:\/\/naturalpoland.com\/fr\/produkty\/produits-pour-lindustrie-cosmetique\/matieres-premieres-cosmetiques\/ricinoleate-de-zinc\/"]}]},{"@type":"ImageObject","inLanguage":"fr-FR","@id":"https:\/\/naturalpoland.com\/fr\/produkty\/produits-pour-lindustrie-cosmetique\/matieres-premieres-cosmetiques\/ricinoleate-de-zinc\/#primaryimage","url":"https:\/\/naturalpoland.com\/wp-content\/uploads\/rycynooleinian-cynku.webp","contentUrl":"https:\/\/naturalpoland.com\/wp-content\/uploads\/rycynooleinian-cynku.webp","width":1024,"height":1024,"caption":"rycynooleinian cynku"},{"@type":"BreadcrumbList","@id":"https:\/\/naturalpoland.com\/fr\/produkty\/produits-pour-lindustrie-cosmetique\/matieres-premieres-cosmetiques\/ricinoleate-de-zinc\/#breadcrumb","itemListElement":[{"@type":"ListItem","position":1,"name":"Accueil","item":"https:\/\/naturalpoland.com\/fr\/"},{"@type":"ListItem","position":2,"name":"Produits","item":"https:\/\/naturalpoland.com\/fr\/produits\/"},{"@type":"ListItem","position":3,"name":"Ricinol\u00e9ate de zinc"}]},{"@type":"WebSite","@id":"https:\/\/naturalpoland.com\/fr\/#website","url":"https:\/\/naturalpoland.com\/fr\/","name":"NATURAL POLAND - Distributeur de mati\u00e8res premi\u00e8res en gros","description":"Surowce dla przemys\u0142u spo\u017cywczego, kosmetycznego i farmaceutycznego","publisher":{"@id":"https:\/\/naturalpoland.com\/fr\/#organization"},"potentialAction":[{"@type":"SearchAction","target":{"@type":"EntryPoint","urlTemplate":"https:\/\/naturalpoland.com\/fr\/?s={search_term_string}"},"query-input":{"@type":"PropertyValueSpecification","valueRequired":true,"valueName":"search_term_string"}}],"inLanguage":"fr-FR"},{"@type":"Organization","@id":"https:\/\/naturalpoland.com\/fr\/#organization","name":"Natural Poland","url":"https:\/\/naturalpoland.com\/fr\/","logo":{"@type":"ImageObject","inLanguage":"fr-FR","@id":"https:\/\/naturalpoland.com\/fr\/#\/schema\/logo\/image\/","url":"https:\/\/naturalpoland.com\/wp-content\/uploads\/2021\/05\/natural-poland-icon.png","contentUrl":"https:\/\/naturalpoland.com\/wp-content\/uploads\/2021\/05\/natural-poland-icon.png","width":512,"height":512,"caption":"Natural Poland"},"image":{"@id":"https:\/\/naturalpoland.com\/fr\/#\/schema\/logo\/image\/"},"sameAs":["https:\/\/www.facebook.com\/naturalpoland.b2b","https:\/\/pl.linkedin.com\/company\/natural-poland","https:\/\/www.youtube.com\/channel\/UCgeGGkvOMahZo-xu_MSEWxg"]}]}},"_links":{"self":[{"href":"https:\/\/naturalpoland.com\/fr\/wp-json\/wp\/v2\/product\/42545","targetHints":{"allow":["GET"]}}],"collection":[{"href":"https:\/\/naturalpoland.com\/fr\/wp-json\/wp\/v2\/product"}],"about":[{"href":"https:\/\/naturalpoland.com\/fr\/wp-json\/wp\/v2\/types\/product"}],"wp:featuredmedia":[{"embeddable":true,"href":"https:\/\/naturalpoland.com\/fr\/wp-json\/wp\/v2\/media\/42087"}],"wp:attachment":[{"href":"https:\/\/naturalpoland.com\/fr\/wp-json\/wp\/v2\/media?parent=42545"}],"wp:term":[{"taxonomy":"product_brand","embeddable":true,"href":"https:\/\/naturalpoland.com\/fr\/wp-json\/wp\/v2\/product_brand?post=42545"},{"taxonomy":"product_cat","embeddable":true,"href":"https:\/\/naturalpoland.com\/fr\/wp-json\/wp\/v2\/product_cat?post=42545"},{"taxonomy":"product_tag","embeddable":true,"href":"https:\/\/naturalpoland.com\/fr\/wp-json\/wp\/v2\/product_tag?post=42545"}],"curies":[{"name":"wp","href":"https:\/\/api.w.org\/{rel}","templated":true}]}}