{"id":42604,"date":"2025-08-07T14:37:27","date_gmt":"2025-08-07T12:37:27","guid":{"rendered":"https:\/\/naturalpoland.com\/produkty\/non%20class\u00e9\/matieres-premieres-vegetales-pour-chevaux\/"},"modified":"2025-08-07T14:37:29","modified_gmt":"2025-08-07T12:37:29","slug":"matieres-premieres-vegetales-pour-chevaux","status":"publish","type":"product","link":"https:\/\/naturalpoland.com\/fr\/produkty\/produits-pour-lalimentation-animale\/matieres-premieres-vegetales-pour-chevaux\/","title":{"rendered":"Mati\u00e8res premi\u00e8res v\u00e9g\u00e9tales pour chevaux"},"content":{"rendered":"<h2>L\u00e9gumes s\u00e9ch\u00e9s :<\/h2>\n<div class=\"row\"  id=\"row-1643467400\">\n\n\t<div id=\"col-412173944\" class=\"col medium-1\/2 large-6\"  >\n\t\t\t\t<div class=\"col-inner\"  >\n\t\t\t\n\t\t\t\n<ul>\n<li>Flocons de haricots<\/li>\n<li>Flocons de brocolis et de petits pois<\/li>\n<li>Tranches de concombre<\/li>\n<li>Gousses de caroube<\/li>\n<li>D\u00e9s de carotte 10x10x2 mm<\/li>\n<li>Tranches de carotte<\/li>\n<li>D\u00e9s de pomme de terre<\/li>\n<li>Flocons de pomme de terre<\/li>\n<li>Flocons de potiron<\/li>\n<li>Flocons de poireau<\/li>\n<li>Poivron rouge<\/li>\n<\/ul>\n\t\t<\/div>\n\t\t\t\t\t<\/div>\n\n\t\n\n\t<div id=\"col-720845946\" class=\"col medium-1\/2 large-6\"  >\n\t\t\t\t<div class=\"col-inner\"  >\n\t\t\t\n\t\t\t\n<ul>\n<li>Poivron vert<\/li>\n<li>Panais<\/li>\n<li>Racine de persil 10x10x3 mm<\/li>\n<li>Betterave<\/li>\n<li>Flocons de c\u00e9leri<\/li>\n<li>Patate douce<\/li>\n<li>Flocons de tomate<\/li>\n<li>Topinambour<\/li>\n<li>Flocons de chou<\/li>\n<li>Tranches de courgette<\/li>\n<li>D\u00e9s de courgette<\/li>\n<\/ul>\n\t\t<\/div>\n\t\t\t\t\t<\/div>\n\n\t\n<\/div>\n<h2>Fruits s\u00e9ch\u00e9s et lyophilis\u00e9s<\/h2>\n<div class=\"row\"  id=\"row-1713957704\">\n\n\t<div id=\"col-997175925\" class=\"col medium-1\/2 large-6\"  >\n\t\t\t\t<div class=\"col-inner\"  >\n\t\t\t\n\t\t\t\n<ul>\n<li>Chips de pomme, 1\/4 de tranche<\/li>\n<li>D\u00e9s de pomme 10&#215;10 mm<\/li>\n<li>Chips de pomme bris\u00e9es<\/li>\n<li>D\u00e9s d&rsquo;ananas<\/li>\n<li>Chips de banane (bris\u00e9es, sans sucre)<\/li>\n<li>Chips de banane (enti\u00e8res, sans sucre)<\/li>\n<li>D\u00e9s de poire<\/li>\n<li>Fraises lyophilis\u00e9es<\/li>\n<\/ul>\n\t\t<\/div>\n\t\t\t\t\t<\/div>\n\n\t\n\n\t<div id=\"col-1422764247\" class=\"col medium-1\/2 large-6\"  >\n\t\t\t\t<div class=\"col-inner\"  >\n\t\t\t\n\t\t\t\n<ul>\n<li>\u00c9glantier<\/li>\n<li>\u00c9corces d&rsquo;\u00e9glantier<\/li>\n<li>Poudre d&rsquo;\u00e9corces d&rsquo;\u00e9glantier<\/li>\n<li>Framboises lyophilis\u00e9es<\/li>\n<li>Chips de coco<\/li>\n<li>Farine de coco<\/li>\n<li>D\u00e9s de mangue<\/li>\n<li>D\u00e9s de papaye<\/li>\n<\/ul>\n\t\t<\/div>\n\t\t\t\t\t<\/div>\n\n\t\n<\/div>\n<h2>Baies et fruits<\/h2>\n<div class=\"row\"  id=\"row-712831586\">\n\n\t<div id=\"col-2057983107\" class=\"col medium-1\/2 large-6\"  >\n\t\t\t\t<div class=\"col-inner\"  >\n\t\t\t\n\t\t\t\n<ul>\n<li>Baies d&rsquo;aronia<\/li>\n<li>Sorbier<\/li>\n<li>Cassis<\/li>\n<li>Baies de goji<\/li>\n<\/ul>\n\t\t<\/div>\n\t\t\t\t\t<\/div>\n\n\t\n\n\t<div id=\"col-424604885\" class=\"col medium-1\/2 large-6\"  >\n\t\t\t\t<div class=\"col-inner\"  >\n\t\t\t\n\t\t\t\n<ul>\n<li>Canneberge<\/li>\n<li>Baies de gen\u00e9vrier<\/li>\n<li>Fruits d&rsquo;aub\u00e9pine<\/li>\n<li>Fruits de sureau noir<\/li>\n<\/ul>\n\t\t<\/div>\n\t\t\t\t\t<\/div>\n\n\t\n<\/div>\n<h2>Herbes<\/h2>\n<div class=\"row\"  id=\"row-1674722167\">\n\n\t<div id=\"col-1547228386\" class=\"col medium-1\/3 large-4\"  >\n\t\t\t\t<div class=\"col-inner\"  >\n\t\t\t\n\t\t\t\n<ul>\n<li>Luzerne<\/li>\n<li>Feuilles de pommier<\/li>\n<li>Feuilles d&rsquo;abricotier<\/li>\n<li>Feuilles d&rsquo;artichaut (coup\u00e9es)<\/li>\n<li>Feuilles de bouleau<\/li>\n<li>Feuilles de poirier<\/li>\n<li>Plantain commun<\/li>\n<li>Feuilles d&rsquo;ortie<\/li>\n<li>Feuilles de ronce<\/li>\n<li>Tiges d&rsquo;aneth<\/li>\n<li>Feuilles d&rsquo;eucalyptus<\/li>\n<li>Feuilles d&rsquo;eucalyptus (coup\u00e9es)<\/li>\n<li>Aiguilles d&rsquo;\u00e9pic\u00e9a<\/li>\n<li>Feuilles de ginkgo biloba<\/li>\n<li>Verge d&rsquo;or (coup\u00e9e)<\/li>\n<li>\u00c9peautre vert<\/li>\n<li>Avoine verte<\/li>\n<li>Bl\u00e9 vert<\/li>\n<li>Feuilles de noisetier<\/li>\n<li>Feuilles de framboisier<\/li>\n<\/ul>\n\t\t<\/div>\n\t\t\t\t\t<\/div>\n\n\t\n\n\t<div id=\"col-1125842828\" class=\"col medium-1\/3 large-4\"  >\n\t\t\t\t<div class=\"col-inner\"  >\n\t\t\t\n\t\t\t\n<ul>\n<li>Feuilles de tussilage<\/li>\n<li>Feuilles de tussilage (coup\u00e9es)<\/li>\n<li>Lichen d&rsquo;Islande<\/li>\n<li>Lichen d&rsquo;Islande (coup\u00e9)<\/li>\n<li>Feuilles de cassissier<\/li>\n<li>Tiges de ciboulette<\/li>\n<li>Feuilles de cerisier<\/li>\n<li>Gaillet (coup\u00e9)<\/li>\n<li>Tiges de coriandre<\/li>\n<li>Feuilles de tilleul<\/li>\n<li>Feuilles de pissenlit \u2013 1re classe <\/li>\n<li>Feuilles de pissenlit (cultiv\u00e9es)<\/li>\n<li>Feuilles de pissenlit (coup\u00e9es)<\/li>\n<li>Reine-des-pr\u00e9s (coup\u00e9e)<\/li>\n<li>Chardon-Marie<\/li>\n<li>Feuilles de m\u00fbrier<\/li>\n<li>M\u00e9lisse<\/li>\n<li>Feuilles de menthe poivr\u00e9e<\/li>\n<li>Feuilles de p\u00eacher<\/li>\n<\/ul>\n\t\t<\/div>\n\t\t\t\t\t<\/div>\n\n\t\n\n\t<div id=\"col-1938108144\" class=\"col medium-1\/3 large-4\"  >\n\t\t\t\t<div class=\"col-inner\"  >\n\t\t\t\n\t\t\t\n<ul>\n<li>Feuilles de prunier<\/li>\n<li>Tiges de persil<\/li>\n<li>Tiges de tr\u00e8fle rouge<\/li>\n<li>Feuilles de sauge<\/li>\n<li>Feuilles de sauge (coup\u00e9es)<\/li>\n<li>Achill\u00e9e millefeuille (coup\u00e9e)<\/li>\n<li>Tiges de c\u00e9leri<\/li>\n<li>\u00c9chinac\u00e9e<\/li>\n<li>Feuilles d&rsquo;\u00e9chinac\u00e9e<\/li>\n<li>Feuilles d&rsquo;\u00e9pinard<\/li>\n<li>Poudre d&rsquo;\u00e9pinard<\/li>\n<li>Tiges d&rsquo;\u00e9pinard<\/li>\n<li>Plantain lanc\u00e9ol\u00e9<\/li>\n<li>Menthe de jardin<\/li>\n<li>Thym (\u00e9miett\u00e9)<\/li>\n<li>Feuilles de noyer<\/li>\n<li>Feuilles et fleurs d&rsquo;aub\u00e9pine<\/li>\n<li>Feuilles et fleurs d&rsquo;aub\u00e9pine (coup\u00e9es)<\/li>\n<li>Pr\u00eale des champs<\/li>\n<\/ul>\n\t\t<\/div>\n\t\t\t\t\t<\/div>\n\n\t\n<\/div>\n<h2>Racines<\/h2>\n<div class=\"row\"  id=\"row-1566018687\">\n\n\t<div id=\"col-1762901223\" class=\"col medium-1\/2 large-6\"  >\n\t\t\t\t<div class=\"col-inner\"  >\n\t\t\t\n\t\t\t\n<ul>\n<li>Racine de val\u00e9riane (coup\u00e9e)<\/li>\n<li>Racine de guimauve (coup\u00e9e)<\/li>\n<li>Racine de bardane<\/li>\n<li>Racine de bardane (coup\u00e9e)<\/li>\n<li>Racine de pissenlit<\/li>\n<\/ul>\n\t\t<\/div>\n\t\t\t\t\t<\/div>\n\n\t\n\n\t<div id=\"col-1657953147\" class=\"col medium-1\/2 large-6\"  >\n\t\t\t\t<div class=\"col-inner\"  >\n\t\t\t\n\t\t\t\n<ul>\n<li>Poudre de racine de r\u00e9glisse<\/li>\n<li>Racine de r\u00e9glisse (coup\u00e9e)<\/li>\n<li>Griffe du diable (coup\u00e9e)<\/li>\n<li>Chicor\u00e9e (coup\u00e9e)<\/li>\n<li>\u00c9corce de saule (coup\u00e9e)<\/li>\n<\/ul>\n\t\t<\/div>\n\t\t\t\t\t<\/div>\n\n\t\n<\/div>\n<h2>Mati\u00e8res premi\u00e8res en poudre<\/h2>\n<div class=\"row\"  id=\"row-303627027\">\n\n\t<div id=\"col-1566068829\" class=\"col medium-1\/2 large-6\"  >\n\t\t\t\t<div class=\"col-inner\"  >\n\t\t\t\n\t\t\t\n<ul>\n<li>Spiruline<\/li>\n<li>Farine d&rsquo;Ascophyllum (algues)<\/li>\n<\/ul>\n\t\t<\/div>\n\t\t\t\t\t<\/div>\n\n\t\n\n\t<div id=\"col-1154791120\" class=\"col medium-1\/2 large-6\"  >\n\t\t\t\t<div class=\"col-inner\"  >\n\t\t\t\n\t\t\t\n<ul>\n<li>Poudre MSM<\/li>\n<li>Farine d&rsquo;\u0153ufs (coquilles)<\/li>\n<\/ul>\n\t\t<\/div>\n\t\t\t\t\t<\/div>\n\n\t\n<\/div>\n<h2>Huiles<\/h2>\n<ul>\n<li>Huile de lin<\/li>\n<li>Huile de chanvre<\/li>\n<li>Huile de nigelle<\/li>\n<\/ul>\n","protected":false},"excerpt":{"rendered":"<p>Les ingr\u00e9dients d&rsquo;origine naturelle sont utilis\u00e9s comme additifs alimentaires, composants de m\u00e9langes \u00e0 base de plantes et soutiens naturels pour la sant\u00e9 et la condition physique des animaux. Notre offre s&rsquo;adresse aussi bien aux \u00e9leveurs de chevaux de sport, de loisir qu&rsquo;aux chevaux \u00e2g\u00e9s ou n\u00e9cessitant une alimentation sp\u00e9ciale. <\/p>\n","protected":false},"featured_media":42101,"template":"","meta":{"_acf_changed":false},"product_brand":[],"product_cat":[2510],"product_tag":[],"class_list":{"0":"post-42604","1":"product","2":"type-product","3":"status-publish","4":"has-post-thumbnail","6":"product_cat-produits-pour-lalimentation-animale","8":"first","9":"instock","10":"shipping-taxable","11":"product-type-simple"},"acf":[],"yoast_head":"<!-- This site is optimized with the Yoast SEO plugin v27.5 - https:\/\/yoast.com\/product\/yoast-seo-wordpress\/ -->\n<title>Mati\u00e8res premi\u00e8res v\u00e9g\u00e9tales pour chevaux - Distributeur en gros<\/title>\n<meta name=\"description\" content=\"Mati\u00e8res premi\u00e8res v\u00e9g\u00e9tales pour chevaux : additifs alimentaires, m\u00e9langes de plantes et soutiens naturels de sant\u00e9.\" \/>\n<meta name=\"robots\" content=\"index, follow, max-snippet:-1, max-image-preview:large, max-video-preview:-1\" \/>\n<link rel=\"canonical\" href=\"https:\/\/naturalpoland.com\/fr\/produkty\/produits-pour-lalimentation-animale\/matieres-premieres-vegetales-pour-chevaux\/\" \/>\n<meta property=\"og:locale\" content=\"fr_FR\" \/>\n<meta property=\"og:type\" content=\"article\" \/>\n<meta property=\"og:title\" content=\"Mati\u00e8res premi\u00e8res v\u00e9g\u00e9tales pour chevaux - Distributeur en gros\" \/>\n<meta property=\"og:description\" content=\"Mati\u00e8res premi\u00e8res v\u00e9g\u00e9tales pour chevaux : additifs alimentaires, m\u00e9langes de plantes et soutiens naturels de sant\u00e9.\" \/>\n<meta property=\"og:url\" content=\"https:\/\/naturalpoland.com\/fr\/produkty\/produits-pour-lalimentation-animale\/matieres-premieres-vegetales-pour-chevaux\/\" \/>\n<meta property=\"og:site_name\" content=\"NATURAL POLAND - Distributeur de mati\u00e8res premi\u00e8res en gros\" \/>\n<meta property=\"article:publisher\" content=\"https:\/\/www.facebook.com\/naturalpoland.b2b\" \/>\n<meta property=\"article:modified_time\" content=\"2025-08-07T12:37:29+00:00\" \/>\n<meta property=\"og:image\" content=\"https:\/\/naturalpoland.com\/wp-content\/uploads\/surowce-roslinne-dla-koni.webp\" \/>\n\t<meta property=\"og:image:width\" content=\"1024\" \/>\n\t<meta property=\"og:image:height\" content=\"1024\" \/>\n\t<meta property=\"og:image:type\" content=\"image\/webp\" \/>\n<script type=\"application\/ld+json\" class=\"yoast-schema-graph\">{\"@context\":\"https:\\\/\\\/schema.org\",\"@graph\":[{\"@type\":\"WebPage\",\"@id\":\"https:\\\/\\\/naturalpoland.com\\\/fr\\\/produkty\\\/produits-pour-lalimentation-animale\\\/matieres-premieres-vegetales-pour-chevaux\\\/\",\"url\":\"https:\\\/\\\/naturalpoland.com\\\/fr\\\/produkty\\\/produits-pour-lalimentation-animale\\\/matieres-premieres-vegetales-pour-chevaux\\\/\",\"name\":\"Mati\u00e8res premi\u00e8res v\u00e9g\u00e9tales pour chevaux - Distributeur en gros\",\"isPartOf\":{\"@id\":\"https:\\\/\\\/naturalpoland.com\\\/fr\\\/#website\"},\"primaryImageOfPage\":{\"@id\":\"https:\\\/\\\/naturalpoland.com\\\/fr\\\/produkty\\\/produits-pour-lalimentation-animale\\\/matieres-premieres-vegetales-pour-chevaux\\\/#primaryimage\"},\"image\":{\"@id\":\"https:\\\/\\\/naturalpoland.com\\\/fr\\\/produkty\\\/produits-pour-lalimentation-animale\\\/matieres-premieres-vegetales-pour-chevaux\\\/#primaryimage\"},\"thumbnailUrl\":\"https:\\\/\\\/naturalpoland.com\\\/wp-content\\\/uploads\\\/surowce-roslinne-dla-koni.webp\",\"datePublished\":\"2025-08-07T12:37:27+00:00\",\"dateModified\":\"2025-08-07T12:37:29+00:00\",\"description\":\"Mati\u00e8res premi\u00e8res v\u00e9g\u00e9tales pour chevaux : additifs alimentaires, m\u00e9langes de plantes et soutiens naturels de sant\u00e9.\",\"breadcrumb\":{\"@id\":\"https:\\\/\\\/naturalpoland.com\\\/fr\\\/produkty\\\/produits-pour-lalimentation-animale\\\/matieres-premieres-vegetales-pour-chevaux\\\/#breadcrumb\"},\"inLanguage\":\"fr-FR\",\"potentialAction\":[{\"@type\":\"ReadAction\",\"target\":[\"https:\\\/\\\/naturalpoland.com\\\/fr\\\/produkty\\\/produits-pour-lalimentation-animale\\\/matieres-premieres-vegetales-pour-chevaux\\\/\"]}]},{\"@type\":\"ImageObject\",\"inLanguage\":\"fr-FR\",\"@id\":\"https:\\\/\\\/naturalpoland.com\\\/fr\\\/produkty\\\/produits-pour-lalimentation-animale\\\/matieres-premieres-vegetales-pour-chevaux\\\/#primaryimage\",\"url\":\"https:\\\/\\\/naturalpoland.com\\\/wp-content\\\/uploads\\\/surowce-roslinne-dla-koni.webp\",\"contentUrl\":\"https:\\\/\\\/naturalpoland.com\\\/wp-content\\\/uploads\\\/surowce-roslinne-dla-koni.webp\",\"width\":1024,\"height\":1024,\"caption\":\"surowce ro\u015blinne dla koni\"},{\"@type\":\"BreadcrumbList\",\"@id\":\"https:\\\/\\\/naturalpoland.com\\\/fr\\\/produkty\\\/produits-pour-lalimentation-animale\\\/matieres-premieres-vegetales-pour-chevaux\\\/#breadcrumb\",\"itemListElement\":[{\"@type\":\"ListItem\",\"position\":1,\"name\":\"Accueil\",\"item\":\"https:\\\/\\\/naturalpoland.com\\\/fr\\\/\"},{\"@type\":\"ListItem\",\"position\":2,\"name\":\"Produits\",\"item\":\"https:\\\/\\\/naturalpoland.com\\\/fr\\\/produits\\\/\"},{\"@type\":\"ListItem\",\"position\":3,\"name\":\"Mati\u00e8res premi\u00e8res v\u00e9g\u00e9tales pour chevaux\"}]},{\"@type\":\"WebSite\",\"@id\":\"https:\\\/\\\/naturalpoland.com\\\/fr\\\/#website\",\"url\":\"https:\\\/\\\/naturalpoland.com\\\/fr\\\/\",\"name\":\"NATURAL POLAND - Distributeur de mati\u00e8res premi\u00e8res en gros\",\"description\":\"Surowce dla przemys\u0142u spo\u017cywczego, kosmetycznego i farmaceutycznego\",\"publisher\":{\"@id\":\"https:\\\/\\\/naturalpoland.com\\\/fr\\\/#organization\"},\"potentialAction\":[{\"@type\":\"SearchAction\",\"target\":{\"@type\":\"EntryPoint\",\"urlTemplate\":\"https:\\\/\\\/naturalpoland.com\\\/fr\\\/?s={search_term_string}\"},\"query-input\":{\"@type\":\"PropertyValueSpecification\",\"valueRequired\":true,\"valueName\":\"search_term_string\"}}],\"inLanguage\":\"fr-FR\"},{\"@type\":\"Organization\",\"@id\":\"https:\\\/\\\/naturalpoland.com\\\/fr\\\/#organization\",\"name\":\"Natural Poland\",\"url\":\"https:\\\/\\\/naturalpoland.com\\\/fr\\\/\",\"logo\":{\"@type\":\"ImageObject\",\"inLanguage\":\"fr-FR\",\"@id\":\"https:\\\/\\\/naturalpoland.com\\\/fr\\\/#\\\/schema\\\/logo\\\/image\\\/\",\"url\":\"https:\\\/\\\/naturalpoland.com\\\/wp-content\\\/uploads\\\/2021\\\/05\\\/natural-poland-icon.png\",\"contentUrl\":\"https:\\\/\\\/naturalpoland.com\\\/wp-content\\\/uploads\\\/2021\\\/05\\\/natural-poland-icon.png\",\"width\":512,\"height\":512,\"caption\":\"Natural Poland\"},\"image\":{\"@id\":\"https:\\\/\\\/naturalpoland.com\\\/fr\\\/#\\\/schema\\\/logo\\\/image\\\/\"},\"sameAs\":[\"https:\\\/\\\/www.facebook.com\\\/naturalpoland.b2b\",\"https:\\\/\\\/pl.linkedin.com\\\/company\\\/natural-poland\",\"https:\\\/\\\/www.youtube.com\\\/channel\\\/UCgeGGkvOMahZo-xu_MSEWxg\"]}]}<\/script>\n<!-- \/ Yoast SEO plugin. -->","yoast_head_json":{"title":"Mati\u00e8res premi\u00e8res v\u00e9g\u00e9tales pour chevaux - Distributeur en gros","description":"Mati\u00e8res premi\u00e8res v\u00e9g\u00e9tales pour chevaux : additifs alimentaires, m\u00e9langes de plantes et soutiens naturels de sant\u00e9.","robots":{"index":"index","follow":"follow","max-snippet":"max-snippet:-1","max-image-preview":"max-image-preview:large","max-video-preview":"max-video-preview:-1"},"canonical":"https:\/\/naturalpoland.com\/fr\/produkty\/produits-pour-lalimentation-animale\/matieres-premieres-vegetales-pour-chevaux\/","og_locale":"fr_FR","og_type":"article","og_title":"Mati\u00e8res premi\u00e8res v\u00e9g\u00e9tales pour chevaux - Distributeur en gros","og_description":"Mati\u00e8res premi\u00e8res v\u00e9g\u00e9tales pour chevaux : additifs alimentaires, m\u00e9langes de plantes et soutiens naturels de sant\u00e9.","og_url":"https:\/\/naturalpoland.com\/fr\/produkty\/produits-pour-lalimentation-animale\/matieres-premieres-vegetales-pour-chevaux\/","og_site_name":"NATURAL POLAND - Distributeur de mati\u00e8res premi\u00e8res en gros","article_publisher":"https:\/\/www.facebook.com\/naturalpoland.b2b","article_modified_time":"2025-08-07T12:37:29+00:00","og_image":[{"width":1024,"height":1024,"url":"https:\/\/naturalpoland.com\/wp-content\/uploads\/surowce-roslinne-dla-koni.webp","type":"image\/webp"}],"schema":{"@context":"https:\/\/schema.org","@graph":[{"@type":"WebPage","@id":"https:\/\/naturalpoland.com\/fr\/produkty\/produits-pour-lalimentation-animale\/matieres-premieres-vegetales-pour-chevaux\/","url":"https:\/\/naturalpoland.com\/fr\/produkty\/produits-pour-lalimentation-animale\/matieres-premieres-vegetales-pour-chevaux\/","name":"Mati\u00e8res premi\u00e8res v\u00e9g\u00e9tales pour chevaux - Distributeur en gros","isPartOf":{"@id":"https:\/\/naturalpoland.com\/fr\/#website"},"primaryImageOfPage":{"@id":"https:\/\/naturalpoland.com\/fr\/produkty\/produits-pour-lalimentation-animale\/matieres-premieres-vegetales-pour-chevaux\/#primaryimage"},"image":{"@id":"https:\/\/naturalpoland.com\/fr\/produkty\/produits-pour-lalimentation-animale\/matieres-premieres-vegetales-pour-chevaux\/#primaryimage"},"thumbnailUrl":"https:\/\/naturalpoland.com\/wp-content\/uploads\/surowce-roslinne-dla-koni.webp","datePublished":"2025-08-07T12:37:27+00:00","dateModified":"2025-08-07T12:37:29+00:00","description":"Mati\u00e8res premi\u00e8res v\u00e9g\u00e9tales pour chevaux : additifs alimentaires, m\u00e9langes de plantes et soutiens naturels de sant\u00e9.","breadcrumb":{"@id":"https:\/\/naturalpoland.com\/fr\/produkty\/produits-pour-lalimentation-animale\/matieres-premieres-vegetales-pour-chevaux\/#breadcrumb"},"inLanguage":"fr-FR","potentialAction":[{"@type":"ReadAction","target":["https:\/\/naturalpoland.com\/fr\/produkty\/produits-pour-lalimentation-animale\/matieres-premieres-vegetales-pour-chevaux\/"]}]},{"@type":"ImageObject","inLanguage":"fr-FR","@id":"https:\/\/naturalpoland.com\/fr\/produkty\/produits-pour-lalimentation-animale\/matieres-premieres-vegetales-pour-chevaux\/#primaryimage","url":"https:\/\/naturalpoland.com\/wp-content\/uploads\/surowce-roslinne-dla-koni.webp","contentUrl":"https:\/\/naturalpoland.com\/wp-content\/uploads\/surowce-roslinne-dla-koni.webp","width":1024,"height":1024,"caption":"surowce ro\u015blinne dla koni"},{"@type":"BreadcrumbList","@id":"https:\/\/naturalpoland.com\/fr\/produkty\/produits-pour-lalimentation-animale\/matieres-premieres-vegetales-pour-chevaux\/#breadcrumb","itemListElement":[{"@type":"ListItem","position":1,"name":"Accueil","item":"https:\/\/naturalpoland.com\/fr\/"},{"@type":"ListItem","position":2,"name":"Produits","item":"https:\/\/naturalpoland.com\/fr\/produits\/"},{"@type":"ListItem","position":3,"name":"Mati\u00e8res premi\u00e8res v\u00e9g\u00e9tales pour chevaux"}]},{"@type":"WebSite","@id":"https:\/\/naturalpoland.com\/fr\/#website","url":"https:\/\/naturalpoland.com\/fr\/","name":"NATURAL POLAND - Distributeur de mati\u00e8res premi\u00e8res en gros","description":"Surowce dla przemys\u0142u spo\u017cywczego, kosmetycznego i farmaceutycznego","publisher":{"@id":"https:\/\/naturalpoland.com\/fr\/#organization"},"potentialAction":[{"@type":"SearchAction","target":{"@type":"EntryPoint","urlTemplate":"https:\/\/naturalpoland.com\/fr\/?s={search_term_string}"},"query-input":{"@type":"PropertyValueSpecification","valueRequired":true,"valueName":"search_term_string"}}],"inLanguage":"fr-FR"},{"@type":"Organization","@id":"https:\/\/naturalpoland.com\/fr\/#organization","name":"Natural Poland","url":"https:\/\/naturalpoland.com\/fr\/","logo":{"@type":"ImageObject","inLanguage":"fr-FR","@id":"https:\/\/naturalpoland.com\/fr\/#\/schema\/logo\/image\/","url":"https:\/\/naturalpoland.com\/wp-content\/uploads\/2021\/05\/natural-poland-icon.png","contentUrl":"https:\/\/naturalpoland.com\/wp-content\/uploads\/2021\/05\/natural-poland-icon.png","width":512,"height":512,"caption":"Natural Poland"},"image":{"@id":"https:\/\/naturalpoland.com\/fr\/#\/schema\/logo\/image\/"},"sameAs":["https:\/\/www.facebook.com\/naturalpoland.b2b","https:\/\/pl.linkedin.com\/company\/natural-poland","https:\/\/www.youtube.com\/channel\/UCgeGGkvOMahZo-xu_MSEWxg"]}]}},"_links":{"self":[{"href":"https:\/\/naturalpoland.com\/fr\/wp-json\/wp\/v2\/product\/42604","targetHints":{"allow":["GET"]}}],"collection":[{"href":"https:\/\/naturalpoland.com\/fr\/wp-json\/wp\/v2\/product"}],"about":[{"href":"https:\/\/naturalpoland.com\/fr\/wp-json\/wp\/v2\/types\/product"}],"wp:featuredmedia":[{"embeddable":true,"href":"https:\/\/naturalpoland.com\/fr\/wp-json\/wp\/v2\/media\/42101"}],"wp:attachment":[{"href":"https:\/\/naturalpoland.com\/fr\/wp-json\/wp\/v2\/media?parent=42604"}],"wp:term":[{"taxonomy":"product_brand","embeddable":true,"href":"https:\/\/naturalpoland.com\/fr\/wp-json\/wp\/v2\/product_brand?post=42604"},{"taxonomy":"product_cat","embeddable":true,"href":"https:\/\/naturalpoland.com\/fr\/wp-json\/wp\/v2\/product_cat?post=42604"},{"taxonomy":"product_tag","embeddable":true,"href":"https:\/\/naturalpoland.com\/fr\/wp-json\/wp\/v2\/product_tag?post=42604"}],"curies":[{"name":"wp","href":"https:\/\/api.w.org\/{rel}","templated":true}]}}