{"id":45034,"date":"2026-01-15T13:07:17","date_gmt":"2026-01-15T12:07:17","guid":{"rendered":"https:\/\/naturalpoland.com\/produkty\/non class\u00e9\/extrait-de-graines-damarante\/"},"modified":"2026-01-15T13:21:14","modified_gmt":"2026-01-15T12:21:14","slug":"extrait-de-graines-damarante","status":"publish","type":"product","link":"https:\/\/naturalpoland.com\/fr\/produkty\/extraits-de-plantes\/extrait-de-graines-damarante\/","title":{"rendered":"Extrait de graines d&rsquo;amarante"},"content":{"rendered":"<h2>Caract\u00e9ristiques de l&rsquo;extrait<\/h2>\n<p>L&rsquo;extraction supercritique (SFE) d\u00e9signe un proc\u00e9d\u00e9 d&rsquo;obtention de la fraction lipidique de mani\u00e8re cibl\u00e9e pour pr\u00e9server les composants sensibles \u00e0 la temp\u00e9rature et \u00e0 l&rsquo;oxydation, tout en limitant les r\u00e9sidus de solvants. La mati\u00e8re premi\u00e8re a une odeur huileuse caract\u00e9ristique, est insoluble dans l&rsquo;eau et destin\u00e9e aux applications dans des formulations o\u00f9 comptent le confort sensoriel, le soutien de la barri\u00e8re \u00e9pidermique et la protection antioxydante. <\/p>\n<p>La caract\u00e9ristique la plus importante de cette huile est la <strong>teneur en squal\u00e8ne<\/strong> (CAS 111-02-4) au niveau de 6,03 % (sp\u00e9cification : &gt;6 %). Le squal\u00e8ne est un composant lipidique naturel, physiologiquement compatible, pr\u00e9sent notamment dans le s\u00e9bum, appr\u00e9ci\u00e9 en cosm\u00e9tique pour son influence sur la douceur, l&rsquo;\u00e9lasticit\u00e9 et la sensation d&rsquo;hydratation de la peau. Dans le cas de l&rsquo;huile d&rsquo;amarante, le squal\u00e8ne coexiste avec la fraction d&rsquo;acides gras et les tocoph\u00e9rols.   <\/p>\n<h2>Propri\u00e9t\u00e9s et action de l&rsquo;extrait de graines d&rsquo;amarante<\/h2>\n<p>Le profil lipidique de l&rsquo;extrait indique une forte teneur en acides gras insatur\u00e9s, en particulier l&rsquo;<strong>acide linol\u00e9ique (48,73 %)<\/strong> et l&rsquo;<strong>acide ol\u00e9ique (25,36 %)<\/strong>, avec une participation simultan\u00e9e de fractions satur\u00e9es, telles que l&rsquo;<strong>acide palmitique (19,62 %)<\/strong> et <strong>st\u00e9arique (3,45 %)<\/strong>. Cette composition favorise la construction d&rsquo;une phase huileuse agr\u00e9able et \u00ab nourrissante \u00bb : l&rsquo;acide linol\u00e9ique est typiquement associ\u00e9 au soin des peaux n\u00e9cessitant un renforcement de la couche lipidique et une am\u00e9lioration du confort, tandis que la fraction ol\u00e9ique apporte \u00e9lasticit\u00e9 et bonnes propri\u00e9t\u00e9s d&rsquo;application. <\/p>\n<p>Simultan\u00e9ment, la mati\u00e8re premi\u00e8re se distingue par une <strong>forte teneur en tocoph\u00e9rols<\/strong> : \u03b1-tocoph\u00e9rol 759 ppm et \u03b3-tocoph\u00e9rol 413 ppm (avec des exigences respectives de &gt;500 ppm et &gt;100 ppm). Les tocoph\u00e9rols jouent un double r\u00f4le dans les formulations : d&rsquo;une part, ils sont des antioxydants naturels soutenant la protection des lipides contre l&rsquo;oxydation, d&rsquo;autre part, ils constituent un composant de soin qui s&rsquo;inscrit bien dans le concept de produits \u00ab antioxidant care \u00bb. <\/p>\n<p>En pratique technologique, l&rsquo;huile d&rsquo;amarante est souvent choisie pour des formulations qui doivent <strong>am\u00e9liorer la douceur et l&rsquo;\u00e9lasticit\u00e9 de la peau<\/strong>, renforcer la sensation d&rsquo;\u00ab hydratation lipidique \u00bb et am\u00e9liorer le confort des peaux s\u00e8ches ou p\u00e9riodiquement irrit\u00e9es.<\/p>\n<h2>Application de l&rsquo;extrait d&rsquo;amarante<\/h2>\n<p>En raison de sa forme huileuse et de son insolubilit\u00e9 dans l&rsquo;eau, l&rsquo;extrait d&rsquo;amarante convient comme composant de phase huileuse dans un large spectre de produits. C&rsquo;est un additif naturel pour les cr\u00e8mes et \u00e9mulsions de type H\/E et E\/H, les baumes corporels, les huiles de soin et s\u00e9rums huileux, ainsi que les formulations protectrices o\u00f9 l&rsquo;am\u00e9lioration du confort cutan\u00e9 et la r\u00e9duction de la sensation de s\u00e9cheresse comptent. Il convient bien aux cosm\u00e9tiques \u00ab premium lipid care \u00bb, car il combine en une seule fraction squal\u00e8ne, acides gras insatur\u00e9s et tocoph\u00e9rols.  <\/p>\n<p>Dans les formulations pour le visage, il peut constituer un \u00e9l\u00e9ment de phase huileuse construisant une sensation de douceur et de lissage, tandis que dans les produits corporels, il soutient l&rsquo;effet nourrissant et l&rsquo;am\u00e9lioration de l&rsquo;\u00e9lasticit\u00e9 cutan\u00e9e. En raison de son profil d&rsquo;acides gras, la mati\u00e8re premi\u00e8re peut \u00e9galement \u00eatre int\u00e9ressante dans les soins visant \u00e0 renforcer la couche lipidique de l&rsquo;\u00e9piderme (par exemple pour les peaux dess\u00e9ch\u00e9es ou n\u00e9cessitant une r\u00e9g\u00e9n\u00e9ration). <\/p>\n<p>&nbsp;<\/p>\n<p>Le produit n&rsquo;a pas de support et est stabilis\u00e9 par l&rsquo;ajout de 0,5 % d&rsquo;antioxydant naturel de romarin (E392). C&rsquo;est particuli\u00e8rement important pour les personnes concevant des formules bas\u00e9es sur un \u00ab clean label \u00bb et des syst\u00e8mes antioxydants naturels. <\/p>\n","protected":false},"excerpt":{"rendered":"<p>L&rsquo;<strong>extrait de graines d&rsquo;amarante<\/strong> (Amaranthus caudatus) est une huile v\u00e9g\u00e9tale dor\u00e9e obtenue \u00e0 partir de graines s\u00e8ches par m\u00e9thode d&rsquo;extraction supercritique (SFE).<\/p>\n","protected":false},"featured_media":45035,"template":"","meta":{"_acf_changed":false},"product_brand":[],"product_cat":[1293],"product_tag":[],"class_list":{"0":"post-45034","1":"product","2":"type-product","3":"status-publish","4":"has-post-thumbnail","6":"product_cat-extraits-de-plantes","7":"pa_czesc-rosliny-des-graines","9":"first","10":"instock","11":"shipping-taxable","12":"product-type-simple"},"acf":[],"yoast_head":"<!-- This site is optimized with the Yoast SEO plugin v27.4 - https:\/\/yoast.com\/product\/yoast-seo-wordpress\/ -->\n<title>Extrait de graines d&#039;amarante - Distributeur en gros<\/title>\n<meta name=\"description\" content=\"Huile d&#039;amarante riche en squal\u00e8ne et tocoph\u00e9rols. Huile dor\u00e9e pour formulations cosm\u00e9tiques soutenant l&#039;\u00e9lasticit\u00e9 et le confort de la peau.\" \/>\n<meta name=\"robots\" content=\"index, follow, max-snippet:-1, max-image-preview:large, max-video-preview:-1\" \/>\n<link rel=\"canonical\" href=\"https:\/\/naturalpoland.com\/fr\/produkty\/extraits-de-plantes\/extrait-de-graines-damarante\/\" \/>\n<meta property=\"og:locale\" content=\"fr_FR\" \/>\n<meta property=\"og:type\" content=\"article\" \/>\n<meta property=\"og:title\" content=\"Extrait de graines d&#039;amarante - Distributeur en gros\" \/>\n<meta property=\"og:description\" content=\"Huile d&#039;amarante riche en squal\u00e8ne et tocoph\u00e9rols. Huile dor\u00e9e pour formulations cosm\u00e9tiques soutenant l&#039;\u00e9lasticit\u00e9 et le confort de la peau.\" \/>\n<meta property=\"og:url\" content=\"https:\/\/naturalpoland.com\/fr\/produkty\/extraits-de-plantes\/extrait-de-graines-damarante\/\" \/>\n<meta property=\"og:site_name\" content=\"NATURAL POLAND - Distributeur de mati\u00e8res premi\u00e8res en gros\" \/>\n<meta property=\"article:publisher\" content=\"https:\/\/www.facebook.com\/naturalpoland.b2b\" \/>\n<meta property=\"article:modified_time\" content=\"2026-01-15T12:21:14+00:00\" \/>\n<meta property=\"og:image\" content=\"https:\/\/naturalpoland.com\/wp-content\/uploads\/ekstrakt-z-nasion-amarantu.webp\" \/>\n\t<meta property=\"og:image:width\" content=\"1024\" \/>\n\t<meta property=\"og:image:height\" content=\"1024\" \/>\n\t<meta property=\"og:image:type\" content=\"image\/webp\" \/>\n<script type=\"application\/ld+json\" class=\"yoast-schema-graph\">{\"@context\":\"https:\\\/\\\/schema.org\",\"@graph\":[{\"@type\":\"WebPage\",\"@id\":\"https:\\\/\\\/naturalpoland.com\\\/fr\\\/produkty\\\/extraits-de-plantes\\\/extrait-de-graines-damarante\\\/\",\"url\":\"https:\\\/\\\/naturalpoland.com\\\/fr\\\/produkty\\\/extraits-de-plantes\\\/extrait-de-graines-damarante\\\/\",\"name\":\"Extrait de graines d'amarante - Distributeur en gros\",\"isPartOf\":{\"@id\":\"https:\\\/\\\/naturalpoland.com\\\/fr\\\/#website\"},\"primaryImageOfPage\":{\"@id\":\"https:\\\/\\\/naturalpoland.com\\\/fr\\\/produkty\\\/extraits-de-plantes\\\/extrait-de-graines-damarante\\\/#primaryimage\"},\"image\":{\"@id\":\"https:\\\/\\\/naturalpoland.com\\\/fr\\\/produkty\\\/extraits-de-plantes\\\/extrait-de-graines-damarante\\\/#primaryimage\"},\"thumbnailUrl\":\"https:\\\/\\\/naturalpoland.com\\\/wp-content\\\/uploads\\\/ekstrakt-z-nasion-amarantu.webp\",\"datePublished\":\"2026-01-15T12:07:17+00:00\",\"dateModified\":\"2026-01-15T12:21:14+00:00\",\"description\":\"Huile d'amarante riche en squal\u00e8ne et tocoph\u00e9rols. Huile dor\u00e9e pour formulations cosm\u00e9tiques soutenant l'\u00e9lasticit\u00e9 et le confort de la peau.\",\"breadcrumb\":{\"@id\":\"https:\\\/\\\/naturalpoland.com\\\/fr\\\/produkty\\\/extraits-de-plantes\\\/extrait-de-graines-damarante\\\/#breadcrumb\"},\"inLanguage\":\"fr-FR\",\"potentialAction\":[{\"@type\":\"ReadAction\",\"target\":[\"https:\\\/\\\/naturalpoland.com\\\/fr\\\/produkty\\\/extraits-de-plantes\\\/extrait-de-graines-damarante\\\/\"]}]},{\"@type\":\"ImageObject\",\"inLanguage\":\"fr-FR\",\"@id\":\"https:\\\/\\\/naturalpoland.com\\\/fr\\\/produkty\\\/extraits-de-plantes\\\/extrait-de-graines-damarante\\\/#primaryimage\",\"url\":\"https:\\\/\\\/naturalpoland.com\\\/wp-content\\\/uploads\\\/ekstrakt-z-nasion-amarantu.webp\",\"contentUrl\":\"https:\\\/\\\/naturalpoland.com\\\/wp-content\\\/uploads\\\/ekstrakt-z-nasion-amarantu.webp\",\"width\":1024,\"height\":1024,\"caption\":\"extrait de graines d'amarante\"},{\"@type\":\"BreadcrumbList\",\"@id\":\"https:\\\/\\\/naturalpoland.com\\\/fr\\\/produkty\\\/extraits-de-plantes\\\/extrait-de-graines-damarante\\\/#breadcrumb\",\"itemListElement\":[{\"@type\":\"ListItem\",\"position\":1,\"name\":\"Accueil\",\"item\":\"https:\\\/\\\/naturalpoland.com\\\/fr\\\/\"},{\"@type\":\"ListItem\",\"position\":2,\"name\":\"Produits\",\"item\":\"https:\\\/\\\/naturalpoland.com\\\/fr\\\/produits\\\/\"},{\"@type\":\"ListItem\",\"position\":3,\"name\":\"Extrait de graines d&rsquo;amarante\"}]},{\"@type\":\"WebSite\",\"@id\":\"https:\\\/\\\/naturalpoland.com\\\/fr\\\/#website\",\"url\":\"https:\\\/\\\/naturalpoland.com\\\/fr\\\/\",\"name\":\"NATURAL POLAND - Distributeur de mati\u00e8res premi\u00e8res en gros\",\"description\":\"Surowce dla przemys\u0142u spo\u017cywczego, kosmetycznego i farmaceutycznego\",\"publisher\":{\"@id\":\"https:\\\/\\\/naturalpoland.com\\\/fr\\\/#organization\"},\"potentialAction\":[{\"@type\":\"SearchAction\",\"target\":{\"@type\":\"EntryPoint\",\"urlTemplate\":\"https:\\\/\\\/naturalpoland.com\\\/fr\\\/?s={search_term_string}\"},\"query-input\":{\"@type\":\"PropertyValueSpecification\",\"valueRequired\":true,\"valueName\":\"search_term_string\"}}],\"inLanguage\":\"fr-FR\"},{\"@type\":\"Organization\",\"@id\":\"https:\\\/\\\/naturalpoland.com\\\/fr\\\/#organization\",\"name\":\"Natural Poland\",\"url\":\"https:\\\/\\\/naturalpoland.com\\\/fr\\\/\",\"logo\":{\"@type\":\"ImageObject\",\"inLanguage\":\"fr-FR\",\"@id\":\"https:\\\/\\\/naturalpoland.com\\\/fr\\\/#\\\/schema\\\/logo\\\/image\\\/\",\"url\":\"https:\\\/\\\/naturalpoland.com\\\/wp-content\\\/uploads\\\/2021\\\/05\\\/natural-poland-icon.png\",\"contentUrl\":\"https:\\\/\\\/naturalpoland.com\\\/wp-content\\\/uploads\\\/2021\\\/05\\\/natural-poland-icon.png\",\"width\":512,\"height\":512,\"caption\":\"Natural Poland\"},\"image\":{\"@id\":\"https:\\\/\\\/naturalpoland.com\\\/fr\\\/#\\\/schema\\\/logo\\\/image\\\/\"},\"sameAs\":[\"https:\\\/\\\/www.facebook.com\\\/naturalpoland.b2b\",\"https:\\\/\\\/pl.linkedin.com\\\/company\\\/natural-poland\",\"https:\\\/\\\/www.youtube.com\\\/channel\\\/UCgeGGkvOMahZo-xu_MSEWxg\"]}]}<\/script>\n<!-- \/ Yoast SEO plugin. -->","yoast_head_json":{"title":"Extrait de graines d'amarante - Distributeur en gros","description":"Huile d'amarante riche en squal\u00e8ne et tocoph\u00e9rols. Huile dor\u00e9e pour formulations cosm\u00e9tiques soutenant l'\u00e9lasticit\u00e9 et le confort de la peau.","robots":{"index":"index","follow":"follow","max-snippet":"max-snippet:-1","max-image-preview":"max-image-preview:large","max-video-preview":"max-video-preview:-1"},"canonical":"https:\/\/naturalpoland.com\/fr\/produkty\/extraits-de-plantes\/extrait-de-graines-damarante\/","og_locale":"fr_FR","og_type":"article","og_title":"Extrait de graines d'amarante - Distributeur en gros","og_description":"Huile d'amarante riche en squal\u00e8ne et tocoph\u00e9rols. Huile dor\u00e9e pour formulations cosm\u00e9tiques soutenant l'\u00e9lasticit\u00e9 et le confort de la peau.","og_url":"https:\/\/naturalpoland.com\/fr\/produkty\/extraits-de-plantes\/extrait-de-graines-damarante\/","og_site_name":"NATURAL POLAND - Distributeur de mati\u00e8res premi\u00e8res en gros","article_publisher":"https:\/\/www.facebook.com\/naturalpoland.b2b","article_modified_time":"2026-01-15T12:21:14+00:00","og_image":[{"width":1024,"height":1024,"url":"https:\/\/naturalpoland.com\/wp-content\/uploads\/ekstrakt-z-nasion-amarantu.webp","type":"image\/webp"}],"schema":{"@context":"https:\/\/schema.org","@graph":[{"@type":"WebPage","@id":"https:\/\/naturalpoland.com\/fr\/produkty\/extraits-de-plantes\/extrait-de-graines-damarante\/","url":"https:\/\/naturalpoland.com\/fr\/produkty\/extraits-de-plantes\/extrait-de-graines-damarante\/","name":"Extrait de graines d'amarante - Distributeur en gros","isPartOf":{"@id":"https:\/\/naturalpoland.com\/fr\/#website"},"primaryImageOfPage":{"@id":"https:\/\/naturalpoland.com\/fr\/produkty\/extraits-de-plantes\/extrait-de-graines-damarante\/#primaryimage"},"image":{"@id":"https:\/\/naturalpoland.com\/fr\/produkty\/extraits-de-plantes\/extrait-de-graines-damarante\/#primaryimage"},"thumbnailUrl":"https:\/\/naturalpoland.com\/wp-content\/uploads\/ekstrakt-z-nasion-amarantu.webp","datePublished":"2026-01-15T12:07:17+00:00","dateModified":"2026-01-15T12:21:14+00:00","description":"Huile d'amarante riche en squal\u00e8ne et tocoph\u00e9rols. Huile dor\u00e9e pour formulations cosm\u00e9tiques soutenant l'\u00e9lasticit\u00e9 et le confort de la peau.","breadcrumb":{"@id":"https:\/\/naturalpoland.com\/fr\/produkty\/extraits-de-plantes\/extrait-de-graines-damarante\/#breadcrumb"},"inLanguage":"fr-FR","potentialAction":[{"@type":"ReadAction","target":["https:\/\/naturalpoland.com\/fr\/produkty\/extraits-de-plantes\/extrait-de-graines-damarante\/"]}]},{"@type":"ImageObject","inLanguage":"fr-FR","@id":"https:\/\/naturalpoland.com\/fr\/produkty\/extraits-de-plantes\/extrait-de-graines-damarante\/#primaryimage","url":"https:\/\/naturalpoland.com\/wp-content\/uploads\/ekstrakt-z-nasion-amarantu.webp","contentUrl":"https:\/\/naturalpoland.com\/wp-content\/uploads\/ekstrakt-z-nasion-amarantu.webp","width":1024,"height":1024,"caption":"extrait de graines d'amarante"},{"@type":"BreadcrumbList","@id":"https:\/\/naturalpoland.com\/fr\/produkty\/extraits-de-plantes\/extrait-de-graines-damarante\/#breadcrumb","itemListElement":[{"@type":"ListItem","position":1,"name":"Accueil","item":"https:\/\/naturalpoland.com\/fr\/"},{"@type":"ListItem","position":2,"name":"Produits","item":"https:\/\/naturalpoland.com\/fr\/produits\/"},{"@type":"ListItem","position":3,"name":"Extrait de graines d&rsquo;amarante"}]},{"@type":"WebSite","@id":"https:\/\/naturalpoland.com\/fr\/#website","url":"https:\/\/naturalpoland.com\/fr\/","name":"NATURAL POLAND - Distributeur de mati\u00e8res premi\u00e8res en gros","description":"Surowce dla przemys\u0142u spo\u017cywczego, kosmetycznego i farmaceutycznego","publisher":{"@id":"https:\/\/naturalpoland.com\/fr\/#organization"},"potentialAction":[{"@type":"SearchAction","target":{"@type":"EntryPoint","urlTemplate":"https:\/\/naturalpoland.com\/fr\/?s={search_term_string}"},"query-input":{"@type":"PropertyValueSpecification","valueRequired":true,"valueName":"search_term_string"}}],"inLanguage":"fr-FR"},{"@type":"Organization","@id":"https:\/\/naturalpoland.com\/fr\/#organization","name":"Natural Poland","url":"https:\/\/naturalpoland.com\/fr\/","logo":{"@type":"ImageObject","inLanguage":"fr-FR","@id":"https:\/\/naturalpoland.com\/fr\/#\/schema\/logo\/image\/","url":"https:\/\/naturalpoland.com\/wp-content\/uploads\/2021\/05\/natural-poland-icon.png","contentUrl":"https:\/\/naturalpoland.com\/wp-content\/uploads\/2021\/05\/natural-poland-icon.png","width":512,"height":512,"caption":"Natural Poland"},"image":{"@id":"https:\/\/naturalpoland.com\/fr\/#\/schema\/logo\/image\/"},"sameAs":["https:\/\/www.facebook.com\/naturalpoland.b2b","https:\/\/pl.linkedin.com\/company\/natural-poland","https:\/\/www.youtube.com\/channel\/UCgeGGkvOMahZo-xu_MSEWxg"]}]}},"_links":{"self":[{"href":"https:\/\/naturalpoland.com\/fr\/wp-json\/wp\/v2\/product\/45034","targetHints":{"allow":["GET"]}}],"collection":[{"href":"https:\/\/naturalpoland.com\/fr\/wp-json\/wp\/v2\/product"}],"about":[{"href":"https:\/\/naturalpoland.com\/fr\/wp-json\/wp\/v2\/types\/product"}],"wp:featuredmedia":[{"embeddable":true,"href":"https:\/\/naturalpoland.com\/fr\/wp-json\/wp\/v2\/media\/45035"}],"wp:attachment":[{"href":"https:\/\/naturalpoland.com\/fr\/wp-json\/wp\/v2\/media?parent=45034"}],"wp:term":[{"taxonomy":"product_brand","embeddable":true,"href":"https:\/\/naturalpoland.com\/fr\/wp-json\/wp\/v2\/product_brand?post=45034"},{"taxonomy":"product_cat","embeddable":true,"href":"https:\/\/naturalpoland.com\/fr\/wp-json\/wp\/v2\/product_cat?post=45034"},{"taxonomy":"product_tag","embeddable":true,"href":"https:\/\/naturalpoland.com\/fr\/wp-json\/wp\/v2\/product_tag?post=45034"}],"curies":[{"name":"wp","href":"https:\/\/api.w.org\/{rel}","templated":true}]}}