{"id":45140,"date":"2026-01-16T16:12:56","date_gmt":"2026-01-16T15:12:56","guid":{"rendered":"https:\/\/naturalpoland.com\/produkty\/non class\u00e9\/extrait-de-petasite\/"},"modified":"2026-01-19T12:30:43","modified_gmt":"2026-01-19T11:30:43","slug":"extrait-de-petasite","status":"publish","type":"product","link":"https:\/\/naturalpoland.com\/fr\/produkty\/extraits-de-plantes\/extrait-de-petasite\/","title":{"rendered":"Extrait de p\u00e9tasite"},"content":{"rendered":"<h2>Actions de l&rsquo;extrait de p\u00e9tasite :<\/h2>\n<p>L&rsquo;extrait de p\u00e9tasite (butterbur) contient des compos\u00e9s phytochimiques naturels, principalement des esters sesquiterp\u00e9niques connus sous le nom de <strong>p\u00e9tasines, isop\u00e9tasines et d\u00e9riv\u00e9s<\/strong>, consid\u00e9r\u00e9s comme les principaux composants bioactifs de la mati\u00e8re premi\u00e8re et influen\u00e7ant ses propri\u00e9t\u00e9s physiologiques : <\/p>\n<p><strong>Propri\u00e9t\u00e9s anti-inflammatoires<\/strong><\/p>\n<p>Les composants de l&rsquo;extrait de p\u00e9tasite sont d\u00e9crits scientifiquement comme des substances ayant une activit\u00e9 potentielle de modulation des processus inflammatoires, notamment par leur influence sur les enzymes impliqu\u00e9es dans la biosynth\u00e8se des m\u00e9diateurs de l&rsquo;inflammation tels que les leucotri\u00e8nes et les prostaglandines. Ce m\u00e9canisme est l&rsquo;une des explications propos\u00e9es pour l&rsquo;action de la mati\u00e8re premi\u00e8re dans les mod\u00e8les physiologiques.  <\/p>\n<p><strong>Activit\u00e9 spasmolytique et relaxante<\/strong><\/p>\n<p>Les \u00e9tudes in vitro et les r\u00e9f\u00e9rences traditionnelles indiquent que les extraits de rhizome et de feuilles de p\u00e9tasite peuvent exercer une action relaxante et spasmolytique sur les muscles lisses des syst\u00e8mes respiratoire et digestif, li\u00e9e \u00e0 la pr\u00e9sence de p\u00e9tasines et \u00e0 leur influence sur les fonctions cellulaires.<\/p>\n<p><strong>Effets potentiels d&rsquo;att\u00e9nuation des sympt\u00f4mes allergiques<\/strong><\/p>\n<p>Certains extraits standardis\u00e9s de feuilles de p\u00e9tasite ont \u00e9t\u00e9 \u00e9valu\u00e9s cliniquement pour le soulagement des sympt\u00f4mes de la rhinite allergique (allergies saisonni\u00e8res), d\u00e9montrant dans des \u00e9tudes contr\u00f4l\u00e9es une efficacit\u00e9 comparable aux antihistaminiques dans la r\u00e9duction de certains sympt\u00f4mes.<\/p>\n<h2>Application<\/h2>\n<p>Dans la litt\u00e9rature scientifique et herboriste, l&rsquo;extrait de p\u00e9tasite a \u00e9t\u00e9 utilis\u00e9 ou analys\u00e9 dans le contexte de :<\/p>\n<ol>\n<li><strong>Pr\u00e9parations antalgiques et anti-tension<\/strong> &#8211; l&rsquo;extrait de p\u00e9tasite a \u00e9t\u00e9 analys\u00e9 pour la r\u00e9duction de la fr\u00e9quence des \u00e9pisodes migraineux ou des c\u00e9phal\u00e9es de tension, ce qui a \u00e9t\u00e9 li\u00e9 \u00e0 l&rsquo;activit\u00e9 des p\u00e9tasines sur les canaux calciques et les m\u00e9diateurs de l&rsquo;inflammation.<\/li>\n<li><strong>Produits soutenant les r\u00e9actions allergiques \/ allergies saisonni\u00e8res<\/strong> &#8211; les extraits standardis\u00e9s de feuilles ont \u00e9t\u00e9 \u00e9tudi\u00e9s pour le soulagement des sympt\u00f4mes de la rhinite allergique, tels que la congestion nasale ou les \u00e9ternuements, sans la s\u00e9dation typique de nombreux antihistaminiques.<\/li>\n<li><strong>Formules ciblant le syst\u00e8me respiratoire et l&rsquo;apaisement des irritations<\/strong> &#8211; les connaissances traditionnelles en herboristerie d\u00e9crivent l&rsquo;utilisation du p\u00e9tasite dans les affections respiratoires, telles que l&rsquo;asthme et la toux persistante ; les sources scientifiques modernes confirment l&rsquo;int\u00e9r\u00eat pour cette plante concernant l&rsquo;efficacit\u00e9 des extraits dans les mod\u00e8les li\u00e9s au syst\u00e8me respiratoire, bien que les donn\u00e9es cliniques soient limit\u00e9es.<\/li>\n<li><strong>Soutien potentiel des fonctions du tractus digestif<\/strong> &#8211; l&rsquo;utilisation traditionnelle de la mati\u00e8re premi\u00e8re indique \u00e9galement une influence sur la r\u00e9gulation de la motilit\u00e9 intestinale et du syst\u00e8me digestif, y compris une action relaxante et chol\u00e9r\u00e9tique, ce qui peut \u00eatre consid\u00e9r\u00e9 dans le contexte des pr\u00e9parations v\u00e9g\u00e9tales pour le syst\u00e8me digestif (selon la forme finale du produit).<\/li>\n<\/ol>\n<p>&nbsp;<\/p>\n","protected":false},"excerpt":{"rendered":"<p><strong>L&rsquo;extrait de p\u00e9tasite<\/strong> est une mati\u00e8re premi\u00e8re v\u00e9g\u00e9tale obtenue \u00e0 partir de la racine de <em>Petasites hybridus<\/em>, extraite par m\u00e9thode aqueuse, puis s\u00e9ch\u00e9e sous forme de poudre stable.<\/p>\n","protected":false},"featured_media":45141,"template":"","meta":{"_acf_changed":false},"product_brand":[],"product_cat":[1293],"product_tag":[],"class_list":{"0":"post-45140","1":"product","2":"type-product","3":"status-publish","4":"has-post-thumbnail","6":"product_cat-extraits-de-plantes","7":"pa_czesc-rosliny-racine","9":"first","10":"instock","11":"shipping-taxable","12":"product-type-simple"},"acf":[],"yoast_head":"<!-- This site is optimized with the Yoast SEO plugin v27.4 - https:\/\/yoast.com\/product\/yoast-seo-wordpress\/ -->\n<title>Extrait de p\u00e9tasite - Distributeur en gros<\/title>\n<meta name=\"description\" content=\"Extrait de p\u00e9tasite (Petasites hybridus) \u2013 extrait standardis\u00e9 de racine sous forme de poudre.\" \/>\n<meta name=\"robots\" content=\"index, follow, max-snippet:-1, max-image-preview:large, max-video-preview:-1\" \/>\n<link rel=\"canonical\" href=\"https:\/\/naturalpoland.com\/fr\/produkty\/extraits-de-plantes\/extrait-de-petasite\/\" \/>\n<meta property=\"og:locale\" content=\"fr_FR\" \/>\n<meta property=\"og:type\" content=\"article\" \/>\n<meta property=\"og:title\" content=\"Extrait de p\u00e9tasite - Distributeur en gros\" \/>\n<meta property=\"og:description\" content=\"Extrait de p\u00e9tasite (Petasites hybridus) \u2013 extrait standardis\u00e9 de racine sous forme de poudre.\" \/>\n<meta property=\"og:url\" content=\"https:\/\/naturalpoland.com\/fr\/produkty\/extraits-de-plantes\/extrait-de-petasite\/\" \/>\n<meta property=\"og:site_name\" content=\"NATURAL POLAND - Distributeur de mati\u00e8res premi\u00e8res en gros\" \/>\n<meta property=\"article:publisher\" content=\"https:\/\/www.facebook.com\/naturalpoland.b2b\" \/>\n<meta property=\"article:modified_time\" content=\"2026-01-19T11:30:43+00:00\" \/>\n<meta property=\"og:image\" content=\"https:\/\/naturalpoland.com\/wp-content\/uploads\/ekstrakt-z-lepieznika.webp\" \/>\n\t<meta property=\"og:image:width\" content=\"1024\" \/>\n\t<meta property=\"og:image:height\" content=\"1024\" \/>\n\t<meta property=\"og:image:type\" content=\"image\/webp\" \/>\n<script type=\"application\/ld+json\" class=\"yoast-schema-graph\">{\"@context\":\"https:\\\/\\\/schema.org\",\"@graph\":[{\"@type\":\"WebPage\",\"@id\":\"https:\\\/\\\/naturalpoland.com\\\/fr\\\/produkty\\\/extraits-de-plantes\\\/extrait-de-petasite\\\/\",\"url\":\"https:\\\/\\\/naturalpoland.com\\\/fr\\\/produkty\\\/extraits-de-plantes\\\/extrait-de-petasite\\\/\",\"name\":\"Extrait de p\u00e9tasite - Distributeur en gros\",\"isPartOf\":{\"@id\":\"https:\\\/\\\/naturalpoland.com\\\/fr\\\/#website\"},\"primaryImageOfPage\":{\"@id\":\"https:\\\/\\\/naturalpoland.com\\\/fr\\\/produkty\\\/extraits-de-plantes\\\/extrait-de-petasite\\\/#primaryimage\"},\"image\":{\"@id\":\"https:\\\/\\\/naturalpoland.com\\\/fr\\\/produkty\\\/extraits-de-plantes\\\/extrait-de-petasite\\\/#primaryimage\"},\"thumbnailUrl\":\"https:\\\/\\\/naturalpoland.com\\\/wp-content\\\/uploads\\\/ekstrakt-z-lepieznika.webp\",\"datePublished\":\"2026-01-16T15:12:56+00:00\",\"dateModified\":\"2026-01-19T11:30:43+00:00\",\"description\":\"Extrait de p\u00e9tasite (Petasites hybridus) \u2013 extrait standardis\u00e9 de racine sous forme de poudre.\",\"breadcrumb\":{\"@id\":\"https:\\\/\\\/naturalpoland.com\\\/fr\\\/produkty\\\/extraits-de-plantes\\\/extrait-de-petasite\\\/#breadcrumb\"},\"inLanguage\":\"fr-FR\",\"potentialAction\":[{\"@type\":\"ReadAction\",\"target\":[\"https:\\\/\\\/naturalpoland.com\\\/fr\\\/produkty\\\/extraits-de-plantes\\\/extrait-de-petasite\\\/\"]}]},{\"@type\":\"ImageObject\",\"inLanguage\":\"fr-FR\",\"@id\":\"https:\\\/\\\/naturalpoland.com\\\/fr\\\/produkty\\\/extraits-de-plantes\\\/extrait-de-petasite\\\/#primaryimage\",\"url\":\"https:\\\/\\\/naturalpoland.com\\\/wp-content\\\/uploads\\\/ekstrakt-z-lepieznika.webp\",\"contentUrl\":\"https:\\\/\\\/naturalpoland.com\\\/wp-content\\\/uploads\\\/ekstrakt-z-lepieznika.webp\",\"width\":1024,\"height\":1024,\"caption\":\"Extrait de p\u00e9tasite\"},{\"@type\":\"BreadcrumbList\",\"@id\":\"https:\\\/\\\/naturalpoland.com\\\/fr\\\/produkty\\\/extraits-de-plantes\\\/extrait-de-petasite\\\/#breadcrumb\",\"itemListElement\":[{\"@type\":\"ListItem\",\"position\":1,\"name\":\"Accueil\",\"item\":\"https:\\\/\\\/naturalpoland.com\\\/fr\\\/\"},{\"@type\":\"ListItem\",\"position\":2,\"name\":\"Produits\",\"item\":\"https:\\\/\\\/naturalpoland.com\\\/fr\\\/produits\\\/\"},{\"@type\":\"ListItem\",\"position\":3,\"name\":\"Extrait de p\u00e9tasite\"}]},{\"@type\":\"WebSite\",\"@id\":\"https:\\\/\\\/naturalpoland.com\\\/fr\\\/#website\",\"url\":\"https:\\\/\\\/naturalpoland.com\\\/fr\\\/\",\"name\":\"NATURAL POLAND - Distributeur de mati\u00e8res premi\u00e8res en gros\",\"description\":\"Surowce dla przemys\u0142u spo\u017cywczego, kosmetycznego i farmaceutycznego\",\"publisher\":{\"@id\":\"https:\\\/\\\/naturalpoland.com\\\/fr\\\/#organization\"},\"potentialAction\":[{\"@type\":\"SearchAction\",\"target\":{\"@type\":\"EntryPoint\",\"urlTemplate\":\"https:\\\/\\\/naturalpoland.com\\\/fr\\\/?s={search_term_string}\"},\"query-input\":{\"@type\":\"PropertyValueSpecification\",\"valueRequired\":true,\"valueName\":\"search_term_string\"}}],\"inLanguage\":\"fr-FR\"},{\"@type\":\"Organization\",\"@id\":\"https:\\\/\\\/naturalpoland.com\\\/fr\\\/#organization\",\"name\":\"Natural Poland\",\"url\":\"https:\\\/\\\/naturalpoland.com\\\/fr\\\/\",\"logo\":{\"@type\":\"ImageObject\",\"inLanguage\":\"fr-FR\",\"@id\":\"https:\\\/\\\/naturalpoland.com\\\/fr\\\/#\\\/schema\\\/logo\\\/image\\\/\",\"url\":\"https:\\\/\\\/naturalpoland.com\\\/wp-content\\\/uploads\\\/2021\\\/05\\\/natural-poland-icon.png\",\"contentUrl\":\"https:\\\/\\\/naturalpoland.com\\\/wp-content\\\/uploads\\\/2021\\\/05\\\/natural-poland-icon.png\",\"width\":512,\"height\":512,\"caption\":\"Natural Poland\"},\"image\":{\"@id\":\"https:\\\/\\\/naturalpoland.com\\\/fr\\\/#\\\/schema\\\/logo\\\/image\\\/\"},\"sameAs\":[\"https:\\\/\\\/www.facebook.com\\\/naturalpoland.b2b\",\"https:\\\/\\\/pl.linkedin.com\\\/company\\\/natural-poland\",\"https:\\\/\\\/www.youtube.com\\\/channel\\\/UCgeGGkvOMahZo-xu_MSEWxg\"]}]}<\/script>\n<!-- \/ Yoast SEO plugin. -->","yoast_head_json":{"title":"Extrait de p\u00e9tasite - Distributeur en gros","description":"Extrait de p\u00e9tasite (Petasites hybridus) \u2013 extrait standardis\u00e9 de racine sous forme de poudre.","robots":{"index":"index","follow":"follow","max-snippet":"max-snippet:-1","max-image-preview":"max-image-preview:large","max-video-preview":"max-video-preview:-1"},"canonical":"https:\/\/naturalpoland.com\/fr\/produkty\/extraits-de-plantes\/extrait-de-petasite\/","og_locale":"fr_FR","og_type":"article","og_title":"Extrait de p\u00e9tasite - Distributeur en gros","og_description":"Extrait de p\u00e9tasite (Petasites hybridus) \u2013 extrait standardis\u00e9 de racine sous forme de poudre.","og_url":"https:\/\/naturalpoland.com\/fr\/produkty\/extraits-de-plantes\/extrait-de-petasite\/","og_site_name":"NATURAL POLAND - Distributeur de mati\u00e8res premi\u00e8res en gros","article_publisher":"https:\/\/www.facebook.com\/naturalpoland.b2b","article_modified_time":"2026-01-19T11:30:43+00:00","og_image":[{"width":1024,"height":1024,"url":"https:\/\/naturalpoland.com\/wp-content\/uploads\/ekstrakt-z-lepieznika.webp","type":"image\/webp"}],"schema":{"@context":"https:\/\/schema.org","@graph":[{"@type":"WebPage","@id":"https:\/\/naturalpoland.com\/fr\/produkty\/extraits-de-plantes\/extrait-de-petasite\/","url":"https:\/\/naturalpoland.com\/fr\/produkty\/extraits-de-plantes\/extrait-de-petasite\/","name":"Extrait de p\u00e9tasite - Distributeur en gros","isPartOf":{"@id":"https:\/\/naturalpoland.com\/fr\/#website"},"primaryImageOfPage":{"@id":"https:\/\/naturalpoland.com\/fr\/produkty\/extraits-de-plantes\/extrait-de-petasite\/#primaryimage"},"image":{"@id":"https:\/\/naturalpoland.com\/fr\/produkty\/extraits-de-plantes\/extrait-de-petasite\/#primaryimage"},"thumbnailUrl":"https:\/\/naturalpoland.com\/wp-content\/uploads\/ekstrakt-z-lepieznika.webp","datePublished":"2026-01-16T15:12:56+00:00","dateModified":"2026-01-19T11:30:43+00:00","description":"Extrait de p\u00e9tasite (Petasites hybridus) \u2013 extrait standardis\u00e9 de racine sous forme de poudre.","breadcrumb":{"@id":"https:\/\/naturalpoland.com\/fr\/produkty\/extraits-de-plantes\/extrait-de-petasite\/#breadcrumb"},"inLanguage":"fr-FR","potentialAction":[{"@type":"ReadAction","target":["https:\/\/naturalpoland.com\/fr\/produkty\/extraits-de-plantes\/extrait-de-petasite\/"]}]},{"@type":"ImageObject","inLanguage":"fr-FR","@id":"https:\/\/naturalpoland.com\/fr\/produkty\/extraits-de-plantes\/extrait-de-petasite\/#primaryimage","url":"https:\/\/naturalpoland.com\/wp-content\/uploads\/ekstrakt-z-lepieznika.webp","contentUrl":"https:\/\/naturalpoland.com\/wp-content\/uploads\/ekstrakt-z-lepieznika.webp","width":1024,"height":1024,"caption":"Extrait de p\u00e9tasite"},{"@type":"BreadcrumbList","@id":"https:\/\/naturalpoland.com\/fr\/produkty\/extraits-de-plantes\/extrait-de-petasite\/#breadcrumb","itemListElement":[{"@type":"ListItem","position":1,"name":"Accueil","item":"https:\/\/naturalpoland.com\/fr\/"},{"@type":"ListItem","position":2,"name":"Produits","item":"https:\/\/naturalpoland.com\/fr\/produits\/"},{"@type":"ListItem","position":3,"name":"Extrait de p\u00e9tasite"}]},{"@type":"WebSite","@id":"https:\/\/naturalpoland.com\/fr\/#website","url":"https:\/\/naturalpoland.com\/fr\/","name":"NATURAL POLAND - Distributeur de mati\u00e8res premi\u00e8res en gros","description":"Surowce dla przemys\u0142u spo\u017cywczego, kosmetycznego i farmaceutycznego","publisher":{"@id":"https:\/\/naturalpoland.com\/fr\/#organization"},"potentialAction":[{"@type":"SearchAction","target":{"@type":"EntryPoint","urlTemplate":"https:\/\/naturalpoland.com\/fr\/?s={search_term_string}"},"query-input":{"@type":"PropertyValueSpecification","valueRequired":true,"valueName":"search_term_string"}}],"inLanguage":"fr-FR"},{"@type":"Organization","@id":"https:\/\/naturalpoland.com\/fr\/#organization","name":"Natural Poland","url":"https:\/\/naturalpoland.com\/fr\/","logo":{"@type":"ImageObject","inLanguage":"fr-FR","@id":"https:\/\/naturalpoland.com\/fr\/#\/schema\/logo\/image\/","url":"https:\/\/naturalpoland.com\/wp-content\/uploads\/2021\/05\/natural-poland-icon.png","contentUrl":"https:\/\/naturalpoland.com\/wp-content\/uploads\/2021\/05\/natural-poland-icon.png","width":512,"height":512,"caption":"Natural Poland"},"image":{"@id":"https:\/\/naturalpoland.com\/fr\/#\/schema\/logo\/image\/"},"sameAs":["https:\/\/www.facebook.com\/naturalpoland.b2b","https:\/\/pl.linkedin.com\/company\/natural-poland","https:\/\/www.youtube.com\/channel\/UCgeGGkvOMahZo-xu_MSEWxg"]}]}},"_links":{"self":[{"href":"https:\/\/naturalpoland.com\/fr\/wp-json\/wp\/v2\/product\/45140","targetHints":{"allow":["GET"]}}],"collection":[{"href":"https:\/\/naturalpoland.com\/fr\/wp-json\/wp\/v2\/product"}],"about":[{"href":"https:\/\/naturalpoland.com\/fr\/wp-json\/wp\/v2\/types\/product"}],"wp:featuredmedia":[{"embeddable":true,"href":"https:\/\/naturalpoland.com\/fr\/wp-json\/wp\/v2\/media\/45141"}],"wp:attachment":[{"href":"https:\/\/naturalpoland.com\/fr\/wp-json\/wp\/v2\/media?parent=45140"}],"wp:term":[{"taxonomy":"product_brand","embeddable":true,"href":"https:\/\/naturalpoland.com\/fr\/wp-json\/wp\/v2\/product_brand?post=45140"},{"taxonomy":"product_cat","embeddable":true,"href":"https:\/\/naturalpoland.com\/fr\/wp-json\/wp\/v2\/product_cat?post=45140"},{"taxonomy":"product_tag","embeddable":true,"href":"https:\/\/naturalpoland.com\/fr\/wp-json\/wp\/v2\/product_tag?post=45140"}],"curies":[{"name":"wp","href":"https:\/\/api.w.org\/{rel}","templated":true}]}}