{"id":46563,"date":"2026-03-05T14:14:22","date_gmt":"2026-03-05T13:14:22","guid":{"rendered":"https:\/\/naturalpoland.com\/produkty\/non class\u00e9\/extrait-de-cardamome\/"},"modified":"2026-03-10T13:50:30","modified_gmt":"2026-03-10T12:50:30","slug":"extrait-de-cardamome","status":"publish","type":"product","link":"https:\/\/naturalpoland.com\/fr\/produkty\/extraits-de-plantes\/extrait-de-cardamome\/","title":{"rendered":"Extrait de cardamome"},"content":{"rendered":"<h2>Propri\u00e9t\u00e9s et action de l&rsquo;extrait de cardamome :<\/h2>\n<p>La cardamome est une plante riche en huiles essentielles naturelles, compos\u00e9s ph\u00e9noliques et autres composants bioactifs responsables de son ar\u00f4me intense et de ses propri\u00e9t\u00e9s fonctionnelles. Ces compos\u00e9s pr\u00e9sentent une action antioxydante, contribuant \u00e0 prot\u00e9ger les cellules de l&rsquo;organisme contre l&rsquo;action des radicaux libres et le stress oxydatif. <\/p>\n<p>L&rsquo;extrait de cardamome influence positivement les processus digestifs, en <strong>am\u00e9liorant le fonctionnement du syst\u00e8me digestif<\/strong>, en favorisant la s\u00e9cr\u00e9tion des sucs digestifs et en am\u00e9liorant la digestion apr\u00e8s la consommation de repas lourds.<\/p>\n<p>En cosm\u00e9tique, l&rsquo;extrait de cardamome est utilis\u00e9 comme ingr\u00e9dient dans les pr\u00e9parations \u00e0 action <strong>rafra\u00eechissante et tonifiante<\/strong>. Les compos\u00e9s aromatiques pr\u00e9sents dans la plante peuvent contribuer \u00e0 am\u00e9liorer l&rsquo;\u00e9tat de la peau, et les propri\u00e9t\u00e9s antioxydantes aident \u00e0 la prot\u00e9ger contre les facteurs environnementaux. La glyc\u00e9rine pr\u00e9sente dans l&rsquo;extrait contribue en outre au maintien d&rsquo;un niveau d&rsquo;hydratation cutan\u00e9e appropri\u00e9.  <\/p>\n<p>L&rsquo;extrait de cardamome peut \u00e9galement \u00eatre utilis\u00e9 dans les produits aromatiques et les formulations parfum\u00e9es, o\u00f9 son ar\u00f4me \u00e9pic\u00e9 naturel conf\u00e8re aux compositions un profil olfactif caract\u00e9ristique et chaleureux.<\/p>\n<h2>Application de l&rsquo;extrait de cardamome :<\/h2>\n<p>L&rsquo;extrait de cardamome trouve application dans de nombreux secteurs industriels, notamment dans :<\/p>\n<ul>\n<li>les compl\u00e9ments alimentaires favorisant la digestion,<\/li>\n<li>les produits alimentaires et boissons fonctionnelles,<\/li>\n<li>les cosm\u00e9tiques de soin et tonifiants,<\/li>\n<li>les pr\u00e9parations aromath\u00e9rapeutiques,<\/li>\n<li>les produits naturels et formulations cosm\u00e9tiques v\u00e9g\u00e9tales.<\/li>\n<\/ul>\n<p>La mati\u00e8re premi\u00e8re se dissout bien dans l&rsquo;eau et partiellement dans l&rsquo;alcool, mais est insoluble dans les huiles min\u00e9rales. Le produit r\u00e9pond aux exigences microbiologiques ainsi qu&rsquo;aux normes relatives \u00e0 la teneur en m\u00e9taux lourds et pesticides, ne contient pas d&rsquo;OGM et n&rsquo;a pas \u00e9t\u00e9 soumis \u00e0 irradiation. <\/p>\n","protected":false},"excerpt":{"rendered":"<p>L&rsquo;<strong>extrait de cardamome<\/strong> est obtenu \u00e0 partir des graines de la plante <em>Elettaria cardamomum<\/em> et se pr\u00e9sente sous forme d&rsquo;extrait glyc\u00e9rin\u00e9 aqueux, obtenu par extraction de la mati\u00e8re premi\u00e8re v\u00e9g\u00e9tale s\u00e9ch\u00e9e avec un m\u00e9lange d&rsquo;eau et de glyc\u00e9rine dans un rapport de 1:1.<\/p>\n","protected":false},"featured_media":46564,"template":"","meta":{"_acf_changed":false},"product_brand":[],"product_cat":[1293],"product_tag":[],"class_list":{"0":"post-46563","1":"product","2":"type-product","3":"status-publish","4":"has-post-thumbnail","6":"product_cat-extraits-de-plantes","7":"pa_czesc-rosliny-des-graines","9":"first","10":"instock","11":"shipping-taxable","12":"product-type-simple"},"acf":[],"yoast_head":"<!-- This site is optimized with the Yoast SEO plugin v27.5 - https:\/\/yoast.com\/product\/yoast-seo-wordpress\/ -->\n<title>Extrait de cardamome - Distributeur en gros<\/title>\n<meta name=\"description\" content=\"L&#039;extrait de cardamome (Elettaria cardamomum) est une mati\u00e8re premi\u00e8re v\u00e9g\u00e9tale naturelle aux propri\u00e9t\u00e9s aromatiques et favorisant la digestion.\" \/>\n<meta name=\"robots\" content=\"index, follow, max-snippet:-1, max-image-preview:large, max-video-preview:-1\" \/>\n<link rel=\"canonical\" href=\"https:\/\/naturalpoland.com\/fr\/produkty\/extraits-de-plantes\/extrait-de-cardamome\/\" \/>\n<meta property=\"og:locale\" content=\"fr_FR\" \/>\n<meta property=\"og:type\" content=\"article\" \/>\n<meta property=\"og:title\" content=\"Extrait de cardamome - Distributeur en gros\" \/>\n<meta property=\"og:description\" content=\"L&#039;extrait de cardamome (Elettaria cardamomum) est une mati\u00e8re premi\u00e8re v\u00e9g\u00e9tale naturelle aux propri\u00e9t\u00e9s aromatiques et favorisant la digestion.\" \/>\n<meta property=\"og:url\" content=\"https:\/\/naturalpoland.com\/fr\/produkty\/extraits-de-plantes\/extrait-de-cardamome\/\" \/>\n<meta property=\"og:site_name\" content=\"NATURAL POLAND - Distributeur de mati\u00e8res premi\u00e8res en gros\" \/>\n<meta property=\"article:publisher\" content=\"https:\/\/www.facebook.com\/naturalpoland.b2b\" \/>\n<meta property=\"article:modified_time\" content=\"2026-03-10T12:50:30+00:00\" \/>\n<meta property=\"og:image\" content=\"https:\/\/naturalpoland.com\/wp-content\/uploads\/ekstrakt-z-kardamonu.webp\" \/>\n\t<meta property=\"og:image:width\" content=\"1024\" \/>\n\t<meta property=\"og:image:height\" content=\"1024\" \/>\n\t<meta property=\"og:image:type\" content=\"image\/webp\" \/>\n<script type=\"application\/ld+json\" class=\"yoast-schema-graph\">{\"@context\":\"https:\\\/\\\/schema.org\",\"@graph\":[{\"@type\":\"WebPage\",\"@id\":\"https:\\\/\\\/naturalpoland.com\\\/fr\\\/produkty\\\/extraits-de-plantes\\\/extrait-de-cardamome\\\/\",\"url\":\"https:\\\/\\\/naturalpoland.com\\\/fr\\\/produkty\\\/extraits-de-plantes\\\/extrait-de-cardamome\\\/\",\"name\":\"Extrait de cardamome - Distributeur en gros\",\"isPartOf\":{\"@id\":\"https:\\\/\\\/naturalpoland.com\\\/fr\\\/#website\"},\"primaryImageOfPage\":{\"@id\":\"https:\\\/\\\/naturalpoland.com\\\/fr\\\/produkty\\\/extraits-de-plantes\\\/extrait-de-cardamome\\\/#primaryimage\"},\"image\":{\"@id\":\"https:\\\/\\\/naturalpoland.com\\\/fr\\\/produkty\\\/extraits-de-plantes\\\/extrait-de-cardamome\\\/#primaryimage\"},\"thumbnailUrl\":\"https:\\\/\\\/naturalpoland.com\\\/wp-content\\\/uploads\\\/ekstrakt-z-kardamonu.webp\",\"datePublished\":\"2026-03-05T13:14:22+00:00\",\"dateModified\":\"2026-03-10T12:50:30+00:00\",\"description\":\"L'extrait de cardamome (Elettaria cardamomum) est une mati\u00e8re premi\u00e8re v\u00e9g\u00e9tale naturelle aux propri\u00e9t\u00e9s aromatiques et favorisant la digestion.\",\"breadcrumb\":{\"@id\":\"https:\\\/\\\/naturalpoland.com\\\/fr\\\/produkty\\\/extraits-de-plantes\\\/extrait-de-cardamome\\\/#breadcrumb\"},\"inLanguage\":\"fr-FR\",\"potentialAction\":[{\"@type\":\"ReadAction\",\"target\":[\"https:\\\/\\\/naturalpoland.com\\\/fr\\\/produkty\\\/extraits-de-plantes\\\/extrait-de-cardamome\\\/\"]}]},{\"@type\":\"ImageObject\",\"inLanguage\":\"fr-FR\",\"@id\":\"https:\\\/\\\/naturalpoland.com\\\/fr\\\/produkty\\\/extraits-de-plantes\\\/extrait-de-cardamome\\\/#primaryimage\",\"url\":\"https:\\\/\\\/naturalpoland.com\\\/wp-content\\\/uploads\\\/ekstrakt-z-kardamonu.webp\",\"contentUrl\":\"https:\\\/\\\/naturalpoland.com\\\/wp-content\\\/uploads\\\/ekstrakt-z-kardamonu.webp\",\"width\":1024,\"height\":1024,\"caption\":\"extrait de cannelle glyc\u00e9rin\u00e9 aqueux\"},{\"@type\":\"BreadcrumbList\",\"@id\":\"https:\\\/\\\/naturalpoland.com\\\/fr\\\/produkty\\\/extraits-de-plantes\\\/extrait-de-cardamome\\\/#breadcrumb\",\"itemListElement\":[{\"@type\":\"ListItem\",\"position\":1,\"name\":\"Accueil\",\"item\":\"https:\\\/\\\/naturalpoland.com\\\/fr\\\/\"},{\"@type\":\"ListItem\",\"position\":2,\"name\":\"Produits\",\"item\":\"https:\\\/\\\/naturalpoland.com\\\/fr\\\/produits\\\/\"},{\"@type\":\"ListItem\",\"position\":3,\"name\":\"Extrait de cardamome\"}]},{\"@type\":\"WebSite\",\"@id\":\"https:\\\/\\\/naturalpoland.com\\\/fr\\\/#website\",\"url\":\"https:\\\/\\\/naturalpoland.com\\\/fr\\\/\",\"name\":\"NATURAL POLAND - Distributeur de mati\u00e8res premi\u00e8res en gros\",\"description\":\"Surowce dla przemys\u0142u spo\u017cywczego, kosmetycznego i farmaceutycznego\",\"publisher\":{\"@id\":\"https:\\\/\\\/naturalpoland.com\\\/fr\\\/#organization\"},\"potentialAction\":[{\"@type\":\"SearchAction\",\"target\":{\"@type\":\"EntryPoint\",\"urlTemplate\":\"https:\\\/\\\/naturalpoland.com\\\/fr\\\/?s={search_term_string}\"},\"query-input\":{\"@type\":\"PropertyValueSpecification\",\"valueRequired\":true,\"valueName\":\"search_term_string\"}}],\"inLanguage\":\"fr-FR\"},{\"@type\":\"Organization\",\"@id\":\"https:\\\/\\\/naturalpoland.com\\\/fr\\\/#organization\",\"name\":\"Natural Poland\",\"url\":\"https:\\\/\\\/naturalpoland.com\\\/fr\\\/\",\"logo\":{\"@type\":\"ImageObject\",\"inLanguage\":\"fr-FR\",\"@id\":\"https:\\\/\\\/naturalpoland.com\\\/fr\\\/#\\\/schema\\\/logo\\\/image\\\/\",\"url\":\"https:\\\/\\\/naturalpoland.com\\\/wp-content\\\/uploads\\\/2021\\\/05\\\/natural-poland-icon.png\",\"contentUrl\":\"https:\\\/\\\/naturalpoland.com\\\/wp-content\\\/uploads\\\/2021\\\/05\\\/natural-poland-icon.png\",\"width\":512,\"height\":512,\"caption\":\"Natural Poland\"},\"image\":{\"@id\":\"https:\\\/\\\/naturalpoland.com\\\/fr\\\/#\\\/schema\\\/logo\\\/image\\\/\"},\"sameAs\":[\"https:\\\/\\\/www.facebook.com\\\/naturalpoland.b2b\",\"https:\\\/\\\/pl.linkedin.com\\\/company\\\/natural-poland\",\"https:\\\/\\\/www.youtube.com\\\/channel\\\/UCgeGGkvOMahZo-xu_MSEWxg\"]}]}<\/script>\n<!-- \/ Yoast SEO plugin. -->","yoast_head_json":{"title":"Extrait de cardamome - Distributeur en gros","description":"L'extrait de cardamome (Elettaria cardamomum) est une mati\u00e8re premi\u00e8re v\u00e9g\u00e9tale naturelle aux propri\u00e9t\u00e9s aromatiques et favorisant la digestion.","robots":{"index":"index","follow":"follow","max-snippet":"max-snippet:-1","max-image-preview":"max-image-preview:large","max-video-preview":"max-video-preview:-1"},"canonical":"https:\/\/naturalpoland.com\/fr\/produkty\/extraits-de-plantes\/extrait-de-cardamome\/","og_locale":"fr_FR","og_type":"article","og_title":"Extrait de cardamome - Distributeur en gros","og_description":"L'extrait de cardamome (Elettaria cardamomum) est une mati\u00e8re premi\u00e8re v\u00e9g\u00e9tale naturelle aux propri\u00e9t\u00e9s aromatiques et favorisant la digestion.","og_url":"https:\/\/naturalpoland.com\/fr\/produkty\/extraits-de-plantes\/extrait-de-cardamome\/","og_site_name":"NATURAL POLAND - Distributeur de mati\u00e8res premi\u00e8res en gros","article_publisher":"https:\/\/www.facebook.com\/naturalpoland.b2b","article_modified_time":"2026-03-10T12:50:30+00:00","og_image":[{"width":1024,"height":1024,"url":"https:\/\/naturalpoland.com\/wp-content\/uploads\/ekstrakt-z-kardamonu.webp","type":"image\/webp"}],"schema":{"@context":"https:\/\/schema.org","@graph":[{"@type":"WebPage","@id":"https:\/\/naturalpoland.com\/fr\/produkty\/extraits-de-plantes\/extrait-de-cardamome\/","url":"https:\/\/naturalpoland.com\/fr\/produkty\/extraits-de-plantes\/extrait-de-cardamome\/","name":"Extrait de cardamome - Distributeur en gros","isPartOf":{"@id":"https:\/\/naturalpoland.com\/fr\/#website"},"primaryImageOfPage":{"@id":"https:\/\/naturalpoland.com\/fr\/produkty\/extraits-de-plantes\/extrait-de-cardamome\/#primaryimage"},"image":{"@id":"https:\/\/naturalpoland.com\/fr\/produkty\/extraits-de-plantes\/extrait-de-cardamome\/#primaryimage"},"thumbnailUrl":"https:\/\/naturalpoland.com\/wp-content\/uploads\/ekstrakt-z-kardamonu.webp","datePublished":"2026-03-05T13:14:22+00:00","dateModified":"2026-03-10T12:50:30+00:00","description":"L'extrait de cardamome (Elettaria cardamomum) est une mati\u00e8re premi\u00e8re v\u00e9g\u00e9tale naturelle aux propri\u00e9t\u00e9s aromatiques et favorisant la digestion.","breadcrumb":{"@id":"https:\/\/naturalpoland.com\/fr\/produkty\/extraits-de-plantes\/extrait-de-cardamome\/#breadcrumb"},"inLanguage":"fr-FR","potentialAction":[{"@type":"ReadAction","target":["https:\/\/naturalpoland.com\/fr\/produkty\/extraits-de-plantes\/extrait-de-cardamome\/"]}]},{"@type":"ImageObject","inLanguage":"fr-FR","@id":"https:\/\/naturalpoland.com\/fr\/produkty\/extraits-de-plantes\/extrait-de-cardamome\/#primaryimage","url":"https:\/\/naturalpoland.com\/wp-content\/uploads\/ekstrakt-z-kardamonu.webp","contentUrl":"https:\/\/naturalpoland.com\/wp-content\/uploads\/ekstrakt-z-kardamonu.webp","width":1024,"height":1024,"caption":"extrait de cannelle glyc\u00e9rin\u00e9 aqueux"},{"@type":"BreadcrumbList","@id":"https:\/\/naturalpoland.com\/fr\/produkty\/extraits-de-plantes\/extrait-de-cardamome\/#breadcrumb","itemListElement":[{"@type":"ListItem","position":1,"name":"Accueil","item":"https:\/\/naturalpoland.com\/fr\/"},{"@type":"ListItem","position":2,"name":"Produits","item":"https:\/\/naturalpoland.com\/fr\/produits\/"},{"@type":"ListItem","position":3,"name":"Extrait de cardamome"}]},{"@type":"WebSite","@id":"https:\/\/naturalpoland.com\/fr\/#website","url":"https:\/\/naturalpoland.com\/fr\/","name":"NATURAL POLAND - Distributeur de mati\u00e8res premi\u00e8res en gros","description":"Surowce dla przemys\u0142u spo\u017cywczego, kosmetycznego i farmaceutycznego","publisher":{"@id":"https:\/\/naturalpoland.com\/fr\/#organization"},"potentialAction":[{"@type":"SearchAction","target":{"@type":"EntryPoint","urlTemplate":"https:\/\/naturalpoland.com\/fr\/?s={search_term_string}"},"query-input":{"@type":"PropertyValueSpecification","valueRequired":true,"valueName":"search_term_string"}}],"inLanguage":"fr-FR"},{"@type":"Organization","@id":"https:\/\/naturalpoland.com\/fr\/#organization","name":"Natural Poland","url":"https:\/\/naturalpoland.com\/fr\/","logo":{"@type":"ImageObject","inLanguage":"fr-FR","@id":"https:\/\/naturalpoland.com\/fr\/#\/schema\/logo\/image\/","url":"https:\/\/naturalpoland.com\/wp-content\/uploads\/2021\/05\/natural-poland-icon.png","contentUrl":"https:\/\/naturalpoland.com\/wp-content\/uploads\/2021\/05\/natural-poland-icon.png","width":512,"height":512,"caption":"Natural Poland"},"image":{"@id":"https:\/\/naturalpoland.com\/fr\/#\/schema\/logo\/image\/"},"sameAs":["https:\/\/www.facebook.com\/naturalpoland.b2b","https:\/\/pl.linkedin.com\/company\/natural-poland","https:\/\/www.youtube.com\/channel\/UCgeGGkvOMahZo-xu_MSEWxg"]}]}},"_links":{"self":[{"href":"https:\/\/naturalpoland.com\/fr\/wp-json\/wp\/v2\/product\/46563","targetHints":{"allow":["GET"]}}],"collection":[{"href":"https:\/\/naturalpoland.com\/fr\/wp-json\/wp\/v2\/product"}],"about":[{"href":"https:\/\/naturalpoland.com\/fr\/wp-json\/wp\/v2\/types\/product"}],"wp:featuredmedia":[{"embeddable":true,"href":"https:\/\/naturalpoland.com\/fr\/wp-json\/wp\/v2\/media\/46564"}],"wp:attachment":[{"href":"https:\/\/naturalpoland.com\/fr\/wp-json\/wp\/v2\/media?parent=46563"}],"wp:term":[{"taxonomy":"product_brand","embeddable":true,"href":"https:\/\/naturalpoland.com\/fr\/wp-json\/wp\/v2\/product_brand?post=46563"},{"taxonomy":"product_cat","embeddable":true,"href":"https:\/\/naturalpoland.com\/fr\/wp-json\/wp\/v2\/product_cat?post=46563"},{"taxonomy":"product_tag","embeddable":true,"href":"https:\/\/naturalpoland.com\/fr\/wp-json\/wp\/v2\/product_tag?post=46563"}],"curies":[{"name":"wp","href":"https:\/\/api.w.org\/{rel}","templated":true}]}}