{"id":46912,"date":"2026-03-19T12:26:03","date_gmt":"2026-03-19T11:26:03","guid":{"rendered":"https:\/\/naturalpoland.com\/produkty\/non class\u00e9\/proteine-de-dinde-hydrolysee\/"},"modified":"2026-03-20T10:39:44","modified_gmt":"2026-03-20T09:39:44","slug":"proteine-de-dinde-hydrolysee","status":"publish","type":"product","link":"https:\/\/naturalpoland.com\/fr\/produkty\/produits-pour-lindustrie-alimentaire\/proteine-de-dinde-hydrolysee\/","title":{"rendered":"Prot\u00e9ine de dinde hydrolys\u00e9e"},"content":{"rendered":"<h2>Propri\u00e9t\u00e9s :<\/h2>\n<p>La prot\u00e9ine de dinde hydrolys\u00e9e contient un m\u00e9lange de peptides, polypeptides et acides amin\u00e9s issus dune hydrolyse enzymatique contr\u00f4l\u00e9e. Le produit se caract\u00e9rise par une tr\u00e8s bonne solubilit\u00e9 et une haute assimilabilit\u00e9. <\/p>\n<h2>Application de la prot\u00e9ine de dinde hydrolys\u00e9e :<\/h2>\n<p>Le profil gustatif sp\u00e9cifique, d\u00e9crit comme l\u00e9g\u00e8rement bouillonn\u00e9, permet \u00e0 cet hydrolysat de remplir simultan\u00e9ment une fonction nutritionnelle et sensorielle, particuli\u00e8rement dans des produits tels que soupes, sauces ou concentr\u00e9s alimentaires. Dans les applications nutraceutiques, il est utilis\u00e9 comme source de prot\u00e9ines \u00e0 haute valeur biologique, tandis que dans lindustrie alimentaire, il peut \u00eatre employ\u00e9 comme ingr\u00e9dient enrichissant les produits en prot\u00e9ines et am\u00e9liorant leur profil en acides amin\u00e9s. Gr\u00e2ce \u00e0 sa fonctionnalit\u00e9, il trouve \u00e9galement application dans les produits pour sportifs et dans lalimentation \u00e0 usage particulier.  <\/p>\n<p>Le produit est utilis\u00e9 dans :<\/p>\n<ul>\n<li>les compl\u00e9ments alimentaires (riches en prot\u00e9ines),<\/li>\n<li>lalimentation fonctionnelle,<\/li>\n<li>les produits sportifs,<\/li>\n<li>les soupes, sauces et concentr\u00e9s aromatiques,<\/li>\n<li>les produits pour lalimentation animale.<\/li>\n<\/ul>\n","protected":false},"excerpt":{"rendered":"<p><strong>La prot\u00e9ine de dinde hydrolys\u00e9e<\/strong> est issue d\u2019une hydrolyse contr\u00f4l\u00e9e des prot\u00e9ines musculaires. Le produit contient un m\u00e9lange de peptides, polypeptides et acides amin\u00e9s libres et se pr\u00e9sente sous forme de poudre au go\u00fbt caract\u00e9ristique, l\u00e9g\u00e8rement bouillonn\u00e9. La teneur en prot\u00e9ines est de \u226585 %, et le produit pr\u00e9sente une haute solubilit\u00e9 dans l\u2019eau.  <\/p>\n","protected":false},"featured_media":46914,"template":"","meta":{"_acf_changed":false},"product_brand":[],"product_cat":[1310],"product_tag":[],"class_list":{"0":"post-46912","1":"product","2":"type-product","3":"status-publish","4":"has-post-thumbnail","6":"product_cat-produits-pour-lindustrie-alimentaire","7":"pa_certyfikaty-brcgs-food","8":"pa_certyfikaty-halal-fr","9":"pa_certyfikaty-ifs-food","10":"pa_certyfikaty-ifs-logistics","12":"first","13":"instock","14":"shipping-taxable","15":"product-type-simple"},"acf":[],"yoast_head":"<!-- This site is optimized with the Yoast SEO plugin v27.5 - https:\/\/yoast.com\/product\/yoast-seo-wordpress\/ -->\n<title>Prot\u00e9ine de dinde hydrolys\u00e9e - Distributeur en gros<\/title>\n<meta name=\"description\" content=\"Prot\u00e9ine de dinde hydrolys\u00e9e (\u226585 % de prot\u00e9ines) \u2013 mati\u00e8re premi\u00e8re pour compl\u00e9ments alimentaires, aliments fonctionnels et produits riches en prot\u00e9ines \u00e0 bonne solubilit\u00e9.\" \/>\n<meta name=\"robots\" content=\"index, follow, max-snippet:-1, max-image-preview:large, max-video-preview:-1\" \/>\n<link rel=\"canonical\" href=\"https:\/\/naturalpoland.com\/fr\/produkty\/produits-pour-lindustrie-alimentaire\/proteine-de-dinde-hydrolysee\/\" \/>\n<meta property=\"og:locale\" content=\"fr_FR\" \/>\n<meta property=\"og:type\" content=\"article\" \/>\n<meta property=\"og:title\" content=\"Prot\u00e9ine de dinde hydrolys\u00e9e - Distributeur en gros\" \/>\n<meta property=\"og:description\" content=\"Prot\u00e9ine de dinde hydrolys\u00e9e (\u226585 % de prot\u00e9ines) \u2013 mati\u00e8re premi\u00e8re pour compl\u00e9ments alimentaires, aliments fonctionnels et produits riches en prot\u00e9ines \u00e0 bonne solubilit\u00e9.\" \/>\n<meta property=\"og:url\" content=\"https:\/\/naturalpoland.com\/fr\/produkty\/produits-pour-lindustrie-alimentaire\/proteine-de-dinde-hydrolysee\/\" \/>\n<meta property=\"og:site_name\" content=\"NATURAL POLAND - Distributeur de mati\u00e8res premi\u00e8res en gros\" \/>\n<meta property=\"article:publisher\" content=\"https:\/\/www.facebook.com\/naturalpoland.b2b\" \/>\n<meta property=\"article:modified_time\" content=\"2026-03-20T09:39:44+00:00\" \/>\n<meta property=\"og:image\" content=\"https:\/\/naturalpoland.com\/wp-content\/uploads\/hydrolizowane-bialko-z-indyka.webp\" \/>\n\t<meta property=\"og:image:width\" content=\"1024\" \/>\n\t<meta property=\"og:image:height\" content=\"1024\" \/>\n\t<meta property=\"og:image:type\" content=\"image\/webp\" \/>\n<script type=\"application\/ld+json\" class=\"yoast-schema-graph\">{\"@context\":\"https:\\\/\\\/schema.org\",\"@graph\":[{\"@type\":\"WebPage\",\"@id\":\"https:\\\/\\\/naturalpoland.com\\\/fr\\\/produkty\\\/produits-pour-lindustrie-alimentaire\\\/proteine-de-dinde-hydrolysee\\\/\",\"url\":\"https:\\\/\\\/naturalpoland.com\\\/fr\\\/produkty\\\/produits-pour-lindustrie-alimentaire\\\/proteine-de-dinde-hydrolysee\\\/\",\"name\":\"Prot\u00e9ine de dinde hydrolys\u00e9e - Distributeur en gros\",\"isPartOf\":{\"@id\":\"https:\\\/\\\/naturalpoland.com\\\/fr\\\/#website\"},\"primaryImageOfPage\":{\"@id\":\"https:\\\/\\\/naturalpoland.com\\\/fr\\\/produkty\\\/produits-pour-lindustrie-alimentaire\\\/proteine-de-dinde-hydrolysee\\\/#primaryimage\"},\"image\":{\"@id\":\"https:\\\/\\\/naturalpoland.com\\\/fr\\\/produkty\\\/produits-pour-lindustrie-alimentaire\\\/proteine-de-dinde-hydrolysee\\\/#primaryimage\"},\"thumbnailUrl\":\"https:\\\/\\\/naturalpoland.com\\\/wp-content\\\/uploads\\\/hydrolizowane-bialko-z-indyka.webp\",\"datePublished\":\"2026-03-19T11:26:03+00:00\",\"dateModified\":\"2026-03-20T09:39:44+00:00\",\"description\":\"Prot\u00e9ine de dinde hydrolys\u00e9e (\u226585 % de prot\u00e9ines) \u2013 mati\u00e8re premi\u00e8re pour compl\u00e9ments alimentaires, aliments fonctionnels et produits riches en prot\u00e9ines \u00e0 bonne solubilit\u00e9.\",\"breadcrumb\":{\"@id\":\"https:\\\/\\\/naturalpoland.com\\\/fr\\\/produkty\\\/produits-pour-lindustrie-alimentaire\\\/proteine-de-dinde-hydrolysee\\\/#breadcrumb\"},\"inLanguage\":\"fr-FR\",\"potentialAction\":[{\"@type\":\"ReadAction\",\"target\":[\"https:\\\/\\\/naturalpoland.com\\\/fr\\\/produkty\\\/produits-pour-lindustrie-alimentaire\\\/proteine-de-dinde-hydrolysee\\\/\"]}]},{\"@type\":\"ImageObject\",\"inLanguage\":\"fr-FR\",\"@id\":\"https:\\\/\\\/naturalpoland.com\\\/fr\\\/produkty\\\/produits-pour-lindustrie-alimentaire\\\/proteine-de-dinde-hydrolysee\\\/#primaryimage\",\"url\":\"https:\\\/\\\/naturalpoland.com\\\/wp-content\\\/uploads\\\/hydrolizowane-bialko-z-indyka.webp\",\"contentUrl\":\"https:\\\/\\\/naturalpoland.com\\\/wp-content\\\/uploads\\\/hydrolizowane-bialko-z-indyka.webp\",\"width\":1024,\"height\":1024,\"caption\":\"prot\u00e9ine de dinde hydrolys\u00e9e\"},{\"@type\":\"BreadcrumbList\",\"@id\":\"https:\\\/\\\/naturalpoland.com\\\/fr\\\/produkty\\\/produits-pour-lindustrie-alimentaire\\\/proteine-de-dinde-hydrolysee\\\/#breadcrumb\",\"itemListElement\":[{\"@type\":\"ListItem\",\"position\":1,\"name\":\"Accueil\",\"item\":\"https:\\\/\\\/naturalpoland.com\\\/fr\\\/\"},{\"@type\":\"ListItem\",\"position\":2,\"name\":\"Produits\",\"item\":\"https:\\\/\\\/naturalpoland.com\\\/fr\\\/produits\\\/\"},{\"@type\":\"ListItem\",\"position\":3,\"name\":\"Prot\u00e9ine de dinde hydrolys\u00e9e\"}]},{\"@type\":\"WebSite\",\"@id\":\"https:\\\/\\\/naturalpoland.com\\\/fr\\\/#website\",\"url\":\"https:\\\/\\\/naturalpoland.com\\\/fr\\\/\",\"name\":\"NATURAL POLAND - Distributeur de mati\u00e8res premi\u00e8res en gros\",\"description\":\"Surowce dla przemys\u0142u spo\u017cywczego, kosmetycznego i farmaceutycznego\",\"publisher\":{\"@id\":\"https:\\\/\\\/naturalpoland.com\\\/fr\\\/#organization\"},\"potentialAction\":[{\"@type\":\"SearchAction\",\"target\":{\"@type\":\"EntryPoint\",\"urlTemplate\":\"https:\\\/\\\/naturalpoland.com\\\/fr\\\/?s={search_term_string}\"},\"query-input\":{\"@type\":\"PropertyValueSpecification\",\"valueRequired\":true,\"valueName\":\"search_term_string\"}}],\"inLanguage\":\"fr-FR\"},{\"@type\":\"Organization\",\"@id\":\"https:\\\/\\\/naturalpoland.com\\\/fr\\\/#organization\",\"name\":\"Natural Poland\",\"url\":\"https:\\\/\\\/naturalpoland.com\\\/fr\\\/\",\"logo\":{\"@type\":\"ImageObject\",\"inLanguage\":\"fr-FR\",\"@id\":\"https:\\\/\\\/naturalpoland.com\\\/fr\\\/#\\\/schema\\\/logo\\\/image\\\/\",\"url\":\"https:\\\/\\\/naturalpoland.com\\\/wp-content\\\/uploads\\\/2021\\\/05\\\/natural-poland-icon.png\",\"contentUrl\":\"https:\\\/\\\/naturalpoland.com\\\/wp-content\\\/uploads\\\/2021\\\/05\\\/natural-poland-icon.png\",\"width\":512,\"height\":512,\"caption\":\"Natural Poland\"},\"image\":{\"@id\":\"https:\\\/\\\/naturalpoland.com\\\/fr\\\/#\\\/schema\\\/logo\\\/image\\\/\"},\"sameAs\":[\"https:\\\/\\\/www.facebook.com\\\/naturalpoland.b2b\",\"https:\\\/\\\/pl.linkedin.com\\\/company\\\/natural-poland\",\"https:\\\/\\\/www.youtube.com\\\/channel\\\/UCgeGGkvOMahZo-xu_MSEWxg\"]}]}<\/script>\n<!-- \/ Yoast SEO plugin. -->","yoast_head_json":{"title":"Prot\u00e9ine de dinde hydrolys\u00e9e - Distributeur en gros","description":"Prot\u00e9ine de dinde hydrolys\u00e9e (\u226585 % de prot\u00e9ines) \u2013 mati\u00e8re premi\u00e8re pour compl\u00e9ments alimentaires, aliments fonctionnels et produits riches en prot\u00e9ines \u00e0 bonne solubilit\u00e9.","robots":{"index":"index","follow":"follow","max-snippet":"max-snippet:-1","max-image-preview":"max-image-preview:large","max-video-preview":"max-video-preview:-1"},"canonical":"https:\/\/naturalpoland.com\/fr\/produkty\/produits-pour-lindustrie-alimentaire\/proteine-de-dinde-hydrolysee\/","og_locale":"fr_FR","og_type":"article","og_title":"Prot\u00e9ine de dinde hydrolys\u00e9e - Distributeur en gros","og_description":"Prot\u00e9ine de dinde hydrolys\u00e9e (\u226585 % de prot\u00e9ines) \u2013 mati\u00e8re premi\u00e8re pour compl\u00e9ments alimentaires, aliments fonctionnels et produits riches en prot\u00e9ines \u00e0 bonne solubilit\u00e9.","og_url":"https:\/\/naturalpoland.com\/fr\/produkty\/produits-pour-lindustrie-alimentaire\/proteine-de-dinde-hydrolysee\/","og_site_name":"NATURAL POLAND - Distributeur de mati\u00e8res premi\u00e8res en gros","article_publisher":"https:\/\/www.facebook.com\/naturalpoland.b2b","article_modified_time":"2026-03-20T09:39:44+00:00","og_image":[{"width":1024,"height":1024,"url":"https:\/\/naturalpoland.com\/wp-content\/uploads\/hydrolizowane-bialko-z-indyka.webp","type":"image\/webp"}],"schema":{"@context":"https:\/\/schema.org","@graph":[{"@type":"WebPage","@id":"https:\/\/naturalpoland.com\/fr\/produkty\/produits-pour-lindustrie-alimentaire\/proteine-de-dinde-hydrolysee\/","url":"https:\/\/naturalpoland.com\/fr\/produkty\/produits-pour-lindustrie-alimentaire\/proteine-de-dinde-hydrolysee\/","name":"Prot\u00e9ine de dinde hydrolys\u00e9e - Distributeur en gros","isPartOf":{"@id":"https:\/\/naturalpoland.com\/fr\/#website"},"primaryImageOfPage":{"@id":"https:\/\/naturalpoland.com\/fr\/produkty\/produits-pour-lindustrie-alimentaire\/proteine-de-dinde-hydrolysee\/#primaryimage"},"image":{"@id":"https:\/\/naturalpoland.com\/fr\/produkty\/produits-pour-lindustrie-alimentaire\/proteine-de-dinde-hydrolysee\/#primaryimage"},"thumbnailUrl":"https:\/\/naturalpoland.com\/wp-content\/uploads\/hydrolizowane-bialko-z-indyka.webp","datePublished":"2026-03-19T11:26:03+00:00","dateModified":"2026-03-20T09:39:44+00:00","description":"Prot\u00e9ine de dinde hydrolys\u00e9e (\u226585 % de prot\u00e9ines) \u2013 mati\u00e8re premi\u00e8re pour compl\u00e9ments alimentaires, aliments fonctionnels et produits riches en prot\u00e9ines \u00e0 bonne solubilit\u00e9.","breadcrumb":{"@id":"https:\/\/naturalpoland.com\/fr\/produkty\/produits-pour-lindustrie-alimentaire\/proteine-de-dinde-hydrolysee\/#breadcrumb"},"inLanguage":"fr-FR","potentialAction":[{"@type":"ReadAction","target":["https:\/\/naturalpoland.com\/fr\/produkty\/produits-pour-lindustrie-alimentaire\/proteine-de-dinde-hydrolysee\/"]}]},{"@type":"ImageObject","inLanguage":"fr-FR","@id":"https:\/\/naturalpoland.com\/fr\/produkty\/produits-pour-lindustrie-alimentaire\/proteine-de-dinde-hydrolysee\/#primaryimage","url":"https:\/\/naturalpoland.com\/wp-content\/uploads\/hydrolizowane-bialko-z-indyka.webp","contentUrl":"https:\/\/naturalpoland.com\/wp-content\/uploads\/hydrolizowane-bialko-z-indyka.webp","width":1024,"height":1024,"caption":"prot\u00e9ine de dinde hydrolys\u00e9e"},{"@type":"BreadcrumbList","@id":"https:\/\/naturalpoland.com\/fr\/produkty\/produits-pour-lindustrie-alimentaire\/proteine-de-dinde-hydrolysee\/#breadcrumb","itemListElement":[{"@type":"ListItem","position":1,"name":"Accueil","item":"https:\/\/naturalpoland.com\/fr\/"},{"@type":"ListItem","position":2,"name":"Produits","item":"https:\/\/naturalpoland.com\/fr\/produits\/"},{"@type":"ListItem","position":3,"name":"Prot\u00e9ine de dinde hydrolys\u00e9e"}]},{"@type":"WebSite","@id":"https:\/\/naturalpoland.com\/fr\/#website","url":"https:\/\/naturalpoland.com\/fr\/","name":"NATURAL POLAND - Distributeur de mati\u00e8res premi\u00e8res en gros","description":"Surowce dla przemys\u0142u spo\u017cywczego, kosmetycznego i farmaceutycznego","publisher":{"@id":"https:\/\/naturalpoland.com\/fr\/#organization"},"potentialAction":[{"@type":"SearchAction","target":{"@type":"EntryPoint","urlTemplate":"https:\/\/naturalpoland.com\/fr\/?s={search_term_string}"},"query-input":{"@type":"PropertyValueSpecification","valueRequired":true,"valueName":"search_term_string"}}],"inLanguage":"fr-FR"},{"@type":"Organization","@id":"https:\/\/naturalpoland.com\/fr\/#organization","name":"Natural Poland","url":"https:\/\/naturalpoland.com\/fr\/","logo":{"@type":"ImageObject","inLanguage":"fr-FR","@id":"https:\/\/naturalpoland.com\/fr\/#\/schema\/logo\/image\/","url":"https:\/\/naturalpoland.com\/wp-content\/uploads\/2021\/05\/natural-poland-icon.png","contentUrl":"https:\/\/naturalpoland.com\/wp-content\/uploads\/2021\/05\/natural-poland-icon.png","width":512,"height":512,"caption":"Natural Poland"},"image":{"@id":"https:\/\/naturalpoland.com\/fr\/#\/schema\/logo\/image\/"},"sameAs":["https:\/\/www.facebook.com\/naturalpoland.b2b","https:\/\/pl.linkedin.com\/company\/natural-poland","https:\/\/www.youtube.com\/channel\/UCgeGGkvOMahZo-xu_MSEWxg"]}]}},"_links":{"self":[{"href":"https:\/\/naturalpoland.com\/fr\/wp-json\/wp\/v2\/product\/46912","targetHints":{"allow":["GET"]}}],"collection":[{"href":"https:\/\/naturalpoland.com\/fr\/wp-json\/wp\/v2\/product"}],"about":[{"href":"https:\/\/naturalpoland.com\/fr\/wp-json\/wp\/v2\/types\/product"}],"wp:featuredmedia":[{"embeddable":true,"href":"https:\/\/naturalpoland.com\/fr\/wp-json\/wp\/v2\/media\/46914"}],"wp:attachment":[{"href":"https:\/\/naturalpoland.com\/fr\/wp-json\/wp\/v2\/media?parent=46912"}],"wp:term":[{"taxonomy":"product_brand","embeddable":true,"href":"https:\/\/naturalpoland.com\/fr\/wp-json\/wp\/v2\/product_brand?post=46912"},{"taxonomy":"product_cat","embeddable":true,"href":"https:\/\/naturalpoland.com\/fr\/wp-json\/wp\/v2\/product_cat?post=46912"},{"taxonomy":"product_tag","embeddable":true,"href":"https:\/\/naturalpoland.com\/fr\/wp-json\/wp\/v2\/product_tag?post=46912"}],"curies":[{"name":"wp","href":"https:\/\/api.w.org\/{rel}","templated":true}]}}