{"id":46936,"date":"2026-03-19T12:42:00","date_gmt":"2026-03-19T11:42:00","guid":{"rendered":"https:\/\/naturalpoland.com\/produkty\/non class\u00e9\/gelatine\/"},"modified":"2026-03-20T13:20:07","modified_gmt":"2026-03-20T12:20:07","slug":"gelatine","status":"publish","type":"product","link":"https:\/\/naturalpoland.com\/fr\/produkty\/produits-pour-lindustrie-alimentaire\/gelatine\/","title":{"rendered":"G\u00e9latine"},"content":{"rendered":"<h2>G\u00e9latine de dinde :<\/h2>\n<p>La g\u00e9latine propos\u00e9e peut \u00eatre obtenue \u00e0 partir de mati\u00e8res premi\u00e8res dorigine de dinde, ce qui signifie quelle r\u00e9sulte de lhydrolyse partielle du collag\u00e8ne pr\u00e9sent dans les tissus animaux. Lutilisation de mati\u00e8re premi\u00e8re avicole permet dobtenir un produit de haute puret\u00e9, de bonne solubilit\u00e9 et de param\u00e8tres de qualit\u00e9 reproductibles, essentiels pour les applications industrielles. <\/p>\n<h2>Propri\u00e9t\u00e9s de la g\u00e9latine :<\/h2>\n<p>La g\u00e9latine est une prot\u00e9ine aux propri\u00e9t\u00e9s technologiques uniques, r\u00e9sultant de sa capacit\u00e9 \u00e0 former des structures g\u00e9lifi\u00e9es et \u00e0 influencer la texture et la viscosit\u00e9 des produits. En milieu aqueux, dans des conditions de temp\u00e9rature appropri\u00e9es, elle forme un r\u00e9seau tridimensionnel qui assure la stabilisation des formulations et leur conf\u00e8re la consistance souhait\u00e9e. <\/p>\n<h2>Application de la g\u00e9latine :<\/h2>\n<p>Dans lindustrie alimentaire, la g\u00e9latine est utilis\u00e9e comme ingr\u00e9dient responsable de la texture de produits tels que les gel\u00e9es, les desserts ou les confiseries, mais aussi comme composant de capsules dans les compl\u00e9ments alimentaires. Dans les formulations technologiques, elle remplit la fonction d\u00e9paississant, de stabilisant et dagent am\u00e9liorant les propri\u00e9t\u00e9s rh\u00e9ologiques. Elle peut \u00e9galement \u00eatre utilis\u00e9e dans lindustrie pharmaceutique et cosm\u00e9tique, o\u00f9 elle influence la consistance et les propri\u00e9t\u00e9s dapplication des produits.  <\/p>\n<p>La g\u00e9latine trouve application dans :<\/p>\n<ul>\n<li>les produits alimentaires (desserts, gel\u00e9es),<\/li>\n<li>les capsules et compl\u00e9ments,<\/li>\n<li>les produits pharmaceutiques,<\/li>\n<li>lindustrie technologique,<\/li>\n<li>les cosm\u00e9tiques et produits de soin.<\/li>\n<\/ul>\n","protected":false},"excerpt":{"rendered":"<p><strong>La g\u00e9latine<\/strong> r\u00e9sulte de l\u2019hydrolyse partielle du collag\u00e8ne. Elle est utilis\u00e9e dans l\u2019industrie alimentaire et technologique pour former des gels et am\u00e9liorer la texture des produits. Le produit se caract\u00e9rise par une bonne solubilit\u00e9 et des propri\u00e9t\u00e9s rh\u00e9ologiques permettant de cr\u00e9er des structures g\u00e9lifi\u00e9es stables et d\u2019augmenter la viscosit\u00e9 des formulations.  <\/p>\n","protected":false},"featured_media":46937,"template":"","meta":{"_acf_changed":false},"product_brand":[],"product_cat":[1310],"product_tag":[],"class_list":{"0":"post-46936","1":"product","2":"type-product","3":"status-publish","4":"has-post-thumbnail","6":"product_cat-produits-pour-lindustrie-alimentaire","8":"first","9":"instock","10":"shipping-taxable","11":"product-type-simple"},"acf":[],"yoast_head":"<!-- This site is optimized with the Yoast SEO plugin v27.5 - https:\/\/yoast.com\/product\/yoast-seo-wordpress\/ -->\n<title>G\u00e9latine - Distributeur en gros<\/title>\n<meta name=\"description\" content=\"La g\u00e9latine est une prot\u00e9ine naturelle aux propri\u00e9t\u00e9s g\u00e9lifiantes et \u00e9paississantes. Mati\u00e8re premi\u00e8re pour lalimentation, les compl\u00e9ments et les applications technologiques.\" \/>\n<meta name=\"robots\" content=\"index, follow, max-snippet:-1, max-image-preview:large, max-video-preview:-1\" \/>\n<link rel=\"canonical\" href=\"https:\/\/naturalpoland.com\/fr\/produkty\/produits-pour-lindustrie-alimentaire\/gelatine\/\" \/>\n<meta property=\"og:locale\" content=\"fr_FR\" \/>\n<meta property=\"og:type\" content=\"article\" \/>\n<meta property=\"og:title\" content=\"G\u00e9latine - Distributeur en gros\" \/>\n<meta property=\"og:description\" content=\"La g\u00e9latine est une prot\u00e9ine naturelle aux propri\u00e9t\u00e9s g\u00e9lifiantes et \u00e9paississantes. Mati\u00e8re premi\u00e8re pour lalimentation, les compl\u00e9ments et les applications technologiques.\" \/>\n<meta property=\"og:url\" content=\"https:\/\/naturalpoland.com\/fr\/produkty\/produits-pour-lindustrie-alimentaire\/gelatine\/\" \/>\n<meta property=\"og:site_name\" content=\"NATURAL POLAND - Distributeur de mati\u00e8res premi\u00e8res en gros\" \/>\n<meta property=\"article:publisher\" content=\"https:\/\/www.facebook.com\/naturalpoland.b2b\" \/>\n<meta property=\"article:modified_time\" content=\"2026-03-20T12:20:07+00:00\" \/>\n<meta property=\"og:image\" content=\"https:\/\/naturalpoland.com\/wp-content\/uploads\/zelatyna.webp\" \/>\n\t<meta property=\"og:image:width\" content=\"1024\" \/>\n\t<meta property=\"og:image:height\" content=\"1024\" \/>\n\t<meta property=\"og:image:type\" content=\"image\/webp\" \/>\n<script type=\"application\/ld+json\" class=\"yoast-schema-graph\">{\"@context\":\"https:\\\/\\\/schema.org\",\"@graph\":[{\"@type\":\"WebPage\",\"@id\":\"https:\\\/\\\/naturalpoland.com\\\/fr\\\/produkty\\\/produits-pour-lindustrie-alimentaire\\\/gelatine\\\/\",\"url\":\"https:\\\/\\\/naturalpoland.com\\\/fr\\\/produkty\\\/produits-pour-lindustrie-alimentaire\\\/gelatine\\\/\",\"name\":\"G\u00e9latine - Distributeur en gros\",\"isPartOf\":{\"@id\":\"https:\\\/\\\/naturalpoland.com\\\/fr\\\/#website\"},\"primaryImageOfPage\":{\"@id\":\"https:\\\/\\\/naturalpoland.com\\\/fr\\\/produkty\\\/produits-pour-lindustrie-alimentaire\\\/gelatine\\\/#primaryimage\"},\"image\":{\"@id\":\"https:\\\/\\\/naturalpoland.com\\\/fr\\\/produkty\\\/produits-pour-lindustrie-alimentaire\\\/gelatine\\\/#primaryimage\"},\"thumbnailUrl\":\"https:\\\/\\\/naturalpoland.com\\\/wp-content\\\/uploads\\\/zelatyna.webp\",\"datePublished\":\"2026-03-19T11:42:00+00:00\",\"dateModified\":\"2026-03-20T12:20:07+00:00\",\"description\":\"La g\u00e9latine est une prot\u00e9ine naturelle aux propri\u00e9t\u00e9s g\u00e9lifiantes et \u00e9paississantes. Mati\u00e8re premi\u00e8re pour lalimentation, les compl\u00e9ments et les applications technologiques.\",\"breadcrumb\":{\"@id\":\"https:\\\/\\\/naturalpoland.com\\\/fr\\\/produkty\\\/produits-pour-lindustrie-alimentaire\\\/gelatine\\\/#breadcrumb\"},\"inLanguage\":\"fr-FR\",\"potentialAction\":[{\"@type\":\"ReadAction\",\"target\":[\"https:\\\/\\\/naturalpoland.com\\\/fr\\\/produkty\\\/produits-pour-lindustrie-alimentaire\\\/gelatine\\\/\"]}]},{\"@type\":\"ImageObject\",\"inLanguage\":\"fr-FR\",\"@id\":\"https:\\\/\\\/naturalpoland.com\\\/fr\\\/produkty\\\/produits-pour-lindustrie-alimentaire\\\/gelatine\\\/#primaryimage\",\"url\":\"https:\\\/\\\/naturalpoland.com\\\/wp-content\\\/uploads\\\/zelatyna.webp\",\"contentUrl\":\"https:\\\/\\\/naturalpoland.com\\\/wp-content\\\/uploads\\\/zelatyna.webp\",\"width\":1024,\"height\":1024,\"caption\":\"g\u00e9latine en poudre\"},{\"@type\":\"BreadcrumbList\",\"@id\":\"https:\\\/\\\/naturalpoland.com\\\/fr\\\/produkty\\\/produits-pour-lindustrie-alimentaire\\\/gelatine\\\/#breadcrumb\",\"itemListElement\":[{\"@type\":\"ListItem\",\"position\":1,\"name\":\"Accueil\",\"item\":\"https:\\\/\\\/naturalpoland.com\\\/fr\\\/\"},{\"@type\":\"ListItem\",\"position\":2,\"name\":\"Produits\",\"item\":\"https:\\\/\\\/naturalpoland.com\\\/fr\\\/produits\\\/\"},{\"@type\":\"ListItem\",\"position\":3,\"name\":\"G\u00e9latine\"}]},{\"@type\":\"WebSite\",\"@id\":\"https:\\\/\\\/naturalpoland.com\\\/fr\\\/#website\",\"url\":\"https:\\\/\\\/naturalpoland.com\\\/fr\\\/\",\"name\":\"NATURAL POLAND - Distributeur de mati\u00e8res premi\u00e8res en gros\",\"description\":\"Surowce dla przemys\u0142u spo\u017cywczego, kosmetycznego i farmaceutycznego\",\"publisher\":{\"@id\":\"https:\\\/\\\/naturalpoland.com\\\/fr\\\/#organization\"},\"potentialAction\":[{\"@type\":\"SearchAction\",\"target\":{\"@type\":\"EntryPoint\",\"urlTemplate\":\"https:\\\/\\\/naturalpoland.com\\\/fr\\\/?s={search_term_string}\"},\"query-input\":{\"@type\":\"PropertyValueSpecification\",\"valueRequired\":true,\"valueName\":\"search_term_string\"}}],\"inLanguage\":\"fr-FR\"},{\"@type\":\"Organization\",\"@id\":\"https:\\\/\\\/naturalpoland.com\\\/fr\\\/#organization\",\"name\":\"Natural Poland\",\"url\":\"https:\\\/\\\/naturalpoland.com\\\/fr\\\/\",\"logo\":{\"@type\":\"ImageObject\",\"inLanguage\":\"fr-FR\",\"@id\":\"https:\\\/\\\/naturalpoland.com\\\/fr\\\/#\\\/schema\\\/logo\\\/image\\\/\",\"url\":\"https:\\\/\\\/naturalpoland.com\\\/wp-content\\\/uploads\\\/2021\\\/05\\\/natural-poland-icon.png\",\"contentUrl\":\"https:\\\/\\\/naturalpoland.com\\\/wp-content\\\/uploads\\\/2021\\\/05\\\/natural-poland-icon.png\",\"width\":512,\"height\":512,\"caption\":\"Natural Poland\"},\"image\":{\"@id\":\"https:\\\/\\\/naturalpoland.com\\\/fr\\\/#\\\/schema\\\/logo\\\/image\\\/\"},\"sameAs\":[\"https:\\\/\\\/www.facebook.com\\\/naturalpoland.b2b\",\"https:\\\/\\\/pl.linkedin.com\\\/company\\\/natural-poland\",\"https:\\\/\\\/www.youtube.com\\\/channel\\\/UCgeGGkvOMahZo-xu_MSEWxg\"]}]}<\/script>\n<!-- \/ Yoast SEO plugin. -->","yoast_head_json":{"title":"G\u00e9latine - Distributeur en gros","description":"La g\u00e9latine est une prot\u00e9ine naturelle aux propri\u00e9t\u00e9s g\u00e9lifiantes et \u00e9paississantes. Mati\u00e8re premi\u00e8re pour lalimentation, les compl\u00e9ments et les applications technologiques.","robots":{"index":"index","follow":"follow","max-snippet":"max-snippet:-1","max-image-preview":"max-image-preview:large","max-video-preview":"max-video-preview:-1"},"canonical":"https:\/\/naturalpoland.com\/fr\/produkty\/produits-pour-lindustrie-alimentaire\/gelatine\/","og_locale":"fr_FR","og_type":"article","og_title":"G\u00e9latine - Distributeur en gros","og_description":"La g\u00e9latine est une prot\u00e9ine naturelle aux propri\u00e9t\u00e9s g\u00e9lifiantes et \u00e9paississantes. Mati\u00e8re premi\u00e8re pour lalimentation, les compl\u00e9ments et les applications technologiques.","og_url":"https:\/\/naturalpoland.com\/fr\/produkty\/produits-pour-lindustrie-alimentaire\/gelatine\/","og_site_name":"NATURAL POLAND - Distributeur de mati\u00e8res premi\u00e8res en gros","article_publisher":"https:\/\/www.facebook.com\/naturalpoland.b2b","article_modified_time":"2026-03-20T12:20:07+00:00","og_image":[{"width":1024,"height":1024,"url":"https:\/\/naturalpoland.com\/wp-content\/uploads\/zelatyna.webp","type":"image\/webp"}],"schema":{"@context":"https:\/\/schema.org","@graph":[{"@type":"WebPage","@id":"https:\/\/naturalpoland.com\/fr\/produkty\/produits-pour-lindustrie-alimentaire\/gelatine\/","url":"https:\/\/naturalpoland.com\/fr\/produkty\/produits-pour-lindustrie-alimentaire\/gelatine\/","name":"G\u00e9latine - Distributeur en gros","isPartOf":{"@id":"https:\/\/naturalpoland.com\/fr\/#website"},"primaryImageOfPage":{"@id":"https:\/\/naturalpoland.com\/fr\/produkty\/produits-pour-lindustrie-alimentaire\/gelatine\/#primaryimage"},"image":{"@id":"https:\/\/naturalpoland.com\/fr\/produkty\/produits-pour-lindustrie-alimentaire\/gelatine\/#primaryimage"},"thumbnailUrl":"https:\/\/naturalpoland.com\/wp-content\/uploads\/zelatyna.webp","datePublished":"2026-03-19T11:42:00+00:00","dateModified":"2026-03-20T12:20:07+00:00","description":"La g\u00e9latine est une prot\u00e9ine naturelle aux propri\u00e9t\u00e9s g\u00e9lifiantes et \u00e9paississantes. Mati\u00e8re premi\u00e8re pour lalimentation, les compl\u00e9ments et les applications technologiques.","breadcrumb":{"@id":"https:\/\/naturalpoland.com\/fr\/produkty\/produits-pour-lindustrie-alimentaire\/gelatine\/#breadcrumb"},"inLanguage":"fr-FR","potentialAction":[{"@type":"ReadAction","target":["https:\/\/naturalpoland.com\/fr\/produkty\/produits-pour-lindustrie-alimentaire\/gelatine\/"]}]},{"@type":"ImageObject","inLanguage":"fr-FR","@id":"https:\/\/naturalpoland.com\/fr\/produkty\/produits-pour-lindustrie-alimentaire\/gelatine\/#primaryimage","url":"https:\/\/naturalpoland.com\/wp-content\/uploads\/zelatyna.webp","contentUrl":"https:\/\/naturalpoland.com\/wp-content\/uploads\/zelatyna.webp","width":1024,"height":1024,"caption":"g\u00e9latine en poudre"},{"@type":"BreadcrumbList","@id":"https:\/\/naturalpoland.com\/fr\/produkty\/produits-pour-lindustrie-alimentaire\/gelatine\/#breadcrumb","itemListElement":[{"@type":"ListItem","position":1,"name":"Accueil","item":"https:\/\/naturalpoland.com\/fr\/"},{"@type":"ListItem","position":2,"name":"Produits","item":"https:\/\/naturalpoland.com\/fr\/produits\/"},{"@type":"ListItem","position":3,"name":"G\u00e9latine"}]},{"@type":"WebSite","@id":"https:\/\/naturalpoland.com\/fr\/#website","url":"https:\/\/naturalpoland.com\/fr\/","name":"NATURAL POLAND - Distributeur de mati\u00e8res premi\u00e8res en gros","description":"Surowce dla przemys\u0142u spo\u017cywczego, kosmetycznego i farmaceutycznego","publisher":{"@id":"https:\/\/naturalpoland.com\/fr\/#organization"},"potentialAction":[{"@type":"SearchAction","target":{"@type":"EntryPoint","urlTemplate":"https:\/\/naturalpoland.com\/fr\/?s={search_term_string}"},"query-input":{"@type":"PropertyValueSpecification","valueRequired":true,"valueName":"search_term_string"}}],"inLanguage":"fr-FR"},{"@type":"Organization","@id":"https:\/\/naturalpoland.com\/fr\/#organization","name":"Natural Poland","url":"https:\/\/naturalpoland.com\/fr\/","logo":{"@type":"ImageObject","inLanguage":"fr-FR","@id":"https:\/\/naturalpoland.com\/fr\/#\/schema\/logo\/image\/","url":"https:\/\/naturalpoland.com\/wp-content\/uploads\/2021\/05\/natural-poland-icon.png","contentUrl":"https:\/\/naturalpoland.com\/wp-content\/uploads\/2021\/05\/natural-poland-icon.png","width":512,"height":512,"caption":"Natural Poland"},"image":{"@id":"https:\/\/naturalpoland.com\/fr\/#\/schema\/logo\/image\/"},"sameAs":["https:\/\/www.facebook.com\/naturalpoland.b2b","https:\/\/pl.linkedin.com\/company\/natural-poland","https:\/\/www.youtube.com\/channel\/UCgeGGkvOMahZo-xu_MSEWxg"]}]}},"_links":{"self":[{"href":"https:\/\/naturalpoland.com\/fr\/wp-json\/wp\/v2\/product\/46936","targetHints":{"allow":["GET"]}}],"collection":[{"href":"https:\/\/naturalpoland.com\/fr\/wp-json\/wp\/v2\/product"}],"about":[{"href":"https:\/\/naturalpoland.com\/fr\/wp-json\/wp\/v2\/types\/product"}],"wp:featuredmedia":[{"embeddable":true,"href":"https:\/\/naturalpoland.com\/fr\/wp-json\/wp\/v2\/media\/46937"}],"wp:attachment":[{"href":"https:\/\/naturalpoland.com\/fr\/wp-json\/wp\/v2\/media?parent=46936"}],"wp:term":[{"taxonomy":"product_brand","embeddable":true,"href":"https:\/\/naturalpoland.com\/fr\/wp-json\/wp\/v2\/product_brand?post=46936"},{"taxonomy":"product_cat","embeddable":true,"href":"https:\/\/naturalpoland.com\/fr\/wp-json\/wp\/v2\/product_cat?post=46936"},{"taxonomy":"product_tag","embeddable":true,"href":"https:\/\/naturalpoland.com\/fr\/wp-json\/wp\/v2\/product_tag?post=46936"}],"curies":[{"name":"wp","href":"https:\/\/api.w.org\/{rel}","templated":true}]}}