{"id":46966,"date":"2026-03-19T12:13:47","date_gmt":"2026-03-19T11:13:47","guid":{"rendered":"https:\/\/naturalpoland.com\/produkty\/non class\u00e9\/hydrolysat-de-creatine\/"},"modified":"2026-03-20T13:24:56","modified_gmt":"2026-03-20T12:24:56","slug":"hydrolysat-de-creatine","status":"publish","type":"product","link":"https:\/\/naturalpoland.com\/fr\/produkty\/produits-pour-lindustrie-cosmetique\/matieres-premieres-cosmetiques\/hydrolysat-de-creatine\/","title":{"rendered":"Hydrolysat de cr\u00e9atine"},"content":{"rendered":"<h2>Propri\u00e9t\u00e9s de lhydrolysat de cr\u00e9atine<\/h2>\n<p>Lhydrolysat de k\u00e9ratine est une prot\u00e9ine pr\u00e9sentant une forte affinit\u00e9 avec les structures k\u00e9ratiniques telles que les cheveux, la peau et les ongles. Le processus dhydrolyse permet dobtenir des peptides de masses mol\u00e9culaires vari\u00e9es, capables de p\u00e9n\u00e9trer la structure du cheveu ou de former un film protecteur \u00e0 sa surface, am\u00e9liorant ainsi sa condition et sa r\u00e9sistance aux dommages m\u00e9caniques. <\/p>\n<h2>Application de lhydrolysat de cr\u00e9atine<\/h2>\n<p>En cosm\u00e9tique, lhydrolysat de k\u00e9ratine est principalement utilis\u00e9 dans les produits de soins capillaires, o\u00f9 il contribue \u00e0 am\u00e9liorer leur \u00e9lasticit\u00e9, leur lissage et leur r\u00e9sistance aux facteurs externes. Dans les pr\u00e9parations de soins de la peau, il peut influencer sa condition en formant une couche protectrice et en am\u00e9liorant les param\u00e8tres dusage des formulations. En raison de sa haute solubilit\u00e9 et de sa stabilit\u00e9, il trouve \u00e9galement application dans des syst\u00e8mes de formulation plus avanc\u00e9s, notamment dans les pr\u00e9parations de soins et technologiques.  <\/p>\n<p>Lhydrolysat de k\u00e9ratine est utilis\u00e9 dans :<\/p>\n<ul>\n<li>les cosm\u00e9tiques capillaires (shampoings, masques, apr\u00e8s-shampoings),<\/li>\n<li>les pr\u00e9parations de soins des ongles,<\/li>\n<li>les cosm\u00e9tiques r\u00e9g\u00e9n\u00e9rants et fortifiants,<\/li>\n<li>les pr\u00e9parations de soins de la peau,<\/li>\n<li>les d\u00e9tergents et produits dentretien des tissus.<\/li>\n<\/ul>\n","protected":false},"excerpt":{"rendered":"<p><strong>L\u2019hydrolysat de k\u00e9ratine de dinde<\/strong> se pr\u00e9sente sous forme de poudre de couleur cr\u00e8me-ambr\u00e9e et poss\u00e8de une bonne solubilit\u00e9 dans l\u2019eau. La teneur en prot\u00e9ines est de \u2265 69 % et le pH se situe entre 6,5 et 7,5. Selon le degr\u00e9 d\u2019hydrolyse, des fractions de masses mol\u00e9culaires diff\u00e9rentes sont disponibles (de &lt;1 kDa \u00e0 plusieurs kDa).  <\/p>\n","protected":false},"featured_media":46967,"template":"","meta":[],"product_brand":[],"product_cat":[1309],"product_tag":[],"class_list":{"0":"post-46966","1":"product","2":"type-product","3":"status-publish","4":"has-post-thumbnail","6":"product_cat-matieres-premieres-cosmetiques","7":"pa_certyfikaty-brcgs-food","8":"pa_certyfikaty-halal-fr","9":"pa_certyfikaty-ifs-food","10":"pa_certyfikaty-ifs-logistics","12":"first","13":"instock","14":"shipping-taxable","15":"product-type-simple"},"yoast_head":"<!-- This site is optimized with the Yoast SEO plugin v27.3 - https:\/\/yoast.com\/product\/yoast-seo-wordpress\/ -->\n<title>Hydrolysat de cr\u00e9atine - Distributeur en gros<\/title>\n<meta name=\"description\" content=\"Lhydrolysat de k\u00e9ratine est une prot\u00e9ine aux propri\u00e9t\u00e9s conditionnantes et fortifiantes pour les cheveux. Mati\u00e8re premi\u00e8re cosm\u00e9tique \u00e0 haute solubilit\u00e9 et teneur en prot\u00e9ines \u2265 69 %.\" \/>\n<meta name=\"robots\" content=\"index, follow, max-snippet:-1, max-image-preview:large, max-video-preview:-1\" \/>\n<link rel=\"canonical\" href=\"https:\/\/naturalpoland.com\/fr\/produkty\/produits-pour-lindustrie-cosmetique\/matieres-premieres-cosmetiques\/hydrolysat-de-creatine\/\" \/>\n<meta property=\"og:locale\" content=\"fr_FR\" \/>\n<meta property=\"og:type\" content=\"article\" \/>\n<meta property=\"og:title\" content=\"Hydrolysat de cr\u00e9atine - Distributeur en gros\" \/>\n<meta property=\"og:description\" content=\"Lhydrolysat de k\u00e9ratine est une prot\u00e9ine aux propri\u00e9t\u00e9s conditionnantes et fortifiantes pour les cheveux. Mati\u00e8re premi\u00e8re cosm\u00e9tique \u00e0 haute solubilit\u00e9 et teneur en prot\u00e9ines \u2265 69 %.\" \/>\n<meta property=\"og:url\" content=\"https:\/\/naturalpoland.com\/fr\/produkty\/produits-pour-lindustrie-cosmetique\/matieres-premieres-cosmetiques\/hydrolysat-de-creatine\/\" \/>\n<meta property=\"og:site_name\" content=\"NATURAL POLAND - Distributeur de mati\u00e8res premi\u00e8res en gros\" \/>\n<meta property=\"article:publisher\" content=\"https:\/\/www.facebook.com\/naturalpoland.b2b\" \/>\n<meta property=\"article:modified_time\" content=\"2026-03-20T12:24:56+00:00\" \/>\n<meta property=\"og:image\" content=\"https:\/\/naturalpoland.com\/wp-content\/uploads\/hydrolizat-kreatyny.webp\" \/>\n\t<meta property=\"og:image:width\" content=\"1024\" \/>\n\t<meta property=\"og:image:height\" content=\"1024\" \/>\n\t<meta property=\"og:image:type\" content=\"image\/webp\" \/>\n<script type=\"application\/ld+json\" class=\"yoast-schema-graph\">{\"@context\":\"https:\\\/\\\/schema.org\",\"@graph\":[{\"@type\":\"WebPage\",\"@id\":\"https:\\\/\\\/naturalpoland.com\\\/fr\\\/produkty\\\/produits-pour-lindustrie-cosmetique\\\/matieres-premieres-cosmetiques\\\/hydrolysat-de-creatine\\\/\",\"url\":\"https:\\\/\\\/naturalpoland.com\\\/fr\\\/produkty\\\/produits-pour-lindustrie-cosmetique\\\/matieres-premieres-cosmetiques\\\/hydrolysat-de-creatine\\\/\",\"name\":\"Hydrolysat de cr\u00e9atine - Distributeur en gros\",\"isPartOf\":{\"@id\":\"https:\\\/\\\/naturalpoland.com\\\/fr\\\/#website\"},\"primaryImageOfPage\":{\"@id\":\"https:\\\/\\\/naturalpoland.com\\\/fr\\\/produkty\\\/produits-pour-lindustrie-cosmetique\\\/matieres-premieres-cosmetiques\\\/hydrolysat-de-creatine\\\/#primaryimage\"},\"image\":{\"@id\":\"https:\\\/\\\/naturalpoland.com\\\/fr\\\/produkty\\\/produits-pour-lindustrie-cosmetique\\\/matieres-premieres-cosmetiques\\\/hydrolysat-de-creatine\\\/#primaryimage\"},\"thumbnailUrl\":\"https:\\\/\\\/naturalpoland.com\\\/wp-content\\\/uploads\\\/hydrolizat-kreatyny.webp\",\"datePublished\":\"2026-03-19T11:13:47+00:00\",\"dateModified\":\"2026-03-20T12:24:56+00:00\",\"description\":\"Lhydrolysat de k\u00e9ratine est une prot\u00e9ine aux propri\u00e9t\u00e9s conditionnantes et fortifiantes pour les cheveux. Mati\u00e8re premi\u00e8re cosm\u00e9tique \u00e0 haute solubilit\u00e9 et teneur en prot\u00e9ines \u2265 69 %.\",\"breadcrumb\":{\"@id\":\"https:\\\/\\\/naturalpoland.com\\\/fr\\\/produkty\\\/produits-pour-lindustrie-cosmetique\\\/matieres-premieres-cosmetiques\\\/hydrolysat-de-creatine\\\/#breadcrumb\"},\"inLanguage\":\"fr-FR\",\"potentialAction\":[{\"@type\":\"ReadAction\",\"target\":[\"https:\\\/\\\/naturalpoland.com\\\/fr\\\/produkty\\\/produits-pour-lindustrie-cosmetique\\\/matieres-premieres-cosmetiques\\\/hydrolysat-de-creatine\\\/\"]}]},{\"@type\":\"ImageObject\",\"inLanguage\":\"fr-FR\",\"@id\":\"https:\\\/\\\/naturalpoland.com\\\/fr\\\/produkty\\\/produits-pour-lindustrie-cosmetique\\\/matieres-premieres-cosmetiques\\\/hydrolysat-de-creatine\\\/#primaryimage\",\"url\":\"https:\\\/\\\/naturalpoland.com\\\/wp-content\\\/uploads\\\/hydrolizat-kreatyny.webp\",\"contentUrl\":\"https:\\\/\\\/naturalpoland.com\\\/wp-content\\\/uploads\\\/hydrolizat-kreatyny.webp\",\"width\":1024,\"height\":1024,\"caption\":\"hydrolysat de cr\u00e9atine\"},{\"@type\":\"BreadcrumbList\",\"@id\":\"https:\\\/\\\/naturalpoland.com\\\/fr\\\/produkty\\\/produits-pour-lindustrie-cosmetique\\\/matieres-premieres-cosmetiques\\\/hydrolysat-de-creatine\\\/#breadcrumb\",\"itemListElement\":[{\"@type\":\"ListItem\",\"position\":1,\"name\":\"Accueil\",\"item\":\"https:\\\/\\\/naturalpoland.com\\\/fr\\\/\"},{\"@type\":\"ListItem\",\"position\":2,\"name\":\"Produits\",\"item\":\"https:\\\/\\\/naturalpoland.com\\\/fr\\\/produits\\\/\"},{\"@type\":\"ListItem\",\"position\":3,\"name\":\"Hydrolysat de cr\u00e9atine\"}]},{\"@type\":\"WebSite\",\"@id\":\"https:\\\/\\\/naturalpoland.com\\\/fr\\\/#website\",\"url\":\"https:\\\/\\\/naturalpoland.com\\\/fr\\\/\",\"name\":\"NATURAL POLAND - Distributeur de mati\u00e8res premi\u00e8res en gros\",\"description\":\"Surowce dla przemys\u0142u spo\u017cywczego, kosmetycznego i farmaceutycznego\",\"publisher\":{\"@id\":\"https:\\\/\\\/naturalpoland.com\\\/fr\\\/#organization\"},\"potentialAction\":[{\"@type\":\"SearchAction\",\"target\":{\"@type\":\"EntryPoint\",\"urlTemplate\":\"https:\\\/\\\/naturalpoland.com\\\/fr\\\/?s={search_term_string}\"},\"query-input\":{\"@type\":\"PropertyValueSpecification\",\"valueRequired\":true,\"valueName\":\"search_term_string\"}}],\"inLanguage\":\"fr-FR\"},{\"@type\":\"Organization\",\"@id\":\"https:\\\/\\\/naturalpoland.com\\\/fr\\\/#organization\",\"name\":\"Natural Poland\",\"url\":\"https:\\\/\\\/naturalpoland.com\\\/fr\\\/\",\"logo\":{\"@type\":\"ImageObject\",\"inLanguage\":\"fr-FR\",\"@id\":\"https:\\\/\\\/naturalpoland.com\\\/fr\\\/#\\\/schema\\\/logo\\\/image\\\/\",\"url\":\"https:\\\/\\\/naturalpoland.com\\\/wp-content\\\/uploads\\\/2021\\\/05\\\/natural-poland-icon.png\",\"contentUrl\":\"https:\\\/\\\/naturalpoland.com\\\/wp-content\\\/uploads\\\/2021\\\/05\\\/natural-poland-icon.png\",\"width\":512,\"height\":512,\"caption\":\"Natural Poland\"},\"image\":{\"@id\":\"https:\\\/\\\/naturalpoland.com\\\/fr\\\/#\\\/schema\\\/logo\\\/image\\\/\"},\"sameAs\":[\"https:\\\/\\\/www.facebook.com\\\/naturalpoland.b2b\",\"https:\\\/\\\/pl.linkedin.com\\\/company\\\/natural-poland\",\"https:\\\/\\\/www.youtube.com\\\/channel\\\/UCgeGGkvOMahZo-xu_MSEWxg\"]}]}<\/script>\n<!-- \/ Yoast SEO plugin. -->","yoast_head_json":{"title":"Hydrolysat de cr\u00e9atine - Distributeur en gros","description":"Lhydrolysat de k\u00e9ratine est une prot\u00e9ine aux propri\u00e9t\u00e9s conditionnantes et fortifiantes pour les cheveux. Mati\u00e8re premi\u00e8re cosm\u00e9tique \u00e0 haute solubilit\u00e9 et teneur en prot\u00e9ines \u2265 69 %.","robots":{"index":"index","follow":"follow","max-snippet":"max-snippet:-1","max-image-preview":"max-image-preview:large","max-video-preview":"max-video-preview:-1"},"canonical":"https:\/\/naturalpoland.com\/fr\/produkty\/produits-pour-lindustrie-cosmetique\/matieres-premieres-cosmetiques\/hydrolysat-de-creatine\/","og_locale":"fr_FR","og_type":"article","og_title":"Hydrolysat de cr\u00e9atine - Distributeur en gros","og_description":"Lhydrolysat de k\u00e9ratine est une prot\u00e9ine aux propri\u00e9t\u00e9s conditionnantes et fortifiantes pour les cheveux. Mati\u00e8re premi\u00e8re cosm\u00e9tique \u00e0 haute solubilit\u00e9 et teneur en prot\u00e9ines \u2265 69 %.","og_url":"https:\/\/naturalpoland.com\/fr\/produkty\/produits-pour-lindustrie-cosmetique\/matieres-premieres-cosmetiques\/hydrolysat-de-creatine\/","og_site_name":"NATURAL POLAND - Distributeur de mati\u00e8res premi\u00e8res en gros","article_publisher":"https:\/\/www.facebook.com\/naturalpoland.b2b","article_modified_time":"2026-03-20T12:24:56+00:00","og_image":[{"width":1024,"height":1024,"url":"https:\/\/naturalpoland.com\/wp-content\/uploads\/hydrolizat-kreatyny.webp","type":"image\/webp"}],"schema":{"@context":"https:\/\/schema.org","@graph":[{"@type":"WebPage","@id":"https:\/\/naturalpoland.com\/fr\/produkty\/produits-pour-lindustrie-cosmetique\/matieres-premieres-cosmetiques\/hydrolysat-de-creatine\/","url":"https:\/\/naturalpoland.com\/fr\/produkty\/produits-pour-lindustrie-cosmetique\/matieres-premieres-cosmetiques\/hydrolysat-de-creatine\/","name":"Hydrolysat de cr\u00e9atine - Distributeur en gros","isPartOf":{"@id":"https:\/\/naturalpoland.com\/fr\/#website"},"primaryImageOfPage":{"@id":"https:\/\/naturalpoland.com\/fr\/produkty\/produits-pour-lindustrie-cosmetique\/matieres-premieres-cosmetiques\/hydrolysat-de-creatine\/#primaryimage"},"image":{"@id":"https:\/\/naturalpoland.com\/fr\/produkty\/produits-pour-lindustrie-cosmetique\/matieres-premieres-cosmetiques\/hydrolysat-de-creatine\/#primaryimage"},"thumbnailUrl":"https:\/\/naturalpoland.com\/wp-content\/uploads\/hydrolizat-kreatyny.webp","datePublished":"2026-03-19T11:13:47+00:00","dateModified":"2026-03-20T12:24:56+00:00","description":"Lhydrolysat de k\u00e9ratine est une prot\u00e9ine aux propri\u00e9t\u00e9s conditionnantes et fortifiantes pour les cheveux. Mati\u00e8re premi\u00e8re cosm\u00e9tique \u00e0 haute solubilit\u00e9 et teneur en prot\u00e9ines \u2265 69 %.","breadcrumb":{"@id":"https:\/\/naturalpoland.com\/fr\/produkty\/produits-pour-lindustrie-cosmetique\/matieres-premieres-cosmetiques\/hydrolysat-de-creatine\/#breadcrumb"},"inLanguage":"fr-FR","potentialAction":[{"@type":"ReadAction","target":["https:\/\/naturalpoland.com\/fr\/produkty\/produits-pour-lindustrie-cosmetique\/matieres-premieres-cosmetiques\/hydrolysat-de-creatine\/"]}]},{"@type":"ImageObject","inLanguage":"fr-FR","@id":"https:\/\/naturalpoland.com\/fr\/produkty\/produits-pour-lindustrie-cosmetique\/matieres-premieres-cosmetiques\/hydrolysat-de-creatine\/#primaryimage","url":"https:\/\/naturalpoland.com\/wp-content\/uploads\/hydrolizat-kreatyny.webp","contentUrl":"https:\/\/naturalpoland.com\/wp-content\/uploads\/hydrolizat-kreatyny.webp","width":1024,"height":1024,"caption":"hydrolysat de cr\u00e9atine"},{"@type":"BreadcrumbList","@id":"https:\/\/naturalpoland.com\/fr\/produkty\/produits-pour-lindustrie-cosmetique\/matieres-premieres-cosmetiques\/hydrolysat-de-creatine\/#breadcrumb","itemListElement":[{"@type":"ListItem","position":1,"name":"Accueil","item":"https:\/\/naturalpoland.com\/fr\/"},{"@type":"ListItem","position":2,"name":"Produits","item":"https:\/\/naturalpoland.com\/fr\/produits\/"},{"@type":"ListItem","position":3,"name":"Hydrolysat de cr\u00e9atine"}]},{"@type":"WebSite","@id":"https:\/\/naturalpoland.com\/fr\/#website","url":"https:\/\/naturalpoland.com\/fr\/","name":"NATURAL POLAND - Distributeur de mati\u00e8res premi\u00e8res en gros","description":"Surowce dla przemys\u0142u spo\u017cywczego, kosmetycznego i farmaceutycznego","publisher":{"@id":"https:\/\/naturalpoland.com\/fr\/#organization"},"potentialAction":[{"@type":"SearchAction","target":{"@type":"EntryPoint","urlTemplate":"https:\/\/naturalpoland.com\/fr\/?s={search_term_string}"},"query-input":{"@type":"PropertyValueSpecification","valueRequired":true,"valueName":"search_term_string"}}],"inLanguage":"fr-FR"},{"@type":"Organization","@id":"https:\/\/naturalpoland.com\/fr\/#organization","name":"Natural Poland","url":"https:\/\/naturalpoland.com\/fr\/","logo":{"@type":"ImageObject","inLanguage":"fr-FR","@id":"https:\/\/naturalpoland.com\/fr\/#\/schema\/logo\/image\/","url":"https:\/\/naturalpoland.com\/wp-content\/uploads\/2021\/05\/natural-poland-icon.png","contentUrl":"https:\/\/naturalpoland.com\/wp-content\/uploads\/2021\/05\/natural-poland-icon.png","width":512,"height":512,"caption":"Natural Poland"},"image":{"@id":"https:\/\/naturalpoland.com\/fr\/#\/schema\/logo\/image\/"},"sameAs":["https:\/\/www.facebook.com\/naturalpoland.b2b","https:\/\/pl.linkedin.com\/company\/natural-poland","https:\/\/www.youtube.com\/channel\/UCgeGGkvOMahZo-xu_MSEWxg"]}]}},"_links":{"self":[{"href":"https:\/\/naturalpoland.com\/fr\/wp-json\/wp\/v2\/product\/46966","targetHints":{"allow":["GET"]}}],"collection":[{"href":"https:\/\/naturalpoland.com\/fr\/wp-json\/wp\/v2\/product"}],"about":[{"href":"https:\/\/naturalpoland.com\/fr\/wp-json\/wp\/v2\/types\/product"}],"wp:featuredmedia":[{"embeddable":true,"href":"https:\/\/naturalpoland.com\/fr\/wp-json\/wp\/v2\/media\/46967"}],"wp:attachment":[{"href":"https:\/\/naturalpoland.com\/fr\/wp-json\/wp\/v2\/media?parent=46966"}],"wp:term":[{"taxonomy":"product_brand","embeddable":true,"href":"https:\/\/naturalpoland.com\/fr\/wp-json\/wp\/v2\/product_brand?post=46966"},{"taxonomy":"product_cat","embeddable":true,"href":"https:\/\/naturalpoland.com\/fr\/wp-json\/wp\/v2\/product_cat?post=46966"},{"taxonomy":"product_tag","embeddable":true,"href":"https:\/\/naturalpoland.com\/fr\/wp-json\/wp\/v2\/product_tag?post=46966"}],"curies":[{"name":"wp","href":"https:\/\/api.w.org\/{rel}","templated":true}]}}