{"id":46994,"date":"2026-03-20T13:31:27","date_gmt":"2026-03-20T12:31:27","guid":{"rendered":"https:\/\/naturalpoland.com\/produkty\/non%20class\u00e9\/huile-mct-de-coco\/"},"modified":"2026-03-20T13:31:41","modified_gmt":"2026-03-20T12:31:41","slug":"huile-mct-de-coco","status":"publish","type":"product","link":"https:\/\/naturalpoland.com\/fr\/produkty\/huiles-alimentaires-et-cosmetiques\/huile-mct-de-coco\/","title":{"rendered":"Huile MCT (de coco)"},"content":{"rendered":"<h2>Caract\u00e9ristiques de lhuile MCT<\/h2>\n<p>L\u2019huile MCT se pr\u00e9sente sous la forme d\u2019un liquide clair, incolore, de faible viscosit\u00e9, inodore et insipide. Elle est destin\u00e9e \u00e0 \u00eatre utilis\u00e9e dans les formulations alimentaires, les compl\u00e9ments et les cosm\u00e9tiques. C\u2019est une mati\u00e8re premi\u00e8re technologiquement pr\u00e9visible gr\u00e2ce \u00e0 sa grande puret\u00e9 et sa stabilit\u00e9 oxydative (faible indice de peroxyde &lt;0,1 meq O\u2082\/kg).  <\/p>\n<h2>Propri\u00e9t\u00e9s et action de lhuile MCT<\/h2>\n<p>L\u2019huile MCT se distingue par un profil m\u00e9tabolique sp\u00e9cifique r\u00e9sultant de la pr\u00e9sence d\u2019acides gras \u00e0 cha\u00eene moyenne. Contrairement aux graisses \u00e0 cha\u00eene longue, les MCT sont rapidement absorb\u00e9s et m\u00e9tabolis\u00e9s, ce qui en fait une <strong>source d\u2019\u00e9nergie facilement disponible<\/strong>. <\/p>\n<p>La teneur en acide caprylique d\u2019environ 63 % et en acide caprique d\u2019environ 35 % influence la fonctionnalit\u00e9 du produit dans les applications nutraceutiques. Ces graisses sont souvent utilis\u00e9es dans les r\u00e9gimes fonctionnels, y compris le <strong>r\u00e9gime c\u00e9tog\u00e8ne<\/strong>, o\u00f9 elles agissent comme un substrat \u00e9nerg\u00e9tique rapidement disponible. <\/p>\n<p>Lhuile MCT est \u00e9galement appr\u00e9ci\u00e9e pour sa stabilit\u00e9 \u2013 un faible niveau dacides gras libres (indice dacide denviron 0,01 mg KOH\/g) et une tr\u00e8s faible teneur en eau (environ 0,02 %) contribuent \u00e0 sa durabilit\u00e9 et \u00e0 sa r\u00e9sistance \u00e0 loxydation.<\/p>\n<p>En cosm\u00e9tique, l\u2019huile MCT agit comme un <strong>\u00e9mollient l\u00e9ger<\/strong> et un support pour les substances actives. Gr\u00e2ce \u00e0 sa faible viscosit\u00e9, elle s\u2019\u00e9tale bien, est rapidement absorb\u00e9e et ne laisse pas de film gras sur la peau. Elle est souvent utilis\u00e9e comme alternative aux huiles v\u00e9g\u00e9tales plus lourdes.  <\/p>\n<h2>Applications de lhuile MCT de coco<\/h2>\n<p>Industrie alimentaire et compl\u00e9ments alimentaires<\/p>\n<ul>\n<li>compl\u00e9ments \u00e9nerg\u00e9tiques et produits c\u00e9tog\u00e8nes,<\/li>\n<li>boissons fonctionnelles et \u00ab bulletproof coffee \u00bb,<\/li>\n<li>additifs alimentaires et nutraceutiques,<\/li>\n<li>produits pour sportifs et personnes actives.<\/li>\n<\/ul>\n<p>Cosm\u00e9tiques<\/p>\n<ul>\n<li>huiles l\u00e9g\u00e8res pour le corps et le visage,<\/li>\n<li>pr\u00e9parations hydratantes et \u00e9mollientes,<\/li>\n<li>support de substances actives dans les s\u00e9rums et cr\u00e8mes,<\/li>\n<li>huiles de massage et produits de soin capillaire.<\/li>\n<\/ul>\n<p>Applications technologiques<\/p>\n<ul>\n<li>support dar\u00f4mes et dingr\u00e9dients actifs,<\/li>\n<li>composant de formulations n\u00e9cessitant des lipides stables,<\/li>\n<li>base pour produits \u00e0 dur\u00e9e de conservation prolong\u00e9e.<\/li>\n<\/ul>\n<h2>Composition en acides gras (GC FAME)<\/h2>\n<div class=\"row row-divided\"  id=\"row-589732928\">\n\n\t<div id=\"col-1254334719\" class=\"col medium-1\/2 large-6\"  >\n\t\t\t\t<div class=\"col-inner\"  >\n\t\t\t\n\t\t\t\n<h3>Param\u00e8tre<\/h3>\n<div class=\"is-divider divider clearfix\" ><\/div>\n<p>Acide capro\u00efque (C6:0)<\/p>\n<p>Acide caprylique (C8:0)<\/p>\n<p>Acide caprique (C10:0)<\/p>\n<p>Acide laurique (C12:0)<\/p>\n<p>Acide myristique (C14:0)<\/p>\n\t\t<\/div>\n\t\t\t\t\t<\/div>\n\n\t\n\n\t<div id=\"col-896337326\" class=\"col medium-1\/2 large-6\"  >\n\t\t\t\t<div class=\"col-inner\"  >\n\t\t\t\n\t\t\t\n<h3>R\u00e9sultat<\/h3>\n<div class=\"is-divider divider clearfix\" ><\/div>\n<p>0,3%<\/p>\n<p>63,4%<\/p>\n<p>35,8%<\/p>\n<p>0,5%<\/p>\n<p>0,0%<\/p>\n\t\t<\/div>\n\t\t\t\t\t<\/div>\n\n\t\n<\/div>\n","protected":false},"excerpt":{"rendered":"<p><strong>L\u2019huile MCT (Medium Chain Triglycerides)<\/strong> est une huile sp\u00e9cialis\u00e9e obtenue \u00e0 partir d\u2019huile de coco par un processus de fractionnement, au cours duquel les acides gras \u00e0 cha\u00eene moyenne sont isol\u00e9s. Contrairement \u00e0 l\u2019huile de coco classique, ce produit <strong>contient principalement des triglyc\u00e9rides d\u2019acide caprylique<\/strong> (C8) et <strong>caprique<\/strong> (C10), qui constituent son ingr\u00e9dient fonctionnel cl\u00e9. <\/p>\n","protected":false},"featured_media":46995,"template":"","meta":{"_acf_changed":false},"product_brand":[],"product_cat":[1296],"product_tag":[],"class_list":{"0":"post-46994","1":"product","2":"type-product","3":"status-publish","4":"has-post-thumbnail","6":"product_cat-huiles-alimentaires-et-cosmetiques","7":"pa_czesc-rosliny-pulpe-de-coco-endosperme-de-la-graine-coprah","9":"first","10":"instock","11":"shipping-taxable","12":"product-type-simple"},"acf":[],"yoast_head":"<!-- This site is optimized with the Yoast SEO plugin v27.6 - https:\/\/yoast.com\/product\/yoast-seo-wordpress\/ -->\n<title>Huile MCT (de coco) - Distributeur en gros<\/title>\n<meta name=\"description\" content=\"Lhuile MCT de coco est une graisse facilement digestible \u00e0 haute teneur en C8 et C10. Mati\u00e8re premi\u00e8re pour les compl\u00e9ments, les cosm\u00e9tiques et les produits fonctionnels.\" \/>\n<meta name=\"robots\" content=\"index, follow, max-snippet:-1, max-image-preview:large, max-video-preview:-1\" \/>\n<link rel=\"canonical\" href=\"https:\/\/naturalpoland.com\/fr\/produkty\/huiles-alimentaires-et-cosmetiques\/huile-mct-de-coco\/\" \/>\n<meta property=\"og:locale\" content=\"fr_FR\" \/>\n<meta property=\"og:type\" content=\"article\" \/>\n<meta property=\"og:title\" content=\"Huile MCT (de coco) - Distributeur en gros\" \/>\n<meta property=\"og:description\" content=\"Lhuile MCT de coco est une graisse facilement digestible \u00e0 haute teneur en C8 et C10. Mati\u00e8re premi\u00e8re pour les compl\u00e9ments, les cosm\u00e9tiques et les produits fonctionnels.\" \/>\n<meta property=\"og:url\" content=\"https:\/\/naturalpoland.com\/fr\/produkty\/huiles-alimentaires-et-cosmetiques\/huile-mct-de-coco\/\" \/>\n<meta property=\"og:site_name\" content=\"NATURAL POLAND - Distributeur de mati\u00e8res premi\u00e8res en gros\" \/>\n<meta property=\"article:publisher\" content=\"https:\/\/www.facebook.com\/naturalpoland.b2b\" \/>\n<meta property=\"article:modified_time\" content=\"2026-03-20T12:31:41+00:00\" \/>\n<meta property=\"og:image\" content=\"https:\/\/naturalpoland.com\/wp-content\/uploads\/olej-mct-z-kokosa.png\" \/>\n\t<meta property=\"og:image:width\" content=\"1024\" \/>\n\t<meta property=\"og:image:height\" content=\"1024\" \/>\n\t<meta property=\"og:image:type\" content=\"image\/png\" \/>\n<script type=\"application\/ld+json\" class=\"yoast-schema-graph\">{\"@context\":\"https:\\\/\\\/schema.org\",\"@graph\":[{\"@type\":\"WebPage\",\"@id\":\"https:\\\/\\\/naturalpoland.com\\\/fr\\\/produkty\\\/huiles-alimentaires-et-cosmetiques\\\/huile-mct-de-coco\\\/\",\"url\":\"https:\\\/\\\/naturalpoland.com\\\/fr\\\/produkty\\\/huiles-alimentaires-et-cosmetiques\\\/huile-mct-de-coco\\\/\",\"name\":\"Huile MCT (de coco) - Distributeur en gros\",\"isPartOf\":{\"@id\":\"https:\\\/\\\/naturalpoland.com\\\/fr\\\/#website\"},\"primaryImageOfPage\":{\"@id\":\"https:\\\/\\\/naturalpoland.com\\\/fr\\\/produkty\\\/huiles-alimentaires-et-cosmetiques\\\/huile-mct-de-coco\\\/#primaryimage\"},\"image\":{\"@id\":\"https:\\\/\\\/naturalpoland.com\\\/fr\\\/produkty\\\/huiles-alimentaires-et-cosmetiques\\\/huile-mct-de-coco\\\/#primaryimage\"},\"thumbnailUrl\":\"https:\\\/\\\/naturalpoland.com\\\/wp-content\\\/uploads\\\/olej-mct-z-kokosa.png\",\"datePublished\":\"2026-03-20T12:31:27+00:00\",\"dateModified\":\"2026-03-20T12:31:41+00:00\",\"description\":\"Lhuile MCT de coco est une graisse facilement digestible \u00e0 haute teneur en C8 et C10. Mati\u00e8re premi\u00e8re pour les compl\u00e9ments, les cosm\u00e9tiques et les produits fonctionnels.\",\"breadcrumb\":{\"@id\":\"https:\\\/\\\/naturalpoland.com\\\/fr\\\/produkty\\\/huiles-alimentaires-et-cosmetiques\\\/huile-mct-de-coco\\\/#breadcrumb\"},\"inLanguage\":\"fr-FR\",\"potentialAction\":[{\"@type\":\"ReadAction\",\"target\":[\"https:\\\/\\\/naturalpoland.com\\\/fr\\\/produkty\\\/huiles-alimentaires-et-cosmetiques\\\/huile-mct-de-coco\\\/\"]}]},{\"@type\":\"ImageObject\",\"inLanguage\":\"fr-FR\",\"@id\":\"https:\\\/\\\/naturalpoland.com\\\/fr\\\/produkty\\\/huiles-alimentaires-et-cosmetiques\\\/huile-mct-de-coco\\\/#primaryimage\",\"url\":\"https:\\\/\\\/naturalpoland.com\\\/wp-content\\\/uploads\\\/olej-mct-z-kokosa.png\",\"contentUrl\":\"https:\\\/\\\/naturalpoland.com\\\/wp-content\\\/uploads\\\/olej-mct-z-kokosa.png\",\"width\":1024,\"height\":1024,\"caption\":\"huile MCT de coco\"},{\"@type\":\"BreadcrumbList\",\"@id\":\"https:\\\/\\\/naturalpoland.com\\\/fr\\\/produkty\\\/huiles-alimentaires-et-cosmetiques\\\/huile-mct-de-coco\\\/#breadcrumb\",\"itemListElement\":[{\"@type\":\"ListItem\",\"position\":1,\"name\":\"Accueil\",\"item\":\"https:\\\/\\\/naturalpoland.com\\\/fr\\\/\"},{\"@type\":\"ListItem\",\"position\":2,\"name\":\"Produits\",\"item\":\"https:\\\/\\\/naturalpoland.com\\\/fr\\\/produits\\\/\"},{\"@type\":\"ListItem\",\"position\":3,\"name\":\"Huile MCT (de coco)\"}]},{\"@type\":\"WebSite\",\"@id\":\"https:\\\/\\\/naturalpoland.com\\\/fr\\\/#website\",\"url\":\"https:\\\/\\\/naturalpoland.com\\\/fr\\\/\",\"name\":\"NATURAL POLAND - Distributeur de mati\u00e8res premi\u00e8res en gros\",\"description\":\"Surowce dla przemys\u0142u spo\u017cywczego, kosmetycznego i farmaceutycznego\",\"publisher\":{\"@id\":\"https:\\\/\\\/naturalpoland.com\\\/fr\\\/#organization\"},\"potentialAction\":[{\"@type\":\"SearchAction\",\"target\":{\"@type\":\"EntryPoint\",\"urlTemplate\":\"https:\\\/\\\/naturalpoland.com\\\/fr\\\/?s={search_term_string}\"},\"query-input\":{\"@type\":\"PropertyValueSpecification\",\"valueRequired\":true,\"valueName\":\"search_term_string\"}}],\"inLanguage\":\"fr-FR\"},{\"@type\":\"Organization\",\"@id\":\"https:\\\/\\\/naturalpoland.com\\\/fr\\\/#organization\",\"name\":\"Natural Poland\",\"url\":\"https:\\\/\\\/naturalpoland.com\\\/fr\\\/\",\"logo\":{\"@type\":\"ImageObject\",\"inLanguage\":\"fr-FR\",\"@id\":\"https:\\\/\\\/naturalpoland.com\\\/fr\\\/#\\\/schema\\\/logo\\\/image\\\/\",\"url\":\"https:\\\/\\\/naturalpoland.com\\\/wp-content\\\/uploads\\\/2021\\\/05\\\/natural-poland-icon.png\",\"contentUrl\":\"https:\\\/\\\/naturalpoland.com\\\/wp-content\\\/uploads\\\/2021\\\/05\\\/natural-poland-icon.png\",\"width\":512,\"height\":512,\"caption\":\"Natural Poland\"},\"image\":{\"@id\":\"https:\\\/\\\/naturalpoland.com\\\/fr\\\/#\\\/schema\\\/logo\\\/image\\\/\"},\"sameAs\":[\"https:\\\/\\\/www.facebook.com\\\/naturalpoland.b2b\",\"https:\\\/\\\/pl.linkedin.com\\\/company\\\/natural-poland\",\"https:\\\/\\\/www.youtube.com\\\/channel\\\/UCgeGGkvOMahZo-xu_MSEWxg\"]}]}<\/script>\n<!-- \/ Yoast SEO plugin. -->","yoast_head_json":{"title":"Huile MCT (de coco) - Distributeur en gros","description":"Lhuile MCT de coco est une graisse facilement digestible \u00e0 haute teneur en C8 et C10. Mati\u00e8re premi\u00e8re pour les compl\u00e9ments, les cosm\u00e9tiques et les produits fonctionnels.","robots":{"index":"index","follow":"follow","max-snippet":"max-snippet:-1","max-image-preview":"max-image-preview:large","max-video-preview":"max-video-preview:-1"},"canonical":"https:\/\/naturalpoland.com\/fr\/produkty\/huiles-alimentaires-et-cosmetiques\/huile-mct-de-coco\/","og_locale":"fr_FR","og_type":"article","og_title":"Huile MCT (de coco) - Distributeur en gros","og_description":"Lhuile MCT de coco est une graisse facilement digestible \u00e0 haute teneur en C8 et C10. Mati\u00e8re premi\u00e8re pour les compl\u00e9ments, les cosm\u00e9tiques et les produits fonctionnels.","og_url":"https:\/\/naturalpoland.com\/fr\/produkty\/huiles-alimentaires-et-cosmetiques\/huile-mct-de-coco\/","og_site_name":"NATURAL POLAND - Distributeur de mati\u00e8res premi\u00e8res en gros","article_publisher":"https:\/\/www.facebook.com\/naturalpoland.b2b","article_modified_time":"2026-03-20T12:31:41+00:00","og_image":[{"width":1024,"height":1024,"url":"https:\/\/naturalpoland.com\/wp-content\/uploads\/olej-mct-z-kokosa.png","type":"image\/png"}],"schema":{"@context":"https:\/\/schema.org","@graph":[{"@type":"WebPage","@id":"https:\/\/naturalpoland.com\/fr\/produkty\/huiles-alimentaires-et-cosmetiques\/huile-mct-de-coco\/","url":"https:\/\/naturalpoland.com\/fr\/produkty\/huiles-alimentaires-et-cosmetiques\/huile-mct-de-coco\/","name":"Huile MCT (de coco) - Distributeur en gros","isPartOf":{"@id":"https:\/\/naturalpoland.com\/fr\/#website"},"primaryImageOfPage":{"@id":"https:\/\/naturalpoland.com\/fr\/produkty\/huiles-alimentaires-et-cosmetiques\/huile-mct-de-coco\/#primaryimage"},"image":{"@id":"https:\/\/naturalpoland.com\/fr\/produkty\/huiles-alimentaires-et-cosmetiques\/huile-mct-de-coco\/#primaryimage"},"thumbnailUrl":"https:\/\/naturalpoland.com\/wp-content\/uploads\/olej-mct-z-kokosa.png","datePublished":"2026-03-20T12:31:27+00:00","dateModified":"2026-03-20T12:31:41+00:00","description":"Lhuile MCT de coco est une graisse facilement digestible \u00e0 haute teneur en C8 et C10. Mati\u00e8re premi\u00e8re pour les compl\u00e9ments, les cosm\u00e9tiques et les produits fonctionnels.","breadcrumb":{"@id":"https:\/\/naturalpoland.com\/fr\/produkty\/huiles-alimentaires-et-cosmetiques\/huile-mct-de-coco\/#breadcrumb"},"inLanguage":"fr-FR","potentialAction":[{"@type":"ReadAction","target":["https:\/\/naturalpoland.com\/fr\/produkty\/huiles-alimentaires-et-cosmetiques\/huile-mct-de-coco\/"]}]},{"@type":"ImageObject","inLanguage":"fr-FR","@id":"https:\/\/naturalpoland.com\/fr\/produkty\/huiles-alimentaires-et-cosmetiques\/huile-mct-de-coco\/#primaryimage","url":"https:\/\/naturalpoland.com\/wp-content\/uploads\/olej-mct-z-kokosa.png","contentUrl":"https:\/\/naturalpoland.com\/wp-content\/uploads\/olej-mct-z-kokosa.png","width":1024,"height":1024,"caption":"huile MCT de coco"},{"@type":"BreadcrumbList","@id":"https:\/\/naturalpoland.com\/fr\/produkty\/huiles-alimentaires-et-cosmetiques\/huile-mct-de-coco\/#breadcrumb","itemListElement":[{"@type":"ListItem","position":1,"name":"Accueil","item":"https:\/\/naturalpoland.com\/fr\/"},{"@type":"ListItem","position":2,"name":"Produits","item":"https:\/\/naturalpoland.com\/fr\/produits\/"},{"@type":"ListItem","position":3,"name":"Huile MCT (de coco)"}]},{"@type":"WebSite","@id":"https:\/\/naturalpoland.com\/fr\/#website","url":"https:\/\/naturalpoland.com\/fr\/","name":"NATURAL POLAND - Distributeur de mati\u00e8res premi\u00e8res en gros","description":"Surowce dla przemys\u0142u spo\u017cywczego, kosmetycznego i farmaceutycznego","publisher":{"@id":"https:\/\/naturalpoland.com\/fr\/#organization"},"potentialAction":[{"@type":"SearchAction","target":{"@type":"EntryPoint","urlTemplate":"https:\/\/naturalpoland.com\/fr\/?s={search_term_string}"},"query-input":{"@type":"PropertyValueSpecification","valueRequired":true,"valueName":"search_term_string"}}],"inLanguage":"fr-FR"},{"@type":"Organization","@id":"https:\/\/naturalpoland.com\/fr\/#organization","name":"Natural Poland","url":"https:\/\/naturalpoland.com\/fr\/","logo":{"@type":"ImageObject","inLanguage":"fr-FR","@id":"https:\/\/naturalpoland.com\/fr\/#\/schema\/logo\/image\/","url":"https:\/\/naturalpoland.com\/wp-content\/uploads\/2021\/05\/natural-poland-icon.png","contentUrl":"https:\/\/naturalpoland.com\/wp-content\/uploads\/2021\/05\/natural-poland-icon.png","width":512,"height":512,"caption":"Natural Poland"},"image":{"@id":"https:\/\/naturalpoland.com\/fr\/#\/schema\/logo\/image\/"},"sameAs":["https:\/\/www.facebook.com\/naturalpoland.b2b","https:\/\/pl.linkedin.com\/company\/natural-poland","https:\/\/www.youtube.com\/channel\/UCgeGGkvOMahZo-xu_MSEWxg"]}]}},"_links":{"self":[{"href":"https:\/\/naturalpoland.com\/fr\/wp-json\/wp\/v2\/product\/46994","targetHints":{"allow":["GET"]}}],"collection":[{"href":"https:\/\/naturalpoland.com\/fr\/wp-json\/wp\/v2\/product"}],"about":[{"href":"https:\/\/naturalpoland.com\/fr\/wp-json\/wp\/v2\/types\/product"}],"wp:featuredmedia":[{"embeddable":true,"href":"https:\/\/naturalpoland.com\/fr\/wp-json\/wp\/v2\/media\/46995"}],"wp:attachment":[{"href":"https:\/\/naturalpoland.com\/fr\/wp-json\/wp\/v2\/media?parent=46994"}],"wp:term":[{"taxonomy":"product_brand","embeddable":true,"href":"https:\/\/naturalpoland.com\/fr\/wp-json\/wp\/v2\/product_brand?post=46994"},{"taxonomy":"product_cat","embeddable":true,"href":"https:\/\/naturalpoland.com\/fr\/wp-json\/wp\/v2\/product_cat?post=46994"},{"taxonomy":"product_tag","embeddable":true,"href":"https:\/\/naturalpoland.com\/fr\/wp-json\/wp\/v2\/product_tag?post=46994"}],"curies":[{"name":"wp","href":"https:\/\/api.w.org\/{rel}","templated":true}]}}