{"id":47990,"date":"2026-04-24T13:47:17","date_gmt":"2026-04-24T11:47:17","guid":{"rendered":"https:\/\/naturalpoland.com\/produkty\/non class\u00e9\/tourteau-de-lin\/"},"modified":"2026-04-28T12:10:14","modified_gmt":"2026-04-28T10:10:14","slug":"tourteau-de-lin","status":"publish","type":"product","link":"https:\/\/naturalpoland.com\/fr\/produkty\/produits-pour-lalimentation-animale\/matieres-premieres-pour-lalimentation-du-betail\/tourteau-de-lin\/","title":{"rendered":"Tourteau de lin"},"content":{"rendered":"<p>Le tourteau de lin est obtenu \u00e0 partir de graines de lin dor\u00e9es ou brunes provenant principalement des r\u00e9gions d&rsquo;Europe de l&rsquo;Est et d&rsquo;Asie Centrale. Gr\u00e2ce \u00e0 la conservation d&rsquo;une partie de la mati\u00e8re grasse et \u00e0 la pr\u00e9sence de compos\u00e9s bioactifs naturels, il constitue un composant fourrager pr\u00e9cieux dans l&rsquo;alimentation \u00e9quilibr\u00e9e des animaux d&rsquo;\u00e9levage. <\/p>\n<h2>Propri\u00e9t\u00e9s et composition :<\/h2>\n<p>La teneur en prot\u00e9ines de la mati\u00e8re premi\u00e8re est d&rsquo;au moins 30 %. La pr\u00e9sence de mati\u00e8res grasses r\u00e9siduelles de lin apporte des acides gras insatur\u00e9s, y compris l&rsquo;acide alpha-linol\u00e9nique (om\u00e9ga-3), qui peut am\u00e9liorer la valeur nutritionnelle de l&rsquo;aliment. La mati\u00e8re grasse sur mati\u00e8re s\u00e8che est \u2264 8 %, les fibres brutes : \u2264 11 %, et l&rsquo;humidit\u00e9 : \u2264 10 %.  <\/p>\n<p>Le produit est conforme aux exigences de l&rsquo;UE concernant la teneur en pesticides, et les niveaux de m\u00e9taux lourds et de mycotoxines sont maintenus dans les normes de s\u00e9curit\u00e9 sp\u00e9cifi\u00e9es.<\/p>\n<h2>Utilisation :<\/h2>\n<p>Le tourteau de lin est utilis\u00e9 comme :<\/p>\n<ul>\n<li>composant d&rsquo;aliments pour bovins, porcs et volailles,<\/li>\n<li>additif augmentant la teneur en prot\u00e9ines des m\u00e9langes,<\/li>\n<li>mati\u00e8re premi\u00e8re am\u00e9liorant le profil en acides gras de l&rsquo;aliment.<\/li>\n<\/ul>\n","protected":false},"excerpt":{"rendered":"<p><strong>Le tourteau de lin<\/strong> est un sous-produit obtenu lors du processus de pressage de l&rsquo;huile des graines de lin (<em>Linum usitatissimum<\/em>). C&rsquo;est une mati\u00e8re premi\u00e8re fourrag\u00e8re pr\u00e9cieuse, riche en prot\u00e9ines et pr\u00e9sentant un profil nutritionnel favorable. <\/p>\n","protected":false},"featured_media":47991,"template":"","meta":{"_acf_changed":false},"product_brand":[],"product_cat":[7754],"product_tag":[],"class_list":{"0":"post-47990","1":"product","2":"type-product","3":"status-publish","4":"has-post-thumbnail","6":"product_cat-matieres-premieres-pour-lalimentation-du-betail","7":"pa_przeznaczenie-surowca-matiere-premiere-fourragere","9":"first","10":"instock","11":"shipping-taxable","12":"product-type-simple"},"acf":[],"yoast_head":"<!-- This site is optimized with the Yoast SEO plugin v27.5 - https:\/\/yoast.com\/product\/yoast-seo-wordpress\/ -->\n<title>Tourteau de lin - Distributeur en gros<\/title>\n<meta name=\"description\" content=\"Le tourteau de lin est une mati\u00e8re premi\u00e8re fourrag\u00e8re riche en prot\u00e9ines, issue des graines de lin. C&#039;est une source naturelle de prot\u00e9ines et d&#039;acides gras om\u00e9ga-3 pour les aliments compos\u00e9s pour animaux.\" \/>\n<meta name=\"robots\" content=\"index, follow, max-snippet:-1, max-image-preview:large, max-video-preview:-1\" \/>\n<link rel=\"canonical\" href=\"https:\/\/naturalpoland.com\/fr\/produkty\/produits-pour-lalimentation-animale\/matieres-premieres-pour-lalimentation-du-betail\/tourteau-de-lin\/\" \/>\n<meta property=\"og:locale\" content=\"fr_FR\" \/>\n<meta property=\"og:type\" content=\"article\" \/>\n<meta property=\"og:title\" content=\"Tourteau de lin - Distributeur en gros\" \/>\n<meta property=\"og:description\" content=\"Le tourteau de lin est une mati\u00e8re premi\u00e8re fourrag\u00e8re riche en prot\u00e9ines, issue des graines de lin. C&#039;est une source naturelle de prot\u00e9ines et d&#039;acides gras om\u00e9ga-3 pour les aliments compos\u00e9s pour animaux.\" \/>\n<meta property=\"og:url\" content=\"https:\/\/naturalpoland.com\/fr\/produkty\/produits-pour-lalimentation-animale\/matieres-premieres-pour-lalimentation-du-betail\/tourteau-de-lin\/\" \/>\n<meta property=\"og:site_name\" content=\"NATURAL POLAND - Distributeur de mati\u00e8res premi\u00e8res en gros\" \/>\n<meta property=\"article:publisher\" content=\"https:\/\/www.facebook.com\/naturalpoland.b2b\" \/>\n<meta property=\"article:modified_time\" content=\"2026-04-28T10:10:14+00:00\" \/>\n<meta property=\"og:image\" content=\"https:\/\/naturalpoland.com\/wp-content\/uploads\/makuch-lniany.png\" \/>\n\t<meta property=\"og:image:width\" content=\"1024\" \/>\n\t<meta property=\"og:image:height\" content=\"1024\" \/>\n\t<meta property=\"og:image:type\" content=\"image\/png\" \/>\n<script type=\"application\/ld+json\" class=\"yoast-schema-graph\">{\"@context\":\"https:\\\/\\\/schema.org\",\"@graph\":[{\"@type\":\"WebPage\",\"@id\":\"https:\\\/\\\/naturalpoland.com\\\/fr\\\/produkty\\\/produits-pour-lalimentation-animale\\\/matieres-premieres-pour-lalimentation-du-betail\\\/tourteau-de-lin\\\/\",\"url\":\"https:\\\/\\\/naturalpoland.com\\\/fr\\\/produkty\\\/produits-pour-lalimentation-animale\\\/matieres-premieres-pour-lalimentation-du-betail\\\/tourteau-de-lin\\\/\",\"name\":\"Tourteau de lin - Distributeur en gros\",\"isPartOf\":{\"@id\":\"https:\\\/\\\/naturalpoland.com\\\/fr\\\/#website\"},\"primaryImageOfPage\":{\"@id\":\"https:\\\/\\\/naturalpoland.com\\\/fr\\\/produkty\\\/produits-pour-lalimentation-animale\\\/matieres-premieres-pour-lalimentation-du-betail\\\/tourteau-de-lin\\\/#primaryimage\"},\"image\":{\"@id\":\"https:\\\/\\\/naturalpoland.com\\\/fr\\\/produkty\\\/produits-pour-lalimentation-animale\\\/matieres-premieres-pour-lalimentation-du-betail\\\/tourteau-de-lin\\\/#primaryimage\"},\"thumbnailUrl\":\"https:\\\/\\\/naturalpoland.com\\\/wp-content\\\/uploads\\\/makuch-lniany.png\",\"datePublished\":\"2026-04-24T11:47:17+00:00\",\"dateModified\":\"2026-04-28T10:10:14+00:00\",\"description\":\"Le tourteau de lin est une mati\u00e8re premi\u00e8re fourrag\u00e8re riche en prot\u00e9ines, issue des graines de lin. C'est une source naturelle de prot\u00e9ines et d'acides gras om\u00e9ga-3 pour les aliments compos\u00e9s pour animaux.\",\"breadcrumb\":{\"@id\":\"https:\\\/\\\/naturalpoland.com\\\/fr\\\/produkty\\\/produits-pour-lalimentation-animale\\\/matieres-premieres-pour-lalimentation-du-betail\\\/tourteau-de-lin\\\/#breadcrumb\"},\"inLanguage\":\"fr-FR\",\"potentialAction\":[{\"@type\":\"ReadAction\",\"target\":[\"https:\\\/\\\/naturalpoland.com\\\/fr\\\/produkty\\\/produits-pour-lalimentation-animale\\\/matieres-premieres-pour-lalimentation-du-betail\\\/tourteau-de-lin\\\/\"]}]},{\"@type\":\"ImageObject\",\"inLanguage\":\"fr-FR\",\"@id\":\"https:\\\/\\\/naturalpoland.com\\\/fr\\\/produkty\\\/produits-pour-lalimentation-animale\\\/matieres-premieres-pour-lalimentation-du-betail\\\/tourteau-de-lin\\\/#primaryimage\",\"url\":\"https:\\\/\\\/naturalpoland.com\\\/wp-content\\\/uploads\\\/makuch-lniany.png\",\"contentUrl\":\"https:\\\/\\\/naturalpoland.com\\\/wp-content\\\/uploads\\\/makuch-lniany.png\",\"width\":1024,\"height\":1024,\"caption\":\"tourteau de lin\"},{\"@type\":\"BreadcrumbList\",\"@id\":\"https:\\\/\\\/naturalpoland.com\\\/fr\\\/produkty\\\/produits-pour-lalimentation-animale\\\/matieres-premieres-pour-lalimentation-du-betail\\\/tourteau-de-lin\\\/#breadcrumb\",\"itemListElement\":[{\"@type\":\"ListItem\",\"position\":1,\"name\":\"Accueil\",\"item\":\"https:\\\/\\\/naturalpoland.com\\\/fr\\\/\"},{\"@type\":\"ListItem\",\"position\":2,\"name\":\"Produits\",\"item\":\"https:\\\/\\\/naturalpoland.com\\\/fr\\\/produits\\\/\"},{\"@type\":\"ListItem\",\"position\":3,\"name\":\"Tourteau de lin\"}]},{\"@type\":\"WebSite\",\"@id\":\"https:\\\/\\\/naturalpoland.com\\\/fr\\\/#website\",\"url\":\"https:\\\/\\\/naturalpoland.com\\\/fr\\\/\",\"name\":\"NATURAL POLAND - Distributeur de mati\u00e8res premi\u00e8res en gros\",\"description\":\"Surowce dla przemys\u0142u spo\u017cywczego, kosmetycznego i farmaceutycznego\",\"publisher\":{\"@id\":\"https:\\\/\\\/naturalpoland.com\\\/fr\\\/#organization\"},\"potentialAction\":[{\"@type\":\"SearchAction\",\"target\":{\"@type\":\"EntryPoint\",\"urlTemplate\":\"https:\\\/\\\/naturalpoland.com\\\/fr\\\/?s={search_term_string}\"},\"query-input\":{\"@type\":\"PropertyValueSpecification\",\"valueRequired\":true,\"valueName\":\"search_term_string\"}}],\"inLanguage\":\"fr-FR\"},{\"@type\":\"Organization\",\"@id\":\"https:\\\/\\\/naturalpoland.com\\\/fr\\\/#organization\",\"name\":\"Natural Poland\",\"url\":\"https:\\\/\\\/naturalpoland.com\\\/fr\\\/\",\"logo\":{\"@type\":\"ImageObject\",\"inLanguage\":\"fr-FR\",\"@id\":\"https:\\\/\\\/naturalpoland.com\\\/fr\\\/#\\\/schema\\\/logo\\\/image\\\/\",\"url\":\"https:\\\/\\\/naturalpoland.com\\\/wp-content\\\/uploads\\\/2021\\\/05\\\/natural-poland-icon.png\",\"contentUrl\":\"https:\\\/\\\/naturalpoland.com\\\/wp-content\\\/uploads\\\/2021\\\/05\\\/natural-poland-icon.png\",\"width\":512,\"height\":512,\"caption\":\"Natural Poland\"},\"image\":{\"@id\":\"https:\\\/\\\/naturalpoland.com\\\/fr\\\/#\\\/schema\\\/logo\\\/image\\\/\"},\"sameAs\":[\"https:\\\/\\\/www.facebook.com\\\/naturalpoland.b2b\",\"https:\\\/\\\/pl.linkedin.com\\\/company\\\/natural-poland\",\"https:\\\/\\\/www.youtube.com\\\/channel\\\/UCgeGGkvOMahZo-xu_MSEWxg\"]}]}<\/script>\n<!-- \/ Yoast SEO plugin. -->","yoast_head_json":{"title":"Tourteau de lin - Distributeur en gros","description":"Le tourteau de lin est une mati\u00e8re premi\u00e8re fourrag\u00e8re riche en prot\u00e9ines, issue des graines de lin. C'est une source naturelle de prot\u00e9ines et d'acides gras om\u00e9ga-3 pour les aliments compos\u00e9s pour animaux.","robots":{"index":"index","follow":"follow","max-snippet":"max-snippet:-1","max-image-preview":"max-image-preview:large","max-video-preview":"max-video-preview:-1"},"canonical":"https:\/\/naturalpoland.com\/fr\/produkty\/produits-pour-lalimentation-animale\/matieres-premieres-pour-lalimentation-du-betail\/tourteau-de-lin\/","og_locale":"fr_FR","og_type":"article","og_title":"Tourteau de lin - Distributeur en gros","og_description":"Le tourteau de lin est une mati\u00e8re premi\u00e8re fourrag\u00e8re riche en prot\u00e9ines, issue des graines de lin. C'est une source naturelle de prot\u00e9ines et d'acides gras om\u00e9ga-3 pour les aliments compos\u00e9s pour animaux.","og_url":"https:\/\/naturalpoland.com\/fr\/produkty\/produits-pour-lalimentation-animale\/matieres-premieres-pour-lalimentation-du-betail\/tourteau-de-lin\/","og_site_name":"NATURAL POLAND - Distributeur de mati\u00e8res premi\u00e8res en gros","article_publisher":"https:\/\/www.facebook.com\/naturalpoland.b2b","article_modified_time":"2026-04-28T10:10:14+00:00","og_image":[{"width":1024,"height":1024,"url":"https:\/\/naturalpoland.com\/wp-content\/uploads\/makuch-lniany.png","type":"image\/png"}],"schema":{"@context":"https:\/\/schema.org","@graph":[{"@type":"WebPage","@id":"https:\/\/naturalpoland.com\/fr\/produkty\/produits-pour-lalimentation-animale\/matieres-premieres-pour-lalimentation-du-betail\/tourteau-de-lin\/","url":"https:\/\/naturalpoland.com\/fr\/produkty\/produits-pour-lalimentation-animale\/matieres-premieres-pour-lalimentation-du-betail\/tourteau-de-lin\/","name":"Tourteau de lin - Distributeur en gros","isPartOf":{"@id":"https:\/\/naturalpoland.com\/fr\/#website"},"primaryImageOfPage":{"@id":"https:\/\/naturalpoland.com\/fr\/produkty\/produits-pour-lalimentation-animale\/matieres-premieres-pour-lalimentation-du-betail\/tourteau-de-lin\/#primaryimage"},"image":{"@id":"https:\/\/naturalpoland.com\/fr\/produkty\/produits-pour-lalimentation-animale\/matieres-premieres-pour-lalimentation-du-betail\/tourteau-de-lin\/#primaryimage"},"thumbnailUrl":"https:\/\/naturalpoland.com\/wp-content\/uploads\/makuch-lniany.png","datePublished":"2026-04-24T11:47:17+00:00","dateModified":"2026-04-28T10:10:14+00:00","description":"Le tourteau de lin est une mati\u00e8re premi\u00e8re fourrag\u00e8re riche en prot\u00e9ines, issue des graines de lin. C'est une source naturelle de prot\u00e9ines et d'acides gras om\u00e9ga-3 pour les aliments compos\u00e9s pour animaux.","breadcrumb":{"@id":"https:\/\/naturalpoland.com\/fr\/produkty\/produits-pour-lalimentation-animale\/matieres-premieres-pour-lalimentation-du-betail\/tourteau-de-lin\/#breadcrumb"},"inLanguage":"fr-FR","potentialAction":[{"@type":"ReadAction","target":["https:\/\/naturalpoland.com\/fr\/produkty\/produits-pour-lalimentation-animale\/matieres-premieres-pour-lalimentation-du-betail\/tourteau-de-lin\/"]}]},{"@type":"ImageObject","inLanguage":"fr-FR","@id":"https:\/\/naturalpoland.com\/fr\/produkty\/produits-pour-lalimentation-animale\/matieres-premieres-pour-lalimentation-du-betail\/tourteau-de-lin\/#primaryimage","url":"https:\/\/naturalpoland.com\/wp-content\/uploads\/makuch-lniany.png","contentUrl":"https:\/\/naturalpoland.com\/wp-content\/uploads\/makuch-lniany.png","width":1024,"height":1024,"caption":"tourteau de lin"},{"@type":"BreadcrumbList","@id":"https:\/\/naturalpoland.com\/fr\/produkty\/produits-pour-lalimentation-animale\/matieres-premieres-pour-lalimentation-du-betail\/tourteau-de-lin\/#breadcrumb","itemListElement":[{"@type":"ListItem","position":1,"name":"Accueil","item":"https:\/\/naturalpoland.com\/fr\/"},{"@type":"ListItem","position":2,"name":"Produits","item":"https:\/\/naturalpoland.com\/fr\/produits\/"},{"@type":"ListItem","position":3,"name":"Tourteau de lin"}]},{"@type":"WebSite","@id":"https:\/\/naturalpoland.com\/fr\/#website","url":"https:\/\/naturalpoland.com\/fr\/","name":"NATURAL POLAND - Distributeur de mati\u00e8res premi\u00e8res en gros","description":"Surowce dla przemys\u0142u spo\u017cywczego, kosmetycznego i farmaceutycznego","publisher":{"@id":"https:\/\/naturalpoland.com\/fr\/#organization"},"potentialAction":[{"@type":"SearchAction","target":{"@type":"EntryPoint","urlTemplate":"https:\/\/naturalpoland.com\/fr\/?s={search_term_string}"},"query-input":{"@type":"PropertyValueSpecification","valueRequired":true,"valueName":"search_term_string"}}],"inLanguage":"fr-FR"},{"@type":"Organization","@id":"https:\/\/naturalpoland.com\/fr\/#organization","name":"Natural Poland","url":"https:\/\/naturalpoland.com\/fr\/","logo":{"@type":"ImageObject","inLanguage":"fr-FR","@id":"https:\/\/naturalpoland.com\/fr\/#\/schema\/logo\/image\/","url":"https:\/\/naturalpoland.com\/wp-content\/uploads\/2021\/05\/natural-poland-icon.png","contentUrl":"https:\/\/naturalpoland.com\/wp-content\/uploads\/2021\/05\/natural-poland-icon.png","width":512,"height":512,"caption":"Natural Poland"},"image":{"@id":"https:\/\/naturalpoland.com\/fr\/#\/schema\/logo\/image\/"},"sameAs":["https:\/\/www.facebook.com\/naturalpoland.b2b","https:\/\/pl.linkedin.com\/company\/natural-poland","https:\/\/www.youtube.com\/channel\/UCgeGGkvOMahZo-xu_MSEWxg"]}]}},"_links":{"self":[{"href":"https:\/\/naturalpoland.com\/fr\/wp-json\/wp\/v2\/product\/47990","targetHints":{"allow":["GET"]}}],"collection":[{"href":"https:\/\/naturalpoland.com\/fr\/wp-json\/wp\/v2\/product"}],"about":[{"href":"https:\/\/naturalpoland.com\/fr\/wp-json\/wp\/v2\/types\/product"}],"wp:featuredmedia":[{"embeddable":true,"href":"https:\/\/naturalpoland.com\/fr\/wp-json\/wp\/v2\/media\/47991"}],"wp:attachment":[{"href":"https:\/\/naturalpoland.com\/fr\/wp-json\/wp\/v2\/media?parent=47990"}],"wp:term":[{"taxonomy":"product_brand","embeddable":true,"href":"https:\/\/naturalpoland.com\/fr\/wp-json\/wp\/v2\/product_brand?post=47990"},{"taxonomy":"product_cat","embeddable":true,"href":"https:\/\/naturalpoland.com\/fr\/wp-json\/wp\/v2\/product_cat?post=47990"},{"taxonomy":"product_tag","embeddable":true,"href":"https:\/\/naturalpoland.com\/fr\/wp-json\/wp\/v2\/product_tag?post=47990"}],"curies":[{"name":"wp","href":"https:\/\/api.w.org\/{rel}","templated":true}]}}