{"id":9786,"date":"2021-05-11T13:36:36","date_gmt":"2021-09-14T14:59:12","guid":{"rendered":"https:\/\/naturalpoland.pl\/produkty\/non%20class\u00e9\/biotine\/"},"modified":"2024-08-08T14:55:44","modified_gmt":"2024-08-08T12:55:44","slug":"biotine","status":"publish","type":"product","link":"https:\/\/naturalpoland.com\/fr\/produkty\/produits-pour-les-industries-pharmaceutiques-et-medicales\/vitamines\/biotine\/","title":{"rendered":"Biotine"},"content":{"rendered":"<h2>La biotine en cosm\u00e9tologie &#8211; pour la peau, les cheveux et les ongles<\/h2>\n<p>  Dans l&rsquo;industrie cosm\u00e9tique, la biotine est surtout appr\u00e9ci\u00e9e pour ses effets sur la <strong>sant\u00e9 des cheveux et des ongles<\/strong>.<br \/>\nElle a un effet b\u00e9n\u00e9fique sur l&rsquo;\u00e9tat des cheveux, en pr\u00e9venant leur chute et en stimulant leur croissance.<br \/>\nElle a \u00e9galement un effet renfor\u00e7ant sur les ongles, pr\u00e9venant leur fragilit\u00e9 et leur d\u00e9doublement.<br \/>\nGr\u00e2ce \u00e0 ces propri\u00e9t\u00e9s, la biotine est un ingr\u00e9dient courant dans les <strong>shampooings<\/strong>, les <strong>revitalisants<\/strong> capillaires et les <strong>compl\u00e9ments alimentaires<\/strong> destin\u00e9s \u00e0 am\u00e9liorer l&rsquo;\u00e9tat de la peau, des cheveux et des ongles.     <\/p>\n<h2>La biotine en m\u00e9decine<\/h2>\n<p>  Bien que la biotine soit g\u00e9n\u00e9ralement associ\u00e9e \u00e0 un suppl\u00e9ment pour les cheveux et les ongles, cette vitamine joue \u00e9galement un r\u00f4le important dans de nombreux processus m\u00e9taboliques.<br \/>\nEn tant que coenzyme des carboxylases, elle est impliqu\u00e9e dans la transduction des signaux cellulaires et l&rsquo;expression des g\u00e8nes. <strong>B\u00e9n\u00e9fique pour le syst\u00e8me nerveux, la biotine <\/strong>est recommand\u00e9e aux personnes souffrant de stress excessif et de nervosit\u00e9. <strong>Une autre propri\u00e9t\u00e9 pr\u00e9cieuse de la biotine est son r\u00f4le dans le m\u00e9tabolisme du glucose<\/strong>.<br \/>\nElle r\u00e9gule la conversion du glucose en glycog\u00e8ne stock\u00e9 dans le foie.<br \/>\nLorsqu&rsquo;elle est prise en suppl\u00e9mentation par les personnes atteintes de diab\u00e8te, la biotine peut contribuer au maintien d&rsquo;une glyc\u00e9mie normale.<br \/>\nElle est \u00e9galement essentielle au bon fonctionnement de la glande thyro\u00efde et joue un r\u00f4le important <strong>dans le processus de coagulation du sang<\/strong>, par le biais de la coformation de la prothrombine.      &nbsp;<\/p>\n<p><img decoding=\"async\" class=\"aligncenter size-full wp-image-17141\" src=\"https:\/\/naturalpoland.com\/wp-content\/uploads\/Biotyna-wlasciwosci-i-efekty-stosowania.jpg\" alt=\"G\u00e9lules de biotine\" width=\"1000\" height=\"522\" srcset=\"https:\/\/naturalpoland.com\/wp-content\/uploads\/Biotyna-wlasciwosci-i-efekty-stosowania.jpg 1000w, https:\/\/naturalpoland.com\/wp-content\/uploads\/Biotyna-wlasciwosci-i-efekty-stosowania-510x266.jpg 510w, https:\/\/naturalpoland.com\/wp-content\/uploads\/Biotyna-wlasciwosci-i-efekty-stosowania-300x157.jpg 300w, https:\/\/naturalpoland.com\/wp-content\/uploads\/Biotyna-wlasciwosci-i-efekty-stosowania-768x401.jpg 768w\" sizes=\"(max-width: 1000px) 100vw, 1000px\" \/><\/p>\n<p>&nbsp;<\/p>\n<h2 class=\"wp-block-heading\">Combien de biotine par jour ?<\/h2>\n<p>  Comme pour les autres vitamines, la biotine est apport\u00e9e \u00e0 l&rsquo;organisme principalement par l&rsquo;alimentation.<br \/>\n<strong>Les besoins quotidiens en vitamine B7 chez l&rsquo;adulte sont d&rsquo;environ 30 \u03bcg<\/strong> et peuvent g\u00e9n\u00e9ralement \u00eatre couverts par une alimentation saine et \u00e9quilibr\u00e9e.<br \/>\nContrairement \u00e0 la <strong><a href=\"https:\/\/naturalpoland.com\/produkty\/produkty-dla-przemyslu-farmaceutycznego-i-medycznego\/witaminy\/witamina-b12\/\">vitamine B12<\/a><\/strong>la biotine ne n\u00e9cessite pas non plus de suppl\u00e9mentation dans le cas des r\u00e9gimes v\u00e9g\u00e9taliens et v\u00e9g\u00e9tariens.    <\/p>\n<h2 class=\"wp-block-heading\">Que contient la biotine ?<\/h2>\n<p>  La biotine se trouve non seulement<br \/>\n<strong>dans les aliments zoonotiques<\/strong> (jaune d&rsquo;\u0153uf, abats, poisson, lait et fromage \u00e9cr\u00e9m\u00e9), mais aussi<strong>dans les<\/strong> produits v\u00e9g\u00e9taux : fruits (bananes, past\u00e8ques, raisins, p\u00eaches), l\u00e9gumes (tomates, carottes), ainsi que<strong>les<\/strong> l\u00e9gumineuses.<br \/>\n<strong>dans les produits v\u00e9g\u00e9taux<\/strong>: fruits (bananes, past\u00e8ques, raisins, p\u00eaches), <strong>l\u00e9gumes <\/strong>(tomates, carottes), <strong>l\u00e9gumineuses<\/strong>, <strong>champignons <\/strong>et <strong>fruits \u00e0 coque<\/strong>.    <\/p>\n<h2 class=\"wp-block-heading\">Carence en biotine &#8211; sympt\u00f4mes<\/h2>\n<p>  Bien que la vitamine B7 soit tr\u00e8s facile \u00e0 fournir \u00e0 l&rsquo;organisme, certaines personnes peuvent avoir des difficult\u00e9s \u00e0 absorber ce nutriment.<br \/>\nDes carences en biotine peuvent survenir chez les femmes enceintes, les personnes d\u00e9pendantes de la nicotine ou de l&rsquo;alcool, celles qui prennent certains m\u00e9dicaments ou celles qui consomment des jaunes d&rsquo;\u0153ufs crus.<br \/>\nCes derniers, contrairement aux jaunes trait\u00e9s thermiquement, contiennent de l&rsquo;avidine qui se lie \u00e0 la biotine et inhibe son absorption par l&rsquo;organisme.<br \/>\nLes <strong>effets secondaires<\/strong> les plus caract\u00e9ristiques <strong>d&rsquo;une carence en biotine<\/strong> sont le grisonnement de la peau, la desquamation de l&rsquo;\u00e9piderme et la chute des cheveux. La <strong>carence en biotine<\/strong> n&rsquo;affecte pas seulement notre apparence, mais peut \u00e9galement provoquer des effets secondaires au niveau du syst\u00e8me nerveux.<br \/>\nCeux-ci comprennent, entre autres, la l\u00e9thargie, l&rsquo;apathie, les convulsions, la d\u00e9pression, l&rsquo;anxi\u00e9t\u00e9 et la fatigue chronique.<br \/>\nSi l&rsquo;on soup\u00e7onne une \u00e9ventuelle carence <a href=\"https:\/\/naturalpoland.pl\/kategoria\/produkty-dla-przemyslu-farmaceutycznego-i-medycznego\/witaminy\/\"><strong>Une carence en vitamine<\/strong><\/a> B7 est suspect\u00e9e, par exemple en cas de tension nerveuse chez la femme enceinte, sa suppl\u00e9mentation s&rsquo;av\u00e9rera \u00e9galement utile pour combattre ces sympt\u00f4mes.       <\/p>\n<h2 class=\"wp-block-heading\">Biotine &#8211; effets secondaires<\/h2>\n<p>  La biotine provoque rarement des effets secondaires.<br \/>\nIl s&rsquo;agit d&rsquo;une vitamine hydrosoluble et l&rsquo;exc\u00e8s est donc facilement \u00e9limin\u00e9 dans l&rsquo;urine.<br \/>\nEn cas d&rsquo;utilisation prolong\u00e9e de doses \u00e9lev\u00e9es, de l\u00e9gers troubles gastro-intestinaux &#8211; douleurs d&rsquo;estomac, naus\u00e9es, diarrh\u00e9es ou sautes d&rsquo;humeur &#8211; peuvent toutefois survenir.<br \/>\nIl est important de noter que la biotine peut interf\u00e9rer avec les r\u00e9sultats de certains tests de laboratoire.<br \/>\nLes personnes qui prennent de la vitamine B7 doivent interrompre la prise du compl\u00e9ment avant les tests de la thyro\u00efde, de la gonadotrophine et de la vitamine D, sinon les r\u00e9sultats obtenus peuvent \u00eatre surestim\u00e9s ou sous-estim\u00e9s par rapport aux valeurs r\u00e9elles.<br \/>\nDe nombreuses pr\u00e9parations contenant de la biotine sont disponibles sur le march\u00e9, tant sous forme de compl\u00e9ments que de produits cosm\u00e9tiques.<br \/>\nToutefois, avant de commencer une suppl\u00e9mentation en biotine, il est conseill\u00e9 de consulter un m\u00e9decin ou un pharmacien.<br \/>\nUne telle consultation permettra de s&rsquo;assurer que la suppl\u00e9mentation est s\u00fbre et efficace, et d&rsquo;adapter la dose appropri\u00e9e aux besoins individuels de l&rsquo;utilisateur. &nbsp;<\/p>\n<hr>\n<p><strong>Bibliographie :<\/strong> Bistas KG, Tadi P. (2020) Biotin.<br \/>\nStatPearls Publishing, Treasure Island (FL) https:\/\/europepmc.org\/article\/nbk\/nbk554493 Patel DP, Swink SM, Castelo-Soccio L. (2017) A Review of the Use of Biotin for Hair Loss.<br \/>\nSkin Appendage Disord.<br \/>\n3 : 166-169.<br \/>\n3.<br \/>\nhttps:\/\/zywienie.medonet.pl\/skladniki-odzywcze\/witaminy-i-mineraly\/biotyna-wlasciwosci-objawy-niedoboru-zrodla-witaminy-b7\/              <\/p>\n<hr>\n<h5 class=\"author-name uppercase pt-half\"><strong>DR N. FARM.<br \/>\nKATARZYNA KIMEL <\/strong><\/h5>\n<p class=\"author-desc small\">Docteur en sciences pharmaceutiques, dont les int\u00e9r\u00eats scientifiques se concentrent sur l&rsquo;\u00e9tude des m\u00e9dicaments \u00e0 base de plantes et des substances biologiquement actives d&rsquo;origine naturelle.<br \/>\nElle aime voyager et passer son temps libre dans la nature. <\/p>\n","protected":false},"excerpt":{"rendered":"<p>La <strong>biotine<\/strong>, \u00e9galement connue sous le nom de <strong>vitamine B7<\/strong> ou <strong>vitamine H<\/strong>, est un compos\u00e9 chimique reconnu pour ses nombreuses vertus en mati\u00e8re de sant\u00e9 et de beaut\u00e9.<br \/>\nIl entre dans la composition de nombreux compl\u00e9ments alimentaires et produits cosm\u00e9tiques. <\/p>\n","protected":false},"featured_media":31196,"template":"","meta":{"_acf_changed":false},"product_brand":[],"product_cat":[1302],"product_tag":[],"class_list":{"0":"post-9786","1":"product","2":"type-product","3":"status-publish","4":"has-post-thumbnail","6":"product_cat-vitamines","8":"first","9":"instock","10":"shipping-taxable","11":"product-type-simple"},"acf":[],"yoast_head":"<!-- This site is optimized with the Yoast SEO plugin v27.5 - https:\/\/yoast.com\/product\/yoast-seo-wordpress\/ -->\n<title>Biotine - NATURAL POLAND - Distributeur de mati\u00e8res premi\u00e8res en gros<\/title>\n<meta name=\"description\" content=\"La biotine, \u00e9galement connue sous le nom de vitamine B7 ou vitamine H, est un compos\u00e9 chimique appr\u00e9ci\u00e9 en m\u00e9decine et en cosm\u00e9tologie.\" \/>\n<meta name=\"robots\" content=\"index, follow, max-snippet:-1, max-image-preview:large, max-video-preview:-1\" \/>\n<link rel=\"canonical\" href=\"https:\/\/naturalpoland.com\/fr\/produkty\/produits-pour-les-industries-pharmaceutiques-et-medicales\/vitamines\/biotine\/\" \/>\n<meta property=\"og:locale\" content=\"fr_FR\" \/>\n<meta property=\"og:type\" content=\"article\" \/>\n<meta property=\"og:title\" content=\"Biotine - NATURAL POLAND - Distributeur de mati\u00e8res premi\u00e8res en gros\" \/>\n<meta property=\"og:description\" content=\"La biotine, \u00e9galement connue sous le nom de vitamine B7 ou vitamine H, est un compos\u00e9 chimique appr\u00e9ci\u00e9 en m\u00e9decine et en cosm\u00e9tologie.\" \/>\n<meta property=\"og:url\" content=\"https:\/\/naturalpoland.com\/fr\/produkty\/produits-pour-les-industries-pharmaceutiques-et-medicales\/vitamines\/biotine\/\" \/>\n<meta property=\"og:site_name\" content=\"NATURAL POLAND - Distributeur de mati\u00e8res premi\u00e8res en gros\" \/>\n<meta property=\"article:publisher\" content=\"https:\/\/www.facebook.com\/naturalpoland.b2b\" \/>\n<meta property=\"article:modified_time\" content=\"2024-08-08T12:55:44+00:00\" \/>\n<meta property=\"og:image\" content=\"https:\/\/naturalpoland.com\/wp-content\/uploads\/biotyna.webp\" \/>\n\t<meta property=\"og:image:width\" content=\"619\" \/>\n\t<meta property=\"og:image:height\" content=\"619\" \/>\n\t<meta property=\"og:image:type\" content=\"image\/webp\" \/>\n<script type=\"application\/ld+json\" class=\"yoast-schema-graph\">{\"@context\":\"https:\\\/\\\/schema.org\",\"@graph\":[{\"@type\":\"WebPage\",\"@id\":\"https:\\\/\\\/naturalpoland.com\\\/fr\\\/produkty\\\/produits-pour-les-industries-pharmaceutiques-et-medicales\\\/vitamines\\\/biotine\\\/\",\"url\":\"https:\\\/\\\/naturalpoland.com\\\/fr\\\/produkty\\\/produits-pour-les-industries-pharmaceutiques-et-medicales\\\/vitamines\\\/biotine\\\/\",\"name\":\"Biotine - NATURAL POLAND - Distributeur de mati\u00e8res premi\u00e8res en gros\",\"isPartOf\":{\"@id\":\"https:\\\/\\\/naturalpoland.com\\\/fr\\\/#website\"},\"primaryImageOfPage\":{\"@id\":\"https:\\\/\\\/naturalpoland.com\\\/fr\\\/produkty\\\/produits-pour-les-industries-pharmaceutiques-et-medicales\\\/vitamines\\\/biotine\\\/#primaryimage\"},\"image\":{\"@id\":\"https:\\\/\\\/naturalpoland.com\\\/fr\\\/produkty\\\/produits-pour-les-industries-pharmaceutiques-et-medicales\\\/vitamines\\\/biotine\\\/#primaryimage\"},\"thumbnailUrl\":\"https:\\\/\\\/naturalpoland.com\\\/wp-content\\\/uploads\\\/biotyna.webp\",\"datePublished\":\"2021-09-14T14:59:12+00:00\",\"dateModified\":\"2024-08-08T12:55:44+00:00\",\"description\":\"La biotine, \u00e9galement connue sous le nom de vitamine B7 ou vitamine H, est un compos\u00e9 chimique appr\u00e9ci\u00e9 en m\u00e9decine et en cosm\u00e9tologie.\",\"breadcrumb\":{\"@id\":\"https:\\\/\\\/naturalpoland.com\\\/fr\\\/produkty\\\/produits-pour-les-industries-pharmaceutiques-et-medicales\\\/vitamines\\\/biotine\\\/#breadcrumb\"},\"inLanguage\":\"fr-FR\",\"potentialAction\":[{\"@type\":\"ReadAction\",\"target\":[\"https:\\\/\\\/naturalpoland.com\\\/fr\\\/produkty\\\/produits-pour-les-industries-pharmaceutiques-et-medicales\\\/vitamines\\\/biotine\\\/\"]}]},{\"@type\":\"ImageObject\",\"inLanguage\":\"fr-FR\",\"@id\":\"https:\\\/\\\/naturalpoland.com\\\/fr\\\/produkty\\\/produits-pour-les-industries-pharmaceutiques-et-medicales\\\/vitamines\\\/biotine\\\/#primaryimage\",\"url\":\"https:\\\/\\\/naturalpoland.com\\\/wp-content\\\/uploads\\\/biotyna.webp\",\"contentUrl\":\"https:\\\/\\\/naturalpoland.com\\\/wp-content\\\/uploads\\\/biotyna.webp\",\"width\":619,\"height\":619,\"caption\":\"biotyna - proszek\"},{\"@type\":\"BreadcrumbList\",\"@id\":\"https:\\\/\\\/naturalpoland.com\\\/fr\\\/produkty\\\/produits-pour-les-industries-pharmaceutiques-et-medicales\\\/vitamines\\\/biotine\\\/#breadcrumb\",\"itemListElement\":[{\"@type\":\"ListItem\",\"position\":1,\"name\":\"Accueil\",\"item\":\"https:\\\/\\\/naturalpoland.com\\\/fr\\\/\"},{\"@type\":\"ListItem\",\"position\":2,\"name\":\"Produits\",\"item\":\"https:\\\/\\\/naturalpoland.com\\\/fr\\\/produits\\\/\"},{\"@type\":\"ListItem\",\"position\":3,\"name\":\"Biotine\"}]},{\"@type\":\"WebSite\",\"@id\":\"https:\\\/\\\/naturalpoland.com\\\/fr\\\/#website\",\"url\":\"https:\\\/\\\/naturalpoland.com\\\/fr\\\/\",\"name\":\"NATURAL POLAND - Distributeur de mati\u00e8res premi\u00e8res en gros\",\"description\":\"Surowce dla przemys\u0142u spo\u017cywczego, kosmetycznego i farmaceutycznego\",\"publisher\":{\"@id\":\"https:\\\/\\\/naturalpoland.com\\\/fr\\\/#organization\"},\"potentialAction\":[{\"@type\":\"SearchAction\",\"target\":{\"@type\":\"EntryPoint\",\"urlTemplate\":\"https:\\\/\\\/naturalpoland.com\\\/fr\\\/?s={search_term_string}\"},\"query-input\":{\"@type\":\"PropertyValueSpecification\",\"valueRequired\":true,\"valueName\":\"search_term_string\"}}],\"inLanguage\":\"fr-FR\"},{\"@type\":\"Organization\",\"@id\":\"https:\\\/\\\/naturalpoland.com\\\/fr\\\/#organization\",\"name\":\"Natural Poland\",\"url\":\"https:\\\/\\\/naturalpoland.com\\\/fr\\\/\",\"logo\":{\"@type\":\"ImageObject\",\"inLanguage\":\"fr-FR\",\"@id\":\"https:\\\/\\\/naturalpoland.com\\\/fr\\\/#\\\/schema\\\/logo\\\/image\\\/\",\"url\":\"https:\\\/\\\/naturalpoland.com\\\/wp-content\\\/uploads\\\/2021\\\/05\\\/natural-poland-icon.png\",\"contentUrl\":\"https:\\\/\\\/naturalpoland.com\\\/wp-content\\\/uploads\\\/2021\\\/05\\\/natural-poland-icon.png\",\"width\":512,\"height\":512,\"caption\":\"Natural Poland\"},\"image\":{\"@id\":\"https:\\\/\\\/naturalpoland.com\\\/fr\\\/#\\\/schema\\\/logo\\\/image\\\/\"},\"sameAs\":[\"https:\\\/\\\/www.facebook.com\\\/naturalpoland.b2b\",\"https:\\\/\\\/pl.linkedin.com\\\/company\\\/natural-poland\",\"https:\\\/\\\/www.youtube.com\\\/channel\\\/UCgeGGkvOMahZo-xu_MSEWxg\"]}]}<\/script>\n<!-- \/ Yoast SEO plugin. -->","yoast_head_json":{"title":"Biotine - NATURAL POLAND - Distributeur de mati\u00e8res premi\u00e8res en gros","description":"La biotine, \u00e9galement connue sous le nom de vitamine B7 ou vitamine H, est un compos\u00e9 chimique appr\u00e9ci\u00e9 en m\u00e9decine et en cosm\u00e9tologie.","robots":{"index":"index","follow":"follow","max-snippet":"max-snippet:-1","max-image-preview":"max-image-preview:large","max-video-preview":"max-video-preview:-1"},"canonical":"https:\/\/naturalpoland.com\/fr\/produkty\/produits-pour-les-industries-pharmaceutiques-et-medicales\/vitamines\/biotine\/","og_locale":"fr_FR","og_type":"article","og_title":"Biotine - NATURAL POLAND - Distributeur de mati\u00e8res premi\u00e8res en gros","og_description":"La biotine, \u00e9galement connue sous le nom de vitamine B7 ou vitamine H, est un compos\u00e9 chimique appr\u00e9ci\u00e9 en m\u00e9decine et en cosm\u00e9tologie.","og_url":"https:\/\/naturalpoland.com\/fr\/produkty\/produits-pour-les-industries-pharmaceutiques-et-medicales\/vitamines\/biotine\/","og_site_name":"NATURAL POLAND - Distributeur de mati\u00e8res premi\u00e8res en gros","article_publisher":"https:\/\/www.facebook.com\/naturalpoland.b2b","article_modified_time":"2024-08-08T12:55:44+00:00","og_image":[{"width":619,"height":619,"url":"https:\/\/naturalpoland.com\/wp-content\/uploads\/biotyna.webp","type":"image\/webp"}],"schema":{"@context":"https:\/\/schema.org","@graph":[{"@type":"WebPage","@id":"https:\/\/naturalpoland.com\/fr\/produkty\/produits-pour-les-industries-pharmaceutiques-et-medicales\/vitamines\/biotine\/","url":"https:\/\/naturalpoland.com\/fr\/produkty\/produits-pour-les-industries-pharmaceutiques-et-medicales\/vitamines\/biotine\/","name":"Biotine - NATURAL POLAND - Distributeur de mati\u00e8res premi\u00e8res en gros","isPartOf":{"@id":"https:\/\/naturalpoland.com\/fr\/#website"},"primaryImageOfPage":{"@id":"https:\/\/naturalpoland.com\/fr\/produkty\/produits-pour-les-industries-pharmaceutiques-et-medicales\/vitamines\/biotine\/#primaryimage"},"image":{"@id":"https:\/\/naturalpoland.com\/fr\/produkty\/produits-pour-les-industries-pharmaceutiques-et-medicales\/vitamines\/biotine\/#primaryimage"},"thumbnailUrl":"https:\/\/naturalpoland.com\/wp-content\/uploads\/biotyna.webp","datePublished":"2021-09-14T14:59:12+00:00","dateModified":"2024-08-08T12:55:44+00:00","description":"La biotine, \u00e9galement connue sous le nom de vitamine B7 ou vitamine H, est un compos\u00e9 chimique appr\u00e9ci\u00e9 en m\u00e9decine et en cosm\u00e9tologie.","breadcrumb":{"@id":"https:\/\/naturalpoland.com\/fr\/produkty\/produits-pour-les-industries-pharmaceutiques-et-medicales\/vitamines\/biotine\/#breadcrumb"},"inLanguage":"fr-FR","potentialAction":[{"@type":"ReadAction","target":["https:\/\/naturalpoland.com\/fr\/produkty\/produits-pour-les-industries-pharmaceutiques-et-medicales\/vitamines\/biotine\/"]}]},{"@type":"ImageObject","inLanguage":"fr-FR","@id":"https:\/\/naturalpoland.com\/fr\/produkty\/produits-pour-les-industries-pharmaceutiques-et-medicales\/vitamines\/biotine\/#primaryimage","url":"https:\/\/naturalpoland.com\/wp-content\/uploads\/biotyna.webp","contentUrl":"https:\/\/naturalpoland.com\/wp-content\/uploads\/biotyna.webp","width":619,"height":619,"caption":"biotyna - proszek"},{"@type":"BreadcrumbList","@id":"https:\/\/naturalpoland.com\/fr\/produkty\/produits-pour-les-industries-pharmaceutiques-et-medicales\/vitamines\/biotine\/#breadcrumb","itemListElement":[{"@type":"ListItem","position":1,"name":"Accueil","item":"https:\/\/naturalpoland.com\/fr\/"},{"@type":"ListItem","position":2,"name":"Produits","item":"https:\/\/naturalpoland.com\/fr\/produits\/"},{"@type":"ListItem","position":3,"name":"Biotine"}]},{"@type":"WebSite","@id":"https:\/\/naturalpoland.com\/fr\/#website","url":"https:\/\/naturalpoland.com\/fr\/","name":"NATURAL POLAND - Distributeur de mati\u00e8res premi\u00e8res en gros","description":"Surowce dla przemys\u0142u spo\u017cywczego, kosmetycznego i farmaceutycznego","publisher":{"@id":"https:\/\/naturalpoland.com\/fr\/#organization"},"potentialAction":[{"@type":"SearchAction","target":{"@type":"EntryPoint","urlTemplate":"https:\/\/naturalpoland.com\/fr\/?s={search_term_string}"},"query-input":{"@type":"PropertyValueSpecification","valueRequired":true,"valueName":"search_term_string"}}],"inLanguage":"fr-FR"},{"@type":"Organization","@id":"https:\/\/naturalpoland.com\/fr\/#organization","name":"Natural Poland","url":"https:\/\/naturalpoland.com\/fr\/","logo":{"@type":"ImageObject","inLanguage":"fr-FR","@id":"https:\/\/naturalpoland.com\/fr\/#\/schema\/logo\/image\/","url":"https:\/\/naturalpoland.com\/wp-content\/uploads\/2021\/05\/natural-poland-icon.png","contentUrl":"https:\/\/naturalpoland.com\/wp-content\/uploads\/2021\/05\/natural-poland-icon.png","width":512,"height":512,"caption":"Natural Poland"},"image":{"@id":"https:\/\/naturalpoland.com\/fr\/#\/schema\/logo\/image\/"},"sameAs":["https:\/\/www.facebook.com\/naturalpoland.b2b","https:\/\/pl.linkedin.com\/company\/natural-poland","https:\/\/www.youtube.com\/channel\/UCgeGGkvOMahZo-xu_MSEWxg"]}]}},"_links":{"self":[{"href":"https:\/\/naturalpoland.com\/fr\/wp-json\/wp\/v2\/product\/9786","targetHints":{"allow":["GET"]}}],"collection":[{"href":"https:\/\/naturalpoland.com\/fr\/wp-json\/wp\/v2\/product"}],"about":[{"href":"https:\/\/naturalpoland.com\/fr\/wp-json\/wp\/v2\/types\/product"}],"wp:featuredmedia":[{"embeddable":true,"href":"https:\/\/naturalpoland.com\/fr\/wp-json\/wp\/v2\/media\/31196"}],"wp:attachment":[{"href":"https:\/\/naturalpoland.com\/fr\/wp-json\/wp\/v2\/media?parent=9786"}],"wp:term":[{"taxonomy":"product_brand","embeddable":true,"href":"https:\/\/naturalpoland.com\/fr\/wp-json\/wp\/v2\/product_brand?post=9786"},{"taxonomy":"product_cat","embeddable":true,"href":"https:\/\/naturalpoland.com\/fr\/wp-json\/wp\/v2\/product_cat?post=9786"},{"taxonomy":"product_tag","embeddable":true,"href":"https:\/\/naturalpoland.com\/fr\/wp-json\/wp\/v2\/product_tag?post=9786"}],"curies":[{"name":"wp","href":"https:\/\/api.w.org\/{rel}","templated":true}]}}