{"id":36661,"date":"2024-10-11T13:25:48","date_gmt":"2024-10-16T12:40:45","guid":{"rendered":"https:\/\/naturalpoland.com\/produkty\/uncategorized\/shmn-tsypvrn\/"},"modified":"2024-10-16T14:40:45","modified_gmt":"2024-10-16T12:40:45","slug":"shmn-tsypvrn","status":"publish","type":"product","link":"https:\/\/naturalpoland.com\/he\/produkty\/cosmetic-he\/shemeney-ateriym\/shmn-tsypvrn\/","title":{"rendered":"\u05e9\u05de\u05df \u05e6\u05d9\u05e4\u05d5\u05e8\u05df"},"content":{"rendered":"<p>\u05e9\u05de\u05df \u05d0\u05ea\u05e8\u05d9 \u05e6\u05d9\u05e4\u05d5\u05e8\u05df \u05de\u05db\u05d9\u05dc \u05ea\u05db\u05d5\u05dc\u05d4 \u05d2\u05d1\u05d5\u05d4\u05d4 <strong>\u05e9\u05dc \u05d0\u05d0\u05d5\u05d2\u05e0\u05d5\u05dc<\/strong> <strong>\u05d5\u05d1\u05d8\u05d0-\u05e7\u05e8\u05d9\u05d5\u05e4\u05d9\u05dc\u05df<\/strong> \u05e2\u05dd \u05ea\u05db\u05d5\u05e0\u05d5\u05ea \u05d0\u05e0\u05d8\u05d9\u05d1\u05e7\u05d8\u05e8\u05d9\u05d0\u05dc\u05d9\u05d5\u05ea, \u05d0\u05e0\u05d8\u05d9 \u05d3\u05dc\u05e7\u05ea\u05d9\u05d5\u05ea \u05d5\u05d4\u05e8\u05d3\u05de\u05d4. \u05d4\u05e9\u05de\u05df \u05de\u05e9\u05de\u05e9 \u05d1\u05d0\u05e8\u05d5\u05de\u05ea\u05e8\u05e4\u05d9\u05d4 \u05d5\u05d1\u05de\u05d5\u05e6\u05e8\u05d9 \u05d8\u05d9\u05e4\u05d5\u05d7 \u05d5\u05d8\u05d9\u05e4\u05d5\u05dc, \u05d1\u05e2\u05d9\u05e7\u05e8 \u05dc\u05e9\u05d9\u05db\u05d5\u05da \u05db\u05d0\u05d1\u05d9\u05dd, \u05d4\u05e4\u05d7\u05ea\u05ea \u05d3\u05dc\u05e7\u05d5\u05ea \u05d5\u05ea\u05de\u05d9\u05db\u05d4 \u05d1\u05d8\u05d9\u05e4\u05d5\u05dc \u05d1\u05d0\u05e7\u05e0\u05d4. \u05d4\u05e9\u05de\u05df \u05de\u05e9\u05de\u05e9 \u05d2\u05dd \u05d1\u05e4\u05d5\u05e8\u05de\u05d5\u05dc\u05d5\u05ea \u05e9\u05dc \u05d4\u05d9\u05d2\u05d9\u05d9\u05e0\u05ea \u05d4\u05e4\u05d4 \u05d1\u05e9\u05dc \u05ea\u05db\u05d5\u05e0\u05d5\u05ea \u05d4\u05d7\u05d9\u05d8\u05d5\u05d9 \u05d5\u05d4\u05e8\u05e2\u05e0\u05d5\u05df \u05e9\u05dc\u05d5. \u05e9\u05de\u05df \u05e6\u05d9\u05e4\u05d5\u05e8\u05df \u05de\u05d9\u05d5\u05e2\u05d3 \u05dc\u05e9\u05d9\u05de\u05d5\u05e9 \u05d7\u05d9\u05e6\u05d5\u05e0\u05d9 \u05d1\u05dc\u05d1\u05d3 \u05d5\u05d9\u05e9 \u05dc\u05d4\u05e9\u05ea\u05de\u05e9 \u05d1\u05d5 \u05d1\u05d3\u05d9\u05dc\u05d5\u05dc \u05de\u05ea\u05d0\u05d9\u05dd \u05d1\u05de\u05d2\u05e2 \u05d9\u05e9\u05d9\u05e8 \u05e2\u05dd \u05d4\u05e2\u05d5\u05e8. \u05d4\u05e9\u05de\u05df \u05e2\u05dc\u05d5\u05dc \u05dc\u05d2\u05e8\u05d5\u05dd \u05dc\u05d2\u05d9\u05e8\u05d5\u05d9 \u05d1\u05e2\u05d5\u05e8 \u05d5\u05d1\u05e2\u05d9\u05e0\u05d9\u05d9\u05dd, \u05dc\u05db\u05df \u05de\u05d5\u05de\u05dc\u05e5 \u05dc\u05d4\u05d9\u05de\u05e0\u05e2 \u05de\u05de\u05d2\u05e2 \u05d9\u05e9\u05d9\u05e8 \u05d5\u05dc\u05d4\u05e9\u05ea\u05de\u05e9 \u05d1\u05d4\u05d2\u05e0\u05d4 \u05d0\u05d9\u05e9\u05d9\u05ea \u05d1\u05e2\u05ea \u05de\u05e8\u05d9\u05d7\u05ea\u05d5.  <\/p>\n<p>&nbsp;<\/p>\n","protected":false},"excerpt":{"rendered":"<p><strong>\u05e9\u05de\u05df \u05d0\u05ea\u05e8\u05d9 \u05e6\u05d9\u05e4\u05d5\u05e8\u05df<\/strong> \u05de\u05ea\u05e7\u05d1\u05dc \u05de\u05e2\u05dc\u05d9\u05dd \u05e9\u05dc <em>\u05e6\u05de\u05d7 Eugenia caryophyllus.<\/em> \u05d9\u05e9 \u05dc\u05d5 \u05e0\u05d9\u05d7\u05d5\u05d7 \u05e2\u05d6 \u05d5\u05de\u05ea\u05d5\u05d1\u05dc.<\/p>\n","protected":false},"featured_media":36470,"template":"","meta":[],"product_brand":[],"product_cat":[6267],"product_tag":[],"class_list":{"0":"post-36661","1":"product","2":"type-product","3":"status-publish","4":"has-post-thumbnail","6":"product_cat-shemeney-ateriym","8":"first","9":"instock","10":"shipping-taxable","11":"product-type-simple"},"yoast_head":"<!-- This site is optimized with the Yoast SEO plugin v27.3 - https:\/\/yoast.com\/product\/yoast-seo-wordpress\/ -->\n<title>\u05e9\u05de\u05df \u05e6\u05d9\u05e4\u05d5\u05e8\u05df - NATURAL POLAND - \u05de\u05e4\u05d9\u05e5 \u05e1\u05d9\u05d8\u05d5\u05e0\u05d0\u05d9 \u05e9\u05dc \u05d7\u05d5\u05de\u05e8\u05d9 \u05d2\u05dc\u05dd<\/title>\n<meta name=\"description\" content=\"\u05e9\u05de\u05df \u05e6\u05d9\u05e4\u05d5\u05e8\u05df, \u05d4\u05de\u05ea\u05e7\u05d1\u05dc \u05de\u05e2\u05dc\u05d9\u05dd \u05e9\u05dc \u05e6\u05de\u05d7 Eugenia caryophyllus, \u05de\u05ea\u05d0\u05e4\u05d9\u05d9\u05df \u05d1\u05e8\u05d9\u05d7\u05d5 \u05d4\u05e2\u05d6 \u05d5\u05d4\u05de\u05ea\u05d5\u05d1\u05dc \u05d5\u05d1\u05ea\u05db\u05d5\u05dc\u05ea \u05d4\u05d0\u05d0\u05d5\u05d2\u05e0\u05d5\u05dc \u05d4\u05d2\u05d1\u05d5\u05d4\u05d4 \u05e9\u05dc\u05d5.\" \/>\n<meta name=\"robots\" content=\"index, follow, max-snippet:-1, max-image-preview:large, max-video-preview:-1\" \/>\n<link rel=\"canonical\" href=\"https:\/\/naturalpoland.com\/he\/produkty\/cosmetic-he\/shemeney-ateriym\/shmn-tsypvrn\/\" \/>\n<meta property=\"og:locale\" content=\"he_IL\" \/>\n<meta property=\"og:type\" content=\"article\" \/>\n<meta property=\"og:title\" content=\"\u05e9\u05de\u05df \u05e6\u05d9\u05e4\u05d5\u05e8\u05df - NATURAL POLAND - \u05de\u05e4\u05d9\u05e5 \u05e1\u05d9\u05d8\u05d5\u05e0\u05d0\u05d9 \u05e9\u05dc \u05d7\u05d5\u05de\u05e8\u05d9 \u05d2\u05dc\u05dd\" \/>\n<meta property=\"og:description\" content=\"\u05e9\u05de\u05df \u05e6\u05d9\u05e4\u05d5\u05e8\u05df, \u05d4\u05de\u05ea\u05e7\u05d1\u05dc \u05de\u05e2\u05dc\u05d9\u05dd \u05e9\u05dc \u05e6\u05de\u05d7 Eugenia caryophyllus, \u05de\u05ea\u05d0\u05e4\u05d9\u05d9\u05df \u05d1\u05e8\u05d9\u05d7\u05d5 \u05d4\u05e2\u05d6 \u05d5\u05d4\u05de\u05ea\u05d5\u05d1\u05dc \u05d5\u05d1\u05ea\u05db\u05d5\u05dc\u05ea \u05d4\u05d0\u05d0\u05d5\u05d2\u05e0\u05d5\u05dc \u05d4\u05d2\u05d1\u05d5\u05d4\u05d4 \u05e9\u05dc\u05d5.\" \/>\n<meta property=\"og:url\" content=\"https:\/\/naturalpoland.com\/he\/produkty\/cosmetic-he\/shemeney-ateriym\/shmn-tsypvrn\/\" \/>\n<meta property=\"og:site_name\" content=\"NATURAL POLAND - \u05de\u05e4\u05d9\u05e5 \u05e1\u05d9\u05d8\u05d5\u05e0\u05d0\u05d9 \u05e9\u05dc \u05d7\u05d5\u05de\u05e8\u05d9 \u05d2\u05dc\u05dd\" \/>\n<meta property=\"article:publisher\" content=\"https:\/\/www.facebook.com\/naturalpoland.b2b\" \/>\n<meta property=\"og:image\" content=\"https:\/\/naturalpoland.com\/wp-content\/uploads\/olejek-eteryczny-z-lisci-gozdzikow.webp\" \/>\n\t<meta property=\"og:image:width\" content=\"610\" \/>\n\t<meta property=\"og:image:height\" content=\"610\" \/>\n\t<meta property=\"og:image:type\" content=\"image\/webp\" \/>\n<script type=\"application\/ld+json\" class=\"yoast-schema-graph\">{\"@context\":\"https:\\\/\\\/schema.org\",\"@graph\":[{\"@type\":\"WebPage\",\"@id\":\"https:\\\/\\\/naturalpoland.com\\\/he\\\/produkty\\\/cosmetic-he\\\/shemeney-ateriym\\\/shmn-tsypvrn\\\/\",\"url\":\"https:\\\/\\\/naturalpoland.com\\\/he\\\/produkty\\\/cosmetic-he\\\/shemeney-ateriym\\\/shmn-tsypvrn\\\/\",\"name\":\"\u05e9\u05de\u05df \u05e6\u05d9\u05e4\u05d5\u05e8\u05df - NATURAL POLAND - \u05de\u05e4\u05d9\u05e5 \u05e1\u05d9\u05d8\u05d5\u05e0\u05d0\u05d9 \u05e9\u05dc \u05d7\u05d5\u05de\u05e8\u05d9 \u05d2\u05dc\u05dd\",\"isPartOf\":{\"@id\":\"https:\\\/\\\/naturalpoland.com\\\/he\\\/#website\"},\"primaryImageOfPage\":{\"@id\":\"https:\\\/\\\/naturalpoland.com\\\/he\\\/produkty\\\/cosmetic-he\\\/shemeney-ateriym\\\/shmn-tsypvrn\\\/#primaryimage\"},\"image\":{\"@id\":\"https:\\\/\\\/naturalpoland.com\\\/he\\\/produkty\\\/cosmetic-he\\\/shemeney-ateriym\\\/shmn-tsypvrn\\\/#primaryimage\"},\"thumbnailUrl\":\"https:\\\/\\\/naturalpoland.com\\\/wp-content\\\/uploads\\\/olejek-eteryczny-z-lisci-gozdzikow.webp\",\"datePublished\":\"2024-10-16T12:40:45+00:00\",\"description\":\"\u05e9\u05de\u05df \u05e6\u05d9\u05e4\u05d5\u05e8\u05df, \u05d4\u05de\u05ea\u05e7\u05d1\u05dc \u05de\u05e2\u05dc\u05d9\u05dd \u05e9\u05dc \u05e6\u05de\u05d7 Eugenia caryophyllus, \u05de\u05ea\u05d0\u05e4\u05d9\u05d9\u05df \u05d1\u05e8\u05d9\u05d7\u05d5 \u05d4\u05e2\u05d6 \u05d5\u05d4\u05de\u05ea\u05d5\u05d1\u05dc \u05d5\u05d1\u05ea\u05db\u05d5\u05dc\u05ea \u05d4\u05d0\u05d0\u05d5\u05d2\u05e0\u05d5\u05dc \u05d4\u05d2\u05d1\u05d5\u05d4\u05d4 \u05e9\u05dc\u05d5.\",\"breadcrumb\":{\"@id\":\"https:\\\/\\\/naturalpoland.com\\\/he\\\/produkty\\\/cosmetic-he\\\/shemeney-ateriym\\\/shmn-tsypvrn\\\/#breadcrumb\"},\"inLanguage\":\"he-IL\",\"potentialAction\":[{\"@type\":\"ReadAction\",\"target\":[\"https:\\\/\\\/naturalpoland.com\\\/he\\\/produkty\\\/cosmetic-he\\\/shemeney-ateriym\\\/shmn-tsypvrn\\\/\"]}]},{\"@type\":\"ImageObject\",\"inLanguage\":\"he-IL\",\"@id\":\"https:\\\/\\\/naturalpoland.com\\\/he\\\/produkty\\\/cosmetic-he\\\/shemeney-ateriym\\\/shmn-tsypvrn\\\/#primaryimage\",\"url\":\"https:\\\/\\\/naturalpoland.com\\\/wp-content\\\/uploads\\\/olejek-eteryczny-z-lisci-gozdzikow.webp\",\"contentUrl\":\"https:\\\/\\\/naturalpoland.com\\\/wp-content\\\/uploads\\\/olejek-eteryczny-z-lisci-gozdzikow.webp\",\"width\":610,\"height\":610,\"caption\":\"olejek eteryczny z li\u015bci go\u017adzik\u00f3w\"},{\"@type\":\"BreadcrumbList\",\"@id\":\"https:\\\/\\\/naturalpoland.com\\\/he\\\/produkty\\\/cosmetic-he\\\/shemeney-ateriym\\\/shmn-tsypvrn\\\/#breadcrumb\",\"itemListElement\":[{\"@type\":\"ListItem\",\"position\":1,\"name\":\"\u05e2\u05de\u05d5\u05d3 \u05d4\u05d1\u05d9\u05ea\",\"item\":\"https:\\\/\\\/naturalpoland.com\\\/he\\\/\"},{\"@type\":\"ListItem\",\"position\":2,\"name\":\"\u05de\u05d5\u05e6\u05e8\u05d9\u05dd\",\"item\":\"https:\\\/\\\/naturalpoland.com\\\/he\\\/%d7%9e%d7%95%d7%a6%d7%a8%d7%99%d7%9d\\\/\"},{\"@type\":\"ListItem\",\"position\":3,\"name\":\"\u05e9\u05de\u05df \u05e6\u05d9\u05e4\u05d5\u05e8\u05df\"}]},{\"@type\":\"WebSite\",\"@id\":\"https:\\\/\\\/naturalpoland.com\\\/he\\\/#website\",\"url\":\"https:\\\/\\\/naturalpoland.com\\\/he\\\/\",\"name\":\"NATURAL POLAND - \u05de\u05e4\u05d9\u05e5 \u05e1\u05d9\u05d8\u05d5\u05e0\u05d0\u05d9 \u05e9\u05dc \u05d7\u05d5\u05de\u05e8\u05d9 \u05d2\u05dc\u05dd\",\"description\":\"Surowce dla przemys\u0142u spo\u017cywczego, kosmetycznego i farmaceutycznego\",\"publisher\":{\"@id\":\"https:\\\/\\\/naturalpoland.com\\\/he\\\/#organization\"},\"potentialAction\":[{\"@type\":\"SearchAction\",\"target\":{\"@type\":\"EntryPoint\",\"urlTemplate\":\"https:\\\/\\\/naturalpoland.com\\\/he\\\/?s={search_term_string}\"},\"query-input\":{\"@type\":\"PropertyValueSpecification\",\"valueRequired\":true,\"valueName\":\"search_term_string\"}}],\"inLanguage\":\"he-IL\"},{\"@type\":\"Organization\",\"@id\":\"https:\\\/\\\/naturalpoland.com\\\/he\\\/#organization\",\"name\":\"Natural Poland\",\"url\":\"https:\\\/\\\/naturalpoland.com\\\/he\\\/\",\"logo\":{\"@type\":\"ImageObject\",\"inLanguage\":\"he-IL\",\"@id\":\"https:\\\/\\\/naturalpoland.com\\\/he\\\/#\\\/schema\\\/logo\\\/image\\\/\",\"url\":\"https:\\\/\\\/naturalpoland.com\\\/wp-content\\\/uploads\\\/2021\\\/05\\\/natural-poland-icon.png\",\"contentUrl\":\"https:\\\/\\\/naturalpoland.com\\\/wp-content\\\/uploads\\\/2021\\\/05\\\/natural-poland-icon.png\",\"width\":512,\"height\":512,\"caption\":\"Natural Poland\"},\"image\":{\"@id\":\"https:\\\/\\\/naturalpoland.com\\\/he\\\/#\\\/schema\\\/logo\\\/image\\\/\"},\"sameAs\":[\"https:\\\/\\\/www.facebook.com\\\/naturalpoland.b2b\",\"https:\\\/\\\/pl.linkedin.com\\\/company\\\/natural-poland\",\"https:\\\/\\\/www.youtube.com\\\/channel\\\/UCgeGGkvOMahZo-xu_MSEWxg\"]}]}<\/script>\n<!-- \/ Yoast SEO plugin. -->","yoast_head_json":{"title":"\u05e9\u05de\u05df \u05e6\u05d9\u05e4\u05d5\u05e8\u05df - NATURAL POLAND - \u05de\u05e4\u05d9\u05e5 \u05e1\u05d9\u05d8\u05d5\u05e0\u05d0\u05d9 \u05e9\u05dc \u05d7\u05d5\u05de\u05e8\u05d9 \u05d2\u05dc\u05dd","description":"\u05e9\u05de\u05df \u05e6\u05d9\u05e4\u05d5\u05e8\u05df, \u05d4\u05de\u05ea\u05e7\u05d1\u05dc \u05de\u05e2\u05dc\u05d9\u05dd \u05e9\u05dc \u05e6\u05de\u05d7 Eugenia caryophyllus, \u05de\u05ea\u05d0\u05e4\u05d9\u05d9\u05df \u05d1\u05e8\u05d9\u05d7\u05d5 \u05d4\u05e2\u05d6 \u05d5\u05d4\u05de\u05ea\u05d5\u05d1\u05dc \u05d5\u05d1\u05ea\u05db\u05d5\u05dc\u05ea \u05d4\u05d0\u05d0\u05d5\u05d2\u05e0\u05d5\u05dc \u05d4\u05d2\u05d1\u05d5\u05d4\u05d4 \u05e9\u05dc\u05d5.","robots":{"index":"index","follow":"follow","max-snippet":"max-snippet:-1","max-image-preview":"max-image-preview:large","max-video-preview":"max-video-preview:-1"},"canonical":"https:\/\/naturalpoland.com\/he\/produkty\/cosmetic-he\/shemeney-ateriym\/shmn-tsypvrn\/","og_locale":"he_IL","og_type":"article","og_title":"\u05e9\u05de\u05df \u05e6\u05d9\u05e4\u05d5\u05e8\u05df - NATURAL POLAND - \u05de\u05e4\u05d9\u05e5 \u05e1\u05d9\u05d8\u05d5\u05e0\u05d0\u05d9 \u05e9\u05dc \u05d7\u05d5\u05de\u05e8\u05d9 \u05d2\u05dc\u05dd","og_description":"\u05e9\u05de\u05df \u05e6\u05d9\u05e4\u05d5\u05e8\u05df, \u05d4\u05de\u05ea\u05e7\u05d1\u05dc \u05de\u05e2\u05dc\u05d9\u05dd \u05e9\u05dc \u05e6\u05de\u05d7 Eugenia caryophyllus, \u05de\u05ea\u05d0\u05e4\u05d9\u05d9\u05df \u05d1\u05e8\u05d9\u05d7\u05d5 \u05d4\u05e2\u05d6 \u05d5\u05d4\u05de\u05ea\u05d5\u05d1\u05dc \u05d5\u05d1\u05ea\u05db\u05d5\u05dc\u05ea \u05d4\u05d0\u05d0\u05d5\u05d2\u05e0\u05d5\u05dc \u05d4\u05d2\u05d1\u05d5\u05d4\u05d4 \u05e9\u05dc\u05d5.","og_url":"https:\/\/naturalpoland.com\/he\/produkty\/cosmetic-he\/shemeney-ateriym\/shmn-tsypvrn\/","og_site_name":"NATURAL POLAND - \u05de\u05e4\u05d9\u05e5 \u05e1\u05d9\u05d8\u05d5\u05e0\u05d0\u05d9 \u05e9\u05dc \u05d7\u05d5\u05de\u05e8\u05d9 \u05d2\u05dc\u05dd","article_publisher":"https:\/\/www.facebook.com\/naturalpoland.b2b","og_image":[{"width":610,"height":610,"url":"https:\/\/naturalpoland.com\/wp-content\/uploads\/olejek-eteryczny-z-lisci-gozdzikow.webp","type":"image\/webp"}],"schema":{"@context":"https:\/\/schema.org","@graph":[{"@type":"WebPage","@id":"https:\/\/naturalpoland.com\/he\/produkty\/cosmetic-he\/shemeney-ateriym\/shmn-tsypvrn\/","url":"https:\/\/naturalpoland.com\/he\/produkty\/cosmetic-he\/shemeney-ateriym\/shmn-tsypvrn\/","name":"\u05e9\u05de\u05df \u05e6\u05d9\u05e4\u05d5\u05e8\u05df - NATURAL POLAND - \u05de\u05e4\u05d9\u05e5 \u05e1\u05d9\u05d8\u05d5\u05e0\u05d0\u05d9 \u05e9\u05dc \u05d7\u05d5\u05de\u05e8\u05d9 \u05d2\u05dc\u05dd","isPartOf":{"@id":"https:\/\/naturalpoland.com\/he\/#website"},"primaryImageOfPage":{"@id":"https:\/\/naturalpoland.com\/he\/produkty\/cosmetic-he\/shemeney-ateriym\/shmn-tsypvrn\/#primaryimage"},"image":{"@id":"https:\/\/naturalpoland.com\/he\/produkty\/cosmetic-he\/shemeney-ateriym\/shmn-tsypvrn\/#primaryimage"},"thumbnailUrl":"https:\/\/naturalpoland.com\/wp-content\/uploads\/olejek-eteryczny-z-lisci-gozdzikow.webp","datePublished":"2024-10-16T12:40:45+00:00","description":"\u05e9\u05de\u05df \u05e6\u05d9\u05e4\u05d5\u05e8\u05df, \u05d4\u05de\u05ea\u05e7\u05d1\u05dc \u05de\u05e2\u05dc\u05d9\u05dd \u05e9\u05dc \u05e6\u05de\u05d7 Eugenia caryophyllus, \u05de\u05ea\u05d0\u05e4\u05d9\u05d9\u05df \u05d1\u05e8\u05d9\u05d7\u05d5 \u05d4\u05e2\u05d6 \u05d5\u05d4\u05de\u05ea\u05d5\u05d1\u05dc \u05d5\u05d1\u05ea\u05db\u05d5\u05dc\u05ea \u05d4\u05d0\u05d0\u05d5\u05d2\u05e0\u05d5\u05dc \u05d4\u05d2\u05d1\u05d5\u05d4\u05d4 \u05e9\u05dc\u05d5.","breadcrumb":{"@id":"https:\/\/naturalpoland.com\/he\/produkty\/cosmetic-he\/shemeney-ateriym\/shmn-tsypvrn\/#breadcrumb"},"inLanguage":"he-IL","potentialAction":[{"@type":"ReadAction","target":["https:\/\/naturalpoland.com\/he\/produkty\/cosmetic-he\/shemeney-ateriym\/shmn-tsypvrn\/"]}]},{"@type":"ImageObject","inLanguage":"he-IL","@id":"https:\/\/naturalpoland.com\/he\/produkty\/cosmetic-he\/shemeney-ateriym\/shmn-tsypvrn\/#primaryimage","url":"https:\/\/naturalpoland.com\/wp-content\/uploads\/olejek-eteryczny-z-lisci-gozdzikow.webp","contentUrl":"https:\/\/naturalpoland.com\/wp-content\/uploads\/olejek-eteryczny-z-lisci-gozdzikow.webp","width":610,"height":610,"caption":"olejek eteryczny z li\u015bci go\u017adzik\u00f3w"},{"@type":"BreadcrumbList","@id":"https:\/\/naturalpoland.com\/he\/produkty\/cosmetic-he\/shemeney-ateriym\/shmn-tsypvrn\/#breadcrumb","itemListElement":[{"@type":"ListItem","position":1,"name":"\u05e2\u05de\u05d5\u05d3 \u05d4\u05d1\u05d9\u05ea","item":"https:\/\/naturalpoland.com\/he\/"},{"@type":"ListItem","position":2,"name":"\u05de\u05d5\u05e6\u05e8\u05d9\u05dd","item":"https:\/\/naturalpoland.com\/he\/%d7%9e%d7%95%d7%a6%d7%a8%d7%99%d7%9d\/"},{"@type":"ListItem","position":3,"name":"\u05e9\u05de\u05df \u05e6\u05d9\u05e4\u05d5\u05e8\u05df"}]},{"@type":"WebSite","@id":"https:\/\/naturalpoland.com\/he\/#website","url":"https:\/\/naturalpoland.com\/he\/","name":"NATURAL POLAND - \u05de\u05e4\u05d9\u05e5 \u05e1\u05d9\u05d8\u05d5\u05e0\u05d0\u05d9 \u05e9\u05dc \u05d7\u05d5\u05de\u05e8\u05d9 \u05d2\u05dc\u05dd","description":"Surowce dla przemys\u0142u spo\u017cywczego, kosmetycznego i farmaceutycznego","publisher":{"@id":"https:\/\/naturalpoland.com\/he\/#organization"},"potentialAction":[{"@type":"SearchAction","target":{"@type":"EntryPoint","urlTemplate":"https:\/\/naturalpoland.com\/he\/?s={search_term_string}"},"query-input":{"@type":"PropertyValueSpecification","valueRequired":true,"valueName":"search_term_string"}}],"inLanguage":"he-IL"},{"@type":"Organization","@id":"https:\/\/naturalpoland.com\/he\/#organization","name":"Natural Poland","url":"https:\/\/naturalpoland.com\/he\/","logo":{"@type":"ImageObject","inLanguage":"he-IL","@id":"https:\/\/naturalpoland.com\/he\/#\/schema\/logo\/image\/","url":"https:\/\/naturalpoland.com\/wp-content\/uploads\/2021\/05\/natural-poland-icon.png","contentUrl":"https:\/\/naturalpoland.com\/wp-content\/uploads\/2021\/05\/natural-poland-icon.png","width":512,"height":512,"caption":"Natural Poland"},"image":{"@id":"https:\/\/naturalpoland.com\/he\/#\/schema\/logo\/image\/"},"sameAs":["https:\/\/www.facebook.com\/naturalpoland.b2b","https:\/\/pl.linkedin.com\/company\/natural-poland","https:\/\/www.youtube.com\/channel\/UCgeGGkvOMahZo-xu_MSEWxg"]}]}},"_links":{"self":[{"href":"https:\/\/naturalpoland.com\/he\/wp-json\/wp\/v2\/product\/36661","targetHints":{"allow":["GET"]}}],"collection":[{"href":"https:\/\/naturalpoland.com\/he\/wp-json\/wp\/v2\/product"}],"about":[{"href":"https:\/\/naturalpoland.com\/he\/wp-json\/wp\/v2\/types\/product"}],"wp:featuredmedia":[{"embeddable":true,"href":"https:\/\/naturalpoland.com\/he\/wp-json\/wp\/v2\/media\/36470"}],"wp:attachment":[{"href":"https:\/\/naturalpoland.com\/he\/wp-json\/wp\/v2\/media?parent=36661"}],"wp:term":[{"taxonomy":"product_brand","embeddable":true,"href":"https:\/\/naturalpoland.com\/he\/wp-json\/wp\/v2\/product_brand?post=36661"},{"taxonomy":"product_cat","embeddable":true,"href":"https:\/\/naturalpoland.com\/he\/wp-json\/wp\/v2\/product_cat?post=36661"},{"taxonomy":"product_tag","embeddable":true,"href":"https:\/\/naturalpoland.com\/he\/wp-json\/wp\/v2\/product_tag?post=36661"}],"curies":[{"name":"wp","href":"https:\/\/api.w.org\/{rel}","templated":true}]}}