{"id":13692,"date":"2021-11-03T15:52:22","date_gmt":"2021-11-03T14:52:22","guid":{"rendered":"https:\/\/naturalpoland.pl\/chi-siamo\/"},"modified":"2025-11-03T12:22:16","modified_gmt":"2025-11-03T11:22:16","slug":"chi-siamo","status":"publish","type":"page","link":"https:\/\/naturalpoland.com\/it\/chi-siamo\/","title":{"rendered":"Chi siamo"},"content":{"rendered":"\n\n  <div class=\"banner has-hover\" id=\"banner-1229305340\">\n          <div class=\"banner-inner fill\">\n        <div class=\"banner-bg fill\" >\n            <img decoding=\"async\" width=\"1020\" height=\"680\" src=\"https:\/\/naturalpoland.com\/wp-content\/uploads\/2011\/07\/Fotolia_84309657_Subscription_Monthly_M_shadow.jpg\" class=\"bg attachment-large size-large\" alt=\"\" \/>                        <div class=\"overlay\"><\/div>            \n                    <\/div>\n\t\t\n        <div class=\"banner-layers container\">\n            <div class=\"fill banner-link\"><\/div>            \n\n   <div id=\"text-box-175374417\" class=\"text-box banner-layer x50 md-x50 lg-x50 y50 md-y50 lg-y50 res-text\">\n                                <div class=\"text-box-content text dark\">\n              \n              <div class=\"text-inner text-center\">\n                  \n\n<h1 class=\"uppercase\">chi siamo<\/h1>\n\n              <\/div>\n           <\/div>\n                            \n<style>\n#text-box-175374417 {\n  width: 60%;\n}\n#text-box-175374417 .text-box-content {\n  font-size: 100%;\n}\n@media (min-width:550px) {\n  #text-box-175374417 {\n    width: 60%;\n  }\n}\n<\/style>\n    <\/div>\n \n\n        <\/div>\n      <\/div>\n\n            \n<style>\n#banner-1229305340 {\n  padding-top: 350px;\n}\n#banner-1229305340 .overlay {\n  background-color: rgba(0,0,0,.5);\n}\n#banner-1229305340 .banner-bg img {\n  object-position: 77% 24%;\n}\n<\/style>\n  <\/div>\n\n\n\n\t<section class=\"section\" id=\"section_754645836\">\n\t\t<div class=\"section-bg fill\" >\n\t\t\t\t\t\t\t\t\t\n\t\t\t\n\n\t\t<\/div>\n\n\t\t\n\n\t\t<div class=\"section-content relative\">\n\t\t\t\n\n\t<div id=\"gap-1221338402\" class=\"gap-element clearfix\" style=\"display:block; height:auto;\">\n\t\t\n<style>\n#gap-1221338402 {\n  padding-top: 40px;\n}\n<\/style>\n\t<\/div>\n\t\n\n<div class=\"row align-center\"  id=\"row-561508709\">\n\n\n\t<div id=\"col-1023142015\" class=\"col medium-4 small-10 large-4\"  >\n\t\t\t\t<div class=\"col-inner\"  >\n\t\t\t\n\t\t\t\n\n\t<div id=\"text-1276926886\" class=\"text\">\n\t\t\n\n<h2 class=\"uppercase\"><span style=\"font-size: 150%;\">Natural Poland<\/h2>\n<p>STRZELCZYK S.R.L. <\/p>\n<p><\/span><\/p>\n\t\t\n<style>\n#text-1276926886 {\n  color: rgb(0,0,0);\n}\n#text-1276926886 > * {\n  color: rgb(0,0,0);\n}\n<\/style>\n\t<\/div>\n\t\n<a href=\"https:\/\/naturalpoland.com\/it\/contatto\/\" class=\"button primary is-link\" >\n\t\t<span>Vi invitiamo a collaborare<\/span>\n\t<i class=\"icon-angle-right\" aria-hidden=\"true\"><\/i><\/a>\n\n\n\t<div id=\"gap-24048149\" class=\"gap-element clearfix\" style=\"display:block; height:auto;\">\n\t\t\n<style>\n#gap-24048149 {\n  padding-top: 100px;\n}\n<\/style>\n\t<\/div>\n\t\n\n<h3><strong>La qualit\u00e0 al primo posto<\/strong><\/h3>\n<p>La qualit\u00e0 \u00e8 il fondamento della nostra attivit\u00e0, come confermato dal <strong>certificato ISO 9001:2015<\/strong>, che garantisce la conformit\u00e0 del nostro sistema di gestione della qualit\u00e0 ai pi\u00f9 elevati standard internazionali.<\/p>\n<p>\n    <img decoding=\"async\" src=\"\/wp-content\/uploads\/iso-209x300.png\" alt=\"Marchio del Centro di Certificazione della Qualit\u00e0 WAT per Strzelczyk S.r.l.\" width=\"150\" height=\"230\" style=\"margin: 3px;\">   <a href=\"\/wp-content\/uploads\/certyfikat-iso-strzelczyk.jpg\" target=\"_blank\"> <img decoding=\"async\" src=\"\/wp-content\/uploads\/certyfikat-iso-strzelczyk.jpg\" width=\"150\" style=\"margin: 3px;\"><\/a>\n<\/p>\n\n\t<div id=\"gap-1262452736\" class=\"gap-element clearfix\" style=\"display:block; height:auto;\">\n\t\t\n<style>\n#gap-1262452736 {\n  padding-top: 50px;\n}\n<\/style>\n\t<\/div>\n\t\n\n<h3><strong>Certificato ECO<\/strong><\/h3>\n<p>Inoltre, possediamo il <strong>certificato ECO<\/strong>, che copre la distribuzione, lo stoccaggio, l&#8217;importazione e l&#8217;esportazione di materie prime biologiche. Questi riconoscimenti sono la prova del nostro impegno nel fornire prodotti di altissima qualit\u00e0, in linea con le esigenze del mercato e con la cura per l&#8217;ambiente. <\/p>\n\t<div class=\"img has-hover x md-x lg-x y md-y lg-y\" id=\"image_9873660\">\n\t\t\t\t\t\t\t\t<div class=\"img-inner dark\" >\n\t\t\t<img decoding=\"async\" width=\"543\" height=\"533\" src=\"https:\/\/naturalpoland.com\/wp-content\/uploads\/eko.jpg\" class=\"attachment-large size-large\" alt=\"certyfikat eko\" srcset=\"https:\/\/naturalpoland.com\/wp-content\/uploads\/eko.jpg 543w, https:\/\/naturalpoland.com\/wp-content\/uploads\/eko-300x294.jpg 300w, https:\/\/naturalpoland.com\/wp-content\/uploads\/eko-510x501.jpg 510w\" sizes=\"(max-width: 543px) 100vw, 543px\" \/>\t\t\t\t\t\t\n\t\t\t\t\t<\/div>\n\t\t\t\t\t\t\t\t\n<style>\n#image_9873660 {\n  width: 100%;\n}\n<\/style>\n\t<\/div>\n\t\n\n<p><strong>Siamo specializzati nel commercio di sostanze attive, materie prime chimiche e additivi funzionali.<\/strong> I nostri prodotti sono utilizzati nell&#8217;industria alimentare, farmaceutica e cosmetica. <\/p>\n<p>La fiducia dei nostri clienti e il riconoscimento sul mercato sono la nostra priorit\u00e0. Vi ringraziamo per aver scelto la nostra azienda e vi assicuriamo che con noi la qualit\u00e0 va di pari passo con la professionalit\u00e0. <\/p>\n\n\t\t<\/div>\n\t\t\t\t\t<\/div>\n\n\t\n\n\t<div id=\"col-1402292901\" class=\"col medium-8 small-10 large-8\"  >\n\t\t\t\t<div class=\"col-inner\"  >\n\t\t\t\n\t\t\t\n\n\t<div id=\"text-1290808647\" class=\"text\">\n\t\t\n\n<p><strong>Natural Poland \u00e8 un&#8217;azienda polacca specializzata nella distribuzione di un&#8217;ampia gamma di materie prime per l&#8217;industria alimentare, cosmetica e farmaceutica<\/strong>. Conosciuta per l&#8217;alta qualit\u00e0 dei suoi prodotti, anche quelli innovativi, Natural Poland si \u00e8 affermata come distributore leader di materie prime specializzate per l&#8217;industria alimentare, cosmetica e farmaceutica in Europa. <\/p>\n<h3>Storia<\/h3>\n<p><span style=\"font-weight: 400;\">Fondata nel 1986, <strong><a href=\"https:\/\/www.strzelczyk.pl\">Agenzia immobiliare Strzelczyk S.r.l. (precedentemente Bracia Strzelczyk Witold Strzelczyk) <\/a><\/strong> in Polonia ha ampliato la sua attivit\u00e0 nel 2014, segnando una svolta importante. Questo passo strategico ha portato alla creazione di Natural Poland, un nuovo marchio impegnato nel commercio globale di materie prime cosmetiche, alimentari e farmaceutiche di alta qualit\u00e0. Dalla sua fondazione, Natural Poland, supportata da partnership strategiche con i principali produttori, \u00e8 diventata un attore forte nel mercato delle materie prime.  <\/span><\/p>\n<h3>Portfolio prodotti<\/h3>\n<p><b>Uno degli elementi chiave del portfolio prodotti di Natural Poland sono gli <a href=\"https:\/\/naturalpoland.com\/en\/category\/food-and-cosmetic-oils\/\">oli vegetali naturali spremuti a freddo<\/a>, provenienti principalmente dalla Polonia e dall&#8217;Ucraina.<\/b><span style=\"font-weight: 400;\">Questi oli soddisfano rigorose norme e standard europei, garantendone la qualit\u00e0 e l&#8217;affidabilit\u00e0. Tuttavia,  <\/span><b>il catalogo dell&#8217;azienda va oltre gli oli e comprende una vasta gamma di materie prime, tra cui estratti, macerati, idrolati, argille cosmetiche, cere, cellule staminali vegetali, semilavorati cosmetici e molto altro.<\/b><\/p>\n<h3>Attivit\u00e0 internazionale:<\/h3>\n<p><strong>L&#8217;azienda ha costruito una forte posizione sul mercato globale e i suoi prodotti sono distribuiti in oltre 20 paesi europei e al di fuori dell&#8217;Europa, tra cui Cina, Corea e USA. <\/strong>. In linea con la sua strategia commerciale internazionale, Natural Poland partecipa attivamente alle principali fiere, come SIAL, Food Taipei, Food Expo a Hong Kong, Fiere Fi Europe, presentando i propri prodotti e stabilendo contatti con potenziali partner.<br><br><\/p>\n<p><img decoding=\"async\" class=\"aligncenter wp-image-30769 \" src=\"https:\/\/naturalpoland.com\/wp-content\/uploads\/\/cosmoprof1-300x197.jpg\" alt=\"\" width=\"370\" height=\"243\" srcset=\"https:\/\/naturalpoland.com\/wp-content\/uploads\/cosmoprof1-300x197.jpg 300w, https:\/\/naturalpoland.com\/wp-content\/uploads\/cosmoprof1-1024x672.jpg 1024w, https:\/\/naturalpoland.com\/wp-content\/uploads\/cosmoprof1-768x504.jpg 768w, https:\/\/naturalpoland.com\/wp-content\/uploads\/cosmoprof1-510x335.jpg 510w, https:\/\/naturalpoland.com\/wp-content\/uploads\/cosmoprof1.jpg 1200w\" sizes=\"(max-width: 370px) 100vw, 370px\" \/><\/p>\n<p> <\/p>\n<p>Con un team multilingue fluente in inglese, tedesco, francese, polacco, ucraino, russo e cinese, Natural Poland gestisce eccellentemente i contatti internazionali. Per il mercato cinese, l&#8217;azienda dispone di personale che parla mandarino e di un rappresentante dedicato in Cina. Questo team diversificato consente all&#8217;azienda di condurre agevolmente transazioni commerciali e costruire relazioni durature con partner in tutto il mondo.  <\/p>\n<h3>Garanzia di qualit\u00e0<\/h3>\n<p>Natural Poland attribuisce grande importanza al mantenimento di alta qualit\u00e0 e alla conformit\u00e0 con gli standard di settore. <strong>L&#8217;azienda adempie attivamente a questo impegno visitando personalmente le piantagioni e gli impianti di produzione con cui collabora, garantendo che tutti i processi soddisfino i loro rigorosi standard<\/strong>. Questo approccio garantisce che solo le migliori materie prime entrino nella loro catena di approvvigionamento. <\/p>\n<p>Sottolineando il proprio impegno per la qualit\u00e0, Natural Poland collabora esclusivamente con fornitori accuratamente verificati. Inoltre, tutte le materie prime offerte possiedono le certificazioni necessarie, a testimonianza della costante ricerca dell&#8217;azienda di affidabilit\u00e0 e sicurezza dei propri prodotti. <\/p>\n<h3>Ricerca e sviluppo:<\/h3>\n<p>Natural Poland si concentra sull&#8217;innovazione e sullo sviluppo dei prodotti, cercando costantemente di includere i prodotti pi\u00f9 all&#8217;avanguardia nella propria offerta.<\/p>\n<p>L&#8217;azienda \u00e8 sempre aggiornata sugli ultimi sviluppi nel campo delle materie prime per alimenti e cosmetici. Se una materia prima non \u00e8 disponibile nella loro offerta attuale, il team effettua una ricerca globale approfondita per procurarsela. Questo approccio proattivo garantisce che Natural Poland abbia accesso a prodotti innovativi, mantenendo la propria posizione all&#8217;avanguardia nel settore.  <\/p>\n\t\t\n<style>\n#text-1290808647 {\n  color: rgb(0,0,0);\n}\n#text-1290808647 > * {\n  color: rgb(0,0,0);\n}\n<\/style>\n\t<\/div>\n\t\n\n\t\t<\/div>\n\t\t\t\t\t<\/div>\n\n\t\n\n<\/div>\n\n\t\t<\/div>\n\n\t\t\n<style>\n#section_754645836 {\n  padding-top: 30px;\n  padding-bottom: 30px;\n}\n<\/style>\n\t<\/section>\n\t\n<div class=\"row\"  id=\"row-1872746412\">\n\n\n<\/div>\n\n","protected":false},"excerpt":{"rendered":"","protected":false},"author":1,"featured_media":0,"parent":0,"menu_order":1,"comment_status":"closed","ping_status":"open","template":"page-blank.php","meta":{"_acf_changed":false,"footnotes":""},"class_list":["post-13692","page","type-page","status-publish","hentry"],"acf":[],"yoast_head":"<!-- This site is optimized with the Yoast SEO plugin v27.5 - https:\/\/yoast.com\/product\/yoast-seo-wordpress\/ -->\n<title>Chi siamo - NATURAL POLAND - Distributore all&#039;ingrosso di materie prime<\/title>\n<meta name=\"robots\" content=\"index, follow, max-snippet:-1, max-image-preview:large, max-video-preview:-1\" \/>\n<link rel=\"canonical\" href=\"https:\/\/naturalpoland.com\/it\/chi-siamo\/\" \/>\n<meta property=\"og:locale\" content=\"it_IT\" \/>\n<meta property=\"og:type\" content=\"article\" \/>\n<meta property=\"og:title\" content=\"Chi siamo - NATURAL POLAND - Distributore all&#039;ingrosso di materie prime\" \/>\n<meta property=\"og:url\" content=\"https:\/\/naturalpoland.com\/it\/chi-siamo\/\" \/>\n<meta property=\"og:site_name\" content=\"NATURAL POLAND - Distributore all&#039;ingrosso di materie prime\" \/>\n<meta property=\"article:publisher\" content=\"https:\/\/www.facebook.com\/naturalpoland.b2b\" \/>\n<meta property=\"article:modified_time\" content=\"2025-11-03T11:22:16+00:00\" \/>\n<meta property=\"og:image\" content=\"https:\/\/naturalpoland.com\/wp-content\/uploads\/\/cosmoprof1-300x197.jpg\" \/>\n<script type=\"application\/ld+json\" class=\"yoast-schema-graph\">{\"@context\":\"https:\\\/\\\/schema.org\",\"@graph\":[{\"@type\":\"WebPage\",\"@id\":\"https:\\\/\\\/naturalpoland.com\\\/it\\\/chi-siamo\\\/\",\"url\":\"https:\\\/\\\/naturalpoland.com\\\/it\\\/chi-siamo\\\/\",\"name\":\"Chi siamo - NATURAL POLAND - Distributore all'ingrosso di materie prime\",\"isPartOf\":{\"@id\":\"https:\\\/\\\/naturalpoland.com\\\/it\\\/#website\"},\"primaryImageOfPage\":{\"@id\":\"https:\\\/\\\/naturalpoland.com\\\/it\\\/chi-siamo\\\/#primaryimage\"},\"image\":{\"@id\":\"https:\\\/\\\/naturalpoland.com\\\/it\\\/chi-siamo\\\/#primaryimage\"},\"thumbnailUrl\":\"https:\\\/\\\/naturalpoland.com\\\/wp-content\\\/uploads\\\/\\\/cosmoprof1-300x197.jpg\",\"datePublished\":\"2021-11-03T14:52:22+00:00\",\"dateModified\":\"2025-11-03T11:22:16+00:00\",\"breadcrumb\":{\"@id\":\"https:\\\/\\\/naturalpoland.com\\\/it\\\/chi-siamo\\\/#breadcrumb\"},\"inLanguage\":\"it-IT\",\"potentialAction\":[{\"@type\":\"ReadAction\",\"target\":[\"https:\\\/\\\/naturalpoland.com\\\/it\\\/chi-siamo\\\/\"]}]},{\"@type\":\"ImageObject\",\"inLanguage\":\"it-IT\",\"@id\":\"https:\\\/\\\/naturalpoland.com\\\/it\\\/chi-siamo\\\/#primaryimage\",\"url\":\"https:\\\/\\\/naturalpoland.com\\\/wp-content\\\/uploads\\\/\\\/cosmoprof1-300x197.jpg\",\"contentUrl\":\"https:\\\/\\\/naturalpoland.com\\\/wp-content\\\/uploads\\\/\\\/cosmoprof1-300x197.jpg\"},{\"@type\":\"BreadcrumbList\",\"@id\":\"https:\\\/\\\/naturalpoland.com\\\/it\\\/chi-siamo\\\/#breadcrumb\",\"itemListElement\":[{\"@type\":\"ListItem\",\"position\":1,\"name\":\"Home\",\"item\":\"https:\\\/\\\/naturalpoland.com\\\/it\\\/\"},{\"@type\":\"ListItem\",\"position\":2,\"name\":\"Chi siamo\"}]},{\"@type\":\"WebSite\",\"@id\":\"https:\\\/\\\/naturalpoland.com\\\/it\\\/#website\",\"url\":\"https:\\\/\\\/naturalpoland.com\\\/it\\\/\",\"name\":\"NATURAL POLAND - Distributore all'ingrosso di materie prime\",\"description\":\"Surowce dla przemys\u0142u spo\u017cywczego, kosmetycznego i farmaceutycznego\",\"publisher\":{\"@id\":\"https:\\\/\\\/naturalpoland.com\\\/it\\\/#organization\"},\"potentialAction\":[{\"@type\":\"SearchAction\",\"target\":{\"@type\":\"EntryPoint\",\"urlTemplate\":\"https:\\\/\\\/naturalpoland.com\\\/it\\\/?s={search_term_string}\"},\"query-input\":{\"@type\":\"PropertyValueSpecification\",\"valueRequired\":true,\"valueName\":\"search_term_string\"}}],\"inLanguage\":\"it-IT\"},{\"@type\":\"Organization\",\"@id\":\"https:\\\/\\\/naturalpoland.com\\\/it\\\/#organization\",\"name\":\"Natural Poland\",\"url\":\"https:\\\/\\\/naturalpoland.com\\\/it\\\/\",\"logo\":{\"@type\":\"ImageObject\",\"inLanguage\":\"it-IT\",\"@id\":\"https:\\\/\\\/naturalpoland.com\\\/it\\\/#\\\/schema\\\/logo\\\/image\\\/\",\"url\":\"https:\\\/\\\/naturalpoland.com\\\/wp-content\\\/uploads\\\/2021\\\/05\\\/natural-poland-icon.png\",\"contentUrl\":\"https:\\\/\\\/naturalpoland.com\\\/wp-content\\\/uploads\\\/2021\\\/05\\\/natural-poland-icon.png\",\"width\":512,\"height\":512,\"caption\":\"Natural Poland\"},\"image\":{\"@id\":\"https:\\\/\\\/naturalpoland.com\\\/it\\\/#\\\/schema\\\/logo\\\/image\\\/\"},\"sameAs\":[\"https:\\\/\\\/www.facebook.com\\\/naturalpoland.b2b\",\"https:\\\/\\\/pl.linkedin.com\\\/company\\\/natural-poland\",\"https:\\\/\\\/www.youtube.com\\\/channel\\\/UCgeGGkvOMahZo-xu_MSEWxg\"]}]}<\/script>\n<!-- \/ Yoast SEO plugin. -->","yoast_head_json":{"title":"Chi siamo - NATURAL POLAND - Distributore all'ingrosso di materie prime","robots":{"index":"index","follow":"follow","max-snippet":"max-snippet:-1","max-image-preview":"max-image-preview:large","max-video-preview":"max-video-preview:-1"},"canonical":"https:\/\/naturalpoland.com\/it\/chi-siamo\/","og_locale":"it_IT","og_type":"article","og_title":"Chi siamo - NATURAL POLAND - Distributore all'ingrosso di materie prime","og_url":"https:\/\/naturalpoland.com\/it\/chi-siamo\/","og_site_name":"NATURAL POLAND - Distributore all'ingrosso di materie prime","article_publisher":"https:\/\/www.facebook.com\/naturalpoland.b2b","article_modified_time":"2025-11-03T11:22:16+00:00","og_image":[{"url":"https:\/\/naturalpoland.com\/wp-content\/uploads\/\/cosmoprof1-300x197.jpg","type":"","width":"","height":""}],"schema":{"@context":"https:\/\/schema.org","@graph":[{"@type":"WebPage","@id":"https:\/\/naturalpoland.com\/it\/chi-siamo\/","url":"https:\/\/naturalpoland.com\/it\/chi-siamo\/","name":"Chi siamo - NATURAL POLAND - Distributore all'ingrosso di materie prime","isPartOf":{"@id":"https:\/\/naturalpoland.com\/it\/#website"},"primaryImageOfPage":{"@id":"https:\/\/naturalpoland.com\/it\/chi-siamo\/#primaryimage"},"image":{"@id":"https:\/\/naturalpoland.com\/it\/chi-siamo\/#primaryimage"},"thumbnailUrl":"https:\/\/naturalpoland.com\/wp-content\/uploads\/\/cosmoprof1-300x197.jpg","datePublished":"2021-11-03T14:52:22+00:00","dateModified":"2025-11-03T11:22:16+00:00","breadcrumb":{"@id":"https:\/\/naturalpoland.com\/it\/chi-siamo\/#breadcrumb"},"inLanguage":"it-IT","potentialAction":[{"@type":"ReadAction","target":["https:\/\/naturalpoland.com\/it\/chi-siamo\/"]}]},{"@type":"ImageObject","inLanguage":"it-IT","@id":"https:\/\/naturalpoland.com\/it\/chi-siamo\/#primaryimage","url":"https:\/\/naturalpoland.com\/wp-content\/uploads\/\/cosmoprof1-300x197.jpg","contentUrl":"https:\/\/naturalpoland.com\/wp-content\/uploads\/\/cosmoprof1-300x197.jpg"},{"@type":"BreadcrumbList","@id":"https:\/\/naturalpoland.com\/it\/chi-siamo\/#breadcrumb","itemListElement":[{"@type":"ListItem","position":1,"name":"Home","item":"https:\/\/naturalpoland.com\/it\/"},{"@type":"ListItem","position":2,"name":"Chi siamo"}]},{"@type":"WebSite","@id":"https:\/\/naturalpoland.com\/it\/#website","url":"https:\/\/naturalpoland.com\/it\/","name":"NATURAL POLAND - Distributore all'ingrosso di materie prime","description":"Surowce dla przemys\u0142u spo\u017cywczego, kosmetycznego i farmaceutycznego","publisher":{"@id":"https:\/\/naturalpoland.com\/it\/#organization"},"potentialAction":[{"@type":"SearchAction","target":{"@type":"EntryPoint","urlTemplate":"https:\/\/naturalpoland.com\/it\/?s={search_term_string}"},"query-input":{"@type":"PropertyValueSpecification","valueRequired":true,"valueName":"search_term_string"}}],"inLanguage":"it-IT"},{"@type":"Organization","@id":"https:\/\/naturalpoland.com\/it\/#organization","name":"Natural Poland","url":"https:\/\/naturalpoland.com\/it\/","logo":{"@type":"ImageObject","inLanguage":"it-IT","@id":"https:\/\/naturalpoland.com\/it\/#\/schema\/logo\/image\/","url":"https:\/\/naturalpoland.com\/wp-content\/uploads\/2021\/05\/natural-poland-icon.png","contentUrl":"https:\/\/naturalpoland.com\/wp-content\/uploads\/2021\/05\/natural-poland-icon.png","width":512,"height":512,"caption":"Natural Poland"},"image":{"@id":"https:\/\/naturalpoland.com\/it\/#\/schema\/logo\/image\/"},"sameAs":["https:\/\/www.facebook.com\/naturalpoland.b2b","https:\/\/pl.linkedin.com\/company\/natural-poland","https:\/\/www.youtube.com\/channel\/UCgeGGkvOMahZo-xu_MSEWxg"]}]}},"_links":{"self":[{"href":"https:\/\/naturalpoland.com\/it\/wp-json\/wp\/v2\/pages\/13692","targetHints":{"allow":["GET"]}}],"collection":[{"href":"https:\/\/naturalpoland.com\/it\/wp-json\/wp\/v2\/pages"}],"about":[{"href":"https:\/\/naturalpoland.com\/it\/wp-json\/wp\/v2\/types\/page"}],"author":[{"embeddable":true,"href":"https:\/\/naturalpoland.com\/it\/wp-json\/wp\/v2\/users\/1"}],"replies":[{"embeddable":true,"href":"https:\/\/naturalpoland.com\/it\/wp-json\/wp\/v2\/comments?post=13692"}],"version-history":[{"count":3,"href":"https:\/\/naturalpoland.com\/it\/wp-json\/wp\/v2\/pages\/13692\/revisions"}],"predecessor-version":[{"id":43759,"href":"https:\/\/naturalpoland.com\/it\/wp-json\/wp\/v2\/pages\/13692\/revisions\/43759"}],"wp:attachment":[{"href":"https:\/\/naturalpoland.com\/it\/wp-json\/wp\/v2\/media?parent=13692"}],"curies":[{"name":"wp","href":"https:\/\/api.w.org\/{rel}","templated":true}]}}