{"id":16754,"date":"2021-12-22T11:05:34","date_gmt":"2021-12-22T10:05:34","guid":{"rendered":"https:\/\/naturalpoland.pl\/politica-sulla-riservatezza\/"},"modified":"2023-09-13T11:08:38","modified_gmt":"2023-09-13T09:08:38","slug":"politica-sulla-riservatezza","status":"publish","type":"page","link":"https:\/\/naturalpoland.com\/it\/politica-sulla-riservatezza\/","title":{"rendered":"politica sulla riservatezza"},"content":{"rendered":"\n<h3 style=\"text-align: center;\">\u00a71 DISPOSIZIONI GENERALI<\/h3>\n<ol>\n<li>La presente Informativa sulla privacy si applica a tutti gli aspetti del trattamento dei dati personali sul sito web naturalpoland.com (di seguito il &#8220;SITO&#8221;), gestito da STRZELCZYK Sp. z o.o. con sede legale a Varsavia (in precedenza: &#8220;BRACIA STRZELCZYK&#8221; WITOLD STRZELCZYK), ul. Marsza\u0142kowska 58\/11 e 12, 00-545 Varsavia, NIP: 7011162661, KRS: 0001055409, di seguito denominato &#8220;AMMINISTRATORE&#8221;.   <\/li>\n<li>Il contatto con l&#8217;AMMINISTRATORE avviene tramite l&#8217;indirizzo e-mail: <a href=\"mailto:kontakt@naturalpoland.com\">kontakt@naturalpoland.com.<\/a><\/li>\n<li>I dati personali degli utenti del SITO WEB sono trattati in conformit\u00e0 al Regolamento del Parlamento Europeo.<br>e del Consiglio (UE) 2016\/679 del 27 aprile 2016. sulla protezione delle persone in relazione al trattamento dei dati personali.<br>dati personali e sulla libera circolazione di tali dati e che abroga la direttiva 95\/46\/CE (direttiva generale sulla protezione dei dati).<br>Regolamento sulla protezione dei dati, RODO; GU. UE. L. 2016. n. 119, pag. 1 e successive modifiche).<\/li>\n<\/ol>\n<p> <\/p>\n<p> <\/p>\n<h3 style=\"text-align: center;\">\u00a72 DATI PERSONALI<\/h3>\n<ol>\n<li>I dati personali degli utenti del SITO WEB sono trattati per le seguenti finalit\u00e0:\n<ul>\n<li>la gestione dei &#8220;cookie&#8221;, ovvero analisi delle modalit\u00e0 di utilizzo e navigazione del SITO WEB da parte dell&#8217;Utente al fine di adattarlo alle esigenze e ai comportamenti degli Utenti &#8211; la base giuridica del trattamento dei dati \u00e8 il legittimo interesse dell&#8217;AMMINISTRATORE, come descritto nella Cookies Policy, ai sensi dell&#8217;art. 6 secondi 1(f) RODO;<\/li>\n<li>per rispondere a un messaggio inviato tramite il modulo di contatto o all&#8217;indirizzo e-mail dell&#8217;AMMINISTRATORE o per presentare un&#8217;offerta &#8211; la base giuridica per il trattamento dei dati \u00e8 il legittimo interesse dell&#8217;AMMINISTRATORE a trattare i dati dell&#8217;Utente per comunicare con lui ai sensi dell&#8217;art. 6 secondi 1(f) RODO e la natura necessaria del trattamento per prendere provvedimenti su richiesta dell&#8217;interessato prima della stipula di un contratto ai sensi dell&#8217;Art. 6 secondi 1(b);<\/li>\n<li>invio di newsletter &#8211; la base giuridica del trattamento \u00e8 il consenso dell&#8217;interessato al trattamento per una o pi\u00f9 finalit\u00e0 specifiche (articolo 6, paragrafo 1, lettera a), del RODO).<\/li>\n<\/ul>\n<\/li>\n<li>L&#8217;AMMINISTRATORE garantisce la protezione dei dati degli Utenti del SITO WEB (anche mediante l&#8217;utilizzo del protocollo SSL) in conformit\u00e0 con la legge applicabile e gli standard di sicurezza delle informazioni.<\/li>\n<li>I destinatari dei dati personali degli utenti del SITO WEB possono essere partner che collaborano con l&#8217;AMMINISTRATORE all&#8217;interno della sua struttura organizzativa e soggetti che elaborano dati per conto dell&#8217;AMMINISTRATORE, sulla base di accordi conclusi per l&#8217;affidamento del trattamento dei dati personali.<\/li>\n<li>Strumenti esterni, come Google Analytics, Google Ads e Google Tag Manager, trasmettono dati sull&#8217;utilizzo del SITO WEB al fornitore di servizi, ad es. Google LLC, al di fuori dello Spazio economico europeo. I dati vengono trasferiti negli Stati Uniti, dove le autorit\u00e0 pubbliche statunitensi possono accedere ai tuoi dati nell&#8217;ambito di determinati programmi di sicurezza nazionale.<\/li>\n<li>I dati personali saranno conservati per il seguente periodo:\n<ul>\n<li>dati trattati per la gestione dei cookie &#8211; fino alla scadenza o alla cancellazione dei cookie utilizzati a fini analitici da parte dell&#8217;Utente,<\/li>\n<li>i dati trattati per rispondere o fornire un&#8217;offerta &#8211; fino alla revoca del consenso o alla prescrizione dei reclami,<\/li>\n<li>i dati trattati per l&#8217;invio della newsletter &#8211; fino alla revoca del consenso.<\/li>\n<\/ul>\n<\/li>\n<li>Avete diritto a (in base alla base del trattamento):\n<ul>\n<li>Il diritto di accedere e ricevere una copia dei propri dati personali,<\/li>\n<li>Il diritto alla rettifica (modifica) dei vostri dati,<\/li>\n<li>Il diritto di richiedere la cancellazione o la limitazione del trattamento,<\/li>\n<li>Il diritto di opporsi al trattamento,<\/li>\n<li>il diritto alla portabilit\u00e0 dei dati,<\/li>\n<li>il diritto di presentare un reclamo a un&#8217;autorit\u00e0 di controllo, ovvero Presidente dell&#8217;Autorit\u00e0 Garante per la protezione dei dati personali, nel caso in cui il trattamento dei Suoi dati personali sia considerato in violazione delle disposizioni del RODO,<\/li>\n<li>il diritto di revocare il consenso in qualsiasi momento senza pregiudicare la liceit\u00e0 del trattamento effettuato sulla base del consenso prima della sua revoca; la revoca del consenso pu\u00f2 essere effettuata inviando una mail a: <a href=\"mailto:kontakt@naturalpoland.pl\">kontakt@naturalpoland.pl.<\/a><\/li>\n<\/ul>\n<\/li>\n<li>Le conseguenze della mancata trasmissione dei dati sono le seguenti:\n<ul>\n<li>nel caso di dati trattati per i cookie, non \u00e8 possibile tenere conto delle preferenze relative all&#8217;utilizzo del SITO WEB<\/li>\n<li>nel caso di dati trattati per rispondere o fornire un&#8217;offerta, non \u00e8 possibile rispondere alla richiesta inviata,<\/li>\n<li>nel caso di dati trattati per l&#8217;invio di una newsletter, la newsletter non potr\u00e0 essere inviata.<\/li>\n<\/ul>\n<\/li>\n<\/ol>\n<h3 style=\"text-align: center;\">\u00a73 POLITICA SUI COOKIE<\/h3>\n<ol>\n<li>I cookie sono informazioni testuali inviate da un server Web al dispositivo dell&#8217;utente.<br>quando si utilizza il SITO WEB.<\/li>\n<li>I cookie sono utilizzati dall&#8217;AMMINISTRATORE per garantire il corretto funzionamento del SITO WEB, per assicurare il<br>la sicurezza, l&#8217;adattamento dei contenuti del SITO WEB alle preferenze degli Utenti (ad es. scelta della versione<br>lingua), per compilare statistiche e per fornire agli utenti contenuti pubblicitari pi\u00f9 adatti alle loro esigenze.<br>i loro interessi.<\/li>\n<li>Gli utenti del SITO WEB possono modificare le impostazioni dei cookie in qualsiasi momento.<\/li>\n<li>Informazioni dettagliate sulla possibilit\u00e0 e sulla gestione dei cookie sono disponibili nelle impostazioni del browser.<br>Internet.<\/li>\n<li>Inoltre, l&#8217;UTENTE DEL SITO WEB pu\u00f2 impostare nelle impostazioni dei cookie la misura in cui questi possono essere memorizzati.<br>&#8220;cookie&#8221; da parte del server web; tuttavia, le limitazioni al loro utilizzo possono influire negativamente su alcune funzioni del sito.<br>disponibili sul SITO WEB.<\/li>\n<li>Utilizzando il SITO WEB, l&#8217;utente acconsente all&#8217;utilizzo dei cookie in conformit\u00e0 con la presente politica.<br>privacy.<\/li>\n<\/ol>\n<p> <\/p>\n\n\n","protected":false},"excerpt":{"rendered":"","protected":false},"author":1,"featured_media":0,"parent":0,"menu_order":0,"comment_status":"closed","ping_status":"closed","template":"","meta":{"_acf_changed":false,"footnotes":""},"class_list":["post-16754","page","type-page","status-publish","hentry"],"acf":[],"yoast_head":"<!-- This site is optimized with the Yoast SEO plugin v27.6 - https:\/\/yoast.com\/product\/yoast-seo-wordpress\/ -->\n<title>politica sulla riservatezza - NATURAL POLAND - Distributore all&#039;ingrosso di materie prime<\/title>\n<meta name=\"robots\" content=\"index, follow, max-snippet:-1, max-image-preview:large, max-video-preview:-1\" \/>\n<link rel=\"canonical\" href=\"https:\/\/naturalpoland.com\/it\/politica-sulla-riservatezza\/\" \/>\n<meta property=\"og:locale\" content=\"it_IT\" \/>\n<meta property=\"og:type\" content=\"article\" \/>\n<meta property=\"og:title\" content=\"politica sulla riservatezza - NATURAL POLAND - Distributore all&#039;ingrosso di materie prime\" \/>\n<meta property=\"og:url\" content=\"https:\/\/naturalpoland.com\/it\/politica-sulla-riservatezza\/\" \/>\n<meta property=\"og:site_name\" content=\"NATURAL POLAND - Distributore all&#039;ingrosso di materie prime\" \/>\n<meta property=\"article:publisher\" content=\"https:\/\/www.facebook.com\/naturalpoland.b2b\" \/>\n<meta property=\"article:modified_time\" content=\"2023-09-13T09:08:38+00:00\" \/>\n<meta property=\"og:image\" content=\"https:\/\/naturalpoland.com\/wp-content\/uploads\/2021\/05\/natural-poland-icon.png\" \/>\n\t<meta property=\"og:image:width\" content=\"512\" \/>\n\t<meta property=\"og:image:height\" content=\"512\" \/>\n\t<meta property=\"og:image:type\" content=\"image\/png\" \/>\n<script type=\"application\/ld+json\" class=\"yoast-schema-graph\">{\"@context\":\"https:\\\/\\\/schema.org\",\"@graph\":[{\"@type\":\"WebPage\",\"@id\":\"https:\\\/\\\/naturalpoland.com\\\/it\\\/politica-sulla-riservatezza\\\/\",\"url\":\"https:\\\/\\\/naturalpoland.com\\\/it\\\/politica-sulla-riservatezza\\\/\",\"name\":\"politica sulla riservatezza - NATURAL POLAND - Distributore all'ingrosso di materie prime\",\"isPartOf\":{\"@id\":\"https:\\\/\\\/naturalpoland.com\\\/it\\\/#website\"},\"datePublished\":\"2021-12-22T10:05:34+00:00\",\"dateModified\":\"2023-09-13T09:08:38+00:00\",\"breadcrumb\":{\"@id\":\"https:\\\/\\\/naturalpoland.com\\\/it\\\/politica-sulla-riservatezza\\\/#breadcrumb\"},\"inLanguage\":\"it-IT\",\"potentialAction\":[{\"@type\":\"ReadAction\",\"target\":[\"https:\\\/\\\/naturalpoland.com\\\/it\\\/politica-sulla-riservatezza\\\/\"]}]},{\"@type\":\"BreadcrumbList\",\"@id\":\"https:\\\/\\\/naturalpoland.com\\\/it\\\/politica-sulla-riservatezza\\\/#breadcrumb\",\"itemListElement\":[{\"@type\":\"ListItem\",\"position\":1,\"name\":\"Home\",\"item\":\"https:\\\/\\\/naturalpoland.com\\\/it\\\/\"},{\"@type\":\"ListItem\",\"position\":2,\"name\":\"politica sulla riservatezza\"}]},{\"@type\":\"WebSite\",\"@id\":\"https:\\\/\\\/naturalpoland.com\\\/it\\\/#website\",\"url\":\"https:\\\/\\\/naturalpoland.com\\\/it\\\/\",\"name\":\"NATURAL POLAND - Distributore all'ingrosso di materie prime\",\"description\":\"Surowce dla przemys\u0142u spo\u017cywczego, kosmetycznego i farmaceutycznego\",\"publisher\":{\"@id\":\"https:\\\/\\\/naturalpoland.com\\\/it\\\/#organization\"},\"potentialAction\":[{\"@type\":\"SearchAction\",\"target\":{\"@type\":\"EntryPoint\",\"urlTemplate\":\"https:\\\/\\\/naturalpoland.com\\\/it\\\/?s={search_term_string}\"},\"query-input\":{\"@type\":\"PropertyValueSpecification\",\"valueRequired\":true,\"valueName\":\"search_term_string\"}}],\"inLanguage\":\"it-IT\"},{\"@type\":\"Organization\",\"@id\":\"https:\\\/\\\/naturalpoland.com\\\/it\\\/#organization\",\"name\":\"Natural Poland\",\"url\":\"https:\\\/\\\/naturalpoland.com\\\/it\\\/\",\"logo\":{\"@type\":\"ImageObject\",\"inLanguage\":\"it-IT\",\"@id\":\"https:\\\/\\\/naturalpoland.com\\\/it\\\/#\\\/schema\\\/logo\\\/image\\\/\",\"url\":\"https:\\\/\\\/naturalpoland.com\\\/wp-content\\\/uploads\\\/2021\\\/05\\\/natural-poland-icon.png\",\"contentUrl\":\"https:\\\/\\\/naturalpoland.com\\\/wp-content\\\/uploads\\\/2021\\\/05\\\/natural-poland-icon.png\",\"width\":512,\"height\":512,\"caption\":\"Natural Poland\"},\"image\":{\"@id\":\"https:\\\/\\\/naturalpoland.com\\\/it\\\/#\\\/schema\\\/logo\\\/image\\\/\"},\"sameAs\":[\"https:\\\/\\\/www.facebook.com\\\/naturalpoland.b2b\",\"https:\\\/\\\/pl.linkedin.com\\\/company\\\/natural-poland\",\"https:\\\/\\\/www.youtube.com\\\/channel\\\/UCgeGGkvOMahZo-xu_MSEWxg\"]}]}<\/script>\n<!-- \/ Yoast SEO plugin. -->","yoast_head_json":{"title":"politica sulla riservatezza - NATURAL POLAND - Distributore all'ingrosso di materie prime","robots":{"index":"index","follow":"follow","max-snippet":"max-snippet:-1","max-image-preview":"max-image-preview:large","max-video-preview":"max-video-preview:-1"},"canonical":"https:\/\/naturalpoland.com\/it\/politica-sulla-riservatezza\/","og_locale":"it_IT","og_type":"article","og_title":"politica sulla riservatezza - NATURAL POLAND - Distributore all'ingrosso di materie prime","og_url":"https:\/\/naturalpoland.com\/it\/politica-sulla-riservatezza\/","og_site_name":"NATURAL POLAND - Distributore all'ingrosso di materie prime","article_publisher":"https:\/\/www.facebook.com\/naturalpoland.b2b","article_modified_time":"2023-09-13T09:08:38+00:00","og_image":[{"width":512,"height":512,"url":"https:\/\/naturalpoland.com\/wp-content\/uploads\/2021\/05\/natural-poland-icon.png","type":"image\/png"}],"schema":{"@context":"https:\/\/schema.org","@graph":[{"@type":"WebPage","@id":"https:\/\/naturalpoland.com\/it\/politica-sulla-riservatezza\/","url":"https:\/\/naturalpoland.com\/it\/politica-sulla-riservatezza\/","name":"politica sulla riservatezza - NATURAL POLAND - Distributore all'ingrosso di materie prime","isPartOf":{"@id":"https:\/\/naturalpoland.com\/it\/#website"},"datePublished":"2021-12-22T10:05:34+00:00","dateModified":"2023-09-13T09:08:38+00:00","breadcrumb":{"@id":"https:\/\/naturalpoland.com\/it\/politica-sulla-riservatezza\/#breadcrumb"},"inLanguage":"it-IT","potentialAction":[{"@type":"ReadAction","target":["https:\/\/naturalpoland.com\/it\/politica-sulla-riservatezza\/"]}]},{"@type":"BreadcrumbList","@id":"https:\/\/naturalpoland.com\/it\/politica-sulla-riservatezza\/#breadcrumb","itemListElement":[{"@type":"ListItem","position":1,"name":"Home","item":"https:\/\/naturalpoland.com\/it\/"},{"@type":"ListItem","position":2,"name":"politica sulla riservatezza"}]},{"@type":"WebSite","@id":"https:\/\/naturalpoland.com\/it\/#website","url":"https:\/\/naturalpoland.com\/it\/","name":"NATURAL POLAND - Distributore all'ingrosso di materie prime","description":"Surowce dla przemys\u0142u spo\u017cywczego, kosmetycznego i farmaceutycznego","publisher":{"@id":"https:\/\/naturalpoland.com\/it\/#organization"},"potentialAction":[{"@type":"SearchAction","target":{"@type":"EntryPoint","urlTemplate":"https:\/\/naturalpoland.com\/it\/?s={search_term_string}"},"query-input":{"@type":"PropertyValueSpecification","valueRequired":true,"valueName":"search_term_string"}}],"inLanguage":"it-IT"},{"@type":"Organization","@id":"https:\/\/naturalpoland.com\/it\/#organization","name":"Natural Poland","url":"https:\/\/naturalpoland.com\/it\/","logo":{"@type":"ImageObject","inLanguage":"it-IT","@id":"https:\/\/naturalpoland.com\/it\/#\/schema\/logo\/image\/","url":"https:\/\/naturalpoland.com\/wp-content\/uploads\/2021\/05\/natural-poland-icon.png","contentUrl":"https:\/\/naturalpoland.com\/wp-content\/uploads\/2021\/05\/natural-poland-icon.png","width":512,"height":512,"caption":"Natural Poland"},"image":{"@id":"https:\/\/naturalpoland.com\/it\/#\/schema\/logo\/image\/"},"sameAs":["https:\/\/www.facebook.com\/naturalpoland.b2b","https:\/\/pl.linkedin.com\/company\/natural-poland","https:\/\/www.youtube.com\/channel\/UCgeGGkvOMahZo-xu_MSEWxg"]}]}},"_links":{"self":[{"href":"https:\/\/naturalpoland.com\/it\/wp-json\/wp\/v2\/pages\/16754","targetHints":{"allow":["GET"]}}],"collection":[{"href":"https:\/\/naturalpoland.com\/it\/wp-json\/wp\/v2\/pages"}],"about":[{"href":"https:\/\/naturalpoland.com\/it\/wp-json\/wp\/v2\/types\/page"}],"author":[{"embeddable":true,"href":"https:\/\/naturalpoland.com\/it\/wp-json\/wp\/v2\/users\/1"}],"replies":[{"embeddable":true,"href":"https:\/\/naturalpoland.com\/it\/wp-json\/wp\/v2\/comments?post=16754"}],"version-history":[{"count":0,"href":"https:\/\/naturalpoland.com\/it\/wp-json\/wp\/v2\/pages\/16754\/revisions"}],"wp:attachment":[{"href":"https:\/\/naturalpoland.com\/it\/wp-json\/wp\/v2\/media?parent=16754"}],"curies":[{"name":"wp","href":"https:\/\/api.w.org\/{rel}","templated":true}]}}