{"id":13709,"date":"2021-05-11T13:52:09","date_gmt":"2021-05-11T11:52:09","guid":{"rendered":"https:\/\/naturalpoland.pl\/produkty\/senza-categoria\/olio-di-olivello-spinoso\/"},"modified":"2025-09-09T11:33:44","modified_gmt":"2025-09-09T09:33:44","slug":"olio-di-olivello-spinoso","status":"publish","type":"product","link":"https:\/\/naturalpoland.com\/it\/produkty\/prodotti-per-industria-cosmetica\/oli-cosmetici\/olio-di-olivello-spinoso\/","title":{"rendered":"Olio di frutto di olivello spinoso"},"content":{"rendered":"<p>Il nostro <strong>olio di olivello spinoso di grado alimentare<\/strong> pu\u00f2 essere utilizzato nell&#8217;industria <strong>alimentare<\/strong>, come prodotto medicinale e aromatizzante, e nell&#8217;industria <strong>cosmetica<\/strong> per la cura della pelle.<\/p>\n<h2>Propriet\u00e0<\/h2>\n<p>Il contenuto di olio nella polpa dei frutti \u00e8 di circa 1,5-3% (in massa fresca).<br \/>\nL&#8217;olio di frutto di olivello spinoso contiene acidi grassi monoinsaturi e carotenoidi, oltre a grandi quantit\u00e0 di tocoferoli, tocotrienoli e steroli vegetali.<\/p>\n<p>Gli oli di semi e di frutto di olivello spinoso comune differiscono nel profilo degli acidi grassi. L&#8217;acido linoleico e l&#8217;acido \u03b1-linolenico sono i principali acidi grassi nell&#8217;olio di semi, mentre l&#8217;<strong>olio di frutto di olivello spinoso contiene circa il 65% di acidi monoinsaturi combinati, acidi oleopalmitici e l&#8217;acido grasso saturo &#8211; acido palmitico<\/strong>. Ci\u00f2 causa una differenza fondamentale tra i due oli in termini di aspetto e consistenza.  <\/p>\n<p><strong>L&#8217;olio di frutto di olivello spinoso \u00e8 trasparente, di colore arancione scuro e ha una consistenza densa<\/strong>. I carotenoidi sono pigmenti che conferiscono alla bacca di olivello spinoso il suo caratteristico colore arancione-rosso; questi composti sono presenti in quantit\u00e0 significative nell&#8217;olio estratto. I principali carotenoidi presenti nell&#8217;olio di frutto di olivello spinoso sono il beta-carotene, la zeaxantina e il licopene.  <\/p>\n<p>L&#8217;olio ha un sapore caratteristico, grezzo, con una nota amara, senza odori indesiderati.<\/p>\n<h3>Il nostro olio di frutto di olivello spinoso ha un&#8217;alta concentrazione di carotenoidi, min. 250 mg <\/h3>\n<p><img decoding=\"async\" class=\"size-full wp-image-4159 alignright\" src=\"https:\/\/naturalpoland.com\/wp-content\/uploads\/olej-z-owocu-rokitnika-brokat.jpg\" alt=\"olio di frutto di olivello spinoso all'ingrosso\" width=\"163\" height=\"143\">L&#8217;olio di olivello spinoso si ottiene dai frutti di questa pianta. Questo prodotto \u00e8 spremuto a freddo e non raffinato, grazie al quale conserva molte delle sue propriet\u00e0 naturali e benefiche per la salute. L&#8217;olio di frutto di olivello spinoso \u00e8 ricco di un&#8217;elevata quantit\u00e0 di grassi insaturi, tra cui, in particolare, l&#8217;acido oleopalmitico, oltre a vitamina C, riboflavine, vitamine del gruppo A, E e B12. Contiene microelementi come selenio, ferro, rame, fosforo e magnesio. L&#8217;olio di olivello spinoso biologico contrasta gli stati infiammatori del sistema digestivo, riduce i disturbi gastrici, e idrata perfettamente la pelle prevenendone l&#8217;invecchiamento.    <\/p>\n<h2>Benefici per la salute:<\/h2>\n<ol>\n<li>Aiuta la rigenerazione dell&#8217;epidermide, favorisce la guarigione delle ferite e protegge la pelle dall&#8217;azione dei radicali liberi.<\/li>\n<li>Ha un&#8217;azione lenitiva sulle irritazioni, riduce arrossamenti e infiammazioni cutanee, e pu\u00f2 essere utilizzato anche nella cura della pelle problematica, secca e matura.<\/li>\n<li>Influisce positivamente sul sistema immunitario, aiutando a proteggere l&#8217;organismo dallo stress ossidativo.<\/li>\n<\/ol>\n<h2>Applicazione:<\/h2>\n<p>Nei cosmetici, l&#8217;olio di olivello spinoso pu\u00f2 essere applicato direttamente sulla pelle o come additivo nei cosmetici.<\/p>\n<p>Negli integratori alimentari, supporta il corretto funzionamento del sistema digestivo e immunitario.<\/p>\n<p>Nell&#8217;industria alimentare pu\u00f2 essere utilizzato come olio alimentare, fornendo preziosi nutrienti. A causa del suo sapore specifico, \u00e8 meglio usarlo in piccole quantit\u00e0 come aggiunta a insalate e condimenti. <\/p>\n<h4><\/h4>\n","protected":false},"excerpt":{"rendered":"<p>L&#8217;olio di olivello spinoso (Sea Buckthorn Oil) \u00e8 un olio vegetale naturale, spremuto a freddo, ottenuto dai frutti di olivello spinoso.<\/p>\n<p>Siamo un distributore all&#8217;ingrosso di questo olio naturale<strong> con un&#8217;altissima concentrazione di <a href=\"https:\/\/naturalpoland.com\/artykuly\/produkty-naturalne\/karotenoidy-skladniki-ktore-nadaja-olejowi-z-rokitnika-jego-charakterystyczny-blysk\/\">carotenoidi<\/a><\/strong>. L&#8217;olio della nostra offerta contiene un minimo di 250 mg\/100 g, mentre in altri oli di olivello spinoso presenti sul mercato la norma \u00e8 di 180 mg\/100 g. Una tale enorme quantit\u00e0 di questi composti fa s\u00ec che il nostro olio \u201cbrilli\u201d, i carotenoidi cristallizzano nell&#8217;olio, creando un effetto iridescente, quasi \u201cglitter\u201d.  <\/p>\n<h4><strong>Quantit\u00e0 disponibili: da 20 kg<\/strong><\/h4>\n","protected":false},"featured_media":13710,"template":"","meta":{"_acf_changed":false},"product_brand":[],"product_cat":[1517,1534,1523],"product_tag":[],"class_list":{"0":"post-13709","1":"product","2":"type-product","3":"status-publish","4":"has-post-thumbnail","6":"product_cat-oli-alimentari","7":"product_cat-oli-alimentari-e-cosmetici","8":"product_cat-oli-cosmetici","10":"first","11":"instock","12":"shipping-taxable","13":"product-type-simple"},"acf":[],"yoast_head":"<!-- This site is optimized with the Yoast SEO plugin v27.6 - https:\/\/yoast.com\/product\/yoast-seo-wordpress\/ -->\n<title>Olio di frutto di olivello spinoso - NATURAL POLAND - Distributore all&#039;ingrosso di materie prime<\/title>\n<meta name=\"description\" content=\"L&#039;olio di olivello spinoso (Sea Buckthorn Oil) \u00e8 dedicato a chi cerca soluzioni naturali nella cura quotidiana e in una dieta sana.\" \/>\n<meta name=\"robots\" content=\"index, follow, max-snippet:-1, max-image-preview:large, max-video-preview:-1\" \/>\n<link rel=\"canonical\" href=\"https:\/\/naturalpoland.com\/it\/produkty\/prodotti-per-industria-cosmetica\/oli-cosmetici\/olio-di-olivello-spinoso\/\" \/>\n<meta property=\"og:locale\" content=\"it_IT\" \/>\n<meta property=\"og:type\" content=\"article\" \/>\n<meta property=\"og:title\" content=\"Olio di frutto di olivello spinoso - NATURAL POLAND - Distributore all&#039;ingrosso di materie prime\" \/>\n<meta property=\"og:description\" content=\"L&#039;olio di olivello spinoso (Sea Buckthorn Oil) \u00e8 dedicato a chi cerca soluzioni naturali nella cura quotidiana e in una dieta sana.\" \/>\n<meta property=\"og:url\" content=\"https:\/\/naturalpoland.com\/it\/produkty\/prodotti-per-industria-cosmetica\/oli-cosmetici\/olio-di-olivello-spinoso\/\" \/>\n<meta property=\"og:site_name\" content=\"NATURAL POLAND - Distributore all&#039;ingrosso di materie prime\" \/>\n<meta property=\"article:publisher\" content=\"https:\/\/www.facebook.com\/naturalpoland.b2b\" \/>\n<meta property=\"article:modified_time\" content=\"2025-09-09T09:33:44+00:00\" \/>\n<meta property=\"og:image\" content=\"https:\/\/naturalpoland.com\/wp-content\/uploads\/2021\/05\/olej-z-owocu-rokitnika.jpg\" \/>\n\t<meta property=\"og:image:width\" content=\"800\" \/>\n\t<meta property=\"og:image:height\" content=\"800\" \/>\n\t<meta property=\"og:image:type\" content=\"image\/jpeg\" \/>\n<script type=\"application\/ld+json\" class=\"yoast-schema-graph\">{\"@context\":\"https:\\\/\\\/schema.org\",\"@graph\":[{\"@type\":\"WebPage\",\"@id\":\"https:\\\/\\\/naturalpoland.com\\\/it\\\/produkty\\\/prodotti-per-industria-cosmetica\\\/oli-cosmetici\\\/olio-di-olivello-spinoso\\\/\",\"url\":\"https:\\\/\\\/naturalpoland.com\\\/it\\\/produkty\\\/prodotti-per-industria-cosmetica\\\/oli-cosmetici\\\/olio-di-olivello-spinoso\\\/\",\"name\":\"Olio di frutto di olivello spinoso - NATURAL POLAND - Distributore all'ingrosso di materie prime\",\"isPartOf\":{\"@id\":\"https:\\\/\\\/naturalpoland.com\\\/it\\\/#website\"},\"primaryImageOfPage\":{\"@id\":\"https:\\\/\\\/naturalpoland.com\\\/it\\\/produkty\\\/prodotti-per-industria-cosmetica\\\/oli-cosmetici\\\/olio-di-olivello-spinoso\\\/#primaryimage\"},\"image\":{\"@id\":\"https:\\\/\\\/naturalpoland.com\\\/it\\\/produkty\\\/prodotti-per-industria-cosmetica\\\/oli-cosmetici\\\/olio-di-olivello-spinoso\\\/#primaryimage\"},\"thumbnailUrl\":\"https:\\\/\\\/naturalpoland.com\\\/wp-content\\\/uploads\\\/2021\\\/05\\\/olej-z-owocu-rokitnika.jpg\",\"datePublished\":\"2021-05-11T11:52:09+00:00\",\"dateModified\":\"2025-09-09T09:33:44+00:00\",\"description\":\"L'olio di olivello spinoso (Sea Buckthorn Oil) \u00e8 dedicato a chi cerca soluzioni naturali nella cura quotidiana e in una dieta sana.\",\"breadcrumb\":{\"@id\":\"https:\\\/\\\/naturalpoland.com\\\/it\\\/produkty\\\/prodotti-per-industria-cosmetica\\\/oli-cosmetici\\\/olio-di-olivello-spinoso\\\/#breadcrumb\"},\"inLanguage\":\"it-IT\",\"potentialAction\":[{\"@type\":\"ReadAction\",\"target\":[\"https:\\\/\\\/naturalpoland.com\\\/it\\\/produkty\\\/prodotti-per-industria-cosmetica\\\/oli-cosmetici\\\/olio-di-olivello-spinoso\\\/\"]}]},{\"@type\":\"ImageObject\",\"inLanguage\":\"it-IT\",\"@id\":\"https:\\\/\\\/naturalpoland.com\\\/it\\\/produkty\\\/prodotti-per-industria-cosmetica\\\/oli-cosmetici\\\/olio-di-olivello-spinoso\\\/#primaryimage\",\"url\":\"https:\\\/\\\/naturalpoland.com\\\/wp-content\\\/uploads\\\/2021\\\/05\\\/olej-z-owocu-rokitnika.jpg\",\"contentUrl\":\"https:\\\/\\\/naturalpoland.com\\\/wp-content\\\/uploads\\\/2021\\\/05\\\/olej-z-owocu-rokitnika.jpg\",\"width\":800,\"height\":800,\"caption\":\"Olio di frutto di olivello spinoso\"},{\"@type\":\"BreadcrumbList\",\"@id\":\"https:\\\/\\\/naturalpoland.com\\\/it\\\/produkty\\\/prodotti-per-industria-cosmetica\\\/oli-cosmetici\\\/olio-di-olivello-spinoso\\\/#breadcrumb\",\"itemListElement\":[{\"@type\":\"ListItem\",\"position\":1,\"name\":\"Home\",\"item\":\"https:\\\/\\\/naturalpoland.com\\\/it\\\/\"},{\"@type\":\"ListItem\",\"position\":2,\"name\":\"Prodotti\",\"item\":\"https:\\\/\\\/naturalpoland.com\\\/it\\\/prodotti\\\/\"},{\"@type\":\"ListItem\",\"position\":3,\"name\":\"Olio di frutto di olivello spinoso\"}]},{\"@type\":\"WebSite\",\"@id\":\"https:\\\/\\\/naturalpoland.com\\\/it\\\/#website\",\"url\":\"https:\\\/\\\/naturalpoland.com\\\/it\\\/\",\"name\":\"NATURAL POLAND - Distributore all'ingrosso di materie prime\",\"description\":\"Surowce dla przemys\u0142u spo\u017cywczego, kosmetycznego i farmaceutycznego\",\"publisher\":{\"@id\":\"https:\\\/\\\/naturalpoland.com\\\/it\\\/#organization\"},\"potentialAction\":[{\"@type\":\"SearchAction\",\"target\":{\"@type\":\"EntryPoint\",\"urlTemplate\":\"https:\\\/\\\/naturalpoland.com\\\/it\\\/?s={search_term_string}\"},\"query-input\":{\"@type\":\"PropertyValueSpecification\",\"valueRequired\":true,\"valueName\":\"search_term_string\"}}],\"inLanguage\":\"it-IT\"},{\"@type\":\"Organization\",\"@id\":\"https:\\\/\\\/naturalpoland.com\\\/it\\\/#organization\",\"name\":\"Natural Poland\",\"url\":\"https:\\\/\\\/naturalpoland.com\\\/it\\\/\",\"logo\":{\"@type\":\"ImageObject\",\"inLanguage\":\"it-IT\",\"@id\":\"https:\\\/\\\/naturalpoland.com\\\/it\\\/#\\\/schema\\\/logo\\\/image\\\/\",\"url\":\"https:\\\/\\\/naturalpoland.com\\\/wp-content\\\/uploads\\\/2021\\\/05\\\/natural-poland-icon.png\",\"contentUrl\":\"https:\\\/\\\/naturalpoland.com\\\/wp-content\\\/uploads\\\/2021\\\/05\\\/natural-poland-icon.png\",\"width\":512,\"height\":512,\"caption\":\"Natural Poland\"},\"image\":{\"@id\":\"https:\\\/\\\/naturalpoland.com\\\/it\\\/#\\\/schema\\\/logo\\\/image\\\/\"},\"sameAs\":[\"https:\\\/\\\/www.facebook.com\\\/naturalpoland.b2b\",\"https:\\\/\\\/pl.linkedin.com\\\/company\\\/natural-poland\",\"https:\\\/\\\/www.youtube.com\\\/channel\\\/UCgeGGkvOMahZo-xu_MSEWxg\"]}]}<\/script>\n<!-- \/ Yoast SEO plugin. -->","yoast_head_json":{"title":"Olio di frutto di olivello spinoso - NATURAL POLAND - Distributore all'ingrosso di materie prime","description":"L'olio di olivello spinoso (Sea Buckthorn Oil) \u00e8 dedicato a chi cerca soluzioni naturali nella cura quotidiana e in una dieta sana.","robots":{"index":"index","follow":"follow","max-snippet":"max-snippet:-1","max-image-preview":"max-image-preview:large","max-video-preview":"max-video-preview:-1"},"canonical":"https:\/\/naturalpoland.com\/it\/produkty\/prodotti-per-industria-cosmetica\/oli-cosmetici\/olio-di-olivello-spinoso\/","og_locale":"it_IT","og_type":"article","og_title":"Olio di frutto di olivello spinoso - NATURAL POLAND - Distributore all'ingrosso di materie prime","og_description":"L'olio di olivello spinoso (Sea Buckthorn Oil) \u00e8 dedicato a chi cerca soluzioni naturali nella cura quotidiana e in una dieta sana.","og_url":"https:\/\/naturalpoland.com\/it\/produkty\/prodotti-per-industria-cosmetica\/oli-cosmetici\/olio-di-olivello-spinoso\/","og_site_name":"NATURAL POLAND - Distributore all'ingrosso di materie prime","article_publisher":"https:\/\/www.facebook.com\/naturalpoland.b2b","article_modified_time":"2025-09-09T09:33:44+00:00","og_image":[{"width":800,"height":800,"url":"https:\/\/naturalpoland.com\/wp-content\/uploads\/2021\/05\/olej-z-owocu-rokitnika.jpg","type":"image\/jpeg"}],"schema":{"@context":"https:\/\/schema.org","@graph":[{"@type":"WebPage","@id":"https:\/\/naturalpoland.com\/it\/produkty\/prodotti-per-industria-cosmetica\/oli-cosmetici\/olio-di-olivello-spinoso\/","url":"https:\/\/naturalpoland.com\/it\/produkty\/prodotti-per-industria-cosmetica\/oli-cosmetici\/olio-di-olivello-spinoso\/","name":"Olio di frutto di olivello spinoso - NATURAL POLAND - Distributore all'ingrosso di materie prime","isPartOf":{"@id":"https:\/\/naturalpoland.com\/it\/#website"},"primaryImageOfPage":{"@id":"https:\/\/naturalpoland.com\/it\/produkty\/prodotti-per-industria-cosmetica\/oli-cosmetici\/olio-di-olivello-spinoso\/#primaryimage"},"image":{"@id":"https:\/\/naturalpoland.com\/it\/produkty\/prodotti-per-industria-cosmetica\/oli-cosmetici\/olio-di-olivello-spinoso\/#primaryimage"},"thumbnailUrl":"https:\/\/naturalpoland.com\/wp-content\/uploads\/2021\/05\/olej-z-owocu-rokitnika.jpg","datePublished":"2021-05-11T11:52:09+00:00","dateModified":"2025-09-09T09:33:44+00:00","description":"L'olio di olivello spinoso (Sea Buckthorn Oil) \u00e8 dedicato a chi cerca soluzioni naturali nella cura quotidiana e in una dieta sana.","breadcrumb":{"@id":"https:\/\/naturalpoland.com\/it\/produkty\/prodotti-per-industria-cosmetica\/oli-cosmetici\/olio-di-olivello-spinoso\/#breadcrumb"},"inLanguage":"it-IT","potentialAction":[{"@type":"ReadAction","target":["https:\/\/naturalpoland.com\/it\/produkty\/prodotti-per-industria-cosmetica\/oli-cosmetici\/olio-di-olivello-spinoso\/"]}]},{"@type":"ImageObject","inLanguage":"it-IT","@id":"https:\/\/naturalpoland.com\/it\/produkty\/prodotti-per-industria-cosmetica\/oli-cosmetici\/olio-di-olivello-spinoso\/#primaryimage","url":"https:\/\/naturalpoland.com\/wp-content\/uploads\/2021\/05\/olej-z-owocu-rokitnika.jpg","contentUrl":"https:\/\/naturalpoland.com\/wp-content\/uploads\/2021\/05\/olej-z-owocu-rokitnika.jpg","width":800,"height":800,"caption":"Olio di frutto di olivello spinoso"},{"@type":"BreadcrumbList","@id":"https:\/\/naturalpoland.com\/it\/produkty\/prodotti-per-industria-cosmetica\/oli-cosmetici\/olio-di-olivello-spinoso\/#breadcrumb","itemListElement":[{"@type":"ListItem","position":1,"name":"Home","item":"https:\/\/naturalpoland.com\/it\/"},{"@type":"ListItem","position":2,"name":"Prodotti","item":"https:\/\/naturalpoland.com\/it\/prodotti\/"},{"@type":"ListItem","position":3,"name":"Olio di frutto di olivello spinoso"}]},{"@type":"WebSite","@id":"https:\/\/naturalpoland.com\/it\/#website","url":"https:\/\/naturalpoland.com\/it\/","name":"NATURAL POLAND - Distributore all'ingrosso di materie prime","description":"Surowce dla przemys\u0142u spo\u017cywczego, kosmetycznego i farmaceutycznego","publisher":{"@id":"https:\/\/naturalpoland.com\/it\/#organization"},"potentialAction":[{"@type":"SearchAction","target":{"@type":"EntryPoint","urlTemplate":"https:\/\/naturalpoland.com\/it\/?s={search_term_string}"},"query-input":{"@type":"PropertyValueSpecification","valueRequired":true,"valueName":"search_term_string"}}],"inLanguage":"it-IT"},{"@type":"Organization","@id":"https:\/\/naturalpoland.com\/it\/#organization","name":"Natural Poland","url":"https:\/\/naturalpoland.com\/it\/","logo":{"@type":"ImageObject","inLanguage":"it-IT","@id":"https:\/\/naturalpoland.com\/it\/#\/schema\/logo\/image\/","url":"https:\/\/naturalpoland.com\/wp-content\/uploads\/2021\/05\/natural-poland-icon.png","contentUrl":"https:\/\/naturalpoland.com\/wp-content\/uploads\/2021\/05\/natural-poland-icon.png","width":512,"height":512,"caption":"Natural Poland"},"image":{"@id":"https:\/\/naturalpoland.com\/it\/#\/schema\/logo\/image\/"},"sameAs":["https:\/\/www.facebook.com\/naturalpoland.b2b","https:\/\/pl.linkedin.com\/company\/natural-poland","https:\/\/www.youtube.com\/channel\/UCgeGGkvOMahZo-xu_MSEWxg"]}]}},"_links":{"self":[{"href":"https:\/\/naturalpoland.com\/it\/wp-json\/wp\/v2\/product\/13709","targetHints":{"allow":["GET"]}}],"collection":[{"href":"https:\/\/naturalpoland.com\/it\/wp-json\/wp\/v2\/product"}],"about":[{"href":"https:\/\/naturalpoland.com\/it\/wp-json\/wp\/v2\/types\/product"}],"wp:featuredmedia":[{"embeddable":true,"href":"https:\/\/naturalpoland.com\/it\/wp-json\/wp\/v2\/media\/13710"}],"wp:attachment":[{"href":"https:\/\/naturalpoland.com\/it\/wp-json\/wp\/v2\/media?parent=13709"}],"wp:term":[{"taxonomy":"product_brand","embeddable":true,"href":"https:\/\/naturalpoland.com\/it\/wp-json\/wp\/v2\/product_brand?post=13709"},{"taxonomy":"product_cat","embeddable":true,"href":"https:\/\/naturalpoland.com\/it\/wp-json\/wp\/v2\/product_cat?post=13709"},{"taxonomy":"product_tag","embeddable":true,"href":"https:\/\/naturalpoland.com\/it\/wp-json\/wp\/v2\/product_tag?post=13709"}],"curies":[{"name":"wp","href":"https:\/\/api.w.org\/{rel}","templated":true}]}}