{"id":13716,"date":"2021-05-11T13:51:22","date_gmt":"2021-05-11T11:51:22","guid":{"rendered":"https:\/\/naturalpoland.pl\/produkty\/senza-categoria\/olio-di-semi-di-fragola\/"},"modified":"2026-02-05T10:46:28","modified_gmt":"2026-02-05T09:46:28","slug":"olio-di-semi-di-fragola","status":"publish","type":"product","link":"https:\/\/naturalpoland.com\/it\/produkty\/prodotti-per-industria-cosmetica\/oli-cosmetici\/olio-di-semi-di-fragola\/","title":{"rendered":"Olio di semi di fragola"},"content":{"rendered":"<h2 class=\"wp-block-heading\">Olio di semi di fragola \u2013 usi<\/h2>\n<p>L&#8217;olio di semi di fragola ha molti usi cosmetici. Con il suo utilizzo si possono preparare creme viso, cosmetici per unghie e capelli, lozioni e prodotti da bagno rigeneranti e idratanti. Di conseguenza, viene scelto con entusiasmo dai produttori di cosmetici.<\/p>\n<p><strong>Esempi di utilizzo dell&#8217;olio di semi di fragola:<\/strong><\/p>\n<ul class=\"wp-block-list\">\n<li>olio da massaggio,<\/li>\n<li>maschera per capelli,<\/li>\n<li>olio per unghie,<\/li>\n<li>base per il trucco<\/li>\n<li>additivo per creme gi\u00e0 pronte,<\/li>\n<li>siero per capelli,<\/li>\n<li>prodotto struccante,<\/li>\n<li>olio da bagno.<\/li>\n<\/ul>\n<h3 class=\"wp-block-heading\"><strong>Olio di semi di fragola per il viso<\/strong><\/h3>\n<p>L&#8217;olio di semi di fragola si assorbe rapidamente, senza lasciare una pellicola untuosa sulla pelle, il che lo rende ideale come <strong>base per il trucco<\/strong>. Questo olio ha un aroma naturale e gradevole di fragola, senza additivi. L&#8217;olio naturale di semi di fragola \u00e8 di colore verdastro e ha un caratteristico e piacevole profumo dolce.  <\/p>\n<p>Pu\u00f2 essere <strong>utilizzato per ogni tipo di pelle<\/strong> \u2013 mista, sensibile, soggetta a irritazioni, secca. Ricorda che, affinch\u00e9 l&#8217;olio mostri il massimo delle sue propriet\u00e0, deve essere applicato sulla pelle del viso precedentemente pulita. <\/p>\n<h3 class=\"wp-block-heading\"><strong>Olio di semi di fragola \u2013 comedogenicit\u00e0<\/strong><\/h3>\n<p>L&#8217;olio di semi di lampone non \u00e8 comedogeno \u2013 ci\u00f2 significa che non ostruisce i pori e non provoca la formazione di nuovi punti neri. \u00c8 ideale per la cura quotidiana della pelle. <\/p>\n<h3><strong>Olio di semi di fragola per capelli<\/strong><\/h3>\n<p>Inoltre, <strong>l&#8217;olio di semi di fragola ha un effetto benefico sui capelli<\/strong>. Previene le doppie punte, leviga e idrata. <strong>L&#8217;uso dell&#8217;olio di semi di fragola come impacco<\/strong> per capelli li render\u00e0 pi\u00f9 elastici, nutriti e ne ripristiner\u00e0 la lucentezza. <\/p>\n<h2 class=\"wp-block-heading\">Olio di semi di fragola \u2013 propriet\u00e0<\/h2>\n<p>L&#8217;olio di fragola idrata la pelle a lungo. \u00c8 un prodotto molto efficace che si assorbe rapidamente, non ostruisce i pori e non lascia macchie oleose. <\/p>\n<p>Tra gli altri vantaggi dell&#8217;<strong>uso dell&#8217;olio di semi di fragola<\/strong> si possono annoverare: azione antirughe, ritenzione idrica nell&#8217;epidermide (previene la TEWL), lenimento di irritazioni e infiammazioni. Questo olio pu\u00f2 aiutare efficacemente a combattere l&#8217;acne, rigenera la pelle, idrata capelli e pelle. Possiede anche <strong>propriet\u00e0 astringenti<\/strong> \u2013 \u00e8 ideale nei preparati anti-et\u00e0.  <\/p>\n<p>Nei cosmetici per la cura della pelle: crea uno strato protettivo, idrata, leviga, riduce le infiammazioni. Nei cosmetici per il corpo \u2013 come lozioni e creme \u2013 svolger\u00e0 una funzione idratante, aiuter\u00e0 a rassodare e rigenerare la pelle. <\/p>\n<h2 class=\"wp-block-heading\">Come usare l&#8217;olio di semi di fragola?<\/h2>\n<p>Questo olio pu\u00f2 essere usato come prodotto autonomo \u2013 basta applicare qualche goccia di olio sulla pelle e massaggiare delicatamente, attendere l&#8217;assorbimento. Come secondo metodo di utilizzo: distribuire qualche goccia di olio sulle mani e poi massaggiare sulle punte dei capelli. <\/p>\n<p>\u00c8 ottimo anche come siero per unghie e cuticole; basta applicare l&#8217;olio sulle unghie e massaggiare le cuticole \u2013 nutrir\u00e0 splendidamente le nostre unghie. L&#8217;olio di semi di fragola pu\u00f2 arricchire un cosmetico gi\u00e0 pronto; basta prelevare una piccola quantit\u00e0 di cosmetico e, fuori dalla confezione principale, aggiungervi qualche goccia di olio, questo permetter\u00e0 di ottenere le propriet\u00e0 benefiche del nostro cosmetico usato quotidianamente. <\/p>\n<p><strong>La concentrazione suggerita nei cosmetici \u00e8 1-100%.<\/strong><\/p>\n<h2 class=\"wp-block-heading\">Composizione dell&#8217;olio di semi di fragola:<\/h2>\n<p>Nella composizione dell&#8217;olio di semi di fragola sono presenti <a href=\"https:\/\/naturalpoland.com\/it\/produkty\/prodotti-per-industria-farmaceutica-e-medica\/vitamine-it\/vitamina-e\/\"><strong>vitamina E<\/strong><\/a> e F, acido palmitico, acido stearico, acidi omega 3 e 6, <a href=\"https:\/\/naturalpoland.com\/it\/produkty\/prodotti-per-industria-farmaceutica-e-medica\/additivi-per-integratori\/ellagisol-lsme-elagico-acido\/\"><strong>acido ellagico<\/strong><\/a>. Quest&#8217;ultimo \u00e8 classificato come antiossidante, cio\u00e8 mostra propriet\u00e0 antinfiammatorie. In questo olio sono presenti anche acidi grassi come:  <\/p>\n<ul class=\"wp-block-list\">\n<li><strong>acido oleico<\/strong> \u2013 crea una pellicola protettiva sulla superficie della pelle, previene la TEWL, idrata e leviga.<\/li>\n<li><strong>acido linolenico<\/strong> \u2013 mostra propriet\u00e0 lenitive, allevia le infiammazioni, leviga.<\/li>\n<li><strong>acido linoleico<\/strong> \u2013 ha un&#8217;azione idratante, pu\u00f2 alleviare le infiammazioni, ridurre gli arrossamenti, prevenire l&#8217;ostruzione dei pori della pelle.<\/li>\n<\/ul>\n<h3><strong>Il contenuto di acidi grassi<\/strong><\/h3>\n<p>&nbsp;<\/p>\n<table>\n<tbody>\n<tr>\n<td>NOME ACIDO<\/td>\n<td>CATENA C<\/td>\n<td>RANGE (%)<\/td>\n<td>RISULTATO<\/td>\n<\/tr>\n<tr>\n<td>LESS<\/td>\n<td>&lt; C16:0<\/td>\n<td>0,1-0,2<\/td>\n<td>0,2<\/td>\n<\/tr>\n<tr>\n<td>PALMITIC<\/td>\n<td>C16:0<\/td>\n<td>3-9,0<\/td>\n<td>4,58<\/td>\n<\/tr>\n<tr>\n<td>STEARIC<\/td>\n<td>C18:0<\/td>\n<td>0,5-4,0<\/td>\n<td>1,61<\/td>\n<\/tr>\n<tr>\n<td>OLEIC<\/td>\n<td>C18:1<\/td>\n<td>14,0-29,0<\/td>\n<td>15,75<\/td>\n<\/tr>\n<tr>\n<td>LINOLEIC<\/td>\n<td>C18:2<\/td>\n<td>35,0-49,0<\/td>\n<td>47,43<\/td>\n<\/tr>\n<tr>\n<td>LINOLENIC<\/td>\n<td>C18:3<\/td>\n<td>25-32,5<\/td>\n<td>29,53<\/td>\n<\/tr>\n<\/tbody>\n<\/table>\n<p>&nbsp;<\/p>\n<p>&nbsp;<\/p>\n<hr>\n<p><strong>Bibliografia:<\/strong><br \/>\nNuovi oli di origine vegetale nei cosmetici \u2013 propriet\u00e0 curative e terapeutiche, Paluszkiewicz Ilona, luglio 2019.<\/p>\n","protected":false},"excerpt":{"rendered":"<p>Siamo un distributore polacco di olio naturale di semi di fragola (<em>Fragaria Ananassa (Strawberry) Seed Oil<\/em>) di qualit\u00e0 alimentare e cosmetica. L&#8217;olio di semi di fragola \u00e8 spremuto a freddo, non raffinato.  \u00c8 particolarmente ricco in acidi grassi e anche in vitamina A,E e F.<\/p>\n","protected":false},"featured_media":34283,"template":"","meta":{"_acf_changed":false},"product_brand":[],"product_cat":[1517,1534,1523],"product_tag":[],"class_list":{"0":"post-13716","1":"product","2":"type-product","3":"status-publish","4":"has-post-thumbnail","6":"product_cat-oli-alimentari","7":"product_cat-oli-alimentari-e-cosmetici","8":"product_cat-oli-cosmetici","10":"first","11":"instock","12":"shipping-taxable","13":"product-type-simple"},"acf":[],"yoast_head":"<!-- This site is optimized with the Yoast SEO plugin v27.5 - https:\/\/yoast.com\/product\/yoast-seo-wordpress\/ -->\n<title>Olio di semi di fragola - NATURAL POLAND - Distributore all&#039;ingrosso di materie prime<\/title>\n<meta name=\"description\" content=\"L&#039;olio di semi di fragola si ottiene da questo popolare frutto tramite spremitura a freddo dei suoi semi. \u00c8 estremamente ricco di acidi grassi, oltre che di vitamine A, E e F.\" \/>\n<meta name=\"robots\" content=\"index, follow, max-snippet:-1, max-image-preview:large, max-video-preview:-1\" \/>\n<link rel=\"canonical\" href=\"https:\/\/naturalpoland.com\/it\/produkty\/prodotti-per-industria-cosmetica\/oli-cosmetici\/olio-di-semi-di-fragola\/\" \/>\n<meta property=\"og:locale\" content=\"it_IT\" \/>\n<meta property=\"og:type\" content=\"article\" \/>\n<meta property=\"og:title\" content=\"Olio di semi di fragola - NATURAL POLAND - Distributore all&#039;ingrosso di materie prime\" \/>\n<meta property=\"og:description\" content=\"L&#039;olio di semi di fragola si ottiene da questo popolare frutto tramite spremitura a freddo dei suoi semi. \u00c8 estremamente ricco di acidi grassi, oltre che di vitamine A, E e F.\" \/>\n<meta property=\"og:url\" content=\"https:\/\/naturalpoland.com\/it\/produkty\/prodotti-per-industria-cosmetica\/oli-cosmetici\/olio-di-semi-di-fragola\/\" \/>\n<meta property=\"og:site_name\" content=\"NATURAL POLAND - Distributore all&#039;ingrosso di materie prime\" \/>\n<meta property=\"article:publisher\" content=\"https:\/\/www.facebook.com\/naturalpoland.b2b\" \/>\n<meta property=\"article:modified_time\" content=\"2026-02-05T09:46:28+00:00\" \/>\n<meta property=\"og:image\" content=\"https:\/\/naturalpoland.com\/wp-content\/uploads\/olej-z-truskawek.webp\" \/>\n\t<meta property=\"og:image:width\" content=\"615\" \/>\n\t<meta property=\"og:image:height\" content=\"615\" \/>\n\t<meta property=\"og:image:type\" content=\"image\/webp\" \/>\n<script type=\"application\/ld+json\" class=\"yoast-schema-graph\">{\"@context\":\"https:\\\/\\\/schema.org\",\"@graph\":[{\"@type\":\"WebPage\",\"@id\":\"https:\\\/\\\/naturalpoland.com\\\/it\\\/produkty\\\/prodotti-per-industria-cosmetica\\\/oli-cosmetici\\\/olio-di-semi-di-fragola\\\/\",\"url\":\"https:\\\/\\\/naturalpoland.com\\\/it\\\/produkty\\\/prodotti-per-industria-cosmetica\\\/oli-cosmetici\\\/olio-di-semi-di-fragola\\\/\",\"name\":\"Olio di semi di fragola - NATURAL POLAND - Distributore all'ingrosso di materie prime\",\"isPartOf\":{\"@id\":\"https:\\\/\\\/naturalpoland.com\\\/it\\\/#website\"},\"primaryImageOfPage\":{\"@id\":\"https:\\\/\\\/naturalpoland.com\\\/it\\\/produkty\\\/prodotti-per-industria-cosmetica\\\/oli-cosmetici\\\/olio-di-semi-di-fragola\\\/#primaryimage\"},\"image\":{\"@id\":\"https:\\\/\\\/naturalpoland.com\\\/it\\\/produkty\\\/prodotti-per-industria-cosmetica\\\/oli-cosmetici\\\/olio-di-semi-di-fragola\\\/#primaryimage\"},\"thumbnailUrl\":\"https:\\\/\\\/naturalpoland.com\\\/wp-content\\\/uploads\\\/olej-z-truskawek.webp\",\"datePublished\":\"2021-05-11T11:51:22+00:00\",\"dateModified\":\"2026-02-05T09:46:28+00:00\",\"description\":\"L'olio di semi di fragola si ottiene da questo popolare frutto tramite spremitura a freddo dei suoi semi. \u00c8 estremamente ricco di acidi grassi, oltre che di vitamine A, E e F.\",\"breadcrumb\":{\"@id\":\"https:\\\/\\\/naturalpoland.com\\\/it\\\/produkty\\\/prodotti-per-industria-cosmetica\\\/oli-cosmetici\\\/olio-di-semi-di-fragola\\\/#breadcrumb\"},\"inLanguage\":\"it-IT\",\"potentialAction\":[{\"@type\":\"ReadAction\",\"target\":[\"https:\\\/\\\/naturalpoland.com\\\/it\\\/produkty\\\/prodotti-per-industria-cosmetica\\\/oli-cosmetici\\\/olio-di-semi-di-fragola\\\/\"]}]},{\"@type\":\"ImageObject\",\"inLanguage\":\"it-IT\",\"@id\":\"https:\\\/\\\/naturalpoland.com\\\/it\\\/produkty\\\/prodotti-per-industria-cosmetica\\\/oli-cosmetici\\\/olio-di-semi-di-fragola\\\/#primaryimage\",\"url\":\"https:\\\/\\\/naturalpoland.com\\\/wp-content\\\/uploads\\\/olej-z-truskawek.webp\",\"contentUrl\":\"https:\\\/\\\/naturalpoland.com\\\/wp-content\\\/uploads\\\/olej-z-truskawek.webp\",\"width\":615,\"height\":615,\"caption\":\"olio di semi di fragola\"},{\"@type\":\"BreadcrumbList\",\"@id\":\"https:\\\/\\\/naturalpoland.com\\\/it\\\/produkty\\\/prodotti-per-industria-cosmetica\\\/oli-cosmetici\\\/olio-di-semi-di-fragola\\\/#breadcrumb\",\"itemListElement\":[{\"@type\":\"ListItem\",\"position\":1,\"name\":\"Home\",\"item\":\"https:\\\/\\\/naturalpoland.com\\\/it\\\/\"},{\"@type\":\"ListItem\",\"position\":2,\"name\":\"Prodotti\",\"item\":\"https:\\\/\\\/naturalpoland.com\\\/it\\\/prodotti\\\/\"},{\"@type\":\"ListItem\",\"position\":3,\"name\":\"Olio di semi di fragola\"}]},{\"@type\":\"WebSite\",\"@id\":\"https:\\\/\\\/naturalpoland.com\\\/it\\\/#website\",\"url\":\"https:\\\/\\\/naturalpoland.com\\\/it\\\/\",\"name\":\"NATURAL POLAND - Distributore all'ingrosso di materie prime\",\"description\":\"Surowce dla przemys\u0142u spo\u017cywczego, kosmetycznego i farmaceutycznego\",\"publisher\":{\"@id\":\"https:\\\/\\\/naturalpoland.com\\\/it\\\/#organization\"},\"potentialAction\":[{\"@type\":\"SearchAction\",\"target\":{\"@type\":\"EntryPoint\",\"urlTemplate\":\"https:\\\/\\\/naturalpoland.com\\\/it\\\/?s={search_term_string}\"},\"query-input\":{\"@type\":\"PropertyValueSpecification\",\"valueRequired\":true,\"valueName\":\"search_term_string\"}}],\"inLanguage\":\"it-IT\"},{\"@type\":\"Organization\",\"@id\":\"https:\\\/\\\/naturalpoland.com\\\/it\\\/#organization\",\"name\":\"Natural Poland\",\"url\":\"https:\\\/\\\/naturalpoland.com\\\/it\\\/\",\"logo\":{\"@type\":\"ImageObject\",\"inLanguage\":\"it-IT\",\"@id\":\"https:\\\/\\\/naturalpoland.com\\\/it\\\/#\\\/schema\\\/logo\\\/image\\\/\",\"url\":\"https:\\\/\\\/naturalpoland.com\\\/wp-content\\\/uploads\\\/2021\\\/05\\\/natural-poland-icon.png\",\"contentUrl\":\"https:\\\/\\\/naturalpoland.com\\\/wp-content\\\/uploads\\\/2021\\\/05\\\/natural-poland-icon.png\",\"width\":512,\"height\":512,\"caption\":\"Natural Poland\"},\"image\":{\"@id\":\"https:\\\/\\\/naturalpoland.com\\\/it\\\/#\\\/schema\\\/logo\\\/image\\\/\"},\"sameAs\":[\"https:\\\/\\\/www.facebook.com\\\/naturalpoland.b2b\",\"https:\\\/\\\/pl.linkedin.com\\\/company\\\/natural-poland\",\"https:\\\/\\\/www.youtube.com\\\/channel\\\/UCgeGGkvOMahZo-xu_MSEWxg\"]}]}<\/script>\n<!-- \/ Yoast SEO plugin. -->","yoast_head_json":{"title":"Olio di semi di fragola - NATURAL POLAND - Distributore all'ingrosso di materie prime","description":"L'olio di semi di fragola si ottiene da questo popolare frutto tramite spremitura a freddo dei suoi semi. \u00c8 estremamente ricco di acidi grassi, oltre che di vitamine A, E e F.","robots":{"index":"index","follow":"follow","max-snippet":"max-snippet:-1","max-image-preview":"max-image-preview:large","max-video-preview":"max-video-preview:-1"},"canonical":"https:\/\/naturalpoland.com\/it\/produkty\/prodotti-per-industria-cosmetica\/oli-cosmetici\/olio-di-semi-di-fragola\/","og_locale":"it_IT","og_type":"article","og_title":"Olio di semi di fragola - NATURAL POLAND - Distributore all'ingrosso di materie prime","og_description":"L'olio di semi di fragola si ottiene da questo popolare frutto tramite spremitura a freddo dei suoi semi. \u00c8 estremamente ricco di acidi grassi, oltre che di vitamine A, E e F.","og_url":"https:\/\/naturalpoland.com\/it\/produkty\/prodotti-per-industria-cosmetica\/oli-cosmetici\/olio-di-semi-di-fragola\/","og_site_name":"NATURAL POLAND - Distributore all'ingrosso di materie prime","article_publisher":"https:\/\/www.facebook.com\/naturalpoland.b2b","article_modified_time":"2026-02-05T09:46:28+00:00","og_image":[{"width":615,"height":615,"url":"https:\/\/naturalpoland.com\/wp-content\/uploads\/olej-z-truskawek.webp","type":"image\/webp"}],"schema":{"@context":"https:\/\/schema.org","@graph":[{"@type":"WebPage","@id":"https:\/\/naturalpoland.com\/it\/produkty\/prodotti-per-industria-cosmetica\/oli-cosmetici\/olio-di-semi-di-fragola\/","url":"https:\/\/naturalpoland.com\/it\/produkty\/prodotti-per-industria-cosmetica\/oli-cosmetici\/olio-di-semi-di-fragola\/","name":"Olio di semi di fragola - NATURAL POLAND - Distributore all'ingrosso di materie prime","isPartOf":{"@id":"https:\/\/naturalpoland.com\/it\/#website"},"primaryImageOfPage":{"@id":"https:\/\/naturalpoland.com\/it\/produkty\/prodotti-per-industria-cosmetica\/oli-cosmetici\/olio-di-semi-di-fragola\/#primaryimage"},"image":{"@id":"https:\/\/naturalpoland.com\/it\/produkty\/prodotti-per-industria-cosmetica\/oli-cosmetici\/olio-di-semi-di-fragola\/#primaryimage"},"thumbnailUrl":"https:\/\/naturalpoland.com\/wp-content\/uploads\/olej-z-truskawek.webp","datePublished":"2021-05-11T11:51:22+00:00","dateModified":"2026-02-05T09:46:28+00:00","description":"L'olio di semi di fragola si ottiene da questo popolare frutto tramite spremitura a freddo dei suoi semi. \u00c8 estremamente ricco di acidi grassi, oltre che di vitamine A, E e F.","breadcrumb":{"@id":"https:\/\/naturalpoland.com\/it\/produkty\/prodotti-per-industria-cosmetica\/oli-cosmetici\/olio-di-semi-di-fragola\/#breadcrumb"},"inLanguage":"it-IT","potentialAction":[{"@type":"ReadAction","target":["https:\/\/naturalpoland.com\/it\/produkty\/prodotti-per-industria-cosmetica\/oli-cosmetici\/olio-di-semi-di-fragola\/"]}]},{"@type":"ImageObject","inLanguage":"it-IT","@id":"https:\/\/naturalpoland.com\/it\/produkty\/prodotti-per-industria-cosmetica\/oli-cosmetici\/olio-di-semi-di-fragola\/#primaryimage","url":"https:\/\/naturalpoland.com\/wp-content\/uploads\/olej-z-truskawek.webp","contentUrl":"https:\/\/naturalpoland.com\/wp-content\/uploads\/olej-z-truskawek.webp","width":615,"height":615,"caption":"olio di semi di fragola"},{"@type":"BreadcrumbList","@id":"https:\/\/naturalpoland.com\/it\/produkty\/prodotti-per-industria-cosmetica\/oli-cosmetici\/olio-di-semi-di-fragola\/#breadcrumb","itemListElement":[{"@type":"ListItem","position":1,"name":"Home","item":"https:\/\/naturalpoland.com\/it\/"},{"@type":"ListItem","position":2,"name":"Prodotti","item":"https:\/\/naturalpoland.com\/it\/prodotti\/"},{"@type":"ListItem","position":3,"name":"Olio di semi di fragola"}]},{"@type":"WebSite","@id":"https:\/\/naturalpoland.com\/it\/#website","url":"https:\/\/naturalpoland.com\/it\/","name":"NATURAL POLAND - Distributore all'ingrosso di materie prime","description":"Surowce dla przemys\u0142u spo\u017cywczego, kosmetycznego i farmaceutycznego","publisher":{"@id":"https:\/\/naturalpoland.com\/it\/#organization"},"potentialAction":[{"@type":"SearchAction","target":{"@type":"EntryPoint","urlTemplate":"https:\/\/naturalpoland.com\/it\/?s={search_term_string}"},"query-input":{"@type":"PropertyValueSpecification","valueRequired":true,"valueName":"search_term_string"}}],"inLanguage":"it-IT"},{"@type":"Organization","@id":"https:\/\/naturalpoland.com\/it\/#organization","name":"Natural Poland","url":"https:\/\/naturalpoland.com\/it\/","logo":{"@type":"ImageObject","inLanguage":"it-IT","@id":"https:\/\/naturalpoland.com\/it\/#\/schema\/logo\/image\/","url":"https:\/\/naturalpoland.com\/wp-content\/uploads\/2021\/05\/natural-poland-icon.png","contentUrl":"https:\/\/naturalpoland.com\/wp-content\/uploads\/2021\/05\/natural-poland-icon.png","width":512,"height":512,"caption":"Natural Poland"},"image":{"@id":"https:\/\/naturalpoland.com\/it\/#\/schema\/logo\/image\/"},"sameAs":["https:\/\/www.facebook.com\/naturalpoland.b2b","https:\/\/pl.linkedin.com\/company\/natural-poland","https:\/\/www.youtube.com\/channel\/UCgeGGkvOMahZo-xu_MSEWxg"]}]}},"_links":{"self":[{"href":"https:\/\/naturalpoland.com\/it\/wp-json\/wp\/v2\/product\/13716","targetHints":{"allow":["GET"]}}],"collection":[{"href":"https:\/\/naturalpoland.com\/it\/wp-json\/wp\/v2\/product"}],"about":[{"href":"https:\/\/naturalpoland.com\/it\/wp-json\/wp\/v2\/types\/product"}],"wp:featuredmedia":[{"embeddable":true,"href":"https:\/\/naturalpoland.com\/it\/wp-json\/wp\/v2\/media\/34283"}],"wp:attachment":[{"href":"https:\/\/naturalpoland.com\/it\/wp-json\/wp\/v2\/media?parent=13716"}],"wp:term":[{"taxonomy":"product_brand","embeddable":true,"href":"https:\/\/naturalpoland.com\/it\/wp-json\/wp\/v2\/product_brand?post=13716"},{"taxonomy":"product_cat","embeddable":true,"href":"https:\/\/naturalpoland.com\/it\/wp-json\/wp\/v2\/product_cat?post=13716"},{"taxonomy":"product_tag","embeddable":true,"href":"https:\/\/naturalpoland.com\/it\/wp-json\/wp\/v2\/product_tag?post=13716"}],"curies":[{"name":"wp","href":"https:\/\/api.w.org\/{rel}","templated":true}]}}