{"id":13773,"date":"2021-05-11T13:36:58","date_gmt":"2021-11-04T10:54:40","guid":{"rendered":"https:\/\/naturalpoland.pl\/produkty\/senza-categoria\/succinato-di-vitamina-e-naturale\/"},"modified":"2021-11-04T11:54:40","modified_gmt":"2021-11-04T10:54:40","slug":"vitamina-e-succinato-naturale","status":"publish","type":"product","link":"https:\/\/naturalpoland.com\/it\/produkty\/prodotti-per-industria-farmaceutica-e-medica\/vitamine-it\/vitamina-e-succinato-naturale\/","title":{"rendered":"Succinato di vitamina E naturale"},"content":{"rendered":"<p>La vitamina E protegge le cellule dallo stress ossidativo. \u00c8 un potente antiossidante. Non c&#8217;\u00e8 da stupirsi che protegga anche dalle malattie della civilt\u00e0. \u00c8 una vitamina della fertilit\u00e0 e della giovinezza e il suo utilizzo non solo migliora l&#8217;aspetto della pelle, ma la idrata in profondit\u00e0. Il suo uso pu\u00f2 anche ritardare l&#8217;insorgenza della malattia coronarica e ridurre il rischio di cancro.<\/p>\n","protected":false},"excerpt":{"rendered":"<p>Il succinato naturale di vitamina E \u00e8 la migliore forma digeribile di questa vitamina. \u00c8 molto meglio assorbibile rispetto alle sue controparti sintetiche. Per questo motivo il succinato \u00e8 l&#8217;ingrediente pi\u00f9 comunemente utilizzato negli integratori alimentari arricchiti con vitamina E.<\/p>\n","protected":false},"featured_media":13778,"template":"","meta":{"_acf_changed":false},"product_brand":[],"product_cat":[1532],"product_tag":[],"class_list":{"0":"post-13773","1":"product","2":"type-product","3":"status-publish","4":"has-post-thumbnail","6":"product_cat-vitamine-it","8":"first","9":"instock","10":"shipping-taxable","11":"product-type-simple"},"acf":[],"yoast_head":"<!-- This site is optimized with the Yoast SEO plugin v27.4 - https:\/\/yoast.com\/product\/yoast-seo-wordpress\/ -->\n<title>Succinato di vitamina E naturale - Distributore all&#039;ingrosso<\/title>\n<meta name=\"robots\" content=\"index, follow, max-snippet:-1, max-image-preview:large, max-video-preview:-1\" \/>\n<link rel=\"canonical\" href=\"https:\/\/naturalpoland.com\/it\/produkty\/prodotti-per-industria-farmaceutica-e-medica\/vitamine-it\/vitamina-e-succinato-naturale\/\" \/>\n<meta property=\"og:locale\" content=\"it_IT\" \/>\n<meta property=\"og:type\" content=\"article\" \/>\n<meta property=\"og:title\" content=\"Succinato di vitamina E naturale - Distributore all&#039;ingrosso\" \/>\n<meta property=\"og:description\" content=\"Il succinato naturale di vitamina E \u00e8 la migliore forma digeribile di questa vitamina. \u00c8 molto meglio assorbibile rispetto alle sue controparti sintetiche. Per questo motivo il succinato \u00e8 l&#039;ingrediente pi\u00f9 comunemente utilizzato negli integratori alimentari arricchiti con vitamina E.\" \/>\n<meta property=\"og:url\" content=\"https:\/\/naturalpoland.com\/it\/produkty\/prodotti-per-industria-farmaceutica-e-medica\/vitamine-it\/vitamina-e-succinato-naturale\/\" \/>\n<meta property=\"og:site_name\" content=\"NATURAL POLAND - Distributore all&#039;ingrosso di materie prime\" \/>\n<meta property=\"article:publisher\" content=\"https:\/\/www.facebook.com\/naturalpoland.b2b\" \/>\n<meta property=\"og:image\" content=\"https:\/\/naturalpoland.com\/wp-content\/uploads\/2021\/05\/natural-vitamin-e-succinate.jpg\" \/>\n\t<meta property=\"og:image:width\" content=\"795\" \/>\n\t<meta property=\"og:image:height\" content=\"227\" \/>\n\t<meta property=\"og:image:type\" content=\"image\/jpeg\" \/>\n<script type=\"application\/ld+json\" class=\"yoast-schema-graph\">{\"@context\":\"https:\\\/\\\/schema.org\",\"@graph\":[{\"@type\":\"WebPage\",\"@id\":\"https:\\\/\\\/naturalpoland.com\\\/it\\\/produkty\\\/prodotti-per-industria-farmaceutica-e-medica\\\/vitamine-it\\\/vitamina-e-succinato-naturale\\\/\",\"url\":\"https:\\\/\\\/naturalpoland.com\\\/it\\\/produkty\\\/prodotti-per-industria-farmaceutica-e-medica\\\/vitamine-it\\\/vitamina-e-succinato-naturale\\\/\",\"name\":\"Succinato di vitamina E naturale - Distributore all'ingrosso\",\"isPartOf\":{\"@id\":\"https:\\\/\\\/naturalpoland.com\\\/it\\\/#website\"},\"primaryImageOfPage\":{\"@id\":\"https:\\\/\\\/naturalpoland.com\\\/it\\\/produkty\\\/prodotti-per-industria-farmaceutica-e-medica\\\/vitamine-it\\\/vitamina-e-succinato-naturale\\\/#primaryimage\"},\"image\":{\"@id\":\"https:\\\/\\\/naturalpoland.com\\\/it\\\/produkty\\\/prodotti-per-industria-farmaceutica-e-medica\\\/vitamine-it\\\/vitamina-e-succinato-naturale\\\/#primaryimage\"},\"thumbnailUrl\":\"https:\\\/\\\/naturalpoland.com\\\/wp-content\\\/uploads\\\/2021\\\/05\\\/natural-vitamin-e-succinate.jpg\",\"datePublished\":\"2021-11-04T10:54:40+00:00\",\"breadcrumb\":{\"@id\":\"https:\\\/\\\/naturalpoland.com\\\/it\\\/produkty\\\/prodotti-per-industria-farmaceutica-e-medica\\\/vitamine-it\\\/vitamina-e-succinato-naturale\\\/#breadcrumb\"},\"inLanguage\":\"it-IT\",\"potentialAction\":[{\"@type\":\"ReadAction\",\"target\":[\"https:\\\/\\\/naturalpoland.com\\\/it\\\/produkty\\\/prodotti-per-industria-farmaceutica-e-medica\\\/vitamine-it\\\/vitamina-e-succinato-naturale\\\/\"]}]},{\"@type\":\"ImageObject\",\"inLanguage\":\"it-IT\",\"@id\":\"https:\\\/\\\/naturalpoland.com\\\/it\\\/produkty\\\/prodotti-per-industria-farmaceutica-e-medica\\\/vitamine-it\\\/vitamina-e-succinato-naturale\\\/#primaryimage\",\"url\":\"https:\\\/\\\/naturalpoland.com\\\/wp-content\\\/uploads\\\/2021\\\/05\\\/natural-vitamin-e-succinate.jpg\",\"contentUrl\":\"https:\\\/\\\/naturalpoland.com\\\/wp-content\\\/uploads\\\/2021\\\/05\\\/natural-vitamin-e-succinate.jpg\",\"width\":795,\"height\":227},{\"@type\":\"BreadcrumbList\",\"@id\":\"https:\\\/\\\/naturalpoland.com\\\/it\\\/produkty\\\/prodotti-per-industria-farmaceutica-e-medica\\\/vitamine-it\\\/vitamina-e-succinato-naturale\\\/#breadcrumb\",\"itemListElement\":[{\"@type\":\"ListItem\",\"position\":1,\"name\":\"Home\",\"item\":\"https:\\\/\\\/naturalpoland.com\\\/it\\\/\"},{\"@type\":\"ListItem\",\"position\":2,\"name\":\"Prodotti\",\"item\":\"https:\\\/\\\/naturalpoland.com\\\/it\\\/prodotti\\\/\"},{\"@type\":\"ListItem\",\"position\":3,\"name\":\"Succinato di vitamina E naturale\"}]},{\"@type\":\"WebSite\",\"@id\":\"https:\\\/\\\/naturalpoland.com\\\/it\\\/#website\",\"url\":\"https:\\\/\\\/naturalpoland.com\\\/it\\\/\",\"name\":\"NATURAL POLAND - Distributore all'ingrosso di materie prime\",\"description\":\"Surowce dla przemys\u0142u spo\u017cywczego, kosmetycznego i farmaceutycznego\",\"publisher\":{\"@id\":\"https:\\\/\\\/naturalpoland.com\\\/it\\\/#organization\"},\"potentialAction\":[{\"@type\":\"SearchAction\",\"target\":{\"@type\":\"EntryPoint\",\"urlTemplate\":\"https:\\\/\\\/naturalpoland.com\\\/it\\\/?s={search_term_string}\"},\"query-input\":{\"@type\":\"PropertyValueSpecification\",\"valueRequired\":true,\"valueName\":\"search_term_string\"}}],\"inLanguage\":\"it-IT\"},{\"@type\":\"Organization\",\"@id\":\"https:\\\/\\\/naturalpoland.com\\\/it\\\/#organization\",\"name\":\"Natural Poland\",\"url\":\"https:\\\/\\\/naturalpoland.com\\\/it\\\/\",\"logo\":{\"@type\":\"ImageObject\",\"inLanguage\":\"it-IT\",\"@id\":\"https:\\\/\\\/naturalpoland.com\\\/it\\\/#\\\/schema\\\/logo\\\/image\\\/\",\"url\":\"https:\\\/\\\/naturalpoland.com\\\/wp-content\\\/uploads\\\/2021\\\/05\\\/natural-poland-icon.png\",\"contentUrl\":\"https:\\\/\\\/naturalpoland.com\\\/wp-content\\\/uploads\\\/2021\\\/05\\\/natural-poland-icon.png\",\"width\":512,\"height\":512,\"caption\":\"Natural Poland\"},\"image\":{\"@id\":\"https:\\\/\\\/naturalpoland.com\\\/it\\\/#\\\/schema\\\/logo\\\/image\\\/\"},\"sameAs\":[\"https:\\\/\\\/www.facebook.com\\\/naturalpoland.b2b\",\"https:\\\/\\\/pl.linkedin.com\\\/company\\\/natural-poland\",\"https:\\\/\\\/www.youtube.com\\\/channel\\\/UCgeGGkvOMahZo-xu_MSEWxg\"]}]}<\/script>\n<!-- \/ Yoast SEO plugin. -->","yoast_head_json":{"title":"Succinato di vitamina E naturale - Distributore all'ingrosso","robots":{"index":"index","follow":"follow","max-snippet":"max-snippet:-1","max-image-preview":"max-image-preview:large","max-video-preview":"max-video-preview:-1"},"canonical":"https:\/\/naturalpoland.com\/it\/produkty\/prodotti-per-industria-farmaceutica-e-medica\/vitamine-it\/vitamina-e-succinato-naturale\/","og_locale":"it_IT","og_type":"article","og_title":"Succinato di vitamina E naturale - Distributore all'ingrosso","og_description":"Il succinato naturale di vitamina E \u00e8 la migliore forma digeribile di questa vitamina. \u00c8 molto meglio assorbibile rispetto alle sue controparti sintetiche. Per questo motivo il succinato \u00e8 l'ingrediente pi\u00f9 comunemente utilizzato negli integratori alimentari arricchiti con vitamina E.","og_url":"https:\/\/naturalpoland.com\/it\/produkty\/prodotti-per-industria-farmaceutica-e-medica\/vitamine-it\/vitamina-e-succinato-naturale\/","og_site_name":"NATURAL POLAND - Distributore all'ingrosso di materie prime","article_publisher":"https:\/\/www.facebook.com\/naturalpoland.b2b","og_image":[{"width":795,"height":227,"url":"https:\/\/naturalpoland.com\/wp-content\/uploads\/2021\/05\/natural-vitamin-e-succinate.jpg","type":"image\/jpeg"}],"schema":{"@context":"https:\/\/schema.org","@graph":[{"@type":"WebPage","@id":"https:\/\/naturalpoland.com\/it\/produkty\/prodotti-per-industria-farmaceutica-e-medica\/vitamine-it\/vitamina-e-succinato-naturale\/","url":"https:\/\/naturalpoland.com\/it\/produkty\/prodotti-per-industria-farmaceutica-e-medica\/vitamine-it\/vitamina-e-succinato-naturale\/","name":"Succinato di vitamina E naturale - Distributore all'ingrosso","isPartOf":{"@id":"https:\/\/naturalpoland.com\/it\/#website"},"primaryImageOfPage":{"@id":"https:\/\/naturalpoland.com\/it\/produkty\/prodotti-per-industria-farmaceutica-e-medica\/vitamine-it\/vitamina-e-succinato-naturale\/#primaryimage"},"image":{"@id":"https:\/\/naturalpoland.com\/it\/produkty\/prodotti-per-industria-farmaceutica-e-medica\/vitamine-it\/vitamina-e-succinato-naturale\/#primaryimage"},"thumbnailUrl":"https:\/\/naturalpoland.com\/wp-content\/uploads\/2021\/05\/natural-vitamin-e-succinate.jpg","datePublished":"2021-11-04T10:54:40+00:00","breadcrumb":{"@id":"https:\/\/naturalpoland.com\/it\/produkty\/prodotti-per-industria-farmaceutica-e-medica\/vitamine-it\/vitamina-e-succinato-naturale\/#breadcrumb"},"inLanguage":"it-IT","potentialAction":[{"@type":"ReadAction","target":["https:\/\/naturalpoland.com\/it\/produkty\/prodotti-per-industria-farmaceutica-e-medica\/vitamine-it\/vitamina-e-succinato-naturale\/"]}]},{"@type":"ImageObject","inLanguage":"it-IT","@id":"https:\/\/naturalpoland.com\/it\/produkty\/prodotti-per-industria-farmaceutica-e-medica\/vitamine-it\/vitamina-e-succinato-naturale\/#primaryimage","url":"https:\/\/naturalpoland.com\/wp-content\/uploads\/2021\/05\/natural-vitamin-e-succinate.jpg","contentUrl":"https:\/\/naturalpoland.com\/wp-content\/uploads\/2021\/05\/natural-vitamin-e-succinate.jpg","width":795,"height":227},{"@type":"BreadcrumbList","@id":"https:\/\/naturalpoland.com\/it\/produkty\/prodotti-per-industria-farmaceutica-e-medica\/vitamine-it\/vitamina-e-succinato-naturale\/#breadcrumb","itemListElement":[{"@type":"ListItem","position":1,"name":"Home","item":"https:\/\/naturalpoland.com\/it\/"},{"@type":"ListItem","position":2,"name":"Prodotti","item":"https:\/\/naturalpoland.com\/it\/prodotti\/"},{"@type":"ListItem","position":3,"name":"Succinato di vitamina E naturale"}]},{"@type":"WebSite","@id":"https:\/\/naturalpoland.com\/it\/#website","url":"https:\/\/naturalpoland.com\/it\/","name":"NATURAL POLAND - Distributore all'ingrosso di materie prime","description":"Surowce dla przemys\u0142u spo\u017cywczego, kosmetycznego i farmaceutycznego","publisher":{"@id":"https:\/\/naturalpoland.com\/it\/#organization"},"potentialAction":[{"@type":"SearchAction","target":{"@type":"EntryPoint","urlTemplate":"https:\/\/naturalpoland.com\/it\/?s={search_term_string}"},"query-input":{"@type":"PropertyValueSpecification","valueRequired":true,"valueName":"search_term_string"}}],"inLanguage":"it-IT"},{"@type":"Organization","@id":"https:\/\/naturalpoland.com\/it\/#organization","name":"Natural Poland","url":"https:\/\/naturalpoland.com\/it\/","logo":{"@type":"ImageObject","inLanguage":"it-IT","@id":"https:\/\/naturalpoland.com\/it\/#\/schema\/logo\/image\/","url":"https:\/\/naturalpoland.com\/wp-content\/uploads\/2021\/05\/natural-poland-icon.png","contentUrl":"https:\/\/naturalpoland.com\/wp-content\/uploads\/2021\/05\/natural-poland-icon.png","width":512,"height":512,"caption":"Natural Poland"},"image":{"@id":"https:\/\/naturalpoland.com\/it\/#\/schema\/logo\/image\/"},"sameAs":["https:\/\/www.facebook.com\/naturalpoland.b2b","https:\/\/pl.linkedin.com\/company\/natural-poland","https:\/\/www.youtube.com\/channel\/UCgeGGkvOMahZo-xu_MSEWxg"]}]}},"_links":{"self":[{"href":"https:\/\/naturalpoland.com\/it\/wp-json\/wp\/v2\/product\/13773","targetHints":{"allow":["GET"]}}],"collection":[{"href":"https:\/\/naturalpoland.com\/it\/wp-json\/wp\/v2\/product"}],"about":[{"href":"https:\/\/naturalpoland.com\/it\/wp-json\/wp\/v2\/types\/product"}],"wp:featuredmedia":[{"embeddable":true,"href":"https:\/\/naturalpoland.com\/it\/wp-json\/wp\/v2\/media\/13778"}],"wp:attachment":[{"href":"https:\/\/naturalpoland.com\/it\/wp-json\/wp\/v2\/media?parent=13773"}],"wp:term":[{"taxonomy":"product_brand","embeddable":true,"href":"https:\/\/naturalpoland.com\/it\/wp-json\/wp\/v2\/product_brand?post=13773"},{"taxonomy":"product_cat","embeddable":true,"href":"https:\/\/naturalpoland.com\/it\/wp-json\/wp\/v2\/product_cat?post=13773"},{"taxonomy":"product_tag","embeddable":true,"href":"https:\/\/naturalpoland.com\/it\/wp-json\/wp\/v2\/product_tag?post=13773"}],"curies":[{"name":"wp","href":"https:\/\/api.w.org\/{rel}","templated":true}]}}