{"id":13781,"date":"2021-05-11T13:36:58","date_gmt":"2021-11-04T10:54:44","guid":{"rendered":"https:\/\/naturalpoland.pl\/produkty\/senza-categoria\/d-glucosamina-cloridrato\/"},"modified":"2021-11-04T11:54:44","modified_gmt":"2021-11-04T10:54:44","slug":"d-glucosamina-cloridrato","status":"publish","type":"product","link":"https:\/\/naturalpoland.com\/it\/produkty\/prodotti-per-industria-farmaceutica-e-medica\/additivi-per-integratori\/d-glucosamina-cloridrato\/","title":{"rendered":"D-glucosamina cloridrato"},"content":{"rendered":"<p>Con l&#8217;et\u00e0 o l&#8217;aumento del peso in eccesso, la produzione di Glucosamina nel nostro corpo diminuisce, il che rende necessario integrarla. Questo ammino zucchero \u00e8 prodotto dal corpo in quantit\u00e0 sempre minori. Pertanto, vale la pena investire nell&#8217;integrazione di glucosamina, poich\u00e9 ha un effetto positivo sulla condizione delle nostre articolazioni.<\/p>\n","protected":false},"excerpt":{"rendered":"<p>La D-Glucosamina cloridrato \u00e8 la forma di glucosamina utilizzata nelle formulazioni. La glucosamina \u00e8 un aminozucchero presente in natura nel corpo umano responsabile della partecipazione alla sintesi dei proteoglicani. Sono gli elementi costitutivi della cartilagine articolare. Grazie a questo amminozucchero, possiamo rafforzare e rigenerare le nostre articolazioni malate e quindi migliorare significativamente la nostra salute e il comfort della vita.<\/p>\n","protected":false},"featured_media":13783,"template":"","meta":{"_acf_changed":false},"product_brand":[],"product_cat":[1530],"product_tag":[],"class_list":{"0":"post-13781","1":"product","2":"type-product","3":"status-publish","4":"has-post-thumbnail","6":"product_cat-additivi-per-integratori","7":"pa_grupa-substancji-nutraceutici","9":"first","10":"instock","11":"shipping-taxable","12":"product-type-simple"},"acf":[],"yoast_head":"<!-- This site is optimized with the Yoast SEO plugin v27.4 - https:\/\/yoast.com\/product\/yoast-seo-wordpress\/ -->\n<title>D-glucosamina cloridrato - Distributore all&#039;ingrosso<\/title>\n<meta name=\"robots\" content=\"index, follow, max-snippet:-1, max-image-preview:large, max-video-preview:-1\" \/>\n<link rel=\"canonical\" href=\"https:\/\/naturalpoland.com\/it\/produkty\/prodotti-per-industria-farmaceutica-e-medica\/additivi-per-integratori\/d-glucosamina-cloridrato\/\" \/>\n<meta property=\"og:locale\" content=\"it_IT\" \/>\n<meta property=\"og:type\" content=\"article\" \/>\n<meta property=\"og:title\" content=\"D-glucosamina cloridrato - Distributore all&#039;ingrosso\" \/>\n<meta property=\"og:description\" content=\"La D-Glucosamina cloridrato \u00e8 la forma di glucosamina utilizzata nelle formulazioni. La glucosamina \u00e8 un aminozucchero presente in natura nel corpo umano responsabile della partecipazione alla sintesi dei proteoglicani. Sono gli elementi costitutivi della cartilagine articolare. Grazie a questo amminozucchero, possiamo rafforzare e rigenerare le nostre articolazioni malate e quindi migliorare significativamente la nostra salute e il comfort della vita.\" \/>\n<meta property=\"og:url\" content=\"https:\/\/naturalpoland.com\/it\/produkty\/prodotti-per-industria-farmaceutica-e-medica\/additivi-per-integratori\/d-glucosamina-cloridrato\/\" \/>\n<meta property=\"og:site_name\" content=\"NATURAL POLAND - Distributore all&#039;ingrosso di materie prime\" \/>\n<meta property=\"article:publisher\" content=\"https:\/\/www.facebook.com\/naturalpoland.b2b\" \/>\n<meta property=\"og:image\" content=\"https:\/\/naturalpoland.com\/wp-content\/uploads\/2021\/05\/hydrochloride-d-glucosamine.jpg\" \/>\n\t<meta property=\"og:image:width\" content=\"213\" \/>\n\t<meta property=\"og:image:height\" content=\"200\" \/>\n\t<meta property=\"og:image:type\" content=\"image\/jpeg\" \/>\n<script type=\"application\/ld+json\" class=\"yoast-schema-graph\">{\"@context\":\"https:\\\/\\\/schema.org\",\"@graph\":[{\"@type\":\"WebPage\",\"@id\":\"https:\\\/\\\/naturalpoland.com\\\/it\\\/produkty\\\/prodotti-per-industria-farmaceutica-e-medica\\\/additivi-per-integratori\\\/d-glucosamina-cloridrato\\\/\",\"url\":\"https:\\\/\\\/naturalpoland.com\\\/it\\\/produkty\\\/prodotti-per-industria-farmaceutica-e-medica\\\/additivi-per-integratori\\\/d-glucosamina-cloridrato\\\/\",\"name\":\"D-glucosamina cloridrato - Distributore all'ingrosso\",\"isPartOf\":{\"@id\":\"https:\\\/\\\/naturalpoland.com\\\/it\\\/#website\"},\"primaryImageOfPage\":{\"@id\":\"https:\\\/\\\/naturalpoland.com\\\/it\\\/produkty\\\/prodotti-per-industria-farmaceutica-e-medica\\\/additivi-per-integratori\\\/d-glucosamina-cloridrato\\\/#primaryimage\"},\"image\":{\"@id\":\"https:\\\/\\\/naturalpoland.com\\\/it\\\/produkty\\\/prodotti-per-industria-farmaceutica-e-medica\\\/additivi-per-integratori\\\/d-glucosamina-cloridrato\\\/#primaryimage\"},\"thumbnailUrl\":\"https:\\\/\\\/naturalpoland.com\\\/wp-content\\\/uploads\\\/2021\\\/05\\\/hydrochloride-d-glucosamine.jpg\",\"datePublished\":\"2021-11-04T10:54:44+00:00\",\"breadcrumb\":{\"@id\":\"https:\\\/\\\/naturalpoland.com\\\/it\\\/produkty\\\/prodotti-per-industria-farmaceutica-e-medica\\\/additivi-per-integratori\\\/d-glucosamina-cloridrato\\\/#breadcrumb\"},\"inLanguage\":\"it-IT\",\"potentialAction\":[{\"@type\":\"ReadAction\",\"target\":[\"https:\\\/\\\/naturalpoland.com\\\/it\\\/produkty\\\/prodotti-per-industria-farmaceutica-e-medica\\\/additivi-per-integratori\\\/d-glucosamina-cloridrato\\\/\"]}]},{\"@type\":\"ImageObject\",\"inLanguage\":\"it-IT\",\"@id\":\"https:\\\/\\\/naturalpoland.com\\\/it\\\/produkty\\\/prodotti-per-industria-farmaceutica-e-medica\\\/additivi-per-integratori\\\/d-glucosamina-cloridrato\\\/#primaryimage\",\"url\":\"https:\\\/\\\/naturalpoland.com\\\/wp-content\\\/uploads\\\/2021\\\/05\\\/hydrochloride-d-glucosamine.jpg\",\"contentUrl\":\"https:\\\/\\\/naturalpoland.com\\\/wp-content\\\/uploads\\\/2021\\\/05\\\/hydrochloride-d-glucosamine.jpg\",\"width\":213,\"height\":200},{\"@type\":\"BreadcrumbList\",\"@id\":\"https:\\\/\\\/naturalpoland.com\\\/it\\\/produkty\\\/prodotti-per-industria-farmaceutica-e-medica\\\/additivi-per-integratori\\\/d-glucosamina-cloridrato\\\/#breadcrumb\",\"itemListElement\":[{\"@type\":\"ListItem\",\"position\":1,\"name\":\"Home\",\"item\":\"https:\\\/\\\/naturalpoland.com\\\/it\\\/\"},{\"@type\":\"ListItem\",\"position\":2,\"name\":\"Prodotti\",\"item\":\"https:\\\/\\\/naturalpoland.com\\\/it\\\/prodotti\\\/\"},{\"@type\":\"ListItem\",\"position\":3,\"name\":\"D-glucosamina cloridrato\"}]},{\"@type\":\"WebSite\",\"@id\":\"https:\\\/\\\/naturalpoland.com\\\/it\\\/#website\",\"url\":\"https:\\\/\\\/naturalpoland.com\\\/it\\\/\",\"name\":\"NATURAL POLAND - Distributore all'ingrosso di materie prime\",\"description\":\"Surowce dla przemys\u0142u spo\u017cywczego, kosmetycznego i farmaceutycznego\",\"publisher\":{\"@id\":\"https:\\\/\\\/naturalpoland.com\\\/it\\\/#organization\"},\"potentialAction\":[{\"@type\":\"SearchAction\",\"target\":{\"@type\":\"EntryPoint\",\"urlTemplate\":\"https:\\\/\\\/naturalpoland.com\\\/it\\\/?s={search_term_string}\"},\"query-input\":{\"@type\":\"PropertyValueSpecification\",\"valueRequired\":true,\"valueName\":\"search_term_string\"}}],\"inLanguage\":\"it-IT\"},{\"@type\":\"Organization\",\"@id\":\"https:\\\/\\\/naturalpoland.com\\\/it\\\/#organization\",\"name\":\"Natural Poland\",\"url\":\"https:\\\/\\\/naturalpoland.com\\\/it\\\/\",\"logo\":{\"@type\":\"ImageObject\",\"inLanguage\":\"it-IT\",\"@id\":\"https:\\\/\\\/naturalpoland.com\\\/it\\\/#\\\/schema\\\/logo\\\/image\\\/\",\"url\":\"https:\\\/\\\/naturalpoland.com\\\/wp-content\\\/uploads\\\/2021\\\/05\\\/natural-poland-icon.png\",\"contentUrl\":\"https:\\\/\\\/naturalpoland.com\\\/wp-content\\\/uploads\\\/2021\\\/05\\\/natural-poland-icon.png\",\"width\":512,\"height\":512,\"caption\":\"Natural Poland\"},\"image\":{\"@id\":\"https:\\\/\\\/naturalpoland.com\\\/it\\\/#\\\/schema\\\/logo\\\/image\\\/\"},\"sameAs\":[\"https:\\\/\\\/www.facebook.com\\\/naturalpoland.b2b\",\"https:\\\/\\\/pl.linkedin.com\\\/company\\\/natural-poland\",\"https:\\\/\\\/www.youtube.com\\\/channel\\\/UCgeGGkvOMahZo-xu_MSEWxg\"]}]}<\/script>\n<!-- \/ Yoast SEO plugin. -->","yoast_head_json":{"title":"D-glucosamina cloridrato - Distributore all'ingrosso","robots":{"index":"index","follow":"follow","max-snippet":"max-snippet:-1","max-image-preview":"max-image-preview:large","max-video-preview":"max-video-preview:-1"},"canonical":"https:\/\/naturalpoland.com\/it\/produkty\/prodotti-per-industria-farmaceutica-e-medica\/additivi-per-integratori\/d-glucosamina-cloridrato\/","og_locale":"it_IT","og_type":"article","og_title":"D-glucosamina cloridrato - Distributore all'ingrosso","og_description":"La D-Glucosamina cloridrato \u00e8 la forma di glucosamina utilizzata nelle formulazioni. La glucosamina \u00e8 un aminozucchero presente in natura nel corpo umano responsabile della partecipazione alla sintesi dei proteoglicani. Sono gli elementi costitutivi della cartilagine articolare. Grazie a questo amminozucchero, possiamo rafforzare e rigenerare le nostre articolazioni malate e quindi migliorare significativamente la nostra salute e il comfort della vita.","og_url":"https:\/\/naturalpoland.com\/it\/produkty\/prodotti-per-industria-farmaceutica-e-medica\/additivi-per-integratori\/d-glucosamina-cloridrato\/","og_site_name":"NATURAL POLAND - Distributore all'ingrosso di materie prime","article_publisher":"https:\/\/www.facebook.com\/naturalpoland.b2b","og_image":[{"width":213,"height":200,"url":"https:\/\/naturalpoland.com\/wp-content\/uploads\/2021\/05\/hydrochloride-d-glucosamine.jpg","type":"image\/jpeg"}],"schema":{"@context":"https:\/\/schema.org","@graph":[{"@type":"WebPage","@id":"https:\/\/naturalpoland.com\/it\/produkty\/prodotti-per-industria-farmaceutica-e-medica\/additivi-per-integratori\/d-glucosamina-cloridrato\/","url":"https:\/\/naturalpoland.com\/it\/produkty\/prodotti-per-industria-farmaceutica-e-medica\/additivi-per-integratori\/d-glucosamina-cloridrato\/","name":"D-glucosamina cloridrato - Distributore all'ingrosso","isPartOf":{"@id":"https:\/\/naturalpoland.com\/it\/#website"},"primaryImageOfPage":{"@id":"https:\/\/naturalpoland.com\/it\/produkty\/prodotti-per-industria-farmaceutica-e-medica\/additivi-per-integratori\/d-glucosamina-cloridrato\/#primaryimage"},"image":{"@id":"https:\/\/naturalpoland.com\/it\/produkty\/prodotti-per-industria-farmaceutica-e-medica\/additivi-per-integratori\/d-glucosamina-cloridrato\/#primaryimage"},"thumbnailUrl":"https:\/\/naturalpoland.com\/wp-content\/uploads\/2021\/05\/hydrochloride-d-glucosamine.jpg","datePublished":"2021-11-04T10:54:44+00:00","breadcrumb":{"@id":"https:\/\/naturalpoland.com\/it\/produkty\/prodotti-per-industria-farmaceutica-e-medica\/additivi-per-integratori\/d-glucosamina-cloridrato\/#breadcrumb"},"inLanguage":"it-IT","potentialAction":[{"@type":"ReadAction","target":["https:\/\/naturalpoland.com\/it\/produkty\/prodotti-per-industria-farmaceutica-e-medica\/additivi-per-integratori\/d-glucosamina-cloridrato\/"]}]},{"@type":"ImageObject","inLanguage":"it-IT","@id":"https:\/\/naturalpoland.com\/it\/produkty\/prodotti-per-industria-farmaceutica-e-medica\/additivi-per-integratori\/d-glucosamina-cloridrato\/#primaryimage","url":"https:\/\/naturalpoland.com\/wp-content\/uploads\/2021\/05\/hydrochloride-d-glucosamine.jpg","contentUrl":"https:\/\/naturalpoland.com\/wp-content\/uploads\/2021\/05\/hydrochloride-d-glucosamine.jpg","width":213,"height":200},{"@type":"BreadcrumbList","@id":"https:\/\/naturalpoland.com\/it\/produkty\/prodotti-per-industria-farmaceutica-e-medica\/additivi-per-integratori\/d-glucosamina-cloridrato\/#breadcrumb","itemListElement":[{"@type":"ListItem","position":1,"name":"Home","item":"https:\/\/naturalpoland.com\/it\/"},{"@type":"ListItem","position":2,"name":"Prodotti","item":"https:\/\/naturalpoland.com\/it\/prodotti\/"},{"@type":"ListItem","position":3,"name":"D-glucosamina cloridrato"}]},{"@type":"WebSite","@id":"https:\/\/naturalpoland.com\/it\/#website","url":"https:\/\/naturalpoland.com\/it\/","name":"NATURAL POLAND - Distributore all'ingrosso di materie prime","description":"Surowce dla przemys\u0142u spo\u017cywczego, kosmetycznego i farmaceutycznego","publisher":{"@id":"https:\/\/naturalpoland.com\/it\/#organization"},"potentialAction":[{"@type":"SearchAction","target":{"@type":"EntryPoint","urlTemplate":"https:\/\/naturalpoland.com\/it\/?s={search_term_string}"},"query-input":{"@type":"PropertyValueSpecification","valueRequired":true,"valueName":"search_term_string"}}],"inLanguage":"it-IT"},{"@type":"Organization","@id":"https:\/\/naturalpoland.com\/it\/#organization","name":"Natural Poland","url":"https:\/\/naturalpoland.com\/it\/","logo":{"@type":"ImageObject","inLanguage":"it-IT","@id":"https:\/\/naturalpoland.com\/it\/#\/schema\/logo\/image\/","url":"https:\/\/naturalpoland.com\/wp-content\/uploads\/2021\/05\/natural-poland-icon.png","contentUrl":"https:\/\/naturalpoland.com\/wp-content\/uploads\/2021\/05\/natural-poland-icon.png","width":512,"height":512,"caption":"Natural Poland"},"image":{"@id":"https:\/\/naturalpoland.com\/it\/#\/schema\/logo\/image\/"},"sameAs":["https:\/\/www.facebook.com\/naturalpoland.b2b","https:\/\/pl.linkedin.com\/company\/natural-poland","https:\/\/www.youtube.com\/channel\/UCgeGGkvOMahZo-xu_MSEWxg"]}]}},"_links":{"self":[{"href":"https:\/\/naturalpoland.com\/it\/wp-json\/wp\/v2\/product\/13781","targetHints":{"allow":["GET"]}}],"collection":[{"href":"https:\/\/naturalpoland.com\/it\/wp-json\/wp\/v2\/product"}],"about":[{"href":"https:\/\/naturalpoland.com\/it\/wp-json\/wp\/v2\/types\/product"}],"wp:featuredmedia":[{"embeddable":true,"href":"https:\/\/naturalpoland.com\/it\/wp-json\/wp\/v2\/media\/13783"}],"wp:attachment":[{"href":"https:\/\/naturalpoland.com\/it\/wp-json\/wp\/v2\/media?parent=13781"}],"wp:term":[{"taxonomy":"product_brand","embeddable":true,"href":"https:\/\/naturalpoland.com\/it\/wp-json\/wp\/v2\/product_brand?post=13781"},{"taxonomy":"product_cat","embeddable":true,"href":"https:\/\/naturalpoland.com\/it\/wp-json\/wp\/v2\/product_cat?post=13781"},{"taxonomy":"product_tag","embeddable":true,"href":"https:\/\/naturalpoland.com\/it\/wp-json\/wp\/v2\/product_tag?post=13781"}],"curies":[{"name":"wp","href":"https:\/\/api.w.org\/{rel}","templated":true}]}}