{"id":13791,"date":"2021-05-11T13:37:21","date_gmt":"2021-11-04T10:54:54","guid":{"rendered":"https:\/\/naturalpoland.pl\/produkty\/senza-categoria\/zucchero-di-datteri-ad-alto-contenuto-di-fruttosio\/"},"modified":"2021-11-04T11:54:54","modified_gmt":"2021-11-04T10:54:54","slug":"ad-alto-contenuto-di-fruttosio-dattero-zucchero","status":"publish","type":"product","link":"https:\/\/naturalpoland.com\/it\/produkty\/prodotti-per-industria-alimentare\/materie-prime-per-produzione\/ad-alto-contenuto-di-fruttosio-dattero-zucchero\/","title":{"rendered":"Zucchero di datteri ad alto contenuto di fruttosio"},"content":{"rendered":"<p>Lo zucchero di datteri ad alto contenuto di fruttosio \u00e8 ottimo per preparare dolci e dessert. Puoi anche aggiungerlo a bevande, ad esempio caff\u00e8, frullati.<\/p>\n<p>A causa del fatto che ha un alto contenuto di fruttosio &#8211; zucchero molto meno complesso del saccarosio, la sua digeribilit\u00e0 da parte dell&#8217;organismo \u00e8 molto alta. Allo stesso tempo, va anche notato che ha un alto livello di dolcezza, quindi non \u00e8 necessario aggiungerne molto ai piatti per ottenere un effetto soddisfacente.<\/p>\n","protected":false},"excerpt":{"rendered":"<p>Lo zucchero di datteri ad alto contenuto di fruttosio \u00e8 un sostituto dello zucchero bianco. Certo, \u00e8 molto pi\u00f9 sano di lui. A causa del fatto che \u00e8 un prodotto completamente naturale, \u00e8 facilmente assorbito dall&#8217;organismo e le calorie che contiene non sono vuote.<\/p>\n","protected":false},"featured_media":13794,"template":"","meta":{"_acf_changed":false},"product_brand":[],"product_cat":[1516],"product_tag":[],"class_list":{"0":"post-13791","1":"product","2":"type-product","3":"status-publish","4":"has-post-thumbnail","6":"product_cat-materie-prime-per-produzione","7":"pa_grupa-substancji-carboidrati","9":"first","10":"instock","11":"shipping-taxable","12":"product-type-simple"},"acf":[],"yoast_head":"<!-- This site is optimized with the Yoast SEO plugin v27.5 - https:\/\/yoast.com\/product\/yoast-seo-wordpress\/ -->\n<title>Zucchero di datteri ad alto contenuto di fruttosio - Distributore all&#039;ingrosso<\/title>\n<meta name=\"robots\" content=\"index, follow, max-snippet:-1, max-image-preview:large, max-video-preview:-1\" \/>\n<link rel=\"canonical\" href=\"https:\/\/naturalpoland.com\/it\/produkty\/prodotti-per-industria-alimentare\/materie-prime-per-produzione\/ad-alto-contenuto-di-fruttosio-dattero-zucchero\/\" \/>\n<meta property=\"og:locale\" content=\"it_IT\" \/>\n<meta property=\"og:type\" content=\"article\" \/>\n<meta property=\"og:title\" content=\"Zucchero di datteri ad alto contenuto di fruttosio - Distributore all&#039;ingrosso\" \/>\n<meta property=\"og:description\" content=\"Lo zucchero di datteri ad alto contenuto di fruttosio \u00e8 un sostituto dello zucchero bianco. Certo, \u00e8 molto pi\u00f9 sano di lui. A causa del fatto che \u00e8 un prodotto completamente naturale, \u00e8 facilmente assorbito dall&#039;organismo e le calorie che contiene non sono vuote.\" \/>\n<meta property=\"og:url\" content=\"https:\/\/naturalpoland.com\/it\/produkty\/prodotti-per-industria-alimentare\/materie-prime-per-produzione\/ad-alto-contenuto-di-fruttosio-dattero-zucchero\/\" \/>\n<meta property=\"og:site_name\" content=\"NATURAL POLAND - Distributore all&#039;ingrosso di materie prime\" \/>\n<meta property=\"article:publisher\" content=\"https:\/\/www.facebook.com\/naturalpoland.b2b\" \/>\n<meta property=\"og:image\" content=\"https:\/\/naturalpoland.com\/wp-content\/uploads\/2021\/05\/dates-sugar-high-fructose.jpg\" \/>\n\t<meta property=\"og:image:width\" content=\"308\" \/>\n\t<meta property=\"og:image:height\" content=\"103\" \/>\n\t<meta property=\"og:image:type\" content=\"image\/jpeg\" \/>\n<script type=\"application\/ld+json\" class=\"yoast-schema-graph\">{\"@context\":\"https:\\\/\\\/schema.org\",\"@graph\":[{\"@type\":\"WebPage\",\"@id\":\"https:\\\/\\\/naturalpoland.com\\\/it\\\/produkty\\\/prodotti-per-industria-alimentare\\\/materie-prime-per-produzione\\\/ad-alto-contenuto-di-fruttosio-dattero-zucchero\\\/\",\"url\":\"https:\\\/\\\/naturalpoland.com\\\/it\\\/produkty\\\/prodotti-per-industria-alimentare\\\/materie-prime-per-produzione\\\/ad-alto-contenuto-di-fruttosio-dattero-zucchero\\\/\",\"name\":\"Zucchero di datteri ad alto contenuto di fruttosio - Distributore all'ingrosso\",\"isPartOf\":{\"@id\":\"https:\\\/\\\/naturalpoland.com\\\/it\\\/#website\"},\"primaryImageOfPage\":{\"@id\":\"https:\\\/\\\/naturalpoland.com\\\/it\\\/produkty\\\/prodotti-per-industria-alimentare\\\/materie-prime-per-produzione\\\/ad-alto-contenuto-di-fruttosio-dattero-zucchero\\\/#primaryimage\"},\"image\":{\"@id\":\"https:\\\/\\\/naturalpoland.com\\\/it\\\/produkty\\\/prodotti-per-industria-alimentare\\\/materie-prime-per-produzione\\\/ad-alto-contenuto-di-fruttosio-dattero-zucchero\\\/#primaryimage\"},\"thumbnailUrl\":\"https:\\\/\\\/naturalpoland.com\\\/wp-content\\\/uploads\\\/2021\\\/05\\\/dates-sugar-high-fructose.jpg\",\"datePublished\":\"2021-11-04T10:54:54+00:00\",\"breadcrumb\":{\"@id\":\"https:\\\/\\\/naturalpoland.com\\\/it\\\/produkty\\\/prodotti-per-industria-alimentare\\\/materie-prime-per-produzione\\\/ad-alto-contenuto-di-fruttosio-dattero-zucchero\\\/#breadcrumb\"},\"inLanguage\":\"it-IT\",\"potentialAction\":[{\"@type\":\"ReadAction\",\"target\":[\"https:\\\/\\\/naturalpoland.com\\\/it\\\/produkty\\\/prodotti-per-industria-alimentare\\\/materie-prime-per-produzione\\\/ad-alto-contenuto-di-fruttosio-dattero-zucchero\\\/\"]}]},{\"@type\":\"ImageObject\",\"inLanguage\":\"it-IT\",\"@id\":\"https:\\\/\\\/naturalpoland.com\\\/it\\\/produkty\\\/prodotti-per-industria-alimentare\\\/materie-prime-per-produzione\\\/ad-alto-contenuto-di-fruttosio-dattero-zucchero\\\/#primaryimage\",\"url\":\"https:\\\/\\\/naturalpoland.com\\\/wp-content\\\/uploads\\\/2021\\\/05\\\/dates-sugar-high-fructose.jpg\",\"contentUrl\":\"https:\\\/\\\/naturalpoland.com\\\/wp-content\\\/uploads\\\/2021\\\/05\\\/dates-sugar-high-fructose.jpg\",\"width\":308,\"height\":103},{\"@type\":\"BreadcrumbList\",\"@id\":\"https:\\\/\\\/naturalpoland.com\\\/it\\\/produkty\\\/prodotti-per-industria-alimentare\\\/materie-prime-per-produzione\\\/ad-alto-contenuto-di-fruttosio-dattero-zucchero\\\/#breadcrumb\",\"itemListElement\":[{\"@type\":\"ListItem\",\"position\":1,\"name\":\"Home\",\"item\":\"https:\\\/\\\/naturalpoland.com\\\/it\\\/\"},{\"@type\":\"ListItem\",\"position\":2,\"name\":\"Prodotti\",\"item\":\"https:\\\/\\\/naturalpoland.com\\\/it\\\/prodotti\\\/\"},{\"@type\":\"ListItem\",\"position\":3,\"name\":\"Zucchero di datteri ad alto contenuto di fruttosio\"}]},{\"@type\":\"WebSite\",\"@id\":\"https:\\\/\\\/naturalpoland.com\\\/it\\\/#website\",\"url\":\"https:\\\/\\\/naturalpoland.com\\\/it\\\/\",\"name\":\"NATURAL POLAND - Distributore all'ingrosso di materie prime\",\"description\":\"Surowce dla przemys\u0142u spo\u017cywczego, kosmetycznego i farmaceutycznego\",\"publisher\":{\"@id\":\"https:\\\/\\\/naturalpoland.com\\\/it\\\/#organization\"},\"potentialAction\":[{\"@type\":\"SearchAction\",\"target\":{\"@type\":\"EntryPoint\",\"urlTemplate\":\"https:\\\/\\\/naturalpoland.com\\\/it\\\/?s={search_term_string}\"},\"query-input\":{\"@type\":\"PropertyValueSpecification\",\"valueRequired\":true,\"valueName\":\"search_term_string\"}}],\"inLanguage\":\"it-IT\"},{\"@type\":\"Organization\",\"@id\":\"https:\\\/\\\/naturalpoland.com\\\/it\\\/#organization\",\"name\":\"Natural Poland\",\"url\":\"https:\\\/\\\/naturalpoland.com\\\/it\\\/\",\"logo\":{\"@type\":\"ImageObject\",\"inLanguage\":\"it-IT\",\"@id\":\"https:\\\/\\\/naturalpoland.com\\\/it\\\/#\\\/schema\\\/logo\\\/image\\\/\",\"url\":\"https:\\\/\\\/naturalpoland.com\\\/wp-content\\\/uploads\\\/2021\\\/05\\\/natural-poland-icon.png\",\"contentUrl\":\"https:\\\/\\\/naturalpoland.com\\\/wp-content\\\/uploads\\\/2021\\\/05\\\/natural-poland-icon.png\",\"width\":512,\"height\":512,\"caption\":\"Natural Poland\"},\"image\":{\"@id\":\"https:\\\/\\\/naturalpoland.com\\\/it\\\/#\\\/schema\\\/logo\\\/image\\\/\"},\"sameAs\":[\"https:\\\/\\\/www.facebook.com\\\/naturalpoland.b2b\",\"https:\\\/\\\/pl.linkedin.com\\\/company\\\/natural-poland\",\"https:\\\/\\\/www.youtube.com\\\/channel\\\/UCgeGGkvOMahZo-xu_MSEWxg\"]}]}<\/script>\n<!-- \/ Yoast SEO plugin. -->","yoast_head_json":{"title":"Zucchero di datteri ad alto contenuto di fruttosio - Distributore all'ingrosso","robots":{"index":"index","follow":"follow","max-snippet":"max-snippet:-1","max-image-preview":"max-image-preview:large","max-video-preview":"max-video-preview:-1"},"canonical":"https:\/\/naturalpoland.com\/it\/produkty\/prodotti-per-industria-alimentare\/materie-prime-per-produzione\/ad-alto-contenuto-di-fruttosio-dattero-zucchero\/","og_locale":"it_IT","og_type":"article","og_title":"Zucchero di datteri ad alto contenuto di fruttosio - Distributore all'ingrosso","og_description":"Lo zucchero di datteri ad alto contenuto di fruttosio \u00e8 un sostituto dello zucchero bianco. Certo, \u00e8 molto pi\u00f9 sano di lui. A causa del fatto che \u00e8 un prodotto completamente naturale, \u00e8 facilmente assorbito dall'organismo e le calorie che contiene non sono vuote.","og_url":"https:\/\/naturalpoland.com\/it\/produkty\/prodotti-per-industria-alimentare\/materie-prime-per-produzione\/ad-alto-contenuto-di-fruttosio-dattero-zucchero\/","og_site_name":"NATURAL POLAND - Distributore all'ingrosso di materie prime","article_publisher":"https:\/\/www.facebook.com\/naturalpoland.b2b","og_image":[{"width":308,"height":103,"url":"https:\/\/naturalpoland.com\/wp-content\/uploads\/2021\/05\/dates-sugar-high-fructose.jpg","type":"image\/jpeg"}],"schema":{"@context":"https:\/\/schema.org","@graph":[{"@type":"WebPage","@id":"https:\/\/naturalpoland.com\/it\/produkty\/prodotti-per-industria-alimentare\/materie-prime-per-produzione\/ad-alto-contenuto-di-fruttosio-dattero-zucchero\/","url":"https:\/\/naturalpoland.com\/it\/produkty\/prodotti-per-industria-alimentare\/materie-prime-per-produzione\/ad-alto-contenuto-di-fruttosio-dattero-zucchero\/","name":"Zucchero di datteri ad alto contenuto di fruttosio - Distributore all'ingrosso","isPartOf":{"@id":"https:\/\/naturalpoland.com\/it\/#website"},"primaryImageOfPage":{"@id":"https:\/\/naturalpoland.com\/it\/produkty\/prodotti-per-industria-alimentare\/materie-prime-per-produzione\/ad-alto-contenuto-di-fruttosio-dattero-zucchero\/#primaryimage"},"image":{"@id":"https:\/\/naturalpoland.com\/it\/produkty\/prodotti-per-industria-alimentare\/materie-prime-per-produzione\/ad-alto-contenuto-di-fruttosio-dattero-zucchero\/#primaryimage"},"thumbnailUrl":"https:\/\/naturalpoland.com\/wp-content\/uploads\/2021\/05\/dates-sugar-high-fructose.jpg","datePublished":"2021-11-04T10:54:54+00:00","breadcrumb":{"@id":"https:\/\/naturalpoland.com\/it\/produkty\/prodotti-per-industria-alimentare\/materie-prime-per-produzione\/ad-alto-contenuto-di-fruttosio-dattero-zucchero\/#breadcrumb"},"inLanguage":"it-IT","potentialAction":[{"@type":"ReadAction","target":["https:\/\/naturalpoland.com\/it\/produkty\/prodotti-per-industria-alimentare\/materie-prime-per-produzione\/ad-alto-contenuto-di-fruttosio-dattero-zucchero\/"]}]},{"@type":"ImageObject","inLanguage":"it-IT","@id":"https:\/\/naturalpoland.com\/it\/produkty\/prodotti-per-industria-alimentare\/materie-prime-per-produzione\/ad-alto-contenuto-di-fruttosio-dattero-zucchero\/#primaryimage","url":"https:\/\/naturalpoland.com\/wp-content\/uploads\/2021\/05\/dates-sugar-high-fructose.jpg","contentUrl":"https:\/\/naturalpoland.com\/wp-content\/uploads\/2021\/05\/dates-sugar-high-fructose.jpg","width":308,"height":103},{"@type":"BreadcrumbList","@id":"https:\/\/naturalpoland.com\/it\/produkty\/prodotti-per-industria-alimentare\/materie-prime-per-produzione\/ad-alto-contenuto-di-fruttosio-dattero-zucchero\/#breadcrumb","itemListElement":[{"@type":"ListItem","position":1,"name":"Home","item":"https:\/\/naturalpoland.com\/it\/"},{"@type":"ListItem","position":2,"name":"Prodotti","item":"https:\/\/naturalpoland.com\/it\/prodotti\/"},{"@type":"ListItem","position":3,"name":"Zucchero di datteri ad alto contenuto di fruttosio"}]},{"@type":"WebSite","@id":"https:\/\/naturalpoland.com\/it\/#website","url":"https:\/\/naturalpoland.com\/it\/","name":"NATURAL POLAND - Distributore all'ingrosso di materie prime","description":"Surowce dla przemys\u0142u spo\u017cywczego, kosmetycznego i farmaceutycznego","publisher":{"@id":"https:\/\/naturalpoland.com\/it\/#organization"},"potentialAction":[{"@type":"SearchAction","target":{"@type":"EntryPoint","urlTemplate":"https:\/\/naturalpoland.com\/it\/?s={search_term_string}"},"query-input":{"@type":"PropertyValueSpecification","valueRequired":true,"valueName":"search_term_string"}}],"inLanguage":"it-IT"},{"@type":"Organization","@id":"https:\/\/naturalpoland.com\/it\/#organization","name":"Natural Poland","url":"https:\/\/naturalpoland.com\/it\/","logo":{"@type":"ImageObject","inLanguage":"it-IT","@id":"https:\/\/naturalpoland.com\/it\/#\/schema\/logo\/image\/","url":"https:\/\/naturalpoland.com\/wp-content\/uploads\/2021\/05\/natural-poland-icon.png","contentUrl":"https:\/\/naturalpoland.com\/wp-content\/uploads\/2021\/05\/natural-poland-icon.png","width":512,"height":512,"caption":"Natural Poland"},"image":{"@id":"https:\/\/naturalpoland.com\/it\/#\/schema\/logo\/image\/"},"sameAs":["https:\/\/www.facebook.com\/naturalpoland.b2b","https:\/\/pl.linkedin.com\/company\/natural-poland","https:\/\/www.youtube.com\/channel\/UCgeGGkvOMahZo-xu_MSEWxg"]}]}},"_links":{"self":[{"href":"https:\/\/naturalpoland.com\/it\/wp-json\/wp\/v2\/product\/13791","targetHints":{"allow":["GET"]}}],"collection":[{"href":"https:\/\/naturalpoland.com\/it\/wp-json\/wp\/v2\/product"}],"about":[{"href":"https:\/\/naturalpoland.com\/it\/wp-json\/wp\/v2\/types\/product"}],"wp:featuredmedia":[{"embeddable":true,"href":"https:\/\/naturalpoland.com\/it\/wp-json\/wp\/v2\/media\/13794"}],"wp:attachment":[{"href":"https:\/\/naturalpoland.com\/it\/wp-json\/wp\/v2\/media?parent=13791"}],"wp:term":[{"taxonomy":"product_brand","embeddable":true,"href":"https:\/\/naturalpoland.com\/it\/wp-json\/wp\/v2\/product_brand?post=13791"},{"taxonomy":"product_cat","embeddable":true,"href":"https:\/\/naturalpoland.com\/it\/wp-json\/wp\/v2\/product_cat?post=13791"},{"taxonomy":"product_tag","embeddable":true,"href":"https:\/\/naturalpoland.com\/it\/wp-json\/wp\/v2\/product_tag?post=13791"}],"curies":[{"name":"wp","href":"https:\/\/api.w.org\/{rel}","templated":true}]}}