{"id":13796,"date":"2021-05-11T13:37:21","date_gmt":"2021-05-11T11:37:21","guid":{"rendered":"https:\/\/naturalpoland.pl\/produkty\/senza-categoria\/citrato-di-colina\/"},"modified":"2025-09-09T11:13:50","modified_gmt":"2025-09-09T09:13:50","slug":"citrato-di-colina","status":"publish","type":"product","link":"https:\/\/naturalpoland.com\/it\/produkty\/prodotti-per-industria-farmaceutica-e-medica\/additivi-per-integratori\/citrato-di-colina\/","title":{"rendered":"Citrato di colina"},"content":{"rendered":"<h2>Propriet\u00e0 e azione del citrato di colina<\/h2>\n<p>Il citrato di colina svolge un ruolo importante come <strong>precursore dell&#8217;acetilcolina<\/strong> \u2013 un neurotrasmettitore chiave per il funzionamento del sistema nervoso centrale. Partecipa ai processi di trasmissione degli impulsi nervosi, supporta le funzioni cognitive e i processi di memoria, migliora la concentrazione e la capacit\u00e0 di apprendimento. <\/p>\n<p>Grazie alla presenza del gruppo acetilico, pu\u00f2 supportare anche <strong>il funzionamento dei mitocondri<\/strong> e le trasformazioni energetiche nelle cellule nervose. \u00c8 particolarmente raccomandato per le persone esposte a <strong>stress psicologico e fisico<\/strong>, incluse persone anziane, professionisti attivi, alunni e studenti. <\/p>\n<p>Il prodotto non \u00e8 classificato come tossico, non mostra azione irritante, \u00e8 ben tollerato e sicuro per l&#8217;uso previsto. Inoltre, \u00e8 caratterizzato da un basso contenuto di impurit\u00e0 di metalli pesanti (piombo, arsenico, cadmio, mercurio) e da un livello di umidit\u00e0 molto basso (0,12%), il che si traduce nella sua stabilit\u00e0 e durata durante la conservazione. <\/p>\n<h2>Utilizzo<\/h2>\n<p>Il citrato di colina trova applicazione in:<\/p>\n<ul>\n<li>Integratori alimentari che supportano la funzione cerebrale e del sistema nervoso<\/li>\n<li>Preparati che supportano le capacit\u00e0 cognitive, la memoria e la concentrazione<\/li>\n<li>Prodotti per anziani e persone con disturbi neurologici<\/li>\n<li>Supporto dell&#8217;organismo durante lo studio, il lavoro mentale e lo sforzo psicofisico<\/li>\n<li>Preparati che supportano le funzioni epatiche e la disintossicazione<\/li>\n<\/ul>\n<p>Il suo sapore acido \u00e8 facilmente neutralizzato nelle formulazioni supplementari pronte mediante sostanze dolcificanti o aromatizzanti.<\/p>\n","protected":false},"excerpt":{"rendered":"<p><strong>Citrato di colina<\/strong> (Choline Dihydrogen Citrate, CAS: 77-91-8) \u00e8 un composto chimico di grado alimentare, che \u00e8 una combinazione di colina e <a href=\"https:\/\/naturalpoland.com\/it\/produkty\/prodotti-per-industria-cosmetica\/materie-prime-cosmetiche\/acido-citrico-oneidrato\/\">acido citrico<\/a>. La sua composizione contiene oltre il 98% di sostanza pura, con un contenuto di colina fino al 51%.  Ci\u00f2 significa che il preparato contiene pi\u00f9 colina rispetto alla forma bitartrato.<\/p>\n","protected":false},"featured_media":42525,"template":"","meta":{"_acf_changed":false},"product_brand":[],"product_cat":[1530],"product_tag":[],"class_list":{"0":"post-13796","1":"product","2":"type-product","3":"status-publish","4":"has-post-thumbnail","6":"product_cat-additivi-per-integratori","8":"first","9":"instock","10":"shipping-taxable","11":"product-type-simple"},"acf":[],"yoast_head":"<!-- This site is optimized with the Yoast SEO plugin v27.4 - https:\/\/yoast.com\/product\/yoast-seo-wordpress\/ -->\n<title>Citrato di colina - Distributore all&#039;ingrosso<\/title>\n<meta name=\"description\" content=\"Il citrato di colina \u00e8 una combinazione di un derivato dell&#039;acido citrico con la colina. Nella composizione del prodotto, la colina costituisce il 51%, ovvero pi\u00f9 che nella forma di bitartrato.\" \/>\n<meta name=\"robots\" content=\"index, follow, max-snippet:-1, max-image-preview:large, max-video-preview:-1\" \/>\n<link rel=\"canonical\" href=\"https:\/\/naturalpoland.com\/it\/produkty\/prodotti-per-industria-farmaceutica-e-medica\/additivi-per-integratori\/citrato-di-colina\/\" \/>\n<meta property=\"og:locale\" content=\"it_IT\" \/>\n<meta property=\"og:type\" content=\"article\" \/>\n<meta property=\"og:title\" content=\"Citrato di colina - Distributore all&#039;ingrosso\" \/>\n<meta property=\"og:description\" content=\"Il citrato di colina \u00e8 una combinazione di un derivato dell&#039;acido citrico con la colina. Nella composizione del prodotto, la colina costituisce il 51%, ovvero pi\u00f9 che nella forma di bitartrato.\" \/>\n<meta property=\"og:url\" content=\"https:\/\/naturalpoland.com\/it\/produkty\/prodotti-per-industria-farmaceutica-e-medica\/additivi-per-integratori\/citrato-di-colina\/\" \/>\n<meta property=\"og:site_name\" content=\"NATURAL POLAND - Distributore all&#039;ingrosso di materie prime\" \/>\n<meta property=\"article:publisher\" content=\"https:\/\/www.facebook.com\/naturalpoland.b2b\" \/>\n<meta property=\"article:modified_time\" content=\"2025-09-09T09:13:50+00:00\" \/>\n<meta property=\"og:image\" content=\"https:\/\/naturalpoland.com\/wp-content\/uploads\/cytrynian-choliny.webp\" \/>\n\t<meta property=\"og:image:width\" content=\"1024\" \/>\n\t<meta property=\"og:image:height\" content=\"1024\" \/>\n\t<meta property=\"og:image:type\" content=\"image\/webp\" \/>\n<script type=\"application\/ld+json\" class=\"yoast-schema-graph\">{\"@context\":\"https:\\\/\\\/schema.org\",\"@graph\":[{\"@type\":\"WebPage\",\"@id\":\"https:\\\/\\\/naturalpoland.com\\\/it\\\/produkty\\\/prodotti-per-industria-farmaceutica-e-medica\\\/additivi-per-integratori\\\/citrato-di-colina\\\/\",\"url\":\"https:\\\/\\\/naturalpoland.com\\\/it\\\/produkty\\\/prodotti-per-industria-farmaceutica-e-medica\\\/additivi-per-integratori\\\/citrato-di-colina\\\/\",\"name\":\"Citrato di colina - Distributore all'ingrosso\",\"isPartOf\":{\"@id\":\"https:\\\/\\\/naturalpoland.com\\\/it\\\/#website\"},\"primaryImageOfPage\":{\"@id\":\"https:\\\/\\\/naturalpoland.com\\\/it\\\/produkty\\\/prodotti-per-industria-farmaceutica-e-medica\\\/additivi-per-integratori\\\/citrato-di-colina\\\/#primaryimage\"},\"image\":{\"@id\":\"https:\\\/\\\/naturalpoland.com\\\/it\\\/produkty\\\/prodotti-per-industria-farmaceutica-e-medica\\\/additivi-per-integratori\\\/citrato-di-colina\\\/#primaryimage\"},\"thumbnailUrl\":\"https:\\\/\\\/naturalpoland.com\\\/wp-content\\\/uploads\\\/cytrynian-choliny.webp\",\"datePublished\":\"2021-05-11T11:37:21+00:00\",\"dateModified\":\"2025-09-09T09:13:50+00:00\",\"description\":\"Il citrato di colina \u00e8 una combinazione di un derivato dell'acido citrico con la colina. Nella composizione del prodotto, la colina costituisce il 51%, ovvero pi\u00f9 che nella forma di bitartrato.\",\"breadcrumb\":{\"@id\":\"https:\\\/\\\/naturalpoland.com\\\/it\\\/produkty\\\/prodotti-per-industria-farmaceutica-e-medica\\\/additivi-per-integratori\\\/citrato-di-colina\\\/#breadcrumb\"},\"inLanguage\":\"it-IT\",\"potentialAction\":[{\"@type\":\"ReadAction\",\"target\":[\"https:\\\/\\\/naturalpoland.com\\\/it\\\/produkty\\\/prodotti-per-industria-farmaceutica-e-medica\\\/additivi-per-integratori\\\/citrato-di-colina\\\/\"]}]},{\"@type\":\"ImageObject\",\"inLanguage\":\"it-IT\",\"@id\":\"https:\\\/\\\/naturalpoland.com\\\/it\\\/produkty\\\/prodotti-per-industria-farmaceutica-e-medica\\\/additivi-per-integratori\\\/citrato-di-colina\\\/#primaryimage\",\"url\":\"https:\\\/\\\/naturalpoland.com\\\/wp-content\\\/uploads\\\/cytrynian-choliny.webp\",\"contentUrl\":\"https:\\\/\\\/naturalpoland.com\\\/wp-content\\\/uploads\\\/cytrynian-choliny.webp\",\"width\":1024,\"height\":1024,\"caption\":\"citrato di colina sotto forma di polvere bianca cristallina fine\"},{\"@type\":\"BreadcrumbList\",\"@id\":\"https:\\\/\\\/naturalpoland.com\\\/it\\\/produkty\\\/prodotti-per-industria-farmaceutica-e-medica\\\/additivi-per-integratori\\\/citrato-di-colina\\\/#breadcrumb\",\"itemListElement\":[{\"@type\":\"ListItem\",\"position\":1,\"name\":\"Home\",\"item\":\"https:\\\/\\\/naturalpoland.com\\\/it\\\/\"},{\"@type\":\"ListItem\",\"position\":2,\"name\":\"Prodotti\",\"item\":\"https:\\\/\\\/naturalpoland.com\\\/it\\\/prodotti\\\/\"},{\"@type\":\"ListItem\",\"position\":3,\"name\":\"Citrato di colina\"}]},{\"@type\":\"WebSite\",\"@id\":\"https:\\\/\\\/naturalpoland.com\\\/it\\\/#website\",\"url\":\"https:\\\/\\\/naturalpoland.com\\\/it\\\/\",\"name\":\"NATURAL POLAND - Distributore all'ingrosso di materie prime\",\"description\":\"Surowce dla przemys\u0142u spo\u017cywczego, kosmetycznego i farmaceutycznego\",\"publisher\":{\"@id\":\"https:\\\/\\\/naturalpoland.com\\\/it\\\/#organization\"},\"potentialAction\":[{\"@type\":\"SearchAction\",\"target\":{\"@type\":\"EntryPoint\",\"urlTemplate\":\"https:\\\/\\\/naturalpoland.com\\\/it\\\/?s={search_term_string}\"},\"query-input\":{\"@type\":\"PropertyValueSpecification\",\"valueRequired\":true,\"valueName\":\"search_term_string\"}}],\"inLanguage\":\"it-IT\"},{\"@type\":\"Organization\",\"@id\":\"https:\\\/\\\/naturalpoland.com\\\/it\\\/#organization\",\"name\":\"Natural Poland\",\"url\":\"https:\\\/\\\/naturalpoland.com\\\/it\\\/\",\"logo\":{\"@type\":\"ImageObject\",\"inLanguage\":\"it-IT\",\"@id\":\"https:\\\/\\\/naturalpoland.com\\\/it\\\/#\\\/schema\\\/logo\\\/image\\\/\",\"url\":\"https:\\\/\\\/naturalpoland.com\\\/wp-content\\\/uploads\\\/2021\\\/05\\\/natural-poland-icon.png\",\"contentUrl\":\"https:\\\/\\\/naturalpoland.com\\\/wp-content\\\/uploads\\\/2021\\\/05\\\/natural-poland-icon.png\",\"width\":512,\"height\":512,\"caption\":\"Natural Poland\"},\"image\":{\"@id\":\"https:\\\/\\\/naturalpoland.com\\\/it\\\/#\\\/schema\\\/logo\\\/image\\\/\"},\"sameAs\":[\"https:\\\/\\\/www.facebook.com\\\/naturalpoland.b2b\",\"https:\\\/\\\/pl.linkedin.com\\\/company\\\/natural-poland\",\"https:\\\/\\\/www.youtube.com\\\/channel\\\/UCgeGGkvOMahZo-xu_MSEWxg\"]}]}<\/script>\n<!-- \/ Yoast SEO plugin. -->","yoast_head_json":{"title":"Citrato di colina - Distributore all'ingrosso","description":"Il citrato di colina \u00e8 una combinazione di un derivato dell'acido citrico con la colina. Nella composizione del prodotto, la colina costituisce il 51%, ovvero pi\u00f9 che nella forma di bitartrato.","robots":{"index":"index","follow":"follow","max-snippet":"max-snippet:-1","max-image-preview":"max-image-preview:large","max-video-preview":"max-video-preview:-1"},"canonical":"https:\/\/naturalpoland.com\/it\/produkty\/prodotti-per-industria-farmaceutica-e-medica\/additivi-per-integratori\/citrato-di-colina\/","og_locale":"it_IT","og_type":"article","og_title":"Citrato di colina - Distributore all'ingrosso","og_description":"Il citrato di colina \u00e8 una combinazione di un derivato dell'acido citrico con la colina. Nella composizione del prodotto, la colina costituisce il 51%, ovvero pi\u00f9 che nella forma di bitartrato.","og_url":"https:\/\/naturalpoland.com\/it\/produkty\/prodotti-per-industria-farmaceutica-e-medica\/additivi-per-integratori\/citrato-di-colina\/","og_site_name":"NATURAL POLAND - Distributore all'ingrosso di materie prime","article_publisher":"https:\/\/www.facebook.com\/naturalpoland.b2b","article_modified_time":"2025-09-09T09:13:50+00:00","og_image":[{"width":1024,"height":1024,"url":"https:\/\/naturalpoland.com\/wp-content\/uploads\/cytrynian-choliny.webp","type":"image\/webp"}],"schema":{"@context":"https:\/\/schema.org","@graph":[{"@type":"WebPage","@id":"https:\/\/naturalpoland.com\/it\/produkty\/prodotti-per-industria-farmaceutica-e-medica\/additivi-per-integratori\/citrato-di-colina\/","url":"https:\/\/naturalpoland.com\/it\/produkty\/prodotti-per-industria-farmaceutica-e-medica\/additivi-per-integratori\/citrato-di-colina\/","name":"Citrato di colina - Distributore all'ingrosso","isPartOf":{"@id":"https:\/\/naturalpoland.com\/it\/#website"},"primaryImageOfPage":{"@id":"https:\/\/naturalpoland.com\/it\/produkty\/prodotti-per-industria-farmaceutica-e-medica\/additivi-per-integratori\/citrato-di-colina\/#primaryimage"},"image":{"@id":"https:\/\/naturalpoland.com\/it\/produkty\/prodotti-per-industria-farmaceutica-e-medica\/additivi-per-integratori\/citrato-di-colina\/#primaryimage"},"thumbnailUrl":"https:\/\/naturalpoland.com\/wp-content\/uploads\/cytrynian-choliny.webp","datePublished":"2021-05-11T11:37:21+00:00","dateModified":"2025-09-09T09:13:50+00:00","description":"Il citrato di colina \u00e8 una combinazione di un derivato dell'acido citrico con la colina. Nella composizione del prodotto, la colina costituisce il 51%, ovvero pi\u00f9 che nella forma di bitartrato.","breadcrumb":{"@id":"https:\/\/naturalpoland.com\/it\/produkty\/prodotti-per-industria-farmaceutica-e-medica\/additivi-per-integratori\/citrato-di-colina\/#breadcrumb"},"inLanguage":"it-IT","potentialAction":[{"@type":"ReadAction","target":["https:\/\/naturalpoland.com\/it\/produkty\/prodotti-per-industria-farmaceutica-e-medica\/additivi-per-integratori\/citrato-di-colina\/"]}]},{"@type":"ImageObject","inLanguage":"it-IT","@id":"https:\/\/naturalpoland.com\/it\/produkty\/prodotti-per-industria-farmaceutica-e-medica\/additivi-per-integratori\/citrato-di-colina\/#primaryimage","url":"https:\/\/naturalpoland.com\/wp-content\/uploads\/cytrynian-choliny.webp","contentUrl":"https:\/\/naturalpoland.com\/wp-content\/uploads\/cytrynian-choliny.webp","width":1024,"height":1024,"caption":"citrato di colina sotto forma di polvere bianca cristallina fine"},{"@type":"BreadcrumbList","@id":"https:\/\/naturalpoland.com\/it\/produkty\/prodotti-per-industria-farmaceutica-e-medica\/additivi-per-integratori\/citrato-di-colina\/#breadcrumb","itemListElement":[{"@type":"ListItem","position":1,"name":"Home","item":"https:\/\/naturalpoland.com\/it\/"},{"@type":"ListItem","position":2,"name":"Prodotti","item":"https:\/\/naturalpoland.com\/it\/prodotti\/"},{"@type":"ListItem","position":3,"name":"Citrato di colina"}]},{"@type":"WebSite","@id":"https:\/\/naturalpoland.com\/it\/#website","url":"https:\/\/naturalpoland.com\/it\/","name":"NATURAL POLAND - Distributore all'ingrosso di materie prime","description":"Surowce dla przemys\u0142u spo\u017cywczego, kosmetycznego i farmaceutycznego","publisher":{"@id":"https:\/\/naturalpoland.com\/it\/#organization"},"potentialAction":[{"@type":"SearchAction","target":{"@type":"EntryPoint","urlTemplate":"https:\/\/naturalpoland.com\/it\/?s={search_term_string}"},"query-input":{"@type":"PropertyValueSpecification","valueRequired":true,"valueName":"search_term_string"}}],"inLanguage":"it-IT"},{"@type":"Organization","@id":"https:\/\/naturalpoland.com\/it\/#organization","name":"Natural Poland","url":"https:\/\/naturalpoland.com\/it\/","logo":{"@type":"ImageObject","inLanguage":"it-IT","@id":"https:\/\/naturalpoland.com\/it\/#\/schema\/logo\/image\/","url":"https:\/\/naturalpoland.com\/wp-content\/uploads\/2021\/05\/natural-poland-icon.png","contentUrl":"https:\/\/naturalpoland.com\/wp-content\/uploads\/2021\/05\/natural-poland-icon.png","width":512,"height":512,"caption":"Natural Poland"},"image":{"@id":"https:\/\/naturalpoland.com\/it\/#\/schema\/logo\/image\/"},"sameAs":["https:\/\/www.facebook.com\/naturalpoland.b2b","https:\/\/pl.linkedin.com\/company\/natural-poland","https:\/\/www.youtube.com\/channel\/UCgeGGkvOMahZo-xu_MSEWxg"]}]}},"_links":{"self":[{"href":"https:\/\/naturalpoland.com\/it\/wp-json\/wp\/v2\/product\/13796","targetHints":{"allow":["GET"]}}],"collection":[{"href":"https:\/\/naturalpoland.com\/it\/wp-json\/wp\/v2\/product"}],"about":[{"href":"https:\/\/naturalpoland.com\/it\/wp-json\/wp\/v2\/types\/product"}],"wp:featuredmedia":[{"embeddable":true,"href":"https:\/\/naturalpoland.com\/it\/wp-json\/wp\/v2\/media\/42525"}],"wp:attachment":[{"href":"https:\/\/naturalpoland.com\/it\/wp-json\/wp\/v2\/media?parent=13796"}],"wp:term":[{"taxonomy":"product_brand","embeddable":true,"href":"https:\/\/naturalpoland.com\/it\/wp-json\/wp\/v2\/product_brand?post=13796"},{"taxonomy":"product_cat","embeddable":true,"href":"https:\/\/naturalpoland.com\/it\/wp-json\/wp\/v2\/product_cat?post=13796"},{"taxonomy":"product_tag","embeddable":true,"href":"https:\/\/naturalpoland.com\/it\/wp-json\/wp\/v2\/product_tag?post=13796"}],"curies":[{"name":"wp","href":"https:\/\/api.w.org\/{rel}","templated":true}]}}