{"id":13834,"date":"2021-05-11T13:38:29","date_gmt":"2021-11-04T10:55:25","guid":{"rendered":"https:\/\/naturalpoland.pl\/produkty\/senza-categoria\/estratto-di-sambuco\/"},"modified":"2021-11-04T11:55:25","modified_gmt":"2021-11-04T10:55:25","slug":"estratto-di-sambuco","status":"publish","type":"product","link":"https:\/\/naturalpoland.com\/it\/produkty\/estratti-vegetali\/estratto-di-sambuco\/","title":{"rendered":"estratto di sambuco"},"content":{"rendered":"<p>L&#8217;estratto di sambuco stimola la produzione di acido ialuronico. Idrata la pelle, rende pi\u00f9 elastiche le pareti dei vasi sanguigni, riducendo la visibilit\u00e0 dei vasi. Contiene anche un antiossidante molto forte che ha un effetto lenitivo, antinfiammatorio e purificante. Pu\u00f2 essere utilizzato anche come agente antibatterico, quindi \u00e8 adatto anche per la cura della pelle acneica e della pelle con lievi alterazioni cutanee.<\/p>\n","protected":false},"excerpt":{"rendered":"<p>L&#8217;estratto di sambuco \u00e8 prodotto dai fiori di sambuco. \u00c8 consigliato per la cura delle pelli mature, couperose e sensibili. Questo estratto \u00e8 ricco di: glicoside sambunigrina, benzaldeide, acido cianidrico, rutina e numerosi acidi organici e oli essenziali.<\/p>\n","protected":false},"featured_media":31087,"template":"","meta":[],"product_brand":[],"product_cat":[1533],"product_tag":[],"class_list":{"0":"post-13834","1":"product","2":"type-product","3":"status-publish","4":"has-post-thumbnail","6":"product_cat-estratti-vegetali","7":"pa_czesc-rosliny-frutta","8":"pa_grupa-substancji-antiossidanti","10":"first","11":"instock","12":"shipping-taxable","13":"product-type-simple"},"yoast_head":"<!-- This site is optimized with the Yoast SEO plugin v27.4 - https:\/\/yoast.com\/product\/yoast-seo-wordpress\/ -->\n<title>estratto di sambuco - Distributore all&#039;ingrosso<\/title>\n<meta name=\"robots\" content=\"index, follow, max-snippet:-1, max-image-preview:large, max-video-preview:-1\" \/>\n<link rel=\"canonical\" href=\"https:\/\/naturalpoland.com\/it\/produkty\/estratti-vegetali\/estratto-di-sambuco\/\" \/>\n<meta property=\"og:locale\" content=\"it_IT\" \/>\n<meta property=\"og:type\" content=\"article\" \/>\n<meta property=\"og:title\" content=\"estratto di sambuco - Distributore all&#039;ingrosso\" \/>\n<meta property=\"og:description\" content=\"L&#039;estratto di sambuco \u00e8 prodotto dai fiori di sambuco. \u00c8 consigliato per la cura delle pelli mature, couperose e sensibili. Questo estratto \u00e8 ricco di: glicoside sambunigrina, benzaldeide, acido cianidrico, rutina e numerosi acidi organici e oli essenziali.\" \/>\n<meta property=\"og:url\" content=\"https:\/\/naturalpoland.com\/it\/produkty\/estratti-vegetali\/estratto-di-sambuco\/\" \/>\n<meta property=\"og:site_name\" content=\"NATURAL POLAND - Distributore all&#039;ingrosso di materie prime\" \/>\n<meta property=\"article:publisher\" content=\"https:\/\/www.facebook.com\/naturalpoland.b2b\" \/>\n<meta property=\"og:image\" content=\"https:\/\/naturalpoland.com\/wp-content\/uploads\/ekstrakt-z-czarnego-bzu.webp\" \/>\n\t<meta property=\"og:image:width\" content=\"618\" \/>\n\t<meta property=\"og:image:height\" content=\"618\" \/>\n\t<meta property=\"og:image:type\" content=\"image\/webp\" \/>\n<script type=\"application\/ld+json\" class=\"yoast-schema-graph\">{\"@context\":\"https:\\\/\\\/schema.org\",\"@graph\":[{\"@type\":\"WebPage\",\"@id\":\"https:\\\/\\\/naturalpoland.com\\\/it\\\/produkty\\\/estratti-vegetali\\\/estratto-di-sambuco\\\/\",\"url\":\"https:\\\/\\\/naturalpoland.com\\\/it\\\/produkty\\\/estratti-vegetali\\\/estratto-di-sambuco\\\/\",\"name\":\"estratto di sambuco - Distributore all'ingrosso\",\"isPartOf\":{\"@id\":\"https:\\\/\\\/naturalpoland.com\\\/it\\\/#website\"},\"primaryImageOfPage\":{\"@id\":\"https:\\\/\\\/naturalpoland.com\\\/it\\\/produkty\\\/estratti-vegetali\\\/estratto-di-sambuco\\\/#primaryimage\"},\"image\":{\"@id\":\"https:\\\/\\\/naturalpoland.com\\\/it\\\/produkty\\\/estratti-vegetali\\\/estratto-di-sambuco\\\/#primaryimage\"},\"thumbnailUrl\":\"https:\\\/\\\/naturalpoland.com\\\/wp-content\\\/uploads\\\/ekstrakt-z-czarnego-bzu.webp\",\"datePublished\":\"2021-11-04T10:55:25+00:00\",\"breadcrumb\":{\"@id\":\"https:\\\/\\\/naturalpoland.com\\\/it\\\/produkty\\\/estratti-vegetali\\\/estratto-di-sambuco\\\/#breadcrumb\"},\"inLanguage\":\"it-IT\",\"potentialAction\":[{\"@type\":\"ReadAction\",\"target\":[\"https:\\\/\\\/naturalpoland.com\\\/it\\\/produkty\\\/estratti-vegetali\\\/estratto-di-sambuco\\\/\"]}]},{\"@type\":\"ImageObject\",\"inLanguage\":\"it-IT\",\"@id\":\"https:\\\/\\\/naturalpoland.com\\\/it\\\/produkty\\\/estratti-vegetali\\\/estratto-di-sambuco\\\/#primaryimage\",\"url\":\"https:\\\/\\\/naturalpoland.com\\\/wp-content\\\/uploads\\\/ekstrakt-z-czarnego-bzu.webp\",\"contentUrl\":\"https:\\\/\\\/naturalpoland.com\\\/wp-content\\\/uploads\\\/ekstrakt-z-czarnego-bzu.webp\",\"width\":618,\"height\":618,\"caption\":\"Ekstrakt z czarnego bzu\"},{\"@type\":\"BreadcrumbList\",\"@id\":\"https:\\\/\\\/naturalpoland.com\\\/it\\\/produkty\\\/estratti-vegetali\\\/estratto-di-sambuco\\\/#breadcrumb\",\"itemListElement\":[{\"@type\":\"ListItem\",\"position\":1,\"name\":\"Home\",\"item\":\"https:\\\/\\\/naturalpoland.com\\\/it\\\/\"},{\"@type\":\"ListItem\",\"position\":2,\"name\":\"Prodotti\",\"item\":\"https:\\\/\\\/naturalpoland.com\\\/it\\\/prodotti\\\/\"},{\"@type\":\"ListItem\",\"position\":3,\"name\":\"estratto di sambuco\"}]},{\"@type\":\"WebSite\",\"@id\":\"https:\\\/\\\/naturalpoland.com\\\/it\\\/#website\",\"url\":\"https:\\\/\\\/naturalpoland.com\\\/it\\\/\",\"name\":\"NATURAL POLAND - Distributore all'ingrosso di materie prime\",\"description\":\"Surowce dla przemys\u0142u spo\u017cywczego, kosmetycznego i farmaceutycznego\",\"publisher\":{\"@id\":\"https:\\\/\\\/naturalpoland.com\\\/it\\\/#organization\"},\"potentialAction\":[{\"@type\":\"SearchAction\",\"target\":{\"@type\":\"EntryPoint\",\"urlTemplate\":\"https:\\\/\\\/naturalpoland.com\\\/it\\\/?s={search_term_string}\"},\"query-input\":{\"@type\":\"PropertyValueSpecification\",\"valueRequired\":true,\"valueName\":\"search_term_string\"}}],\"inLanguage\":\"it-IT\"},{\"@type\":\"Organization\",\"@id\":\"https:\\\/\\\/naturalpoland.com\\\/it\\\/#organization\",\"name\":\"Natural Poland\",\"url\":\"https:\\\/\\\/naturalpoland.com\\\/it\\\/\",\"logo\":{\"@type\":\"ImageObject\",\"inLanguage\":\"it-IT\",\"@id\":\"https:\\\/\\\/naturalpoland.com\\\/it\\\/#\\\/schema\\\/logo\\\/image\\\/\",\"url\":\"https:\\\/\\\/naturalpoland.com\\\/wp-content\\\/uploads\\\/2021\\\/05\\\/natural-poland-icon.png\",\"contentUrl\":\"https:\\\/\\\/naturalpoland.com\\\/wp-content\\\/uploads\\\/2021\\\/05\\\/natural-poland-icon.png\",\"width\":512,\"height\":512,\"caption\":\"Natural Poland\"},\"image\":{\"@id\":\"https:\\\/\\\/naturalpoland.com\\\/it\\\/#\\\/schema\\\/logo\\\/image\\\/\"},\"sameAs\":[\"https:\\\/\\\/www.facebook.com\\\/naturalpoland.b2b\",\"https:\\\/\\\/pl.linkedin.com\\\/company\\\/natural-poland\",\"https:\\\/\\\/www.youtube.com\\\/channel\\\/UCgeGGkvOMahZo-xu_MSEWxg\"]}]}<\/script>\n<!-- \/ Yoast SEO plugin. -->","yoast_head_json":{"title":"estratto di sambuco - Distributore all'ingrosso","robots":{"index":"index","follow":"follow","max-snippet":"max-snippet:-1","max-image-preview":"max-image-preview:large","max-video-preview":"max-video-preview:-1"},"canonical":"https:\/\/naturalpoland.com\/it\/produkty\/estratti-vegetali\/estratto-di-sambuco\/","og_locale":"it_IT","og_type":"article","og_title":"estratto di sambuco - Distributore all'ingrosso","og_description":"L'estratto di sambuco \u00e8 prodotto dai fiori di sambuco. \u00c8 consigliato per la cura delle pelli mature, couperose e sensibili. Questo estratto \u00e8 ricco di: glicoside sambunigrina, benzaldeide, acido cianidrico, rutina e numerosi acidi organici e oli essenziali.","og_url":"https:\/\/naturalpoland.com\/it\/produkty\/estratti-vegetali\/estratto-di-sambuco\/","og_site_name":"NATURAL POLAND - Distributore all'ingrosso di materie prime","article_publisher":"https:\/\/www.facebook.com\/naturalpoland.b2b","og_image":[{"width":618,"height":618,"url":"https:\/\/naturalpoland.com\/wp-content\/uploads\/ekstrakt-z-czarnego-bzu.webp","type":"image\/webp"}],"schema":{"@context":"https:\/\/schema.org","@graph":[{"@type":"WebPage","@id":"https:\/\/naturalpoland.com\/it\/produkty\/estratti-vegetali\/estratto-di-sambuco\/","url":"https:\/\/naturalpoland.com\/it\/produkty\/estratti-vegetali\/estratto-di-sambuco\/","name":"estratto di sambuco - Distributore all'ingrosso","isPartOf":{"@id":"https:\/\/naturalpoland.com\/it\/#website"},"primaryImageOfPage":{"@id":"https:\/\/naturalpoland.com\/it\/produkty\/estratti-vegetali\/estratto-di-sambuco\/#primaryimage"},"image":{"@id":"https:\/\/naturalpoland.com\/it\/produkty\/estratti-vegetali\/estratto-di-sambuco\/#primaryimage"},"thumbnailUrl":"https:\/\/naturalpoland.com\/wp-content\/uploads\/ekstrakt-z-czarnego-bzu.webp","datePublished":"2021-11-04T10:55:25+00:00","breadcrumb":{"@id":"https:\/\/naturalpoland.com\/it\/produkty\/estratti-vegetali\/estratto-di-sambuco\/#breadcrumb"},"inLanguage":"it-IT","potentialAction":[{"@type":"ReadAction","target":["https:\/\/naturalpoland.com\/it\/produkty\/estratti-vegetali\/estratto-di-sambuco\/"]}]},{"@type":"ImageObject","inLanguage":"it-IT","@id":"https:\/\/naturalpoland.com\/it\/produkty\/estratti-vegetali\/estratto-di-sambuco\/#primaryimage","url":"https:\/\/naturalpoland.com\/wp-content\/uploads\/ekstrakt-z-czarnego-bzu.webp","contentUrl":"https:\/\/naturalpoland.com\/wp-content\/uploads\/ekstrakt-z-czarnego-bzu.webp","width":618,"height":618,"caption":"Ekstrakt z czarnego bzu"},{"@type":"BreadcrumbList","@id":"https:\/\/naturalpoland.com\/it\/produkty\/estratti-vegetali\/estratto-di-sambuco\/#breadcrumb","itemListElement":[{"@type":"ListItem","position":1,"name":"Home","item":"https:\/\/naturalpoland.com\/it\/"},{"@type":"ListItem","position":2,"name":"Prodotti","item":"https:\/\/naturalpoland.com\/it\/prodotti\/"},{"@type":"ListItem","position":3,"name":"estratto di sambuco"}]},{"@type":"WebSite","@id":"https:\/\/naturalpoland.com\/it\/#website","url":"https:\/\/naturalpoland.com\/it\/","name":"NATURAL POLAND - Distributore all'ingrosso di materie prime","description":"Surowce dla przemys\u0142u spo\u017cywczego, kosmetycznego i farmaceutycznego","publisher":{"@id":"https:\/\/naturalpoland.com\/it\/#organization"},"potentialAction":[{"@type":"SearchAction","target":{"@type":"EntryPoint","urlTemplate":"https:\/\/naturalpoland.com\/it\/?s={search_term_string}"},"query-input":{"@type":"PropertyValueSpecification","valueRequired":true,"valueName":"search_term_string"}}],"inLanguage":"it-IT"},{"@type":"Organization","@id":"https:\/\/naturalpoland.com\/it\/#organization","name":"Natural Poland","url":"https:\/\/naturalpoland.com\/it\/","logo":{"@type":"ImageObject","inLanguage":"it-IT","@id":"https:\/\/naturalpoland.com\/it\/#\/schema\/logo\/image\/","url":"https:\/\/naturalpoland.com\/wp-content\/uploads\/2021\/05\/natural-poland-icon.png","contentUrl":"https:\/\/naturalpoland.com\/wp-content\/uploads\/2021\/05\/natural-poland-icon.png","width":512,"height":512,"caption":"Natural Poland"},"image":{"@id":"https:\/\/naturalpoland.com\/it\/#\/schema\/logo\/image\/"},"sameAs":["https:\/\/www.facebook.com\/naturalpoland.b2b","https:\/\/pl.linkedin.com\/company\/natural-poland","https:\/\/www.youtube.com\/channel\/UCgeGGkvOMahZo-xu_MSEWxg"]}]}},"_links":{"self":[{"href":"https:\/\/naturalpoland.com\/it\/wp-json\/wp\/v2\/product\/13834","targetHints":{"allow":["GET"]}}],"collection":[{"href":"https:\/\/naturalpoland.com\/it\/wp-json\/wp\/v2\/product"}],"about":[{"href":"https:\/\/naturalpoland.com\/it\/wp-json\/wp\/v2\/types\/product"}],"wp:featuredmedia":[{"embeddable":true,"href":"https:\/\/naturalpoland.com\/it\/wp-json\/wp\/v2\/media\/31087"}],"wp:attachment":[{"href":"https:\/\/naturalpoland.com\/it\/wp-json\/wp\/v2\/media?parent=13834"}],"wp:term":[{"taxonomy":"product_brand","embeddable":true,"href":"https:\/\/naturalpoland.com\/it\/wp-json\/wp\/v2\/product_brand?post=13834"},{"taxonomy":"product_cat","embeddable":true,"href":"https:\/\/naturalpoland.com\/it\/wp-json\/wp\/v2\/product_cat?post=13834"},{"taxonomy":"product_tag","embeddable":true,"href":"https:\/\/naturalpoland.com\/it\/wp-json\/wp\/v2\/product_tag?post=13834"}],"curies":[{"name":"wp","href":"https:\/\/api.w.org\/{rel}","templated":true}]}}