{"id":13899,"date":"2021-05-11T13:39:47","date_gmt":"2021-11-04T10:56:12","guid":{"rendered":"https:\/\/naturalpoland.pl\/produkty\/senza-categoria\/estratto-di-artiglio-di-gatto\/"},"modified":"2021-11-04T11:56:12","modified_gmt":"2021-11-04T10:56:12","slug":"estratto-di-artiglio-di-gatto","status":"publish","type":"product","link":"https:\/\/naturalpoland.com\/it\/produkty\/estratti-vegetali\/estratto-di-artiglio-di-gatto\/","title":{"rendered":"Estratto di artiglio di gatto"},"content":{"rendered":"<p>L&#8217;estratto di graffio di gatto contiene alcaloidi ossoidolici. Il loro compito \u00e8 rafforzare il sistema immunitario. Aiutano anche nella rigenerazione pi\u00f9 rapida dopo una malattia. Il suo utilizzo \u00e8 consigliato nella lotta contro le ulcere gastriche, l&#8217;asma, le allergie, l&#8217;herpes labiale e il raffreddore. Si ritiene che aiuti con le infezioni batteriche e fungine.<\/p>\n","protected":false},"excerpt":{"rendered":"<p>L&#8217;estratto di artiglio di gatto era originariamente utilizzato dalla medicina popolare delle trib\u00f9 sudamericane. &#8220;Artiglio di gatto&#8221; \u00e8 un nome comune per artiglio soffice. Sono rampicanti la cui forma ricorda leggermente gli artigli. La pi\u00f9 pregiata di questa pianta \u00e8 la corteccia, che, a seconda della specie, pu\u00f2 essere gialla, beige o marrone.<\/p>\n","protected":false},"featured_media":13902,"template":"","meta":{"_acf_changed":false},"product_brand":[],"product_cat":[1533],"product_tag":[],"class_list":{"0":"post-13899","1":"product","2":"type-product","3":"status-publish","4":"has-post-thumbnail","6":"product_cat-estratti-vegetali","8":"first","9":"instock","10":"shipping-taxable","11":"product-type-simple"},"acf":[],"yoast_head":"<!-- This site is optimized with the Yoast SEO plugin v27.4 - https:\/\/yoast.com\/product\/yoast-seo-wordpress\/ -->\n<title>Estratto di artiglio di gatto - Distributore all&#039;ingrosso<\/title>\n<meta name=\"robots\" content=\"index, follow, max-snippet:-1, max-image-preview:large, max-video-preview:-1\" \/>\n<link rel=\"canonical\" href=\"https:\/\/naturalpoland.com\/it\/produkty\/estratti-vegetali\/estratto-di-artiglio-di-gatto\/\" \/>\n<meta property=\"og:locale\" content=\"it_IT\" \/>\n<meta property=\"og:type\" content=\"article\" \/>\n<meta property=\"og:title\" content=\"Estratto di artiglio di gatto - Distributore all&#039;ingrosso\" \/>\n<meta property=\"og:description\" content=\"L&#039;estratto di artiglio di gatto era originariamente utilizzato dalla medicina popolare delle trib\u00f9 sudamericane. &quot;Artiglio di gatto&quot; \u00e8 un nome comune per artiglio soffice. Sono rampicanti la cui forma ricorda leggermente gli artigli. La pi\u00f9 pregiata di questa pianta \u00e8 la corteccia, che, a seconda della specie, pu\u00f2 essere gialla, beige o marrone.\" \/>\n<meta property=\"og:url\" content=\"https:\/\/naturalpoland.com\/it\/produkty\/estratti-vegetali\/estratto-di-artiglio-di-gatto\/\" \/>\n<meta property=\"og:site_name\" content=\"NATURAL POLAND - Distributore all&#039;ingrosso di materie prime\" \/>\n<meta property=\"article:publisher\" content=\"https:\/\/www.facebook.com\/naturalpoland.b2b\" \/>\n<meta property=\"og:image\" content=\"https:\/\/naturalpoland.com\/wp-content\/uploads\/2021\/05\/cat-s-claw-uncaria-tomentosa-extract.jpg\" \/>\n\t<meta property=\"og:image:width\" content=\"420\" \/>\n\t<meta property=\"og:image:height\" content=\"247\" \/>\n\t<meta property=\"og:image:type\" content=\"image\/jpeg\" \/>\n<script type=\"application\/ld+json\" class=\"yoast-schema-graph\">{\"@context\":\"https:\\\/\\\/schema.org\",\"@graph\":[{\"@type\":\"WebPage\",\"@id\":\"https:\\\/\\\/naturalpoland.com\\\/it\\\/produkty\\\/estratti-vegetali\\\/estratto-di-artiglio-di-gatto\\\/\",\"url\":\"https:\\\/\\\/naturalpoland.com\\\/it\\\/produkty\\\/estratti-vegetali\\\/estratto-di-artiglio-di-gatto\\\/\",\"name\":\"Estratto di artiglio di gatto - Distributore all'ingrosso\",\"isPartOf\":{\"@id\":\"https:\\\/\\\/naturalpoland.com\\\/it\\\/#website\"},\"primaryImageOfPage\":{\"@id\":\"https:\\\/\\\/naturalpoland.com\\\/it\\\/produkty\\\/estratti-vegetali\\\/estratto-di-artiglio-di-gatto\\\/#primaryimage\"},\"image\":{\"@id\":\"https:\\\/\\\/naturalpoland.com\\\/it\\\/produkty\\\/estratti-vegetali\\\/estratto-di-artiglio-di-gatto\\\/#primaryimage\"},\"thumbnailUrl\":\"https:\\\/\\\/naturalpoland.com\\\/wp-content\\\/uploads\\\/2021\\\/05\\\/cat-s-claw-uncaria-tomentosa-extract.jpg\",\"datePublished\":\"2021-11-04T10:56:12+00:00\",\"breadcrumb\":{\"@id\":\"https:\\\/\\\/naturalpoland.com\\\/it\\\/produkty\\\/estratti-vegetali\\\/estratto-di-artiglio-di-gatto\\\/#breadcrumb\"},\"inLanguage\":\"it-IT\",\"potentialAction\":[{\"@type\":\"ReadAction\",\"target\":[\"https:\\\/\\\/naturalpoland.com\\\/it\\\/produkty\\\/estratti-vegetali\\\/estratto-di-artiglio-di-gatto\\\/\"]}]},{\"@type\":\"ImageObject\",\"inLanguage\":\"it-IT\",\"@id\":\"https:\\\/\\\/naturalpoland.com\\\/it\\\/produkty\\\/estratti-vegetali\\\/estratto-di-artiglio-di-gatto\\\/#primaryimage\",\"url\":\"https:\\\/\\\/naturalpoland.com\\\/wp-content\\\/uploads\\\/2021\\\/05\\\/cat-s-claw-uncaria-tomentosa-extract.jpg\",\"contentUrl\":\"https:\\\/\\\/naturalpoland.com\\\/wp-content\\\/uploads\\\/2021\\\/05\\\/cat-s-claw-uncaria-tomentosa-extract.jpg\",\"width\":420,\"height\":247},{\"@type\":\"BreadcrumbList\",\"@id\":\"https:\\\/\\\/naturalpoland.com\\\/it\\\/produkty\\\/estratti-vegetali\\\/estratto-di-artiglio-di-gatto\\\/#breadcrumb\",\"itemListElement\":[{\"@type\":\"ListItem\",\"position\":1,\"name\":\"Home\",\"item\":\"https:\\\/\\\/naturalpoland.com\\\/it\\\/\"},{\"@type\":\"ListItem\",\"position\":2,\"name\":\"Prodotti\",\"item\":\"https:\\\/\\\/naturalpoland.com\\\/it\\\/prodotti\\\/\"},{\"@type\":\"ListItem\",\"position\":3,\"name\":\"Estratto di artiglio di gatto\"}]},{\"@type\":\"WebSite\",\"@id\":\"https:\\\/\\\/naturalpoland.com\\\/it\\\/#website\",\"url\":\"https:\\\/\\\/naturalpoland.com\\\/it\\\/\",\"name\":\"NATURAL POLAND - Distributore all'ingrosso di materie prime\",\"description\":\"Surowce dla przemys\u0142u spo\u017cywczego, kosmetycznego i farmaceutycznego\",\"publisher\":{\"@id\":\"https:\\\/\\\/naturalpoland.com\\\/it\\\/#organization\"},\"potentialAction\":[{\"@type\":\"SearchAction\",\"target\":{\"@type\":\"EntryPoint\",\"urlTemplate\":\"https:\\\/\\\/naturalpoland.com\\\/it\\\/?s={search_term_string}\"},\"query-input\":{\"@type\":\"PropertyValueSpecification\",\"valueRequired\":true,\"valueName\":\"search_term_string\"}}],\"inLanguage\":\"it-IT\"},{\"@type\":\"Organization\",\"@id\":\"https:\\\/\\\/naturalpoland.com\\\/it\\\/#organization\",\"name\":\"Natural Poland\",\"url\":\"https:\\\/\\\/naturalpoland.com\\\/it\\\/\",\"logo\":{\"@type\":\"ImageObject\",\"inLanguage\":\"it-IT\",\"@id\":\"https:\\\/\\\/naturalpoland.com\\\/it\\\/#\\\/schema\\\/logo\\\/image\\\/\",\"url\":\"https:\\\/\\\/naturalpoland.com\\\/wp-content\\\/uploads\\\/2021\\\/05\\\/natural-poland-icon.png\",\"contentUrl\":\"https:\\\/\\\/naturalpoland.com\\\/wp-content\\\/uploads\\\/2021\\\/05\\\/natural-poland-icon.png\",\"width\":512,\"height\":512,\"caption\":\"Natural Poland\"},\"image\":{\"@id\":\"https:\\\/\\\/naturalpoland.com\\\/it\\\/#\\\/schema\\\/logo\\\/image\\\/\"},\"sameAs\":[\"https:\\\/\\\/www.facebook.com\\\/naturalpoland.b2b\",\"https:\\\/\\\/pl.linkedin.com\\\/company\\\/natural-poland\",\"https:\\\/\\\/www.youtube.com\\\/channel\\\/UCgeGGkvOMahZo-xu_MSEWxg\"]}]}<\/script>\n<!-- \/ Yoast SEO plugin. -->","yoast_head_json":{"title":"Estratto di artiglio di gatto - Distributore all'ingrosso","robots":{"index":"index","follow":"follow","max-snippet":"max-snippet:-1","max-image-preview":"max-image-preview:large","max-video-preview":"max-video-preview:-1"},"canonical":"https:\/\/naturalpoland.com\/it\/produkty\/estratti-vegetali\/estratto-di-artiglio-di-gatto\/","og_locale":"it_IT","og_type":"article","og_title":"Estratto di artiglio di gatto - Distributore all'ingrosso","og_description":"L'estratto di artiglio di gatto era originariamente utilizzato dalla medicina popolare delle trib\u00f9 sudamericane. \"Artiglio di gatto\" \u00e8 un nome comune per artiglio soffice. Sono rampicanti la cui forma ricorda leggermente gli artigli. La pi\u00f9 pregiata di questa pianta \u00e8 la corteccia, che, a seconda della specie, pu\u00f2 essere gialla, beige o marrone.","og_url":"https:\/\/naturalpoland.com\/it\/produkty\/estratti-vegetali\/estratto-di-artiglio-di-gatto\/","og_site_name":"NATURAL POLAND - Distributore all'ingrosso di materie prime","article_publisher":"https:\/\/www.facebook.com\/naturalpoland.b2b","og_image":[{"width":420,"height":247,"url":"https:\/\/naturalpoland.com\/wp-content\/uploads\/2021\/05\/cat-s-claw-uncaria-tomentosa-extract.jpg","type":"image\/jpeg"}],"schema":{"@context":"https:\/\/schema.org","@graph":[{"@type":"WebPage","@id":"https:\/\/naturalpoland.com\/it\/produkty\/estratti-vegetali\/estratto-di-artiglio-di-gatto\/","url":"https:\/\/naturalpoland.com\/it\/produkty\/estratti-vegetali\/estratto-di-artiglio-di-gatto\/","name":"Estratto di artiglio di gatto - Distributore all'ingrosso","isPartOf":{"@id":"https:\/\/naturalpoland.com\/it\/#website"},"primaryImageOfPage":{"@id":"https:\/\/naturalpoland.com\/it\/produkty\/estratti-vegetali\/estratto-di-artiglio-di-gatto\/#primaryimage"},"image":{"@id":"https:\/\/naturalpoland.com\/it\/produkty\/estratti-vegetali\/estratto-di-artiglio-di-gatto\/#primaryimage"},"thumbnailUrl":"https:\/\/naturalpoland.com\/wp-content\/uploads\/2021\/05\/cat-s-claw-uncaria-tomentosa-extract.jpg","datePublished":"2021-11-04T10:56:12+00:00","breadcrumb":{"@id":"https:\/\/naturalpoland.com\/it\/produkty\/estratti-vegetali\/estratto-di-artiglio-di-gatto\/#breadcrumb"},"inLanguage":"it-IT","potentialAction":[{"@type":"ReadAction","target":["https:\/\/naturalpoland.com\/it\/produkty\/estratti-vegetali\/estratto-di-artiglio-di-gatto\/"]}]},{"@type":"ImageObject","inLanguage":"it-IT","@id":"https:\/\/naturalpoland.com\/it\/produkty\/estratti-vegetali\/estratto-di-artiglio-di-gatto\/#primaryimage","url":"https:\/\/naturalpoland.com\/wp-content\/uploads\/2021\/05\/cat-s-claw-uncaria-tomentosa-extract.jpg","contentUrl":"https:\/\/naturalpoland.com\/wp-content\/uploads\/2021\/05\/cat-s-claw-uncaria-tomentosa-extract.jpg","width":420,"height":247},{"@type":"BreadcrumbList","@id":"https:\/\/naturalpoland.com\/it\/produkty\/estratti-vegetali\/estratto-di-artiglio-di-gatto\/#breadcrumb","itemListElement":[{"@type":"ListItem","position":1,"name":"Home","item":"https:\/\/naturalpoland.com\/it\/"},{"@type":"ListItem","position":2,"name":"Prodotti","item":"https:\/\/naturalpoland.com\/it\/prodotti\/"},{"@type":"ListItem","position":3,"name":"Estratto di artiglio di gatto"}]},{"@type":"WebSite","@id":"https:\/\/naturalpoland.com\/it\/#website","url":"https:\/\/naturalpoland.com\/it\/","name":"NATURAL POLAND - Distributore all'ingrosso di materie prime","description":"Surowce dla przemys\u0142u spo\u017cywczego, kosmetycznego i farmaceutycznego","publisher":{"@id":"https:\/\/naturalpoland.com\/it\/#organization"},"potentialAction":[{"@type":"SearchAction","target":{"@type":"EntryPoint","urlTemplate":"https:\/\/naturalpoland.com\/it\/?s={search_term_string}"},"query-input":{"@type":"PropertyValueSpecification","valueRequired":true,"valueName":"search_term_string"}}],"inLanguage":"it-IT"},{"@type":"Organization","@id":"https:\/\/naturalpoland.com\/it\/#organization","name":"Natural Poland","url":"https:\/\/naturalpoland.com\/it\/","logo":{"@type":"ImageObject","inLanguage":"it-IT","@id":"https:\/\/naturalpoland.com\/it\/#\/schema\/logo\/image\/","url":"https:\/\/naturalpoland.com\/wp-content\/uploads\/2021\/05\/natural-poland-icon.png","contentUrl":"https:\/\/naturalpoland.com\/wp-content\/uploads\/2021\/05\/natural-poland-icon.png","width":512,"height":512,"caption":"Natural Poland"},"image":{"@id":"https:\/\/naturalpoland.com\/it\/#\/schema\/logo\/image\/"},"sameAs":["https:\/\/www.facebook.com\/naturalpoland.b2b","https:\/\/pl.linkedin.com\/company\/natural-poland","https:\/\/www.youtube.com\/channel\/UCgeGGkvOMahZo-xu_MSEWxg"]}]}},"_links":{"self":[{"href":"https:\/\/naturalpoland.com\/it\/wp-json\/wp\/v2\/product\/13899","targetHints":{"allow":["GET"]}}],"collection":[{"href":"https:\/\/naturalpoland.com\/it\/wp-json\/wp\/v2\/product"}],"about":[{"href":"https:\/\/naturalpoland.com\/it\/wp-json\/wp\/v2\/types\/product"}],"wp:featuredmedia":[{"embeddable":true,"href":"https:\/\/naturalpoland.com\/it\/wp-json\/wp\/v2\/media\/13902"}],"wp:attachment":[{"href":"https:\/\/naturalpoland.com\/it\/wp-json\/wp\/v2\/media?parent=13899"}],"wp:term":[{"taxonomy":"product_brand","embeddable":true,"href":"https:\/\/naturalpoland.com\/it\/wp-json\/wp\/v2\/product_brand?post=13899"},{"taxonomy":"product_cat","embeddable":true,"href":"https:\/\/naturalpoland.com\/it\/wp-json\/wp\/v2\/product_cat?post=13899"},{"taxonomy":"product_tag","embeddable":true,"href":"https:\/\/naturalpoland.com\/it\/wp-json\/wp\/v2\/product_tag?post=13899"}],"curies":[{"name":"wp","href":"https:\/\/api.w.org\/{rel}","templated":true}]}}