{"id":13975,"date":"2021-05-11T13:41:46","date_gmt":"2021-05-11T11:41:46","guid":{"rendered":"https:\/\/naturalpoland.pl\/produkty\/senza-categoria\/estratto-di-te-verde\/"},"modified":"2025-09-09T12:12:20","modified_gmt":"2025-09-09T10:12:20","slug":"estratto-di-te-verde","status":"publish","type":"product","link":"https:\/\/naturalpoland.com\/it\/produkty\/prodotti-per-industria-alimentare\/materie-prime-per-produzione\/estratto-di-te-verde\/","title":{"rendered":"Estratto di t\u00e8 verde"},"content":{"rendered":"<h2>Uso e propriet\u00e0 dell\u2019estratto di t\u00e8 verde<\/h2>\n<p>Il t\u00e8 verde \u00e8 ampiamente apprezzato per le sue propriet\u00e0 salutari, motivo per cui viene consumato da molte persone. L\u2019estratto di t\u00e8 verde gode di una reputazione simile: favorisce il metabolismo dei grassi, aiuta l\u2019organismo a combattere i radicali liberi dannosi, protegge la pelle dalle radiazioni UV e contribuisce a mantenere il livello di colesterolo nel sangue entro valori normali. L\u2019estratto di t\u00e8 verde \u00e8 particolarmente raccomandato a chi sta affrontando un processo di dimagrimento. Il t\u00e8 verde contiene anche una certa quantit\u00e0 di caffeina, che esercita un effetto stimolante sull\u2019organismo. Non solo dona energia, ma stimola anche il metabolismo.<\/p>\n<p>Il t\u00e8 verde, ottenuto da foglie non fermentate della pianta del t\u00e8 cinese (<em>Camellia sinensis<\/em>), \u00e8 considerato una delle bevande pi\u00f9 salutari al mondo. L\u2019estratto che se ne ricava non si distingue soltanto per le sue preziose propriet\u00e0 medicinali, ma trova anche un\u2019ampia applicazione nell\u2019industria cosmetica.<\/p>\n<h2>Composti polifenolici del t\u00e8 verde<\/h2>\n<p><strong>Le propriet\u00e0 del t\u00e8 verde derivano principalmente dall\u2019elevato contenuto di composti polifenolici<\/strong>. Il contenuto di flavonoidi pu\u00f2 raggiungere il 30\u201336% della massa secca delle foglie. Il ruolo pi\u00f9 importante \u00e8 svolto dai composti catechinici (flavanoli), che rappresentano circa l\u201980% del gruppo dei flavonoidi: epigallocatechina gallato, epigallocatechina, epicatechina gallato ed epicatechina.<\/p>\n<p>Questi composti si distinguono per una <strong>forte attivit\u00e0 antiossidante<\/strong>, derivante dalla loro capacit\u00e0 di neutralizzare e ridurre la produzione di radicali liberi, nonch\u00e9 per il loro <strong>effetto antiedemigeno<\/strong> apprezzato in cosmetica.<\/p>\n<p>Inoltre, a concentrazioni pi\u00f9 basse, sono presenti anche altri <strong>flavonoidi<\/strong> \u2014 <strong>kaempferolo, rutina, quercetina, miricetina e i loro glicosidi<\/strong> \u2014 che mostrano, tra l\u2019altro, <strong>attivit\u00e0 antiossidante e inibizione dell\u2019aggregazione piastrinica<\/strong>.<\/p>\n<h2>Propriet\u00e0 medicinali del t\u00e8 verde<\/h2>\n<p>Grazie alla sua composizione chimica, l\u2019estratto di t\u00e8 verde \u00e8 ampiamente utilizzato nelle industrie alimentare e farmaceutica. Bere t\u00e8 verde o assumere l\u2019estratto come integratore alimentare (capsule, compresse) \u00e8 particolarmente raccomandato a chi desidera <strong>perdere peso<\/strong> e prendersi cura della <strong>prevenzione delle malattie cardiovascolari<\/strong>. L\u2019estratto di t\u00e8 verde ha effetti <strong>antiaterosclerotici<\/strong>, protegge i vasi sanguigni, <strong>abbassa i livelli di colesterolo e trigliceridi<\/strong>, inibisce la crescita delle cellule adipose e riduce l\u2019assorbimento dei grassi. Queste propriet\u00e0 fanno s\u00ec che l\u2019assunzione regolare di estratto di t\u00e8 verde favorisca la stabilizzazione del peso corporeo, prevenga l\u2019accumulo di tessuto adiposo e riduca il rischio di malattie cardiovascolari.<\/p>\n<p>Tra le altre propriet\u00e0 benefiche dell\u2019estratto vi \u00e8 il suo <strong>effetto neuroprotettivo<\/strong>. Grazie alle sue propriet\u00e0 antiossidanti, vasodilatatrici e detossificanti (capacit\u00e0 di chelare gli ioni metallici), \u00e8 considerato un potenziale agente terapeutico nella malattia di Alzheimer, nel Parkinson e nella sclerosi progressiva. I risultati delle ricerche indicano anche una possibile <strong>attivit\u00e0 antitumorale dell\u2019estratto<\/strong>, supportata da statistiche che mostrano una correlazione tra l\u2019elevato consumo di t\u00e8 verde nei paesi asiatici e la bassa incidenza di tumori.<\/p>\n<h2>Propriet\u00e0 cosmetiche dell\u2019estratto di t\u00e8 verde<\/h2>\n<p>L\u2019estratto di t\u00e8 verde non deve essere utilizzato solo per via orale. Esso ha anche effetti benefici sulla pelle e sui suoi annessi, motivo per cui \u00e8 un ingrediente apprezzato nell\u2019industria farmaceutica e cosmetica.<\/p>\n<p>I composti contenuti nell\u2019estratto di t\u00e8 verde presentano una serie di propriet\u00e0 quali:<\/p>\n<ul>\n<li><strong>azione antinfiammatoria<\/strong>,<\/li>\n<li><strong>antibatterica<\/strong>,<\/li>\n<li><strong>antiossidante<\/strong>,<\/li>\n<li><strong>miglioramento della microcircolazione cutanea<\/strong>,<\/li>\n<li><strong>riduzione dell\u2019attivit\u00e0 delle ghiandole sebacee<\/strong>.<\/li>\n<\/ul>\n<p>Si pu\u00f2 quindi trovare, tra l\u2019altro, in tonici, lozioni idratanti, prodotti per capelli, gel doccia e creme idratanti.<\/p>\n<p>In cosmetica, l\u2019estratto di t\u00e8 verde mostra un\u2019ampia gamma di effetti. Le sue forti propriet\u00e0 idratanti e antiossidanti lo rendono <strong>un ingrediente adatto ai preparati <em>anti-aging<\/em><\/strong> per la pelle matura, e allo stesso tempo, grazie alle sue propriet\u00e0 seboregolatrici e antibatteriche, \u00e8 <strong>apprezzato nei cosmetici per pelli giovani e a tendenza acneica<\/strong>.<\/p>\n<p>Queste propriet\u00e0 sono inoltre collegate alla possibilit\u00e0 di utilizzare l\u2019estratto di t\u00e8 verde nella <strong>cura dei capelli e del cuoio capelluto<\/strong> \u2014 agisce come <strong>antiforfora<\/strong> e <strong>riduce la produzione di sebo<\/strong>.<\/p>\n<p>Pu\u00f2 essere applicato anche sulla pelle a scopo pi\u00f9 terapeutico \u2014 <strong>lenisce le irritazioni<\/strong>, <strong>riduce gonfiori<\/strong> e arrossamenti, <strong>favorisce la cicatrizzazione delle ferite<\/strong> e <strong>ha un\u2019azione antinfiammatoria<\/strong>. Quest\u2019ultima propriet\u00e0 \u00e8 utilizzata anche nei prodotti per l\u2019igiene intima e nei preparati per la cura del contorno occhi.<\/p>\n<p>I prodotti contenenti estratto di t\u00e8 verde saranno inoltre apprezzati dagli amanti dell\u2019abbronzatura sana \u2014 durante l\u2019esposizione al sole <strong>protegge dagli effetti nocivi delle radiazioni UV<\/strong>, e stimolando la sintesi della melanina si rivela anche un ingrediente naturale negli autoabbronzanti.<\/p>\n<p><strong>Bibliografia:<\/strong><\/p>\n<ol>\n<li style=\"list-style-type: none;\">Arct J, Tomaszewska K, Pytkowska K (2016). Zielona Herbata. <em>Pol J Cosmetol<\/em>, 19(2): 110-115<\/li>\n<li>Ca\u0142ka J, Zasadowski A, Juranek J. (2008). Niekt\u00f3re aspekty leczniczego dzia\u0142ania zielonej herbaty. <em>Bromat. Chem. Toksykol<\/em>, 41: 5-14.<\/li>\n<li>Matysek-Nawrocka M, Cyrankiewicz P. (2016). Substancje biologicznie aktywne pozyskiwane z herbaty, kawy i kakao oraz ich zastosowanie w kosmetykach. <em>Post Fitoter<\/em>, 17(2): 139-144.<\/li>\n<\/ol>\n<h4><strong>AUTORE DELL\u2019ARTICOLO:<\/strong><\/h4>\n<p><strong>DR. KATARZYNA KIMEL<\/strong><br \/>\nDottoressa in Scienze Farmaceutiche, i cui interessi scientifici si concentrano sulla ricerca di farmaci vegetali e sostanze biologicamente attive di origine naturale. Appassionata di viaggi e di trascorrere il tempo libero a contatto con la natura.<\/p>\n","protected":false},"excerpt":{"rendered":"<p>Estratto di t\u00e8 verde (Camellia Sinensis Leaf Extract) con l&#8217;85% &#8211; 95% dell&#8217;estratto in sostanza secca. Il prodotto \u00e8 destinato all&#8217;uso nell&#8217;industria farmaceutica, cosmetica, alimentare e di laboratorio. Questo estratto vegetale \u00e8 disponibile in polvere.<\/p>\n","protected":false},"featured_media":35932,"template":"","meta":{"_acf_changed":false},"product_brand":[],"product_cat":[1533,1516],"product_tag":[],"class_list":{"0":"post-13975","1":"product","2":"type-product","3":"status-publish","4":"has-post-thumbnail","6":"product_cat-estratti-vegetali","7":"product_cat-materie-prime-per-produzione","8":"pa_czesc-rosliny-foglie","9":"pa_grupa-substancji-antiossidanti","11":"first","12":"instock","13":"shipping-taxable","14":"product-type-simple"},"acf":[],"yoast_head":"<!-- This site is optimized with the Yoast SEO plugin v27.4 - https:\/\/yoast.com\/product\/yoast-seo-wordpress\/ -->\n<title>Estratto di t\u00e8 verde - Distributore all&#039;ingrosso<\/title>\n<meta name=\"robots\" content=\"index, follow, max-snippet:-1, max-image-preview:large, max-video-preview:-1\" \/>\n<link rel=\"canonical\" href=\"https:\/\/naturalpoland.com\/it\/produkty\/prodotti-per-industria-alimentare\/materie-prime-per-produzione\/estratto-di-te-verde\/\" \/>\n<meta property=\"og:locale\" content=\"it_IT\" \/>\n<meta property=\"og:type\" content=\"article\" \/>\n<meta property=\"og:title\" content=\"Estratto di t\u00e8 verde - Distributore all&#039;ingrosso\" \/>\n<meta property=\"og:description\" content=\"Estratto di t\u00e8 verde (Camellia Sinensis Leaf Extract) con l&#039;85% - 95% dell&#039;estratto in sostanza secca. Il prodotto \u00e8 destinato all&#039;uso nell&#039;industria farmaceutica, cosmetica, alimentare e di laboratorio. Questo estratto vegetale \u00e8 disponibile in polvere.\" \/>\n<meta property=\"og:url\" content=\"https:\/\/naturalpoland.com\/it\/produkty\/prodotti-per-industria-alimentare\/materie-prime-per-produzione\/estratto-di-te-verde\/\" \/>\n<meta property=\"og:site_name\" content=\"NATURAL POLAND - Distributore all&#039;ingrosso di materie prime\" \/>\n<meta property=\"article:publisher\" content=\"https:\/\/www.facebook.com\/naturalpoland.b2b\" \/>\n<meta property=\"article:modified_time\" content=\"2025-09-09T10:12:20+00:00\" \/>\n<meta property=\"og:image\" content=\"https:\/\/naturalpoland.com\/wp-content\/uploads\/ekstrakt-z-zielonej-herbaty.webp\" \/>\n\t<meta property=\"og:image:width\" content=\"350\" \/>\n\t<meta property=\"og:image:height\" content=\"350\" \/>\n\t<meta property=\"og:image:type\" content=\"image\/webp\" \/>\n<script type=\"application\/ld+json\" class=\"yoast-schema-graph\">{\"@context\":\"https:\\\/\\\/schema.org\",\"@graph\":[{\"@type\":\"WebPage\",\"@id\":\"https:\\\/\\\/naturalpoland.com\\\/it\\\/produkty\\\/prodotti-per-industria-alimentare\\\/materie-prime-per-produzione\\\/estratto-di-te-verde\\\/\",\"url\":\"https:\\\/\\\/naturalpoland.com\\\/it\\\/produkty\\\/prodotti-per-industria-alimentare\\\/materie-prime-per-produzione\\\/estratto-di-te-verde\\\/\",\"name\":\"Estratto di t\u00e8 verde - Distributore all'ingrosso\",\"isPartOf\":{\"@id\":\"https:\\\/\\\/naturalpoland.com\\\/it\\\/#website\"},\"primaryImageOfPage\":{\"@id\":\"https:\\\/\\\/naturalpoland.com\\\/it\\\/produkty\\\/prodotti-per-industria-alimentare\\\/materie-prime-per-produzione\\\/estratto-di-te-verde\\\/#primaryimage\"},\"image\":{\"@id\":\"https:\\\/\\\/naturalpoland.com\\\/it\\\/produkty\\\/prodotti-per-industria-alimentare\\\/materie-prime-per-produzione\\\/estratto-di-te-verde\\\/#primaryimage\"},\"thumbnailUrl\":\"https:\\\/\\\/naturalpoland.com\\\/wp-content\\\/uploads\\\/ekstrakt-z-zielonej-herbaty.webp\",\"datePublished\":\"2021-05-11T11:41:46+00:00\",\"dateModified\":\"2025-09-09T10:12:20+00:00\",\"breadcrumb\":{\"@id\":\"https:\\\/\\\/naturalpoland.com\\\/it\\\/produkty\\\/prodotti-per-industria-alimentare\\\/materie-prime-per-produzione\\\/estratto-di-te-verde\\\/#breadcrumb\"},\"inLanguage\":\"it-IT\",\"potentialAction\":[{\"@type\":\"ReadAction\",\"target\":[\"https:\\\/\\\/naturalpoland.com\\\/it\\\/produkty\\\/prodotti-per-industria-alimentare\\\/materie-prime-per-produzione\\\/estratto-di-te-verde\\\/\"]}]},{\"@type\":\"ImageObject\",\"inLanguage\":\"it-IT\",\"@id\":\"https:\\\/\\\/naturalpoland.com\\\/it\\\/produkty\\\/prodotti-per-industria-alimentare\\\/materie-prime-per-produzione\\\/estratto-di-te-verde\\\/#primaryimage\",\"url\":\"https:\\\/\\\/naturalpoland.com\\\/wp-content\\\/uploads\\\/ekstrakt-z-zielonej-herbaty.webp\",\"contentUrl\":\"https:\\\/\\\/naturalpoland.com\\\/wp-content\\\/uploads\\\/ekstrakt-z-zielonej-herbaty.webp\",\"width\":350,\"height\":350,\"caption\":\"ekstrakt z zielonej herbaty\"},{\"@type\":\"BreadcrumbList\",\"@id\":\"https:\\\/\\\/naturalpoland.com\\\/it\\\/produkty\\\/prodotti-per-industria-alimentare\\\/materie-prime-per-produzione\\\/estratto-di-te-verde\\\/#breadcrumb\",\"itemListElement\":[{\"@type\":\"ListItem\",\"position\":1,\"name\":\"Home\",\"item\":\"https:\\\/\\\/naturalpoland.com\\\/it\\\/\"},{\"@type\":\"ListItem\",\"position\":2,\"name\":\"Prodotti\",\"item\":\"https:\\\/\\\/naturalpoland.com\\\/it\\\/prodotti\\\/\"},{\"@type\":\"ListItem\",\"position\":3,\"name\":\"Estratto di t\u00e8 verde\"}]},{\"@type\":\"WebSite\",\"@id\":\"https:\\\/\\\/naturalpoland.com\\\/it\\\/#website\",\"url\":\"https:\\\/\\\/naturalpoland.com\\\/it\\\/\",\"name\":\"NATURAL POLAND - Distributore all'ingrosso di materie prime\",\"description\":\"Surowce dla przemys\u0142u spo\u017cywczego, kosmetycznego i farmaceutycznego\",\"publisher\":{\"@id\":\"https:\\\/\\\/naturalpoland.com\\\/it\\\/#organization\"},\"potentialAction\":[{\"@type\":\"SearchAction\",\"target\":{\"@type\":\"EntryPoint\",\"urlTemplate\":\"https:\\\/\\\/naturalpoland.com\\\/it\\\/?s={search_term_string}\"},\"query-input\":{\"@type\":\"PropertyValueSpecification\",\"valueRequired\":true,\"valueName\":\"search_term_string\"}}],\"inLanguage\":\"it-IT\"},{\"@type\":\"Organization\",\"@id\":\"https:\\\/\\\/naturalpoland.com\\\/it\\\/#organization\",\"name\":\"Natural Poland\",\"url\":\"https:\\\/\\\/naturalpoland.com\\\/it\\\/\",\"logo\":{\"@type\":\"ImageObject\",\"inLanguage\":\"it-IT\",\"@id\":\"https:\\\/\\\/naturalpoland.com\\\/it\\\/#\\\/schema\\\/logo\\\/image\\\/\",\"url\":\"https:\\\/\\\/naturalpoland.com\\\/wp-content\\\/uploads\\\/2021\\\/05\\\/natural-poland-icon.png\",\"contentUrl\":\"https:\\\/\\\/naturalpoland.com\\\/wp-content\\\/uploads\\\/2021\\\/05\\\/natural-poland-icon.png\",\"width\":512,\"height\":512,\"caption\":\"Natural Poland\"},\"image\":{\"@id\":\"https:\\\/\\\/naturalpoland.com\\\/it\\\/#\\\/schema\\\/logo\\\/image\\\/\"},\"sameAs\":[\"https:\\\/\\\/www.facebook.com\\\/naturalpoland.b2b\",\"https:\\\/\\\/pl.linkedin.com\\\/company\\\/natural-poland\",\"https:\\\/\\\/www.youtube.com\\\/channel\\\/UCgeGGkvOMahZo-xu_MSEWxg\"]}]}<\/script>\n<!-- \/ Yoast SEO plugin. -->","yoast_head_json":{"title":"Estratto di t\u00e8 verde - Distributore all'ingrosso","robots":{"index":"index","follow":"follow","max-snippet":"max-snippet:-1","max-image-preview":"max-image-preview:large","max-video-preview":"max-video-preview:-1"},"canonical":"https:\/\/naturalpoland.com\/it\/produkty\/prodotti-per-industria-alimentare\/materie-prime-per-produzione\/estratto-di-te-verde\/","og_locale":"it_IT","og_type":"article","og_title":"Estratto di t\u00e8 verde - Distributore all'ingrosso","og_description":"Estratto di t\u00e8 verde (Camellia Sinensis Leaf Extract) con l'85% - 95% dell'estratto in sostanza secca. Il prodotto \u00e8 destinato all'uso nell'industria farmaceutica, cosmetica, alimentare e di laboratorio. Questo estratto vegetale \u00e8 disponibile in polvere.","og_url":"https:\/\/naturalpoland.com\/it\/produkty\/prodotti-per-industria-alimentare\/materie-prime-per-produzione\/estratto-di-te-verde\/","og_site_name":"NATURAL POLAND - Distributore all'ingrosso di materie prime","article_publisher":"https:\/\/www.facebook.com\/naturalpoland.b2b","article_modified_time":"2025-09-09T10:12:20+00:00","og_image":[{"width":350,"height":350,"url":"https:\/\/naturalpoland.com\/wp-content\/uploads\/ekstrakt-z-zielonej-herbaty.webp","type":"image\/webp"}],"schema":{"@context":"https:\/\/schema.org","@graph":[{"@type":"WebPage","@id":"https:\/\/naturalpoland.com\/it\/produkty\/prodotti-per-industria-alimentare\/materie-prime-per-produzione\/estratto-di-te-verde\/","url":"https:\/\/naturalpoland.com\/it\/produkty\/prodotti-per-industria-alimentare\/materie-prime-per-produzione\/estratto-di-te-verde\/","name":"Estratto di t\u00e8 verde - Distributore all'ingrosso","isPartOf":{"@id":"https:\/\/naturalpoland.com\/it\/#website"},"primaryImageOfPage":{"@id":"https:\/\/naturalpoland.com\/it\/produkty\/prodotti-per-industria-alimentare\/materie-prime-per-produzione\/estratto-di-te-verde\/#primaryimage"},"image":{"@id":"https:\/\/naturalpoland.com\/it\/produkty\/prodotti-per-industria-alimentare\/materie-prime-per-produzione\/estratto-di-te-verde\/#primaryimage"},"thumbnailUrl":"https:\/\/naturalpoland.com\/wp-content\/uploads\/ekstrakt-z-zielonej-herbaty.webp","datePublished":"2021-05-11T11:41:46+00:00","dateModified":"2025-09-09T10:12:20+00:00","breadcrumb":{"@id":"https:\/\/naturalpoland.com\/it\/produkty\/prodotti-per-industria-alimentare\/materie-prime-per-produzione\/estratto-di-te-verde\/#breadcrumb"},"inLanguage":"it-IT","potentialAction":[{"@type":"ReadAction","target":["https:\/\/naturalpoland.com\/it\/produkty\/prodotti-per-industria-alimentare\/materie-prime-per-produzione\/estratto-di-te-verde\/"]}]},{"@type":"ImageObject","inLanguage":"it-IT","@id":"https:\/\/naturalpoland.com\/it\/produkty\/prodotti-per-industria-alimentare\/materie-prime-per-produzione\/estratto-di-te-verde\/#primaryimage","url":"https:\/\/naturalpoland.com\/wp-content\/uploads\/ekstrakt-z-zielonej-herbaty.webp","contentUrl":"https:\/\/naturalpoland.com\/wp-content\/uploads\/ekstrakt-z-zielonej-herbaty.webp","width":350,"height":350,"caption":"ekstrakt z zielonej herbaty"},{"@type":"BreadcrumbList","@id":"https:\/\/naturalpoland.com\/it\/produkty\/prodotti-per-industria-alimentare\/materie-prime-per-produzione\/estratto-di-te-verde\/#breadcrumb","itemListElement":[{"@type":"ListItem","position":1,"name":"Home","item":"https:\/\/naturalpoland.com\/it\/"},{"@type":"ListItem","position":2,"name":"Prodotti","item":"https:\/\/naturalpoland.com\/it\/prodotti\/"},{"@type":"ListItem","position":3,"name":"Estratto di t\u00e8 verde"}]},{"@type":"WebSite","@id":"https:\/\/naturalpoland.com\/it\/#website","url":"https:\/\/naturalpoland.com\/it\/","name":"NATURAL POLAND - Distributore all'ingrosso di materie prime","description":"Surowce dla przemys\u0142u spo\u017cywczego, kosmetycznego i farmaceutycznego","publisher":{"@id":"https:\/\/naturalpoland.com\/it\/#organization"},"potentialAction":[{"@type":"SearchAction","target":{"@type":"EntryPoint","urlTemplate":"https:\/\/naturalpoland.com\/it\/?s={search_term_string}"},"query-input":{"@type":"PropertyValueSpecification","valueRequired":true,"valueName":"search_term_string"}}],"inLanguage":"it-IT"},{"@type":"Organization","@id":"https:\/\/naturalpoland.com\/it\/#organization","name":"Natural Poland","url":"https:\/\/naturalpoland.com\/it\/","logo":{"@type":"ImageObject","inLanguage":"it-IT","@id":"https:\/\/naturalpoland.com\/it\/#\/schema\/logo\/image\/","url":"https:\/\/naturalpoland.com\/wp-content\/uploads\/2021\/05\/natural-poland-icon.png","contentUrl":"https:\/\/naturalpoland.com\/wp-content\/uploads\/2021\/05\/natural-poland-icon.png","width":512,"height":512,"caption":"Natural Poland"},"image":{"@id":"https:\/\/naturalpoland.com\/it\/#\/schema\/logo\/image\/"},"sameAs":["https:\/\/www.facebook.com\/naturalpoland.b2b","https:\/\/pl.linkedin.com\/company\/natural-poland","https:\/\/www.youtube.com\/channel\/UCgeGGkvOMahZo-xu_MSEWxg"]}]}},"_links":{"self":[{"href":"https:\/\/naturalpoland.com\/it\/wp-json\/wp\/v2\/product\/13975","targetHints":{"allow":["GET"]}}],"collection":[{"href":"https:\/\/naturalpoland.com\/it\/wp-json\/wp\/v2\/product"}],"about":[{"href":"https:\/\/naturalpoland.com\/it\/wp-json\/wp\/v2\/types\/product"}],"wp:featuredmedia":[{"embeddable":true,"href":"https:\/\/naturalpoland.com\/it\/wp-json\/wp\/v2\/media\/35932"}],"wp:attachment":[{"href":"https:\/\/naturalpoland.com\/it\/wp-json\/wp\/v2\/media?parent=13975"}],"wp:term":[{"taxonomy":"product_brand","embeddable":true,"href":"https:\/\/naturalpoland.com\/it\/wp-json\/wp\/v2\/product_brand?post=13975"},{"taxonomy":"product_cat","embeddable":true,"href":"https:\/\/naturalpoland.com\/it\/wp-json\/wp\/v2\/product_cat?post=13975"},{"taxonomy":"product_tag","embeddable":true,"href":"https:\/\/naturalpoland.com\/it\/wp-json\/wp\/v2\/product_tag?post=13975"}],"curies":[{"name":"wp","href":"https:\/\/api.w.org\/{rel}","templated":true}]}}