{"id":13979,"date":"2021-05-11T13:41:47","date_gmt":"2021-11-04T10:57:20","guid":{"rendered":"https:\/\/naturalpoland.pl\/produkty\/senza-categoria\/estratto-di-mirtillo-rosso-5-pac\/"},"modified":"2024-08-20T10:56:12","modified_gmt":"2024-08-20T08:56:12","slug":"estratto-di-mirtillo-rosso-5-pac","status":"publish","type":"product","link":"https:\/\/naturalpoland.com\/it\/produkty\/estratti-vegetali\/estratto-di-mirtillo-rosso-5-pac\/","title":{"rendered":"Estratto di mirtillo rosso 5% PAC"},"content":{"rendered":"<p>Il prodotto si presenta come una polvere rosso porpora, che deriva dal colore naturale dei mirtilli rossi. \u00c8 caratterizzato da un sapore e un odore caratteristici, come confermato dai test organolettici. Grazie ai rigorosi controlli di qualit\u00e0, l&#8217;estratto \u00e8 privo di OGM, metalli pesanti e microrganismi.<\/p>\n<p>L&#8217;estratto \u00e8 stabile e di lunga durata, garantendo un&#8217;efficacia duratura se conservato correttamente in un luogo asciutto e buio.<\/p>\n<p>L&#8217;estratto di mirtillo rosso si ottiene mediante un processo di estrazione con etanolo e acqua. Questo processo garantisce un&#8217;estrazione efficiente dei componenti bioattivi, soprattutto le <strong>proantocianidine<\/strong> (PAC), che hanno un contenuto superiore al 5%.<\/p>\n<h2>Cosa sono le proantocianidine?<\/h2>\n<p>Le proantocianidine sono composti dalle comprovate propriet\u00e0 antiossidanti e antinfiammatorie. Svolgono un ruolo fondamentale nella <strong>protezione dalle infezioni del tratto urinario<\/strong>, impedendo l&#8217;adesione dei batteri alle pareti del tratto urinario. Questo rende l&#8217;estratto prezioso per la produzione di integratori a supporto della salute delle vie urinarie.<\/p>\n<h2>Propriet\u00e0 dell&#8217;estratto di mirtillo rosso<\/h2>\n<p>Oltre alle sue propriet\u00e0 di supporto urinario, l&#8217;estratto di mirtillo rosso \u00e8 apprezzato anche per le sue propriet\u00e0 <strong>antimicrobiche<\/strong> e antiossidanti e per la sua capacit\u00e0 di favorire la <strong>salute cardiovascolare<\/strong>. Non contiene solo proantocianidine, ma anche vitamine A, C ed E, oltre a micronutrienti come selenio, calcio e potassio, che insieme rafforzano l&#8217;immunit\u00e0 dell&#8217;organismo e giovano alla salute generale.<\/p>\n<h2>Estratto di mirtillo rosso nei cosmetici<\/h2>\n<p>L&#8217;estratto di mirtillo rosso \u00e8 molto utilizzato anche nell&#8217;<a href=\"\/it\/categoria\/prodotti-per-industria-cosmetica\/\">industria cosmetica<\/a>, dove viene impiegato per le sue <strong>propriet\u00e0 idratanti<\/strong>, rigeneranti e nutrienti per la pelle. Ricco di vitamine A ed E, \u00e8 un ingrediente di molte creme, sieri e prodotti per la cura del corpo che aiutano a migliorare l&#8217;elasticit\u00e0 della pelle, a ridurre la comparsa delle rughe e a migliorare l&#8217;aspetto generale della carnagione.<\/p>\n","protected":false},"excerpt":{"rendered":"<p>L&#8217;estratto di mirtillo rosso 5% PAC \u00e8 prodotto dal frutto del <em>Vaccinium Macrocarpon L.<\/em> Grazie alle sue propriet\u00e0 salutari e curative, viene utilizzato in un&#8217;ampia gamma di applicazioni, dagli integratori alimentari ai prodotti farmaceutici fino alla cosmesi avanzata.<\/p>\n","protected":false},"featured_media":31583,"template":"","meta":{"_acf_changed":false},"product_brand":[],"product_cat":[1533],"product_tag":[],"class_list":{"0":"post-13979","1":"product","2":"type-product","3":"status-publish","4":"has-post-thumbnail","6":"product_cat-estratti-vegetali","7":"pa_czesc-rosliny-frutta","8":"pa_skladnik-aktywny-proantocianidine","10":"first","11":"instock","12":"shipping-taxable","13":"product-type-simple"},"acf":[],"yoast_head":"<!-- This site is optimized with the Yoast SEO plugin v27.6 - https:\/\/yoast.com\/product\/yoast-seo-wordpress\/ -->\n<title>Estratto di mirtillo rosso 5% PAC - NATURAL POLAND - Distributore all&#039;ingrosso di materie prime<\/title>\n<meta name=\"description\" content=\"L&#039;estratto di mirtillo rosso 5% PAC viene utilizzato in un&#039;ampia gamma di applicazioni, dagli integratori alimentari ai prodotti farmaceutici fino ai cosmetici avanzati.\" \/>\n<meta name=\"robots\" content=\"index, follow, max-snippet:-1, max-image-preview:large, max-video-preview:-1\" \/>\n<link rel=\"canonical\" href=\"https:\/\/naturalpoland.com\/it\/produkty\/estratti-vegetali\/estratto-di-mirtillo-rosso-5-pac\/\" \/>\n<meta property=\"og:locale\" content=\"it_IT\" \/>\n<meta property=\"og:type\" content=\"article\" \/>\n<meta property=\"og:title\" content=\"Estratto di mirtillo rosso 5% PAC - NATURAL POLAND - Distributore all&#039;ingrosso di materie prime\" \/>\n<meta property=\"og:description\" content=\"L&#039;estratto di mirtillo rosso 5% PAC viene utilizzato in un&#039;ampia gamma di applicazioni, dagli integratori alimentari ai prodotti farmaceutici fino ai cosmetici avanzati.\" \/>\n<meta property=\"og:url\" content=\"https:\/\/naturalpoland.com\/it\/produkty\/estratti-vegetali\/estratto-di-mirtillo-rosso-5-pac\/\" \/>\n<meta property=\"og:site_name\" content=\"NATURAL POLAND - Distributore all&#039;ingrosso di materie prime\" \/>\n<meta property=\"article:publisher\" content=\"https:\/\/www.facebook.com\/naturalpoland.b2b\" \/>\n<meta property=\"article:modified_time\" content=\"2024-08-20T08:56:12+00:00\" \/>\n<meta property=\"og:image\" content=\"https:\/\/naturalpoland.com\/wp-content\/uploads\/ekstrakt-z-zurawiny.webp\" \/>\n\t<meta property=\"og:image:width\" content=\"426\" \/>\n\t<meta property=\"og:image:height\" content=\"426\" \/>\n\t<meta property=\"og:image:type\" content=\"image\/webp\" \/>\n<script type=\"application\/ld+json\" class=\"yoast-schema-graph\">{\"@context\":\"https:\\\/\\\/schema.org\",\"@graph\":[{\"@type\":\"WebPage\",\"@id\":\"https:\\\/\\\/naturalpoland.com\\\/it\\\/produkty\\\/estratti-vegetali\\\/estratto-di-mirtillo-rosso-5-pac\\\/\",\"url\":\"https:\\\/\\\/naturalpoland.com\\\/it\\\/produkty\\\/estratti-vegetali\\\/estratto-di-mirtillo-rosso-5-pac\\\/\",\"name\":\"Estratto di mirtillo rosso 5% PAC - NATURAL POLAND - Distributore all'ingrosso di materie prime\",\"isPartOf\":{\"@id\":\"https:\\\/\\\/naturalpoland.com\\\/it\\\/#website\"},\"primaryImageOfPage\":{\"@id\":\"https:\\\/\\\/naturalpoland.com\\\/it\\\/produkty\\\/estratti-vegetali\\\/estratto-di-mirtillo-rosso-5-pac\\\/#primaryimage\"},\"image\":{\"@id\":\"https:\\\/\\\/naturalpoland.com\\\/it\\\/produkty\\\/estratti-vegetali\\\/estratto-di-mirtillo-rosso-5-pac\\\/#primaryimage\"},\"thumbnailUrl\":\"https:\\\/\\\/naturalpoland.com\\\/wp-content\\\/uploads\\\/ekstrakt-z-zurawiny.webp\",\"datePublished\":\"2021-11-04T10:57:20+00:00\",\"dateModified\":\"2024-08-20T08:56:12+00:00\",\"description\":\"L'estratto di mirtillo rosso 5% PAC viene utilizzato in un'ampia gamma di applicazioni, dagli integratori alimentari ai prodotti farmaceutici fino ai cosmetici avanzati.\",\"breadcrumb\":{\"@id\":\"https:\\\/\\\/naturalpoland.com\\\/it\\\/produkty\\\/estratti-vegetali\\\/estratto-di-mirtillo-rosso-5-pac\\\/#breadcrumb\"},\"inLanguage\":\"it-IT\",\"potentialAction\":[{\"@type\":\"ReadAction\",\"target\":[\"https:\\\/\\\/naturalpoland.com\\\/it\\\/produkty\\\/estratti-vegetali\\\/estratto-di-mirtillo-rosso-5-pac\\\/\"]}]},{\"@type\":\"ImageObject\",\"inLanguage\":\"it-IT\",\"@id\":\"https:\\\/\\\/naturalpoland.com\\\/it\\\/produkty\\\/estratti-vegetali\\\/estratto-di-mirtillo-rosso-5-pac\\\/#primaryimage\",\"url\":\"https:\\\/\\\/naturalpoland.com\\\/wp-content\\\/uploads\\\/ekstrakt-z-zurawiny.webp\",\"contentUrl\":\"https:\\\/\\\/naturalpoland.com\\\/wp-content\\\/uploads\\\/ekstrakt-z-zurawiny.webp\",\"width\":426,\"height\":426,\"caption\":\"proszkowy Ekstrakt z \u017curawiny 5% PAC\"},{\"@type\":\"BreadcrumbList\",\"@id\":\"https:\\\/\\\/naturalpoland.com\\\/it\\\/produkty\\\/estratti-vegetali\\\/estratto-di-mirtillo-rosso-5-pac\\\/#breadcrumb\",\"itemListElement\":[{\"@type\":\"ListItem\",\"position\":1,\"name\":\"Home\",\"item\":\"https:\\\/\\\/naturalpoland.com\\\/it\\\/\"},{\"@type\":\"ListItem\",\"position\":2,\"name\":\"Prodotti\",\"item\":\"https:\\\/\\\/naturalpoland.com\\\/it\\\/prodotti\\\/\"},{\"@type\":\"ListItem\",\"position\":3,\"name\":\"Estratto di mirtillo rosso 5% PAC\"}]},{\"@type\":\"WebSite\",\"@id\":\"https:\\\/\\\/naturalpoland.com\\\/it\\\/#website\",\"url\":\"https:\\\/\\\/naturalpoland.com\\\/it\\\/\",\"name\":\"NATURAL POLAND - Distributore all'ingrosso di materie prime\",\"description\":\"Surowce dla przemys\u0142u spo\u017cywczego, kosmetycznego i farmaceutycznego\",\"publisher\":{\"@id\":\"https:\\\/\\\/naturalpoland.com\\\/it\\\/#organization\"},\"potentialAction\":[{\"@type\":\"SearchAction\",\"target\":{\"@type\":\"EntryPoint\",\"urlTemplate\":\"https:\\\/\\\/naturalpoland.com\\\/it\\\/?s={search_term_string}\"},\"query-input\":{\"@type\":\"PropertyValueSpecification\",\"valueRequired\":true,\"valueName\":\"search_term_string\"}}],\"inLanguage\":\"it-IT\"},{\"@type\":\"Organization\",\"@id\":\"https:\\\/\\\/naturalpoland.com\\\/it\\\/#organization\",\"name\":\"Natural Poland\",\"url\":\"https:\\\/\\\/naturalpoland.com\\\/it\\\/\",\"logo\":{\"@type\":\"ImageObject\",\"inLanguage\":\"it-IT\",\"@id\":\"https:\\\/\\\/naturalpoland.com\\\/it\\\/#\\\/schema\\\/logo\\\/image\\\/\",\"url\":\"https:\\\/\\\/naturalpoland.com\\\/wp-content\\\/uploads\\\/2021\\\/05\\\/natural-poland-icon.png\",\"contentUrl\":\"https:\\\/\\\/naturalpoland.com\\\/wp-content\\\/uploads\\\/2021\\\/05\\\/natural-poland-icon.png\",\"width\":512,\"height\":512,\"caption\":\"Natural Poland\"},\"image\":{\"@id\":\"https:\\\/\\\/naturalpoland.com\\\/it\\\/#\\\/schema\\\/logo\\\/image\\\/\"},\"sameAs\":[\"https:\\\/\\\/www.facebook.com\\\/naturalpoland.b2b\",\"https:\\\/\\\/pl.linkedin.com\\\/company\\\/natural-poland\",\"https:\\\/\\\/www.youtube.com\\\/channel\\\/UCgeGGkvOMahZo-xu_MSEWxg\"]}]}<\/script>\n<!-- \/ Yoast SEO plugin. -->","yoast_head_json":{"title":"Estratto di mirtillo rosso 5% PAC - NATURAL POLAND - Distributore all'ingrosso di materie prime","description":"L'estratto di mirtillo rosso 5% PAC viene utilizzato in un'ampia gamma di applicazioni, dagli integratori alimentari ai prodotti farmaceutici fino ai cosmetici avanzati.","robots":{"index":"index","follow":"follow","max-snippet":"max-snippet:-1","max-image-preview":"max-image-preview:large","max-video-preview":"max-video-preview:-1"},"canonical":"https:\/\/naturalpoland.com\/it\/produkty\/estratti-vegetali\/estratto-di-mirtillo-rosso-5-pac\/","og_locale":"it_IT","og_type":"article","og_title":"Estratto di mirtillo rosso 5% PAC - NATURAL POLAND - Distributore all'ingrosso di materie prime","og_description":"L'estratto di mirtillo rosso 5% PAC viene utilizzato in un'ampia gamma di applicazioni, dagli integratori alimentari ai prodotti farmaceutici fino ai cosmetici avanzati.","og_url":"https:\/\/naturalpoland.com\/it\/produkty\/estratti-vegetali\/estratto-di-mirtillo-rosso-5-pac\/","og_site_name":"NATURAL POLAND - Distributore all'ingrosso di materie prime","article_publisher":"https:\/\/www.facebook.com\/naturalpoland.b2b","article_modified_time":"2024-08-20T08:56:12+00:00","og_image":[{"width":426,"height":426,"url":"https:\/\/naturalpoland.com\/wp-content\/uploads\/ekstrakt-z-zurawiny.webp","type":"image\/webp"}],"schema":{"@context":"https:\/\/schema.org","@graph":[{"@type":"WebPage","@id":"https:\/\/naturalpoland.com\/it\/produkty\/estratti-vegetali\/estratto-di-mirtillo-rosso-5-pac\/","url":"https:\/\/naturalpoland.com\/it\/produkty\/estratti-vegetali\/estratto-di-mirtillo-rosso-5-pac\/","name":"Estratto di mirtillo rosso 5% PAC - NATURAL POLAND - Distributore all'ingrosso di materie prime","isPartOf":{"@id":"https:\/\/naturalpoland.com\/it\/#website"},"primaryImageOfPage":{"@id":"https:\/\/naturalpoland.com\/it\/produkty\/estratti-vegetali\/estratto-di-mirtillo-rosso-5-pac\/#primaryimage"},"image":{"@id":"https:\/\/naturalpoland.com\/it\/produkty\/estratti-vegetali\/estratto-di-mirtillo-rosso-5-pac\/#primaryimage"},"thumbnailUrl":"https:\/\/naturalpoland.com\/wp-content\/uploads\/ekstrakt-z-zurawiny.webp","datePublished":"2021-11-04T10:57:20+00:00","dateModified":"2024-08-20T08:56:12+00:00","description":"L'estratto di mirtillo rosso 5% PAC viene utilizzato in un'ampia gamma di applicazioni, dagli integratori alimentari ai prodotti farmaceutici fino ai cosmetici avanzati.","breadcrumb":{"@id":"https:\/\/naturalpoland.com\/it\/produkty\/estratti-vegetali\/estratto-di-mirtillo-rosso-5-pac\/#breadcrumb"},"inLanguage":"it-IT","potentialAction":[{"@type":"ReadAction","target":["https:\/\/naturalpoland.com\/it\/produkty\/estratti-vegetali\/estratto-di-mirtillo-rosso-5-pac\/"]}]},{"@type":"ImageObject","inLanguage":"it-IT","@id":"https:\/\/naturalpoland.com\/it\/produkty\/estratti-vegetali\/estratto-di-mirtillo-rosso-5-pac\/#primaryimage","url":"https:\/\/naturalpoland.com\/wp-content\/uploads\/ekstrakt-z-zurawiny.webp","contentUrl":"https:\/\/naturalpoland.com\/wp-content\/uploads\/ekstrakt-z-zurawiny.webp","width":426,"height":426,"caption":"proszkowy Ekstrakt z \u017curawiny 5% PAC"},{"@type":"BreadcrumbList","@id":"https:\/\/naturalpoland.com\/it\/produkty\/estratti-vegetali\/estratto-di-mirtillo-rosso-5-pac\/#breadcrumb","itemListElement":[{"@type":"ListItem","position":1,"name":"Home","item":"https:\/\/naturalpoland.com\/it\/"},{"@type":"ListItem","position":2,"name":"Prodotti","item":"https:\/\/naturalpoland.com\/it\/prodotti\/"},{"@type":"ListItem","position":3,"name":"Estratto di mirtillo rosso 5% PAC"}]},{"@type":"WebSite","@id":"https:\/\/naturalpoland.com\/it\/#website","url":"https:\/\/naturalpoland.com\/it\/","name":"NATURAL POLAND - Distributore all'ingrosso di materie prime","description":"Surowce dla przemys\u0142u spo\u017cywczego, kosmetycznego i farmaceutycznego","publisher":{"@id":"https:\/\/naturalpoland.com\/it\/#organization"},"potentialAction":[{"@type":"SearchAction","target":{"@type":"EntryPoint","urlTemplate":"https:\/\/naturalpoland.com\/it\/?s={search_term_string}"},"query-input":{"@type":"PropertyValueSpecification","valueRequired":true,"valueName":"search_term_string"}}],"inLanguage":"it-IT"},{"@type":"Organization","@id":"https:\/\/naturalpoland.com\/it\/#organization","name":"Natural Poland","url":"https:\/\/naturalpoland.com\/it\/","logo":{"@type":"ImageObject","inLanguage":"it-IT","@id":"https:\/\/naturalpoland.com\/it\/#\/schema\/logo\/image\/","url":"https:\/\/naturalpoland.com\/wp-content\/uploads\/2021\/05\/natural-poland-icon.png","contentUrl":"https:\/\/naturalpoland.com\/wp-content\/uploads\/2021\/05\/natural-poland-icon.png","width":512,"height":512,"caption":"Natural Poland"},"image":{"@id":"https:\/\/naturalpoland.com\/it\/#\/schema\/logo\/image\/"},"sameAs":["https:\/\/www.facebook.com\/naturalpoland.b2b","https:\/\/pl.linkedin.com\/company\/natural-poland","https:\/\/www.youtube.com\/channel\/UCgeGGkvOMahZo-xu_MSEWxg"]}]}},"_links":{"self":[{"href":"https:\/\/naturalpoland.com\/it\/wp-json\/wp\/v2\/product\/13979","targetHints":{"allow":["GET"]}}],"collection":[{"href":"https:\/\/naturalpoland.com\/it\/wp-json\/wp\/v2\/product"}],"about":[{"href":"https:\/\/naturalpoland.com\/it\/wp-json\/wp\/v2\/types\/product"}],"wp:featuredmedia":[{"embeddable":true,"href":"https:\/\/naturalpoland.com\/it\/wp-json\/wp\/v2\/media\/31583"}],"wp:attachment":[{"href":"https:\/\/naturalpoland.com\/it\/wp-json\/wp\/v2\/media?parent=13979"}],"wp:term":[{"taxonomy":"product_brand","embeddable":true,"href":"https:\/\/naturalpoland.com\/it\/wp-json\/wp\/v2\/product_brand?post=13979"},{"taxonomy":"product_cat","embeddable":true,"href":"https:\/\/naturalpoland.com\/it\/wp-json\/wp\/v2\/product_cat?post=13979"},{"taxonomy":"product_tag","embeddable":true,"href":"https:\/\/naturalpoland.com\/it\/wp-json\/wp\/v2\/product_tag?post=13979"}],"curies":[{"name":"wp","href":"https:\/\/api.w.org\/{rel}","templated":true}]}}