{"id":14017,"date":"2021-05-11T13:42:56","date_gmt":"2021-11-04T10:57:48","guid":{"rendered":"https:\/\/naturalpoland.pl\/produkty\/senza-categoria\/glicosidi-steviolici-95-reb-a-80-e-reb-a-60-stevia\/"},"modified":"2021-11-04T11:57:56","modified_gmt":"2021-11-04T10:57:56","slug":"glicosidi-steviolici-95-reb-a-80-i-reb-a-60-stevia","status":"publish","type":"product","link":"https:\/\/naturalpoland.com\/it\/produkty\/prodotti-per-industria-alimentare\/materie-prime-per-produzione\/glicosidi-steviolici-95-reb-a-80-i-reb-a-60-stevia\/","title":{"rendered":"Glicosidi steviolici 95 REB-A 80 e REB-A 60 (Stevia)"},"content":{"rendered":"<p>Inoltre, la stevia non contiene conservanti o sostanze amare che potrebbero alterarne il gusto naturale e dolce. La Stevia \u00e8 raccomandata per le persone che vogliono perdere peso, i diabetici, le persone che hanno problemi con le fluttuazioni di zucchero nel sangue, nonch\u00e9 per le persone che vogliono vivere una vita sana. \u00c8 importante sottolineare che la stevia pu\u00f2 essere consumata da adulti e bambini. Pertanto, intere famiglie possono mangiarlo.<\/p>\n","protected":false},"excerpt":{"rendered":"<p>I glicosidi steviolici 95 REB-A 80 e REB-A 60, comunemente noti come stevia o stevia, sono sostituti vegetali dello zucchero bianco. Devono la loro popolarit\u00e0 alle loro propriet\u00e0. I glicosidi steviolici sono dolci e possono essere facilmente utilizzati come sostituto sano e naturale dello zucchero bianco normale.<\/p>\n","protected":false},"featured_media":14020,"template":"","meta":{"_acf_changed":false},"product_brand":[],"product_cat":[1516],"product_tag":[],"class_list":{"0":"post-14017","1":"product","2":"type-product","3":"status-publish","4":"has-post-thumbnail","6":"product_cat-materie-prime-per-produzione","7":"pa_grupa-substancji-fenoli-e-polifenoli","9":"first","10":"instock","11":"shipping-taxable","12":"product-type-simple"},"acf":[],"yoast_head":"<!-- This site is optimized with the Yoast SEO plugin v27.4 - https:\/\/yoast.com\/product\/yoast-seo-wordpress\/ -->\n<title>Glicosidi steviolici 95 REB-A 80 e REB-A 60 (Stevia) - Distributore all&#039;ingrosso<\/title>\n<meta name=\"robots\" content=\"index, follow, max-snippet:-1, max-image-preview:large, max-video-preview:-1\" \/>\n<link rel=\"canonical\" href=\"https:\/\/naturalpoland.com\/it\/produkty\/prodotti-per-industria-alimentare\/materie-prime-per-produzione\/glicosidi-steviolici-95-reb-a-80-i-reb-a-60-stevia\/\" \/>\n<meta property=\"og:locale\" content=\"it_IT\" \/>\n<meta property=\"og:type\" content=\"article\" \/>\n<meta property=\"og:title\" content=\"Glicosidi steviolici 95 REB-A 80 e REB-A 60 (Stevia) - Distributore all&#039;ingrosso\" \/>\n<meta property=\"og:description\" content=\"I glicosidi steviolici 95 REB-A 80 e REB-A 60, comunemente noti come stevia o stevia, sono sostituti vegetali dello zucchero bianco. Devono la loro popolarit\u00e0 alle loro propriet\u00e0. I glicosidi steviolici sono dolci e possono essere facilmente utilizzati come sostituto sano e naturale dello zucchero bianco normale.\" \/>\n<meta property=\"og:url\" content=\"https:\/\/naturalpoland.com\/it\/produkty\/prodotti-per-industria-alimentare\/materie-prime-per-produzione\/glicosidi-steviolici-95-reb-a-80-i-reb-a-60-stevia\/\" \/>\n<meta property=\"og:site_name\" content=\"NATURAL POLAND - Distributore all&#039;ingrosso di materie prime\" \/>\n<meta property=\"article:publisher\" content=\"https:\/\/www.facebook.com\/naturalpoland.b2b\" \/>\n<meta property=\"article:modified_time\" content=\"2021-11-04T10:57:56+00:00\" \/>\n<meta property=\"og:image\" content=\"https:\/\/naturalpoland.com\/wp-content\/uploads\/2021\/05\/steviol-glycosides-95-reb-a-80-and-reb-a-60-stevia.jpg\" \/>\n\t<meta property=\"og:image:width\" content=\"1688\" \/>\n\t<meta property=\"og:image:height\" content=\"1125\" \/>\n\t<meta property=\"og:image:type\" content=\"image\/jpeg\" \/>\n<script type=\"application\/ld+json\" class=\"yoast-schema-graph\">{\"@context\":\"https:\\\/\\\/schema.org\",\"@graph\":[{\"@type\":\"WebPage\",\"@id\":\"https:\\\/\\\/naturalpoland.com\\\/it\\\/produkty\\\/prodotti-per-industria-alimentare\\\/materie-prime-per-produzione\\\/glicosidi-steviolici-95-reb-a-80-i-reb-a-60-stevia\\\/\",\"url\":\"https:\\\/\\\/naturalpoland.com\\\/it\\\/produkty\\\/prodotti-per-industria-alimentare\\\/materie-prime-per-produzione\\\/glicosidi-steviolici-95-reb-a-80-i-reb-a-60-stevia\\\/\",\"name\":\"Glicosidi steviolici 95 REB-A 80 e REB-A 60 (Stevia) - Distributore all'ingrosso\",\"isPartOf\":{\"@id\":\"https:\\\/\\\/naturalpoland.com\\\/it\\\/#website\"},\"primaryImageOfPage\":{\"@id\":\"https:\\\/\\\/naturalpoland.com\\\/it\\\/produkty\\\/prodotti-per-industria-alimentare\\\/materie-prime-per-produzione\\\/glicosidi-steviolici-95-reb-a-80-i-reb-a-60-stevia\\\/#primaryimage\"},\"image\":{\"@id\":\"https:\\\/\\\/naturalpoland.com\\\/it\\\/produkty\\\/prodotti-per-industria-alimentare\\\/materie-prime-per-produzione\\\/glicosidi-steviolici-95-reb-a-80-i-reb-a-60-stevia\\\/#primaryimage\"},\"thumbnailUrl\":\"https:\\\/\\\/naturalpoland.com\\\/wp-content\\\/uploads\\\/2021\\\/05\\\/steviol-glycosides-95-reb-a-80-and-reb-a-60-stevia.jpg\",\"datePublished\":\"2021-11-04T10:57:48+00:00\",\"dateModified\":\"2021-11-04T10:57:56+00:00\",\"breadcrumb\":{\"@id\":\"https:\\\/\\\/naturalpoland.com\\\/it\\\/produkty\\\/prodotti-per-industria-alimentare\\\/materie-prime-per-produzione\\\/glicosidi-steviolici-95-reb-a-80-i-reb-a-60-stevia\\\/#breadcrumb\"},\"inLanguage\":\"it-IT\",\"potentialAction\":[{\"@type\":\"ReadAction\",\"target\":[\"https:\\\/\\\/naturalpoland.com\\\/it\\\/produkty\\\/prodotti-per-industria-alimentare\\\/materie-prime-per-produzione\\\/glicosidi-steviolici-95-reb-a-80-i-reb-a-60-stevia\\\/\"]}]},{\"@type\":\"ImageObject\",\"inLanguage\":\"it-IT\",\"@id\":\"https:\\\/\\\/naturalpoland.com\\\/it\\\/produkty\\\/prodotti-per-industria-alimentare\\\/materie-prime-per-produzione\\\/glicosidi-steviolici-95-reb-a-80-i-reb-a-60-stevia\\\/#primaryimage\",\"url\":\"https:\\\/\\\/naturalpoland.com\\\/wp-content\\\/uploads\\\/2021\\\/05\\\/steviol-glycosides-95-reb-a-80-and-reb-a-60-stevia.jpg\",\"contentUrl\":\"https:\\\/\\\/naturalpoland.com\\\/wp-content\\\/uploads\\\/2021\\\/05\\\/steviol-glycosides-95-reb-a-80-and-reb-a-60-stevia.jpg\",\"width\":1688,\"height\":1125},{\"@type\":\"BreadcrumbList\",\"@id\":\"https:\\\/\\\/naturalpoland.com\\\/it\\\/produkty\\\/prodotti-per-industria-alimentare\\\/materie-prime-per-produzione\\\/glicosidi-steviolici-95-reb-a-80-i-reb-a-60-stevia\\\/#breadcrumb\",\"itemListElement\":[{\"@type\":\"ListItem\",\"position\":1,\"name\":\"Home\",\"item\":\"https:\\\/\\\/naturalpoland.com\\\/it\\\/\"},{\"@type\":\"ListItem\",\"position\":2,\"name\":\"Prodotti\",\"item\":\"https:\\\/\\\/naturalpoland.com\\\/it\\\/prodotti\\\/\"},{\"@type\":\"ListItem\",\"position\":3,\"name\":\"Glicosidi steviolici 95 REB-A 80 e REB-A 60 (Stevia)\"}]},{\"@type\":\"WebSite\",\"@id\":\"https:\\\/\\\/naturalpoland.com\\\/it\\\/#website\",\"url\":\"https:\\\/\\\/naturalpoland.com\\\/it\\\/\",\"name\":\"NATURAL POLAND - Distributore all'ingrosso di materie prime\",\"description\":\"Surowce dla przemys\u0142u spo\u017cywczego, kosmetycznego i farmaceutycznego\",\"publisher\":{\"@id\":\"https:\\\/\\\/naturalpoland.com\\\/it\\\/#organization\"},\"potentialAction\":[{\"@type\":\"SearchAction\",\"target\":{\"@type\":\"EntryPoint\",\"urlTemplate\":\"https:\\\/\\\/naturalpoland.com\\\/it\\\/?s={search_term_string}\"},\"query-input\":{\"@type\":\"PropertyValueSpecification\",\"valueRequired\":true,\"valueName\":\"search_term_string\"}}],\"inLanguage\":\"it-IT\"},{\"@type\":\"Organization\",\"@id\":\"https:\\\/\\\/naturalpoland.com\\\/it\\\/#organization\",\"name\":\"Natural Poland\",\"url\":\"https:\\\/\\\/naturalpoland.com\\\/it\\\/\",\"logo\":{\"@type\":\"ImageObject\",\"inLanguage\":\"it-IT\",\"@id\":\"https:\\\/\\\/naturalpoland.com\\\/it\\\/#\\\/schema\\\/logo\\\/image\\\/\",\"url\":\"https:\\\/\\\/naturalpoland.com\\\/wp-content\\\/uploads\\\/2021\\\/05\\\/natural-poland-icon.png\",\"contentUrl\":\"https:\\\/\\\/naturalpoland.com\\\/wp-content\\\/uploads\\\/2021\\\/05\\\/natural-poland-icon.png\",\"width\":512,\"height\":512,\"caption\":\"Natural Poland\"},\"image\":{\"@id\":\"https:\\\/\\\/naturalpoland.com\\\/it\\\/#\\\/schema\\\/logo\\\/image\\\/\"},\"sameAs\":[\"https:\\\/\\\/www.facebook.com\\\/naturalpoland.b2b\",\"https:\\\/\\\/pl.linkedin.com\\\/company\\\/natural-poland\",\"https:\\\/\\\/www.youtube.com\\\/channel\\\/UCgeGGkvOMahZo-xu_MSEWxg\"]}]}<\/script>\n<!-- \/ Yoast SEO plugin. -->","yoast_head_json":{"title":"Glicosidi steviolici 95 REB-A 80 e REB-A 60 (Stevia) - Distributore all'ingrosso","robots":{"index":"index","follow":"follow","max-snippet":"max-snippet:-1","max-image-preview":"max-image-preview:large","max-video-preview":"max-video-preview:-1"},"canonical":"https:\/\/naturalpoland.com\/it\/produkty\/prodotti-per-industria-alimentare\/materie-prime-per-produzione\/glicosidi-steviolici-95-reb-a-80-i-reb-a-60-stevia\/","og_locale":"it_IT","og_type":"article","og_title":"Glicosidi steviolici 95 REB-A 80 e REB-A 60 (Stevia) - Distributore all'ingrosso","og_description":"I glicosidi steviolici 95 REB-A 80 e REB-A 60, comunemente noti come stevia o stevia, sono sostituti vegetali dello zucchero bianco. Devono la loro popolarit\u00e0 alle loro propriet\u00e0. I glicosidi steviolici sono dolci e possono essere facilmente utilizzati come sostituto sano e naturale dello zucchero bianco normale.","og_url":"https:\/\/naturalpoland.com\/it\/produkty\/prodotti-per-industria-alimentare\/materie-prime-per-produzione\/glicosidi-steviolici-95-reb-a-80-i-reb-a-60-stevia\/","og_site_name":"NATURAL POLAND - Distributore all'ingrosso di materie prime","article_publisher":"https:\/\/www.facebook.com\/naturalpoland.b2b","article_modified_time":"2021-11-04T10:57:56+00:00","og_image":[{"width":1688,"height":1125,"url":"https:\/\/naturalpoland.com\/wp-content\/uploads\/2021\/05\/steviol-glycosides-95-reb-a-80-and-reb-a-60-stevia.jpg","type":"image\/jpeg"}],"schema":{"@context":"https:\/\/schema.org","@graph":[{"@type":"WebPage","@id":"https:\/\/naturalpoland.com\/it\/produkty\/prodotti-per-industria-alimentare\/materie-prime-per-produzione\/glicosidi-steviolici-95-reb-a-80-i-reb-a-60-stevia\/","url":"https:\/\/naturalpoland.com\/it\/produkty\/prodotti-per-industria-alimentare\/materie-prime-per-produzione\/glicosidi-steviolici-95-reb-a-80-i-reb-a-60-stevia\/","name":"Glicosidi steviolici 95 REB-A 80 e REB-A 60 (Stevia) - Distributore all'ingrosso","isPartOf":{"@id":"https:\/\/naturalpoland.com\/it\/#website"},"primaryImageOfPage":{"@id":"https:\/\/naturalpoland.com\/it\/produkty\/prodotti-per-industria-alimentare\/materie-prime-per-produzione\/glicosidi-steviolici-95-reb-a-80-i-reb-a-60-stevia\/#primaryimage"},"image":{"@id":"https:\/\/naturalpoland.com\/it\/produkty\/prodotti-per-industria-alimentare\/materie-prime-per-produzione\/glicosidi-steviolici-95-reb-a-80-i-reb-a-60-stevia\/#primaryimage"},"thumbnailUrl":"https:\/\/naturalpoland.com\/wp-content\/uploads\/2021\/05\/steviol-glycosides-95-reb-a-80-and-reb-a-60-stevia.jpg","datePublished":"2021-11-04T10:57:48+00:00","dateModified":"2021-11-04T10:57:56+00:00","breadcrumb":{"@id":"https:\/\/naturalpoland.com\/it\/produkty\/prodotti-per-industria-alimentare\/materie-prime-per-produzione\/glicosidi-steviolici-95-reb-a-80-i-reb-a-60-stevia\/#breadcrumb"},"inLanguage":"it-IT","potentialAction":[{"@type":"ReadAction","target":["https:\/\/naturalpoland.com\/it\/produkty\/prodotti-per-industria-alimentare\/materie-prime-per-produzione\/glicosidi-steviolici-95-reb-a-80-i-reb-a-60-stevia\/"]}]},{"@type":"ImageObject","inLanguage":"it-IT","@id":"https:\/\/naturalpoland.com\/it\/produkty\/prodotti-per-industria-alimentare\/materie-prime-per-produzione\/glicosidi-steviolici-95-reb-a-80-i-reb-a-60-stevia\/#primaryimage","url":"https:\/\/naturalpoland.com\/wp-content\/uploads\/2021\/05\/steviol-glycosides-95-reb-a-80-and-reb-a-60-stevia.jpg","contentUrl":"https:\/\/naturalpoland.com\/wp-content\/uploads\/2021\/05\/steviol-glycosides-95-reb-a-80-and-reb-a-60-stevia.jpg","width":1688,"height":1125},{"@type":"BreadcrumbList","@id":"https:\/\/naturalpoland.com\/it\/produkty\/prodotti-per-industria-alimentare\/materie-prime-per-produzione\/glicosidi-steviolici-95-reb-a-80-i-reb-a-60-stevia\/#breadcrumb","itemListElement":[{"@type":"ListItem","position":1,"name":"Home","item":"https:\/\/naturalpoland.com\/it\/"},{"@type":"ListItem","position":2,"name":"Prodotti","item":"https:\/\/naturalpoland.com\/it\/prodotti\/"},{"@type":"ListItem","position":3,"name":"Glicosidi steviolici 95 REB-A 80 e REB-A 60 (Stevia)"}]},{"@type":"WebSite","@id":"https:\/\/naturalpoland.com\/it\/#website","url":"https:\/\/naturalpoland.com\/it\/","name":"NATURAL POLAND - Distributore all'ingrosso di materie prime","description":"Surowce dla przemys\u0142u spo\u017cywczego, kosmetycznego i farmaceutycznego","publisher":{"@id":"https:\/\/naturalpoland.com\/it\/#organization"},"potentialAction":[{"@type":"SearchAction","target":{"@type":"EntryPoint","urlTemplate":"https:\/\/naturalpoland.com\/it\/?s={search_term_string}"},"query-input":{"@type":"PropertyValueSpecification","valueRequired":true,"valueName":"search_term_string"}}],"inLanguage":"it-IT"},{"@type":"Organization","@id":"https:\/\/naturalpoland.com\/it\/#organization","name":"Natural Poland","url":"https:\/\/naturalpoland.com\/it\/","logo":{"@type":"ImageObject","inLanguage":"it-IT","@id":"https:\/\/naturalpoland.com\/it\/#\/schema\/logo\/image\/","url":"https:\/\/naturalpoland.com\/wp-content\/uploads\/2021\/05\/natural-poland-icon.png","contentUrl":"https:\/\/naturalpoland.com\/wp-content\/uploads\/2021\/05\/natural-poland-icon.png","width":512,"height":512,"caption":"Natural Poland"},"image":{"@id":"https:\/\/naturalpoland.com\/it\/#\/schema\/logo\/image\/"},"sameAs":["https:\/\/www.facebook.com\/naturalpoland.b2b","https:\/\/pl.linkedin.com\/company\/natural-poland","https:\/\/www.youtube.com\/channel\/UCgeGGkvOMahZo-xu_MSEWxg"]}]}},"_links":{"self":[{"href":"https:\/\/naturalpoland.com\/it\/wp-json\/wp\/v2\/product\/14017","targetHints":{"allow":["GET"]}}],"collection":[{"href":"https:\/\/naturalpoland.com\/it\/wp-json\/wp\/v2\/product"}],"about":[{"href":"https:\/\/naturalpoland.com\/it\/wp-json\/wp\/v2\/types\/product"}],"wp:featuredmedia":[{"embeddable":true,"href":"https:\/\/naturalpoland.com\/it\/wp-json\/wp\/v2\/media\/14020"}],"wp:attachment":[{"href":"https:\/\/naturalpoland.com\/it\/wp-json\/wp\/v2\/media?parent=14017"}],"wp:term":[{"taxonomy":"product_brand","embeddable":true,"href":"https:\/\/naturalpoland.com\/it\/wp-json\/wp\/v2\/product_brand?post=14017"},{"taxonomy":"product_cat","embeddable":true,"href":"https:\/\/naturalpoland.com\/it\/wp-json\/wp\/v2\/product_cat?post=14017"},{"taxonomy":"product_tag","embeddable":true,"href":"https:\/\/naturalpoland.com\/it\/wp-json\/wp\/v2\/product_tag?post=14017"}],"curies":[{"name":"wp","href":"https:\/\/api.w.org\/{rel}","templated":true}]}}