{"id":14021,"date":"2021-05-11T13:42:57","date_gmt":"2021-11-04T10:57:57","guid":{"rendered":"https:\/\/naturalpoland.pl\/produkty\/senza-categoria\/argilla\/"},"modified":"2024-10-10T11:42:37","modified_gmt":"2024-10-10T09:42:37","slug":"argilla-bianco","status":"publish","type":"product","link":"https:\/\/naturalpoland.com\/it\/produkty\/prodotti-per-industria-cosmetica\/argille\/argilla-bianco\/","title":{"rendered":"Argilla"},"content":{"rendered":"<h2>Propriet\u00e0 dell&#8217;argilla bianca<\/h2>\n<p>Grazie alle sue propriet\u00e0 detergenti e disinfettanti, viene spesso utilizzato nei prodotti dedicati alle pelli problematiche. Ha la capacit\u00e0 di assorbire le impurit\u00e0 e il sebo in eccesso e lascia la pelle pulita e opaca. Il contenuto di silicato di alluminio e altri minerali aiuta ad accelerare la guarigione delle lesioni cutanee, riducendo le piccole imperfezioni.  <\/p>\n<h2>Applicazione<\/h2>\n<p>L&#8217;argilla bianca \u00e8 versatile nei prodotti per la cura della pelle di viso, corpo e capelli. Sotto forma di maschera per il viso, \u00e8 ideale per pulire i pori in profondit\u00e0, eliminare le impurit\u00e0 e lenire le infiammazioni. Pu\u00f2 anche essere utilizzata come base per maschere fai-da-te, che possono essere arricchite con oli vegetali, idrolati o estratti di piante per potenziarne ulteriormente le propriet\u00e0 idratanti, sbiancanti o anti-acne. Grazie alle sue propriet\u00e0 esfolianti, l&#8217;argilla bianca viene utilizzata anche come scrub delicato per la pulizia quotidiana della pelle e, se abbinata all&#8217;olio di babassu o all&#8217;idrolato di rosa, costituisce un&#8217;efficace barretta struccante. Pu\u00f2 essere utilizzata anche per la cura del cuoio capelluto: ha un effetto purificante, regola la produzione di sebo e migliora la condizione dei capelli, soprattutto di quelli grassi e deboli. L&#8217;argilla bianca \u00e8 consigliata per maschere, polveri da bagno e impacchi per il corpo. Grazie alla sua delicatezza, non irrita la pelle e pu\u00f2 essere utilizzata regolarmente, anche tutti i giorni, dalle persone con pelle grassa e mista.  <\/p>\n<h2>Come preparare una maschera all&#8217;argilla bianca?<\/h2>\n<p>Per preparare una maschera all&#8217;argilla bianca \u00e8 sufficiente mescolarla con <strong><a href=\"https:\/\/naturalpoland.com\/kategoria\/produkty-dla-przemyslu-kosmetycznego\/hydrolaty\/\">idrolato<\/a><\/strong> o acqua bollita fino a raggiungere la consistenza di una pasta densa. Per un effetto idratante extra, puoi aggiungere qualche goccia di olio vegetale naturale. Applica la maschera sulla pelle leggermente inumidita, evitando il contorno occhi, e lasciala in posa per 10-15 minuti, facendo attenzione a non farla seccare. Spruzzare il viso con un idrolato durante l&#8217;applicazione aiuta a mantenere l&#8217;effetto ottimale dell&#8217;argilla sulla pelle. Una volta terminato il trattamento, risciacqua il viso con acqua tiepida e poi applica la tua crema o il tuo siero preferito.    <\/p>\n<h3><\/h3>\n","protected":false},"excerpt":{"rendered":"<p>L&#8217;argilla bianca (caolino) \u00e8 una materia prima naturale con applicazioni cosmetiche. Si presenta come silicato di alluminio puro ed \u00e8 una delle argille pi\u00f9 delicate. \u00c8 ricca di micro e macroelementi come silicio, magnesio, calcio, ferro, potassio e sodio.  <\/p>\n<h3><\/h3>\n","protected":false},"featured_media":36351,"template":"","meta":[],"product_brand":[],"product_cat":[1524],"product_tag":[],"class_list":{"0":"post-14021","1":"product","2":"type-product","3":"status-publish","4":"has-post-thumbnail","6":"product_cat-argille","8":"first","9":"instock","10":"shipping-taxable","11":"product-type-simple"},"yoast_head":"<!-- This site is optimized with the Yoast SEO plugin v27.3 - https:\/\/yoast.com\/product\/yoast-seo-wordpress\/ -->\n<title>Argilla - NATURAL POLAND - Distributore all&#039;ingrosso di materie prime<\/title>\n<meta name=\"description\" content=\"L&#039;argilla bianca, nota anche come caolino, \u00e8 un ingrediente indispensabile per la cura della pelle e dei capelli. L&#039;argilla bianca \u00e8 un prodotto naturale.\" \/>\n<meta name=\"robots\" content=\"index, follow, max-snippet:-1, max-image-preview:large, max-video-preview:-1\" \/>\n<link rel=\"canonical\" href=\"https:\/\/naturalpoland.com\/it\/produkty\/prodotti-per-industria-cosmetica\/argille\/argilla-bianco\/\" \/>\n<meta property=\"og:locale\" content=\"it_IT\" \/>\n<meta property=\"og:type\" content=\"article\" \/>\n<meta property=\"og:title\" content=\"Argilla - NATURAL POLAND - Distributore all&#039;ingrosso di materie prime\" \/>\n<meta property=\"og:description\" content=\"L&#039;argilla bianca, nota anche come caolino, \u00e8 un ingrediente indispensabile per la cura della pelle e dei capelli. L&#039;argilla bianca \u00e8 un prodotto naturale.\" \/>\n<meta property=\"og:url\" content=\"https:\/\/naturalpoland.com\/it\/produkty\/prodotti-per-industria-cosmetica\/argille\/argilla-bianco\/\" \/>\n<meta property=\"og:site_name\" content=\"NATURAL POLAND - Distributore all&#039;ingrosso di materie prime\" \/>\n<meta property=\"article:publisher\" content=\"https:\/\/www.facebook.com\/naturalpoland.b2b\" \/>\n<meta property=\"article:modified_time\" content=\"2024-10-10T09:42:37+00:00\" \/>\n<meta property=\"og:image\" content=\"https:\/\/naturalpoland.com\/wp-content\/uploads\/biala-glinka.webp\" \/>\n\t<meta property=\"og:image:width\" content=\"700\" \/>\n\t<meta property=\"og:image:height\" content=\"700\" \/>\n\t<meta property=\"og:image:type\" content=\"image\/webp\" \/>\n<script type=\"application\/ld+json\" class=\"yoast-schema-graph\">{\"@context\":\"https:\\\/\\\/schema.org\",\"@graph\":[{\"@type\":\"WebPage\",\"@id\":\"https:\\\/\\\/naturalpoland.com\\\/it\\\/produkty\\\/prodotti-per-industria-cosmetica\\\/argille\\\/argilla-bianco\\\/\",\"url\":\"https:\\\/\\\/naturalpoland.com\\\/it\\\/produkty\\\/prodotti-per-industria-cosmetica\\\/argille\\\/argilla-bianco\\\/\",\"name\":\"Argilla - NATURAL POLAND - Distributore all'ingrosso di materie prime\",\"isPartOf\":{\"@id\":\"https:\\\/\\\/naturalpoland.com\\\/it\\\/#website\"},\"primaryImageOfPage\":{\"@id\":\"https:\\\/\\\/naturalpoland.com\\\/it\\\/produkty\\\/prodotti-per-industria-cosmetica\\\/argille\\\/argilla-bianco\\\/#primaryimage\"},\"image\":{\"@id\":\"https:\\\/\\\/naturalpoland.com\\\/it\\\/produkty\\\/prodotti-per-industria-cosmetica\\\/argille\\\/argilla-bianco\\\/#primaryimage\"},\"thumbnailUrl\":\"https:\\\/\\\/naturalpoland.com\\\/wp-content\\\/uploads\\\/biala-glinka.webp\",\"datePublished\":\"2021-11-04T10:57:57+00:00\",\"dateModified\":\"2024-10-10T09:42:37+00:00\",\"description\":\"L'argilla bianca, nota anche come caolino, \u00e8 un ingrediente indispensabile per la cura della pelle e dei capelli. L'argilla bianca \u00e8 un prodotto naturale.\",\"breadcrumb\":{\"@id\":\"https:\\\/\\\/naturalpoland.com\\\/it\\\/produkty\\\/prodotti-per-industria-cosmetica\\\/argille\\\/argilla-bianco\\\/#breadcrumb\"},\"inLanguage\":\"it-IT\",\"potentialAction\":[{\"@type\":\"ReadAction\",\"target\":[\"https:\\\/\\\/naturalpoland.com\\\/it\\\/produkty\\\/prodotti-per-industria-cosmetica\\\/argille\\\/argilla-bianco\\\/\"]}]},{\"@type\":\"ImageObject\",\"inLanguage\":\"it-IT\",\"@id\":\"https:\\\/\\\/naturalpoland.com\\\/it\\\/produkty\\\/prodotti-per-industria-cosmetica\\\/argille\\\/argilla-bianco\\\/#primaryimage\",\"url\":\"https:\\\/\\\/naturalpoland.com\\\/wp-content\\\/uploads\\\/biala-glinka.webp\",\"contentUrl\":\"https:\\\/\\\/naturalpoland.com\\\/wp-content\\\/uploads\\\/biala-glinka.webp\",\"width\":700,\"height\":700,\"caption\":\"bia\u0142a glinka kosmetyczna\"},{\"@type\":\"BreadcrumbList\",\"@id\":\"https:\\\/\\\/naturalpoland.com\\\/it\\\/produkty\\\/prodotti-per-industria-cosmetica\\\/argille\\\/argilla-bianco\\\/#breadcrumb\",\"itemListElement\":[{\"@type\":\"ListItem\",\"position\":1,\"name\":\"Home\",\"item\":\"https:\\\/\\\/naturalpoland.com\\\/it\\\/\"},{\"@type\":\"ListItem\",\"position\":2,\"name\":\"Prodotti\",\"item\":\"https:\\\/\\\/naturalpoland.com\\\/it\\\/prodotti\\\/\"},{\"@type\":\"ListItem\",\"position\":3,\"name\":\"Argilla\"}]},{\"@type\":\"WebSite\",\"@id\":\"https:\\\/\\\/naturalpoland.com\\\/it\\\/#website\",\"url\":\"https:\\\/\\\/naturalpoland.com\\\/it\\\/\",\"name\":\"NATURAL POLAND - Distributore all'ingrosso di materie prime\",\"description\":\"Surowce dla przemys\u0142u spo\u017cywczego, kosmetycznego i farmaceutycznego\",\"publisher\":{\"@id\":\"https:\\\/\\\/naturalpoland.com\\\/it\\\/#organization\"},\"potentialAction\":[{\"@type\":\"SearchAction\",\"target\":{\"@type\":\"EntryPoint\",\"urlTemplate\":\"https:\\\/\\\/naturalpoland.com\\\/it\\\/?s={search_term_string}\"},\"query-input\":{\"@type\":\"PropertyValueSpecification\",\"valueRequired\":true,\"valueName\":\"search_term_string\"}}],\"inLanguage\":\"it-IT\"},{\"@type\":\"Organization\",\"@id\":\"https:\\\/\\\/naturalpoland.com\\\/it\\\/#organization\",\"name\":\"Natural Poland\",\"url\":\"https:\\\/\\\/naturalpoland.com\\\/it\\\/\",\"logo\":{\"@type\":\"ImageObject\",\"inLanguage\":\"it-IT\",\"@id\":\"https:\\\/\\\/naturalpoland.com\\\/it\\\/#\\\/schema\\\/logo\\\/image\\\/\",\"url\":\"https:\\\/\\\/naturalpoland.com\\\/wp-content\\\/uploads\\\/2021\\\/05\\\/natural-poland-icon.png\",\"contentUrl\":\"https:\\\/\\\/naturalpoland.com\\\/wp-content\\\/uploads\\\/2021\\\/05\\\/natural-poland-icon.png\",\"width\":512,\"height\":512,\"caption\":\"Natural Poland\"},\"image\":{\"@id\":\"https:\\\/\\\/naturalpoland.com\\\/it\\\/#\\\/schema\\\/logo\\\/image\\\/\"},\"sameAs\":[\"https:\\\/\\\/www.facebook.com\\\/naturalpoland.b2b\",\"https:\\\/\\\/pl.linkedin.com\\\/company\\\/natural-poland\",\"https:\\\/\\\/www.youtube.com\\\/channel\\\/UCgeGGkvOMahZo-xu_MSEWxg\"]}]}<\/script>\n<!-- \/ Yoast SEO plugin. -->","yoast_head_json":{"title":"Argilla - NATURAL POLAND - Distributore all'ingrosso di materie prime","description":"L'argilla bianca, nota anche come caolino, \u00e8 un ingrediente indispensabile per la cura della pelle e dei capelli. L'argilla bianca \u00e8 un prodotto naturale.","robots":{"index":"index","follow":"follow","max-snippet":"max-snippet:-1","max-image-preview":"max-image-preview:large","max-video-preview":"max-video-preview:-1"},"canonical":"https:\/\/naturalpoland.com\/it\/produkty\/prodotti-per-industria-cosmetica\/argille\/argilla-bianco\/","og_locale":"it_IT","og_type":"article","og_title":"Argilla - NATURAL POLAND - Distributore all'ingrosso di materie prime","og_description":"L'argilla bianca, nota anche come caolino, \u00e8 un ingrediente indispensabile per la cura della pelle e dei capelli. L'argilla bianca \u00e8 un prodotto naturale.","og_url":"https:\/\/naturalpoland.com\/it\/produkty\/prodotti-per-industria-cosmetica\/argille\/argilla-bianco\/","og_site_name":"NATURAL POLAND - Distributore all'ingrosso di materie prime","article_publisher":"https:\/\/www.facebook.com\/naturalpoland.b2b","article_modified_time":"2024-10-10T09:42:37+00:00","og_image":[{"width":700,"height":700,"url":"https:\/\/naturalpoland.com\/wp-content\/uploads\/biala-glinka.webp","type":"image\/webp"}],"schema":{"@context":"https:\/\/schema.org","@graph":[{"@type":"WebPage","@id":"https:\/\/naturalpoland.com\/it\/produkty\/prodotti-per-industria-cosmetica\/argille\/argilla-bianco\/","url":"https:\/\/naturalpoland.com\/it\/produkty\/prodotti-per-industria-cosmetica\/argille\/argilla-bianco\/","name":"Argilla - NATURAL POLAND - Distributore all'ingrosso di materie prime","isPartOf":{"@id":"https:\/\/naturalpoland.com\/it\/#website"},"primaryImageOfPage":{"@id":"https:\/\/naturalpoland.com\/it\/produkty\/prodotti-per-industria-cosmetica\/argille\/argilla-bianco\/#primaryimage"},"image":{"@id":"https:\/\/naturalpoland.com\/it\/produkty\/prodotti-per-industria-cosmetica\/argille\/argilla-bianco\/#primaryimage"},"thumbnailUrl":"https:\/\/naturalpoland.com\/wp-content\/uploads\/biala-glinka.webp","datePublished":"2021-11-04T10:57:57+00:00","dateModified":"2024-10-10T09:42:37+00:00","description":"L'argilla bianca, nota anche come caolino, \u00e8 un ingrediente indispensabile per la cura della pelle e dei capelli. L'argilla bianca \u00e8 un prodotto naturale.","breadcrumb":{"@id":"https:\/\/naturalpoland.com\/it\/produkty\/prodotti-per-industria-cosmetica\/argille\/argilla-bianco\/#breadcrumb"},"inLanguage":"it-IT","potentialAction":[{"@type":"ReadAction","target":["https:\/\/naturalpoland.com\/it\/produkty\/prodotti-per-industria-cosmetica\/argille\/argilla-bianco\/"]}]},{"@type":"ImageObject","inLanguage":"it-IT","@id":"https:\/\/naturalpoland.com\/it\/produkty\/prodotti-per-industria-cosmetica\/argille\/argilla-bianco\/#primaryimage","url":"https:\/\/naturalpoland.com\/wp-content\/uploads\/biala-glinka.webp","contentUrl":"https:\/\/naturalpoland.com\/wp-content\/uploads\/biala-glinka.webp","width":700,"height":700,"caption":"bia\u0142a glinka kosmetyczna"},{"@type":"BreadcrumbList","@id":"https:\/\/naturalpoland.com\/it\/produkty\/prodotti-per-industria-cosmetica\/argille\/argilla-bianco\/#breadcrumb","itemListElement":[{"@type":"ListItem","position":1,"name":"Home","item":"https:\/\/naturalpoland.com\/it\/"},{"@type":"ListItem","position":2,"name":"Prodotti","item":"https:\/\/naturalpoland.com\/it\/prodotti\/"},{"@type":"ListItem","position":3,"name":"Argilla"}]},{"@type":"WebSite","@id":"https:\/\/naturalpoland.com\/it\/#website","url":"https:\/\/naturalpoland.com\/it\/","name":"NATURAL POLAND - Distributore all'ingrosso di materie prime","description":"Surowce dla przemys\u0142u spo\u017cywczego, kosmetycznego i farmaceutycznego","publisher":{"@id":"https:\/\/naturalpoland.com\/it\/#organization"},"potentialAction":[{"@type":"SearchAction","target":{"@type":"EntryPoint","urlTemplate":"https:\/\/naturalpoland.com\/it\/?s={search_term_string}"},"query-input":{"@type":"PropertyValueSpecification","valueRequired":true,"valueName":"search_term_string"}}],"inLanguage":"it-IT"},{"@type":"Organization","@id":"https:\/\/naturalpoland.com\/it\/#organization","name":"Natural Poland","url":"https:\/\/naturalpoland.com\/it\/","logo":{"@type":"ImageObject","inLanguage":"it-IT","@id":"https:\/\/naturalpoland.com\/it\/#\/schema\/logo\/image\/","url":"https:\/\/naturalpoland.com\/wp-content\/uploads\/2021\/05\/natural-poland-icon.png","contentUrl":"https:\/\/naturalpoland.com\/wp-content\/uploads\/2021\/05\/natural-poland-icon.png","width":512,"height":512,"caption":"Natural Poland"},"image":{"@id":"https:\/\/naturalpoland.com\/it\/#\/schema\/logo\/image\/"},"sameAs":["https:\/\/www.facebook.com\/naturalpoland.b2b","https:\/\/pl.linkedin.com\/company\/natural-poland","https:\/\/www.youtube.com\/channel\/UCgeGGkvOMahZo-xu_MSEWxg"]}]}},"_links":{"self":[{"href":"https:\/\/naturalpoland.com\/it\/wp-json\/wp\/v2\/product\/14021","targetHints":{"allow":["GET"]}}],"collection":[{"href":"https:\/\/naturalpoland.com\/it\/wp-json\/wp\/v2\/product"}],"about":[{"href":"https:\/\/naturalpoland.com\/it\/wp-json\/wp\/v2\/types\/product"}],"wp:featuredmedia":[{"embeddable":true,"href":"https:\/\/naturalpoland.com\/it\/wp-json\/wp\/v2\/media\/36351"}],"wp:attachment":[{"href":"https:\/\/naturalpoland.com\/it\/wp-json\/wp\/v2\/media?parent=14021"}],"wp:term":[{"taxonomy":"product_brand","embeddable":true,"href":"https:\/\/naturalpoland.com\/it\/wp-json\/wp\/v2\/product_brand?post=14021"},{"taxonomy":"product_cat","embeddable":true,"href":"https:\/\/naturalpoland.com\/it\/wp-json\/wp\/v2\/product_cat?post=14021"},{"taxonomy":"product_tag","embeddable":true,"href":"https:\/\/naturalpoland.com\/it\/wp-json\/wp\/v2\/product_tag?post=14021"}],"curies":[{"name":"wp","href":"https:\/\/api.w.org\/{rel}","templated":true}]}}