{"id":14098,"date":"2021-05-11T13:44:59","date_gmt":"2021-05-11T11:44:59","guid":{"rendered":"https:\/\/naturalpoland.pl\/produkty\/senza-categoria\/ialuronato-di-sodio\/"},"modified":"2026-02-05T12:10:47","modified_gmt":"2026-02-05T11:10:47","slug":"acido-ialuronico","status":"publish","type":"product","link":"https:\/\/naturalpoland.com\/it\/produkty\/prodotti-per-industria-farmaceutica-e-medica\/additivi-per-integratori\/acido-ialuronico\/","title":{"rendered":"Ialuronato di sodio"},"content":{"rendered":"<p>L&#8217;ialuronato di sodio \u00e8 un componente in molti prodotti cosmetici e medici, grazie alle sue uniche <strong>propriet\u00e0 di ritenzione idrica<\/strong>, che fornisce idratazione e compattezza alla pelle. Il suo utilizzo \u00e8 ampio e la comprensione delle diverse forme di ialuronato di sodio ti aiuter\u00e0 a scegliere il prodotto migliore per le tue esigenze specifiche. <\/p>\n<h2>Forme di ialuronato di sodio disponibili nella nostra offerta:<\/h2>\n<p><strong>LMW (Low Molecular Weight):<\/strong><\/p>\n<ul>\n<li>LMW1: 8K Da\u201320K Da<\/li>\n<li>LMW2: 20K Da\u201350K Da<\/li>\n<li>LMW3: 50K Da\u2013100K Da<\/li>\n<\/ul>\n<p>Queste molecole sono pi\u00f9 piccole, il che facilita la loro penetrazione negli strati pi\u00f9 profondi della pelle, offrendo un&#8217;idratazione intensa e stimolando la produzione di acido ialuronico proprio dell&#8217;organismo.<\/p>\n<p><strong>CLMW (Cross-linked Low Molecular Weight):<\/strong><\/p>\n<ul>\n<li>100K~500K Da<\/li>\n<\/ul>\n<p>Crea reti molecolari pi\u00f9 forti e durature che trattengono l&#8217;umidit\u00e0 nella pelle pi\u00f9 a lungo, garantendo effetti idratanti a lungo termine.<\/p>\n<p><strong>CMMW (Medium Molecular Weight):<\/strong><\/p>\n<ul>\n<li>0.5M~0.8M Da<\/li>\n<\/ul>\n<p>Un equilibrio ideale tra penetrazione e idratazione a lungo termine, supportando l&#8217;elasticit\u00e0 della pelle e la sua capacit\u00e0 di rigenerazione.<\/p>\n<p><strong>MMW (Medium to High Molecular Weight):<\/strong><\/p>\n<ul>\n<li>0.8M~1.5M Da<\/li>\n<\/ul>\n<p>Azione concentrata sulla superficie della pelle, creando una barriera protettiva contro i fattori esterni dannosi.<\/p>\n<p><strong>CHMW (Cross-linked High Molecular Weight):<\/strong><\/p>\n<ul>\n<li>1.5M~1.8M Da<\/li>\n<\/ul>\n<p>Fornisce eccezionali propriet\u00e0 viscoelastiche, particolarmente preziose nei prodotti ortopedici e oftalmici.<\/p>\n<p><strong>HMW (High Molecular Weight):<\/strong><\/p>\n<ul>\n<li>1.8M~3.0M Da<\/li>\n<\/ul>\n<p>Offre la massima protezione e le pi\u00f9 forti propriet\u00e0 filmogene, ideale per applicazioni su pelle molto secca e danneggiata.<\/p>\n<h2>Applicazione dell&#8217;ialuronato di sodio:<\/h2>\n<ol>\n<li><strong>Cosmetica:<\/strong>\n<ul>\n<li>Come additivo in creme, lozioni, sieri e maschere, l&#8217;ialuronato di sodio idrata intensamente, leviga e migliora la condizione generale della pelle.<\/li>\n<li>Utilizzato anche nei prodotti antiet\u00e0, aiuta a ridurre le linee sottili e le rughe.<\/li>\n<\/ul>\n<\/li>\n<li><strong>Medicina estetica e ortopedia:<\/strong>\n<ul>\n<li>Come componente di preparati che alleviano i disturbi articolari.<\/li>\n<li>Grazie alle sue propriet\u00e0 viscoelastiche, \u00e8 utilizzato anche in chirurgia oculare e nel trattamento delle malattie reumatiche.<\/li>\n<\/ul>\n<\/li>\n<li><strong>Applicazioni farmaceutiche:<\/strong>\n<ul>\n<li>Nei preparati per gli occhi e nei prodotti che supportano la guarigione delle ferite.<\/li>\n<\/ul>\n<\/li>\n<\/ol>\n<p>L&#8217;ialuronato di sodio, grazie alla sua azione versatile, non \u00e8 solo un efficace ingrediente cosmetico, ma anche un prezioso composto in medicina. I prodotti con diverse masse molecolari consentono di adattare l&#8217;effetto d&#8217;azione a esigenze specifiche, fornendo sia idratazione immediata che effetti anti-et\u00e0 a lungo termine. <\/p>\n<p>Vedi anche: <strong><a href=\"https:\/\/naturalpoland.com\/it\/produkty\/prodotti-per-industria-cosmetica\/materie-prime-cosmetiche\/acido-ialuronico-soluzione-1\/\">Soluzione di acido ialuronico (Gel ialuronico) &#8211; Concentrazioni disponibili: 1%, 1,5%, 3%, 5%, 7%.<\/a><\/strong><\/p>\n<p>&nbsp;<\/p>\n<h2>Ialuronato di sodio di grado alimentare (Food Grade MMW)<\/h2>\n<p>L&#8217;ialuronato di sodio di grado alimentare ha un peso molecolare medio di 0,8\u20131,5 MDa. Proviene dalla fermentazione di <em>Streptococcus zooepidemicus<\/em>. \u00c8 un sale dell&#8217;acido ialuronico. <\/p>\n<p>\u00c8 caratterizzato da eccellente solubilit\u00e0 in acqua, assenza di odore e altissima trasparenza della soluzione. Contiene un minimo del 95% di ialuronato di sodio puro e almeno il 46% di acido glucuronico, che sono componenti biologicamente attivi chiave. Ha un&#8217;elevata stabilit\u00e0 termica, non contiene OGM, non \u00e8 di origine animale ed \u00e8 conforme ai requisiti per vegani e vegetariani.  <\/p>\n<p><strong data-start=\"182\" data-end=\"237\">L&#8217;acido ialuronico alimentare (sotto forma di sale di sodio)<\/strong> \u00e8 utilizzato negli integratori alimentari, nei prodotti nutraceutici e negli alimenti salutari. Dopo l&#8217;ingestione, pu\u00f2 aumentare i livelli di acido ialuronico nel corpo, influenzando positivamente l&#8217;idratazione della pelle, la sua elasticit\u00e0 e morbidezza. Agisce anche in modo protettivo sulle articolazioni, ritarda i processi di invecchiamento, supporta la prevenzione dell&#8217;aterosclerosi e pu\u00f2 mostrare propriet\u00e0 neuroprotettive. L&#8217;uso orale supporta anche le funzioni del sistema circolatorio e pu\u00f2 prevenire cambiamenti cerebrali degenerativi.   <\/p>\n<p>Il prodotto si distingue per la rapida dissoluzione, la possibilit\u00e0 di controllare la densit\u00e0 apparente e l&#8217;elevata purezza microbiologica. \u00c8 raccomandato per l&#8217;uso in capsule, polveri e compresse come ingrediente attivo idratante e di supporto alla rigenerazione dei tessuti. <\/p>\n","protected":false},"excerpt":{"rendered":"<h4><strong>L&#8217;ialuronato di sodio<\/strong>, conosciuto anche come <strong>acido ialuronico<\/strong>, \u00e8 un ingrediente multifunzionale a supporto della salute e della bellezza.<\/h4>\n","protected":false},"featured_media":38931,"template":"","meta":{"_acf_changed":false},"product_brand":[],"product_cat":[1530,1522],"product_tag":[],"class_list":{"0":"post-14098","1":"product","2":"type-product","3":"status-publish","4":"has-post-thumbnail","6":"product_cat-additivi-per-integratori","7":"product_cat-materie-prime-cosmetiche","9":"first","10":"instock","11":"shipping-taxable","12":"product-type-simple"},"acf":[],"yoast_head":"<!-- This site is optimized with the Yoast SEO plugin v27.5 - https:\/\/yoast.com\/product\/yoast-seo-wordpress\/ -->\n<title>Ialuronato di sodio - NATURAL POLAND - Distributore all&#039;ingrosso di materie prime<\/title>\n<meta name=\"description\" content=\"L&#039;ialuronato di sodio \u00e8 una sostanza multifunzionale, conosciuta anche come acido ialuronico, che \u00e8 un ingrediente indispensabile a supporto della salute e della bellezza.\" \/>\n<meta name=\"robots\" content=\"index, follow, max-snippet:-1, max-image-preview:large, max-video-preview:-1\" \/>\n<link rel=\"canonical\" href=\"https:\/\/naturalpoland.com\/it\/produkty\/prodotti-per-industria-farmaceutica-e-medica\/additivi-per-integratori\/acido-ialuronico\/\" \/>\n<meta property=\"og:locale\" content=\"it_IT\" \/>\n<meta property=\"og:type\" content=\"article\" \/>\n<meta property=\"og:title\" content=\"Ialuronato di sodio - NATURAL POLAND - Distributore all&#039;ingrosso di materie prime\" \/>\n<meta property=\"og:description\" content=\"L&#039;ialuronato di sodio \u00e8 una sostanza multifunzionale, conosciuta anche come acido ialuronico, che \u00e8 un ingrediente indispensabile a supporto della salute e della bellezza.\" \/>\n<meta property=\"og:url\" content=\"https:\/\/naturalpoland.com\/it\/produkty\/prodotti-per-industria-farmaceutica-e-medica\/additivi-per-integratori\/acido-ialuronico\/\" \/>\n<meta property=\"og:site_name\" content=\"NATURAL POLAND - Distributore all&#039;ingrosso di materie prime\" \/>\n<meta property=\"article:publisher\" content=\"https:\/\/www.facebook.com\/naturalpoland.b2b\" \/>\n<meta property=\"article:modified_time\" content=\"2026-02-05T11:10:47+00:00\" \/>\n<meta property=\"og:image\" content=\"https:\/\/naturalpoland.com\/wp-content\/uploads\/hialuronian-sodu.webp\" \/>\n\t<meta property=\"og:image:width\" content=\"590\" \/>\n\t<meta property=\"og:image:height\" content=\"590\" \/>\n\t<meta property=\"og:image:type\" content=\"image\/webp\" \/>\n<script type=\"application\/ld+json\" class=\"yoast-schema-graph\">{\"@context\":\"https:\\\/\\\/schema.org\",\"@graph\":[{\"@type\":\"WebPage\",\"@id\":\"https:\\\/\\\/naturalpoland.com\\\/it\\\/produkty\\\/prodotti-per-industria-farmaceutica-e-medica\\\/additivi-per-integratori\\\/acido-ialuronico\\\/\",\"url\":\"https:\\\/\\\/naturalpoland.com\\\/it\\\/produkty\\\/prodotti-per-industria-farmaceutica-e-medica\\\/additivi-per-integratori\\\/acido-ialuronico\\\/\",\"name\":\"Ialuronato di sodio - NATURAL POLAND - Distributore all'ingrosso di materie prime\",\"isPartOf\":{\"@id\":\"https:\\\/\\\/naturalpoland.com\\\/it\\\/#website\"},\"primaryImageOfPage\":{\"@id\":\"https:\\\/\\\/naturalpoland.com\\\/it\\\/produkty\\\/prodotti-per-industria-farmaceutica-e-medica\\\/additivi-per-integratori\\\/acido-ialuronico\\\/#primaryimage\"},\"image\":{\"@id\":\"https:\\\/\\\/naturalpoland.com\\\/it\\\/produkty\\\/prodotti-per-industria-farmaceutica-e-medica\\\/additivi-per-integratori\\\/acido-ialuronico\\\/#primaryimage\"},\"thumbnailUrl\":\"https:\\\/\\\/naturalpoland.com\\\/wp-content\\\/uploads\\\/hialuronian-sodu.webp\",\"datePublished\":\"2021-05-11T11:44:59+00:00\",\"dateModified\":\"2026-02-05T11:10:47+00:00\",\"description\":\"L'ialuronato di sodio \u00e8 una sostanza multifunzionale, conosciuta anche come acido ialuronico, che \u00e8 un ingrediente indispensabile a supporto della salute e della bellezza.\",\"breadcrumb\":{\"@id\":\"https:\\\/\\\/naturalpoland.com\\\/it\\\/produkty\\\/prodotti-per-industria-farmaceutica-e-medica\\\/additivi-per-integratori\\\/acido-ialuronico\\\/#breadcrumb\"},\"inLanguage\":\"it-IT\",\"potentialAction\":[{\"@type\":\"ReadAction\",\"target\":[\"https:\\\/\\\/naturalpoland.com\\\/it\\\/produkty\\\/prodotti-per-industria-farmaceutica-e-medica\\\/additivi-per-integratori\\\/acido-ialuronico\\\/\"]}]},{\"@type\":\"ImageObject\",\"inLanguage\":\"it-IT\",\"@id\":\"https:\\\/\\\/naturalpoland.com\\\/it\\\/produkty\\\/prodotti-per-industria-farmaceutica-e-medica\\\/additivi-per-integratori\\\/acido-ialuronico\\\/#primaryimage\",\"url\":\"https:\\\/\\\/naturalpoland.com\\\/wp-content\\\/uploads\\\/hialuronian-sodu.webp\",\"contentUrl\":\"https:\\\/\\\/naturalpoland.com\\\/wp-content\\\/uploads\\\/hialuronian-sodu.webp\",\"width\":590,\"height\":590,\"caption\":\"ialuronato di sodio\"},{\"@type\":\"BreadcrumbList\",\"@id\":\"https:\\\/\\\/naturalpoland.com\\\/it\\\/produkty\\\/prodotti-per-industria-farmaceutica-e-medica\\\/additivi-per-integratori\\\/acido-ialuronico\\\/#breadcrumb\",\"itemListElement\":[{\"@type\":\"ListItem\",\"position\":1,\"name\":\"Home\",\"item\":\"https:\\\/\\\/naturalpoland.com\\\/it\\\/\"},{\"@type\":\"ListItem\",\"position\":2,\"name\":\"Prodotti\",\"item\":\"https:\\\/\\\/naturalpoland.com\\\/it\\\/prodotti\\\/\"},{\"@type\":\"ListItem\",\"position\":3,\"name\":\"Ialuronato di sodio\"}]},{\"@type\":\"WebSite\",\"@id\":\"https:\\\/\\\/naturalpoland.com\\\/it\\\/#website\",\"url\":\"https:\\\/\\\/naturalpoland.com\\\/it\\\/\",\"name\":\"NATURAL POLAND - Distributore all'ingrosso di materie prime\",\"description\":\"Surowce dla przemys\u0142u spo\u017cywczego, kosmetycznego i farmaceutycznego\",\"publisher\":{\"@id\":\"https:\\\/\\\/naturalpoland.com\\\/it\\\/#organization\"},\"potentialAction\":[{\"@type\":\"SearchAction\",\"target\":{\"@type\":\"EntryPoint\",\"urlTemplate\":\"https:\\\/\\\/naturalpoland.com\\\/it\\\/?s={search_term_string}\"},\"query-input\":{\"@type\":\"PropertyValueSpecification\",\"valueRequired\":true,\"valueName\":\"search_term_string\"}}],\"inLanguage\":\"it-IT\"},{\"@type\":\"Organization\",\"@id\":\"https:\\\/\\\/naturalpoland.com\\\/it\\\/#organization\",\"name\":\"Natural Poland\",\"url\":\"https:\\\/\\\/naturalpoland.com\\\/it\\\/\",\"logo\":{\"@type\":\"ImageObject\",\"inLanguage\":\"it-IT\",\"@id\":\"https:\\\/\\\/naturalpoland.com\\\/it\\\/#\\\/schema\\\/logo\\\/image\\\/\",\"url\":\"https:\\\/\\\/naturalpoland.com\\\/wp-content\\\/uploads\\\/2021\\\/05\\\/natural-poland-icon.png\",\"contentUrl\":\"https:\\\/\\\/naturalpoland.com\\\/wp-content\\\/uploads\\\/2021\\\/05\\\/natural-poland-icon.png\",\"width\":512,\"height\":512,\"caption\":\"Natural Poland\"},\"image\":{\"@id\":\"https:\\\/\\\/naturalpoland.com\\\/it\\\/#\\\/schema\\\/logo\\\/image\\\/\"},\"sameAs\":[\"https:\\\/\\\/www.facebook.com\\\/naturalpoland.b2b\",\"https:\\\/\\\/pl.linkedin.com\\\/company\\\/natural-poland\",\"https:\\\/\\\/www.youtube.com\\\/channel\\\/UCgeGGkvOMahZo-xu_MSEWxg\"]}]}<\/script>\n<!-- \/ Yoast SEO plugin. -->","yoast_head_json":{"title":"Ialuronato di sodio - NATURAL POLAND - Distributore all'ingrosso di materie prime","description":"L'ialuronato di sodio \u00e8 una sostanza multifunzionale, conosciuta anche come acido ialuronico, che \u00e8 un ingrediente indispensabile a supporto della salute e della bellezza.","robots":{"index":"index","follow":"follow","max-snippet":"max-snippet:-1","max-image-preview":"max-image-preview:large","max-video-preview":"max-video-preview:-1"},"canonical":"https:\/\/naturalpoland.com\/it\/produkty\/prodotti-per-industria-farmaceutica-e-medica\/additivi-per-integratori\/acido-ialuronico\/","og_locale":"it_IT","og_type":"article","og_title":"Ialuronato di sodio - NATURAL POLAND - Distributore all'ingrosso di materie prime","og_description":"L'ialuronato di sodio \u00e8 una sostanza multifunzionale, conosciuta anche come acido ialuronico, che \u00e8 un ingrediente indispensabile a supporto della salute e della bellezza.","og_url":"https:\/\/naturalpoland.com\/it\/produkty\/prodotti-per-industria-farmaceutica-e-medica\/additivi-per-integratori\/acido-ialuronico\/","og_site_name":"NATURAL POLAND - Distributore all'ingrosso di materie prime","article_publisher":"https:\/\/www.facebook.com\/naturalpoland.b2b","article_modified_time":"2026-02-05T11:10:47+00:00","og_image":[{"width":590,"height":590,"url":"https:\/\/naturalpoland.com\/wp-content\/uploads\/hialuronian-sodu.webp","type":"image\/webp"}],"schema":{"@context":"https:\/\/schema.org","@graph":[{"@type":"WebPage","@id":"https:\/\/naturalpoland.com\/it\/produkty\/prodotti-per-industria-farmaceutica-e-medica\/additivi-per-integratori\/acido-ialuronico\/","url":"https:\/\/naturalpoland.com\/it\/produkty\/prodotti-per-industria-farmaceutica-e-medica\/additivi-per-integratori\/acido-ialuronico\/","name":"Ialuronato di sodio - NATURAL POLAND - Distributore all'ingrosso di materie prime","isPartOf":{"@id":"https:\/\/naturalpoland.com\/it\/#website"},"primaryImageOfPage":{"@id":"https:\/\/naturalpoland.com\/it\/produkty\/prodotti-per-industria-farmaceutica-e-medica\/additivi-per-integratori\/acido-ialuronico\/#primaryimage"},"image":{"@id":"https:\/\/naturalpoland.com\/it\/produkty\/prodotti-per-industria-farmaceutica-e-medica\/additivi-per-integratori\/acido-ialuronico\/#primaryimage"},"thumbnailUrl":"https:\/\/naturalpoland.com\/wp-content\/uploads\/hialuronian-sodu.webp","datePublished":"2021-05-11T11:44:59+00:00","dateModified":"2026-02-05T11:10:47+00:00","description":"L'ialuronato di sodio \u00e8 una sostanza multifunzionale, conosciuta anche come acido ialuronico, che \u00e8 un ingrediente indispensabile a supporto della salute e della bellezza.","breadcrumb":{"@id":"https:\/\/naturalpoland.com\/it\/produkty\/prodotti-per-industria-farmaceutica-e-medica\/additivi-per-integratori\/acido-ialuronico\/#breadcrumb"},"inLanguage":"it-IT","potentialAction":[{"@type":"ReadAction","target":["https:\/\/naturalpoland.com\/it\/produkty\/prodotti-per-industria-farmaceutica-e-medica\/additivi-per-integratori\/acido-ialuronico\/"]}]},{"@type":"ImageObject","inLanguage":"it-IT","@id":"https:\/\/naturalpoland.com\/it\/produkty\/prodotti-per-industria-farmaceutica-e-medica\/additivi-per-integratori\/acido-ialuronico\/#primaryimage","url":"https:\/\/naturalpoland.com\/wp-content\/uploads\/hialuronian-sodu.webp","contentUrl":"https:\/\/naturalpoland.com\/wp-content\/uploads\/hialuronian-sodu.webp","width":590,"height":590,"caption":"ialuronato di sodio"},{"@type":"BreadcrumbList","@id":"https:\/\/naturalpoland.com\/it\/produkty\/prodotti-per-industria-farmaceutica-e-medica\/additivi-per-integratori\/acido-ialuronico\/#breadcrumb","itemListElement":[{"@type":"ListItem","position":1,"name":"Home","item":"https:\/\/naturalpoland.com\/it\/"},{"@type":"ListItem","position":2,"name":"Prodotti","item":"https:\/\/naturalpoland.com\/it\/prodotti\/"},{"@type":"ListItem","position":3,"name":"Ialuronato di sodio"}]},{"@type":"WebSite","@id":"https:\/\/naturalpoland.com\/it\/#website","url":"https:\/\/naturalpoland.com\/it\/","name":"NATURAL POLAND - Distributore all'ingrosso di materie prime","description":"Surowce dla przemys\u0142u spo\u017cywczego, kosmetycznego i farmaceutycznego","publisher":{"@id":"https:\/\/naturalpoland.com\/it\/#organization"},"potentialAction":[{"@type":"SearchAction","target":{"@type":"EntryPoint","urlTemplate":"https:\/\/naturalpoland.com\/it\/?s={search_term_string}"},"query-input":{"@type":"PropertyValueSpecification","valueRequired":true,"valueName":"search_term_string"}}],"inLanguage":"it-IT"},{"@type":"Organization","@id":"https:\/\/naturalpoland.com\/it\/#organization","name":"Natural Poland","url":"https:\/\/naturalpoland.com\/it\/","logo":{"@type":"ImageObject","inLanguage":"it-IT","@id":"https:\/\/naturalpoland.com\/it\/#\/schema\/logo\/image\/","url":"https:\/\/naturalpoland.com\/wp-content\/uploads\/2021\/05\/natural-poland-icon.png","contentUrl":"https:\/\/naturalpoland.com\/wp-content\/uploads\/2021\/05\/natural-poland-icon.png","width":512,"height":512,"caption":"Natural Poland"},"image":{"@id":"https:\/\/naturalpoland.com\/it\/#\/schema\/logo\/image\/"},"sameAs":["https:\/\/www.facebook.com\/naturalpoland.b2b","https:\/\/pl.linkedin.com\/company\/natural-poland","https:\/\/www.youtube.com\/channel\/UCgeGGkvOMahZo-xu_MSEWxg"]}]}},"_links":{"self":[{"href":"https:\/\/naturalpoland.com\/it\/wp-json\/wp\/v2\/product\/14098","targetHints":{"allow":["GET"]}}],"collection":[{"href":"https:\/\/naturalpoland.com\/it\/wp-json\/wp\/v2\/product"}],"about":[{"href":"https:\/\/naturalpoland.com\/it\/wp-json\/wp\/v2\/types\/product"}],"wp:featuredmedia":[{"embeddable":true,"href":"https:\/\/naturalpoland.com\/it\/wp-json\/wp\/v2\/media\/38931"}],"wp:attachment":[{"href":"https:\/\/naturalpoland.com\/it\/wp-json\/wp\/v2\/media?parent=14098"}],"wp:term":[{"taxonomy":"product_brand","embeddable":true,"href":"https:\/\/naturalpoland.com\/it\/wp-json\/wp\/v2\/product_brand?post=14098"},{"taxonomy":"product_cat","embeddable":true,"href":"https:\/\/naturalpoland.com\/it\/wp-json\/wp\/v2\/product_cat?post=14098"},{"taxonomy":"product_tag","embeddable":true,"href":"https:\/\/naturalpoland.com\/it\/wp-json\/wp\/v2\/product_tag?post=14098"}],"curies":[{"name":"wp","href":"https:\/\/api.w.org\/{rel}","templated":true}]}}