{"id":14122,"date":"2021-05-11T13:45:44","date_gmt":"2021-11-04T10:59:09","guid":{"rendered":"https:\/\/naturalpoland.pl\/produkty\/senza-categoria\/l-treonina\/"},"modified":"2021-11-04T11:59:09","modified_gmt":"2021-11-04T10:59:09","slug":"l-treonina-2","status":"publish","type":"product","link":"https:\/\/naturalpoland.com\/it\/produkty\/prodotti-per-industria-farmaceutica-e-medica\/aminoacidi\/l-treonina-2\/","title":{"rendered":"L-treonina"},"content":{"rendered":"<p>\u00c8 un componente di integratori proteici e integratori di aminoacidi.<\/p>\n<p>Ruolo nei muscoli:<br \/>\nLa L-treonina \u00e8 necessaria per il corretto metabolismo dei grassi nel fegato. Colpisce il corretto livello di proteine nel corpo ed \u00e8 coinvolto nella produzione di proteine muscolari. Partecipa anche alla produzione di collagene ed elastina. Il suo livello appropriato influisce sulla corretta struttura dello smalto dei denti e sul corretto funzionamento della ghiandola tiroidea.<\/p>\n","protected":false},"excerpt":{"rendered":"<p><strong>La L-treonina<\/strong> \u00e8 un amminoacido esogeno, cio\u00e8 non \u00e8 sintetizzato nell&#8217;organismo. Deve essere fornito di cibo. La L-treonina svolge un ruolo importante nel sistema immunitario perch\u00e9 le sue molecole sono gli elementi costitutivi degli anticorpi. Pertanto, questo amminoacido influisce sul funzionamento di tutto il corpo. Le sue carenze si manifestano con mancanza di appetito, affaticamento e perdita di peso.<\/p>\n","protected":false},"featured_media":14125,"template":"","meta":{"_acf_changed":false},"product_brand":[],"product_cat":[1529],"product_tag":[],"class_list":{"0":"post-14122","1":"product","2":"type-product","3":"status-publish","4":"has-post-thumbnail","6":"product_cat-aminoacidi","8":"first","9":"instock","10":"shipping-taxable","11":"product-type-simple"},"acf":[],"yoast_head":"<!-- This site is optimized with the Yoast SEO plugin v27.4 - https:\/\/yoast.com\/product\/yoast-seo-wordpress\/ -->\n<title>L-treonina - Distributore all&#039;ingrosso<\/title>\n<meta name=\"robots\" content=\"index, follow, max-snippet:-1, max-image-preview:large, max-video-preview:-1\" \/>\n<link rel=\"canonical\" href=\"https:\/\/naturalpoland.com\/it\/produkty\/prodotti-per-industria-farmaceutica-e-medica\/aminoacidi\/l-treonina-2\/\" \/>\n<meta property=\"og:locale\" content=\"it_IT\" \/>\n<meta property=\"og:type\" content=\"article\" \/>\n<meta property=\"og:title\" content=\"L-treonina - Distributore all&#039;ingrosso\" \/>\n<meta property=\"og:description\" content=\"La L-treonina \u00e8 un amminoacido esogeno, cio\u00e8 non \u00e8 sintetizzato nell&#039;organismo. Deve essere fornito di cibo. La L-treonina svolge un ruolo importante nel sistema immunitario perch\u00e9 le sue molecole sono gli elementi costitutivi degli anticorpi. Pertanto, questo amminoacido influisce sul funzionamento di tutto il corpo. Le sue carenze si manifestano con mancanza di appetito, affaticamento e perdita di peso.\" \/>\n<meta property=\"og:url\" content=\"https:\/\/naturalpoland.com\/it\/produkty\/prodotti-per-industria-farmaceutica-e-medica\/aminoacidi\/l-treonina-2\/\" \/>\n<meta property=\"og:site_name\" content=\"NATURAL POLAND - Distributore all&#039;ingrosso di materie prime\" \/>\n<meta property=\"article:publisher\" content=\"https:\/\/www.facebook.com\/naturalpoland.b2b\" \/>\n<meta property=\"og:image\" content=\"https:\/\/naturalpoland.com\/wp-content\/uploads\/2021\/05\/l-threonine.jpg\" \/>\n\t<meta property=\"og:image:width\" content=\"500\" \/>\n\t<meta property=\"og:image:height\" content=\"333\" \/>\n\t<meta property=\"og:image:type\" content=\"image\/jpeg\" \/>\n<script type=\"application\/ld+json\" class=\"yoast-schema-graph\">{\"@context\":\"https:\\\/\\\/schema.org\",\"@graph\":[{\"@type\":\"WebPage\",\"@id\":\"https:\\\/\\\/naturalpoland.com\\\/it\\\/produkty\\\/prodotti-per-industria-farmaceutica-e-medica\\\/aminoacidi\\\/l-treonina-2\\\/\",\"url\":\"https:\\\/\\\/naturalpoland.com\\\/it\\\/produkty\\\/prodotti-per-industria-farmaceutica-e-medica\\\/aminoacidi\\\/l-treonina-2\\\/\",\"name\":\"L-treonina - Distributore all'ingrosso\",\"isPartOf\":{\"@id\":\"https:\\\/\\\/naturalpoland.com\\\/it\\\/#website\"},\"primaryImageOfPage\":{\"@id\":\"https:\\\/\\\/naturalpoland.com\\\/it\\\/produkty\\\/prodotti-per-industria-farmaceutica-e-medica\\\/aminoacidi\\\/l-treonina-2\\\/#primaryimage\"},\"image\":{\"@id\":\"https:\\\/\\\/naturalpoland.com\\\/it\\\/produkty\\\/prodotti-per-industria-farmaceutica-e-medica\\\/aminoacidi\\\/l-treonina-2\\\/#primaryimage\"},\"thumbnailUrl\":\"https:\\\/\\\/naturalpoland.com\\\/wp-content\\\/uploads\\\/2021\\\/05\\\/l-threonine.jpg\",\"datePublished\":\"2021-11-04T10:59:09+00:00\",\"breadcrumb\":{\"@id\":\"https:\\\/\\\/naturalpoland.com\\\/it\\\/produkty\\\/prodotti-per-industria-farmaceutica-e-medica\\\/aminoacidi\\\/l-treonina-2\\\/#breadcrumb\"},\"inLanguage\":\"it-IT\",\"potentialAction\":[{\"@type\":\"ReadAction\",\"target\":[\"https:\\\/\\\/naturalpoland.com\\\/it\\\/produkty\\\/prodotti-per-industria-farmaceutica-e-medica\\\/aminoacidi\\\/l-treonina-2\\\/\"]}]},{\"@type\":\"ImageObject\",\"inLanguage\":\"it-IT\",\"@id\":\"https:\\\/\\\/naturalpoland.com\\\/it\\\/produkty\\\/prodotti-per-industria-farmaceutica-e-medica\\\/aminoacidi\\\/l-treonina-2\\\/#primaryimage\",\"url\":\"https:\\\/\\\/naturalpoland.com\\\/wp-content\\\/uploads\\\/2021\\\/05\\\/l-threonine.jpg\",\"contentUrl\":\"https:\\\/\\\/naturalpoland.com\\\/wp-content\\\/uploads\\\/2021\\\/05\\\/l-threonine.jpg\",\"width\":500,\"height\":333},{\"@type\":\"BreadcrumbList\",\"@id\":\"https:\\\/\\\/naturalpoland.com\\\/it\\\/produkty\\\/prodotti-per-industria-farmaceutica-e-medica\\\/aminoacidi\\\/l-treonina-2\\\/#breadcrumb\",\"itemListElement\":[{\"@type\":\"ListItem\",\"position\":1,\"name\":\"Home\",\"item\":\"https:\\\/\\\/naturalpoland.com\\\/it\\\/\"},{\"@type\":\"ListItem\",\"position\":2,\"name\":\"Prodotti\",\"item\":\"https:\\\/\\\/naturalpoland.com\\\/it\\\/prodotti\\\/\"},{\"@type\":\"ListItem\",\"position\":3,\"name\":\"L-treonina\"}]},{\"@type\":\"WebSite\",\"@id\":\"https:\\\/\\\/naturalpoland.com\\\/it\\\/#website\",\"url\":\"https:\\\/\\\/naturalpoland.com\\\/it\\\/\",\"name\":\"NATURAL POLAND - Distributore all'ingrosso di materie prime\",\"description\":\"Surowce dla przemys\u0142u spo\u017cywczego, kosmetycznego i farmaceutycznego\",\"publisher\":{\"@id\":\"https:\\\/\\\/naturalpoland.com\\\/it\\\/#organization\"},\"potentialAction\":[{\"@type\":\"SearchAction\",\"target\":{\"@type\":\"EntryPoint\",\"urlTemplate\":\"https:\\\/\\\/naturalpoland.com\\\/it\\\/?s={search_term_string}\"},\"query-input\":{\"@type\":\"PropertyValueSpecification\",\"valueRequired\":true,\"valueName\":\"search_term_string\"}}],\"inLanguage\":\"it-IT\"},{\"@type\":\"Organization\",\"@id\":\"https:\\\/\\\/naturalpoland.com\\\/it\\\/#organization\",\"name\":\"Natural Poland\",\"url\":\"https:\\\/\\\/naturalpoland.com\\\/it\\\/\",\"logo\":{\"@type\":\"ImageObject\",\"inLanguage\":\"it-IT\",\"@id\":\"https:\\\/\\\/naturalpoland.com\\\/it\\\/#\\\/schema\\\/logo\\\/image\\\/\",\"url\":\"https:\\\/\\\/naturalpoland.com\\\/wp-content\\\/uploads\\\/2021\\\/05\\\/natural-poland-icon.png\",\"contentUrl\":\"https:\\\/\\\/naturalpoland.com\\\/wp-content\\\/uploads\\\/2021\\\/05\\\/natural-poland-icon.png\",\"width\":512,\"height\":512,\"caption\":\"Natural Poland\"},\"image\":{\"@id\":\"https:\\\/\\\/naturalpoland.com\\\/it\\\/#\\\/schema\\\/logo\\\/image\\\/\"},\"sameAs\":[\"https:\\\/\\\/www.facebook.com\\\/naturalpoland.b2b\",\"https:\\\/\\\/pl.linkedin.com\\\/company\\\/natural-poland\",\"https:\\\/\\\/www.youtube.com\\\/channel\\\/UCgeGGkvOMahZo-xu_MSEWxg\"]}]}<\/script>\n<!-- \/ Yoast SEO plugin. -->","yoast_head_json":{"title":"L-treonina - Distributore all'ingrosso","robots":{"index":"index","follow":"follow","max-snippet":"max-snippet:-1","max-image-preview":"max-image-preview:large","max-video-preview":"max-video-preview:-1"},"canonical":"https:\/\/naturalpoland.com\/it\/produkty\/prodotti-per-industria-farmaceutica-e-medica\/aminoacidi\/l-treonina-2\/","og_locale":"it_IT","og_type":"article","og_title":"L-treonina - Distributore all'ingrosso","og_description":"La L-treonina \u00e8 un amminoacido esogeno, cio\u00e8 non \u00e8 sintetizzato nell'organismo. Deve essere fornito di cibo. La L-treonina svolge un ruolo importante nel sistema immunitario perch\u00e9 le sue molecole sono gli elementi costitutivi degli anticorpi. Pertanto, questo amminoacido influisce sul funzionamento di tutto il corpo. Le sue carenze si manifestano con mancanza di appetito, affaticamento e perdita di peso.","og_url":"https:\/\/naturalpoland.com\/it\/produkty\/prodotti-per-industria-farmaceutica-e-medica\/aminoacidi\/l-treonina-2\/","og_site_name":"NATURAL POLAND - Distributore all'ingrosso di materie prime","article_publisher":"https:\/\/www.facebook.com\/naturalpoland.b2b","og_image":[{"width":500,"height":333,"url":"https:\/\/naturalpoland.com\/wp-content\/uploads\/2021\/05\/l-threonine.jpg","type":"image\/jpeg"}],"schema":{"@context":"https:\/\/schema.org","@graph":[{"@type":"WebPage","@id":"https:\/\/naturalpoland.com\/it\/produkty\/prodotti-per-industria-farmaceutica-e-medica\/aminoacidi\/l-treonina-2\/","url":"https:\/\/naturalpoland.com\/it\/produkty\/prodotti-per-industria-farmaceutica-e-medica\/aminoacidi\/l-treonina-2\/","name":"L-treonina - Distributore all'ingrosso","isPartOf":{"@id":"https:\/\/naturalpoland.com\/it\/#website"},"primaryImageOfPage":{"@id":"https:\/\/naturalpoland.com\/it\/produkty\/prodotti-per-industria-farmaceutica-e-medica\/aminoacidi\/l-treonina-2\/#primaryimage"},"image":{"@id":"https:\/\/naturalpoland.com\/it\/produkty\/prodotti-per-industria-farmaceutica-e-medica\/aminoacidi\/l-treonina-2\/#primaryimage"},"thumbnailUrl":"https:\/\/naturalpoland.com\/wp-content\/uploads\/2021\/05\/l-threonine.jpg","datePublished":"2021-11-04T10:59:09+00:00","breadcrumb":{"@id":"https:\/\/naturalpoland.com\/it\/produkty\/prodotti-per-industria-farmaceutica-e-medica\/aminoacidi\/l-treonina-2\/#breadcrumb"},"inLanguage":"it-IT","potentialAction":[{"@type":"ReadAction","target":["https:\/\/naturalpoland.com\/it\/produkty\/prodotti-per-industria-farmaceutica-e-medica\/aminoacidi\/l-treonina-2\/"]}]},{"@type":"ImageObject","inLanguage":"it-IT","@id":"https:\/\/naturalpoland.com\/it\/produkty\/prodotti-per-industria-farmaceutica-e-medica\/aminoacidi\/l-treonina-2\/#primaryimage","url":"https:\/\/naturalpoland.com\/wp-content\/uploads\/2021\/05\/l-threonine.jpg","contentUrl":"https:\/\/naturalpoland.com\/wp-content\/uploads\/2021\/05\/l-threonine.jpg","width":500,"height":333},{"@type":"BreadcrumbList","@id":"https:\/\/naturalpoland.com\/it\/produkty\/prodotti-per-industria-farmaceutica-e-medica\/aminoacidi\/l-treonina-2\/#breadcrumb","itemListElement":[{"@type":"ListItem","position":1,"name":"Home","item":"https:\/\/naturalpoland.com\/it\/"},{"@type":"ListItem","position":2,"name":"Prodotti","item":"https:\/\/naturalpoland.com\/it\/prodotti\/"},{"@type":"ListItem","position":3,"name":"L-treonina"}]},{"@type":"WebSite","@id":"https:\/\/naturalpoland.com\/it\/#website","url":"https:\/\/naturalpoland.com\/it\/","name":"NATURAL POLAND - Distributore all'ingrosso di materie prime","description":"Surowce dla przemys\u0142u spo\u017cywczego, kosmetycznego i farmaceutycznego","publisher":{"@id":"https:\/\/naturalpoland.com\/it\/#organization"},"potentialAction":[{"@type":"SearchAction","target":{"@type":"EntryPoint","urlTemplate":"https:\/\/naturalpoland.com\/it\/?s={search_term_string}"},"query-input":{"@type":"PropertyValueSpecification","valueRequired":true,"valueName":"search_term_string"}}],"inLanguage":"it-IT"},{"@type":"Organization","@id":"https:\/\/naturalpoland.com\/it\/#organization","name":"Natural Poland","url":"https:\/\/naturalpoland.com\/it\/","logo":{"@type":"ImageObject","inLanguage":"it-IT","@id":"https:\/\/naturalpoland.com\/it\/#\/schema\/logo\/image\/","url":"https:\/\/naturalpoland.com\/wp-content\/uploads\/2021\/05\/natural-poland-icon.png","contentUrl":"https:\/\/naturalpoland.com\/wp-content\/uploads\/2021\/05\/natural-poland-icon.png","width":512,"height":512,"caption":"Natural Poland"},"image":{"@id":"https:\/\/naturalpoland.com\/it\/#\/schema\/logo\/image\/"},"sameAs":["https:\/\/www.facebook.com\/naturalpoland.b2b","https:\/\/pl.linkedin.com\/company\/natural-poland","https:\/\/www.youtube.com\/channel\/UCgeGGkvOMahZo-xu_MSEWxg"]}]}},"_links":{"self":[{"href":"https:\/\/naturalpoland.com\/it\/wp-json\/wp\/v2\/product\/14122","targetHints":{"allow":["GET"]}}],"collection":[{"href":"https:\/\/naturalpoland.com\/it\/wp-json\/wp\/v2\/product"}],"about":[{"href":"https:\/\/naturalpoland.com\/it\/wp-json\/wp\/v2\/types\/product"}],"wp:featuredmedia":[{"embeddable":true,"href":"https:\/\/naturalpoland.com\/it\/wp-json\/wp\/v2\/media\/14125"}],"wp:attachment":[{"href":"https:\/\/naturalpoland.com\/it\/wp-json\/wp\/v2\/media?parent=14122"}],"wp:term":[{"taxonomy":"product_brand","embeddable":true,"href":"https:\/\/naturalpoland.com\/it\/wp-json\/wp\/v2\/product_brand?post=14122"},{"taxonomy":"product_cat","embeddable":true,"href":"https:\/\/naturalpoland.com\/it\/wp-json\/wp\/v2\/product_cat?post=14122"},{"taxonomy":"product_tag","embeddable":true,"href":"https:\/\/naturalpoland.com\/it\/wp-json\/wp\/v2\/product_tag?post=14122"}],"curies":[{"name":"wp","href":"https:\/\/api.w.org\/{rel}","templated":true}]}}