{"id":14271,"date":"2021-05-11T13:49:21","date_gmt":"2021-05-11T11:49:21","guid":{"rendered":"https:\/\/naturalpoland.pl\/produkty\/senza-categoria\/olio-di-semi-di-soia\/"},"modified":"2026-02-05T12:17:44","modified_gmt":"2026-02-05T11:17:44","slug":"olio-di-semi-di-soia-2","status":"publish","type":"product","link":"https:\/\/naturalpoland.com\/it\/produkty\/oli-alimentari-e-cosmetici\/olio-di-semi-di-soia-2\/","title":{"rendered":"Olio di semi di soia"},"content":{"rendered":"<h2>Uso alimentare:<\/h2>\n<p>L&#8217;olio di soia non raffinato \u00e8 ricco di acidi grassi omega-3 e omega-6, vitamine (in particolare la <a href=\"https:\/\/naturalpoland.com\/it\/produkty\/prodotti-per-industria-farmaceutica-e-medica\/vitamine-it\/vitamina-e\/\">vitamina E<\/a>) e fitosteroli. Questi nutrienti supportano la salute del cuore, migliorano le funzioni cerebrali e rafforzano il sistema immunitario. <\/p>\n<p>L&#8217;olio di soia non raffinato \u00e8 anche apprezzato per le sue <strong>propriet\u00e0 emulsionanti<\/strong> e stabilizzanti, il che lo rende un ingrediente ideale nella produzione di salse, maionese, margarine e altri prodotti alimentari che richiedono una consistenza stabile. Aiuta a mantenere una texture uniforme e previene la separazione degli ingredienti. <\/p>\n<h2>Applicazione cosmetica:<\/h2>\n<p>Quest&#8217;olio \u00e8 un ingrediente molto importante nei cosmetici, principalmente quelli destinati alla cura della pelle matura, molto secca e ruvida. Ha una ricca composizione che dona alla pelle un&#8217;elasticit\u00e0 eccezionale e pu\u00f2 ritardare il processo di invecchiamento. L&#8217;olio di soia si distingue per essere un ottimo <strong>emolliente<\/strong>. Trattiene efficacemente l&#8217;acqua nel corpo. \u00c8 per questo motivo che non solo pu\u00f2 idratare la pelle secca, ma anche proteggerla dalla disidratazione. L&#8217;alto contenuto di vitamina E, flavonoidi, sterolina e lecitina nutre in profondit\u00e0 la pelle, la rigenera e ne migliora l&#8217;aspetto. L&#8217;olio \u00e8 adatto anche per la cura dei capelli e del cuoio capelluto.<\/p>\n","protected":false},"excerpt":{"rendered":"<p>Olio di soia non raffinato ottenuto dai semi di soia (<em>Glycine max<\/em>) tramite spremitura a freddo. Questo prodotto non \u00e8 sottoposto a raffinazione, il che permette di preservare tutti i suoi preziosi nutrienti e le propriet\u00e0 benefiche per la salute. \u00c8 un prodotto destinato principalmente all&#8217;uso nel settore alimentare.  <\/p>\n","protected":false},"featured_media":14274,"template":"","meta":{"_acf_changed":false},"product_brand":[],"product_cat":[1534],"product_tag":[],"class_list":{"0":"post-14271","1":"product","2":"type-product","3":"status-publish","4":"has-post-thumbnail","6":"product_cat-oli-alimentari-e-cosmetici","8":"first","9":"instock","10":"shipping-taxable","11":"product-type-simple"},"acf":[],"yoast_head":"<!-- This site is optimized with the Yoast SEO plugin v27.5 - https:\/\/yoast.com\/product\/yoast-seo-wordpress\/ -->\n<title>Olio di semi di soia - NATURAL POLAND - Distributore all&#039;ingrosso di materie prime<\/title>\n<meta name=\"description\" content=\"L&#039;olio di soia non raffinato \u00e8 un prodotto versatile con ampie applicazioni nell&#039;industria alimentare, cosmetica e farmaceutica.\" \/>\n<meta name=\"robots\" content=\"index, follow, max-snippet:-1, max-image-preview:large, max-video-preview:-1\" \/>\n<link rel=\"canonical\" href=\"https:\/\/naturalpoland.com\/it\/produkty\/oli-alimentari-e-cosmetici\/olio-di-semi-di-soia-2\/\" \/>\n<meta property=\"og:locale\" content=\"it_IT\" \/>\n<meta property=\"og:type\" content=\"article\" \/>\n<meta property=\"og:title\" content=\"Olio di semi di soia - NATURAL POLAND - Distributore all&#039;ingrosso di materie prime\" \/>\n<meta property=\"og:description\" content=\"L&#039;olio di soia non raffinato \u00e8 un prodotto versatile con ampie applicazioni nell&#039;industria alimentare, cosmetica e farmaceutica.\" \/>\n<meta property=\"og:url\" content=\"https:\/\/naturalpoland.com\/it\/produkty\/oli-alimentari-e-cosmetici\/olio-di-semi-di-soia-2\/\" \/>\n<meta property=\"og:site_name\" content=\"NATURAL POLAND - Distributore all&#039;ingrosso di materie prime\" \/>\n<meta property=\"article:publisher\" content=\"https:\/\/www.facebook.com\/naturalpoland.b2b\" \/>\n<meta property=\"article:modified_time\" content=\"2026-02-05T11:17:44+00:00\" \/>\n<meta property=\"og:image\" content=\"https:\/\/naturalpoland.com\/wp-content\/uploads\/2021\/05\/soybean-oil.jpg\" \/>\n\t<meta property=\"og:image:width\" content=\"1420\" \/>\n\t<meta property=\"og:image:height\" content=\"1338\" \/>\n\t<meta property=\"og:image:type\" content=\"image\/jpeg\" \/>\n<script type=\"application\/ld+json\" class=\"yoast-schema-graph\">{\"@context\":\"https:\\\/\\\/schema.org\",\"@graph\":[{\"@type\":\"WebPage\",\"@id\":\"https:\\\/\\\/naturalpoland.com\\\/it\\\/produkty\\\/oli-alimentari-e-cosmetici\\\/olio-di-semi-di-soia-2\\\/\",\"url\":\"https:\\\/\\\/naturalpoland.com\\\/it\\\/produkty\\\/oli-alimentari-e-cosmetici\\\/olio-di-semi-di-soia-2\\\/\",\"name\":\"Olio di semi di soia - NATURAL POLAND - Distributore all'ingrosso di materie prime\",\"isPartOf\":{\"@id\":\"https:\\\/\\\/naturalpoland.com\\\/it\\\/#website\"},\"primaryImageOfPage\":{\"@id\":\"https:\\\/\\\/naturalpoland.com\\\/it\\\/produkty\\\/oli-alimentari-e-cosmetici\\\/olio-di-semi-di-soia-2\\\/#primaryimage\"},\"image\":{\"@id\":\"https:\\\/\\\/naturalpoland.com\\\/it\\\/produkty\\\/oli-alimentari-e-cosmetici\\\/olio-di-semi-di-soia-2\\\/#primaryimage\"},\"thumbnailUrl\":\"https:\\\/\\\/naturalpoland.com\\\/wp-content\\\/uploads\\\/2021\\\/05\\\/soybean-oil.jpg\",\"datePublished\":\"2021-05-11T11:49:21+00:00\",\"dateModified\":\"2026-02-05T11:17:44+00:00\",\"description\":\"L'olio di soia non raffinato \u00e8 un prodotto versatile con ampie applicazioni nell'industria alimentare, cosmetica e farmaceutica.\",\"breadcrumb\":{\"@id\":\"https:\\\/\\\/naturalpoland.com\\\/it\\\/produkty\\\/oli-alimentari-e-cosmetici\\\/olio-di-semi-di-soia-2\\\/#breadcrumb\"},\"inLanguage\":\"it-IT\",\"potentialAction\":[{\"@type\":\"ReadAction\",\"target\":[\"https:\\\/\\\/naturalpoland.com\\\/it\\\/produkty\\\/oli-alimentari-e-cosmetici\\\/olio-di-semi-di-soia-2\\\/\"]}]},{\"@type\":\"ImageObject\",\"inLanguage\":\"it-IT\",\"@id\":\"https:\\\/\\\/naturalpoland.com\\\/it\\\/produkty\\\/oli-alimentari-e-cosmetici\\\/olio-di-semi-di-soia-2\\\/#primaryimage\",\"url\":\"https:\\\/\\\/naturalpoland.com\\\/wp-content\\\/uploads\\\/2021\\\/05\\\/soybean-oil.jpg\",\"contentUrl\":\"https:\\\/\\\/naturalpoland.com\\\/wp-content\\\/uploads\\\/2021\\\/05\\\/soybean-oil.jpg\",\"width\":1420,\"height\":1338,\"caption\":\"Olio di semi di soia\"},{\"@type\":\"BreadcrumbList\",\"@id\":\"https:\\\/\\\/naturalpoland.com\\\/it\\\/produkty\\\/oli-alimentari-e-cosmetici\\\/olio-di-semi-di-soia-2\\\/#breadcrumb\",\"itemListElement\":[{\"@type\":\"ListItem\",\"position\":1,\"name\":\"Home\",\"item\":\"https:\\\/\\\/naturalpoland.com\\\/it\\\/\"},{\"@type\":\"ListItem\",\"position\":2,\"name\":\"Prodotti\",\"item\":\"https:\\\/\\\/naturalpoland.com\\\/it\\\/prodotti\\\/\"},{\"@type\":\"ListItem\",\"position\":3,\"name\":\"Olio di semi di soia\"}]},{\"@type\":\"WebSite\",\"@id\":\"https:\\\/\\\/naturalpoland.com\\\/it\\\/#website\",\"url\":\"https:\\\/\\\/naturalpoland.com\\\/it\\\/\",\"name\":\"NATURAL POLAND - Distributore all'ingrosso di materie prime\",\"description\":\"Surowce dla przemys\u0142u spo\u017cywczego, kosmetycznego i farmaceutycznego\",\"publisher\":{\"@id\":\"https:\\\/\\\/naturalpoland.com\\\/it\\\/#organization\"},\"potentialAction\":[{\"@type\":\"SearchAction\",\"target\":{\"@type\":\"EntryPoint\",\"urlTemplate\":\"https:\\\/\\\/naturalpoland.com\\\/it\\\/?s={search_term_string}\"},\"query-input\":{\"@type\":\"PropertyValueSpecification\",\"valueRequired\":true,\"valueName\":\"search_term_string\"}}],\"inLanguage\":\"it-IT\"},{\"@type\":\"Organization\",\"@id\":\"https:\\\/\\\/naturalpoland.com\\\/it\\\/#organization\",\"name\":\"Natural Poland\",\"url\":\"https:\\\/\\\/naturalpoland.com\\\/it\\\/\",\"logo\":{\"@type\":\"ImageObject\",\"inLanguage\":\"it-IT\",\"@id\":\"https:\\\/\\\/naturalpoland.com\\\/it\\\/#\\\/schema\\\/logo\\\/image\\\/\",\"url\":\"https:\\\/\\\/naturalpoland.com\\\/wp-content\\\/uploads\\\/2021\\\/05\\\/natural-poland-icon.png\",\"contentUrl\":\"https:\\\/\\\/naturalpoland.com\\\/wp-content\\\/uploads\\\/2021\\\/05\\\/natural-poland-icon.png\",\"width\":512,\"height\":512,\"caption\":\"Natural Poland\"},\"image\":{\"@id\":\"https:\\\/\\\/naturalpoland.com\\\/it\\\/#\\\/schema\\\/logo\\\/image\\\/\"},\"sameAs\":[\"https:\\\/\\\/www.facebook.com\\\/naturalpoland.b2b\",\"https:\\\/\\\/pl.linkedin.com\\\/company\\\/natural-poland\",\"https:\\\/\\\/www.youtube.com\\\/channel\\\/UCgeGGkvOMahZo-xu_MSEWxg\"]}]}<\/script>\n<!-- \/ Yoast SEO plugin. -->","yoast_head_json":{"title":"Olio di semi di soia - NATURAL POLAND - Distributore all'ingrosso di materie prime","description":"L'olio di soia non raffinato \u00e8 un prodotto versatile con ampie applicazioni nell'industria alimentare, cosmetica e farmaceutica.","robots":{"index":"index","follow":"follow","max-snippet":"max-snippet:-1","max-image-preview":"max-image-preview:large","max-video-preview":"max-video-preview:-1"},"canonical":"https:\/\/naturalpoland.com\/it\/produkty\/oli-alimentari-e-cosmetici\/olio-di-semi-di-soia-2\/","og_locale":"it_IT","og_type":"article","og_title":"Olio di semi di soia - NATURAL POLAND - Distributore all'ingrosso di materie prime","og_description":"L'olio di soia non raffinato \u00e8 un prodotto versatile con ampie applicazioni nell'industria alimentare, cosmetica e farmaceutica.","og_url":"https:\/\/naturalpoland.com\/it\/produkty\/oli-alimentari-e-cosmetici\/olio-di-semi-di-soia-2\/","og_site_name":"NATURAL POLAND - Distributore all'ingrosso di materie prime","article_publisher":"https:\/\/www.facebook.com\/naturalpoland.b2b","article_modified_time":"2026-02-05T11:17:44+00:00","og_image":[{"width":1420,"height":1338,"url":"https:\/\/naturalpoland.com\/wp-content\/uploads\/2021\/05\/soybean-oil.jpg","type":"image\/jpeg"}],"schema":{"@context":"https:\/\/schema.org","@graph":[{"@type":"WebPage","@id":"https:\/\/naturalpoland.com\/it\/produkty\/oli-alimentari-e-cosmetici\/olio-di-semi-di-soia-2\/","url":"https:\/\/naturalpoland.com\/it\/produkty\/oli-alimentari-e-cosmetici\/olio-di-semi-di-soia-2\/","name":"Olio di semi di soia - NATURAL POLAND - Distributore all'ingrosso di materie prime","isPartOf":{"@id":"https:\/\/naturalpoland.com\/it\/#website"},"primaryImageOfPage":{"@id":"https:\/\/naturalpoland.com\/it\/produkty\/oli-alimentari-e-cosmetici\/olio-di-semi-di-soia-2\/#primaryimage"},"image":{"@id":"https:\/\/naturalpoland.com\/it\/produkty\/oli-alimentari-e-cosmetici\/olio-di-semi-di-soia-2\/#primaryimage"},"thumbnailUrl":"https:\/\/naturalpoland.com\/wp-content\/uploads\/2021\/05\/soybean-oil.jpg","datePublished":"2021-05-11T11:49:21+00:00","dateModified":"2026-02-05T11:17:44+00:00","description":"L'olio di soia non raffinato \u00e8 un prodotto versatile con ampie applicazioni nell'industria alimentare, cosmetica e farmaceutica.","breadcrumb":{"@id":"https:\/\/naturalpoland.com\/it\/produkty\/oli-alimentari-e-cosmetici\/olio-di-semi-di-soia-2\/#breadcrumb"},"inLanguage":"it-IT","potentialAction":[{"@type":"ReadAction","target":["https:\/\/naturalpoland.com\/it\/produkty\/oli-alimentari-e-cosmetici\/olio-di-semi-di-soia-2\/"]}]},{"@type":"ImageObject","inLanguage":"it-IT","@id":"https:\/\/naturalpoland.com\/it\/produkty\/oli-alimentari-e-cosmetici\/olio-di-semi-di-soia-2\/#primaryimage","url":"https:\/\/naturalpoland.com\/wp-content\/uploads\/2021\/05\/soybean-oil.jpg","contentUrl":"https:\/\/naturalpoland.com\/wp-content\/uploads\/2021\/05\/soybean-oil.jpg","width":1420,"height":1338,"caption":"Olio di semi di soia"},{"@type":"BreadcrumbList","@id":"https:\/\/naturalpoland.com\/it\/produkty\/oli-alimentari-e-cosmetici\/olio-di-semi-di-soia-2\/#breadcrumb","itemListElement":[{"@type":"ListItem","position":1,"name":"Home","item":"https:\/\/naturalpoland.com\/it\/"},{"@type":"ListItem","position":2,"name":"Prodotti","item":"https:\/\/naturalpoland.com\/it\/prodotti\/"},{"@type":"ListItem","position":3,"name":"Olio di semi di soia"}]},{"@type":"WebSite","@id":"https:\/\/naturalpoland.com\/it\/#website","url":"https:\/\/naturalpoland.com\/it\/","name":"NATURAL POLAND - Distributore all'ingrosso di materie prime","description":"Surowce dla przemys\u0142u spo\u017cywczego, kosmetycznego i farmaceutycznego","publisher":{"@id":"https:\/\/naturalpoland.com\/it\/#organization"},"potentialAction":[{"@type":"SearchAction","target":{"@type":"EntryPoint","urlTemplate":"https:\/\/naturalpoland.com\/it\/?s={search_term_string}"},"query-input":{"@type":"PropertyValueSpecification","valueRequired":true,"valueName":"search_term_string"}}],"inLanguage":"it-IT"},{"@type":"Organization","@id":"https:\/\/naturalpoland.com\/it\/#organization","name":"Natural Poland","url":"https:\/\/naturalpoland.com\/it\/","logo":{"@type":"ImageObject","inLanguage":"it-IT","@id":"https:\/\/naturalpoland.com\/it\/#\/schema\/logo\/image\/","url":"https:\/\/naturalpoland.com\/wp-content\/uploads\/2021\/05\/natural-poland-icon.png","contentUrl":"https:\/\/naturalpoland.com\/wp-content\/uploads\/2021\/05\/natural-poland-icon.png","width":512,"height":512,"caption":"Natural Poland"},"image":{"@id":"https:\/\/naturalpoland.com\/it\/#\/schema\/logo\/image\/"},"sameAs":["https:\/\/www.facebook.com\/naturalpoland.b2b","https:\/\/pl.linkedin.com\/company\/natural-poland","https:\/\/www.youtube.com\/channel\/UCgeGGkvOMahZo-xu_MSEWxg"]}]}},"_links":{"self":[{"href":"https:\/\/naturalpoland.com\/it\/wp-json\/wp\/v2\/product\/14271","targetHints":{"allow":["GET"]}}],"collection":[{"href":"https:\/\/naturalpoland.com\/it\/wp-json\/wp\/v2\/product"}],"about":[{"href":"https:\/\/naturalpoland.com\/it\/wp-json\/wp\/v2\/types\/product"}],"wp:featuredmedia":[{"embeddable":true,"href":"https:\/\/naturalpoland.com\/it\/wp-json\/wp\/v2\/media\/14274"}],"wp:attachment":[{"href":"https:\/\/naturalpoland.com\/it\/wp-json\/wp\/v2\/media?parent=14271"}],"wp:term":[{"taxonomy":"product_brand","embeddable":true,"href":"https:\/\/naturalpoland.com\/it\/wp-json\/wp\/v2\/product_brand?post=14271"},{"taxonomy":"product_cat","embeddable":true,"href":"https:\/\/naturalpoland.com\/it\/wp-json\/wp\/v2\/product_cat?post=14271"},{"taxonomy":"product_tag","embeddable":true,"href":"https:\/\/naturalpoland.com\/it\/wp-json\/wp\/v2\/product_tag?post=14271"}],"curies":[{"name":"wp","href":"https:\/\/api.w.org\/{rel}","templated":true}]}}