{"id":14280,"date":"2021-05-11T13:49:45","date_gmt":"2021-11-04T11:30:39","guid":{"rendered":"https:\/\/naturalpoland.pl\/produkty\/senza-categoria\/olio-di-semi-di-lino-sativa\/"},"modified":"2021-11-04T12:30:39","modified_gmt":"2021-11-04T11:30:39","slug":"olio-di-semi-di-lino-sativa","status":"publish","type":"product","link":"https:\/\/naturalpoland.com\/it\/produkty\/prodotti-per-industria-cosmetica\/oli-cosmetici\/olio-di-semi-di-lino-sativa\/","title":{"rendered":"Olio di semi di lino (Sativa)"},"content":{"rendered":"<p>L&#8217;olio di lino, grazie all&#8217;alto contenuto di vitamina E, \u00e8 un forte antiossidante. Rafforza il sistema immunitario e riduce il rischio di malattie cardiache. Protegge dalle malattie di natura cognitiva come il morbo di Alzheimer, nonch\u00e9 dalle malattie degli occhi e dai danni ai nervi causati dall&#8217;infiammazione. I suoi altri benefici sono il supporto del fegato, la riduzione del colesterolo, la regolazione della glicemia e l&#8217;aumento della concentrazione.<\/p>\n<p>In cosmetologia, l&#8217;olio di semi di lino pu\u00f2 essere utilizzato come olio da massaggio per idratare la pelle e prevenirne la disidratazione. Questo olio pu\u00f2 essere utilizzato anche nei trattamenti di oliatura dei capelli caldi.<\/p>\n<p>L&#8217;olio di lino \u00e8 un liquido limpido, trasparente e oleoso con una piccola quantit\u00e0 di sedimento sul fondo. Il suo colore varia dal dorato al rosso-marrone. Il colore dell&#8217;olio dipende dalle variet\u00e0 primaverili o invernali di lino utilizzate.<\/p>\n","protected":false},"excerpt":{"rendered":"<p>L&#8217;olio di lino (Camelina Sativa) di qualit\u00e0 alimentare e cosmetica contiene grandi quantit\u00e0 di acidi grassi omega-3. \u00c8 comunemente usato come integratore alimentare e olio per tutti gli usi. L&#8217;olio di lino ha un delicato sapore di nocciola.<\/p>\n<p>Il contenuto di acidi saturi \u00e8 piccolo e ammonta al 10-11% e il contenuto di acidi insaturi entro il 90%, tra cui: gli acidi monoinsaturi (monoenici) \u00e8 circa il 36% e gli acidi polinsaturi (polienici) sono circa il 55%.<\/p>\n","protected":false},"featured_media":36157,"template":"","meta":{"_acf_changed":false},"product_brand":[],"product_cat":[1517,1534,1523],"product_tag":[],"class_list":{"0":"post-14280","1":"product","2":"type-product","3":"status-publish","4":"has-post-thumbnail","6":"product_cat-oli-alimentari","7":"product_cat-oli-alimentari-e-cosmetici","8":"product_cat-oli-cosmetici","10":"first","11":"instock","12":"shipping-taxable","13":"product-type-simple"},"acf":[],"yoast_head":"<!-- This site is optimized with the Yoast SEO plugin v27.4 - https:\/\/yoast.com\/product\/yoast-seo-wordpress\/ -->\n<title>Olio di semi di lino (Sativa) - Distributore all&#039;ingrosso<\/title>\n<meta name=\"robots\" content=\"index, follow, max-snippet:-1, max-image-preview:large, max-video-preview:-1\" \/>\n<link rel=\"canonical\" href=\"https:\/\/naturalpoland.com\/it\/produkty\/prodotti-per-industria-cosmetica\/oli-cosmetici\/olio-di-semi-di-lino-sativa\/\" \/>\n<meta property=\"og:locale\" content=\"it_IT\" \/>\n<meta property=\"og:type\" content=\"article\" \/>\n<meta property=\"og:title\" content=\"Olio di semi di lino (Sativa) - Distributore all&#039;ingrosso\" \/>\n<meta property=\"og:description\" content=\"L&#039;olio di lino (Camelina Sativa) di qualit\u00e0 alimentare e cosmetica contiene grandi quantit\u00e0 di acidi grassi omega-3. \u00c8 comunemente usato come integratore alimentare e olio per tutti gli usi. L&#039;olio di lino ha un delicato sapore di nocciola. Il contenuto di acidi saturi \u00e8 piccolo e ammonta al 10-11% e il contenuto di acidi insaturi entro il 90%, tra cui: gli acidi monoinsaturi (monoenici) \u00e8 circa il 36% e gli acidi polinsaturi (polienici) sono circa il 55%.\" \/>\n<meta property=\"og:url\" content=\"https:\/\/naturalpoland.com\/it\/produkty\/prodotti-per-industria-cosmetica\/oli-cosmetici\/olio-di-semi-di-lino-sativa\/\" \/>\n<meta property=\"og:site_name\" content=\"NATURAL POLAND - Distributore all&#039;ingrosso di materie prime\" \/>\n<meta property=\"article:publisher\" content=\"https:\/\/www.facebook.com\/naturalpoland.b2b\" \/>\n<meta property=\"og:image\" content=\"https:\/\/naturalpoland.com\/wp-content\/uploads\/olej-z-lnianki.webp\" \/>\n\t<meta property=\"og:image:width\" content=\"619\" \/>\n\t<meta property=\"og:image:height\" content=\"619\" \/>\n\t<meta property=\"og:image:type\" content=\"image\/webp\" \/>\n<script type=\"application\/ld+json\" class=\"yoast-schema-graph\">{\"@context\":\"https:\\\/\\\/schema.org\",\"@graph\":[{\"@type\":\"WebPage\",\"@id\":\"https:\\\/\\\/naturalpoland.com\\\/it\\\/produkty\\\/prodotti-per-industria-cosmetica\\\/oli-cosmetici\\\/olio-di-semi-di-lino-sativa\\\/\",\"url\":\"https:\\\/\\\/naturalpoland.com\\\/it\\\/produkty\\\/prodotti-per-industria-cosmetica\\\/oli-cosmetici\\\/olio-di-semi-di-lino-sativa\\\/\",\"name\":\"Olio di semi di lino (Sativa) - Distributore all'ingrosso\",\"isPartOf\":{\"@id\":\"https:\\\/\\\/naturalpoland.com\\\/it\\\/#website\"},\"primaryImageOfPage\":{\"@id\":\"https:\\\/\\\/naturalpoland.com\\\/it\\\/produkty\\\/prodotti-per-industria-cosmetica\\\/oli-cosmetici\\\/olio-di-semi-di-lino-sativa\\\/#primaryimage\"},\"image\":{\"@id\":\"https:\\\/\\\/naturalpoland.com\\\/it\\\/produkty\\\/prodotti-per-industria-cosmetica\\\/oli-cosmetici\\\/olio-di-semi-di-lino-sativa\\\/#primaryimage\"},\"thumbnailUrl\":\"https:\\\/\\\/naturalpoland.com\\\/wp-content\\\/uploads\\\/olej-z-lnianki.webp\",\"datePublished\":\"2021-11-04T11:30:39+00:00\",\"breadcrumb\":{\"@id\":\"https:\\\/\\\/naturalpoland.com\\\/it\\\/produkty\\\/prodotti-per-industria-cosmetica\\\/oli-cosmetici\\\/olio-di-semi-di-lino-sativa\\\/#breadcrumb\"},\"inLanguage\":\"it-IT\",\"potentialAction\":[{\"@type\":\"ReadAction\",\"target\":[\"https:\\\/\\\/naturalpoland.com\\\/it\\\/produkty\\\/prodotti-per-industria-cosmetica\\\/oli-cosmetici\\\/olio-di-semi-di-lino-sativa\\\/\"]}]},{\"@type\":\"ImageObject\",\"inLanguage\":\"it-IT\",\"@id\":\"https:\\\/\\\/naturalpoland.com\\\/it\\\/produkty\\\/prodotti-per-industria-cosmetica\\\/oli-cosmetici\\\/olio-di-semi-di-lino-sativa\\\/#primaryimage\",\"url\":\"https:\\\/\\\/naturalpoland.com\\\/wp-content\\\/uploads\\\/olej-z-lnianki.webp\",\"contentUrl\":\"https:\\\/\\\/naturalpoland.com\\\/wp-content\\\/uploads\\\/olej-z-lnianki.webp\",\"width\":619,\"height\":619,\"caption\":\"olej z lnianki\"},{\"@type\":\"BreadcrumbList\",\"@id\":\"https:\\\/\\\/naturalpoland.com\\\/it\\\/produkty\\\/prodotti-per-industria-cosmetica\\\/oli-cosmetici\\\/olio-di-semi-di-lino-sativa\\\/#breadcrumb\",\"itemListElement\":[{\"@type\":\"ListItem\",\"position\":1,\"name\":\"Home\",\"item\":\"https:\\\/\\\/naturalpoland.com\\\/it\\\/\"},{\"@type\":\"ListItem\",\"position\":2,\"name\":\"Prodotti\",\"item\":\"https:\\\/\\\/naturalpoland.com\\\/it\\\/prodotti\\\/\"},{\"@type\":\"ListItem\",\"position\":3,\"name\":\"Olio di semi di lino (Sativa)\"}]},{\"@type\":\"WebSite\",\"@id\":\"https:\\\/\\\/naturalpoland.com\\\/it\\\/#website\",\"url\":\"https:\\\/\\\/naturalpoland.com\\\/it\\\/\",\"name\":\"NATURAL POLAND - Distributore all'ingrosso di materie prime\",\"description\":\"Surowce dla przemys\u0142u spo\u017cywczego, kosmetycznego i farmaceutycznego\",\"publisher\":{\"@id\":\"https:\\\/\\\/naturalpoland.com\\\/it\\\/#organization\"},\"potentialAction\":[{\"@type\":\"SearchAction\",\"target\":{\"@type\":\"EntryPoint\",\"urlTemplate\":\"https:\\\/\\\/naturalpoland.com\\\/it\\\/?s={search_term_string}\"},\"query-input\":{\"@type\":\"PropertyValueSpecification\",\"valueRequired\":true,\"valueName\":\"search_term_string\"}}],\"inLanguage\":\"it-IT\"},{\"@type\":\"Organization\",\"@id\":\"https:\\\/\\\/naturalpoland.com\\\/it\\\/#organization\",\"name\":\"Natural Poland\",\"url\":\"https:\\\/\\\/naturalpoland.com\\\/it\\\/\",\"logo\":{\"@type\":\"ImageObject\",\"inLanguage\":\"it-IT\",\"@id\":\"https:\\\/\\\/naturalpoland.com\\\/it\\\/#\\\/schema\\\/logo\\\/image\\\/\",\"url\":\"https:\\\/\\\/naturalpoland.com\\\/wp-content\\\/uploads\\\/2021\\\/05\\\/natural-poland-icon.png\",\"contentUrl\":\"https:\\\/\\\/naturalpoland.com\\\/wp-content\\\/uploads\\\/2021\\\/05\\\/natural-poland-icon.png\",\"width\":512,\"height\":512,\"caption\":\"Natural Poland\"},\"image\":{\"@id\":\"https:\\\/\\\/naturalpoland.com\\\/it\\\/#\\\/schema\\\/logo\\\/image\\\/\"},\"sameAs\":[\"https:\\\/\\\/www.facebook.com\\\/naturalpoland.b2b\",\"https:\\\/\\\/pl.linkedin.com\\\/company\\\/natural-poland\",\"https:\\\/\\\/www.youtube.com\\\/channel\\\/UCgeGGkvOMahZo-xu_MSEWxg\"]}]}<\/script>\n<!-- \/ Yoast SEO plugin. -->","yoast_head_json":{"title":"Olio di semi di lino (Sativa) - Distributore all'ingrosso","robots":{"index":"index","follow":"follow","max-snippet":"max-snippet:-1","max-image-preview":"max-image-preview:large","max-video-preview":"max-video-preview:-1"},"canonical":"https:\/\/naturalpoland.com\/it\/produkty\/prodotti-per-industria-cosmetica\/oli-cosmetici\/olio-di-semi-di-lino-sativa\/","og_locale":"it_IT","og_type":"article","og_title":"Olio di semi di lino (Sativa) - Distributore all'ingrosso","og_description":"L'olio di lino (Camelina Sativa) di qualit\u00e0 alimentare e cosmetica contiene grandi quantit\u00e0 di acidi grassi omega-3. \u00c8 comunemente usato come integratore alimentare e olio per tutti gli usi. L'olio di lino ha un delicato sapore di nocciola. Il contenuto di acidi saturi \u00e8 piccolo e ammonta al 10-11% e il contenuto di acidi insaturi entro il 90%, tra cui: gli acidi monoinsaturi (monoenici) \u00e8 circa il 36% e gli acidi polinsaturi (polienici) sono circa il 55%.","og_url":"https:\/\/naturalpoland.com\/it\/produkty\/prodotti-per-industria-cosmetica\/oli-cosmetici\/olio-di-semi-di-lino-sativa\/","og_site_name":"NATURAL POLAND - Distributore all'ingrosso di materie prime","article_publisher":"https:\/\/www.facebook.com\/naturalpoland.b2b","og_image":[{"width":619,"height":619,"url":"https:\/\/naturalpoland.com\/wp-content\/uploads\/olej-z-lnianki.webp","type":"image\/webp"}],"schema":{"@context":"https:\/\/schema.org","@graph":[{"@type":"WebPage","@id":"https:\/\/naturalpoland.com\/it\/produkty\/prodotti-per-industria-cosmetica\/oli-cosmetici\/olio-di-semi-di-lino-sativa\/","url":"https:\/\/naturalpoland.com\/it\/produkty\/prodotti-per-industria-cosmetica\/oli-cosmetici\/olio-di-semi-di-lino-sativa\/","name":"Olio di semi di lino (Sativa) - Distributore all'ingrosso","isPartOf":{"@id":"https:\/\/naturalpoland.com\/it\/#website"},"primaryImageOfPage":{"@id":"https:\/\/naturalpoland.com\/it\/produkty\/prodotti-per-industria-cosmetica\/oli-cosmetici\/olio-di-semi-di-lino-sativa\/#primaryimage"},"image":{"@id":"https:\/\/naturalpoland.com\/it\/produkty\/prodotti-per-industria-cosmetica\/oli-cosmetici\/olio-di-semi-di-lino-sativa\/#primaryimage"},"thumbnailUrl":"https:\/\/naturalpoland.com\/wp-content\/uploads\/olej-z-lnianki.webp","datePublished":"2021-11-04T11:30:39+00:00","breadcrumb":{"@id":"https:\/\/naturalpoland.com\/it\/produkty\/prodotti-per-industria-cosmetica\/oli-cosmetici\/olio-di-semi-di-lino-sativa\/#breadcrumb"},"inLanguage":"it-IT","potentialAction":[{"@type":"ReadAction","target":["https:\/\/naturalpoland.com\/it\/produkty\/prodotti-per-industria-cosmetica\/oli-cosmetici\/olio-di-semi-di-lino-sativa\/"]}]},{"@type":"ImageObject","inLanguage":"it-IT","@id":"https:\/\/naturalpoland.com\/it\/produkty\/prodotti-per-industria-cosmetica\/oli-cosmetici\/olio-di-semi-di-lino-sativa\/#primaryimage","url":"https:\/\/naturalpoland.com\/wp-content\/uploads\/olej-z-lnianki.webp","contentUrl":"https:\/\/naturalpoland.com\/wp-content\/uploads\/olej-z-lnianki.webp","width":619,"height":619,"caption":"olej z lnianki"},{"@type":"BreadcrumbList","@id":"https:\/\/naturalpoland.com\/it\/produkty\/prodotti-per-industria-cosmetica\/oli-cosmetici\/olio-di-semi-di-lino-sativa\/#breadcrumb","itemListElement":[{"@type":"ListItem","position":1,"name":"Home","item":"https:\/\/naturalpoland.com\/it\/"},{"@type":"ListItem","position":2,"name":"Prodotti","item":"https:\/\/naturalpoland.com\/it\/prodotti\/"},{"@type":"ListItem","position":3,"name":"Olio di semi di lino (Sativa)"}]},{"@type":"WebSite","@id":"https:\/\/naturalpoland.com\/it\/#website","url":"https:\/\/naturalpoland.com\/it\/","name":"NATURAL POLAND - Distributore all'ingrosso di materie prime","description":"Surowce dla przemys\u0142u spo\u017cywczego, kosmetycznego i farmaceutycznego","publisher":{"@id":"https:\/\/naturalpoland.com\/it\/#organization"},"potentialAction":[{"@type":"SearchAction","target":{"@type":"EntryPoint","urlTemplate":"https:\/\/naturalpoland.com\/it\/?s={search_term_string}"},"query-input":{"@type":"PropertyValueSpecification","valueRequired":true,"valueName":"search_term_string"}}],"inLanguage":"it-IT"},{"@type":"Organization","@id":"https:\/\/naturalpoland.com\/it\/#organization","name":"Natural Poland","url":"https:\/\/naturalpoland.com\/it\/","logo":{"@type":"ImageObject","inLanguage":"it-IT","@id":"https:\/\/naturalpoland.com\/it\/#\/schema\/logo\/image\/","url":"https:\/\/naturalpoland.com\/wp-content\/uploads\/2021\/05\/natural-poland-icon.png","contentUrl":"https:\/\/naturalpoland.com\/wp-content\/uploads\/2021\/05\/natural-poland-icon.png","width":512,"height":512,"caption":"Natural Poland"},"image":{"@id":"https:\/\/naturalpoland.com\/it\/#\/schema\/logo\/image\/"},"sameAs":["https:\/\/www.facebook.com\/naturalpoland.b2b","https:\/\/pl.linkedin.com\/company\/natural-poland","https:\/\/www.youtube.com\/channel\/UCgeGGkvOMahZo-xu_MSEWxg"]}]}},"_links":{"self":[{"href":"https:\/\/naturalpoland.com\/it\/wp-json\/wp\/v2\/product\/14280","targetHints":{"allow":["GET"]}}],"collection":[{"href":"https:\/\/naturalpoland.com\/it\/wp-json\/wp\/v2\/product"}],"about":[{"href":"https:\/\/naturalpoland.com\/it\/wp-json\/wp\/v2\/types\/product"}],"wp:featuredmedia":[{"embeddable":true,"href":"https:\/\/naturalpoland.com\/it\/wp-json\/wp\/v2\/media\/36157"}],"wp:attachment":[{"href":"https:\/\/naturalpoland.com\/it\/wp-json\/wp\/v2\/media?parent=14280"}],"wp:term":[{"taxonomy":"product_brand","embeddable":true,"href":"https:\/\/naturalpoland.com\/it\/wp-json\/wp\/v2\/product_brand?post=14280"},{"taxonomy":"product_cat","embeddable":true,"href":"https:\/\/naturalpoland.com\/it\/wp-json\/wp\/v2\/product_cat?post=14280"},{"taxonomy":"product_tag","embeddable":true,"href":"https:\/\/naturalpoland.com\/it\/wp-json\/wp\/v2\/product_tag?post=14280"}],"curies":[{"name":"wp","href":"https:\/\/api.w.org\/{rel}","templated":true}]}}