{"id":14290,"date":"2021-05-11T13:49:47","date_gmt":"2021-11-04T11:30:46","guid":{"rendered":"https:\/\/naturalpoland.pl\/produkty\/senza-categoria\/buriti-olio-di-semi\/"},"modified":"2021-11-04T12:30:46","modified_gmt":"2021-11-04T11:30:46","slug":"buriti-olio-di-semi","status":"publish","type":"product","link":"https:\/\/naturalpoland.com\/it\/produkty\/oli-alimentari-e-cosmetici\/buriti-olio-di-semi\/","title":{"rendered":"Buriti olio di semi"},"content":{"rendered":"<p>Per la pelle matura:<br \/>\nL&#8217;olio di semi di Buriti penetra in profondit\u00e0 nella pelle e la nutre nei suoi strati pi\u00f9 profondi. In questo modo pu\u00f2 ridurre le rughette, rigenerare la pelle e renderla pi\u00f9 elastica. Inoltre, stimola la produzione di collagene ed elastina. L&#8217;olio lenisce anche le irritazioni associate a un&#8217;esposizione troppo intensa alla luce solare.<\/p>\n","protected":false},"excerpt":{"rendered":"<p><strong>L&#8217;olio di semi di Buriti<\/strong> si ottiene dalla spremitura dei semi della palma amazzonica Mauritia Flexuosa. Viene anche chiamato Burti, che in traduzione libera significa albero della vita. L&#8217;olio di questa palma ha una composizione grassa molto interessante, ricca di acidi grassi insaturi, compreso l&#8217;acido oleico. Ecco perch\u00e9 \u00e8 un prodotto cosmetico cos\u00ec importante.<\/p>\n","protected":false},"featured_media":14294,"template":"","meta":{"_acf_changed":false},"product_brand":[],"product_cat":[1534],"product_tag":[],"class_list":{"0":"post-14290","1":"product","2":"type-product","3":"status-publish","4":"has-post-thumbnail","6":"product_cat-oli-alimentari-e-cosmetici","8":"first","9":"instock","10":"shipping-taxable","11":"product-type-simple"},"acf":[],"yoast_head":"<!-- This site is optimized with the Yoast SEO plugin v27.4 - https:\/\/yoast.com\/product\/yoast-seo-wordpress\/ -->\n<title>Buriti olio di semi - Distributore all&#039;ingrosso<\/title>\n<meta name=\"robots\" content=\"index, follow, max-snippet:-1, max-image-preview:large, max-video-preview:-1\" \/>\n<link rel=\"canonical\" href=\"https:\/\/naturalpoland.com\/it\/produkty\/oli-alimentari-e-cosmetici\/buriti-olio-di-semi\/\" \/>\n<meta property=\"og:locale\" content=\"it_IT\" \/>\n<meta property=\"og:type\" content=\"article\" \/>\n<meta property=\"og:title\" content=\"Buriti olio di semi - Distributore all&#039;ingrosso\" \/>\n<meta property=\"og:description\" content=\"L&#039;olio di semi di Buriti si ottiene dalla spremitura dei semi della palma amazzonica Mauritia Flexuosa. Viene anche chiamato Burti, che in traduzione libera significa albero della vita. L&#039;olio di questa palma ha una composizione grassa molto interessante, ricca di acidi grassi insaturi, compreso l&#039;acido oleico. Ecco perch\u00e9 \u00e8 un prodotto cosmetico cos\u00ec importante.\" \/>\n<meta property=\"og:url\" content=\"https:\/\/naturalpoland.com\/it\/produkty\/oli-alimentari-e-cosmetici\/buriti-olio-di-semi\/\" \/>\n<meta property=\"og:site_name\" content=\"NATURAL POLAND - Distributore all&#039;ingrosso di materie prime\" \/>\n<meta property=\"article:publisher\" content=\"https:\/\/www.facebook.com\/naturalpoland.b2b\" \/>\n<meta property=\"og:image\" content=\"https:\/\/naturalpoland.com\/wp-content\/uploads\/2021\/05\/buriti-seed-oil.jpg\" \/>\n\t<meta property=\"og:image:width\" content=\"609\" \/>\n\t<meta property=\"og:image:height\" content=\"612\" \/>\n\t<meta property=\"og:image:type\" content=\"image\/jpeg\" \/>\n<script type=\"application\/ld+json\" class=\"yoast-schema-graph\">{\"@context\":\"https:\\\/\\\/schema.org\",\"@graph\":[{\"@type\":\"WebPage\",\"@id\":\"https:\\\/\\\/naturalpoland.com\\\/it\\\/produkty\\\/oli-alimentari-e-cosmetici\\\/buriti-olio-di-semi\\\/\",\"url\":\"https:\\\/\\\/naturalpoland.com\\\/it\\\/produkty\\\/oli-alimentari-e-cosmetici\\\/buriti-olio-di-semi\\\/\",\"name\":\"Buriti olio di semi - Distributore all'ingrosso\",\"isPartOf\":{\"@id\":\"https:\\\/\\\/naturalpoland.com\\\/it\\\/#website\"},\"primaryImageOfPage\":{\"@id\":\"https:\\\/\\\/naturalpoland.com\\\/it\\\/produkty\\\/oli-alimentari-e-cosmetici\\\/buriti-olio-di-semi\\\/#primaryimage\"},\"image\":{\"@id\":\"https:\\\/\\\/naturalpoland.com\\\/it\\\/produkty\\\/oli-alimentari-e-cosmetici\\\/buriti-olio-di-semi\\\/#primaryimage\"},\"thumbnailUrl\":\"https:\\\/\\\/naturalpoland.com\\\/wp-content\\\/uploads\\\/2021\\\/05\\\/buriti-seed-oil.jpg\",\"datePublished\":\"2021-11-04T11:30:46+00:00\",\"breadcrumb\":{\"@id\":\"https:\\\/\\\/naturalpoland.com\\\/it\\\/produkty\\\/oli-alimentari-e-cosmetici\\\/buriti-olio-di-semi\\\/#breadcrumb\"},\"inLanguage\":\"it-IT\",\"potentialAction\":[{\"@type\":\"ReadAction\",\"target\":[\"https:\\\/\\\/naturalpoland.com\\\/it\\\/produkty\\\/oli-alimentari-e-cosmetici\\\/buriti-olio-di-semi\\\/\"]}]},{\"@type\":\"ImageObject\",\"inLanguage\":\"it-IT\",\"@id\":\"https:\\\/\\\/naturalpoland.com\\\/it\\\/produkty\\\/oli-alimentari-e-cosmetici\\\/buriti-olio-di-semi\\\/#primaryimage\",\"url\":\"https:\\\/\\\/naturalpoland.com\\\/wp-content\\\/uploads\\\/2021\\\/05\\\/buriti-seed-oil.jpg\",\"contentUrl\":\"https:\\\/\\\/naturalpoland.com\\\/wp-content\\\/uploads\\\/2021\\\/05\\\/buriti-seed-oil.jpg\",\"width\":609,\"height\":612},{\"@type\":\"BreadcrumbList\",\"@id\":\"https:\\\/\\\/naturalpoland.com\\\/it\\\/produkty\\\/oli-alimentari-e-cosmetici\\\/buriti-olio-di-semi\\\/#breadcrumb\",\"itemListElement\":[{\"@type\":\"ListItem\",\"position\":1,\"name\":\"Home\",\"item\":\"https:\\\/\\\/naturalpoland.com\\\/it\\\/\"},{\"@type\":\"ListItem\",\"position\":2,\"name\":\"Prodotti\",\"item\":\"https:\\\/\\\/naturalpoland.com\\\/it\\\/prodotti\\\/\"},{\"@type\":\"ListItem\",\"position\":3,\"name\":\"Buriti olio di semi\"}]},{\"@type\":\"WebSite\",\"@id\":\"https:\\\/\\\/naturalpoland.com\\\/it\\\/#website\",\"url\":\"https:\\\/\\\/naturalpoland.com\\\/it\\\/\",\"name\":\"NATURAL POLAND - Distributore all'ingrosso di materie prime\",\"description\":\"Surowce dla przemys\u0142u spo\u017cywczego, kosmetycznego i farmaceutycznego\",\"publisher\":{\"@id\":\"https:\\\/\\\/naturalpoland.com\\\/it\\\/#organization\"},\"potentialAction\":[{\"@type\":\"SearchAction\",\"target\":{\"@type\":\"EntryPoint\",\"urlTemplate\":\"https:\\\/\\\/naturalpoland.com\\\/it\\\/?s={search_term_string}\"},\"query-input\":{\"@type\":\"PropertyValueSpecification\",\"valueRequired\":true,\"valueName\":\"search_term_string\"}}],\"inLanguage\":\"it-IT\"},{\"@type\":\"Organization\",\"@id\":\"https:\\\/\\\/naturalpoland.com\\\/it\\\/#organization\",\"name\":\"Natural Poland\",\"url\":\"https:\\\/\\\/naturalpoland.com\\\/it\\\/\",\"logo\":{\"@type\":\"ImageObject\",\"inLanguage\":\"it-IT\",\"@id\":\"https:\\\/\\\/naturalpoland.com\\\/it\\\/#\\\/schema\\\/logo\\\/image\\\/\",\"url\":\"https:\\\/\\\/naturalpoland.com\\\/wp-content\\\/uploads\\\/2021\\\/05\\\/natural-poland-icon.png\",\"contentUrl\":\"https:\\\/\\\/naturalpoland.com\\\/wp-content\\\/uploads\\\/2021\\\/05\\\/natural-poland-icon.png\",\"width\":512,\"height\":512,\"caption\":\"Natural Poland\"},\"image\":{\"@id\":\"https:\\\/\\\/naturalpoland.com\\\/it\\\/#\\\/schema\\\/logo\\\/image\\\/\"},\"sameAs\":[\"https:\\\/\\\/www.facebook.com\\\/naturalpoland.b2b\",\"https:\\\/\\\/pl.linkedin.com\\\/company\\\/natural-poland\",\"https:\\\/\\\/www.youtube.com\\\/channel\\\/UCgeGGkvOMahZo-xu_MSEWxg\"]}]}<\/script>\n<!-- \/ Yoast SEO plugin. -->","yoast_head_json":{"title":"Buriti olio di semi - Distributore all'ingrosso","robots":{"index":"index","follow":"follow","max-snippet":"max-snippet:-1","max-image-preview":"max-image-preview:large","max-video-preview":"max-video-preview:-1"},"canonical":"https:\/\/naturalpoland.com\/it\/produkty\/oli-alimentari-e-cosmetici\/buriti-olio-di-semi\/","og_locale":"it_IT","og_type":"article","og_title":"Buriti olio di semi - Distributore all'ingrosso","og_description":"L'olio di semi di Buriti si ottiene dalla spremitura dei semi della palma amazzonica Mauritia Flexuosa. Viene anche chiamato Burti, che in traduzione libera significa albero della vita. L'olio di questa palma ha una composizione grassa molto interessante, ricca di acidi grassi insaturi, compreso l'acido oleico. Ecco perch\u00e9 \u00e8 un prodotto cosmetico cos\u00ec importante.","og_url":"https:\/\/naturalpoland.com\/it\/produkty\/oli-alimentari-e-cosmetici\/buriti-olio-di-semi\/","og_site_name":"NATURAL POLAND - Distributore all'ingrosso di materie prime","article_publisher":"https:\/\/www.facebook.com\/naturalpoland.b2b","og_image":[{"width":609,"height":612,"url":"https:\/\/naturalpoland.com\/wp-content\/uploads\/2021\/05\/buriti-seed-oil.jpg","type":"image\/jpeg"}],"schema":{"@context":"https:\/\/schema.org","@graph":[{"@type":"WebPage","@id":"https:\/\/naturalpoland.com\/it\/produkty\/oli-alimentari-e-cosmetici\/buriti-olio-di-semi\/","url":"https:\/\/naturalpoland.com\/it\/produkty\/oli-alimentari-e-cosmetici\/buriti-olio-di-semi\/","name":"Buriti olio di semi - Distributore all'ingrosso","isPartOf":{"@id":"https:\/\/naturalpoland.com\/it\/#website"},"primaryImageOfPage":{"@id":"https:\/\/naturalpoland.com\/it\/produkty\/oli-alimentari-e-cosmetici\/buriti-olio-di-semi\/#primaryimage"},"image":{"@id":"https:\/\/naturalpoland.com\/it\/produkty\/oli-alimentari-e-cosmetici\/buriti-olio-di-semi\/#primaryimage"},"thumbnailUrl":"https:\/\/naturalpoland.com\/wp-content\/uploads\/2021\/05\/buriti-seed-oil.jpg","datePublished":"2021-11-04T11:30:46+00:00","breadcrumb":{"@id":"https:\/\/naturalpoland.com\/it\/produkty\/oli-alimentari-e-cosmetici\/buriti-olio-di-semi\/#breadcrumb"},"inLanguage":"it-IT","potentialAction":[{"@type":"ReadAction","target":["https:\/\/naturalpoland.com\/it\/produkty\/oli-alimentari-e-cosmetici\/buriti-olio-di-semi\/"]}]},{"@type":"ImageObject","inLanguage":"it-IT","@id":"https:\/\/naturalpoland.com\/it\/produkty\/oli-alimentari-e-cosmetici\/buriti-olio-di-semi\/#primaryimage","url":"https:\/\/naturalpoland.com\/wp-content\/uploads\/2021\/05\/buriti-seed-oil.jpg","contentUrl":"https:\/\/naturalpoland.com\/wp-content\/uploads\/2021\/05\/buriti-seed-oil.jpg","width":609,"height":612},{"@type":"BreadcrumbList","@id":"https:\/\/naturalpoland.com\/it\/produkty\/oli-alimentari-e-cosmetici\/buriti-olio-di-semi\/#breadcrumb","itemListElement":[{"@type":"ListItem","position":1,"name":"Home","item":"https:\/\/naturalpoland.com\/it\/"},{"@type":"ListItem","position":2,"name":"Prodotti","item":"https:\/\/naturalpoland.com\/it\/prodotti\/"},{"@type":"ListItem","position":3,"name":"Buriti olio di semi"}]},{"@type":"WebSite","@id":"https:\/\/naturalpoland.com\/it\/#website","url":"https:\/\/naturalpoland.com\/it\/","name":"NATURAL POLAND - Distributore all'ingrosso di materie prime","description":"Surowce dla przemys\u0142u spo\u017cywczego, kosmetycznego i farmaceutycznego","publisher":{"@id":"https:\/\/naturalpoland.com\/it\/#organization"},"potentialAction":[{"@type":"SearchAction","target":{"@type":"EntryPoint","urlTemplate":"https:\/\/naturalpoland.com\/it\/?s={search_term_string}"},"query-input":{"@type":"PropertyValueSpecification","valueRequired":true,"valueName":"search_term_string"}}],"inLanguage":"it-IT"},{"@type":"Organization","@id":"https:\/\/naturalpoland.com\/it\/#organization","name":"Natural Poland","url":"https:\/\/naturalpoland.com\/it\/","logo":{"@type":"ImageObject","inLanguage":"it-IT","@id":"https:\/\/naturalpoland.com\/it\/#\/schema\/logo\/image\/","url":"https:\/\/naturalpoland.com\/wp-content\/uploads\/2021\/05\/natural-poland-icon.png","contentUrl":"https:\/\/naturalpoland.com\/wp-content\/uploads\/2021\/05\/natural-poland-icon.png","width":512,"height":512,"caption":"Natural Poland"},"image":{"@id":"https:\/\/naturalpoland.com\/it\/#\/schema\/logo\/image\/"},"sameAs":["https:\/\/www.facebook.com\/naturalpoland.b2b","https:\/\/pl.linkedin.com\/company\/natural-poland","https:\/\/www.youtube.com\/channel\/UCgeGGkvOMahZo-xu_MSEWxg"]}]}},"_links":{"self":[{"href":"https:\/\/naturalpoland.com\/it\/wp-json\/wp\/v2\/product\/14290","targetHints":{"allow":["GET"]}}],"collection":[{"href":"https:\/\/naturalpoland.com\/it\/wp-json\/wp\/v2\/product"}],"about":[{"href":"https:\/\/naturalpoland.com\/it\/wp-json\/wp\/v2\/types\/product"}],"wp:featuredmedia":[{"embeddable":true,"href":"https:\/\/naturalpoland.com\/it\/wp-json\/wp\/v2\/media\/14294"}],"wp:attachment":[{"href":"https:\/\/naturalpoland.com\/it\/wp-json\/wp\/v2\/media?parent=14290"}],"wp:term":[{"taxonomy":"product_brand","embeddable":true,"href":"https:\/\/naturalpoland.com\/it\/wp-json\/wp\/v2\/product_brand?post=14290"},{"taxonomy":"product_cat","embeddable":true,"href":"https:\/\/naturalpoland.com\/it\/wp-json\/wp\/v2\/product_cat?post=14290"},{"taxonomy":"product_tag","embeddable":true,"href":"https:\/\/naturalpoland.com\/it\/wp-json\/wp\/v2\/product_tag?post=14290"}],"curies":[{"name":"wp","href":"https:\/\/api.w.org\/{rel}","templated":true}]}}