{"id":14359,"date":"2021-05-11T13:51:20","date_gmt":"2021-11-04T11:31:28","guid":{"rendered":"https:\/\/naturalpoland.pl\/produkty\/senza-categoria\/olio-di-semi-di-papaya\/"},"modified":"2021-11-04T12:31:28","modified_gmt":"2021-11-04T11:31:28","slug":"olio-di-semi-di-papaya","status":"publish","type":"product","link":"https:\/\/naturalpoland.com\/it\/produkty\/oli-alimentari-e-cosmetici\/olio-di-semi-di-papaya\/","title":{"rendered":"Olio di semi di papaya"},"content":{"rendered":"<p>L&#8217;olio di semi di papaya contiene acidi grassi insaturi. Tra questi si segnalano gli acidi oleico, palmitico e stearico. Inoltre, contiene anche vitamine nutrizionali E, C e vitamine del gruppo B. Inoltre, contiene magnesio e potassio.<\/p>\n<p>L&#8217;olio di semi di papaya contiene anche <strong>licopene<\/strong> , che protegge dalle radiazioni ultraviolette. Contiene anche <strong>papaina<\/strong> , un enzima che viene utilizzato nell&#8217;esfoliazione dell&#8217;epidermide.<\/p>\n","protected":false},"excerpt":{"rendered":"<p>L&#8217;olio di semi di papaya \u00e8 pi\u00f9 comunemente usato per la cura della pelle. Uniforma il colore e riduce la visibilit\u00e0 delle rughe. \u00c8 adatto anche come aggiunta ai cosmetici che esfoliano le cellule morte della pelle. Ha anche un effetto idratante, quindi pu\u00f2 essere applicato sulla pelle screpolata sui talloni.<\/p>\n","protected":false},"featured_media":14362,"template":"","meta":{"_acf_changed":false},"product_brand":[],"product_cat":[1534],"product_tag":[],"class_list":{"0":"post-14359","1":"product","2":"type-product","3":"status-publish","4":"has-post-thumbnail","6":"product_cat-oli-alimentari-e-cosmetici","8":"first","9":"instock","10":"shipping-taxable","11":"product-type-simple"},"acf":[],"yoast_head":"<!-- This site is optimized with the Yoast SEO plugin v27.5 - https:\/\/yoast.com\/product\/yoast-seo-wordpress\/ -->\n<title>Olio di semi di papaya - Distributore all&#039;ingrosso<\/title>\n<meta name=\"robots\" content=\"index, follow, max-snippet:-1, max-image-preview:large, max-video-preview:-1\" \/>\n<link rel=\"canonical\" href=\"https:\/\/naturalpoland.com\/it\/produkty\/oli-alimentari-e-cosmetici\/olio-di-semi-di-papaya\/\" \/>\n<meta property=\"og:locale\" content=\"it_IT\" \/>\n<meta property=\"og:type\" content=\"article\" \/>\n<meta property=\"og:title\" content=\"Olio di semi di papaya - Distributore all&#039;ingrosso\" \/>\n<meta property=\"og:description\" content=\"L&#039;olio di semi di papaya \u00e8 pi\u00f9 comunemente usato per la cura della pelle. Uniforma il colore e riduce la visibilit\u00e0 delle rughe. \u00c8 adatto anche come aggiunta ai cosmetici che esfoliano le cellule morte della pelle. Ha anche un effetto idratante, quindi pu\u00f2 essere applicato sulla pelle screpolata sui talloni.\" \/>\n<meta property=\"og:url\" content=\"https:\/\/naturalpoland.com\/it\/produkty\/oli-alimentari-e-cosmetici\/olio-di-semi-di-papaya\/\" \/>\n<meta property=\"og:site_name\" content=\"NATURAL POLAND - Distributore all&#039;ingrosso di materie prime\" \/>\n<meta property=\"article:publisher\" content=\"https:\/\/www.facebook.com\/naturalpoland.b2b\" \/>\n<meta property=\"og:image\" content=\"https:\/\/naturalpoland.com\/wp-content\/uploads\/2021\/05\/papaya-seed-oil.jpg\" \/>\n\t<meta property=\"og:image:width\" content=\"850\" \/>\n\t<meta property=\"og:image:height\" content=\"570\" \/>\n\t<meta property=\"og:image:type\" content=\"image\/jpeg\" \/>\n<script type=\"application\/ld+json\" class=\"yoast-schema-graph\">{\"@context\":\"https:\\\/\\\/schema.org\",\"@graph\":[{\"@type\":\"WebPage\",\"@id\":\"https:\\\/\\\/naturalpoland.com\\\/it\\\/produkty\\\/oli-alimentari-e-cosmetici\\\/olio-di-semi-di-papaya\\\/\",\"url\":\"https:\\\/\\\/naturalpoland.com\\\/it\\\/produkty\\\/oli-alimentari-e-cosmetici\\\/olio-di-semi-di-papaya\\\/\",\"name\":\"Olio di semi di papaya - Distributore all'ingrosso\",\"isPartOf\":{\"@id\":\"https:\\\/\\\/naturalpoland.com\\\/it\\\/#website\"},\"primaryImageOfPage\":{\"@id\":\"https:\\\/\\\/naturalpoland.com\\\/it\\\/produkty\\\/oli-alimentari-e-cosmetici\\\/olio-di-semi-di-papaya\\\/#primaryimage\"},\"image\":{\"@id\":\"https:\\\/\\\/naturalpoland.com\\\/it\\\/produkty\\\/oli-alimentari-e-cosmetici\\\/olio-di-semi-di-papaya\\\/#primaryimage\"},\"thumbnailUrl\":\"https:\\\/\\\/naturalpoland.com\\\/wp-content\\\/uploads\\\/2021\\\/05\\\/papaya-seed-oil.jpg\",\"datePublished\":\"2021-11-04T11:31:28+00:00\",\"breadcrumb\":{\"@id\":\"https:\\\/\\\/naturalpoland.com\\\/it\\\/produkty\\\/oli-alimentari-e-cosmetici\\\/olio-di-semi-di-papaya\\\/#breadcrumb\"},\"inLanguage\":\"it-IT\",\"potentialAction\":[{\"@type\":\"ReadAction\",\"target\":[\"https:\\\/\\\/naturalpoland.com\\\/it\\\/produkty\\\/oli-alimentari-e-cosmetici\\\/olio-di-semi-di-papaya\\\/\"]}]},{\"@type\":\"ImageObject\",\"inLanguage\":\"it-IT\",\"@id\":\"https:\\\/\\\/naturalpoland.com\\\/it\\\/produkty\\\/oli-alimentari-e-cosmetici\\\/olio-di-semi-di-papaya\\\/#primaryimage\",\"url\":\"https:\\\/\\\/naturalpoland.com\\\/wp-content\\\/uploads\\\/2021\\\/05\\\/papaya-seed-oil.jpg\",\"contentUrl\":\"https:\\\/\\\/naturalpoland.com\\\/wp-content\\\/uploads\\\/2021\\\/05\\\/papaya-seed-oil.jpg\",\"width\":850,\"height\":570},{\"@type\":\"BreadcrumbList\",\"@id\":\"https:\\\/\\\/naturalpoland.com\\\/it\\\/produkty\\\/oli-alimentari-e-cosmetici\\\/olio-di-semi-di-papaya\\\/#breadcrumb\",\"itemListElement\":[{\"@type\":\"ListItem\",\"position\":1,\"name\":\"Home\",\"item\":\"https:\\\/\\\/naturalpoland.com\\\/it\\\/\"},{\"@type\":\"ListItem\",\"position\":2,\"name\":\"Prodotti\",\"item\":\"https:\\\/\\\/naturalpoland.com\\\/it\\\/prodotti\\\/\"},{\"@type\":\"ListItem\",\"position\":3,\"name\":\"Olio di semi di papaya\"}]},{\"@type\":\"WebSite\",\"@id\":\"https:\\\/\\\/naturalpoland.com\\\/it\\\/#website\",\"url\":\"https:\\\/\\\/naturalpoland.com\\\/it\\\/\",\"name\":\"NATURAL POLAND - Distributore all'ingrosso di materie prime\",\"description\":\"Surowce dla przemys\u0142u spo\u017cywczego, kosmetycznego i farmaceutycznego\",\"publisher\":{\"@id\":\"https:\\\/\\\/naturalpoland.com\\\/it\\\/#organization\"},\"potentialAction\":[{\"@type\":\"SearchAction\",\"target\":{\"@type\":\"EntryPoint\",\"urlTemplate\":\"https:\\\/\\\/naturalpoland.com\\\/it\\\/?s={search_term_string}\"},\"query-input\":{\"@type\":\"PropertyValueSpecification\",\"valueRequired\":true,\"valueName\":\"search_term_string\"}}],\"inLanguage\":\"it-IT\"},{\"@type\":\"Organization\",\"@id\":\"https:\\\/\\\/naturalpoland.com\\\/it\\\/#organization\",\"name\":\"Natural Poland\",\"url\":\"https:\\\/\\\/naturalpoland.com\\\/it\\\/\",\"logo\":{\"@type\":\"ImageObject\",\"inLanguage\":\"it-IT\",\"@id\":\"https:\\\/\\\/naturalpoland.com\\\/it\\\/#\\\/schema\\\/logo\\\/image\\\/\",\"url\":\"https:\\\/\\\/naturalpoland.com\\\/wp-content\\\/uploads\\\/2021\\\/05\\\/natural-poland-icon.png\",\"contentUrl\":\"https:\\\/\\\/naturalpoland.com\\\/wp-content\\\/uploads\\\/2021\\\/05\\\/natural-poland-icon.png\",\"width\":512,\"height\":512,\"caption\":\"Natural Poland\"},\"image\":{\"@id\":\"https:\\\/\\\/naturalpoland.com\\\/it\\\/#\\\/schema\\\/logo\\\/image\\\/\"},\"sameAs\":[\"https:\\\/\\\/www.facebook.com\\\/naturalpoland.b2b\",\"https:\\\/\\\/pl.linkedin.com\\\/company\\\/natural-poland\",\"https:\\\/\\\/www.youtube.com\\\/channel\\\/UCgeGGkvOMahZo-xu_MSEWxg\"]}]}<\/script>\n<!-- \/ Yoast SEO plugin. -->","yoast_head_json":{"title":"Olio di semi di papaya - Distributore all'ingrosso","robots":{"index":"index","follow":"follow","max-snippet":"max-snippet:-1","max-image-preview":"max-image-preview:large","max-video-preview":"max-video-preview:-1"},"canonical":"https:\/\/naturalpoland.com\/it\/produkty\/oli-alimentari-e-cosmetici\/olio-di-semi-di-papaya\/","og_locale":"it_IT","og_type":"article","og_title":"Olio di semi di papaya - Distributore all'ingrosso","og_description":"L'olio di semi di papaya \u00e8 pi\u00f9 comunemente usato per la cura della pelle. Uniforma il colore e riduce la visibilit\u00e0 delle rughe. \u00c8 adatto anche come aggiunta ai cosmetici che esfoliano le cellule morte della pelle. Ha anche un effetto idratante, quindi pu\u00f2 essere applicato sulla pelle screpolata sui talloni.","og_url":"https:\/\/naturalpoland.com\/it\/produkty\/oli-alimentari-e-cosmetici\/olio-di-semi-di-papaya\/","og_site_name":"NATURAL POLAND - Distributore all'ingrosso di materie prime","article_publisher":"https:\/\/www.facebook.com\/naturalpoland.b2b","og_image":[{"width":850,"height":570,"url":"https:\/\/naturalpoland.com\/wp-content\/uploads\/2021\/05\/papaya-seed-oil.jpg","type":"image\/jpeg"}],"schema":{"@context":"https:\/\/schema.org","@graph":[{"@type":"WebPage","@id":"https:\/\/naturalpoland.com\/it\/produkty\/oli-alimentari-e-cosmetici\/olio-di-semi-di-papaya\/","url":"https:\/\/naturalpoland.com\/it\/produkty\/oli-alimentari-e-cosmetici\/olio-di-semi-di-papaya\/","name":"Olio di semi di papaya - Distributore all'ingrosso","isPartOf":{"@id":"https:\/\/naturalpoland.com\/it\/#website"},"primaryImageOfPage":{"@id":"https:\/\/naturalpoland.com\/it\/produkty\/oli-alimentari-e-cosmetici\/olio-di-semi-di-papaya\/#primaryimage"},"image":{"@id":"https:\/\/naturalpoland.com\/it\/produkty\/oli-alimentari-e-cosmetici\/olio-di-semi-di-papaya\/#primaryimage"},"thumbnailUrl":"https:\/\/naturalpoland.com\/wp-content\/uploads\/2021\/05\/papaya-seed-oil.jpg","datePublished":"2021-11-04T11:31:28+00:00","breadcrumb":{"@id":"https:\/\/naturalpoland.com\/it\/produkty\/oli-alimentari-e-cosmetici\/olio-di-semi-di-papaya\/#breadcrumb"},"inLanguage":"it-IT","potentialAction":[{"@type":"ReadAction","target":["https:\/\/naturalpoland.com\/it\/produkty\/oli-alimentari-e-cosmetici\/olio-di-semi-di-papaya\/"]}]},{"@type":"ImageObject","inLanguage":"it-IT","@id":"https:\/\/naturalpoland.com\/it\/produkty\/oli-alimentari-e-cosmetici\/olio-di-semi-di-papaya\/#primaryimage","url":"https:\/\/naturalpoland.com\/wp-content\/uploads\/2021\/05\/papaya-seed-oil.jpg","contentUrl":"https:\/\/naturalpoland.com\/wp-content\/uploads\/2021\/05\/papaya-seed-oil.jpg","width":850,"height":570},{"@type":"BreadcrumbList","@id":"https:\/\/naturalpoland.com\/it\/produkty\/oli-alimentari-e-cosmetici\/olio-di-semi-di-papaya\/#breadcrumb","itemListElement":[{"@type":"ListItem","position":1,"name":"Home","item":"https:\/\/naturalpoland.com\/it\/"},{"@type":"ListItem","position":2,"name":"Prodotti","item":"https:\/\/naturalpoland.com\/it\/prodotti\/"},{"@type":"ListItem","position":3,"name":"Olio di semi di papaya"}]},{"@type":"WebSite","@id":"https:\/\/naturalpoland.com\/it\/#website","url":"https:\/\/naturalpoland.com\/it\/","name":"NATURAL POLAND - Distributore all'ingrosso di materie prime","description":"Surowce dla przemys\u0142u spo\u017cywczego, kosmetycznego i farmaceutycznego","publisher":{"@id":"https:\/\/naturalpoland.com\/it\/#organization"},"potentialAction":[{"@type":"SearchAction","target":{"@type":"EntryPoint","urlTemplate":"https:\/\/naturalpoland.com\/it\/?s={search_term_string}"},"query-input":{"@type":"PropertyValueSpecification","valueRequired":true,"valueName":"search_term_string"}}],"inLanguage":"it-IT"},{"@type":"Organization","@id":"https:\/\/naturalpoland.com\/it\/#organization","name":"Natural Poland","url":"https:\/\/naturalpoland.com\/it\/","logo":{"@type":"ImageObject","inLanguage":"it-IT","@id":"https:\/\/naturalpoland.com\/it\/#\/schema\/logo\/image\/","url":"https:\/\/naturalpoland.com\/wp-content\/uploads\/2021\/05\/natural-poland-icon.png","contentUrl":"https:\/\/naturalpoland.com\/wp-content\/uploads\/2021\/05\/natural-poland-icon.png","width":512,"height":512,"caption":"Natural Poland"},"image":{"@id":"https:\/\/naturalpoland.com\/it\/#\/schema\/logo\/image\/"},"sameAs":["https:\/\/www.facebook.com\/naturalpoland.b2b","https:\/\/pl.linkedin.com\/company\/natural-poland","https:\/\/www.youtube.com\/channel\/UCgeGGkvOMahZo-xu_MSEWxg"]}]}},"_links":{"self":[{"href":"https:\/\/naturalpoland.com\/it\/wp-json\/wp\/v2\/product\/14359","targetHints":{"allow":["GET"]}}],"collection":[{"href":"https:\/\/naturalpoland.com\/it\/wp-json\/wp\/v2\/product"}],"about":[{"href":"https:\/\/naturalpoland.com\/it\/wp-json\/wp\/v2\/types\/product"}],"wp:featuredmedia":[{"embeddable":true,"href":"https:\/\/naturalpoland.com\/it\/wp-json\/wp\/v2\/media\/14362"}],"wp:attachment":[{"href":"https:\/\/naturalpoland.com\/it\/wp-json\/wp\/v2\/media?parent=14359"}],"wp:term":[{"taxonomy":"product_brand","embeddable":true,"href":"https:\/\/naturalpoland.com\/it\/wp-json\/wp\/v2\/product_brand?post=14359"},{"taxonomy":"product_cat","embeddable":true,"href":"https:\/\/naturalpoland.com\/it\/wp-json\/wp\/v2\/product_cat?post=14359"},{"taxonomy":"product_tag","embeddable":true,"href":"https:\/\/naturalpoland.com\/it\/wp-json\/wp\/v2\/product_tag?post=14359"}],"curies":[{"name":"wp","href":"https:\/\/api.w.org\/{rel}","templated":true}]}}