{"id":14361,"date":"2021-05-11T13:51:21","date_gmt":"2021-11-04T11:31:30","guid":{"rendered":"https:\/\/naturalpoland.pl\/produkty\/senza-categoria\/olio-di-semi-di-prezzemolo\/"},"modified":"2024-11-13T13:45:55","modified_gmt":"2024-11-13T12:45:55","slug":"prezzemolo-olio-di-semi","status":"publish","type":"product","link":"https:\/\/naturalpoland.com\/it\/produkty\/prodotti-per-industria-cosmetica\/oli-cosmetici\/prezzemolo-olio-di-semi\/","title":{"rendered":"Olio di semi di prezzemolo"},"content":{"rendered":"<h2>Propriet\u00e0 dell&#8217;olio di prezzemolo<\/h2>\n<p>L&#8217;olio di semi di prezzemolo contiene molti nutrienti, tra cui gli acidi grassi monoinsaturi, in particolare l&#8217;acido oleico (45,8%) e l&#8217;acido linoleico (44,6%), oltre a preziosi oli essenziali come l&#8217;apiolo, la miristicina e il limonene. <strong>Nell&#8217;uso alimentare,<\/strong> l&#8217;olio migliora la digestione e l&#8217;assorbimento degli alimenti. Ha un effetto <strong>colagogo<\/strong> e stimola la secrezione dei succhi digestivi. Inoltre, pu\u00f2 alleviare il reflusso, la stitichezza e la flatulenza promuovendo il movimento peristaltico dell&#8217;intestino. L&#8217;olio ha anche un effetto <strong>diuretico<\/strong>, quindi favorisce la pulizia del tratto urinario e aumenta il flusso sanguigno attraverso i reni. Protegge dalle infezioni, riduce il gonfiore e supporta i processi di disintossicazione dell&#8217;organismo. L&#8217;olio di semi di prezzemolo \u00e8 sconsigliato alle donne in gravidanza e in allattamento perch\u00e9 pu\u00f2 stimolare le contrazioni uterine. Inoltre, non deve essere utilizzato in quantit\u00e0 eccessive a causa delle interazioni con i farmaci. <strong>Nell&#8217;uso cosmetico, l&#8217;<\/strong> olio di prezzemolo mostra propriet\u00e0 <strong>antinfiammatorie<\/strong> e <strong>antibatteriche<\/strong>. Pu\u00f2 essere applicato topicamente sulle aree interessate per aiutare a guarire ferite e graffi e ridurre l&#8217;infiammazione. L&#8217;olio pu\u00f2 essere utilizzato anche nei cosmetici per pelli mature, vascolari e grasse per uniformare il tono della pelle, idratare e illuminare l&#8217;incarnato. Grazie al suo contenuto di vitamina C, l&#8217;olio ha un effetto <strong>depigmentante<\/strong> e riduce le occhiaie e le discromie. Inoltre, grazie al suo contenuto di acido petroselico, questo olio favorisce la produzione di collagene ed elastina. Se utilizzato nei cosmetici per il corpo, l&#8217;olio di semi di prezzemolo migliora la circolazione e rafforza le pareti dei vasi sanguigni, minimizzando l&#8217;aspetto delle &#8220;vene di ragno&#8221;. Inoltre, questo prodotto stimola la crescita dei capelli, ne riduce la caduta, ne rafforza le radici e ne migliora la condizione.<\/p>\n","protected":false},"excerpt":{"rendered":"<p>L&#8217;olio <strong>di semi di prezzemolo<\/strong> \u00e8 un olio non raffinato e spremuto a freddo con applicazioni alimentari, cosmetiche e di aromaterapia.<\/p>\n","protected":false},"featured_media":37739,"template":"","meta":{"_acf_changed":false},"product_brand":[],"product_cat":[1517,1534,1523],"product_tag":[],"class_list":{"0":"post-14361","1":"product","2":"type-product","3":"status-publish","4":"has-post-thumbnail","6":"product_cat-oli-alimentari","7":"product_cat-oli-alimentari-e-cosmetici","8":"product_cat-oli-cosmetici","9":"pa_czesc-rosliny-semi","10":"pa_metoda-pozyskiwania-spremitura-a-freddo","12":"first","13":"instock","14":"shipping-taxable","15":"product-type-simple"},"acf":[],"yoast_head":"<!-- This site is optimized with the Yoast SEO plugin v27.4 - https:\/\/yoast.com\/product\/yoast-seo-wordpress\/ -->\n<title>Olio di semi di prezzemolo - Distributore all&#039;ingrosso di materie prime NATURAL POLAND - Distributore all&#039;ingrosso di materie prime<\/title>\n<meta name=\"description\" content=\"L&#039;olio di semi di prezzemolo \u00e8 un olio non raffinato e spremuto a freddo che funziona bene sia in campo alimentare che cosmetico.\" \/>\n<meta name=\"robots\" content=\"index, follow, max-snippet:-1, max-image-preview:large, max-video-preview:-1\" \/>\n<link rel=\"canonical\" href=\"https:\/\/naturalpoland.com\/it\/produkty\/prodotti-per-industria-cosmetica\/oli-cosmetici\/prezzemolo-olio-di-semi\/\" \/>\n<meta property=\"og:locale\" content=\"it_IT\" \/>\n<meta property=\"og:type\" content=\"article\" \/>\n<meta property=\"og:title\" content=\"Olio di semi di prezzemolo - Distributore all&#039;ingrosso di materie prime NATURAL POLAND - Distributore all&#039;ingrosso di materie prime\" \/>\n<meta property=\"og:description\" content=\"L&#039;olio di semi di prezzemolo \u00e8 un olio non raffinato e spremuto a freddo che funziona bene sia in campo alimentare che cosmetico.\" \/>\n<meta property=\"og:url\" content=\"https:\/\/naturalpoland.com\/it\/produkty\/prodotti-per-industria-cosmetica\/oli-cosmetici\/prezzemolo-olio-di-semi\/\" \/>\n<meta property=\"og:site_name\" content=\"NATURAL POLAND - Distributore all&#039;ingrosso di materie prime\" \/>\n<meta property=\"article:publisher\" content=\"https:\/\/www.facebook.com\/naturalpoland.b2b\" \/>\n<meta property=\"article:modified_time\" content=\"2024-11-13T12:45:55+00:00\" \/>\n<meta property=\"og:image\" content=\"https:\/\/naturalpoland.com\/wp-content\/uploads\/olej-z-nasion-pietruszki.webp\" \/>\n\t<meta property=\"og:image:width\" content=\"700\" \/>\n\t<meta property=\"og:image:height\" content=\"700\" \/>\n\t<meta property=\"og:image:type\" content=\"image\/webp\" \/>\n<script type=\"application\/ld+json\" class=\"yoast-schema-graph\">{\"@context\":\"https:\\\/\\\/schema.org\",\"@graph\":[{\"@type\":\"WebPage\",\"@id\":\"https:\\\/\\\/naturalpoland.com\\\/it\\\/produkty\\\/prodotti-per-industria-cosmetica\\\/oli-cosmetici\\\/prezzemolo-olio-di-semi\\\/\",\"url\":\"https:\\\/\\\/naturalpoland.com\\\/it\\\/produkty\\\/prodotti-per-industria-cosmetica\\\/oli-cosmetici\\\/prezzemolo-olio-di-semi\\\/\",\"name\":\"Olio di semi di prezzemolo - Distributore all'ingrosso di materie prime NATURAL POLAND - Distributore all'ingrosso di materie prime\",\"isPartOf\":{\"@id\":\"https:\\\/\\\/naturalpoland.com\\\/it\\\/#website\"},\"primaryImageOfPage\":{\"@id\":\"https:\\\/\\\/naturalpoland.com\\\/it\\\/produkty\\\/prodotti-per-industria-cosmetica\\\/oli-cosmetici\\\/prezzemolo-olio-di-semi\\\/#primaryimage\"},\"image\":{\"@id\":\"https:\\\/\\\/naturalpoland.com\\\/it\\\/produkty\\\/prodotti-per-industria-cosmetica\\\/oli-cosmetici\\\/prezzemolo-olio-di-semi\\\/#primaryimage\"},\"thumbnailUrl\":\"https:\\\/\\\/naturalpoland.com\\\/wp-content\\\/uploads\\\/olej-z-nasion-pietruszki.webp\",\"datePublished\":\"2021-11-04T11:31:30+00:00\",\"dateModified\":\"2024-11-13T12:45:55+00:00\",\"description\":\"L'olio di semi di prezzemolo \u00e8 un olio non raffinato e spremuto a freddo che funziona bene sia in campo alimentare che cosmetico.\",\"breadcrumb\":{\"@id\":\"https:\\\/\\\/naturalpoland.com\\\/it\\\/produkty\\\/prodotti-per-industria-cosmetica\\\/oli-cosmetici\\\/prezzemolo-olio-di-semi\\\/#breadcrumb\"},\"inLanguage\":\"it-IT\",\"potentialAction\":[{\"@type\":\"ReadAction\",\"target\":[\"https:\\\/\\\/naturalpoland.com\\\/it\\\/produkty\\\/prodotti-per-industria-cosmetica\\\/oli-cosmetici\\\/prezzemolo-olio-di-semi\\\/\"]}]},{\"@type\":\"ImageObject\",\"inLanguage\":\"it-IT\",\"@id\":\"https:\\\/\\\/naturalpoland.com\\\/it\\\/produkty\\\/prodotti-per-industria-cosmetica\\\/oli-cosmetici\\\/prezzemolo-olio-di-semi\\\/#primaryimage\",\"url\":\"https:\\\/\\\/naturalpoland.com\\\/wp-content\\\/uploads\\\/olej-z-nasion-pietruszki.webp\",\"contentUrl\":\"https:\\\/\\\/naturalpoland.com\\\/wp-content\\\/uploads\\\/olej-z-nasion-pietruszki.webp\",\"width\":700,\"height\":700,\"caption\":\"Olej z nasion pietruszki\"},{\"@type\":\"BreadcrumbList\",\"@id\":\"https:\\\/\\\/naturalpoland.com\\\/it\\\/produkty\\\/prodotti-per-industria-cosmetica\\\/oli-cosmetici\\\/prezzemolo-olio-di-semi\\\/#breadcrumb\",\"itemListElement\":[{\"@type\":\"ListItem\",\"position\":1,\"name\":\"Home\",\"item\":\"https:\\\/\\\/naturalpoland.com\\\/it\\\/\"},{\"@type\":\"ListItem\",\"position\":2,\"name\":\"Prodotti\",\"item\":\"https:\\\/\\\/naturalpoland.com\\\/it\\\/prodotti\\\/\"},{\"@type\":\"ListItem\",\"position\":3,\"name\":\"Olio di semi di prezzemolo\"}]},{\"@type\":\"WebSite\",\"@id\":\"https:\\\/\\\/naturalpoland.com\\\/it\\\/#website\",\"url\":\"https:\\\/\\\/naturalpoland.com\\\/it\\\/\",\"name\":\"NATURAL POLAND - Distributore all'ingrosso di materie prime\",\"description\":\"Surowce dla przemys\u0142u spo\u017cywczego, kosmetycznego i farmaceutycznego\",\"publisher\":{\"@id\":\"https:\\\/\\\/naturalpoland.com\\\/it\\\/#organization\"},\"potentialAction\":[{\"@type\":\"SearchAction\",\"target\":{\"@type\":\"EntryPoint\",\"urlTemplate\":\"https:\\\/\\\/naturalpoland.com\\\/it\\\/?s={search_term_string}\"},\"query-input\":{\"@type\":\"PropertyValueSpecification\",\"valueRequired\":true,\"valueName\":\"search_term_string\"}}],\"inLanguage\":\"it-IT\"},{\"@type\":\"Organization\",\"@id\":\"https:\\\/\\\/naturalpoland.com\\\/it\\\/#organization\",\"name\":\"Natural Poland\",\"url\":\"https:\\\/\\\/naturalpoland.com\\\/it\\\/\",\"logo\":{\"@type\":\"ImageObject\",\"inLanguage\":\"it-IT\",\"@id\":\"https:\\\/\\\/naturalpoland.com\\\/it\\\/#\\\/schema\\\/logo\\\/image\\\/\",\"url\":\"https:\\\/\\\/naturalpoland.com\\\/wp-content\\\/uploads\\\/2021\\\/05\\\/natural-poland-icon.png\",\"contentUrl\":\"https:\\\/\\\/naturalpoland.com\\\/wp-content\\\/uploads\\\/2021\\\/05\\\/natural-poland-icon.png\",\"width\":512,\"height\":512,\"caption\":\"Natural Poland\"},\"image\":{\"@id\":\"https:\\\/\\\/naturalpoland.com\\\/it\\\/#\\\/schema\\\/logo\\\/image\\\/\"},\"sameAs\":[\"https:\\\/\\\/www.facebook.com\\\/naturalpoland.b2b\",\"https:\\\/\\\/pl.linkedin.com\\\/company\\\/natural-poland\",\"https:\\\/\\\/www.youtube.com\\\/channel\\\/UCgeGGkvOMahZo-xu_MSEWxg\"]}]}<\/script>\n<!-- \/ Yoast SEO plugin. -->","yoast_head_json":{"title":"Olio di semi di prezzemolo - Distributore all'ingrosso di materie prime NATURAL POLAND - Distributore all'ingrosso di materie prime","description":"L'olio di semi di prezzemolo \u00e8 un olio non raffinato e spremuto a freddo che funziona bene sia in campo alimentare che cosmetico.","robots":{"index":"index","follow":"follow","max-snippet":"max-snippet:-1","max-image-preview":"max-image-preview:large","max-video-preview":"max-video-preview:-1"},"canonical":"https:\/\/naturalpoland.com\/it\/produkty\/prodotti-per-industria-cosmetica\/oli-cosmetici\/prezzemolo-olio-di-semi\/","og_locale":"it_IT","og_type":"article","og_title":"Olio di semi di prezzemolo - Distributore all'ingrosso di materie prime NATURAL POLAND - Distributore all'ingrosso di materie prime","og_description":"L'olio di semi di prezzemolo \u00e8 un olio non raffinato e spremuto a freddo che funziona bene sia in campo alimentare che cosmetico.","og_url":"https:\/\/naturalpoland.com\/it\/produkty\/prodotti-per-industria-cosmetica\/oli-cosmetici\/prezzemolo-olio-di-semi\/","og_site_name":"NATURAL POLAND - Distributore all'ingrosso di materie prime","article_publisher":"https:\/\/www.facebook.com\/naturalpoland.b2b","article_modified_time":"2024-11-13T12:45:55+00:00","og_image":[{"width":700,"height":700,"url":"https:\/\/naturalpoland.com\/wp-content\/uploads\/olej-z-nasion-pietruszki.webp","type":"image\/webp"}],"schema":{"@context":"https:\/\/schema.org","@graph":[{"@type":"WebPage","@id":"https:\/\/naturalpoland.com\/it\/produkty\/prodotti-per-industria-cosmetica\/oli-cosmetici\/prezzemolo-olio-di-semi\/","url":"https:\/\/naturalpoland.com\/it\/produkty\/prodotti-per-industria-cosmetica\/oli-cosmetici\/prezzemolo-olio-di-semi\/","name":"Olio di semi di prezzemolo - Distributore all'ingrosso di materie prime NATURAL POLAND - Distributore all'ingrosso di materie prime","isPartOf":{"@id":"https:\/\/naturalpoland.com\/it\/#website"},"primaryImageOfPage":{"@id":"https:\/\/naturalpoland.com\/it\/produkty\/prodotti-per-industria-cosmetica\/oli-cosmetici\/prezzemolo-olio-di-semi\/#primaryimage"},"image":{"@id":"https:\/\/naturalpoland.com\/it\/produkty\/prodotti-per-industria-cosmetica\/oli-cosmetici\/prezzemolo-olio-di-semi\/#primaryimage"},"thumbnailUrl":"https:\/\/naturalpoland.com\/wp-content\/uploads\/olej-z-nasion-pietruszki.webp","datePublished":"2021-11-04T11:31:30+00:00","dateModified":"2024-11-13T12:45:55+00:00","description":"L'olio di semi di prezzemolo \u00e8 un olio non raffinato e spremuto a freddo che funziona bene sia in campo alimentare che cosmetico.","breadcrumb":{"@id":"https:\/\/naturalpoland.com\/it\/produkty\/prodotti-per-industria-cosmetica\/oli-cosmetici\/prezzemolo-olio-di-semi\/#breadcrumb"},"inLanguage":"it-IT","potentialAction":[{"@type":"ReadAction","target":["https:\/\/naturalpoland.com\/it\/produkty\/prodotti-per-industria-cosmetica\/oli-cosmetici\/prezzemolo-olio-di-semi\/"]}]},{"@type":"ImageObject","inLanguage":"it-IT","@id":"https:\/\/naturalpoland.com\/it\/produkty\/prodotti-per-industria-cosmetica\/oli-cosmetici\/prezzemolo-olio-di-semi\/#primaryimage","url":"https:\/\/naturalpoland.com\/wp-content\/uploads\/olej-z-nasion-pietruszki.webp","contentUrl":"https:\/\/naturalpoland.com\/wp-content\/uploads\/olej-z-nasion-pietruszki.webp","width":700,"height":700,"caption":"Olej z nasion pietruszki"},{"@type":"BreadcrumbList","@id":"https:\/\/naturalpoland.com\/it\/produkty\/prodotti-per-industria-cosmetica\/oli-cosmetici\/prezzemolo-olio-di-semi\/#breadcrumb","itemListElement":[{"@type":"ListItem","position":1,"name":"Home","item":"https:\/\/naturalpoland.com\/it\/"},{"@type":"ListItem","position":2,"name":"Prodotti","item":"https:\/\/naturalpoland.com\/it\/prodotti\/"},{"@type":"ListItem","position":3,"name":"Olio di semi di prezzemolo"}]},{"@type":"WebSite","@id":"https:\/\/naturalpoland.com\/it\/#website","url":"https:\/\/naturalpoland.com\/it\/","name":"NATURAL POLAND - Distributore all'ingrosso di materie prime","description":"Surowce dla przemys\u0142u spo\u017cywczego, kosmetycznego i farmaceutycznego","publisher":{"@id":"https:\/\/naturalpoland.com\/it\/#organization"},"potentialAction":[{"@type":"SearchAction","target":{"@type":"EntryPoint","urlTemplate":"https:\/\/naturalpoland.com\/it\/?s={search_term_string}"},"query-input":{"@type":"PropertyValueSpecification","valueRequired":true,"valueName":"search_term_string"}}],"inLanguage":"it-IT"},{"@type":"Organization","@id":"https:\/\/naturalpoland.com\/it\/#organization","name":"Natural Poland","url":"https:\/\/naturalpoland.com\/it\/","logo":{"@type":"ImageObject","inLanguage":"it-IT","@id":"https:\/\/naturalpoland.com\/it\/#\/schema\/logo\/image\/","url":"https:\/\/naturalpoland.com\/wp-content\/uploads\/2021\/05\/natural-poland-icon.png","contentUrl":"https:\/\/naturalpoland.com\/wp-content\/uploads\/2021\/05\/natural-poland-icon.png","width":512,"height":512,"caption":"Natural Poland"},"image":{"@id":"https:\/\/naturalpoland.com\/it\/#\/schema\/logo\/image\/"},"sameAs":["https:\/\/www.facebook.com\/naturalpoland.b2b","https:\/\/pl.linkedin.com\/company\/natural-poland","https:\/\/www.youtube.com\/channel\/UCgeGGkvOMahZo-xu_MSEWxg"]}]}},"_links":{"self":[{"href":"https:\/\/naturalpoland.com\/it\/wp-json\/wp\/v2\/product\/14361","targetHints":{"allow":["GET"]}}],"collection":[{"href":"https:\/\/naturalpoland.com\/it\/wp-json\/wp\/v2\/product"}],"about":[{"href":"https:\/\/naturalpoland.com\/it\/wp-json\/wp\/v2\/types\/product"}],"wp:featuredmedia":[{"embeddable":true,"href":"https:\/\/naturalpoland.com\/it\/wp-json\/wp\/v2\/media\/37739"}],"wp:attachment":[{"href":"https:\/\/naturalpoland.com\/it\/wp-json\/wp\/v2\/media?parent=14361"}],"wp:term":[{"taxonomy":"product_brand","embeddable":true,"href":"https:\/\/naturalpoland.com\/it\/wp-json\/wp\/v2\/product_brand?post=14361"},{"taxonomy":"product_cat","embeddable":true,"href":"https:\/\/naturalpoland.com\/it\/wp-json\/wp\/v2\/product_cat?post=14361"},{"taxonomy":"product_tag","embeddable":true,"href":"https:\/\/naturalpoland.com\/it\/wp-json\/wp\/v2\/product_tag?post=14361"}],"curies":[{"name":"wp","href":"https:\/\/api.w.org\/{rel}","templated":true}]}}