{"id":14387,"date":"2021-05-11T13:52:07","date_gmt":"2021-11-04T11:31:58","guid":{"rendered":"https:\/\/naturalpoland.pl\/produkty\/senza-categoria\/olio-di-noce-di-macadamia\/"},"modified":"2021-11-04T12:31:58","modified_gmt":"2021-11-04T11:31:58","slug":"olio-di-noce-macadamia","status":"publish","type":"product","link":"https:\/\/naturalpoland.com\/it\/produkty\/oli-alimentari-e-cosmetici\/olio-di-noce-macadamia\/","title":{"rendered":"Olio di noce di macadamia"},"content":{"rendered":"<p>Perfetto per la pelle:<br \/>\nL&#8217;olio di macadamia ha un&#8217;affinit\u00e0 per il sebo. Pertanto, \u00e8 perfettamente tollerato dalla pelle. Applicato crea una barriera protettiva, favorisce la rigenerazione e ha propriet\u00e0 antinfiammatorie. Rassoda, lenisce e migliora l&#8217;aspetto generale della pelle. Perfetto per la cura quotidiana.<\/p>\n","protected":false},"excerpt":{"rendered":"<p><strong>L&#8217;olio di noce di macadamia<\/strong> \u00e8 una ricca fonte di acidi grassi monoinsaturi omega-9 (cio\u00e8 acido oleico). Le noci sono la fonte pi\u00f9 ricca di questi grassi e superano di gran lunga il contenuto di olio d&#8217;oliva. \u00c8 importante sottolineare che contengono anche fitosteroli vegetali e il rarissimo acido omega 7, ovvero l&#8217;acido palmitoleico, che ha un effetto protettivo sulle cellule. Questo olio contiene anche tocoferoli e squalene.<\/p>\n","protected":false},"featured_media":14391,"template":"","meta":[],"product_brand":[],"product_cat":[1534],"product_tag":[],"class_list":{"0":"post-14387","1":"product","2":"type-product","3":"status-publish","4":"has-post-thumbnail","6":"product_cat-oli-alimentari-e-cosmetici","7":"pa_grupa-substancji-emollienti","9":"first","10":"instock","11":"shipping-taxable","12":"product-type-simple"},"yoast_head":"<!-- This site is optimized with the Yoast SEO plugin v27.3 - https:\/\/yoast.com\/product\/yoast-seo-wordpress\/ -->\n<title>Olio di noce di macadamia - Distributore all&#039;ingrosso<\/title>\n<meta name=\"robots\" content=\"index, follow, max-snippet:-1, max-image-preview:large, max-video-preview:-1\" \/>\n<link rel=\"canonical\" href=\"https:\/\/naturalpoland.com\/it\/produkty\/oli-alimentari-e-cosmetici\/olio-di-noce-macadamia\/\" \/>\n<meta property=\"og:locale\" content=\"it_IT\" \/>\n<meta property=\"og:type\" content=\"article\" \/>\n<meta property=\"og:title\" content=\"Olio di noce di macadamia - Distributore all&#039;ingrosso\" \/>\n<meta property=\"og:description\" content=\"L&#039;olio di noce di macadamia \u00e8 una ricca fonte di acidi grassi monoinsaturi omega-9 (cio\u00e8 acido oleico). Le noci sono la fonte pi\u00f9 ricca di questi grassi e superano di gran lunga il contenuto di olio d&#039;oliva. \u00c8 importante sottolineare che contengono anche fitosteroli vegetali e il rarissimo acido omega 7, ovvero l&#039;acido palmitoleico, che ha un effetto protettivo sulle cellule. Questo olio contiene anche tocoferoli e squalene.\" \/>\n<meta property=\"og:url\" content=\"https:\/\/naturalpoland.com\/it\/produkty\/oli-alimentari-e-cosmetici\/olio-di-noce-macadamia\/\" \/>\n<meta property=\"og:site_name\" content=\"NATURAL POLAND - Distributore all&#039;ingrosso di materie prime\" \/>\n<meta property=\"article:publisher\" content=\"https:\/\/www.facebook.com\/naturalpoland.b2b\" \/>\n<meta property=\"og:image\" content=\"https:\/\/naturalpoland.com\/wp-content\/uploads\/2021\/05\/macadamia-nut-oil.jpg\" \/>\n\t<meta property=\"og:image:width\" content=\"534\" \/>\n\t<meta property=\"og:image:height\" content=\"534\" \/>\n\t<meta property=\"og:image:type\" content=\"image\/jpeg\" \/>\n<script type=\"application\/ld+json\" class=\"yoast-schema-graph\">{\"@context\":\"https:\\\/\\\/schema.org\",\"@graph\":[{\"@type\":\"WebPage\",\"@id\":\"https:\\\/\\\/naturalpoland.com\\\/it\\\/produkty\\\/oli-alimentari-e-cosmetici\\\/olio-di-noce-macadamia\\\/\",\"url\":\"https:\\\/\\\/naturalpoland.com\\\/it\\\/produkty\\\/oli-alimentari-e-cosmetici\\\/olio-di-noce-macadamia\\\/\",\"name\":\"Olio di noce di macadamia - Distributore all'ingrosso\",\"isPartOf\":{\"@id\":\"https:\\\/\\\/naturalpoland.com\\\/it\\\/#website\"},\"primaryImageOfPage\":{\"@id\":\"https:\\\/\\\/naturalpoland.com\\\/it\\\/produkty\\\/oli-alimentari-e-cosmetici\\\/olio-di-noce-macadamia\\\/#primaryimage\"},\"image\":{\"@id\":\"https:\\\/\\\/naturalpoland.com\\\/it\\\/produkty\\\/oli-alimentari-e-cosmetici\\\/olio-di-noce-macadamia\\\/#primaryimage\"},\"thumbnailUrl\":\"https:\\\/\\\/naturalpoland.com\\\/wp-content\\\/uploads\\\/2021\\\/05\\\/macadamia-nut-oil.jpg\",\"datePublished\":\"2021-11-04T11:31:58+00:00\",\"breadcrumb\":{\"@id\":\"https:\\\/\\\/naturalpoland.com\\\/it\\\/produkty\\\/oli-alimentari-e-cosmetici\\\/olio-di-noce-macadamia\\\/#breadcrumb\"},\"inLanguage\":\"it-IT\",\"potentialAction\":[{\"@type\":\"ReadAction\",\"target\":[\"https:\\\/\\\/naturalpoland.com\\\/it\\\/produkty\\\/oli-alimentari-e-cosmetici\\\/olio-di-noce-macadamia\\\/\"]}]},{\"@type\":\"ImageObject\",\"inLanguage\":\"it-IT\",\"@id\":\"https:\\\/\\\/naturalpoland.com\\\/it\\\/produkty\\\/oli-alimentari-e-cosmetici\\\/olio-di-noce-macadamia\\\/#primaryimage\",\"url\":\"https:\\\/\\\/naturalpoland.com\\\/wp-content\\\/uploads\\\/2021\\\/05\\\/macadamia-nut-oil.jpg\",\"contentUrl\":\"https:\\\/\\\/naturalpoland.com\\\/wp-content\\\/uploads\\\/2021\\\/05\\\/macadamia-nut-oil.jpg\",\"width\":534,\"height\":534},{\"@type\":\"BreadcrumbList\",\"@id\":\"https:\\\/\\\/naturalpoland.com\\\/it\\\/produkty\\\/oli-alimentari-e-cosmetici\\\/olio-di-noce-macadamia\\\/#breadcrumb\",\"itemListElement\":[{\"@type\":\"ListItem\",\"position\":1,\"name\":\"Home\",\"item\":\"https:\\\/\\\/naturalpoland.com\\\/it\\\/\"},{\"@type\":\"ListItem\",\"position\":2,\"name\":\"Prodotti\",\"item\":\"https:\\\/\\\/naturalpoland.com\\\/it\\\/prodotti\\\/\"},{\"@type\":\"ListItem\",\"position\":3,\"name\":\"Olio di noce di macadamia\"}]},{\"@type\":\"WebSite\",\"@id\":\"https:\\\/\\\/naturalpoland.com\\\/it\\\/#website\",\"url\":\"https:\\\/\\\/naturalpoland.com\\\/it\\\/\",\"name\":\"NATURAL POLAND - Distributore all'ingrosso di materie prime\",\"description\":\"Surowce dla przemys\u0142u spo\u017cywczego, kosmetycznego i farmaceutycznego\",\"publisher\":{\"@id\":\"https:\\\/\\\/naturalpoland.com\\\/it\\\/#organization\"},\"potentialAction\":[{\"@type\":\"SearchAction\",\"target\":{\"@type\":\"EntryPoint\",\"urlTemplate\":\"https:\\\/\\\/naturalpoland.com\\\/it\\\/?s={search_term_string}\"},\"query-input\":{\"@type\":\"PropertyValueSpecification\",\"valueRequired\":true,\"valueName\":\"search_term_string\"}}],\"inLanguage\":\"it-IT\"},{\"@type\":\"Organization\",\"@id\":\"https:\\\/\\\/naturalpoland.com\\\/it\\\/#organization\",\"name\":\"Natural Poland\",\"url\":\"https:\\\/\\\/naturalpoland.com\\\/it\\\/\",\"logo\":{\"@type\":\"ImageObject\",\"inLanguage\":\"it-IT\",\"@id\":\"https:\\\/\\\/naturalpoland.com\\\/it\\\/#\\\/schema\\\/logo\\\/image\\\/\",\"url\":\"https:\\\/\\\/naturalpoland.com\\\/wp-content\\\/uploads\\\/2021\\\/05\\\/natural-poland-icon.png\",\"contentUrl\":\"https:\\\/\\\/naturalpoland.com\\\/wp-content\\\/uploads\\\/2021\\\/05\\\/natural-poland-icon.png\",\"width\":512,\"height\":512,\"caption\":\"Natural Poland\"},\"image\":{\"@id\":\"https:\\\/\\\/naturalpoland.com\\\/it\\\/#\\\/schema\\\/logo\\\/image\\\/\"},\"sameAs\":[\"https:\\\/\\\/www.facebook.com\\\/naturalpoland.b2b\",\"https:\\\/\\\/pl.linkedin.com\\\/company\\\/natural-poland\",\"https:\\\/\\\/www.youtube.com\\\/channel\\\/UCgeGGkvOMahZo-xu_MSEWxg\"]}]}<\/script>\n<!-- \/ Yoast SEO plugin. -->","yoast_head_json":{"title":"Olio di noce di macadamia - Distributore all'ingrosso","robots":{"index":"index","follow":"follow","max-snippet":"max-snippet:-1","max-image-preview":"max-image-preview:large","max-video-preview":"max-video-preview:-1"},"canonical":"https:\/\/naturalpoland.com\/it\/produkty\/oli-alimentari-e-cosmetici\/olio-di-noce-macadamia\/","og_locale":"it_IT","og_type":"article","og_title":"Olio di noce di macadamia - Distributore all'ingrosso","og_description":"L'olio di noce di macadamia \u00e8 una ricca fonte di acidi grassi monoinsaturi omega-9 (cio\u00e8 acido oleico). Le noci sono la fonte pi\u00f9 ricca di questi grassi e superano di gran lunga il contenuto di olio d'oliva. \u00c8 importante sottolineare che contengono anche fitosteroli vegetali e il rarissimo acido omega 7, ovvero l'acido palmitoleico, che ha un effetto protettivo sulle cellule. Questo olio contiene anche tocoferoli e squalene.","og_url":"https:\/\/naturalpoland.com\/it\/produkty\/oli-alimentari-e-cosmetici\/olio-di-noce-macadamia\/","og_site_name":"NATURAL POLAND - Distributore all'ingrosso di materie prime","article_publisher":"https:\/\/www.facebook.com\/naturalpoland.b2b","og_image":[{"width":534,"height":534,"url":"https:\/\/naturalpoland.com\/wp-content\/uploads\/2021\/05\/macadamia-nut-oil.jpg","type":"image\/jpeg"}],"schema":{"@context":"https:\/\/schema.org","@graph":[{"@type":"WebPage","@id":"https:\/\/naturalpoland.com\/it\/produkty\/oli-alimentari-e-cosmetici\/olio-di-noce-macadamia\/","url":"https:\/\/naturalpoland.com\/it\/produkty\/oli-alimentari-e-cosmetici\/olio-di-noce-macadamia\/","name":"Olio di noce di macadamia - Distributore all'ingrosso","isPartOf":{"@id":"https:\/\/naturalpoland.com\/it\/#website"},"primaryImageOfPage":{"@id":"https:\/\/naturalpoland.com\/it\/produkty\/oli-alimentari-e-cosmetici\/olio-di-noce-macadamia\/#primaryimage"},"image":{"@id":"https:\/\/naturalpoland.com\/it\/produkty\/oli-alimentari-e-cosmetici\/olio-di-noce-macadamia\/#primaryimage"},"thumbnailUrl":"https:\/\/naturalpoland.com\/wp-content\/uploads\/2021\/05\/macadamia-nut-oil.jpg","datePublished":"2021-11-04T11:31:58+00:00","breadcrumb":{"@id":"https:\/\/naturalpoland.com\/it\/produkty\/oli-alimentari-e-cosmetici\/olio-di-noce-macadamia\/#breadcrumb"},"inLanguage":"it-IT","potentialAction":[{"@type":"ReadAction","target":["https:\/\/naturalpoland.com\/it\/produkty\/oli-alimentari-e-cosmetici\/olio-di-noce-macadamia\/"]}]},{"@type":"ImageObject","inLanguage":"it-IT","@id":"https:\/\/naturalpoland.com\/it\/produkty\/oli-alimentari-e-cosmetici\/olio-di-noce-macadamia\/#primaryimage","url":"https:\/\/naturalpoland.com\/wp-content\/uploads\/2021\/05\/macadamia-nut-oil.jpg","contentUrl":"https:\/\/naturalpoland.com\/wp-content\/uploads\/2021\/05\/macadamia-nut-oil.jpg","width":534,"height":534},{"@type":"BreadcrumbList","@id":"https:\/\/naturalpoland.com\/it\/produkty\/oli-alimentari-e-cosmetici\/olio-di-noce-macadamia\/#breadcrumb","itemListElement":[{"@type":"ListItem","position":1,"name":"Home","item":"https:\/\/naturalpoland.com\/it\/"},{"@type":"ListItem","position":2,"name":"Prodotti","item":"https:\/\/naturalpoland.com\/it\/prodotti\/"},{"@type":"ListItem","position":3,"name":"Olio di noce di macadamia"}]},{"@type":"WebSite","@id":"https:\/\/naturalpoland.com\/it\/#website","url":"https:\/\/naturalpoland.com\/it\/","name":"NATURAL POLAND - Distributore all'ingrosso di materie prime","description":"Surowce dla przemys\u0142u spo\u017cywczego, kosmetycznego i farmaceutycznego","publisher":{"@id":"https:\/\/naturalpoland.com\/it\/#organization"},"potentialAction":[{"@type":"SearchAction","target":{"@type":"EntryPoint","urlTemplate":"https:\/\/naturalpoland.com\/it\/?s={search_term_string}"},"query-input":{"@type":"PropertyValueSpecification","valueRequired":true,"valueName":"search_term_string"}}],"inLanguage":"it-IT"},{"@type":"Organization","@id":"https:\/\/naturalpoland.com\/it\/#organization","name":"Natural Poland","url":"https:\/\/naturalpoland.com\/it\/","logo":{"@type":"ImageObject","inLanguage":"it-IT","@id":"https:\/\/naturalpoland.com\/it\/#\/schema\/logo\/image\/","url":"https:\/\/naturalpoland.com\/wp-content\/uploads\/2021\/05\/natural-poland-icon.png","contentUrl":"https:\/\/naturalpoland.com\/wp-content\/uploads\/2021\/05\/natural-poland-icon.png","width":512,"height":512,"caption":"Natural Poland"},"image":{"@id":"https:\/\/naturalpoland.com\/it\/#\/schema\/logo\/image\/"},"sameAs":["https:\/\/www.facebook.com\/naturalpoland.b2b","https:\/\/pl.linkedin.com\/company\/natural-poland","https:\/\/www.youtube.com\/channel\/UCgeGGkvOMahZo-xu_MSEWxg"]}]}},"_links":{"self":[{"href":"https:\/\/naturalpoland.com\/it\/wp-json\/wp\/v2\/product\/14387","targetHints":{"allow":["GET"]}}],"collection":[{"href":"https:\/\/naturalpoland.com\/it\/wp-json\/wp\/v2\/product"}],"about":[{"href":"https:\/\/naturalpoland.com\/it\/wp-json\/wp\/v2\/types\/product"}],"wp:featuredmedia":[{"embeddable":true,"href":"https:\/\/naturalpoland.com\/it\/wp-json\/wp\/v2\/media\/14391"}],"wp:attachment":[{"href":"https:\/\/naturalpoland.com\/it\/wp-json\/wp\/v2\/media?parent=14387"}],"wp:term":[{"taxonomy":"product_brand","embeddable":true,"href":"https:\/\/naturalpoland.com\/it\/wp-json\/wp\/v2\/product_brand?post=14387"},{"taxonomy":"product_cat","embeddable":true,"href":"https:\/\/naturalpoland.com\/it\/wp-json\/wp\/v2\/product_cat?post=14387"},{"taxonomy":"product_tag","embeddable":true,"href":"https:\/\/naturalpoland.com\/it\/wp-json\/wp\/v2\/product_tag?post=14387"}],"curies":[{"name":"wp","href":"https:\/\/api.w.org\/{rel}","templated":true}]}}