{"id":14600,"date":"2021-05-11T13:58:32","date_gmt":"2021-05-11T11:58:32","guid":{"rendered":"https:\/\/naturalpoland.pl\/produkty\/senza-categoria\/cera-di-soia\/"},"modified":"2026-02-23T12:30:43","modified_gmt":"2026-02-23T11:30:43","slug":"cera-di-soia","status":"publish","type":"product","link":"https:\/\/naturalpoland.com\/it\/produkty\/cere\/cera-di-soia\/","title":{"rendered":"Cera di soia"},"content":{"rendered":"<h2>Caratteristiche della cera di soia<\/h2>\n<p>La cera di soia si presenta sotto forma di scaglie chiare e cerose. Il prodotto ha un odore caratteristico, delicato e un colore chiaro (Lovibond max. 3). \u00c8 adatta per la produzione di candele colorate e profumate. Il punto di fusione nell&#8217;intervallo 42\u201360 \u00b0C garantisce una buona stabilit\u00e0 a temperatura ambiente con una combustione uniforme e controllata.   <\/p>\n<h2>Propriet\u00e0 della cera di soia<\/h2>\n<p>La cera di soia \u00e8 innanzitutto un&#8217;<strong>alternativa naturale alla paraffina<\/strong> e alla cera d&#8217;api. Grazie alla sua origine vegetale, \u00e8 adatta per prodotti destinati a vegani e vegetariani. <\/p>\n<p>Durante la combustione delle candele, la cera di soia si scioglie a una temperatura relativamente bassa, creando una superficie uniforme e limitando la formazione di fumo eccessivo. La struttura lipidica della cera fa s\u00ec che, una volta sciolta, crei una consistenza morbida e piacevole al tatto. Per questo pu\u00f2 essere utilizzata nelle candele da massaggio \u2013 dopo lo scioglimento <strong>pu\u00f2 essere applicata direttamente sulla pelle<\/strong>, fornendo un effetto idratante e levigante. La cera di soia <strong>ha un&#8217;azione emolliente<\/strong>, riduce la perdita d&#8217;acqua transepidermica e migliora il comfort della pelle.   <\/p>\n<p>La cera di soia \u00e8 compatibile con gli <a href=\"https:\/\/naturalpoland.com\/it\/categoria\/prodotti-per-industria-cosmetica\/oli-essenziali\/\">oli essenziali<\/a> e le composizioni profumate. Permette di creare candele con un aroma intenso e duraturo. La stabilit\u00e0 termica e la struttura omogenea la rendono una materia prima prevedibile nel processo produttivo.  <\/p>\n<h2>Applicazione della cera di soia<\/h2>\n<p>La cera di soia trova ampio impiego in:<\/p>\n<ul>\n<li>produzione di candele ecologiche e profumate,<\/li>\n<li>candele per aromaterapia,<\/li>\n<li>candele da massaggio,<\/li>\n<li>cere profumate tipo melts,<\/li>\n<li>cosmetici naturali (balsami solidi, burri corpo),<\/li>\n<li>prodotti fai-da-te e artigianato.<\/li>\n<\/ul>\n<p>Grazie ai parametri di qualit\u00e0 confermati nella specifica e al controllo del punto di fusione, la materia prima \u00e8 adatta per applicazioni che richiedono ripetibilit\u00e0 e stabilit\u00e0 dei lotti di produzione.<\/p>\n","protected":false},"excerpt":{"rendered":"<p>La <strong>cera di soia<\/strong> in scaglie \u00e8 una cera vegetale ottenuta dall&#8217;olio di soia idrogenato, destinata all&#8217;uso in candele e in selezionate formulazioni cosmetiche.<\/p>\n","protected":false},"featured_media":46144,"template":"","meta":{"_acf_changed":false},"product_brand":[],"product_cat":[1537],"product_tag":[],"class_list":{"0":"post-14600","1":"product","2":"type-product","3":"status-publish","4":"has-post-thumbnail","6":"product_cat-cere","8":"first","9":"instock","10":"shipping-taxable","11":"product-type-simple"},"acf":[],"yoast_head":"<!-- This site is optimized with the Yoast SEO plugin v27.4 - https:\/\/yoast.com\/product\/yoast-seo-wordpress\/ -->\n<title>Cera di soia - Distributore all&#039;ingrosso<\/title>\n<meta name=\"description\" content=\"Cera di soia in scaglie \u2013 materia prima naturale per candele profumate, aromaterapia e candele da massaggio. Un&#039;alternativa vegetale alla paraffina e alla cera d&#039;api.\" \/>\n<meta name=\"robots\" content=\"index, follow, max-snippet:-1, max-image-preview:large, max-video-preview:-1\" \/>\n<link rel=\"canonical\" href=\"https:\/\/naturalpoland.com\/it\/produkty\/cere\/cera-di-soia\/\" \/>\n<meta property=\"og:locale\" content=\"it_IT\" \/>\n<meta property=\"og:type\" content=\"article\" \/>\n<meta property=\"og:title\" content=\"Cera di soia - Distributore all&#039;ingrosso\" \/>\n<meta property=\"og:description\" content=\"Cera di soia in scaglie \u2013 materia prima naturale per candele profumate, aromaterapia e candele da massaggio. Un&#039;alternativa vegetale alla paraffina e alla cera d&#039;api.\" \/>\n<meta property=\"og:url\" content=\"https:\/\/naturalpoland.com\/it\/produkty\/cere\/cera-di-soia\/\" \/>\n<meta property=\"og:site_name\" content=\"NATURAL POLAND - Distributore all&#039;ingrosso di materie prime\" \/>\n<meta property=\"article:publisher\" content=\"https:\/\/www.facebook.com\/naturalpoland.b2b\" \/>\n<meta property=\"article:modified_time\" content=\"2026-02-23T11:30:43+00:00\" \/>\n<meta property=\"og:image\" content=\"https:\/\/naturalpoland.com\/wp-content\/uploads\/wosk-sojowy.webp\" \/>\n\t<meta property=\"og:image:width\" content=\"1024\" \/>\n\t<meta property=\"og:image:height\" content=\"1024\" \/>\n\t<meta property=\"og:image:type\" content=\"image\/webp\" \/>\n<script type=\"application\/ld+json\" class=\"yoast-schema-graph\">{\"@context\":\"https:\\\/\\\/schema.org\",\"@graph\":[{\"@type\":\"WebPage\",\"@id\":\"https:\\\/\\\/naturalpoland.com\\\/it\\\/produkty\\\/cere\\\/cera-di-soia\\\/\",\"url\":\"https:\\\/\\\/naturalpoland.com\\\/it\\\/produkty\\\/cere\\\/cera-di-soia\\\/\",\"name\":\"Cera di soia - Distributore all'ingrosso\",\"isPartOf\":{\"@id\":\"https:\\\/\\\/naturalpoland.com\\\/it\\\/#website\"},\"primaryImageOfPage\":{\"@id\":\"https:\\\/\\\/naturalpoland.com\\\/it\\\/produkty\\\/cere\\\/cera-di-soia\\\/#primaryimage\"},\"image\":{\"@id\":\"https:\\\/\\\/naturalpoland.com\\\/it\\\/produkty\\\/cere\\\/cera-di-soia\\\/#primaryimage\"},\"thumbnailUrl\":\"https:\\\/\\\/naturalpoland.com\\\/wp-content\\\/uploads\\\/wosk-sojowy.webp\",\"datePublished\":\"2021-05-11T11:58:32+00:00\",\"dateModified\":\"2026-02-23T11:30:43+00:00\",\"description\":\"Cera di soia in scaglie \u2013 materia prima naturale per candele profumate, aromaterapia e candele da massaggio. Un'alternativa vegetale alla paraffina e alla cera d'api.\",\"breadcrumb\":{\"@id\":\"https:\\\/\\\/naturalpoland.com\\\/it\\\/produkty\\\/cere\\\/cera-di-soia\\\/#breadcrumb\"},\"inLanguage\":\"it-IT\",\"potentialAction\":[{\"@type\":\"ReadAction\",\"target\":[\"https:\\\/\\\/naturalpoland.com\\\/it\\\/produkty\\\/cere\\\/cera-di-soia\\\/\"]}]},{\"@type\":\"ImageObject\",\"inLanguage\":\"it-IT\",\"@id\":\"https:\\\/\\\/naturalpoland.com\\\/it\\\/produkty\\\/cere\\\/cera-di-soia\\\/#primaryimage\",\"url\":\"https:\\\/\\\/naturalpoland.com\\\/wp-content\\\/uploads\\\/wosk-sojowy.webp\",\"contentUrl\":\"https:\\\/\\\/naturalpoland.com\\\/wp-content\\\/uploads\\\/wosk-sojowy.webp\",\"width\":1024,\"height\":1024,\"caption\":\"cera di soia in scaglie\"},{\"@type\":\"BreadcrumbList\",\"@id\":\"https:\\\/\\\/naturalpoland.com\\\/it\\\/produkty\\\/cere\\\/cera-di-soia\\\/#breadcrumb\",\"itemListElement\":[{\"@type\":\"ListItem\",\"position\":1,\"name\":\"Home\",\"item\":\"https:\\\/\\\/naturalpoland.com\\\/it\\\/\"},{\"@type\":\"ListItem\",\"position\":2,\"name\":\"Prodotti\",\"item\":\"https:\\\/\\\/naturalpoland.com\\\/it\\\/prodotti\\\/\"},{\"@type\":\"ListItem\",\"position\":3,\"name\":\"Cera di soia\"}]},{\"@type\":\"WebSite\",\"@id\":\"https:\\\/\\\/naturalpoland.com\\\/it\\\/#website\",\"url\":\"https:\\\/\\\/naturalpoland.com\\\/it\\\/\",\"name\":\"NATURAL POLAND - Distributore all'ingrosso di materie prime\",\"description\":\"Surowce dla przemys\u0142u spo\u017cywczego, kosmetycznego i farmaceutycznego\",\"publisher\":{\"@id\":\"https:\\\/\\\/naturalpoland.com\\\/it\\\/#organization\"},\"potentialAction\":[{\"@type\":\"SearchAction\",\"target\":{\"@type\":\"EntryPoint\",\"urlTemplate\":\"https:\\\/\\\/naturalpoland.com\\\/it\\\/?s={search_term_string}\"},\"query-input\":{\"@type\":\"PropertyValueSpecification\",\"valueRequired\":true,\"valueName\":\"search_term_string\"}}],\"inLanguage\":\"it-IT\"},{\"@type\":\"Organization\",\"@id\":\"https:\\\/\\\/naturalpoland.com\\\/it\\\/#organization\",\"name\":\"Natural Poland\",\"url\":\"https:\\\/\\\/naturalpoland.com\\\/it\\\/\",\"logo\":{\"@type\":\"ImageObject\",\"inLanguage\":\"it-IT\",\"@id\":\"https:\\\/\\\/naturalpoland.com\\\/it\\\/#\\\/schema\\\/logo\\\/image\\\/\",\"url\":\"https:\\\/\\\/naturalpoland.com\\\/wp-content\\\/uploads\\\/2021\\\/05\\\/natural-poland-icon.png\",\"contentUrl\":\"https:\\\/\\\/naturalpoland.com\\\/wp-content\\\/uploads\\\/2021\\\/05\\\/natural-poland-icon.png\",\"width\":512,\"height\":512,\"caption\":\"Natural Poland\"},\"image\":{\"@id\":\"https:\\\/\\\/naturalpoland.com\\\/it\\\/#\\\/schema\\\/logo\\\/image\\\/\"},\"sameAs\":[\"https:\\\/\\\/www.facebook.com\\\/naturalpoland.b2b\",\"https:\\\/\\\/pl.linkedin.com\\\/company\\\/natural-poland\",\"https:\\\/\\\/www.youtube.com\\\/channel\\\/UCgeGGkvOMahZo-xu_MSEWxg\"]}]}<\/script>\n<!-- \/ Yoast SEO plugin. -->","yoast_head_json":{"title":"Cera di soia - Distributore all'ingrosso","description":"Cera di soia in scaglie \u2013 materia prima naturale per candele profumate, aromaterapia e candele da massaggio. Un'alternativa vegetale alla paraffina e alla cera d'api.","robots":{"index":"index","follow":"follow","max-snippet":"max-snippet:-1","max-image-preview":"max-image-preview:large","max-video-preview":"max-video-preview:-1"},"canonical":"https:\/\/naturalpoland.com\/it\/produkty\/cere\/cera-di-soia\/","og_locale":"it_IT","og_type":"article","og_title":"Cera di soia - Distributore all'ingrosso","og_description":"Cera di soia in scaglie \u2013 materia prima naturale per candele profumate, aromaterapia e candele da massaggio. Un'alternativa vegetale alla paraffina e alla cera d'api.","og_url":"https:\/\/naturalpoland.com\/it\/produkty\/cere\/cera-di-soia\/","og_site_name":"NATURAL POLAND - Distributore all'ingrosso di materie prime","article_publisher":"https:\/\/www.facebook.com\/naturalpoland.b2b","article_modified_time":"2026-02-23T11:30:43+00:00","og_image":[{"width":1024,"height":1024,"url":"https:\/\/naturalpoland.com\/wp-content\/uploads\/wosk-sojowy.webp","type":"image\/webp"}],"schema":{"@context":"https:\/\/schema.org","@graph":[{"@type":"WebPage","@id":"https:\/\/naturalpoland.com\/it\/produkty\/cere\/cera-di-soia\/","url":"https:\/\/naturalpoland.com\/it\/produkty\/cere\/cera-di-soia\/","name":"Cera di soia - Distributore all'ingrosso","isPartOf":{"@id":"https:\/\/naturalpoland.com\/it\/#website"},"primaryImageOfPage":{"@id":"https:\/\/naturalpoland.com\/it\/produkty\/cere\/cera-di-soia\/#primaryimage"},"image":{"@id":"https:\/\/naturalpoland.com\/it\/produkty\/cere\/cera-di-soia\/#primaryimage"},"thumbnailUrl":"https:\/\/naturalpoland.com\/wp-content\/uploads\/wosk-sojowy.webp","datePublished":"2021-05-11T11:58:32+00:00","dateModified":"2026-02-23T11:30:43+00:00","description":"Cera di soia in scaglie \u2013 materia prima naturale per candele profumate, aromaterapia e candele da massaggio. Un'alternativa vegetale alla paraffina e alla cera d'api.","breadcrumb":{"@id":"https:\/\/naturalpoland.com\/it\/produkty\/cere\/cera-di-soia\/#breadcrumb"},"inLanguage":"it-IT","potentialAction":[{"@type":"ReadAction","target":["https:\/\/naturalpoland.com\/it\/produkty\/cere\/cera-di-soia\/"]}]},{"@type":"ImageObject","inLanguage":"it-IT","@id":"https:\/\/naturalpoland.com\/it\/produkty\/cere\/cera-di-soia\/#primaryimage","url":"https:\/\/naturalpoland.com\/wp-content\/uploads\/wosk-sojowy.webp","contentUrl":"https:\/\/naturalpoland.com\/wp-content\/uploads\/wosk-sojowy.webp","width":1024,"height":1024,"caption":"cera di soia in scaglie"},{"@type":"BreadcrumbList","@id":"https:\/\/naturalpoland.com\/it\/produkty\/cere\/cera-di-soia\/#breadcrumb","itemListElement":[{"@type":"ListItem","position":1,"name":"Home","item":"https:\/\/naturalpoland.com\/it\/"},{"@type":"ListItem","position":2,"name":"Prodotti","item":"https:\/\/naturalpoland.com\/it\/prodotti\/"},{"@type":"ListItem","position":3,"name":"Cera di soia"}]},{"@type":"WebSite","@id":"https:\/\/naturalpoland.com\/it\/#website","url":"https:\/\/naturalpoland.com\/it\/","name":"NATURAL POLAND - Distributore all'ingrosso di materie prime","description":"Surowce dla przemys\u0142u spo\u017cywczego, kosmetycznego i farmaceutycznego","publisher":{"@id":"https:\/\/naturalpoland.com\/it\/#organization"},"potentialAction":[{"@type":"SearchAction","target":{"@type":"EntryPoint","urlTemplate":"https:\/\/naturalpoland.com\/it\/?s={search_term_string}"},"query-input":{"@type":"PropertyValueSpecification","valueRequired":true,"valueName":"search_term_string"}}],"inLanguage":"it-IT"},{"@type":"Organization","@id":"https:\/\/naturalpoland.com\/it\/#organization","name":"Natural Poland","url":"https:\/\/naturalpoland.com\/it\/","logo":{"@type":"ImageObject","inLanguage":"it-IT","@id":"https:\/\/naturalpoland.com\/it\/#\/schema\/logo\/image\/","url":"https:\/\/naturalpoland.com\/wp-content\/uploads\/2021\/05\/natural-poland-icon.png","contentUrl":"https:\/\/naturalpoland.com\/wp-content\/uploads\/2021\/05\/natural-poland-icon.png","width":512,"height":512,"caption":"Natural Poland"},"image":{"@id":"https:\/\/naturalpoland.com\/it\/#\/schema\/logo\/image\/"},"sameAs":["https:\/\/www.facebook.com\/naturalpoland.b2b","https:\/\/pl.linkedin.com\/company\/natural-poland","https:\/\/www.youtube.com\/channel\/UCgeGGkvOMahZo-xu_MSEWxg"]}]}},"_links":{"self":[{"href":"https:\/\/naturalpoland.com\/it\/wp-json\/wp\/v2\/product\/14600","targetHints":{"allow":["GET"]}}],"collection":[{"href":"https:\/\/naturalpoland.com\/it\/wp-json\/wp\/v2\/product"}],"about":[{"href":"https:\/\/naturalpoland.com\/it\/wp-json\/wp\/v2\/types\/product"}],"wp:featuredmedia":[{"embeddable":true,"href":"https:\/\/naturalpoland.com\/it\/wp-json\/wp\/v2\/media\/46144"}],"wp:attachment":[{"href":"https:\/\/naturalpoland.com\/it\/wp-json\/wp\/v2\/media?parent=14600"}],"wp:term":[{"taxonomy":"product_brand","embeddable":true,"href":"https:\/\/naturalpoland.com\/it\/wp-json\/wp\/v2\/product_brand?post=14600"},{"taxonomy":"product_cat","embeddable":true,"href":"https:\/\/naturalpoland.com\/it\/wp-json\/wp\/v2\/product_cat?post=14600"},{"taxonomy":"product_tag","embeddable":true,"href":"https:\/\/naturalpoland.com\/it\/wp-json\/wp\/v2\/product_tag?post=14600"}],"curies":[{"name":"wp","href":"https:\/\/api.w.org\/{rel}","templated":true}]}}