{"id":14619,"date":"2021-05-21T10:52:44","date_gmt":"2021-11-04T11:35:10","guid":{"rendered":"https:\/\/naturalpoland.pl\/produkty\/senza-categoria\/acido-azelaico\/"},"modified":"2024-09-10T14:09:31","modified_gmt":"2024-09-10T12:09:31","slug":"acido-azelaico","status":"publish","type":"product","link":"https:\/\/naturalpoland.com\/it\/produkty\/prodotti-per-industria-cosmetica\/acidi\/acido-azelaico\/","title":{"rendered":"acido azelaico"},"content":{"rendered":"<p>L&#8217;acido azelaico ha una struttura semplice, composta solo da atomi di carbonio, idrogeno e ossigeno.<br \/>\n\u00c8 presente in natura, ad esempio nei cereali come il grano, la segale e l&#8217;orzo.<br \/>\n\u00c8 presente in natura, anche in cereali come il grano, la segale e l&#8217;orzo, ed \u00e8 anche prodotto dal lievito Malassezia furfur, che fa parte della microflora naturale della pelle umana.    <\/p>\n<h2>Propriet\u00e0 ed effetti dell&#8217;acido azelaico<\/h2>\n<p>  L&#8217;acido azelaico \u00e8 un ingrediente ad ampio spettro utilizzato in dermatologia e cosmetologia:  <\/p>\n<ul>\n<li><strong>Azione antinfiammatoria<\/strong> &#8211; lenisce la pelle <strong>infiammata<\/strong>, riducendo il rossore e il gonfiore, rendendola un ingrediente efficace nel trattamento della rosacea e di altre condizioni infiammatorie della pelle.<br \/>\nHa anche un effetto lenitivo sulla pelle con segni di acne ormonale, riducendo i sintomi fastidiosi come prurito e bruciore. <\/li>\n<li><strong>Azione antibatterica<\/strong> &#8211; inibisce la crescita di batteri anaerobi, come il <em>Propionibacterium acnes<\/em>, e aerobici, come lo <em>Staphylococcus epidermidis<\/em>, responsabili dell&#8217;infiammazione della pelle e dell&#8217;acne <em>vulgaris<\/em>.<br \/>\nQuesto riduce efficacemente la formazione di brufoli e punti neri. <\/li>\n<li><strong>Azione cheratolitica e comedolitica<\/strong> &#8211; ha propriet\u00e0 esfolianti, esfolia delicatamente le cellule morte della pelle, accelerando il processo di rinnovamento cellulare.<br \/>\nLa sua azione cheratolitica aiuta a prevenire l&#8217;ostruzione dei pori e la formazione di punti neri e normalizza il processo di cheratinizzazione epidermica, riducendo il numero di punti neri e brufoli. <\/li>\n<li><strong>Azione schiarente<\/strong> &#8211; riduce l&#8217;attivit\u00e0 dei melanociti inibendo l&#8217;enzima tirosinasi, responsabile della produzione di melanina.<br \/>\nIn questo modo si schiarisce efficacemente l&#8217;iperpigmentazione post-infiammatoria, causata dal sole o da cambiamenti ormonali, e si riduce la visibilit\u00e0 delle macchie pigmentarie esistenti. <\/li>\n<li><strong>Azione antiossidante<\/strong> &#8211; \u00c8 un potente antiossidante, il che significa che neutralizza i radicali liberi responsabili dell&#8217;invecchiamento precoce della pelle e delle infiammazioni.<br \/>\nInoltre, rafforza la barriera protettiva della pelle, contrastando gli effetti nocivi dei fattori esterni. <\/li>\n<li><strong>Azione seboregolatrice<\/strong> &#8211; Regola la produzione di sebo da parte delle ghiandole sebacee, prevenendo l&#8217;eccessiva secrezione di sebo e riducendo il rischio di punti neri.<\/li>\n<\/ul>\n<h2>Uso dell&#8217;acido azelaico<\/h2>\n<p>  L&#8217;acido azelaico \u00e8 ampiamente utilizzato in dermatologia e cosmetologia.<br \/>\n\u00c8 adatto a diversi tipi di pelle, tra cui pelle grassa, acne, pelle sensibile, pelle vascolare e pelle con i primi segni di invecchiamento.<br \/>\nPu\u00f2 essere utilizzato tutto l&#8217;anno perch\u00e9 non presenta propriet\u00e0 fotosensibilizzanti.<br \/>\nViene utilizzato in preparazioni antiacne, schiarenti, seboregolatrici e come agente antiossidante e antinfiammatorio.<br \/>\nL&#8217;acido azelaico \u00e8 un ingrediente considerato sicuro, ma il suo utilizzo pu\u00f2 causare effetti collaterali come bruciore, arrossamento, secchezza, irritazione, desquamazione o prurito nel sito di applicazione.<br \/>\nIl suo utilizzo \u00e8 sconsigliato in caso di infezioni cutanee attive, ipersensibilit\u00e0 all&#8217;ingrediente o durante la terapia con derivati della vitamina A.     <\/p>\n","protected":false},"excerpt":{"rendered":"<p>L<strong>&#8216;acido azelaico (Azelaic acid)<\/strong> \u00e8 un composto chimico organico appartenente al gruppo degli acidi dicarbossilici saturi da utilizzare con tutti i tipi di pelle.<br \/>\n\u00c8 particolarmente indicato in caso di rosacea, eritema o iperpigmentazione. <\/p>\n","protected":false},"featured_media":14621,"template":"","meta":[],"product_brand":[],"product_cat":[5454],"product_tag":[],"class_list":{"0":"post-14619","1":"product","2":"type-product","3":"status-publish","4":"has-post-thumbnail","6":"product_cat-acidi","7":"pa_grupa-substancji-antiossidanti","9":"first","10":"instock","11":"shipping-taxable","12":"product-type-simple"},"yoast_head":"<!-- This site is optimized with the Yoast SEO plugin v27.3 - https:\/\/yoast.com\/product\/yoast-seo-wordpress\/ -->\n<title>acido azelaico - NATURAL POLAND - Distributore all&#039;ingrosso di materie prime<\/title>\n<meta name=\"description\" content=\"L&#039;acido azelaico \u00e8 un ingrediente versatile che viene utilizzato in molte preparazioni cosmetiche e dermatologiche.\" \/>\n<meta name=\"robots\" content=\"index, follow, max-snippet:-1, max-image-preview:large, max-video-preview:-1\" \/>\n<link rel=\"canonical\" href=\"https:\/\/naturalpoland.com\/it\/produkty\/prodotti-per-industria-cosmetica\/acidi\/acido-azelaico\/\" \/>\n<meta property=\"og:locale\" content=\"it_IT\" \/>\n<meta property=\"og:type\" content=\"article\" \/>\n<meta property=\"og:title\" content=\"acido azelaico - NATURAL POLAND - Distributore all&#039;ingrosso di materie prime\" \/>\n<meta property=\"og:description\" content=\"L&#039;acido azelaico \u00e8 un ingrediente versatile che viene utilizzato in molte preparazioni cosmetiche e dermatologiche.\" \/>\n<meta property=\"og:url\" content=\"https:\/\/naturalpoland.com\/it\/produkty\/prodotti-per-industria-cosmetica\/acidi\/acido-azelaico\/\" \/>\n<meta property=\"og:site_name\" content=\"NATURAL POLAND - Distributore all&#039;ingrosso di materie prime\" \/>\n<meta property=\"article:publisher\" content=\"https:\/\/www.facebook.com\/naturalpoland.b2b\" \/>\n<meta property=\"article:modified_time\" content=\"2024-09-10T12:09:31+00:00\" \/>\n<meta property=\"og:image\" content=\"https:\/\/naturalpoland.com\/wp-content\/uploads\/Kwas-azelainowy.jpg\" \/>\n\t<meta property=\"og:image:width\" content=\"650\" \/>\n\t<meta property=\"og:image:height\" content=\"650\" \/>\n\t<meta property=\"og:image:type\" content=\"image\/jpeg\" \/>\n<script type=\"application\/ld+json\" class=\"yoast-schema-graph\">{\"@context\":\"https:\\\/\\\/schema.org\",\"@graph\":[{\"@type\":\"WebPage\",\"@id\":\"https:\\\/\\\/naturalpoland.com\\\/it\\\/produkty\\\/prodotti-per-industria-cosmetica\\\/acidi\\\/acido-azelaico\\\/\",\"url\":\"https:\\\/\\\/naturalpoland.com\\\/it\\\/produkty\\\/prodotti-per-industria-cosmetica\\\/acidi\\\/acido-azelaico\\\/\",\"name\":\"acido azelaico - NATURAL POLAND - Distributore all'ingrosso di materie prime\",\"isPartOf\":{\"@id\":\"https:\\\/\\\/naturalpoland.com\\\/it\\\/#website\"},\"primaryImageOfPage\":{\"@id\":\"https:\\\/\\\/naturalpoland.com\\\/it\\\/produkty\\\/prodotti-per-industria-cosmetica\\\/acidi\\\/acido-azelaico\\\/#primaryimage\"},\"image\":{\"@id\":\"https:\\\/\\\/naturalpoland.com\\\/it\\\/produkty\\\/prodotti-per-industria-cosmetica\\\/acidi\\\/acido-azelaico\\\/#primaryimage\"},\"thumbnailUrl\":\"https:\\\/\\\/naturalpoland.com\\\/wp-content\\\/uploads\\\/Kwas-azelainowy.jpg\",\"datePublished\":\"2021-11-04T11:35:10+00:00\",\"dateModified\":\"2024-09-10T12:09:31+00:00\",\"description\":\"L'acido azelaico \u00e8 un ingrediente versatile che viene utilizzato in molte preparazioni cosmetiche e dermatologiche.\",\"breadcrumb\":{\"@id\":\"https:\\\/\\\/naturalpoland.com\\\/it\\\/produkty\\\/prodotti-per-industria-cosmetica\\\/acidi\\\/acido-azelaico\\\/#breadcrumb\"},\"inLanguage\":\"it-IT\",\"potentialAction\":[{\"@type\":\"ReadAction\",\"target\":[\"https:\\\/\\\/naturalpoland.com\\\/it\\\/produkty\\\/prodotti-per-industria-cosmetica\\\/acidi\\\/acido-azelaico\\\/\"]}]},{\"@type\":\"ImageObject\",\"inLanguage\":\"it-IT\",\"@id\":\"https:\\\/\\\/naturalpoland.com\\\/it\\\/produkty\\\/prodotti-per-industria-cosmetica\\\/acidi\\\/acido-azelaico\\\/#primaryimage\",\"url\":\"https:\\\/\\\/naturalpoland.com\\\/wp-content\\\/uploads\\\/Kwas-azelainowy.jpg\",\"contentUrl\":\"https:\\\/\\\/naturalpoland.com\\\/wp-content\\\/uploads\\\/Kwas-azelainowy.jpg\",\"width\":650,\"height\":650},{\"@type\":\"BreadcrumbList\",\"@id\":\"https:\\\/\\\/naturalpoland.com\\\/it\\\/produkty\\\/prodotti-per-industria-cosmetica\\\/acidi\\\/acido-azelaico\\\/#breadcrumb\",\"itemListElement\":[{\"@type\":\"ListItem\",\"position\":1,\"name\":\"Home\",\"item\":\"https:\\\/\\\/naturalpoland.com\\\/it\\\/\"},{\"@type\":\"ListItem\",\"position\":2,\"name\":\"Prodotti\",\"item\":\"https:\\\/\\\/naturalpoland.com\\\/it\\\/prodotti\\\/\"},{\"@type\":\"ListItem\",\"position\":3,\"name\":\"acido azelaico\"}]},{\"@type\":\"WebSite\",\"@id\":\"https:\\\/\\\/naturalpoland.com\\\/it\\\/#website\",\"url\":\"https:\\\/\\\/naturalpoland.com\\\/it\\\/\",\"name\":\"NATURAL POLAND - Distributore all'ingrosso di materie prime\",\"description\":\"Surowce dla przemys\u0142u spo\u017cywczego, kosmetycznego i farmaceutycznego\",\"publisher\":{\"@id\":\"https:\\\/\\\/naturalpoland.com\\\/it\\\/#organization\"},\"potentialAction\":[{\"@type\":\"SearchAction\",\"target\":{\"@type\":\"EntryPoint\",\"urlTemplate\":\"https:\\\/\\\/naturalpoland.com\\\/it\\\/?s={search_term_string}\"},\"query-input\":{\"@type\":\"PropertyValueSpecification\",\"valueRequired\":true,\"valueName\":\"search_term_string\"}}],\"inLanguage\":\"it-IT\"},{\"@type\":\"Organization\",\"@id\":\"https:\\\/\\\/naturalpoland.com\\\/it\\\/#organization\",\"name\":\"Natural Poland\",\"url\":\"https:\\\/\\\/naturalpoland.com\\\/it\\\/\",\"logo\":{\"@type\":\"ImageObject\",\"inLanguage\":\"it-IT\",\"@id\":\"https:\\\/\\\/naturalpoland.com\\\/it\\\/#\\\/schema\\\/logo\\\/image\\\/\",\"url\":\"https:\\\/\\\/naturalpoland.com\\\/wp-content\\\/uploads\\\/2021\\\/05\\\/natural-poland-icon.png\",\"contentUrl\":\"https:\\\/\\\/naturalpoland.com\\\/wp-content\\\/uploads\\\/2021\\\/05\\\/natural-poland-icon.png\",\"width\":512,\"height\":512,\"caption\":\"Natural Poland\"},\"image\":{\"@id\":\"https:\\\/\\\/naturalpoland.com\\\/it\\\/#\\\/schema\\\/logo\\\/image\\\/\"},\"sameAs\":[\"https:\\\/\\\/www.facebook.com\\\/naturalpoland.b2b\",\"https:\\\/\\\/pl.linkedin.com\\\/company\\\/natural-poland\",\"https:\\\/\\\/www.youtube.com\\\/channel\\\/UCgeGGkvOMahZo-xu_MSEWxg\"]}]}<\/script>\n<!-- \/ Yoast SEO plugin. -->","yoast_head_json":{"title":"acido azelaico - NATURAL POLAND - Distributore all'ingrosso di materie prime","description":"L'acido azelaico \u00e8 un ingrediente versatile che viene utilizzato in molte preparazioni cosmetiche e dermatologiche.","robots":{"index":"index","follow":"follow","max-snippet":"max-snippet:-1","max-image-preview":"max-image-preview:large","max-video-preview":"max-video-preview:-1"},"canonical":"https:\/\/naturalpoland.com\/it\/produkty\/prodotti-per-industria-cosmetica\/acidi\/acido-azelaico\/","og_locale":"it_IT","og_type":"article","og_title":"acido azelaico - NATURAL POLAND - Distributore all'ingrosso di materie prime","og_description":"L'acido azelaico \u00e8 un ingrediente versatile che viene utilizzato in molte preparazioni cosmetiche e dermatologiche.","og_url":"https:\/\/naturalpoland.com\/it\/produkty\/prodotti-per-industria-cosmetica\/acidi\/acido-azelaico\/","og_site_name":"NATURAL POLAND - Distributore all'ingrosso di materie prime","article_publisher":"https:\/\/www.facebook.com\/naturalpoland.b2b","article_modified_time":"2024-09-10T12:09:31+00:00","og_image":[{"width":650,"height":650,"url":"https:\/\/naturalpoland.com\/wp-content\/uploads\/Kwas-azelainowy.jpg","type":"image\/jpeg"}],"schema":{"@context":"https:\/\/schema.org","@graph":[{"@type":"WebPage","@id":"https:\/\/naturalpoland.com\/it\/produkty\/prodotti-per-industria-cosmetica\/acidi\/acido-azelaico\/","url":"https:\/\/naturalpoland.com\/it\/produkty\/prodotti-per-industria-cosmetica\/acidi\/acido-azelaico\/","name":"acido azelaico - NATURAL POLAND - Distributore all'ingrosso di materie prime","isPartOf":{"@id":"https:\/\/naturalpoland.com\/it\/#website"},"primaryImageOfPage":{"@id":"https:\/\/naturalpoland.com\/it\/produkty\/prodotti-per-industria-cosmetica\/acidi\/acido-azelaico\/#primaryimage"},"image":{"@id":"https:\/\/naturalpoland.com\/it\/produkty\/prodotti-per-industria-cosmetica\/acidi\/acido-azelaico\/#primaryimage"},"thumbnailUrl":"https:\/\/naturalpoland.com\/wp-content\/uploads\/Kwas-azelainowy.jpg","datePublished":"2021-11-04T11:35:10+00:00","dateModified":"2024-09-10T12:09:31+00:00","description":"L'acido azelaico \u00e8 un ingrediente versatile che viene utilizzato in molte preparazioni cosmetiche e dermatologiche.","breadcrumb":{"@id":"https:\/\/naturalpoland.com\/it\/produkty\/prodotti-per-industria-cosmetica\/acidi\/acido-azelaico\/#breadcrumb"},"inLanguage":"it-IT","potentialAction":[{"@type":"ReadAction","target":["https:\/\/naturalpoland.com\/it\/produkty\/prodotti-per-industria-cosmetica\/acidi\/acido-azelaico\/"]}]},{"@type":"ImageObject","inLanguage":"it-IT","@id":"https:\/\/naturalpoland.com\/it\/produkty\/prodotti-per-industria-cosmetica\/acidi\/acido-azelaico\/#primaryimage","url":"https:\/\/naturalpoland.com\/wp-content\/uploads\/Kwas-azelainowy.jpg","contentUrl":"https:\/\/naturalpoland.com\/wp-content\/uploads\/Kwas-azelainowy.jpg","width":650,"height":650},{"@type":"BreadcrumbList","@id":"https:\/\/naturalpoland.com\/it\/produkty\/prodotti-per-industria-cosmetica\/acidi\/acido-azelaico\/#breadcrumb","itemListElement":[{"@type":"ListItem","position":1,"name":"Home","item":"https:\/\/naturalpoland.com\/it\/"},{"@type":"ListItem","position":2,"name":"Prodotti","item":"https:\/\/naturalpoland.com\/it\/prodotti\/"},{"@type":"ListItem","position":3,"name":"acido azelaico"}]},{"@type":"WebSite","@id":"https:\/\/naturalpoland.com\/it\/#website","url":"https:\/\/naturalpoland.com\/it\/","name":"NATURAL POLAND - Distributore all'ingrosso di materie prime","description":"Surowce dla przemys\u0142u spo\u017cywczego, kosmetycznego i farmaceutycznego","publisher":{"@id":"https:\/\/naturalpoland.com\/it\/#organization"},"potentialAction":[{"@type":"SearchAction","target":{"@type":"EntryPoint","urlTemplate":"https:\/\/naturalpoland.com\/it\/?s={search_term_string}"},"query-input":{"@type":"PropertyValueSpecification","valueRequired":true,"valueName":"search_term_string"}}],"inLanguage":"it-IT"},{"@type":"Organization","@id":"https:\/\/naturalpoland.com\/it\/#organization","name":"Natural Poland","url":"https:\/\/naturalpoland.com\/it\/","logo":{"@type":"ImageObject","inLanguage":"it-IT","@id":"https:\/\/naturalpoland.com\/it\/#\/schema\/logo\/image\/","url":"https:\/\/naturalpoland.com\/wp-content\/uploads\/2021\/05\/natural-poland-icon.png","contentUrl":"https:\/\/naturalpoland.com\/wp-content\/uploads\/2021\/05\/natural-poland-icon.png","width":512,"height":512,"caption":"Natural Poland"},"image":{"@id":"https:\/\/naturalpoland.com\/it\/#\/schema\/logo\/image\/"},"sameAs":["https:\/\/www.facebook.com\/naturalpoland.b2b","https:\/\/pl.linkedin.com\/company\/natural-poland","https:\/\/www.youtube.com\/channel\/UCgeGGkvOMahZo-xu_MSEWxg"]}]}},"_links":{"self":[{"href":"https:\/\/naturalpoland.com\/it\/wp-json\/wp\/v2\/product\/14619","targetHints":{"allow":["GET"]}}],"collection":[{"href":"https:\/\/naturalpoland.com\/it\/wp-json\/wp\/v2\/product"}],"about":[{"href":"https:\/\/naturalpoland.com\/it\/wp-json\/wp\/v2\/types\/product"}],"wp:featuredmedia":[{"embeddable":true,"href":"https:\/\/naturalpoland.com\/it\/wp-json\/wp\/v2\/media\/14621"}],"wp:attachment":[{"href":"https:\/\/naturalpoland.com\/it\/wp-json\/wp\/v2\/media?parent=14619"}],"wp:term":[{"taxonomy":"product_brand","embeddable":true,"href":"https:\/\/naturalpoland.com\/it\/wp-json\/wp\/v2\/product_brand?post=14619"},{"taxonomy":"product_cat","embeddable":true,"href":"https:\/\/naturalpoland.com\/it\/wp-json\/wp\/v2\/product_cat?post=14619"},{"taxonomy":"product_tag","embeddable":true,"href":"https:\/\/naturalpoland.com\/it\/wp-json\/wp\/v2\/product_tag?post=14619"}],"curies":[{"name":"wp","href":"https:\/\/api.w.org\/{rel}","templated":true}]}}