{"id":14632,"date":"2021-06-09T11:36:59","date_gmt":"2021-11-04T11:35:21","guid":{"rendered":"https:\/\/naturalpoland.pl\/produkty\/senza-categoria\/squalano-di-canna-da-zucchero\/"},"modified":"2024-11-13T14:42:59","modified_gmt":"2024-11-13T13:42:59","slug":"canna-da-zucchero-squalano","status":"publish","type":"product","link":"https:\/\/naturalpoland.com\/it\/produkty\/prodotti-per-industria-cosmetica\/materie-prime-cosmetiche\/canna-da-zucchero-squalano\/","title":{"rendered":"Squalano di canna da zucchero"},"content":{"rendered":"<p>Lo squalano estratto dalla canna da zucchero \u00e8 la forma pi\u00f9 pura e stabile di questa sostanza. Ha la capacit\u00e0 di penetrare in profondit\u00e0 nella pelle, facilitando il trasporto di sostanze attive, il che \u00e8 particolarmente importante nei prodotti anti-invecchiamento e nei trattamenti della pelle che richiedono una rigenerazione intensa. <\/p>\n<h3>Propriet\u00e0 cosmetiche dello squalano<\/h3>\n<p>Lo squalano di canna da zucchero \u00e8 un emolliente leggero e ipoallergenico dall&#8217;azione versatile. Soprattutto, d <span style=\"color: #333333;\">idrata e nutre profondamente la pelle, rafforzando la sua barriera lipidica. In questo modo protegge dalla perdita di idratazione e dai fattori esterni, promuovendo la rigenerazione epidermica. Inoltre, s  <\/span>kvalan leviga e illumina intensamente la pelle, donandole un aspetto radioso. \u00c8 un cosiddetto. <span style=\"color: #333333;\">  Un &#8220;olio secco&#8221; che si assorbe immediatamente senza lasciare una pellicola oleosa sulla superficie della pelle. \u00c8 quindi adatto sotto il trucco e funziona perfettamente con tutti i tipi di pelle, comprese quelle grasse e a tendenza acneica, non ostruisce i pori e favorisce la regolazione del sebo. P  <\/span>ha propriet\u00e0 lenitive e antinfiammatorie.<\/p>\n<h3>Applicazione<\/h3>\n<p>Lo squalano di canna da zucchero pu\u00f2 essere utilizzato in numerose formulazioni cosmetiche. \u00c8 ideale come siero da giorno o da notte, soprattutto sulla pelle pre-umidificata. Pu\u00f2 essere aggiunto a creme e lozioni per il viso e il corpo, potenziandone le propriet\u00e0 idratanti e leviganti. \u00c8 ideale anche per l&#8217;uso sulle punte dei capelli, dove li protegge dalla formazione di doppie punte. Pu\u00f2 essere applicato come additivo a balsami e maschere. E come siero per gli occhi, leviga delicatamente, schiarisce le occhiaie e riduce le borse.     <\/p>\n","protected":false},"excerpt":{"rendered":"<p>Lo <strong>squalano di canna da zucchero<\/strong> \u00e8 una forma pura e stabile di squalano. \u00c8 caratterizzato da una consistenza limpida senza precipitati. <\/p>\n","protected":false},"featured_media":37765,"template":"","meta":{"_acf_changed":false},"product_brand":[],"product_cat":[1522],"product_tag":[],"class_list":{"0":"post-14632","1":"product","2":"type-product","3":"status-publish","4":"has-post-thumbnail","6":"product_cat-materie-prime-cosmetiche","7":"pa_grupa-substancji-emollienti","9":"first","10":"instock","11":"shipping-taxable","12":"product-type-simple"},"acf":[],"yoast_head":"<!-- This site is optimized with the Yoast SEO plugin v27.6 - https:\/\/yoast.com\/product\/yoast-seo-wordpress\/ -->\n<title>Squalano di canna da zucchero - Distributore all&#039;ingrosso<\/title>\n<meta name=\"description\" content=\"Lo squalano di canna da zucchero \u00e8 la forma pi\u00f9 pura e stabile di questa sostanza, certificata e conforme agli standard EcoCert.\" \/>\n<meta name=\"robots\" content=\"index, follow, max-snippet:-1, max-image-preview:large, max-video-preview:-1\" \/>\n<link rel=\"canonical\" href=\"https:\/\/naturalpoland.com\/it\/produkty\/prodotti-per-industria-cosmetica\/materie-prime-cosmetiche\/canna-da-zucchero-squalano\/\" \/>\n<meta property=\"og:locale\" content=\"it_IT\" \/>\n<meta property=\"og:type\" content=\"article\" \/>\n<meta property=\"og:title\" content=\"Squalano di canna da zucchero - Distributore all&#039;ingrosso\" \/>\n<meta property=\"og:description\" content=\"Lo squalano di canna da zucchero \u00e8 la forma pi\u00f9 pura e stabile di questa sostanza, certificata e conforme agli standard EcoCert.\" \/>\n<meta property=\"og:url\" content=\"https:\/\/naturalpoland.com\/it\/produkty\/prodotti-per-industria-cosmetica\/materie-prime-cosmetiche\/canna-da-zucchero-squalano\/\" \/>\n<meta property=\"og:site_name\" content=\"NATURAL POLAND - Distributore all&#039;ingrosso di materie prime\" \/>\n<meta property=\"article:publisher\" content=\"https:\/\/www.facebook.com\/naturalpoland.b2b\" \/>\n<meta property=\"article:modified_time\" content=\"2024-11-13T13:42:59+00:00\" \/>\n<meta property=\"og:image\" content=\"https:\/\/naturalpoland.com\/wp-content\/uploads\/skwalan.webp\" \/>\n\t<meta property=\"og:image:width\" content=\"700\" \/>\n\t<meta property=\"og:image:height\" content=\"700\" \/>\n\t<meta property=\"og:image:type\" content=\"image\/webp\" \/>\n<script type=\"application\/ld+json\" class=\"yoast-schema-graph\">{\"@context\":\"https:\\\/\\\/schema.org\",\"@graph\":[{\"@type\":\"WebPage\",\"@id\":\"https:\\\/\\\/naturalpoland.com\\\/it\\\/produkty\\\/prodotti-per-industria-cosmetica\\\/materie-prime-cosmetiche\\\/canna-da-zucchero-squalano\\\/\",\"url\":\"https:\\\/\\\/naturalpoland.com\\\/it\\\/produkty\\\/prodotti-per-industria-cosmetica\\\/materie-prime-cosmetiche\\\/canna-da-zucchero-squalano\\\/\",\"name\":\"Squalano di canna da zucchero - Distributore all'ingrosso\",\"isPartOf\":{\"@id\":\"https:\\\/\\\/naturalpoland.com\\\/it\\\/#website\"},\"primaryImageOfPage\":{\"@id\":\"https:\\\/\\\/naturalpoland.com\\\/it\\\/produkty\\\/prodotti-per-industria-cosmetica\\\/materie-prime-cosmetiche\\\/canna-da-zucchero-squalano\\\/#primaryimage\"},\"image\":{\"@id\":\"https:\\\/\\\/naturalpoland.com\\\/it\\\/produkty\\\/prodotti-per-industria-cosmetica\\\/materie-prime-cosmetiche\\\/canna-da-zucchero-squalano\\\/#primaryimage\"},\"thumbnailUrl\":\"https:\\\/\\\/naturalpoland.com\\\/wp-content\\\/uploads\\\/skwalan.webp\",\"datePublished\":\"2021-11-04T11:35:21+00:00\",\"dateModified\":\"2024-11-13T13:42:59+00:00\",\"description\":\"Lo squalano di canna da zucchero \u00e8 la forma pi\u00f9 pura e stabile di questa sostanza, certificata e conforme agli standard EcoCert.\",\"breadcrumb\":{\"@id\":\"https:\\\/\\\/naturalpoland.com\\\/it\\\/produkty\\\/prodotti-per-industria-cosmetica\\\/materie-prime-cosmetiche\\\/canna-da-zucchero-squalano\\\/#breadcrumb\"},\"inLanguage\":\"it-IT\",\"potentialAction\":[{\"@type\":\"ReadAction\",\"target\":[\"https:\\\/\\\/naturalpoland.com\\\/it\\\/produkty\\\/prodotti-per-industria-cosmetica\\\/materie-prime-cosmetiche\\\/canna-da-zucchero-squalano\\\/\"]}]},{\"@type\":\"ImageObject\",\"inLanguage\":\"it-IT\",\"@id\":\"https:\\\/\\\/naturalpoland.com\\\/it\\\/produkty\\\/prodotti-per-industria-cosmetica\\\/materie-prime-cosmetiche\\\/canna-da-zucchero-squalano\\\/#primaryimage\",\"url\":\"https:\\\/\\\/naturalpoland.com\\\/wp-content\\\/uploads\\\/skwalan.webp\",\"contentUrl\":\"https:\\\/\\\/naturalpoland.com\\\/wp-content\\\/uploads\\\/skwalan.webp\",\"width\":700,\"height\":700,\"caption\":\"Skwalan z trzciny cukrowej\"},{\"@type\":\"BreadcrumbList\",\"@id\":\"https:\\\/\\\/naturalpoland.com\\\/it\\\/produkty\\\/prodotti-per-industria-cosmetica\\\/materie-prime-cosmetiche\\\/canna-da-zucchero-squalano\\\/#breadcrumb\",\"itemListElement\":[{\"@type\":\"ListItem\",\"position\":1,\"name\":\"Home\",\"item\":\"https:\\\/\\\/naturalpoland.com\\\/it\\\/\"},{\"@type\":\"ListItem\",\"position\":2,\"name\":\"Prodotti\",\"item\":\"https:\\\/\\\/naturalpoland.com\\\/it\\\/prodotti\\\/\"},{\"@type\":\"ListItem\",\"position\":3,\"name\":\"Squalano di canna da zucchero\"}]},{\"@type\":\"WebSite\",\"@id\":\"https:\\\/\\\/naturalpoland.com\\\/it\\\/#website\",\"url\":\"https:\\\/\\\/naturalpoland.com\\\/it\\\/\",\"name\":\"NATURAL POLAND - Distributore all'ingrosso di materie prime\",\"description\":\"Surowce dla przemys\u0142u spo\u017cywczego, kosmetycznego i farmaceutycznego\",\"publisher\":{\"@id\":\"https:\\\/\\\/naturalpoland.com\\\/it\\\/#organization\"},\"potentialAction\":[{\"@type\":\"SearchAction\",\"target\":{\"@type\":\"EntryPoint\",\"urlTemplate\":\"https:\\\/\\\/naturalpoland.com\\\/it\\\/?s={search_term_string}\"},\"query-input\":{\"@type\":\"PropertyValueSpecification\",\"valueRequired\":true,\"valueName\":\"search_term_string\"}}],\"inLanguage\":\"it-IT\"},{\"@type\":\"Organization\",\"@id\":\"https:\\\/\\\/naturalpoland.com\\\/it\\\/#organization\",\"name\":\"Natural Poland\",\"url\":\"https:\\\/\\\/naturalpoland.com\\\/it\\\/\",\"logo\":{\"@type\":\"ImageObject\",\"inLanguage\":\"it-IT\",\"@id\":\"https:\\\/\\\/naturalpoland.com\\\/it\\\/#\\\/schema\\\/logo\\\/image\\\/\",\"url\":\"https:\\\/\\\/naturalpoland.com\\\/wp-content\\\/uploads\\\/2021\\\/05\\\/natural-poland-icon.png\",\"contentUrl\":\"https:\\\/\\\/naturalpoland.com\\\/wp-content\\\/uploads\\\/2021\\\/05\\\/natural-poland-icon.png\",\"width\":512,\"height\":512,\"caption\":\"Natural Poland\"},\"image\":{\"@id\":\"https:\\\/\\\/naturalpoland.com\\\/it\\\/#\\\/schema\\\/logo\\\/image\\\/\"},\"sameAs\":[\"https:\\\/\\\/www.facebook.com\\\/naturalpoland.b2b\",\"https:\\\/\\\/pl.linkedin.com\\\/company\\\/natural-poland\",\"https:\\\/\\\/www.youtube.com\\\/channel\\\/UCgeGGkvOMahZo-xu_MSEWxg\"]}]}<\/script>\n<!-- \/ Yoast SEO plugin. -->","yoast_head_json":{"title":"Squalano di canna da zucchero - Distributore all'ingrosso","description":"Lo squalano di canna da zucchero \u00e8 la forma pi\u00f9 pura e stabile di questa sostanza, certificata e conforme agli standard EcoCert.","robots":{"index":"index","follow":"follow","max-snippet":"max-snippet:-1","max-image-preview":"max-image-preview:large","max-video-preview":"max-video-preview:-1"},"canonical":"https:\/\/naturalpoland.com\/it\/produkty\/prodotti-per-industria-cosmetica\/materie-prime-cosmetiche\/canna-da-zucchero-squalano\/","og_locale":"it_IT","og_type":"article","og_title":"Squalano di canna da zucchero - Distributore all'ingrosso","og_description":"Lo squalano di canna da zucchero \u00e8 la forma pi\u00f9 pura e stabile di questa sostanza, certificata e conforme agli standard EcoCert.","og_url":"https:\/\/naturalpoland.com\/it\/produkty\/prodotti-per-industria-cosmetica\/materie-prime-cosmetiche\/canna-da-zucchero-squalano\/","og_site_name":"NATURAL POLAND - Distributore all'ingrosso di materie prime","article_publisher":"https:\/\/www.facebook.com\/naturalpoland.b2b","article_modified_time":"2024-11-13T13:42:59+00:00","og_image":[{"width":700,"height":700,"url":"https:\/\/naturalpoland.com\/wp-content\/uploads\/skwalan.webp","type":"image\/webp"}],"schema":{"@context":"https:\/\/schema.org","@graph":[{"@type":"WebPage","@id":"https:\/\/naturalpoland.com\/it\/produkty\/prodotti-per-industria-cosmetica\/materie-prime-cosmetiche\/canna-da-zucchero-squalano\/","url":"https:\/\/naturalpoland.com\/it\/produkty\/prodotti-per-industria-cosmetica\/materie-prime-cosmetiche\/canna-da-zucchero-squalano\/","name":"Squalano di canna da zucchero - Distributore all'ingrosso","isPartOf":{"@id":"https:\/\/naturalpoland.com\/it\/#website"},"primaryImageOfPage":{"@id":"https:\/\/naturalpoland.com\/it\/produkty\/prodotti-per-industria-cosmetica\/materie-prime-cosmetiche\/canna-da-zucchero-squalano\/#primaryimage"},"image":{"@id":"https:\/\/naturalpoland.com\/it\/produkty\/prodotti-per-industria-cosmetica\/materie-prime-cosmetiche\/canna-da-zucchero-squalano\/#primaryimage"},"thumbnailUrl":"https:\/\/naturalpoland.com\/wp-content\/uploads\/skwalan.webp","datePublished":"2021-11-04T11:35:21+00:00","dateModified":"2024-11-13T13:42:59+00:00","description":"Lo squalano di canna da zucchero \u00e8 la forma pi\u00f9 pura e stabile di questa sostanza, certificata e conforme agli standard EcoCert.","breadcrumb":{"@id":"https:\/\/naturalpoland.com\/it\/produkty\/prodotti-per-industria-cosmetica\/materie-prime-cosmetiche\/canna-da-zucchero-squalano\/#breadcrumb"},"inLanguage":"it-IT","potentialAction":[{"@type":"ReadAction","target":["https:\/\/naturalpoland.com\/it\/produkty\/prodotti-per-industria-cosmetica\/materie-prime-cosmetiche\/canna-da-zucchero-squalano\/"]}]},{"@type":"ImageObject","inLanguage":"it-IT","@id":"https:\/\/naturalpoland.com\/it\/produkty\/prodotti-per-industria-cosmetica\/materie-prime-cosmetiche\/canna-da-zucchero-squalano\/#primaryimage","url":"https:\/\/naturalpoland.com\/wp-content\/uploads\/skwalan.webp","contentUrl":"https:\/\/naturalpoland.com\/wp-content\/uploads\/skwalan.webp","width":700,"height":700,"caption":"Skwalan z trzciny cukrowej"},{"@type":"BreadcrumbList","@id":"https:\/\/naturalpoland.com\/it\/produkty\/prodotti-per-industria-cosmetica\/materie-prime-cosmetiche\/canna-da-zucchero-squalano\/#breadcrumb","itemListElement":[{"@type":"ListItem","position":1,"name":"Home","item":"https:\/\/naturalpoland.com\/it\/"},{"@type":"ListItem","position":2,"name":"Prodotti","item":"https:\/\/naturalpoland.com\/it\/prodotti\/"},{"@type":"ListItem","position":3,"name":"Squalano di canna da zucchero"}]},{"@type":"WebSite","@id":"https:\/\/naturalpoland.com\/it\/#website","url":"https:\/\/naturalpoland.com\/it\/","name":"NATURAL POLAND - Distributore all'ingrosso di materie prime","description":"Surowce dla przemys\u0142u spo\u017cywczego, kosmetycznego i farmaceutycznego","publisher":{"@id":"https:\/\/naturalpoland.com\/it\/#organization"},"potentialAction":[{"@type":"SearchAction","target":{"@type":"EntryPoint","urlTemplate":"https:\/\/naturalpoland.com\/it\/?s={search_term_string}"},"query-input":{"@type":"PropertyValueSpecification","valueRequired":true,"valueName":"search_term_string"}}],"inLanguage":"it-IT"},{"@type":"Organization","@id":"https:\/\/naturalpoland.com\/it\/#organization","name":"Natural Poland","url":"https:\/\/naturalpoland.com\/it\/","logo":{"@type":"ImageObject","inLanguage":"it-IT","@id":"https:\/\/naturalpoland.com\/it\/#\/schema\/logo\/image\/","url":"https:\/\/naturalpoland.com\/wp-content\/uploads\/2021\/05\/natural-poland-icon.png","contentUrl":"https:\/\/naturalpoland.com\/wp-content\/uploads\/2021\/05\/natural-poland-icon.png","width":512,"height":512,"caption":"Natural Poland"},"image":{"@id":"https:\/\/naturalpoland.com\/it\/#\/schema\/logo\/image\/"},"sameAs":["https:\/\/www.facebook.com\/naturalpoland.b2b","https:\/\/pl.linkedin.com\/company\/natural-poland","https:\/\/www.youtube.com\/channel\/UCgeGGkvOMahZo-xu_MSEWxg"]}]}},"_links":{"self":[{"href":"https:\/\/naturalpoland.com\/it\/wp-json\/wp\/v2\/product\/14632","targetHints":{"allow":["GET"]}}],"collection":[{"href":"https:\/\/naturalpoland.com\/it\/wp-json\/wp\/v2\/product"}],"about":[{"href":"https:\/\/naturalpoland.com\/it\/wp-json\/wp\/v2\/types\/product"}],"wp:featuredmedia":[{"embeddable":true,"href":"https:\/\/naturalpoland.com\/it\/wp-json\/wp\/v2\/media\/37765"}],"wp:attachment":[{"href":"https:\/\/naturalpoland.com\/it\/wp-json\/wp\/v2\/media?parent=14632"}],"wp:term":[{"taxonomy":"product_brand","embeddable":true,"href":"https:\/\/naturalpoland.com\/it\/wp-json\/wp\/v2\/product_brand?post=14632"},{"taxonomy":"product_cat","embeddable":true,"href":"https:\/\/naturalpoland.com\/it\/wp-json\/wp\/v2\/product_cat?post=14632"},{"taxonomy":"product_tag","embeddable":true,"href":"https:\/\/naturalpoland.com\/it\/wp-json\/wp\/v2\/product_tag?post=14632"}],"curies":[{"name":"wp","href":"https:\/\/api.w.org\/{rel}","templated":true}]}}