{"id":14639,"date":"2021-06-09T14:36:17","date_gmt":"2021-11-04T11:35:27","guid":{"rendered":"https:\/\/naturalpoland.pl\/produkty\/senza-categoria\/estratto-di-boswellia-serrata\/"},"modified":"2024-08-23T15:04:09","modified_gmt":"2024-08-23T13:04:09","slug":"estratto-di-boswellia-serrata","status":"publish","type":"product","link":"https:\/\/naturalpoland.com\/it\/produkty\/estratti-vegetali\/estratto-di-boswellia-serrata\/","title":{"rendered":"Estratto di Boswellia Serrata"},"content":{"rendered":"<p>L&#8217;estratto di Boswellia Serrata agisce principalmente inibendo l&#8217;enzima 5-lipossigenasi (5-LOX), che porta a una riduzione della produzione di leucotrieni, composti responsabili dei processi infiammatori dell&#8217;organismo.<br \/>\nDi conseguenza, la Boswellia pu\u00f2 essere efficace nel ridurre l&#8217;infiammazione, il dolore e il gonfiore, soprattutto in caso di<strong> artrite, malattie reumatiche<\/strong> e <strong>problemi respiratori<\/strong> come l <strong>&#8216;asma<\/strong>.<br \/>\nInoltre, gli acidi boswellici mostrano un potenziale nella protezione del tessuto cartilagineo e possono supportare la salute delle articolazioni.<br \/>\nIl prodotto si presenta sotto forma di polvere fine di colore bianco-crema.<br \/>\n\u00c8 caratterizzato da un aroma caratteristico e delicato, tipico della materia prima vegetale.      <\/p>\n<h2>Uso dell&#8217;estratto di Boswellia Serrata:<\/h2>\n<p>  L&#8217;estratto di Boswellia Serrata viene spesso utilizzato negli integratori alimentari sotto forma di capsule, compresse o polvere per il trattamento di malattie articolari e respiratorie e per le infiammazioni croniche.<br \/>\nGrazie alle sue propriet\u00e0 antinfiammatorie, la Boswellia viene spesso utilizzata in preparati per ridurre il dolore e migliorare la mobilit\u00e0 articolare nelle persone che soffrono di artrite o altre malattie reumatiche.<br \/>\nLa Boswellia pu\u00f2 essere utilizzata come ingrediente naturale nelle formulazioni per le persone fisicamente attive che soffrono di<strong> dolori muscolari e articolari<\/strong>.  <\/p>\n","protected":false},"excerpt":{"rendered":"<p>L<strong>&#8216;estratto di Boswellia serrata<\/strong>, noto anche come <strong>incenso indiano<\/strong>, \u00e8 un prodotto naturale derivato dalla resina dell&#8217;albero di <em>Boswellia serrata<\/em>.<br \/>\nL&#8217;estratto \u00e8 standardizzato per contenere<strong> acidi boswellici<\/strong>, che sono i principali composti attivi responsabili delle sue propriet\u00e0 salutari. <\/p>\n","protected":false},"featured_media":34856,"template":"","meta":[],"product_brand":[],"product_cat":[1533],"product_tag":[],"class_list":{"0":"post-14639","1":"product","2":"type-product","3":"status-publish","4":"has-post-thumbnail","6":"product_cat-estratti-vegetali","7":"pa_certyfikaty-certificazione-kosher","8":"pa_certyfikaty-halal-it","9":"pa_czesc-rosliny-resina-it","10":"pa_skladnik-aktywny-acido-boswellico","12":"first","13":"instock","14":"shipping-taxable","15":"product-type-simple"},"yoast_head":"<!-- This site is optimized with the Yoast SEO plugin v27.4 - https:\/\/yoast.com\/product\/yoast-seo-wordpress\/ -->\n<title>Estratto di Boswellia Serrata - NATURAL POLAND - Distributore all&#039;ingrosso di materie prime<\/title>\n<meta name=\"description\" content=\"L&#039;estratto di Boswellia Serrata \u00e8 utilizzato negli integratori alimentari e nei prodotti a sostegno della salute delle articolazioni e delle vie respiratorie.\" \/>\n<meta name=\"robots\" content=\"index, follow, max-snippet:-1, max-image-preview:large, max-video-preview:-1\" \/>\n<link rel=\"canonical\" href=\"https:\/\/naturalpoland.com\/it\/produkty\/estratti-vegetali\/estratto-di-boswellia-serrata\/\" \/>\n<meta property=\"og:locale\" content=\"it_IT\" \/>\n<meta property=\"og:type\" content=\"article\" \/>\n<meta property=\"og:title\" content=\"Estratto di Boswellia Serrata - NATURAL POLAND - Distributore all&#039;ingrosso di materie prime\" \/>\n<meta property=\"og:description\" content=\"L&#039;estratto di Boswellia Serrata \u00e8 utilizzato negli integratori alimentari e nei prodotti a sostegno della salute delle articolazioni e delle vie respiratorie.\" \/>\n<meta property=\"og:url\" content=\"https:\/\/naturalpoland.com\/it\/produkty\/estratti-vegetali\/estratto-di-boswellia-serrata\/\" \/>\n<meta property=\"og:site_name\" content=\"NATURAL POLAND - Distributore all&#039;ingrosso di materie prime\" \/>\n<meta property=\"article:publisher\" content=\"https:\/\/www.facebook.com\/naturalpoland.b2b\" \/>\n<meta property=\"article:modified_time\" content=\"2024-08-23T13:04:09+00:00\" \/>\n<meta property=\"og:image\" content=\"https:\/\/naturalpoland.com\/wp-content\/uploads\/boswellia_serrata_extract.webp\" \/>\n\t<meta property=\"og:image:width\" content=\"619\" \/>\n\t<meta property=\"og:image:height\" content=\"619\" \/>\n\t<meta property=\"og:image:type\" content=\"image\/webp\" \/>\n<script type=\"application\/ld+json\" class=\"yoast-schema-graph\">{\"@context\":\"https:\\\/\\\/schema.org\",\"@graph\":[{\"@type\":\"WebPage\",\"@id\":\"https:\\\/\\\/naturalpoland.com\\\/it\\\/produkty\\\/estratti-vegetali\\\/estratto-di-boswellia-serrata\\\/\",\"url\":\"https:\\\/\\\/naturalpoland.com\\\/it\\\/produkty\\\/estratti-vegetali\\\/estratto-di-boswellia-serrata\\\/\",\"name\":\"Estratto di Boswellia Serrata - NATURAL POLAND - Distributore all'ingrosso di materie prime\",\"isPartOf\":{\"@id\":\"https:\\\/\\\/naturalpoland.com\\\/it\\\/#website\"},\"primaryImageOfPage\":{\"@id\":\"https:\\\/\\\/naturalpoland.com\\\/it\\\/produkty\\\/estratti-vegetali\\\/estratto-di-boswellia-serrata\\\/#primaryimage\"},\"image\":{\"@id\":\"https:\\\/\\\/naturalpoland.com\\\/it\\\/produkty\\\/estratti-vegetali\\\/estratto-di-boswellia-serrata\\\/#primaryimage\"},\"thumbnailUrl\":\"https:\\\/\\\/naturalpoland.com\\\/wp-content\\\/uploads\\\/boswellia_serrata_extract.webp\",\"datePublished\":\"2021-11-04T11:35:27+00:00\",\"dateModified\":\"2024-08-23T13:04:09+00:00\",\"description\":\"L'estratto di Boswellia Serrata \u00e8 utilizzato negli integratori alimentari e nei prodotti a sostegno della salute delle articolazioni e delle vie respiratorie.\",\"breadcrumb\":{\"@id\":\"https:\\\/\\\/naturalpoland.com\\\/it\\\/produkty\\\/estratti-vegetali\\\/estratto-di-boswellia-serrata\\\/#breadcrumb\"},\"inLanguage\":\"it-IT\",\"potentialAction\":[{\"@type\":\"ReadAction\",\"target\":[\"https:\\\/\\\/naturalpoland.com\\\/it\\\/produkty\\\/estratti-vegetali\\\/estratto-di-boswellia-serrata\\\/\"]}]},{\"@type\":\"ImageObject\",\"inLanguage\":\"it-IT\",\"@id\":\"https:\\\/\\\/naturalpoland.com\\\/it\\\/produkty\\\/estratti-vegetali\\\/estratto-di-boswellia-serrata\\\/#primaryimage\",\"url\":\"https:\\\/\\\/naturalpoland.com\\\/wp-content\\\/uploads\\\/boswellia_serrata_extract.webp\",\"contentUrl\":\"https:\\\/\\\/naturalpoland.com\\\/wp-content\\\/uploads\\\/boswellia_serrata_extract.webp\",\"width\":619,\"height\":619,\"caption\":\"Ekstrakt z boswellia serrata pochodz\u0105cy z \u017cywicy drzewa Boswellia serrata ma posta\u0107 drobnego proszku o kolorze od bia\u0142ego do kremowego.\"},{\"@type\":\"BreadcrumbList\",\"@id\":\"https:\\\/\\\/naturalpoland.com\\\/it\\\/produkty\\\/estratti-vegetali\\\/estratto-di-boswellia-serrata\\\/#breadcrumb\",\"itemListElement\":[{\"@type\":\"ListItem\",\"position\":1,\"name\":\"Home\",\"item\":\"https:\\\/\\\/naturalpoland.com\\\/it\\\/\"},{\"@type\":\"ListItem\",\"position\":2,\"name\":\"Prodotti\",\"item\":\"https:\\\/\\\/naturalpoland.com\\\/it\\\/prodotti\\\/\"},{\"@type\":\"ListItem\",\"position\":3,\"name\":\"Estratto di Boswellia Serrata\"}]},{\"@type\":\"WebSite\",\"@id\":\"https:\\\/\\\/naturalpoland.com\\\/it\\\/#website\",\"url\":\"https:\\\/\\\/naturalpoland.com\\\/it\\\/\",\"name\":\"NATURAL POLAND - Distributore all'ingrosso di materie prime\",\"description\":\"Surowce dla przemys\u0142u spo\u017cywczego, kosmetycznego i farmaceutycznego\",\"publisher\":{\"@id\":\"https:\\\/\\\/naturalpoland.com\\\/it\\\/#organization\"},\"potentialAction\":[{\"@type\":\"SearchAction\",\"target\":{\"@type\":\"EntryPoint\",\"urlTemplate\":\"https:\\\/\\\/naturalpoland.com\\\/it\\\/?s={search_term_string}\"},\"query-input\":{\"@type\":\"PropertyValueSpecification\",\"valueRequired\":true,\"valueName\":\"search_term_string\"}}],\"inLanguage\":\"it-IT\"},{\"@type\":\"Organization\",\"@id\":\"https:\\\/\\\/naturalpoland.com\\\/it\\\/#organization\",\"name\":\"Natural Poland\",\"url\":\"https:\\\/\\\/naturalpoland.com\\\/it\\\/\",\"logo\":{\"@type\":\"ImageObject\",\"inLanguage\":\"it-IT\",\"@id\":\"https:\\\/\\\/naturalpoland.com\\\/it\\\/#\\\/schema\\\/logo\\\/image\\\/\",\"url\":\"https:\\\/\\\/naturalpoland.com\\\/wp-content\\\/uploads\\\/2021\\\/05\\\/natural-poland-icon.png\",\"contentUrl\":\"https:\\\/\\\/naturalpoland.com\\\/wp-content\\\/uploads\\\/2021\\\/05\\\/natural-poland-icon.png\",\"width\":512,\"height\":512,\"caption\":\"Natural Poland\"},\"image\":{\"@id\":\"https:\\\/\\\/naturalpoland.com\\\/it\\\/#\\\/schema\\\/logo\\\/image\\\/\"},\"sameAs\":[\"https:\\\/\\\/www.facebook.com\\\/naturalpoland.b2b\",\"https:\\\/\\\/pl.linkedin.com\\\/company\\\/natural-poland\",\"https:\\\/\\\/www.youtube.com\\\/channel\\\/UCgeGGkvOMahZo-xu_MSEWxg\"]}]}<\/script>\n<!-- \/ Yoast SEO plugin. -->","yoast_head_json":{"title":"Estratto di Boswellia Serrata - NATURAL POLAND - Distributore all'ingrosso di materie prime","description":"L'estratto di Boswellia Serrata \u00e8 utilizzato negli integratori alimentari e nei prodotti a sostegno della salute delle articolazioni e delle vie respiratorie.","robots":{"index":"index","follow":"follow","max-snippet":"max-snippet:-1","max-image-preview":"max-image-preview:large","max-video-preview":"max-video-preview:-1"},"canonical":"https:\/\/naturalpoland.com\/it\/produkty\/estratti-vegetali\/estratto-di-boswellia-serrata\/","og_locale":"it_IT","og_type":"article","og_title":"Estratto di Boswellia Serrata - NATURAL POLAND - Distributore all'ingrosso di materie prime","og_description":"L'estratto di Boswellia Serrata \u00e8 utilizzato negli integratori alimentari e nei prodotti a sostegno della salute delle articolazioni e delle vie respiratorie.","og_url":"https:\/\/naturalpoland.com\/it\/produkty\/estratti-vegetali\/estratto-di-boswellia-serrata\/","og_site_name":"NATURAL POLAND - Distributore all'ingrosso di materie prime","article_publisher":"https:\/\/www.facebook.com\/naturalpoland.b2b","article_modified_time":"2024-08-23T13:04:09+00:00","og_image":[{"width":619,"height":619,"url":"https:\/\/naturalpoland.com\/wp-content\/uploads\/boswellia_serrata_extract.webp","type":"image\/webp"}],"schema":{"@context":"https:\/\/schema.org","@graph":[{"@type":"WebPage","@id":"https:\/\/naturalpoland.com\/it\/produkty\/estratti-vegetali\/estratto-di-boswellia-serrata\/","url":"https:\/\/naturalpoland.com\/it\/produkty\/estratti-vegetali\/estratto-di-boswellia-serrata\/","name":"Estratto di Boswellia Serrata - NATURAL POLAND - Distributore all'ingrosso di materie prime","isPartOf":{"@id":"https:\/\/naturalpoland.com\/it\/#website"},"primaryImageOfPage":{"@id":"https:\/\/naturalpoland.com\/it\/produkty\/estratti-vegetali\/estratto-di-boswellia-serrata\/#primaryimage"},"image":{"@id":"https:\/\/naturalpoland.com\/it\/produkty\/estratti-vegetali\/estratto-di-boswellia-serrata\/#primaryimage"},"thumbnailUrl":"https:\/\/naturalpoland.com\/wp-content\/uploads\/boswellia_serrata_extract.webp","datePublished":"2021-11-04T11:35:27+00:00","dateModified":"2024-08-23T13:04:09+00:00","description":"L'estratto di Boswellia Serrata \u00e8 utilizzato negli integratori alimentari e nei prodotti a sostegno della salute delle articolazioni e delle vie respiratorie.","breadcrumb":{"@id":"https:\/\/naturalpoland.com\/it\/produkty\/estratti-vegetali\/estratto-di-boswellia-serrata\/#breadcrumb"},"inLanguage":"it-IT","potentialAction":[{"@type":"ReadAction","target":["https:\/\/naturalpoland.com\/it\/produkty\/estratti-vegetali\/estratto-di-boswellia-serrata\/"]}]},{"@type":"ImageObject","inLanguage":"it-IT","@id":"https:\/\/naturalpoland.com\/it\/produkty\/estratti-vegetali\/estratto-di-boswellia-serrata\/#primaryimage","url":"https:\/\/naturalpoland.com\/wp-content\/uploads\/boswellia_serrata_extract.webp","contentUrl":"https:\/\/naturalpoland.com\/wp-content\/uploads\/boswellia_serrata_extract.webp","width":619,"height":619,"caption":"Ekstrakt z boswellia serrata pochodz\u0105cy z \u017cywicy drzewa Boswellia serrata ma posta\u0107 drobnego proszku o kolorze od bia\u0142ego do kremowego."},{"@type":"BreadcrumbList","@id":"https:\/\/naturalpoland.com\/it\/produkty\/estratti-vegetali\/estratto-di-boswellia-serrata\/#breadcrumb","itemListElement":[{"@type":"ListItem","position":1,"name":"Home","item":"https:\/\/naturalpoland.com\/it\/"},{"@type":"ListItem","position":2,"name":"Prodotti","item":"https:\/\/naturalpoland.com\/it\/prodotti\/"},{"@type":"ListItem","position":3,"name":"Estratto di Boswellia Serrata"}]},{"@type":"WebSite","@id":"https:\/\/naturalpoland.com\/it\/#website","url":"https:\/\/naturalpoland.com\/it\/","name":"NATURAL POLAND - Distributore all'ingrosso di materie prime","description":"Surowce dla przemys\u0142u spo\u017cywczego, kosmetycznego i farmaceutycznego","publisher":{"@id":"https:\/\/naturalpoland.com\/it\/#organization"},"potentialAction":[{"@type":"SearchAction","target":{"@type":"EntryPoint","urlTemplate":"https:\/\/naturalpoland.com\/it\/?s={search_term_string}"},"query-input":{"@type":"PropertyValueSpecification","valueRequired":true,"valueName":"search_term_string"}}],"inLanguage":"it-IT"},{"@type":"Organization","@id":"https:\/\/naturalpoland.com\/it\/#organization","name":"Natural Poland","url":"https:\/\/naturalpoland.com\/it\/","logo":{"@type":"ImageObject","inLanguage":"it-IT","@id":"https:\/\/naturalpoland.com\/it\/#\/schema\/logo\/image\/","url":"https:\/\/naturalpoland.com\/wp-content\/uploads\/2021\/05\/natural-poland-icon.png","contentUrl":"https:\/\/naturalpoland.com\/wp-content\/uploads\/2021\/05\/natural-poland-icon.png","width":512,"height":512,"caption":"Natural Poland"},"image":{"@id":"https:\/\/naturalpoland.com\/it\/#\/schema\/logo\/image\/"},"sameAs":["https:\/\/www.facebook.com\/naturalpoland.b2b","https:\/\/pl.linkedin.com\/company\/natural-poland","https:\/\/www.youtube.com\/channel\/UCgeGGkvOMahZo-xu_MSEWxg"]}]}},"_links":{"self":[{"href":"https:\/\/naturalpoland.com\/it\/wp-json\/wp\/v2\/product\/14639","targetHints":{"allow":["GET"]}}],"collection":[{"href":"https:\/\/naturalpoland.com\/it\/wp-json\/wp\/v2\/product"}],"about":[{"href":"https:\/\/naturalpoland.com\/it\/wp-json\/wp\/v2\/types\/product"}],"wp:featuredmedia":[{"embeddable":true,"href":"https:\/\/naturalpoland.com\/it\/wp-json\/wp\/v2\/media\/34856"}],"wp:attachment":[{"href":"https:\/\/naturalpoland.com\/it\/wp-json\/wp\/v2\/media?parent=14639"}],"wp:term":[{"taxonomy":"product_brand","embeddable":true,"href":"https:\/\/naturalpoland.com\/it\/wp-json\/wp\/v2\/product_brand?post=14639"},{"taxonomy":"product_cat","embeddable":true,"href":"https:\/\/naturalpoland.com\/it\/wp-json\/wp\/v2\/product_cat?post=14639"},{"taxonomy":"product_tag","embeddable":true,"href":"https:\/\/naturalpoland.com\/it\/wp-json\/wp\/v2\/product_tag?post=14639"}],"curies":[{"name":"wp","href":"https:\/\/api.w.org\/{rel}","templated":true}]}}