{"id":14641,"date":"2021-06-14T16:56:14","date_gmt":"2021-11-04T11:35:28","guid":{"rendered":"https:\/\/naturalpoland.pl\/produkty\/senza-categoria\/estratto-di-graviola\/"},"modified":"2024-10-07T12:01:41","modified_gmt":"2024-10-07T10:01:41","slug":"estratto-di-graviola","status":"publish","type":"product","link":"https:\/\/naturalpoland.com\/it\/produkty\/estratti-vegetali\/estratto-di-graviola\/","title":{"rendered":"Estratto di Graviola"},"content":{"rendered":"<h2>Propriet\u00e0 dell&#8217;estratto di graviola<\/h2>\n<p>  L&#8217;estratto di graviola contiene composti biologicamente attivi come le <strong>acetogenine annonacee<\/strong> e vitamine tra cui.<br \/>\nVitamina C, B, E e K, oltre a minerali come magnesio, fosforo, potassio, ferro e zinco.<br \/>\nQuesti composti supportano il funzionamento dell&#8217;organismo a molti livelli, dal rafforzamento dell&#8217;immunit\u00e0 alla protezione dalle infezioni.    <\/p>\n<h2>Effetto dell&#8217;estratto di graviola<\/h2>\n<p>  La caratteristica pi\u00f9 significativa dell&#8217;estratto di graviola \u00e8 la sua <strong>propriet\u00e0 antitumorale<\/strong>.<br \/>\nLe acetogenine, presenti in grandi quantit\u00e0 nell&#8217;estratto, mostrano la capacit\u00e0 di distruggere selettivamente le cellule tumorali senza danneggiare quelle sane.<br \/>\nLa graviola ha dimostrato un&#8217;elevata efficacia contro tumori come quello al seno, alla prostata, al pancreas, ai polmoni e al colon-retto.<br \/>\nIl meccanismo d&#8217;azione consiste nell&#8217;inibire gli enzimi presenti nelle membrane delle cellule tumorali, impedendone l&#8217;ulteriore sviluppo.<br \/>\nTuttavia, la ricerca \u00e8 ancora in corso per utilizzare la graviola per sviluppare un nuovo farmaco antitumorale efficace.<br \/>\nL&#8217;estratto di graviola ha anche forti <strong>propriet\u00e0 antibatteriche e antiparassitarie<\/strong>.<br \/>\nI semi di Graviola sono stati tradizionalmente utilizzati per controllare i parassiti, mentre gli estratti del frutto e delle foglie sono stati impiegati per combattere le infezioni batteriche e fungine e per trattare condizioni della pelle come la psoriasi e l&#8217;eczema.<br \/>\nL&#8217;uso dell&#8217;estratto aiuta a eliminare le infezioni interne ed esterne e rafforza il sistema immunitario.<br \/>\nLa graviola ha anche un effetto benefico sul <strong>sistema cardiovascolare<\/strong>, abbassando la pressione sanguigna e supportando la funzione cardiaca.<br \/>\nI composti presenti nella pianta dilatano i vasi sanguigni, riducendo la frequenza cardiaca.<br \/>\nL&#8217;estratto mostra anche <strong>effetti antidiabetici<\/strong>, favorendo la regolazione dei livelli di glucosio nel sangue.<br \/>\nGrazie alle propriet\u00e0 <strong>sedative e ansiolitiche<\/strong> dell&#8217;erba graviola, l&#8217;estratto pu\u00f2 essere utilizzato come supporto naturale contro lo stress, la tensione nervosa e l&#8217;insonnia.<br \/>\nL&#8217;uso regolare aiuta a migliorare la qualit\u00e0 del sonno, allevia il nervosismo e calma.<br \/>\nPu\u00f2 essere utilizzato come alternativa naturale ai farmaci antinfiammatori, offrendo un sollievo senza effetti collaterali poich\u00e9 presenta effetti <strong>antinfiammatori e analgesici<\/strong>.               &nbsp;<\/p>\n","protected":false},"excerpt":{"rendered":"<p>L&#8217;<strong>estratto di Graviola<\/strong> \u00e8 estratto dal frutto della graviola<em>(Annona muricata<\/em>), nota anche come cherimoya di conifera.<br \/>\nSi tratta di un albero tropicale dalle eccezionali propriet\u00e0 salutari, originario dell&#8217;America centrale e meridionale. <\/p>\n","protected":false},"featured_media":35836,"template":"","meta":{"_acf_changed":false},"product_brand":[],"product_cat":[1533],"product_tag":[],"class_list":{"0":"post-14641","1":"product","2":"type-product","3":"status-publish","4":"has-post-thumbnail","6":"product_cat-estratti-vegetali","7":"pa_czesc-rosliny-frutta","9":"first","10":"instock","11":"shipping-taxable","12":"product-type-simple"},"acf":[],"yoast_head":"<!-- This site is optimized with the Yoast SEO plugin v27.5 - https:\/\/yoast.com\/product\/yoast-seo-wordpress\/ -->\n<title>Estratto di Graviola - NATURAL POLAND - Distributore all&#039;ingrosso di materie prime<\/title>\n<meta name=\"description\" content=\"L&#039;estratto di graviola \u00e8 un prodotto unico con un ampio spettro d&#039;azione: ha propriet\u00e0 anticancro, antibatteriche, calmanti e rinforzanti.\" \/>\n<meta name=\"robots\" content=\"index, follow, max-snippet:-1, max-image-preview:large, max-video-preview:-1\" \/>\n<link rel=\"canonical\" href=\"https:\/\/naturalpoland.com\/it\/produkty\/estratti-vegetali\/estratto-di-graviola\/\" \/>\n<meta property=\"og:locale\" content=\"it_IT\" \/>\n<meta property=\"og:type\" content=\"article\" \/>\n<meta property=\"og:title\" content=\"Estratto di Graviola - NATURAL POLAND - Distributore all&#039;ingrosso di materie prime\" \/>\n<meta property=\"og:description\" content=\"L&#039;estratto di graviola \u00e8 un prodotto unico con un ampio spettro d&#039;azione: ha propriet\u00e0 anticancro, antibatteriche, calmanti e rinforzanti.\" \/>\n<meta property=\"og:url\" content=\"https:\/\/naturalpoland.com\/it\/produkty\/estratti-vegetali\/estratto-di-graviola\/\" \/>\n<meta property=\"og:site_name\" content=\"NATURAL POLAND - Distributore all&#039;ingrosso di materie prime\" \/>\n<meta property=\"article:publisher\" content=\"https:\/\/www.facebook.com\/naturalpoland.b2b\" \/>\n<meta property=\"article:modified_time\" content=\"2024-10-07T10:01:41+00:00\" \/>\n<meta property=\"og:image\" content=\"https:\/\/naturalpoland.com\/wp-content\/uploads\/ekstrakt-z-gravioli.webp\" \/>\n\t<meta property=\"og:image:width\" content=\"619\" \/>\n\t<meta property=\"og:image:height\" content=\"619\" \/>\n\t<meta property=\"og:image:type\" content=\"image\/webp\" \/>\n<script type=\"application\/ld+json\" class=\"yoast-schema-graph\">{\"@context\":\"https:\\\/\\\/schema.org\",\"@graph\":[{\"@type\":\"WebPage\",\"@id\":\"https:\\\/\\\/naturalpoland.com\\\/it\\\/produkty\\\/estratti-vegetali\\\/estratto-di-graviola\\\/\",\"url\":\"https:\\\/\\\/naturalpoland.com\\\/it\\\/produkty\\\/estratti-vegetali\\\/estratto-di-graviola\\\/\",\"name\":\"Estratto di Graviola - NATURAL POLAND - Distributore all'ingrosso di materie prime\",\"isPartOf\":{\"@id\":\"https:\\\/\\\/naturalpoland.com\\\/it\\\/#website\"},\"primaryImageOfPage\":{\"@id\":\"https:\\\/\\\/naturalpoland.com\\\/it\\\/produkty\\\/estratti-vegetali\\\/estratto-di-graviola\\\/#primaryimage\"},\"image\":{\"@id\":\"https:\\\/\\\/naturalpoland.com\\\/it\\\/produkty\\\/estratti-vegetali\\\/estratto-di-graviola\\\/#primaryimage\"},\"thumbnailUrl\":\"https:\\\/\\\/naturalpoland.com\\\/wp-content\\\/uploads\\\/ekstrakt-z-gravioli.webp\",\"datePublished\":\"2021-11-04T11:35:28+00:00\",\"dateModified\":\"2024-10-07T10:01:41+00:00\",\"description\":\"L'estratto di graviola \u00e8 un prodotto unico con un ampio spettro d'azione: ha propriet\u00e0 anticancro, antibatteriche, calmanti e rinforzanti.\",\"breadcrumb\":{\"@id\":\"https:\\\/\\\/naturalpoland.com\\\/it\\\/produkty\\\/estratti-vegetali\\\/estratto-di-graviola\\\/#breadcrumb\"},\"inLanguage\":\"it-IT\",\"potentialAction\":[{\"@type\":\"ReadAction\",\"target\":[\"https:\\\/\\\/naturalpoland.com\\\/it\\\/produkty\\\/estratti-vegetali\\\/estratto-di-graviola\\\/\"]}]},{\"@type\":\"ImageObject\",\"inLanguage\":\"it-IT\",\"@id\":\"https:\\\/\\\/naturalpoland.com\\\/it\\\/produkty\\\/estratti-vegetali\\\/estratto-di-graviola\\\/#primaryimage\",\"url\":\"https:\\\/\\\/naturalpoland.com\\\/wp-content\\\/uploads\\\/ekstrakt-z-gravioli.webp\",\"contentUrl\":\"https:\\\/\\\/naturalpoland.com\\\/wp-content\\\/uploads\\\/ekstrakt-z-gravioli.webp\",\"width\":619,\"height\":619,\"caption\":\"ekstrakt z owocu gravioli w postaci \u017c\u00f3\u0142to-br\u0105zowego proszku\"},{\"@type\":\"BreadcrumbList\",\"@id\":\"https:\\\/\\\/naturalpoland.com\\\/it\\\/produkty\\\/estratti-vegetali\\\/estratto-di-graviola\\\/#breadcrumb\",\"itemListElement\":[{\"@type\":\"ListItem\",\"position\":1,\"name\":\"Home\",\"item\":\"https:\\\/\\\/naturalpoland.com\\\/it\\\/\"},{\"@type\":\"ListItem\",\"position\":2,\"name\":\"Prodotti\",\"item\":\"https:\\\/\\\/naturalpoland.com\\\/it\\\/prodotti\\\/\"},{\"@type\":\"ListItem\",\"position\":3,\"name\":\"Estratto di Graviola\"}]},{\"@type\":\"WebSite\",\"@id\":\"https:\\\/\\\/naturalpoland.com\\\/it\\\/#website\",\"url\":\"https:\\\/\\\/naturalpoland.com\\\/it\\\/\",\"name\":\"NATURAL POLAND - Distributore all'ingrosso di materie prime\",\"description\":\"Surowce dla przemys\u0142u spo\u017cywczego, kosmetycznego i farmaceutycznego\",\"publisher\":{\"@id\":\"https:\\\/\\\/naturalpoland.com\\\/it\\\/#organization\"},\"potentialAction\":[{\"@type\":\"SearchAction\",\"target\":{\"@type\":\"EntryPoint\",\"urlTemplate\":\"https:\\\/\\\/naturalpoland.com\\\/it\\\/?s={search_term_string}\"},\"query-input\":{\"@type\":\"PropertyValueSpecification\",\"valueRequired\":true,\"valueName\":\"search_term_string\"}}],\"inLanguage\":\"it-IT\"},{\"@type\":\"Organization\",\"@id\":\"https:\\\/\\\/naturalpoland.com\\\/it\\\/#organization\",\"name\":\"Natural Poland\",\"url\":\"https:\\\/\\\/naturalpoland.com\\\/it\\\/\",\"logo\":{\"@type\":\"ImageObject\",\"inLanguage\":\"it-IT\",\"@id\":\"https:\\\/\\\/naturalpoland.com\\\/it\\\/#\\\/schema\\\/logo\\\/image\\\/\",\"url\":\"https:\\\/\\\/naturalpoland.com\\\/wp-content\\\/uploads\\\/2021\\\/05\\\/natural-poland-icon.png\",\"contentUrl\":\"https:\\\/\\\/naturalpoland.com\\\/wp-content\\\/uploads\\\/2021\\\/05\\\/natural-poland-icon.png\",\"width\":512,\"height\":512,\"caption\":\"Natural Poland\"},\"image\":{\"@id\":\"https:\\\/\\\/naturalpoland.com\\\/it\\\/#\\\/schema\\\/logo\\\/image\\\/\"},\"sameAs\":[\"https:\\\/\\\/www.facebook.com\\\/naturalpoland.b2b\",\"https:\\\/\\\/pl.linkedin.com\\\/company\\\/natural-poland\",\"https:\\\/\\\/www.youtube.com\\\/channel\\\/UCgeGGkvOMahZo-xu_MSEWxg\"]}]}<\/script>\n<!-- \/ Yoast SEO plugin. -->","yoast_head_json":{"title":"Estratto di Graviola - NATURAL POLAND - Distributore all'ingrosso di materie prime","description":"L'estratto di graviola \u00e8 un prodotto unico con un ampio spettro d'azione: ha propriet\u00e0 anticancro, antibatteriche, calmanti e rinforzanti.","robots":{"index":"index","follow":"follow","max-snippet":"max-snippet:-1","max-image-preview":"max-image-preview:large","max-video-preview":"max-video-preview:-1"},"canonical":"https:\/\/naturalpoland.com\/it\/produkty\/estratti-vegetali\/estratto-di-graviola\/","og_locale":"it_IT","og_type":"article","og_title":"Estratto di Graviola - NATURAL POLAND - Distributore all'ingrosso di materie prime","og_description":"L'estratto di graviola \u00e8 un prodotto unico con un ampio spettro d'azione: ha propriet\u00e0 anticancro, antibatteriche, calmanti e rinforzanti.","og_url":"https:\/\/naturalpoland.com\/it\/produkty\/estratti-vegetali\/estratto-di-graviola\/","og_site_name":"NATURAL POLAND - Distributore all'ingrosso di materie prime","article_publisher":"https:\/\/www.facebook.com\/naturalpoland.b2b","article_modified_time":"2024-10-07T10:01:41+00:00","og_image":[{"width":619,"height":619,"url":"https:\/\/naturalpoland.com\/wp-content\/uploads\/ekstrakt-z-gravioli.webp","type":"image\/webp"}],"schema":{"@context":"https:\/\/schema.org","@graph":[{"@type":"WebPage","@id":"https:\/\/naturalpoland.com\/it\/produkty\/estratti-vegetali\/estratto-di-graviola\/","url":"https:\/\/naturalpoland.com\/it\/produkty\/estratti-vegetali\/estratto-di-graviola\/","name":"Estratto di Graviola - NATURAL POLAND - Distributore all'ingrosso di materie prime","isPartOf":{"@id":"https:\/\/naturalpoland.com\/it\/#website"},"primaryImageOfPage":{"@id":"https:\/\/naturalpoland.com\/it\/produkty\/estratti-vegetali\/estratto-di-graviola\/#primaryimage"},"image":{"@id":"https:\/\/naturalpoland.com\/it\/produkty\/estratti-vegetali\/estratto-di-graviola\/#primaryimage"},"thumbnailUrl":"https:\/\/naturalpoland.com\/wp-content\/uploads\/ekstrakt-z-gravioli.webp","datePublished":"2021-11-04T11:35:28+00:00","dateModified":"2024-10-07T10:01:41+00:00","description":"L'estratto di graviola \u00e8 un prodotto unico con un ampio spettro d'azione: ha propriet\u00e0 anticancro, antibatteriche, calmanti e rinforzanti.","breadcrumb":{"@id":"https:\/\/naturalpoland.com\/it\/produkty\/estratti-vegetali\/estratto-di-graviola\/#breadcrumb"},"inLanguage":"it-IT","potentialAction":[{"@type":"ReadAction","target":["https:\/\/naturalpoland.com\/it\/produkty\/estratti-vegetali\/estratto-di-graviola\/"]}]},{"@type":"ImageObject","inLanguage":"it-IT","@id":"https:\/\/naturalpoland.com\/it\/produkty\/estratti-vegetali\/estratto-di-graviola\/#primaryimage","url":"https:\/\/naturalpoland.com\/wp-content\/uploads\/ekstrakt-z-gravioli.webp","contentUrl":"https:\/\/naturalpoland.com\/wp-content\/uploads\/ekstrakt-z-gravioli.webp","width":619,"height":619,"caption":"ekstrakt z owocu gravioli w postaci \u017c\u00f3\u0142to-br\u0105zowego proszku"},{"@type":"BreadcrumbList","@id":"https:\/\/naturalpoland.com\/it\/produkty\/estratti-vegetali\/estratto-di-graviola\/#breadcrumb","itemListElement":[{"@type":"ListItem","position":1,"name":"Home","item":"https:\/\/naturalpoland.com\/it\/"},{"@type":"ListItem","position":2,"name":"Prodotti","item":"https:\/\/naturalpoland.com\/it\/prodotti\/"},{"@type":"ListItem","position":3,"name":"Estratto di Graviola"}]},{"@type":"WebSite","@id":"https:\/\/naturalpoland.com\/it\/#website","url":"https:\/\/naturalpoland.com\/it\/","name":"NATURAL POLAND - Distributore all'ingrosso di materie prime","description":"Surowce dla przemys\u0142u spo\u017cywczego, kosmetycznego i farmaceutycznego","publisher":{"@id":"https:\/\/naturalpoland.com\/it\/#organization"},"potentialAction":[{"@type":"SearchAction","target":{"@type":"EntryPoint","urlTemplate":"https:\/\/naturalpoland.com\/it\/?s={search_term_string}"},"query-input":{"@type":"PropertyValueSpecification","valueRequired":true,"valueName":"search_term_string"}}],"inLanguage":"it-IT"},{"@type":"Organization","@id":"https:\/\/naturalpoland.com\/it\/#organization","name":"Natural Poland","url":"https:\/\/naturalpoland.com\/it\/","logo":{"@type":"ImageObject","inLanguage":"it-IT","@id":"https:\/\/naturalpoland.com\/it\/#\/schema\/logo\/image\/","url":"https:\/\/naturalpoland.com\/wp-content\/uploads\/2021\/05\/natural-poland-icon.png","contentUrl":"https:\/\/naturalpoland.com\/wp-content\/uploads\/2021\/05\/natural-poland-icon.png","width":512,"height":512,"caption":"Natural Poland"},"image":{"@id":"https:\/\/naturalpoland.com\/it\/#\/schema\/logo\/image\/"},"sameAs":["https:\/\/www.facebook.com\/naturalpoland.b2b","https:\/\/pl.linkedin.com\/company\/natural-poland","https:\/\/www.youtube.com\/channel\/UCgeGGkvOMahZo-xu_MSEWxg"]}]}},"_links":{"self":[{"href":"https:\/\/naturalpoland.com\/it\/wp-json\/wp\/v2\/product\/14641","targetHints":{"allow":["GET"]}}],"collection":[{"href":"https:\/\/naturalpoland.com\/it\/wp-json\/wp\/v2\/product"}],"about":[{"href":"https:\/\/naturalpoland.com\/it\/wp-json\/wp\/v2\/types\/product"}],"wp:featuredmedia":[{"embeddable":true,"href":"https:\/\/naturalpoland.com\/it\/wp-json\/wp\/v2\/media\/35836"}],"wp:attachment":[{"href":"https:\/\/naturalpoland.com\/it\/wp-json\/wp\/v2\/media?parent=14641"}],"wp:term":[{"taxonomy":"product_brand","embeddable":true,"href":"https:\/\/naturalpoland.com\/it\/wp-json\/wp\/v2\/product_brand?post=14641"},{"taxonomy":"product_cat","embeddable":true,"href":"https:\/\/naturalpoland.com\/it\/wp-json\/wp\/v2\/product_cat?post=14641"},{"taxonomy":"product_tag","embeddable":true,"href":"https:\/\/naturalpoland.com\/it\/wp-json\/wp\/v2\/product_tag?post=14641"}],"curies":[{"name":"wp","href":"https:\/\/api.w.org\/{rel}","templated":true}]}}